{"id":41205,"date":"2023-10-25T11:51:55","date_gmt":"2023-10-25T08:51:55","guid":{"rendered":"https:\/\/rst-steel.com\/product\/lazer-triple-r-24-elite_pr_77095\/"},"modified":"2026-03-16T09:16:17","modified_gmt":"2026-03-16T06:16:17","slug":"lazer-triple-r-24-elite_pr_77095","status":"publish","type":"product","link":"https:\/\/com.rst-steel.eu\/sv\/produkt\/lazer-triple-r-24-elite_pr_77095\/","title":{"rendered":"Lazer Triple-R 24 Elite+ Extraljus"},"content":{"rendered":"<p>Lazer Triple-R 24 Elite+ Extraljus<\/p>\n<p><\/p>\n<p>The Elite+ range represents the evolution in the most powerful LED auxiliary lights, incorporating products with enhanced performance, light dispersion, and functionality. Improvements have been made to the ranges\u2019 luminaires by incorporating additional yellow LED bulbs, which can be combined with the already superior white light high beam function, providing an astonishing night visibility in a slightly softer and more relaxing color temperature!<\/p>\n<p>Lamporna \u00e4r avsedda att v\u00e4xla mellan olika belysningsl\u00e4gen via en str\u00f6mbrytare. De olika belysningsl\u00e4gena \u00e4r: Boost (endast vit), Combo (vit + gul), Snow\/Fog\/Dust Mode (endast gul) och E-mark (endast vit; godk\u00e4nd f\u00f6r trafik med reducerad effekt i enlighet med UNECE Reg 149). Lampan har en minnesfunktion som inneb\u00e4r att det tidigare valda l\u00e4get g\u00e4ller \u00e4ven n\u00e4r bilen startas om, till exempel. Om du dessutom trycker och h\u00e5ller in momentomkopplaren i 2 sekunder kommer lampan omedelbart att hoppa till E-mark-l\u00e4get.<\/p>\n<p>Den imponerande karakt\u00e4ren hos Triple-R 24 Elite+ \u00e5terspeglas i lampans prestanda. Tack vare avancerad elektronisk design best\u00e5r lampan av en kombination av 48 vita lysdioder och 40 gula lysdioder. N\u00e4r lampan \u00e4r i Boost-l\u00e4ge producerar de vita lysdioderna 24 056 r\u00e5a lumen. I Combo-l\u00e4get ger de vita och gula lysdioderna tillsammans 34.220 r\u00e5a lumen, vilket ger en otrolig ljusprestanda f\u00f6r en s\u00e4krare och roligare k\u00f6rupplevelse i m\u00f6rker. Alla lysdioder i kombination ger en effektf\u00f6rbrukning p\u00e5 340 W och ett str\u00f6muttag p\u00e5 26,1 Amper (vid 14 V). F\u00f6r att underl\u00e4tta drift och elinstallation har lampan b\u00e5de en 2-polig Aptiv- och en 3-polig Superseal-kontakt med h\u00f6g effekt. Dessutom ing\u00e5r motsvarande kablage f\u00f6r fordonssidan i varje lampa. Aptiv-anslutningen ansvarar f\u00f6r ljusets helljusfunktion, medan Superseal-anslutningarna avser: funktionsval, val av vitt och gult positionsljus\/bakljus.&nbsp;<\/p>\n<p>Precis som alla Lazer-produkter har Elite+-serien utformats, konstruerats och tillverkas internt i Storbritannien enligt h\u00f6gt st\u00e4llda krav, b\u00e5de n\u00e4r det g\u00e4ller prestanda, tillf\u00f6rlitlighet och utseende. Med lampans moderna design \u00e4r utformningen och finishen imponerande, s\u00e4rskilt p\u00e5 n\u00e4ra h\u00e5ll, men de verkliga wow-upplevelserna kommer n\u00e4r du t\u00e4nder lampan p\u00e5 kv\u00e4llen! Med v\u00e5r omfattande 5-\u00e5rsgaranti och livstidslinsgaranti i ryggen \u00e4r det h\u00e4r en produkt som du kan lita p\u00e5 kommer att h\u00e5lla i \u00e5ratal \u00e4ven i de tuffaste milj\u00f6erna.<\/p>\n<p><\/p>\n<p><span style=\"font-weight: bold\">Produktfunktioner:<\/span><\/p>\n<ul>\n<li>Gula lysdioder optimerade f\u00f6r anv\u00e4ndning i sn\u00f6-, dim- och dammf\u00f6rh\u00e5llanden.<\/li>\n<li>Integrerad funktion f\u00f6r vitt och gult positionsljus.<\/li>\n<li>Vitt ljus ECE-godk\u00e4nt enligt Reg 149 (klass B, varselljus) f\u00f6r anv\u00e4ndning p\u00e5 v\u00e4g (E-Boost-teknik) och Reg 148 positions-\/sidoljusfunktion (endast vitt).<\/li>\n<li>Med f\u00f6rkontakterade 2-poliga Aptiv- och 3-poliga Superseal-kontakter, hane\/female.<\/li>\n<li>Levereras med kabeldragningssats f\u00f6r en lampa.<\/li>\n<li>Momentbrytare underl\u00e4ttar byte av belysningsl\u00e4ge.<\/li>\n<li>Minnesfunktion f\u00f6r \u00f6nskat belysningsl\u00e4ge utan att beh\u00f6va v\u00e4lja p\u00e5 nytt vid varje resa.<\/li>\n<li>Inkluderar \"Centre Mount\" och sidomonteringssats.<\/li>\n<li>CAE-optimerad kylfl\u00e4ns ger f\u00f6rb\u00e4ttrad termisk dynamik.<\/li>\n<li>Anodiserad f\u00f6rbehandling och pulverlackering av fordonskvalitet f\u00f6r ultimat korrosions- och kemikalieskydd.<\/li>\n<li>Elektroniskt v\u00e4rmehanteringssystem optimerar ljusfl\u00f6det f\u00f6r att bevara LED-lampornas livsl\u00e4ngd.<\/li>\n<li>\"Okrossbar\" och h\u00e5rdbelagd lins av polykarbonat.<\/li>\n<li>Vattent\u00e4t enligt IP68.<\/li>\n<li>5 \u00e5rs garanti.<\/li>\n<\/ul>\n<p><\/p>\n<p><span style=\"font-weight: bold\">Tekniska specifikationer<\/span><\/p>\n<p><span style=\"font-weight: bold\">White Led\u2019s (E-Boost \/ E-Mark) \/ Yellow Led\u2019s \/ White &amp; Yellow Led\u2019s<\/span><\/p>\n<ul>\n<li>Sp\u00e4nningsintervall: 10-32V<\/li>\n<li>Vikt: 4,5 kg<\/li>\n<li>Total ljusstyrka: (24056 Lm\/ 4090 Lm) \/ 18720 Lm \/ 34220 Lm<\/li>\n<li>F\u00e4rgtemperatur: 5000K \/ PC Gul \/ N\/A<\/li>\n<li>Antal lysdioder:  48 \/ 40 \/ 48+40<\/li>\n<li>Effekt: (256 W\/ 37,8 W) \/ 189 W \/ 375 W<\/li>\n<li>Str\u00f6muttag: (17,9 A \/ 2,6 A) \/ 13,1 A \/ 26,1 A<\/li>\n<li>Garanti: 5 \u00e5r<\/li>\n<\/ul>\n<p><\/p>\n<p><span style=\"font-weight: bold\">Certifieringar:<\/span><\/p>\n<ul>\n<li>ECE R149 \/ N\/A \/ N\/A<\/li>\n<li>ECE: TBC<\/li>\n<li>Position Ljus: ECE R148<\/li>\n<\/ul>\n<p><\/p>\n<p><span style=\"font-weight: bold\">Dimensioner:<\/span><\/p>\n<ul>\n<li>Bredd: 1125 mm<\/li>\n<li>Djup: 105 mm<\/li>\n<li>H\u00f6jd: 73 mm<\/li>\n<\/ul>\n<p><\/p>\n<p><span style=\"font-weight: 700\">FOTOMETRISKA DATA<\/span><span style=\"font-weight: bold\">:<\/span><\/p>\n<ul>\n<li>Horisontell str\u00e5lningsvinkel: 54<\/li>\n<li>0,25 lux Line:\u00a0 (2145 m \/ 853 m) \/ 1371 m \/ 2319 m<\/li>\n<li>0,5 lux Line:\u00a0 (1517 m \/ 603 m) \/ 970 m \/ 1640 m<\/li>\n<li>1 lux Line:\u00a0 (1072 m \/ 427 m) \/ 686 m \/ 1160 m<\/li>\n<li>3 lux Line:\u00a0\u00a0\u00a0(619 m \/ 246 m) \/ 396 m \/ 670 m<\/li>\n<\/ul>\n<p><\/p>\n<p><span style=\"font-weight: bold\">What\u2019s included:&nbsp;<\/span><\/p>\n<ul>\n<li>Lazer Triple-R 24 Elite+ Extraljus<\/li>\n<li>3x Centrumf\u00e4ste<\/li>\n<li>1x sidomonteringssats<\/li>\n<li>2x Kabeldragningssatser (Econoseal &amp; Superseal)<\/li>\n<li>Instruktioner f\u00f6r installation<\/li>\n<\/ul>","protected":false},"excerpt":{"rendered":"<p>Elite+-serien representerar utvecklingen av de mest kraftfulla LED-st\u00f6dljusen<\/p>","protected":false},"featured_media":41200,"comment_status":"open","ping_status":"closed","template":"","meta":{"_improvement_type_select":"improve_an_existing","_thumb_yes_seoaic":false,"_frame_yes_seoaic":false,"seoaic_generate_description":"","seoaic_improve_instructions_prompt":"","seoaic_rollback_content_improvement":"","seoaic_idea_thumbnail_generator":"","thumbnail_generated":false,"thumbnail_generate_prompt":"","seoaic_article_description":""},"make_fuel_type":[],"make_model":[],"make_brand":[],"make_year":[],"pwb-brand":[8332],"product_brand":[],"product_cat":[6195,6209,6211,7205],"product_tag":[6654,7551,6298],"class_list":{"0":"post-41205","1":"product","2":"type-product","3":"status-publish","4":"has-post-thumbnail","6":"pwb-brand-brand_lazerlamps","7":"product_cat-lamps","8":"product_cat-auxiliary-lights","9":"product_cat-lazer-lamps-auxiliary-lights","10":"product_cat-rst-triplerr","11":"product_tag-elite","12":"product_tag-extraljus","13":"product_tag-lazer-lamps","15":"first","16":"instock","17":"taxable","18":"shipping-taxable","19":"purchasable","20":"product-type-simple"},"yoast_head":"<!-- This site is optimized with the Yoast SEO plugin v25.7 - https:\/\/yoast.com\/wordpress\/plugins\/seo\/ -->\n<title>Lazer Triple-R 24 Elite+ - RST-Steel<\/title>\n<meta name=\"description\" content=\"Lazer Triple-R 24 Elite+, now available for pre-order! The Elite+ range represents the evolution in the most powerful LED auxiliary lights!\" \/>\n<meta name=\"robots\" content=\"index, follow, max-snippet:-1, max-image-preview:large, max-video-preview:-1\" \/>\n<link rel=\"canonical\" href=\"https:\/\/com.rst-steel.eu\/sv\/produkt\/lazer-triple-r-24-elite_pr_77095\/\" \/>\n<meta property=\"og:locale\" content=\"sv_SE\" \/>\n<meta property=\"og:type\" content=\"article\" \/>\n<meta property=\"og:title\" content=\"Lazer Triple-R 24 Elite+ - RST-Steel\" \/>\n<meta property=\"og:description\" content=\"Lazer Triple-R 24 Elite+, now available for pre-order! The Elite+ range represents the evolution in the most powerful LED auxiliary lights!\" \/>\n<meta property=\"og:url\" content=\"https:\/\/com.rst-steel.eu\/sv\/produkt\/lazer-triple-r-24-elite_pr_77095\/\" \/>\n<meta property=\"og:site_name\" content=\"RST-Steel\" \/>\n<meta property=\"article:publisher\" content=\"https:\/\/www.facebook.com\/rststeel\" \/>\n<meta property=\"article:modified_time\" content=\"2026-03-16T06:16:17+00:00\" \/>\n<meta property=\"og:image\" content=\"https:\/\/com.rst-steel.eu\/wp-content\/uploads\/2023\/10\/d534e289fcbeebb3f19967290837fa2f1f5a4716_Triple_R_24_Elite__ANGLED_Web.jpg\" \/>\n\t<meta property=\"og:image:width\" content=\"1000\" \/>\n\t<meta property=\"og:image:height\" content=\"750\" \/>\n\t<meta property=\"og:image:type\" content=\"image\/jpeg\" \/>\n<meta name=\"twitter:card\" content=\"summary_large_image\" \/>\n<meta name=\"twitter:label1\" content=\"Ber\u00e4knad l\u00e4stid\" \/>\n\t<meta name=\"twitter:data1\" content=\"4 minuter\" \/>\n<script type=\"application\/ld+json\" class=\"yoast-schema-graph\">{\"@context\":\"https:\/\/schema.org\",\"@graph\":[{\"@type\":\"WebPage\",\"@id\":\"https:\/\/com.rst-steel.eu\/nb\/produkt\/lazer-triple-r-24-elite_pr_77095\/\",\"url\":\"https:\/\/com.rst-steel.eu\/nb\/produkt\/lazer-triple-r-24-elite_pr_77095\/\",\"name\":\"Lazer Triple-R 24 Elite+ - RST-Steel\",\"isPartOf\":{\"@id\":\"https:\/\/com.rst-steel.eu\/#website\"},\"primaryImageOfPage\":{\"@id\":\"https:\/\/com.rst-steel.eu\/nb\/produkt\/lazer-triple-r-24-elite_pr_77095\/#primaryimage\"},\"image\":{\"@id\":\"https:\/\/com.rst-steel.eu\/nb\/produkt\/lazer-triple-r-24-elite_pr_77095\/#primaryimage\"},\"thumbnailUrl\":\"https:\/\/com.rst-steel.eu\/wp-content\/uploads\/2023\/10\/d534e289fcbeebb3f19967290837fa2f1f5a4716_Triple_R_24_Elite__ANGLED_Web.jpg\",\"datePublished\":\"2023-10-25T08:51:55+00:00\",\"dateModified\":\"2026-03-16T06:16:17+00:00\",\"description\":\"Lazer Triple-R 24 Elite+, now available for pre-order! The Elite+ range represents the evolution in the most powerful LED auxiliary lights!\",\"breadcrumb\":{\"@id\":\"https:\/\/com.rst-steel.eu\/nb\/produkt\/lazer-triple-r-24-elite_pr_77095\/#breadcrumb\"},\"inLanguage\":\"sv-SE\",\"potentialAction\":[{\"@type\":\"ReadAction\",\"target\":[\"https:\/\/com.rst-steel.eu\/nb\/produkt\/lazer-triple-r-24-elite_pr_77095\/\"]}]},{\"@type\":\"ImageObject\",\"inLanguage\":\"sv-SE\",\"@id\":\"https:\/\/com.rst-steel.eu\/nb\/produkt\/lazer-triple-r-24-elite_pr_77095\/#primaryimage\",\"url\":\"https:\/\/com.rst-steel.eu\/wp-content\/uploads\/2023\/10\/d534e289fcbeebb3f19967290837fa2f1f5a4716_Triple_R_24_Elite__ANGLED_Web.jpg\",\"contentUrl\":\"https:\/\/com.rst-steel.eu\/wp-content\/uploads\/2023\/10\/d534e289fcbeebb3f19967290837fa2f1f5a4716_Triple_R_24_Elite__ANGLED_Web.jpg\",\"width\":1000,\"height\":750},{\"@type\":\"BreadcrumbList\",\"@id\":\"https:\/\/com.rst-steel.eu\/nb\/produkt\/lazer-triple-r-24-elite_pr_77095\/#breadcrumb\",\"itemListElement\":[{\"@type\":\"ListItem\",\"position\":1,\"name\":\"Home\",\"item\":\"https:\/\/com.rst-steel.eu\/\"},{\"@type\":\"ListItem\",\"position\":2,\"name\":\"RST-Steel Shop\",\"item\":\"https:\/\/com.rst-steel.eu\/shop\/\"},{\"@type\":\"ListItem\",\"position\":3,\"name\":\"Lazer Triple-R 24 Elite+\"}]},{\"@type\":\"WebSite\",\"@id\":\"https:\/\/com.rst-steel.eu\/#website\",\"url\":\"https:\/\/com.rst-steel.eu\/\",\"name\":\"RST-Steel.com\",\"description\":\"Finnish quality steel, for quality-conscious drivers\",\"publisher\":{\"@id\":\"https:\/\/com.rst-steel.eu\/#organization\"},\"alternateName\":\"Safe and stylish RST-Steel quality\",\"potentialAction\":[{\"@type\":\"SearchAction\",\"target\":{\"@type\":\"EntryPoint\",\"urlTemplate\":\"https:\/\/com.rst-steel.eu\/?s={search_term_string}\"},\"query-input\":{\"@type\":\"PropertyValueSpecification\",\"valueRequired\":true,\"valueName\":\"search_term_string\"}}],\"inLanguage\":\"sv-SE\"},{\"@type\":\"Organization\",\"@id\":\"https:\/\/com.rst-steel.eu\/#organization\",\"name\":\"RST-Steel Oy\",\"url\":\"https:\/\/com.rst-steel.eu\/\",\"logo\":{\"@type\":\"ImageObject\",\"inLanguage\":\"sv-SE\",\"@id\":\"https:\/\/com.rst-steel.eu\/#\/schema\/logo\/image\/\",\"url\":\"https:\/\/com.rst-steel.eu\/wp-content\/uploads\/2023\/04\/cropped-Rst-logo-valkoinen-teksti-3.png\",\"contentUrl\":\"https:\/\/com.rst-steel.eu\/wp-content\/uploads\/2023\/04\/cropped-Rst-logo-valkoinen-teksti-3.png\",\"width\":512,\"height\":115,\"caption\":\"RST-Steel Oy\"},\"image\":{\"@id\":\"https:\/\/com.rst-steel.eu\/#\/schema\/logo\/image\/\"},\"sameAs\":[\"https:\/\/www.facebook.com\/rststeel\",\"https:\/\/www.instagram.com\/rststeeloy\/\"]}]}<\/script>\n<!-- \/ Yoast SEO plugin. -->","yoast_head_json":{"title":"Lazer Triple-R 24 Elite+ - RST-Steel","description":"Lazer Triple-R 24 Elite+, nu tillg\u00e4nglig f\u00f6r f\u00f6rbest\u00e4llning! Elite+-serien representerar utvecklingen av de mest kraftfulla LED-st\u00f6dljusen!","robots":{"index":"index","follow":"follow","max-snippet":"max-snippet:-1","max-image-preview":"max-image-preview:large","max-video-preview":"max-video-preview:-1"},"canonical":"https:\/\/com.rst-steel.eu\/sv\/produkt\/lazer-triple-r-24-elite_pr_77095\/","og_locale":"sv_SE","og_type":"article","og_title":"Lazer Triple-R 24 Elite+ - RST-Steel","og_description":"Lazer Triple-R 24 Elite+, now available for pre-order! The Elite+ range represents the evolution in the most powerful LED auxiliary lights!","og_url":"https:\/\/com.rst-steel.eu\/sv\/produkt\/lazer-triple-r-24-elite_pr_77095\/","og_site_name":"RST-Steel","article_publisher":"https:\/\/www.facebook.com\/rststeel","article_modified_time":"2026-03-16T06:16:17+00:00","og_image":[{"width":1000,"height":750,"url":"https:\/\/com.rst-steel.eu\/wp-content\/uploads\/2023\/10\/d534e289fcbeebb3f19967290837fa2f1f5a4716_Triple_R_24_Elite__ANGLED_Web.jpg","type":"image\/jpeg"}],"twitter_card":"summary_large_image","twitter_misc":{"Ber\u00e4knad l\u00e4stid":"4 minuter"},"schema":{"@context":"https:\/\/schema.org","@graph":[{"@type":"WebPage","@id":"https:\/\/com.rst-steel.eu\/nb\/produkt\/lazer-triple-r-24-elite_pr_77095\/","url":"https:\/\/com.rst-steel.eu\/nb\/produkt\/lazer-triple-r-24-elite_pr_77095\/","name":"Lazer Triple-R 24 Elite+ - RST-Steel","isPartOf":{"@id":"https:\/\/com.rst-steel.eu\/#website"},"primaryImageOfPage":{"@id":"https:\/\/com.rst-steel.eu\/nb\/produkt\/lazer-triple-r-24-elite_pr_77095\/#primaryimage"},"image":{"@id":"https:\/\/com.rst-steel.eu\/nb\/produkt\/lazer-triple-r-24-elite_pr_77095\/#primaryimage"},"thumbnailUrl":"https:\/\/com.rst-steel.eu\/wp-content\/uploads\/2023\/10\/d534e289fcbeebb3f19967290837fa2f1f5a4716_Triple_R_24_Elite__ANGLED_Web.jpg","datePublished":"2023-10-25T08:51:55+00:00","dateModified":"2026-03-16T06:16:17+00:00","description":"Lazer Triple-R 24 Elite+, nu tillg\u00e4nglig f\u00f6r f\u00f6rbest\u00e4llning! Elite+-serien representerar utvecklingen av de mest kraftfulla LED-st\u00f6dljusen!","breadcrumb":{"@id":"https:\/\/com.rst-steel.eu\/nb\/produkt\/lazer-triple-r-24-elite_pr_77095\/#breadcrumb"},"inLanguage":"sv-SE","potentialAction":[{"@type":"ReadAction","target":["https:\/\/com.rst-steel.eu\/nb\/produkt\/lazer-triple-r-24-elite_pr_77095\/"]}]},{"@type":"ImageObject","inLanguage":"sv-SE","@id":"https:\/\/com.rst-steel.eu\/nb\/produkt\/lazer-triple-r-24-elite_pr_77095\/#primaryimage","url":"https:\/\/com.rst-steel.eu\/wp-content\/uploads\/2023\/10\/d534e289fcbeebb3f19967290837fa2f1f5a4716_Triple_R_24_Elite__ANGLED_Web.jpg","contentUrl":"https:\/\/com.rst-steel.eu\/wp-content\/uploads\/2023\/10\/d534e289fcbeebb3f19967290837fa2f1f5a4716_Triple_R_24_Elite__ANGLED_Web.jpg","width":1000,"height":750},{"@type":"BreadcrumbList","@id":"https:\/\/com.rst-steel.eu\/nb\/produkt\/lazer-triple-r-24-elite_pr_77095\/#breadcrumb","itemListElement":[{"@type":"ListItem","position":1,"name":"Home","item":"https:\/\/com.rst-steel.eu\/"},{"@type":"ListItem","position":2,"name":"RST-Steel Shop","item":"https:\/\/com.rst-steel.eu\/shop\/"},{"@type":"ListItem","position":3,"name":"Lazer Triple-R 24 Elite+"}]},{"@type":"WebSite","@id":"https:\/\/com.rst-steel.eu\/#website","url":"https:\/\/com.rst-steel.eu\/","name":"RST-Stahl.com","description":"Finskt kvalitetsst\u00e5l, f\u00f6r kvalitetsmedvetna f\u00f6rare","publisher":{"@id":"https:\/\/com.rst-steel.eu\/#organization"},"alternateName":"Safe and stylish RST-Steel quality","potentialAction":[{"@type":"SearchAction","target":{"@type":"EntryPoint","urlTemplate":"https:\/\/com.rst-steel.eu\/?s={search_term_string}"},"query-input":{"@type":"PropertyValueSpecification","valueRequired":true,"valueName":"search_term_string"}}],"inLanguage":"sv-SE"},{"@type":"Organization","@id":"https:\/\/com.rst-steel.eu\/#organization","name":"RST-Steel Oy","url":"https:\/\/com.rst-steel.eu\/","logo":{"@type":"ImageObject","inLanguage":"sv-SE","@id":"https:\/\/com.rst-steel.eu\/#\/schema\/logo\/image\/","url":"https:\/\/com.rst-steel.eu\/wp-content\/uploads\/2023\/04\/cropped-Rst-logo-valkoinen-teksti-3.png","contentUrl":"https:\/\/com.rst-steel.eu\/wp-content\/uploads\/2023\/04\/cropped-Rst-logo-valkoinen-teksti-3.png","width":512,"height":115,"caption":"RST-Steel Oy"},"image":{"@id":"https:\/\/com.rst-steel.eu\/#\/schema\/logo\/image\/"},"sameAs":["https:\/\/www.facebook.com\/rststeel","https:\/\/www.instagram.com\/rststeeloy\/"]}]}},"brands":[{"id":8332,"name":"Lazer Lamps","slug":"brand_lazerlamps"}],"_links":{"self":[{"href":"https:\/\/com.rst-steel.eu\/sv\/wp-json\/wp\/v2\/product\/41205","targetHints":{"allow":["GET"]}}],"collection":[{"href":"https:\/\/com.rst-steel.eu\/sv\/wp-json\/wp\/v2\/product"}],"about":[{"href":"https:\/\/com.rst-steel.eu\/sv\/wp-json\/wp\/v2\/types\/product"}],"replies":[{"embeddable":true,"href":"https:\/\/com.rst-steel.eu\/sv\/wp-json\/wp\/v2\/comments?post=41205"}],"version-history":[{"count":0,"href":"https:\/\/com.rst-steel.eu\/sv\/wp-json\/wp\/v2\/product\/41205\/revisions"}],"wp:featuredmedia":[{"embeddable":true,"href":"https:\/\/com.rst-steel.eu\/sv\/wp-json\/wp\/v2\/media\/41200"}],"wp:attachment":[{"href":"https:\/\/com.rst-steel.eu\/sv\/wp-json\/wp\/v2\/media?parent=41205"}],"wp:term":[{"taxonomy":"make_fuel_type","embeddable":true,"href":"https:\/\/com.rst-steel.eu\/sv\/wp-json\/wp\/v2\/make_fuel_type?post=41205"},{"taxonomy":"make_model","embeddable":true,"href":"https:\/\/com.rst-steel.eu\/sv\/wp-json\/wp\/v2\/make_model?post=41205"},{"taxonomy":"make_brand","embeddable":true,"href":"https:\/\/com.rst-steel.eu\/sv\/wp-json\/wp\/v2\/make_brand?post=41205"},{"taxonomy":"make_year","embeddable":true,"href":"https:\/\/com.rst-steel.eu\/sv\/wp-json\/wp\/v2\/make_year?post=41205"},{"taxonomy":"pwb-brand","embeddable":true,"href":"https:\/\/com.rst-steel.eu\/sv\/wp-json\/wp\/v2\/pwb-brand?post=41205"},{"taxonomy":"product_brand","embeddable":true,"href":"https:\/\/com.rst-steel.eu\/sv\/wp-json\/wp\/v2\/product_brand?post=41205"},{"taxonomy":"product_cat","embeddable":true,"href":"https:\/\/com.rst-steel.eu\/sv\/wp-json\/wp\/v2\/product_cat?post=41205"},{"taxonomy":"product_tag","embeddable":true,"href":"https:\/\/com.rst-steel.eu\/sv\/wp-json\/wp\/v2\/product_tag?post=41205"}],"curies":[{"name":"wp","href":"https:\/\/api.w.org\/{rel}","templated":true}]}}