{"id":41189,"date":"2023-10-25T11:51:39","date_gmt":"2023-10-25T08:51:39","guid":{"rendered":"https:\/\/rst-steel.com\/product\/lazer-linear-6-elite_pr_77090\/"},"modified":"2026-03-16T09:16:17","modified_gmt":"2026-03-16T06:16:17","slug":"lazer-linjar-6-elit_pr_77090","status":"publish","type":"product","link":"https:\/\/com.rst-steel.eu\/sv\/produkt\/lazer-linjar-6-elit_pr_77090\/","title":{"rendered":"Lazer Linear 6 Elite+ Extraljus"},"content":{"rendered":"<p>Lazer Linear 6 Elite+ Extraljus<\/p>\n<p><\/p>\n<p>The Elite+ range represents the evolution in the most powerful LED auxiliary lights, incorporating products with enhanced performance, light dispersion, and functionality. Improvements have been made to the ranges\u2019 luminaires by incorporating additional yellow LED bulbs, which can be combined with the already superior white light high beam function, providing an astonishing night visibility in a slightly softer and more relaxing color temperature!<\/p>\n<p>Lamporna \u00e4r avsedda att v\u00e4xla mellan olika belysningsl\u00e4gen via en str\u00f6mbrytare. De olika belysningsl\u00e4gena \u00e4r: Boost (endast vit), Combo (vit + gul), Snow\/Fog\/Dust Mode (endast gul) och E-mark (endast vit; godk\u00e4nd f\u00f6r trafik med reducerad effekt i enlighet med UNECE Reg 149). Lampan har en minnesfunktion som inneb\u00e4r att det tidigare valda l\u00e4get g\u00e4ller \u00e4ven n\u00e4r bilen startas om, till exempel. Om du dessutom trycker och h\u00e5ller in momentomkopplaren i 2 sekunder kommer lampan omedelbart att hoppa till E-mark-l\u00e4get.<\/p>\n<p>Trots den l\u00e5ga profilen och aerodynamiska designen hos Linear-6 Elite+ best\u00e5r lampan av imponerande 12 vita lysdioder och 6 gula lysdioder, tack vare avancerad elektronisk design. N\u00e4r lampan arbetar i Boost-l\u00e4ge ger de vita lysdioderna 5 100 r\u00e5a lumen (25% mer \u00e4n den nuvarande Linear-6 Elite). I Combo-l\u00e4get ger de vita och gula lysdioderna tillsammans 7 100 r\u00e5a lumen, vilket \u00e4r en otrolig ljusprestanda f\u00f6r en LED-ljusramp av den h\u00e4r storleken. Alla lysdioder i kombination ger en str\u00f6mf\u00f6rbrukning p\u00e5 69 W och ett str\u00f6muttag p\u00e5 5,1 Amper (vid 14 V).&nbsp;<\/p>\n<p>Precis som alla Lazer-produkter har Elite+-serien utformats, konstruerats och tillverkas internt i Storbritannien enligt h\u00f6gt st\u00e4llda krav, b\u00e5de n\u00e4r det g\u00e4ller prestanda, tillf\u00f6rlitlighet och utseende. Med lampans moderna design \u00e4r utformningen och finishen imponerande, s\u00e4rskilt p\u00e5 n\u00e4ra h\u00e5ll, men de verkliga wow-upplevelserna kommer n\u00e4r du t\u00e4nder lampan p\u00e5 kv\u00e4llen! Med v\u00e5r omfattande 5-\u00e5rsgaranti och livstidslinsgaranti i ryggen \u00e4r det h\u00e4r en produkt som du kan lita p\u00e5 kommer att h\u00e5lla i \u00e5ratal \u00e4ven i de tuffaste milj\u00f6erna.<\/p>\n<p><\/p>\n<p><span style=\"font-weight: bold\">Produktfunktioner:<\/span><\/p>\n<ul>\n<li>Kombination av h\u00f6geffektiva vita (5000k) och PC-gula lysdioder.<\/li>\n<li>Gula lysdioder optimerade f\u00f6r anv\u00e4ndning i sn\u00f6-, dim- och dammf\u00f6rh\u00e5llanden.<\/li>\n<li>Vitt ljus ECE-godk\u00e4nt enligt Reg 149 (klass B, k\u00f6rljus) f\u00f6r anv\u00e4ndning p\u00e5 v\u00e4g.<\/li>\n<li>Kompatibla kabeldragningssatser f\u00f6r en lampa\/tv\u00e5 lampor finns tillg\u00e4ngliga.<\/li>\n<li>Momentbrytare underl\u00e4ttar byte av belysningsl\u00e4ge.<\/li>\n<li>Minnesfunktion f\u00f6r \u00f6nskat belysningsl\u00e4ge utan att beh\u00f6va v\u00e4lja p\u00e5 nytt vid varje resa.<\/li>\n<li>Snygg design med l\u00e5g profil underl\u00e4ttar installationen<\/li>\n<li>Flexibla monteringsalternativ - st\u00f6ldskyddade monteringsf\u00e4sten ing\u00e5r<\/li>\n<li>CAE-optimerad kylfl\u00e4ns ger f\u00f6rb\u00e4ttrad termisk dynamik<\/li>\n<li>Anodiserad f\u00f6rbehandling och pulverlackering av fordonskvalitet f\u00f6r ultimat korrosions- och kemikalieskydd<\/li>\n<li>Elektroniskt v\u00e4rmehanteringssystem optimerar ljusfl\u00f6det f\u00f6r att bevara LED-lampornas livsl\u00e4ngd.<\/li>\n<li>\"Okrossbar\" och h\u00e5rdbelagd lins av polykarbonat<\/li>\n<li>IP68 vattent\u00e4t<\/li>\n<li>5 \u00e5rs garanti<\/li>\n<\/ul>\n<p><\/p>\n<p><span style=\"font-weight: bold\">Tekniska specifikationer<\/span><\/p>\n<p><span style=\"font-weight: bold\">White Led\u2019s (E-Boost \/ E-Mark) \/ Yellow Led\u2019s \/ White &amp; Yellow Led\u2019s<\/span><\/p>\n<ul>\n<li>Sp\u00e4nningsintervall: 10-32V<\/li>\n<li>Vikt: 495 g<\/li>\n<li>Totalt ljusfl\u00f6de: (5100 Lm\/ 2500 Lm) \/ 2000 Lm \/ 7100 Lm<\/li>\n<li>F\u00e4rgtemperatur: 5000K \/ PC Gul \/ N\/A<\/li>\n<li>Antal lysdioder:  12 \/ 6 \/ 12+6<\/li>\n<li>Effekt: (48 W\/ 24 W) \/ 21 W \/ 69 W<\/li>\n<li>Str\u00f6muttag: (3,6 A \/ 1,8 A) \/ 1,5 A \/ 5,1 A<\/li>\n<li>Garanti: 5 \u00e5r<\/li>\n<\/ul>\n<p><\/p>\n<p><span style=\"font-weight: bold\">Certifieringar:<\/span><\/p>\n<ul>\n<li>ECE R149 \/ N\/A \/ N\/A<\/li>\n<li>ECE: TBC<\/li>\n<\/ul>\n<p><\/p>\n<p><span style=\"font-weight: bold\">Dimensioner:<\/span><\/p>\n<ul>\n<li>Bredd: 232 mm<\/li>\n<li>Djup: 62 mm<\/li>\n<li>H\u00f6jd: 40 mm<\/li>\n<\/ul>\n<p><\/p>\n<p><span style=\"font-weight: 700\">FOTOMETRISKA DATA<\/span><span style=\"font-weight: bold\">:<\/span><\/p>\n<ul>\n<li>Horisontell str\u00e5lningsvinkel: 84<\/li>\n<li>0,25 lux Linje: (600 m \/ 424 m) \/ 263 m \/ 621 m<\/li>\n<li>0,5 lux Linje: (424 m \/ 300 m) \/ 186 m \/ 439 m<\/li>\n<li>1 lux Linje: (300 m \/ 212 m) \/ 131 m \/ 311 m<\/li>\n<li>3 lux Line: (173 m \/ 122 m) \/ 76 m \/ 179 m<\/li>\n<\/ul>\n<p><\/p>\n<p><span style=\"font-weight: bold\">What\u2019s included:&nbsp;<\/span><\/p>\n<ul>\n<li>Lazer Linear 6 Elite+ Extraljus<\/li>\n<li>Sidof\u00e4ste f\u00f6r st\u00f6ldskydd<\/li>\n<li>Instruktioner f\u00f6r installation<\/li>\n<\/ul>","protected":false},"excerpt":{"rendered":"<p><span style=\"font-weight: bold\">Elite+-serien representerar utvecklingen av de mest kraftfulla LED-st\u00f6dljusen<\/span><\/p>","protected":false},"featured_media":41185,"comment_status":"open","ping_status":"closed","template":"","meta":{"_improvement_type_select":"improve_an_existing","_thumb_yes_seoaic":false,"_frame_yes_seoaic":false,"seoaic_generate_description":"","seoaic_improve_instructions_prompt":"","seoaic_rollback_content_improvement":"","seoaic_idea_thumbnail_generator":"","thumbnail_generated":false,"thumbnail_generate_prompt":"","seoaic_article_description":""},"make_fuel_type":[],"make_model":[],"make_brand":[],"make_year":[],"pwb-brand":[8332],"product_brand":[],"product_cat":[6195,6209,6211,7206],"product_tag":[6654,7551,6298],"class_list":{"0":"post-41189","1":"product","2":"type-product","3":"status-publish","4":"has-post-thumbnail","6":"pwb-brand-brand_lazerlamps","7":"product_cat-lamps","8":"product_cat-auxiliary-lights","9":"product_cat-lazer-lamps-auxiliary-lights","10":"product_cat-rst-linearr","11":"product_tag-elite","12":"product_tag-extraljus","13":"product_tag-lazer-lamps","15":"first","16":"instock","17":"taxable","18":"shipping-taxable","19":"purchasable","20":"product-type-simple"},"yoast_head":"<!-- This site is optimized with the Yoast SEO plugin v25.7 - https:\/\/yoast.com\/wordpress\/plugins\/seo\/ -->\n<title>Lazer Linear 6 Elite+ - RST-Steel<\/title>\n<meta name=\"description\" content=\"Lazer Linear 6 Elite+, now available for pre-order! The Elite+ range represents the evolution in the most powerful LED auxiliary lights.\" \/>\n<meta name=\"robots\" content=\"index, follow, max-snippet:-1, max-image-preview:large, max-video-preview:-1\" \/>\n<link rel=\"canonical\" href=\"https:\/\/com.rst-steel.eu\/sv\/produkt\/lazer-linjar-6-elit_pr_77090\/\" \/>\n<meta property=\"og:locale\" content=\"sv_SE\" \/>\n<meta property=\"og:type\" content=\"article\" \/>\n<meta property=\"og:title\" content=\"Lazer Linear 6 Elite+ - RST-Steel\" \/>\n<meta property=\"og:description\" content=\"Lazer Linear 6 Elite+, now available for pre-order! The Elite+ range represents the evolution in the most powerful LED auxiliary lights.\" \/>\n<meta property=\"og:url\" content=\"https:\/\/com.rst-steel.eu\/sv\/produkt\/lazer-linjar-6-elit_pr_77090\/\" \/>\n<meta property=\"og:site_name\" content=\"RST-Steel\" \/>\n<meta property=\"article:publisher\" content=\"https:\/\/www.facebook.com\/rststeel\" \/>\n<meta property=\"article:modified_time\" content=\"2026-03-16T06:16:17+00:00\" \/>\n<meta property=\"og:image\" content=\"https:\/\/com.rst-steel.eu\/wp-content\/uploads\/2023\/10\/461927b853bc6fb7bd8afd3e6bf071b09716ad2c_Linear_6_Elite__Angled_Web.jpg\" \/>\n\t<meta property=\"og:image:width\" content=\"1000\" \/>\n\t<meta property=\"og:image:height\" content=\"750\" \/>\n\t<meta property=\"og:image:type\" content=\"image\/jpeg\" \/>\n<meta name=\"twitter:card\" content=\"summary_large_image\" \/>\n<meta name=\"twitter:label1\" content=\"Ber\u00e4knad l\u00e4stid\" \/>\n\t<meta name=\"twitter:data1\" content=\"3 minuter\" \/>\n<script type=\"application\/ld+json\" class=\"yoast-schema-graph\">{\"@context\":\"https:\/\/schema.org\",\"@graph\":[{\"@type\":\"WebPage\",\"@id\":\"https:\/\/com.rst-steel.eu\/sv\/produkt\/lazer-linjar-6-elit_pr_77090\/\",\"url\":\"https:\/\/com.rst-steel.eu\/sv\/produkt\/lazer-linjar-6-elit_pr_77090\/\",\"name\":\"Lazer Linear 6 Elite+ - RST-Steel\",\"isPartOf\":{\"@id\":\"https:\/\/com.rst-steel.eu\/#website\"},\"primaryImageOfPage\":{\"@id\":\"https:\/\/com.rst-steel.eu\/sv\/produkt\/lazer-linjar-6-elit_pr_77090\/#primaryimage\"},\"image\":{\"@id\":\"https:\/\/com.rst-steel.eu\/sv\/produkt\/lazer-linjar-6-elit_pr_77090\/#primaryimage\"},\"thumbnailUrl\":\"https:\/\/com.rst-steel.eu\/wp-content\/uploads\/2023\/10\/461927b853bc6fb7bd8afd3e6bf071b09716ad2c_Linear_6_Elite__Angled_Web.jpg\",\"datePublished\":\"2023-10-25T08:51:39+00:00\",\"dateModified\":\"2026-03-16T06:16:17+00:00\",\"description\":\"Lazer Linear 6 Elite+, now available for pre-order! The Elite+ range represents the evolution in the most powerful LED auxiliary lights.\",\"breadcrumb\":{\"@id\":\"https:\/\/com.rst-steel.eu\/sv\/produkt\/lazer-linjar-6-elit_pr_77090\/#breadcrumb\"},\"inLanguage\":\"sv-SE\",\"potentialAction\":[{\"@type\":\"ReadAction\",\"target\":[\"https:\/\/com.rst-steel.eu\/sv\/produkt\/lazer-linjar-6-elit_pr_77090\/\"]}]},{\"@type\":\"ImageObject\",\"inLanguage\":\"sv-SE\",\"@id\":\"https:\/\/com.rst-steel.eu\/sv\/produkt\/lazer-linjar-6-elit_pr_77090\/#primaryimage\",\"url\":\"https:\/\/com.rst-steel.eu\/wp-content\/uploads\/2023\/10\/461927b853bc6fb7bd8afd3e6bf071b09716ad2c_Linear_6_Elite__Angled_Web.jpg\",\"contentUrl\":\"https:\/\/com.rst-steel.eu\/wp-content\/uploads\/2023\/10\/461927b853bc6fb7bd8afd3e6bf071b09716ad2c_Linear_6_Elite__Angled_Web.jpg\",\"width\":1000,\"height\":750},{\"@type\":\"BreadcrumbList\",\"@id\":\"https:\/\/com.rst-steel.eu\/sv\/produkt\/lazer-linjar-6-elit_pr_77090\/#breadcrumb\",\"itemListElement\":[{\"@type\":\"ListItem\",\"position\":1,\"name\":\"Home\",\"item\":\"https:\/\/com.rst-steel.eu\/\"},{\"@type\":\"ListItem\",\"position\":2,\"name\":\"RST-Steel Shop\",\"item\":\"https:\/\/com.rst-steel.eu\/shop\/\"},{\"@type\":\"ListItem\",\"position\":3,\"name\":\"Lazer Linear 6 Elite+\"}]},{\"@type\":\"WebSite\",\"@id\":\"https:\/\/com.rst-steel.eu\/#website\",\"url\":\"https:\/\/com.rst-steel.eu\/\",\"name\":\"RST-Steel.com\",\"description\":\"Finnish quality steel, for quality-conscious drivers\",\"publisher\":{\"@id\":\"https:\/\/com.rst-steel.eu\/#organization\"},\"alternateName\":\"Safe and stylish RST-Steel quality\",\"potentialAction\":[{\"@type\":\"SearchAction\",\"target\":{\"@type\":\"EntryPoint\",\"urlTemplate\":\"https:\/\/com.rst-steel.eu\/?s={search_term_string}\"},\"query-input\":{\"@type\":\"PropertyValueSpecification\",\"valueRequired\":true,\"valueName\":\"search_term_string\"}}],\"inLanguage\":\"sv-SE\"},{\"@type\":\"Organization\",\"@id\":\"https:\/\/com.rst-steel.eu\/#organization\",\"name\":\"RST-Steel Oy\",\"url\":\"https:\/\/com.rst-steel.eu\/\",\"logo\":{\"@type\":\"ImageObject\",\"inLanguage\":\"sv-SE\",\"@id\":\"https:\/\/com.rst-steel.eu\/#\/schema\/logo\/image\/\",\"url\":\"https:\/\/com.rst-steel.eu\/wp-content\/uploads\/2023\/04\/cropped-Rst-logo-valkoinen-teksti-3.png\",\"contentUrl\":\"https:\/\/com.rst-steel.eu\/wp-content\/uploads\/2023\/04\/cropped-Rst-logo-valkoinen-teksti-3.png\",\"width\":512,\"height\":115,\"caption\":\"RST-Steel Oy\"},\"image\":{\"@id\":\"https:\/\/com.rst-steel.eu\/#\/schema\/logo\/image\/\"},\"sameAs\":[\"https:\/\/www.facebook.com\/rststeel\",\"https:\/\/www.instagram.com\/rststeeloy\/\"]}]}<\/script>\n<!-- \/ Yoast SEO plugin. -->","yoast_head_json":{"title":"Lazer Linear 6 Elite+ - RST-Steel","description":"Lazer Linear 6 Elite+, nu tillg\u00e4nglig f\u00f6r f\u00f6rbest\u00e4llning! Elite+-serien representerar utvecklingen av de mest kraftfulla LED-st\u00f6dljusen.","robots":{"index":"index","follow":"follow","max-snippet":"max-snippet:-1","max-image-preview":"max-image-preview:large","max-video-preview":"max-video-preview:-1"},"canonical":"https:\/\/com.rst-steel.eu\/sv\/produkt\/lazer-linjar-6-elit_pr_77090\/","og_locale":"sv_SE","og_type":"article","og_title":"Lazer Linear 6 Elite+ - RST-Steel","og_description":"Lazer Linear 6 Elite+, now available for pre-order! The Elite+ range represents the evolution in the most powerful LED auxiliary lights.","og_url":"https:\/\/com.rst-steel.eu\/sv\/produkt\/lazer-linjar-6-elit_pr_77090\/","og_site_name":"RST-Steel","article_publisher":"https:\/\/www.facebook.com\/rststeel","article_modified_time":"2026-03-16T06:16:17+00:00","og_image":[{"width":1000,"height":750,"url":"https:\/\/com.rst-steel.eu\/wp-content\/uploads\/2023\/10\/461927b853bc6fb7bd8afd3e6bf071b09716ad2c_Linear_6_Elite__Angled_Web.jpg","type":"image\/jpeg"}],"twitter_card":"summary_large_image","twitter_misc":{"Ber\u00e4knad l\u00e4stid":"3 minuter"},"schema":{"@context":"https:\/\/schema.org","@graph":[{"@type":"WebPage","@id":"https:\/\/com.rst-steel.eu\/sv\/produkt\/lazer-linjar-6-elit_pr_77090\/","url":"https:\/\/com.rst-steel.eu\/sv\/produkt\/lazer-linjar-6-elit_pr_77090\/","name":"Lazer Linear 6 Elite+ - RST-Steel","isPartOf":{"@id":"https:\/\/com.rst-steel.eu\/#website"},"primaryImageOfPage":{"@id":"https:\/\/com.rst-steel.eu\/sv\/produkt\/lazer-linjar-6-elit_pr_77090\/#primaryimage"},"image":{"@id":"https:\/\/com.rst-steel.eu\/sv\/produkt\/lazer-linjar-6-elit_pr_77090\/#primaryimage"},"thumbnailUrl":"https:\/\/com.rst-steel.eu\/wp-content\/uploads\/2023\/10\/461927b853bc6fb7bd8afd3e6bf071b09716ad2c_Linear_6_Elite__Angled_Web.jpg","datePublished":"2023-10-25T08:51:39+00:00","dateModified":"2026-03-16T06:16:17+00:00","description":"Lazer Linear 6 Elite+, nu tillg\u00e4nglig f\u00f6r f\u00f6rbest\u00e4llning! Elite+-serien representerar utvecklingen av de mest kraftfulla LED-st\u00f6dljusen.","breadcrumb":{"@id":"https:\/\/com.rst-steel.eu\/sv\/produkt\/lazer-linjar-6-elit_pr_77090\/#breadcrumb"},"inLanguage":"sv-SE","potentialAction":[{"@type":"ReadAction","target":["https:\/\/com.rst-steel.eu\/sv\/produkt\/lazer-linjar-6-elit_pr_77090\/"]}]},{"@type":"ImageObject","inLanguage":"sv-SE","@id":"https:\/\/com.rst-steel.eu\/sv\/produkt\/lazer-linjar-6-elit_pr_77090\/#primaryimage","url":"https:\/\/com.rst-steel.eu\/wp-content\/uploads\/2023\/10\/461927b853bc6fb7bd8afd3e6bf071b09716ad2c_Linear_6_Elite__Angled_Web.jpg","contentUrl":"https:\/\/com.rst-steel.eu\/wp-content\/uploads\/2023\/10\/461927b853bc6fb7bd8afd3e6bf071b09716ad2c_Linear_6_Elite__Angled_Web.jpg","width":1000,"height":750},{"@type":"BreadcrumbList","@id":"https:\/\/com.rst-steel.eu\/sv\/produkt\/lazer-linjar-6-elit_pr_77090\/#breadcrumb","itemListElement":[{"@type":"ListItem","position":1,"name":"Home","item":"https:\/\/com.rst-steel.eu\/"},{"@type":"ListItem","position":2,"name":"RST-Steel Shop","item":"https:\/\/com.rst-steel.eu\/shop\/"},{"@type":"ListItem","position":3,"name":"Lazer Linear 6 Elite+"}]},{"@type":"WebSite","@id":"https:\/\/com.rst-steel.eu\/#website","url":"https:\/\/com.rst-steel.eu\/","name":"RST-Stahl.com","description":"Finskt kvalitetsst\u00e5l, f\u00f6r kvalitetsmedvetna f\u00f6rare","publisher":{"@id":"https:\/\/com.rst-steel.eu\/#organization"},"alternateName":"Safe and stylish RST-Steel quality","potentialAction":[{"@type":"SearchAction","target":{"@type":"EntryPoint","urlTemplate":"https:\/\/com.rst-steel.eu\/?s={search_term_string}"},"query-input":{"@type":"PropertyValueSpecification","valueRequired":true,"valueName":"search_term_string"}}],"inLanguage":"sv-SE"},{"@type":"Organization","@id":"https:\/\/com.rst-steel.eu\/#organization","name":"RST-Steel Oy","url":"https:\/\/com.rst-steel.eu\/","logo":{"@type":"ImageObject","inLanguage":"sv-SE","@id":"https:\/\/com.rst-steel.eu\/#\/schema\/logo\/image\/","url":"https:\/\/com.rst-steel.eu\/wp-content\/uploads\/2023\/04\/cropped-Rst-logo-valkoinen-teksti-3.png","contentUrl":"https:\/\/com.rst-steel.eu\/wp-content\/uploads\/2023\/04\/cropped-Rst-logo-valkoinen-teksti-3.png","width":512,"height":115,"caption":"RST-Steel Oy"},"image":{"@id":"https:\/\/com.rst-steel.eu\/#\/schema\/logo\/image\/"},"sameAs":["https:\/\/www.facebook.com\/rststeel","https:\/\/www.instagram.com\/rststeeloy\/"]}]}},"brands":[{"id":8332,"name":"Lazer Lamps","slug":"brand_lazerlamps"}],"_links":{"self":[{"href":"https:\/\/com.rst-steel.eu\/sv\/wp-json\/wp\/v2\/product\/41189","targetHints":{"allow":["GET"]}}],"collection":[{"href":"https:\/\/com.rst-steel.eu\/sv\/wp-json\/wp\/v2\/product"}],"about":[{"href":"https:\/\/com.rst-steel.eu\/sv\/wp-json\/wp\/v2\/types\/product"}],"replies":[{"embeddable":true,"href":"https:\/\/com.rst-steel.eu\/sv\/wp-json\/wp\/v2\/comments?post=41189"}],"version-history":[{"count":0,"href":"https:\/\/com.rst-steel.eu\/sv\/wp-json\/wp\/v2\/product\/41189\/revisions"}],"wp:featuredmedia":[{"embeddable":true,"href":"https:\/\/com.rst-steel.eu\/sv\/wp-json\/wp\/v2\/media\/41185"}],"wp:attachment":[{"href":"https:\/\/com.rst-steel.eu\/sv\/wp-json\/wp\/v2\/media?parent=41189"}],"wp:term":[{"taxonomy":"make_fuel_type","embeddable":true,"href":"https:\/\/com.rst-steel.eu\/sv\/wp-json\/wp\/v2\/make_fuel_type?post=41189"},{"taxonomy":"make_model","embeddable":true,"href":"https:\/\/com.rst-steel.eu\/sv\/wp-json\/wp\/v2\/make_model?post=41189"},{"taxonomy":"make_brand","embeddable":true,"href":"https:\/\/com.rst-steel.eu\/sv\/wp-json\/wp\/v2\/make_brand?post=41189"},{"taxonomy":"make_year","embeddable":true,"href":"https:\/\/com.rst-steel.eu\/sv\/wp-json\/wp\/v2\/make_year?post=41189"},{"taxonomy":"pwb-brand","embeddable":true,"href":"https:\/\/com.rst-steel.eu\/sv\/wp-json\/wp\/v2\/pwb-brand?post=41189"},{"taxonomy":"product_brand","embeddable":true,"href":"https:\/\/com.rst-steel.eu\/sv\/wp-json\/wp\/v2\/product_brand?post=41189"},{"taxonomy":"product_cat","embeddable":true,"href":"https:\/\/com.rst-steel.eu\/sv\/wp-json\/wp\/v2\/product_cat?post=41189"},{"taxonomy":"product_tag","embeddable":true,"href":"https:\/\/com.rst-steel.eu\/sv\/wp-json\/wp\/v2\/product_tag?post=41189"}],"curies":[{"name":"wp","href":"https:\/\/api.w.org\/{rel}","templated":true}]}}