{"id":40609,"date":"2023-08-25T14:05:38","date_gmt":"2023-08-25T11:05:38","guid":{"rendered":"https:\/\/rst-steel.com\/product\/bumber-beam-mountig-kit-vw-caddy-2021-lazer-linear-18-_prm_65448\/"},"modified":"2026-03-16T09:20:51","modified_gmt":"2026-03-16T06:20:51","slug":"lazer-grille-kit-vw-caddy-2021-lazer-linear-18-_prm_65448","status":"publish","type":"product","link":"https:\/\/com.rst-steel.eu\/sv\/produkt\/lazer-grille-kit-vw-caddy-2021-lazer-linear-18-_prm_65448\/","title":{"rendered":"Lazer Grille Kit VW Caddy 2021- Lazer Linear 18"},"content":{"rendered":"<p>Bumber balkmonteringssats VW Caddy 2021- Lazer Linear 18&nbsp;<\/p>\n<ul>\n<li>&nbsp;<\/li>\n<\/ul>\n<p>Lazer Lamps fordonsintegrationssats f\u00f6r VW Caddy (2021+) g\u00f6r det m\u00f6jligt att montera v\u00e5r klassledande Linear-18 h\u00f6gpresterande LED-str\u00e5lkastare f\u00f6r en extra LED-k\u00f6rljusinstallation som imponerar dag som natt. Den slimmade designen och den avancerade utformningen av Linear-produkterna s\u00e4kerst\u00e4ller att lamporna sm\u00e4lter s\u00f6ml\u00f6st in i fordonets front f\u00f6r en diskret integration, om \u00e4n en som ger exceptionell belysningsprestanda (som bygger p\u00e5 utveckling och testning p\u00e5 h\u00f6gsta niv\u00e5 inom professionell motorsport) perfekt anpassad f\u00f6r daglig anv\u00e4ndning p\u00e5 v\u00e4g och i terr\u00e4ng.<\/p>\n<p>ECE compliance allows for connecting into the vehicle\u2019s electrical system so that the light activates with the vehicle\u2019s standard high beam lights. Available with all necessary installation parts including wiring loom, and fixtures, the VW Caddy lighting upgrade kit delivers incredible levels of illumination for when the sun goes down. Where the vehicle utilises LED driving lights as standard, a CanM8 high beam interface is available as an optional part to complete a unified electrical install.<\/p>\n<p>Lampan monteras snabbt och enkelt med hj\u00e4lp av kl\u00e4mf\u00e4sten som f\u00e4sts p\u00e5 st\u00f6tf\u00e5ngarens balk f\u00f6r en diskret installation. Den resulterande installationen \u00e4r s\u00e4ker och robust, med f\u00e4stelement. Precis som alla belysningsprodukter fr\u00e5n Lazer Lamps \u00e4r k\u00f6rljusen designade, konstruerade och tillverkade i Storbritannien, och backas upp av v\u00e5r omfattande 5-\u00e5rsgaranti. Utan kompromisser i komponentdelar eller produktionstekniker kommer din installation att h\u00e5lla sig i gott skick \u00e5r efter \u00e5r.<\/p>\n<ul>\n<li>&nbsp;<\/li>\n<\/ul>\n<p>&nbsp;<\/p>\n<p><span style=\"font-weight: bold\">Produktfunktioner:<\/span><\/p>\n<ul>\n<li>Installation av extra str\u00e5lkastare f\u00f6r VW Caddy (2021+)<\/li>\n<li>Optimerad montering f\u00f6r en Linear-18<\/li>\n<li>Tillg\u00e4nglig som Standard, Elite eller Elite med i-LBA-klass<\/li>\n<li>F\u00e4sts p\u00e5 fordonets st\u00f6tf\u00e5ngarbalk<\/li>\n<li>Helt robust och s\u00e4ker, med extra skydd mot st\u00f6ld<\/li>\n<li>Road legal \u2013 ECE approved to Regulation 112<\/li>\n<li>5 \u00e5rs garanti<\/li>\n<li>Tillverkad i Storbritannien<\/li>\n<li>&nbsp;<\/li>\n<\/ul>\n<p><span style=\"font-weight: bold\">What\u2019s Included:<\/span><\/p>\n<ul>\n<li>Lazer Linear 18 LED-lampa<\/li>\n<li>Kabeldragningssats<\/li>\n<li>Monteringsf\u00e4sten (4 delar)<\/li>\n<li>Armaturer<\/li>\n<\/ul>\n<h3>Inkluderade produkter<\/h3>\n<ul id=\"pim-included-kit-products\">\n<li>Lazer puskurikiinnike, yleismalli : 1<\/li>\n<li>Lazer Ledningssats f\u00f6r en lampa, positionsljus 12V : 1<\/li>\n<li>Lazer Linear 18 Elite with position light : 1<\/li>\n<\/ul>","protected":false},"excerpt":{"rendered":"<p>Flera modellalternativ tillg\u00e4ngliga!<\/p>","protected":false},"featured_media":40605,"comment_status":"open","ping_status":"closed","template":"","meta":{"_improvement_type_select":"improve_an_existing","_thumb_yes_seoaic":false,"_frame_yes_seoaic":false,"seoaic_generate_description":"","seoaic_improve_instructions_prompt":"","seoaic_rollback_content_improvement":"","seoaic_idea_thumbnail_generator":"","thumbnail_generated":false,"thumbnail_generate_prompt":"","seoaic_article_description":""},"make_fuel_type":[],"make_model":[6623],"make_brand":[6622],"make_year":[6373],"pwb-brand":[8332],"product_brand":[],"product_cat":[6195,6209,6212],"product_tag":[6298],"class_list":{"0":"post-40609","1":"product","2":"type-product","3":"status-publish","4":"has-post-thumbnail","6":"make_model-caddy-2020","7":"make_brand-volkswagen-van","8":"make_year-van","9":"pwb-brand-brand_lazerlamps","10":"product_cat-lamps","11":"product_cat-auxiliary-lights","12":"product_cat-lazer-lamps-vehicle-specific-driving-light-kits","13":"product_tag-lazer-lamps","15":"first","16":"instock","17":"taxable","18":"shipping-taxable","19":"purchasable","20":"product-type-variable"},"yoast_head":"<!-- This site is optimized with the Yoast SEO plugin v25.7 - https:\/\/yoast.com\/wordpress\/plugins\/seo\/ -->\n<title>Lazer Grille Kit VW Caddy 2021- Lazer Linear 18 - RST-Steel<\/title>\n<meta name=\"description\" content=\"Bumber Beam Mountig Kit VW Caddy 2021- models. Available as Standard, Elite or Elite with i-LBA grade. Check out and order now!\" \/>\n<meta name=\"robots\" content=\"index, follow, max-snippet:-1, max-image-preview:large, max-video-preview:-1\" \/>\n<link rel=\"canonical\" href=\"https:\/\/com.rst-steel.eu\/sv\/produkt\/lazer-grille-kit-vw-caddy-2021-lazer-linear-18-_prm_65448\/\" \/>\n<meta property=\"og:locale\" content=\"sv_SE\" \/>\n<meta property=\"og:type\" content=\"article\" \/>\n<meta property=\"og:title\" content=\"Lazer Grille Kit VW Caddy 2021- Lazer Linear 18 - RST-Steel\" \/>\n<meta property=\"og:description\" content=\"Bumber Beam Mountig Kit VW Caddy 2021- models. Available as Standard, Elite or Elite with i-LBA grade. Check out and order now!\" \/>\n<meta property=\"og:url\" content=\"https:\/\/com.rst-steel.eu\/sv\/produkt\/lazer-grille-kit-vw-caddy-2021-lazer-linear-18-_prm_65448\/\" \/>\n<meta property=\"og:site_name\" content=\"RST-Steel\" \/>\n<meta property=\"article:publisher\" content=\"https:\/\/www.facebook.com\/rststeel\" \/>\n<meta property=\"article:modified_time\" content=\"2026-03-16T06:20:51+00:00\" \/>\n<meta property=\"og:image\" content=\"https:\/\/com.rst-steel.eu\/wp-content\/uploads\/2023\/08\/23e7fab870cc51c15a77d5eda02e0626f4d30d23_57026618PLI3.jpg\" \/>\n\t<meta property=\"og:image:width\" content=\"1001\" \/>\n\t<meta property=\"og:image:height\" content=\"750\" \/>\n\t<meta property=\"og:image:type\" content=\"image\/jpeg\" \/>\n<meta name=\"twitter:card\" content=\"summary_large_image\" \/>\n<meta name=\"twitter:label1\" content=\"Ber\u00e4knad l\u00e4stid\" \/>\n\t<meta name=\"twitter:data1\" content=\"2 minuter\" \/>\n<script type=\"application\/ld+json\" class=\"yoast-schema-graph\">{\"@context\":\"https:\/\/schema.org\",\"@graph\":[{\"@type\":\"WebPage\",\"@id\":\"https:\/\/com.rst-steel.eu\/product\/lazer-grille-kit-vw-caddy-2021-lazer-linear-18-_prm_65448\/\",\"url\":\"https:\/\/com.rst-steel.eu\/product\/lazer-grille-kit-vw-caddy-2021-lazer-linear-18-_prm_65448\/\",\"name\":\"Lazer Grille Kit VW Caddy 2021- Lazer Linear 18 - RST-Steel\",\"isPartOf\":{\"@id\":\"https:\/\/com.rst-steel.eu\/#website\"},\"primaryImageOfPage\":{\"@id\":\"https:\/\/com.rst-steel.eu\/product\/lazer-grille-kit-vw-caddy-2021-lazer-linear-18-_prm_65448\/#primaryimage\"},\"image\":{\"@id\":\"https:\/\/com.rst-steel.eu\/product\/lazer-grille-kit-vw-caddy-2021-lazer-linear-18-_prm_65448\/#primaryimage\"},\"thumbnailUrl\":\"https:\/\/com.rst-steel.eu\/wp-content\/uploads\/2023\/08\/23e7fab870cc51c15a77d5eda02e0626f4d30d23_57026618PLI3.jpg\",\"datePublished\":\"2023-08-25T11:05:38+00:00\",\"dateModified\":\"2026-03-16T06:20:51+00:00\",\"description\":\"Bumber Beam Mountig Kit VW Caddy 2021- models. Available as Standard, Elite or Elite with i-LBA grade. Check out and order now!\",\"breadcrumb\":{\"@id\":\"https:\/\/com.rst-steel.eu\/product\/lazer-grille-kit-vw-caddy-2021-lazer-linear-18-_prm_65448\/#breadcrumb\"},\"inLanguage\":\"sv-SE\",\"potentialAction\":[{\"@type\":\"ReadAction\",\"target\":[\"https:\/\/com.rst-steel.eu\/product\/lazer-grille-kit-vw-caddy-2021-lazer-linear-18-_prm_65448\/\"]}]},{\"@type\":\"ImageObject\",\"inLanguage\":\"sv-SE\",\"@id\":\"https:\/\/com.rst-steel.eu\/product\/lazer-grille-kit-vw-caddy-2021-lazer-linear-18-_prm_65448\/#primaryimage\",\"url\":\"https:\/\/com.rst-steel.eu\/wp-content\/uploads\/2023\/08\/23e7fab870cc51c15a77d5eda02e0626f4d30d23_57026618PLI3.jpg\",\"contentUrl\":\"https:\/\/com.rst-steel.eu\/wp-content\/uploads\/2023\/08\/23e7fab870cc51c15a77d5eda02e0626f4d30d23_57026618PLI3.jpg\",\"width\":1001,\"height\":750,\"caption\":\"Bumper Beam Mounting Kit VW Caddy 2021- Lazer Linear 18\"},{\"@type\":\"BreadcrumbList\",\"@id\":\"https:\/\/com.rst-steel.eu\/product\/lazer-grille-kit-vw-caddy-2021-lazer-linear-18-_prm_65448\/#breadcrumb\",\"itemListElement\":[{\"@type\":\"ListItem\",\"position\":1,\"name\":\"Home\",\"item\":\"https:\/\/com.rst-steel.eu\/\"},{\"@type\":\"ListItem\",\"position\":2,\"name\":\"RST-Steel Shop\",\"item\":\"https:\/\/com.rst-steel.eu\/shop\/\"},{\"@type\":\"ListItem\",\"position\":3,\"name\":\"Lazer Grille Kit VW Caddy 2021- Lazer Linear 18\"}]},{\"@type\":\"WebSite\",\"@id\":\"https:\/\/com.rst-steel.eu\/#website\",\"url\":\"https:\/\/com.rst-steel.eu\/\",\"name\":\"RST-Steel.com\",\"description\":\"Finnish quality steel, for quality-conscious drivers\",\"publisher\":{\"@id\":\"https:\/\/com.rst-steel.eu\/#organization\"},\"alternateName\":\"Safe and stylish RST-Steel quality\",\"potentialAction\":[{\"@type\":\"SearchAction\",\"target\":{\"@type\":\"EntryPoint\",\"urlTemplate\":\"https:\/\/com.rst-steel.eu\/?s={search_term_string}\"},\"query-input\":{\"@type\":\"PropertyValueSpecification\",\"valueRequired\":true,\"valueName\":\"search_term_string\"}}],\"inLanguage\":\"sv-SE\"},{\"@type\":\"Organization\",\"@id\":\"https:\/\/com.rst-steel.eu\/#organization\",\"name\":\"RST-Steel Oy\",\"url\":\"https:\/\/com.rst-steel.eu\/\",\"logo\":{\"@type\":\"ImageObject\",\"inLanguage\":\"sv-SE\",\"@id\":\"https:\/\/com.rst-steel.eu\/#\/schema\/logo\/image\/\",\"url\":\"https:\/\/com.rst-steel.eu\/wp-content\/uploads\/2023\/04\/cropped-Rst-logo-valkoinen-teksti-3.png\",\"contentUrl\":\"https:\/\/com.rst-steel.eu\/wp-content\/uploads\/2023\/04\/cropped-Rst-logo-valkoinen-teksti-3.png\",\"width\":512,\"height\":115,\"caption\":\"RST-Steel Oy\"},\"image\":{\"@id\":\"https:\/\/com.rst-steel.eu\/#\/schema\/logo\/image\/\"},\"sameAs\":[\"https:\/\/www.facebook.com\/rststeel\",\"https:\/\/www.instagram.com\/rststeeloy\/\"]}]}<\/script>\n<!-- \/ Yoast SEO plugin. -->","yoast_head_json":{"title":"Lazer Grille Kit VW Caddy 2021- Lazer Linear 18 - RST-Steel","description":"Bumber Beam monteringssats VW Caddy 2021- modeller. Finns som Standard, Elite eller Elite med i-LBA-klass. Kolla in och best\u00e4ll nu!","robots":{"index":"index","follow":"follow","max-snippet":"max-snippet:-1","max-image-preview":"max-image-preview:large","max-video-preview":"max-video-preview:-1"},"canonical":"https:\/\/com.rst-steel.eu\/sv\/produkt\/lazer-grille-kit-vw-caddy-2021-lazer-linear-18-_prm_65448\/","og_locale":"sv_SE","og_type":"article","og_title":"Lazer Grille Kit VW Caddy 2021- Lazer Linear 18 - RST-Steel","og_description":"Bumber Beam Mountig Kit VW Caddy 2021- models. Available as Standard, Elite or Elite with i-LBA grade. Check out and order now!","og_url":"https:\/\/com.rst-steel.eu\/sv\/produkt\/lazer-grille-kit-vw-caddy-2021-lazer-linear-18-_prm_65448\/","og_site_name":"RST-Steel","article_publisher":"https:\/\/www.facebook.com\/rststeel","article_modified_time":"2026-03-16T06:20:51+00:00","og_image":[{"width":1001,"height":750,"url":"https:\/\/com.rst-steel.eu\/wp-content\/uploads\/2023\/08\/23e7fab870cc51c15a77d5eda02e0626f4d30d23_57026618PLI3.jpg","type":"image\/jpeg"}],"twitter_card":"summary_large_image","twitter_misc":{"Ber\u00e4knad l\u00e4stid":"2 minuter"},"schema":{"@context":"https:\/\/schema.org","@graph":[{"@type":"WebPage","@id":"https:\/\/com.rst-steel.eu\/product\/lazer-grille-kit-vw-caddy-2021-lazer-linear-18-_prm_65448\/","url":"https:\/\/com.rst-steel.eu\/product\/lazer-grille-kit-vw-caddy-2021-lazer-linear-18-_prm_65448\/","name":"Lazer Grille Kit VW Caddy 2021- Lazer Linear 18 - RST-Steel","isPartOf":{"@id":"https:\/\/com.rst-steel.eu\/#website"},"primaryImageOfPage":{"@id":"https:\/\/com.rst-steel.eu\/product\/lazer-grille-kit-vw-caddy-2021-lazer-linear-18-_prm_65448\/#primaryimage"},"image":{"@id":"https:\/\/com.rst-steel.eu\/product\/lazer-grille-kit-vw-caddy-2021-lazer-linear-18-_prm_65448\/#primaryimage"},"thumbnailUrl":"https:\/\/com.rst-steel.eu\/wp-content\/uploads\/2023\/08\/23e7fab870cc51c15a77d5eda02e0626f4d30d23_57026618PLI3.jpg","datePublished":"2023-08-25T11:05:38+00:00","dateModified":"2026-03-16T06:20:51+00:00","description":"Bumber Beam monteringssats VW Caddy 2021- modeller. Finns som Standard, Elite eller Elite med i-LBA-klass. Kolla in och best\u00e4ll nu!","breadcrumb":{"@id":"https:\/\/com.rst-steel.eu\/product\/lazer-grille-kit-vw-caddy-2021-lazer-linear-18-_prm_65448\/#breadcrumb"},"inLanguage":"sv-SE","potentialAction":[{"@type":"ReadAction","target":["https:\/\/com.rst-steel.eu\/product\/lazer-grille-kit-vw-caddy-2021-lazer-linear-18-_prm_65448\/"]}]},{"@type":"ImageObject","inLanguage":"sv-SE","@id":"https:\/\/com.rst-steel.eu\/product\/lazer-grille-kit-vw-caddy-2021-lazer-linear-18-_prm_65448\/#primaryimage","url":"https:\/\/com.rst-steel.eu\/wp-content\/uploads\/2023\/08\/23e7fab870cc51c15a77d5eda02e0626f4d30d23_57026618PLI3.jpg","contentUrl":"https:\/\/com.rst-steel.eu\/wp-content\/uploads\/2023\/08\/23e7fab870cc51c15a77d5eda02e0626f4d30d23_57026618PLI3.jpg","width":1001,"height":750,"caption":"Bumper Beam Mounting Kit VW Caddy 2021- Lazer Linear 18"},{"@type":"BreadcrumbList","@id":"https:\/\/com.rst-steel.eu\/product\/lazer-grille-kit-vw-caddy-2021-lazer-linear-18-_prm_65448\/#breadcrumb","itemListElement":[{"@type":"ListItem","position":1,"name":"Home","item":"https:\/\/com.rst-steel.eu\/"},{"@type":"ListItem","position":2,"name":"RST-Steel Shop","item":"https:\/\/com.rst-steel.eu\/shop\/"},{"@type":"ListItem","position":3,"name":"Lazer Grille Kit VW Caddy 2021- Lazer Linear 18"}]},{"@type":"WebSite","@id":"https:\/\/com.rst-steel.eu\/#website","url":"https:\/\/com.rst-steel.eu\/","name":"RST-Stahl.com","description":"Finskt kvalitetsst\u00e5l, f\u00f6r kvalitetsmedvetna f\u00f6rare","publisher":{"@id":"https:\/\/com.rst-steel.eu\/#organization"},"alternateName":"Safe and stylish RST-Steel quality","potentialAction":[{"@type":"SearchAction","target":{"@type":"EntryPoint","urlTemplate":"https:\/\/com.rst-steel.eu\/?s={search_term_string}"},"query-input":{"@type":"PropertyValueSpecification","valueRequired":true,"valueName":"search_term_string"}}],"inLanguage":"sv-SE"},{"@type":"Organization","@id":"https:\/\/com.rst-steel.eu\/#organization","name":"RST-Steel Oy","url":"https:\/\/com.rst-steel.eu\/","logo":{"@type":"ImageObject","inLanguage":"sv-SE","@id":"https:\/\/com.rst-steel.eu\/#\/schema\/logo\/image\/","url":"https:\/\/com.rst-steel.eu\/wp-content\/uploads\/2023\/04\/cropped-Rst-logo-valkoinen-teksti-3.png","contentUrl":"https:\/\/com.rst-steel.eu\/wp-content\/uploads\/2023\/04\/cropped-Rst-logo-valkoinen-teksti-3.png","width":512,"height":115,"caption":"RST-Steel Oy"},"image":{"@id":"https:\/\/com.rst-steel.eu\/#\/schema\/logo\/image\/"},"sameAs":["https:\/\/www.facebook.com\/rststeel","https:\/\/www.instagram.com\/rststeeloy\/"]}]}},"brands":[{"id":8332,"name":"Lazer Lamps","slug":"brand_lazerlamps"}],"_links":{"self":[{"href":"https:\/\/com.rst-steel.eu\/sv\/wp-json\/wp\/v2\/product\/40609","targetHints":{"allow":["GET"]}}],"collection":[{"href":"https:\/\/com.rst-steel.eu\/sv\/wp-json\/wp\/v2\/product"}],"about":[{"href":"https:\/\/com.rst-steel.eu\/sv\/wp-json\/wp\/v2\/types\/product"}],"replies":[{"embeddable":true,"href":"https:\/\/com.rst-steel.eu\/sv\/wp-json\/wp\/v2\/comments?post=40609"}],"version-history":[{"count":0,"href":"https:\/\/com.rst-steel.eu\/sv\/wp-json\/wp\/v2\/product\/40609\/revisions"}],"wp:featuredmedia":[{"embeddable":true,"href":"https:\/\/com.rst-steel.eu\/sv\/wp-json\/wp\/v2\/media\/40605"}],"wp:attachment":[{"href":"https:\/\/com.rst-steel.eu\/sv\/wp-json\/wp\/v2\/media?parent=40609"}],"wp:term":[{"taxonomy":"make_fuel_type","embeddable":true,"href":"https:\/\/com.rst-steel.eu\/sv\/wp-json\/wp\/v2\/make_fuel_type?post=40609"},{"taxonomy":"make_model","embeddable":true,"href":"https:\/\/com.rst-steel.eu\/sv\/wp-json\/wp\/v2\/make_model?post=40609"},{"taxonomy":"make_brand","embeddable":true,"href":"https:\/\/com.rst-steel.eu\/sv\/wp-json\/wp\/v2\/make_brand?post=40609"},{"taxonomy":"make_year","embeddable":true,"href":"https:\/\/com.rst-steel.eu\/sv\/wp-json\/wp\/v2\/make_year?post=40609"},{"taxonomy":"pwb-brand","embeddable":true,"href":"https:\/\/com.rst-steel.eu\/sv\/wp-json\/wp\/v2\/pwb-brand?post=40609"},{"taxonomy":"product_brand","embeddable":true,"href":"https:\/\/com.rst-steel.eu\/sv\/wp-json\/wp\/v2\/product_brand?post=40609"},{"taxonomy":"product_cat","embeddable":true,"href":"https:\/\/com.rst-steel.eu\/sv\/wp-json\/wp\/v2\/product_cat?post=40609"},{"taxonomy":"product_tag","embeddable":true,"href":"https:\/\/com.rst-steel.eu\/sv\/wp-json\/wp\/v2\/product_tag?post=40609"}],"curies":[{"name":"wp","href":"https:\/\/api.w.org\/{rel}","templated":true}]}}