{"id":40435,"date":"2023-08-04T13:03:00","date_gmt":"2023-08-04T10:03:00","guid":{"rendered":"https:\/\/rst-steel.com\/product\/bull-bar-dakar-volvo-fmx_prm_9803\/"},"modified":"2026-03-16T09:16:13","modified_gmt":"2026-03-16T06:16:13","slug":"bull-bar-dakar-v28-volvo-fmx_prm_9803","status":"publish","type":"product","link":"https:\/\/com.rst-steel.eu\/sv\/produkt\/bull-bar-dakar-v28-volvo-fmx_prm_9803\/","title":{"rendered":"Bull Bar Dakar V28 Volvo FMX"},"content":{"rendered":"<p><span style=\"font-weight: bold;\">Bull Bar Dakar V28 Volvo FMX<\/span><\/p>\n<ul>\n<li><\/li>\n<\/ul>\n<p>RST-Steels frontskydd \u00e4r h\u00f6gkvalitativa produkter tillverkade av rostfritt st\u00e5l.<\/p>\n<ul>\n<li><\/li>\n<\/ul>\n<p>Ett frontskydd skyddar bilens front vid eventuella kollisioner och ger bilen ett stilrent utseende som drar blickarna till sig. Ett riktigt snyggt frontskydd kan v\u00e4cka \"j\u00e4rnfeber\", vilket g\u00f6r att du och ditt f\u00f6retag sticker ut.<\/p>\n<ul>\n<li><\/li>\n<\/ul>\n<p>Frontskydden kan utrustas med extraljus och positionsljus, vilket f\u00f6rb\u00e4ttrar din sikt i trafiken och samtidigt \u00f6kar s\u00e4kerheten f\u00f6r dig sj\u00e4lv och andra trafikanter.<\/p>\n<p>Det har gjorts s\u00e5 enkelt som m\u00f6jligt att ta bort st\u00f6rtb\u00e5gen<\/p>\n<ul>\n<li><\/li>\n<\/ul>\n<p><strong>Teknisk information:<\/strong><\/p>\n<ul>\n<li>F\u00e4rg: Spegelpolerat rostfritt st\u00e5l eller lackering med RAL-basf\u00e4rger<\/li>\n<li>R\u00f6rdiametrar: 76 mm \/ 60 mm<\/li>\n<li><\/li>\n<\/ul>\n<p><span style=\"font-weight: bold;\"><a href=\"https:\/\/www.youtube.com\/watch?v=G2FVajPh-pM\">BULLBAR WIRING KIT INSTALLATION VIDEO IS HERE<\/a><\/span><\/p>\n<p><strong>Leveransinneh\u00e5ll:<\/strong><\/p>\n<ul>\n<li>Bull bar Dakar Volvo FMX<\/li>\n<li>Monteringsf\u00e4sten som beh\u00f6vs f\u00f6r installation<\/li>\n<li>Instruktioner f\u00f6r installation<\/li>\n<\/ul>","protected":false},"excerpt":{"rendered":"<p>Flera modellalternativ tillg\u00e4ngliga!<\/p>","protected":false},"featured_media":40434,"comment_status":"open","ping_status":"closed","template":"","meta":{"_improvement_type_select":"improve_an_existing","_thumb_yes_seoaic":false,"_frame_yes_seoaic":false,"seoaic_generate_description":"","seoaic_improve_instructions_prompt":"","seoaic_rollback_content_improvement":"","seoaic_idea_thumbnail_generator":"","thumbnail_generated":false,"thumbnail_generate_prompt":"","seoaic_article_description":""},"make_fuel_type":[],"make_model":[5640,5300],"make_brand":[3745],"make_year":[3748],"pwb-brand":[8334],"product_brand":[],"product_cat":[6280,7158],"product_tag":[8501,6683],"class_list":{"0":"post-40435","1":"product","2":"type-product","3":"status-publish","4":"has-post-thumbnail","6":"make_model-fmx-2013","7":"make_model-volvo-fmx","8":"make_brand-volvo","9":"make_year-trucks","10":"pwb-brand-brand_rststeel","11":"product_cat-bullbars","12":"product_cat-volvo-ka-kk","13":"product_tag-bullbar-dakar","14":"product_tag-frontskydd","15":"product_shipping_class-bullbars","17":"first","18":"onbackorder","19":"taxable","20":"shipping-taxable","21":"purchasable","22":"product-type-variable"},"yoast_head":"<!-- This site is optimized with the Yoast SEO plugin v25.7 - https:\/\/yoast.com\/wordpress\/plugins\/seo\/ -->\n<title>Bull Bar Dakar V28 Volvo FMX - RST-Steel<\/title>\n<meta name=\"description\" content=\"Bull Bar Dakar Volvo FMX models. RST-Steel&#039;s bull bars are high-quality products made of stainless steel.\u00a0Get to know the products!\" \/>\n<meta name=\"robots\" content=\"index, follow, max-snippet:-1, max-image-preview:large, max-video-preview:-1\" \/>\n<link rel=\"canonical\" href=\"https:\/\/com.rst-steel.eu\/sv\/produkt\/bull-bar-dakar-v28-volvo-fmx_prm_9803\/\" \/>\n<meta property=\"og:locale\" content=\"sv_SE\" \/>\n<meta property=\"og:type\" content=\"article\" \/>\n<meta property=\"og:title\" content=\"Bull Bar Dakar V28 Volvo FMX - RST-Steel\" \/>\n<meta property=\"og:description\" content=\"Bull Bar Dakar Volvo FMX models. RST-Steel&#039;s bull bars are high-quality products made of stainless steel.\u00a0Get to know the products!\" \/>\n<meta property=\"og:url\" content=\"https:\/\/com.rst-steel.eu\/sv\/produkt\/bull-bar-dakar-v28-volvo-fmx_prm_9803\/\" \/>\n<meta property=\"og:site_name\" content=\"RST-Steel\" \/>\n<meta property=\"article:publisher\" content=\"https:\/\/www.facebook.com\/rststeel\" \/>\n<meta property=\"article:modified_time\" content=\"2026-03-16T06:16:13+00:00\" \/>\n<meta property=\"og:image\" content=\"https:\/\/com.rst-steel.eu\/wp-content\/uploads\/2023\/08\/02a6fc8edcb20b3c7e53edd30e929ca86f48d3ae_KarjapuskuriDakarVolvoFMX_RST2004_6b8428296bc62ffae41fe4611e189495_4.jpg\" \/>\n\t<meta property=\"og:image:width\" content=\"1024\" \/>\n\t<meta property=\"og:image:height\" content=\"768\" \/>\n\t<meta property=\"og:image:type\" content=\"image\/jpeg\" \/>\n<meta name=\"twitter:card\" content=\"summary_large_image\" \/>\n<meta name=\"twitter:label1\" content=\"Ber\u00e4knad l\u00e4stid\" \/>\n\t<meta name=\"twitter:data1\" content=\"1 minut\" \/>\n<script type=\"application\/ld+json\" class=\"yoast-schema-graph\">{\"@context\":\"https:\/\/schema.org\",\"@graph\":[{\"@type\":\"WebPage\",\"@id\":\"https:\/\/com.rst-steel.eu\/nb\/produkt\/bull-bar-dakar-v28-volvo-fmx_prm_9803\/\",\"url\":\"https:\/\/com.rst-steel.eu\/nb\/produkt\/bull-bar-dakar-v28-volvo-fmx_prm_9803\/\",\"name\":\"Bull Bar Dakar V28 Volvo FMX - RST-Steel\",\"isPartOf\":{\"@id\":\"https:\/\/com.rst-steel.eu\/#website\"},\"primaryImageOfPage\":{\"@id\":\"https:\/\/com.rst-steel.eu\/nb\/produkt\/bull-bar-dakar-v28-volvo-fmx_prm_9803\/#primaryimage\"},\"image\":{\"@id\":\"https:\/\/com.rst-steel.eu\/nb\/produkt\/bull-bar-dakar-v28-volvo-fmx_prm_9803\/#primaryimage\"},\"thumbnailUrl\":\"https:\/\/com.rst-steel.eu\/wp-content\/uploads\/2023\/08\/02a6fc8edcb20b3c7e53edd30e929ca86f48d3ae_KarjapuskuriDakarVolvoFMX_RST2004_6b8428296bc62ffae41fe4611e189495_4.jpg\",\"datePublished\":\"2023-08-04T10:03:00+00:00\",\"dateModified\":\"2026-03-16T06:16:13+00:00\",\"description\":\"Bull Bar Dakar Volvo FMX models. RST-Steel's bull bars are high-quality products made of stainless steel.\u00a0Get to know the products!\",\"breadcrumb\":{\"@id\":\"https:\/\/com.rst-steel.eu\/nb\/produkt\/bull-bar-dakar-v28-volvo-fmx_prm_9803\/#breadcrumb\"},\"inLanguage\":\"sv-SE\",\"potentialAction\":[{\"@type\":\"ReadAction\",\"target\":[\"https:\/\/com.rst-steel.eu\/nb\/produkt\/bull-bar-dakar-v28-volvo-fmx_prm_9803\/\"]}]},{\"@type\":\"ImageObject\",\"inLanguage\":\"sv-SE\",\"@id\":\"https:\/\/com.rst-steel.eu\/nb\/produkt\/bull-bar-dakar-v28-volvo-fmx_prm_9803\/#primaryimage\",\"url\":\"https:\/\/com.rst-steel.eu\/wp-content\/uploads\/2023\/08\/02a6fc8edcb20b3c7e53edd30e929ca86f48d3ae_KarjapuskuriDakarVolvoFMX_RST2004_6b8428296bc62ffae41fe4611e189495_4.jpg\",\"contentUrl\":\"https:\/\/com.rst-steel.eu\/wp-content\/uploads\/2023\/08\/02a6fc8edcb20b3c7e53edd30e929ca86f48d3ae_KarjapuskuriDakarVolvoFMX_RST2004_6b8428296bc62ffae41fe4611e189495_4.jpg\",\"width\":1024,\"height\":768,\"caption\":\"Bull Bar Dakar Volvo FMX\"},{\"@type\":\"BreadcrumbList\",\"@id\":\"https:\/\/com.rst-steel.eu\/nb\/produkt\/bull-bar-dakar-v28-volvo-fmx_prm_9803\/#breadcrumb\",\"itemListElement\":[{\"@type\":\"ListItem\",\"position\":1,\"name\":\"Home\",\"item\":\"https:\/\/com.rst-steel.eu\/\"},{\"@type\":\"ListItem\",\"position\":2,\"name\":\"RST-Steel Shop\",\"item\":\"https:\/\/com.rst-steel.eu\/shop\/\"},{\"@type\":\"ListItem\",\"position\":3,\"name\":\"Bull Bar Dakar V28 Volvo FMX\"}]},{\"@type\":\"WebSite\",\"@id\":\"https:\/\/com.rst-steel.eu\/#website\",\"url\":\"https:\/\/com.rst-steel.eu\/\",\"name\":\"RST-Steel.com\",\"description\":\"Finnish quality steel, for quality-conscious drivers\",\"publisher\":{\"@id\":\"https:\/\/com.rst-steel.eu\/#organization\"},\"alternateName\":\"Safe and stylish RST-Steel quality\",\"potentialAction\":[{\"@type\":\"SearchAction\",\"target\":{\"@type\":\"EntryPoint\",\"urlTemplate\":\"https:\/\/com.rst-steel.eu\/?s={search_term_string}\"},\"query-input\":{\"@type\":\"PropertyValueSpecification\",\"valueRequired\":true,\"valueName\":\"search_term_string\"}}],\"inLanguage\":\"sv-SE\"},{\"@type\":\"Organization\",\"@id\":\"https:\/\/com.rst-steel.eu\/#organization\",\"name\":\"RST-Steel Oy\",\"url\":\"https:\/\/com.rst-steel.eu\/\",\"logo\":{\"@type\":\"ImageObject\",\"inLanguage\":\"sv-SE\",\"@id\":\"https:\/\/com.rst-steel.eu\/#\/schema\/logo\/image\/\",\"url\":\"https:\/\/com.rst-steel.eu\/wp-content\/uploads\/2023\/04\/cropped-Rst-logo-valkoinen-teksti-3.png\",\"contentUrl\":\"https:\/\/com.rst-steel.eu\/wp-content\/uploads\/2023\/04\/cropped-Rst-logo-valkoinen-teksti-3.png\",\"width\":512,\"height\":115,\"caption\":\"RST-Steel Oy\"},\"image\":{\"@id\":\"https:\/\/com.rst-steel.eu\/#\/schema\/logo\/image\/\"},\"sameAs\":[\"https:\/\/www.facebook.com\/rststeel\",\"https:\/\/www.instagram.com\/rststeeloy\/\"]}]}<\/script>\n<!-- \/ Yoast SEO plugin. -->","yoast_head_json":{"title":"Bull Bar Dakar V28 Volvo FMX - RST-Steel","description":"Bull Bar Dakar Volvo FMX-modeller. RST-Steel:s bull bars \u00e4r h\u00f6gkvalitativa produkter tillverkade av rostfritt st\u00e5l. L\u00e4r k\u00e4nna produkterna!","robots":{"index":"index","follow":"follow","max-snippet":"max-snippet:-1","max-image-preview":"max-image-preview:large","max-video-preview":"max-video-preview:-1"},"canonical":"https:\/\/com.rst-steel.eu\/sv\/produkt\/bull-bar-dakar-v28-volvo-fmx_prm_9803\/","og_locale":"sv_SE","og_type":"article","og_title":"Bull Bar Dakar V28 Volvo FMX - RST-Steel","og_description":"Bull Bar Dakar Volvo FMX models. RST-Steel's bull bars are high-quality products made of stainless steel.\u00a0Get to know the products!","og_url":"https:\/\/com.rst-steel.eu\/sv\/produkt\/bull-bar-dakar-v28-volvo-fmx_prm_9803\/","og_site_name":"RST-Steel","article_publisher":"https:\/\/www.facebook.com\/rststeel","article_modified_time":"2026-03-16T06:16:13+00:00","og_image":[{"width":1024,"height":768,"url":"https:\/\/com.rst-steel.eu\/wp-content\/uploads\/2023\/08\/02a6fc8edcb20b3c7e53edd30e929ca86f48d3ae_KarjapuskuriDakarVolvoFMX_RST2004_6b8428296bc62ffae41fe4611e189495_4.jpg","type":"image\/jpeg"}],"twitter_card":"summary_large_image","twitter_misc":{"Ber\u00e4knad l\u00e4stid":"1 minut"},"schema":{"@context":"https:\/\/schema.org","@graph":[{"@type":"WebPage","@id":"https:\/\/com.rst-steel.eu\/nb\/produkt\/bull-bar-dakar-v28-volvo-fmx_prm_9803\/","url":"https:\/\/com.rst-steel.eu\/nb\/produkt\/bull-bar-dakar-v28-volvo-fmx_prm_9803\/","name":"Bull Bar Dakar V28 Volvo FMX - RST-Steel","isPartOf":{"@id":"https:\/\/com.rst-steel.eu\/#website"},"primaryImageOfPage":{"@id":"https:\/\/com.rst-steel.eu\/nb\/produkt\/bull-bar-dakar-v28-volvo-fmx_prm_9803\/#primaryimage"},"image":{"@id":"https:\/\/com.rst-steel.eu\/nb\/produkt\/bull-bar-dakar-v28-volvo-fmx_prm_9803\/#primaryimage"},"thumbnailUrl":"https:\/\/com.rst-steel.eu\/wp-content\/uploads\/2023\/08\/02a6fc8edcb20b3c7e53edd30e929ca86f48d3ae_KarjapuskuriDakarVolvoFMX_RST2004_6b8428296bc62ffae41fe4611e189495_4.jpg","datePublished":"2023-08-04T10:03:00+00:00","dateModified":"2026-03-16T06:16:13+00:00","description":"Bull Bar Dakar Volvo FMX-modeller. RST-Steel:s bull bars \u00e4r h\u00f6gkvalitativa produkter tillverkade av rostfritt st\u00e5l. L\u00e4r k\u00e4nna produkterna!","breadcrumb":{"@id":"https:\/\/com.rst-steel.eu\/nb\/produkt\/bull-bar-dakar-v28-volvo-fmx_prm_9803\/#breadcrumb"},"inLanguage":"sv-SE","potentialAction":[{"@type":"ReadAction","target":["https:\/\/com.rst-steel.eu\/nb\/produkt\/bull-bar-dakar-v28-volvo-fmx_prm_9803\/"]}]},{"@type":"ImageObject","inLanguage":"sv-SE","@id":"https:\/\/com.rst-steel.eu\/nb\/produkt\/bull-bar-dakar-v28-volvo-fmx_prm_9803\/#primaryimage","url":"https:\/\/com.rst-steel.eu\/wp-content\/uploads\/2023\/08\/02a6fc8edcb20b3c7e53edd30e929ca86f48d3ae_KarjapuskuriDakarVolvoFMX_RST2004_6b8428296bc62ffae41fe4611e189495_4.jpg","contentUrl":"https:\/\/com.rst-steel.eu\/wp-content\/uploads\/2023\/08\/02a6fc8edcb20b3c7e53edd30e929ca86f48d3ae_KarjapuskuriDakarVolvoFMX_RST2004_6b8428296bc62ffae41fe4611e189495_4.jpg","width":1024,"height":768,"caption":"Bull Bar Dakar Volvo FMX"},{"@type":"BreadcrumbList","@id":"https:\/\/com.rst-steel.eu\/nb\/produkt\/bull-bar-dakar-v28-volvo-fmx_prm_9803\/#breadcrumb","itemListElement":[{"@type":"ListItem","position":1,"name":"Home","item":"https:\/\/com.rst-steel.eu\/"},{"@type":"ListItem","position":2,"name":"RST-Steel Shop","item":"https:\/\/com.rst-steel.eu\/shop\/"},{"@type":"ListItem","position":3,"name":"Bull Bar Dakar V28 Volvo FMX"}]},{"@type":"WebSite","@id":"https:\/\/com.rst-steel.eu\/#website","url":"https:\/\/com.rst-steel.eu\/","name":"RST-Stahl.com","description":"Finskt kvalitetsst\u00e5l, f\u00f6r kvalitetsmedvetna f\u00f6rare","publisher":{"@id":"https:\/\/com.rst-steel.eu\/#organization"},"alternateName":"Safe and stylish RST-Steel quality","potentialAction":[{"@type":"SearchAction","target":{"@type":"EntryPoint","urlTemplate":"https:\/\/com.rst-steel.eu\/?s={search_term_string}"},"query-input":{"@type":"PropertyValueSpecification","valueRequired":true,"valueName":"search_term_string"}}],"inLanguage":"sv-SE"},{"@type":"Organization","@id":"https:\/\/com.rst-steel.eu\/#organization","name":"RST-Steel Oy","url":"https:\/\/com.rst-steel.eu\/","logo":{"@type":"ImageObject","inLanguage":"sv-SE","@id":"https:\/\/com.rst-steel.eu\/#\/schema\/logo\/image\/","url":"https:\/\/com.rst-steel.eu\/wp-content\/uploads\/2023\/04\/cropped-Rst-logo-valkoinen-teksti-3.png","contentUrl":"https:\/\/com.rst-steel.eu\/wp-content\/uploads\/2023\/04\/cropped-Rst-logo-valkoinen-teksti-3.png","width":512,"height":115,"caption":"RST-Steel Oy"},"image":{"@id":"https:\/\/com.rst-steel.eu\/#\/schema\/logo\/image\/"},"sameAs":["https:\/\/www.facebook.com\/rststeel","https:\/\/www.instagram.com\/rststeeloy\/"]}]}},"brands":[{"id":8334,"name":"RST-Steel","slug":"brand_rststeel"}],"_links":{"self":[{"href":"https:\/\/com.rst-steel.eu\/sv\/wp-json\/wp\/v2\/product\/40435","targetHints":{"allow":["GET"]}}],"collection":[{"href":"https:\/\/com.rst-steel.eu\/sv\/wp-json\/wp\/v2\/product"}],"about":[{"href":"https:\/\/com.rst-steel.eu\/sv\/wp-json\/wp\/v2\/types\/product"}],"replies":[{"embeddable":true,"href":"https:\/\/com.rst-steel.eu\/sv\/wp-json\/wp\/v2\/comments?post=40435"}],"version-history":[{"count":0,"href":"https:\/\/com.rst-steel.eu\/sv\/wp-json\/wp\/v2\/product\/40435\/revisions"}],"wp:featuredmedia":[{"embeddable":true,"href":"https:\/\/com.rst-steel.eu\/sv\/wp-json\/wp\/v2\/media\/40434"}],"wp:attachment":[{"href":"https:\/\/com.rst-steel.eu\/sv\/wp-json\/wp\/v2\/media?parent=40435"}],"wp:term":[{"taxonomy":"make_fuel_type","embeddable":true,"href":"https:\/\/com.rst-steel.eu\/sv\/wp-json\/wp\/v2\/make_fuel_type?post=40435"},{"taxonomy":"make_model","embeddable":true,"href":"https:\/\/com.rst-steel.eu\/sv\/wp-json\/wp\/v2\/make_model?post=40435"},{"taxonomy":"make_brand","embeddable":true,"href":"https:\/\/com.rst-steel.eu\/sv\/wp-json\/wp\/v2\/make_brand?post=40435"},{"taxonomy":"make_year","embeddable":true,"href":"https:\/\/com.rst-steel.eu\/sv\/wp-json\/wp\/v2\/make_year?post=40435"},{"taxonomy":"pwb-brand","embeddable":true,"href":"https:\/\/com.rst-steel.eu\/sv\/wp-json\/wp\/v2\/pwb-brand?post=40435"},{"taxonomy":"product_brand","embeddable":true,"href":"https:\/\/com.rst-steel.eu\/sv\/wp-json\/wp\/v2\/product_brand?post=40435"},{"taxonomy":"product_cat","embeddable":true,"href":"https:\/\/com.rst-steel.eu\/sv\/wp-json\/wp\/v2\/product_cat?post=40435"},{"taxonomy":"product_tag","embeddable":true,"href":"https:\/\/com.rst-steel.eu\/sv\/wp-json\/wp\/v2\/product_tag?post=40435"}],"curies":[{"name":"wp","href":"https:\/\/api.w.org\/{rel}","templated":true}]}}