{"id":40424,"date":"2023-08-04T13:01:55","date_gmt":"2023-08-04T10:01:55","guid":{"rendered":"https:\/\/rst-steel.com\/product\/bull-bar-dakar-volvo-fh-2021-_prm_69695\/"},"modified":"2026-03-16T09:16:07","modified_gmt":"2026-03-16T06:16:07","slug":"bull-bar-dakar-v39-volvo-fh4-legalpro_prm_69695","status":"publish","type":"product","link":"https:\/\/com.rst-steel.eu\/sv\/produkt\/bull-bar-dakar-v39-volvo-fh4-legalpro_prm_69695\/","title":{"rendered":"Bull bar Dakar V39 Volvo FH4- (LegalPro)"},"content":{"rendered":"<h2 data-start=\"126\" data-end=\"138\">Egenskaper:<\/h2>\n<ul>\n<li><strong data-start=\"140\" data-end=\"158\">Kompatibilitet:<\/strong> Perfectly fits Dakar V39 Volvo FH4 models.<\/li>\n<li>\n<strong data-start=\"204\" data-end=\"219\">H\u00e5llbarhet:<\/strong> Tillverkad av h\u00f6gkvalitativt rostfritt st\u00e5l som \u00e4r utformat f\u00f6r att t\u00e5la \u00e4ven de tuffaste f\u00f6rh\u00e5llandena.<\/li>\n<li>\n<strong data-start=\"321\" data-end=\"343\">Enkel installation:<\/strong> Includes installation instructions and mounting hardware, allowing you to install the bull bar yourself.<\/li>\n<li>\n<strong data-start=\"451\" data-end=\"474\">Stylish appearance:<\/strong> This bull bar gives your vehicle a modern and dynamic look. Its sleek design and polished or painted steel finish make your truck stand out and look impressive.<\/li>\n<li>\n<strong data-start=\"638\" data-end=\"661\">Maximum protection:<\/strong> The bull bar provides effective protection for the front of your vehicle, helping to prevent damage in collisions. This reduces the risk of damage and helps keep your truck in good condition for longer.<\/li>\n<li><\/li>\n<\/ul>\n<h3 data-start=\"871\" data-end=\"957\">Obs! <span style=\"font-weight: normal\">I and J model bull bars comply with the following international regulations:<\/span><\/h3>\n<ul>\n<li><span style=\"font-weight: bold\">Swedish Transport Agency TSFS 2017:10<\/span><\/li>\n<li><span style=\"font-weight: bold\"><br \/>\nEU Directive 92\/114\/EEC<\/span><\/li>\n<li><span style=\"font-weight: bold\"><br \/>\nECE Regulation No. 61<\/span><\/li>\n<li><\/li>\n<\/ul>\n<p data-start=\"1050\" data-end=\"1189\">Based on this, the bull bars have received <span style=\"font-weight: bold\">official road traffic approval<\/span> och <span style=\"font-weight: bold\">can be legally used in all EU countries as well as in Norway.<\/span><\/p>\n<ul>\n<li><\/li>\n<\/ul>\n<p data-start=\"1191\" data-end=\"1243\"><strong data-start=\"1191\" data-end=\"1243\">What does a road traffic-approved bull bar mean?<\/strong><\/p>\n<p data-start=\"1245\" data-end=\"1432\">A road traffic-approved bull bar means that the product is fully approved for road traffic use in Europe and Norway, and it may remain installed on the vehicle during vehicle inspections.<\/p>\n<ul>\n<li><\/li>\n<\/ul>\n<p data-start=\"1475\" data-end=\"1574\">RST-Steel\u2019s bull bars are premium <span style=\"font-weight: bold\">Finnish-made<\/span> Key Flag products manufactured from stainless steel.<\/p>\n<p data-start=\"1576\" data-end=\"1798\">A bull bar protects the front of the truck in potential collision situations. It gives the vehicle a firm and stylish appearance, turns heads, and can spark admiration\u2014helping you and your company stand out from the crowd.<\/p>\n<p data-start=\"1800\" data-end=\"1958\">The bull bar can be equipped with auxiliary lights and position lights to improve visibility in traffic, while increasing safety for you and other road users.<\/p>\n<ul>\n<li><\/li>\n<\/ul>\n<p data-start=\"1960\" data-end=\"2049\"><span style=\"font-weight: bold\">The bull bar is designed for quick and easy removal, for example during maintenance work.<\/span><\/p>\n<ul>\n<li><\/li>\n<\/ul>\n<h2 data-start=\"2056\" data-end=\"2080\">Varf\u00f6r v\u00e4lja RST-Steel?<\/h2>\n<ul>\n<li><strong data-start=\"2082\" data-end=\"2098\">Tillf\u00f6rlitlighet:<\/strong> M\u00e5nga \u00e5rs erfarenhet och expertis s\u00e4kerst\u00e4ller v\u00e5ra produkters h\u00f6ga kvalitet och h\u00e5llbarhet.<\/li>\n<li>\n<strong data-start=\"2191\" data-end=\"2217\">Kundn\u00f6jdhet:<\/strong> Tusentals n\u00f6jda kunder \u00f6ver hela v\u00e4rlden litar p\u00e5 RST-Steel-produkter.<\/li>\n<li><\/li>\n<\/ul>\n<h2 data-start=\"2300\" data-end=\"2328\">Tekniska specifikationer<\/h2>\n<ul>\n<li><strong data-start=\"2330\" data-end=\"2340\">F\u00e4rg:<\/strong> Mirror-polished stainless steel or powder-coated in RAL standard colors<\/li>\n<li>\n<strong data-start=\"2415\" data-end=\"2434\">Pipe diameters:<\/strong> 76 mm \/ 60 mm<\/li>\n<li><\/li>\n<\/ul>\n<p><span style=\"font-weight: bold\"><a href=\"https:\/\/www.youtube.com\/watch?v=G2FVajPh-pM\">BULLBAR WIRING KIT INSTALLATION VIDEO IS HERE<\/a><\/span><\/p>\n<h2 data-start=\"2457\" data-end=\"2478\">Leveransens inneh\u00e5ll:<\/h2>\n<ul data-start=\"2480\" data-end=\"2570\">\n<li data-start=\"2480\" data-end=\"2492\">\n<p data-start=\"2482\" data-end=\"2492\">Frontskydd<\/p>\n<\/li>\n<li data-start=\"2493\" data-end=\"2540\">\n<p data-start=\"2495\" data-end=\"2540\">Monteringsf\u00e4sten som kr\u00e4vs f\u00f6r installation<\/p>\n<\/li>\n<li data-start=\"2541\" data-end=\"2570\">\n<p data-start=\"2543\" data-end=\"2570\">Instruktioner f\u00f6r installation<\/p>\n<ul>\n<li><\/li>\n<\/ul>\n<\/li>\n<\/ul>\n<p data-start=\"2572\" data-end=\"2632\"><strong data-start=\"2572\" data-end=\"2632\">K\u00f6p nu och skydda din lastbil p\u00e5 b\u00e4sta m\u00f6jliga s\u00e4tt!<\/strong><\/p>","protected":false},"excerpt":{"rendered":"<p>Flera modellalternativ tillg\u00e4ngliga!<\/p>","protected":false},"featured_media":120672,"comment_status":"open","ping_status":"closed","template":"","meta":{"_improvement_type_select":"improve_an_existing","_thumb_yes_seoaic":false,"_frame_yes_seoaic":false,"seoaic_generate_description":"","seoaic_improve_instructions_prompt":"","seoaic_rollback_content_improvement":"","seoaic_idea_thumbnail_generator":"","thumbnail_generated":false,"thumbnail_generate_prompt":"","seoaic_article_description":""},"make_fuel_type":[],"make_model":[5637,3743],"make_brand":[3745],"make_year":[3748],"pwb-brand":[8334],"product_brand":[],"product_cat":[7158],"product_tag":[8501,6683],"class_list":{"0":"post-40424","1":"product","2":"type-product","3":"status-publish","4":"has-post-thumbnail","6":"make_engine-normal-cab","7":"make_engine-globetrotter","8":"make_engine-globetrotter-xl-cab","9":"make_model-fh-2021","10":"make_model-fh4","11":"make_brand-volvo","12":"make_year-trucks","13":"pwb-brand-brand_rststeel","14":"product_cat-volvo-ka-kk","15":"product_tag-bullbar-dakar","16":"product_tag-frontskydd","17":"product_shipping_class-bullbars","19":"first","20":"instock","21":"taxable","22":"shipping-taxable","23":"purchasable","24":"product-type-variable"},"yoast_head":"<!-- This site is optimized with the Yoast SEO plugin v25.7 - https:\/\/yoast.com\/wordpress\/plugins\/seo\/ -->\n<title>Bull bar Dakar V39 Volvo FH4- (LegalPro) - RST-Steel<\/title>\n<meta name=\"description\" content=\"Bull Bar Dakar Volvo FH 2021- and FH4 models. RST-Steel\u2019s bull bars are high-quality products made of stainless steel.\u00a0Get to know the products!\" \/>\n<meta name=\"robots\" content=\"index, follow, max-snippet:-1, max-image-preview:large, max-video-preview:-1\" \/>\n<link rel=\"canonical\" href=\"https:\/\/com.rst-steel.eu\/sv\/produkt\/bull-bar-dakar-v39-volvo-fh4-legalpro_prm_69695\/\" \/>\n<meta property=\"og:locale\" content=\"sv_SE\" \/>\n<meta property=\"og:type\" content=\"article\" \/>\n<meta property=\"og:title\" content=\"Bull bar Dakar V39 Volvo FH4- (LegalPro) - RST-Steel\" \/>\n<meta property=\"og:description\" content=\"Bull Bar Dakar Volvo FH 2021- and FH4 models. RST-Steel\u2019s bull bars are high-quality products made of stainless steel.\u00a0Get to know the products!\" \/>\n<meta property=\"og:url\" content=\"https:\/\/com.rst-steel.eu\/sv\/produkt\/bull-bar-dakar-v39-volvo-fh4-legalpro_prm_69695\/\" \/>\n<meta property=\"og:site_name\" content=\"RST-Steel\" \/>\n<meta property=\"article:publisher\" content=\"https:\/\/www.facebook.com\/rststeel\" \/>\n<meta property=\"article:modified_time\" content=\"2026-03-16T06:16:07+00:00\" \/>\n<meta property=\"og:image\" content=\"https:\/\/com.rst-steel.eu\/wp-content\/uploads\/2026\/01\/27f4e2a1038f15134d5b1197ee8c5fe8d64ff364_VO0139__2_.jpg\" \/>\n\t<meta property=\"og:image:width\" content=\"2048\" \/>\n\t<meta property=\"og:image:height\" content=\"2048\" \/>\n\t<meta property=\"og:image:type\" content=\"image\/jpeg\" \/>\n<meta name=\"twitter:card\" content=\"summary_large_image\" \/>\n<meta name=\"twitter:label1\" content=\"Ber\u00e4knad l\u00e4stid\" \/>\n\t<meta name=\"twitter:data1\" content=\"2 minuter\" \/>\n<script type=\"application\/ld+json\" class=\"yoast-schema-graph\">{\"@context\":\"https:\/\/schema.org\",\"@graph\":[{\"@type\":\"WebPage\",\"@id\":\"https:\/\/com.rst-steel.eu\/sv\/produkt\/bull-bar-dakar-v39-volvo-fh4-legalpro_prm_69695\/\",\"url\":\"https:\/\/com.rst-steel.eu\/sv\/produkt\/bull-bar-dakar-v39-volvo-fh4-legalpro_prm_69695\/\",\"name\":\"Bull bar Dakar V39 Volvo FH4- (LegalPro) - RST-Steel\",\"isPartOf\":{\"@id\":\"https:\/\/com.rst-steel.eu\/#website\"},\"primaryImageOfPage\":{\"@id\":\"https:\/\/com.rst-steel.eu\/sv\/produkt\/bull-bar-dakar-v39-volvo-fh4-legalpro_prm_69695\/#primaryimage\"},\"image\":{\"@id\":\"https:\/\/com.rst-steel.eu\/sv\/produkt\/bull-bar-dakar-v39-volvo-fh4-legalpro_prm_69695\/#primaryimage\"},\"thumbnailUrl\":\"https:\/\/com.rst-steel.eu\/wp-content\/uploads\/2026\/01\/27f4e2a1038f15134d5b1197ee8c5fe8d64ff364_VO0139__2_.jpg\",\"datePublished\":\"2023-08-04T10:01:55+00:00\",\"dateModified\":\"2026-03-16T06:16:07+00:00\",\"description\":\"Bull Bar Dakar Volvo FH 2021- and FH4 models. RST-Steel\u2019s bull bars are high-quality products made of stainless steel.\u00a0Get to know the products!\",\"breadcrumb\":{\"@id\":\"https:\/\/com.rst-steel.eu\/sv\/produkt\/bull-bar-dakar-v39-volvo-fh4-legalpro_prm_69695\/#breadcrumb\"},\"inLanguage\":\"sv-SE\",\"potentialAction\":[{\"@type\":\"ReadAction\",\"target\":[\"https:\/\/com.rst-steel.eu\/sv\/produkt\/bull-bar-dakar-v39-volvo-fh4-legalpro_prm_69695\/\"]}]},{\"@type\":\"ImageObject\",\"inLanguage\":\"sv-SE\",\"@id\":\"https:\/\/com.rst-steel.eu\/sv\/produkt\/bull-bar-dakar-v39-volvo-fh4-legalpro_prm_69695\/#primaryimage\",\"url\":\"https:\/\/com.rst-steel.eu\/wp-content\/uploads\/2026\/01\/27f4e2a1038f15134d5b1197ee8c5fe8d64ff364_VO0139__2_.jpg\",\"contentUrl\":\"https:\/\/com.rst-steel.eu\/wp-content\/uploads\/2026\/01\/27f4e2a1038f15134d5b1197ee8c5fe8d64ff364_VO0139__2_.jpg\",\"width\":2048,\"height\":2048,\"caption\":\"Bull bar Dakar V39 Volvo FH4- (LegalPro)\"},{\"@type\":\"BreadcrumbList\",\"@id\":\"https:\/\/com.rst-steel.eu\/sv\/produkt\/bull-bar-dakar-v39-volvo-fh4-legalpro_prm_69695\/#breadcrumb\",\"itemListElement\":[{\"@type\":\"ListItem\",\"position\":1,\"name\":\"Home\",\"item\":\"https:\/\/com.rst-steel.eu\/\"},{\"@type\":\"ListItem\",\"position\":2,\"name\":\"RST-Steel Shop\",\"item\":\"https:\/\/com.rst-steel.eu\/shop\/\"},{\"@type\":\"ListItem\",\"position\":3,\"name\":\"Bull bar Dakar V39 Volvo FH4- (LegalPro)\"}]},{\"@type\":\"WebSite\",\"@id\":\"https:\/\/com.rst-steel.eu\/#website\",\"url\":\"https:\/\/com.rst-steel.eu\/\",\"name\":\"RST-Steel.com\",\"description\":\"Finnish quality steel, for quality-conscious drivers\",\"publisher\":{\"@id\":\"https:\/\/com.rst-steel.eu\/#organization\"},\"alternateName\":\"Safe and stylish RST-Steel quality\",\"potentialAction\":[{\"@type\":\"SearchAction\",\"target\":{\"@type\":\"EntryPoint\",\"urlTemplate\":\"https:\/\/com.rst-steel.eu\/?s={search_term_string}\"},\"query-input\":{\"@type\":\"PropertyValueSpecification\",\"valueRequired\":true,\"valueName\":\"search_term_string\"}}],\"inLanguage\":\"sv-SE\"},{\"@type\":\"Organization\",\"@id\":\"https:\/\/com.rst-steel.eu\/#organization\",\"name\":\"RST-Steel Oy\",\"url\":\"https:\/\/com.rst-steel.eu\/\",\"logo\":{\"@type\":\"ImageObject\",\"inLanguage\":\"sv-SE\",\"@id\":\"https:\/\/com.rst-steel.eu\/#\/schema\/logo\/image\/\",\"url\":\"https:\/\/com.rst-steel.eu\/wp-content\/uploads\/2023\/04\/cropped-Rst-logo-valkoinen-teksti-3.png\",\"contentUrl\":\"https:\/\/com.rst-steel.eu\/wp-content\/uploads\/2023\/04\/cropped-Rst-logo-valkoinen-teksti-3.png\",\"width\":512,\"height\":115,\"caption\":\"RST-Steel Oy\"},\"image\":{\"@id\":\"https:\/\/com.rst-steel.eu\/#\/schema\/logo\/image\/\"},\"sameAs\":[\"https:\/\/www.facebook.com\/rststeel\",\"https:\/\/www.instagram.com\/rststeeloy\/\"]}]}<\/script>\n<!-- \/ Yoast SEO plugin. -->","yoast_head_json":{"title":"Bull bar Dakar V39 Volvo FH4- (LegalPro) - RST-Steel","description":"Bull Bar Dakar Volvo FH 2021- och FH4-modeller. RST-Steel:s bull bars \u00e4r h\u00f6gkvalitativa produkter tillverkade av rostfritt st\u00e5l. L\u00e4r k\u00e4nna produkterna!","robots":{"index":"index","follow":"follow","max-snippet":"max-snippet:-1","max-image-preview":"max-image-preview:large","max-video-preview":"max-video-preview:-1"},"canonical":"https:\/\/com.rst-steel.eu\/sv\/produkt\/bull-bar-dakar-v39-volvo-fh4-legalpro_prm_69695\/","og_locale":"sv_SE","og_type":"article","og_title":"Bull bar Dakar V39 Volvo FH4- (LegalPro) - RST-Steel","og_description":"Bull Bar Dakar Volvo FH 2021- and FH4 models. RST-Steel\u2019s bull bars are high-quality products made of stainless steel.\u00a0Get to know the products!","og_url":"https:\/\/com.rst-steel.eu\/sv\/produkt\/bull-bar-dakar-v39-volvo-fh4-legalpro_prm_69695\/","og_site_name":"RST-Steel","article_publisher":"https:\/\/www.facebook.com\/rststeel","article_modified_time":"2026-03-16T06:16:07+00:00","og_image":[{"width":2048,"height":2048,"url":"https:\/\/com.rst-steel.eu\/wp-content\/uploads\/2026\/01\/27f4e2a1038f15134d5b1197ee8c5fe8d64ff364_VO0139__2_.jpg","type":"image\/jpeg"}],"twitter_card":"summary_large_image","twitter_misc":{"Ber\u00e4knad l\u00e4stid":"2 minuter"},"schema":{"@context":"https:\/\/schema.org","@graph":[{"@type":"WebPage","@id":"https:\/\/com.rst-steel.eu\/sv\/produkt\/bull-bar-dakar-v39-volvo-fh4-legalpro_prm_69695\/","url":"https:\/\/com.rst-steel.eu\/sv\/produkt\/bull-bar-dakar-v39-volvo-fh4-legalpro_prm_69695\/","name":"Bull bar Dakar V39 Volvo FH4- (LegalPro) - RST-Steel","isPartOf":{"@id":"https:\/\/com.rst-steel.eu\/#website"},"primaryImageOfPage":{"@id":"https:\/\/com.rst-steel.eu\/sv\/produkt\/bull-bar-dakar-v39-volvo-fh4-legalpro_prm_69695\/#primaryimage"},"image":{"@id":"https:\/\/com.rst-steel.eu\/sv\/produkt\/bull-bar-dakar-v39-volvo-fh4-legalpro_prm_69695\/#primaryimage"},"thumbnailUrl":"https:\/\/com.rst-steel.eu\/wp-content\/uploads\/2026\/01\/27f4e2a1038f15134d5b1197ee8c5fe8d64ff364_VO0139__2_.jpg","datePublished":"2023-08-04T10:01:55+00:00","dateModified":"2026-03-16T06:16:07+00:00","description":"Bull Bar Dakar Volvo FH 2021- och FH4-modeller. RST-Steel:s bull bars \u00e4r h\u00f6gkvalitativa produkter tillverkade av rostfritt st\u00e5l. L\u00e4r k\u00e4nna produkterna!","breadcrumb":{"@id":"https:\/\/com.rst-steel.eu\/sv\/produkt\/bull-bar-dakar-v39-volvo-fh4-legalpro_prm_69695\/#breadcrumb"},"inLanguage":"sv-SE","potentialAction":[{"@type":"ReadAction","target":["https:\/\/com.rst-steel.eu\/sv\/produkt\/bull-bar-dakar-v39-volvo-fh4-legalpro_prm_69695\/"]}]},{"@type":"ImageObject","inLanguage":"sv-SE","@id":"https:\/\/com.rst-steel.eu\/sv\/produkt\/bull-bar-dakar-v39-volvo-fh4-legalpro_prm_69695\/#primaryimage","url":"https:\/\/com.rst-steel.eu\/wp-content\/uploads\/2026\/01\/27f4e2a1038f15134d5b1197ee8c5fe8d64ff364_VO0139__2_.jpg","contentUrl":"https:\/\/com.rst-steel.eu\/wp-content\/uploads\/2026\/01\/27f4e2a1038f15134d5b1197ee8c5fe8d64ff364_VO0139__2_.jpg","width":2048,"height":2048,"caption":"Bull bar Dakar V39 Volvo FH4- (LegalPro)"},{"@type":"BreadcrumbList","@id":"https:\/\/com.rst-steel.eu\/sv\/produkt\/bull-bar-dakar-v39-volvo-fh4-legalpro_prm_69695\/#breadcrumb","itemListElement":[{"@type":"ListItem","position":1,"name":"Home","item":"https:\/\/com.rst-steel.eu\/"},{"@type":"ListItem","position":2,"name":"RST-Steel Shop","item":"https:\/\/com.rst-steel.eu\/shop\/"},{"@type":"ListItem","position":3,"name":"Bull bar Dakar V39 Volvo FH4- (LegalPro)"}]},{"@type":"WebSite","@id":"https:\/\/com.rst-steel.eu\/#website","url":"https:\/\/com.rst-steel.eu\/","name":"RST-Stahl.com","description":"Finskt kvalitetsst\u00e5l, f\u00f6r kvalitetsmedvetna f\u00f6rare","publisher":{"@id":"https:\/\/com.rst-steel.eu\/#organization"},"alternateName":"Safe and stylish RST-Steel quality","potentialAction":[{"@type":"SearchAction","target":{"@type":"EntryPoint","urlTemplate":"https:\/\/com.rst-steel.eu\/?s={search_term_string}"},"query-input":{"@type":"PropertyValueSpecification","valueRequired":true,"valueName":"search_term_string"}}],"inLanguage":"sv-SE"},{"@type":"Organization","@id":"https:\/\/com.rst-steel.eu\/#organization","name":"RST-Steel Oy","url":"https:\/\/com.rst-steel.eu\/","logo":{"@type":"ImageObject","inLanguage":"sv-SE","@id":"https:\/\/com.rst-steel.eu\/#\/schema\/logo\/image\/","url":"https:\/\/com.rst-steel.eu\/wp-content\/uploads\/2023\/04\/cropped-Rst-logo-valkoinen-teksti-3.png","contentUrl":"https:\/\/com.rst-steel.eu\/wp-content\/uploads\/2023\/04\/cropped-Rst-logo-valkoinen-teksti-3.png","width":512,"height":115,"caption":"RST-Steel Oy"},"image":{"@id":"https:\/\/com.rst-steel.eu\/#\/schema\/logo\/image\/"},"sameAs":["https:\/\/www.facebook.com\/rststeel","https:\/\/www.instagram.com\/rststeeloy\/"]}]}},"brands":[{"id":8334,"name":"RST-Steel","slug":"brand_rststeel"}],"_links":{"self":[{"href":"https:\/\/com.rst-steel.eu\/sv\/wp-json\/wp\/v2\/product\/40424","targetHints":{"allow":["GET"]}}],"collection":[{"href":"https:\/\/com.rst-steel.eu\/sv\/wp-json\/wp\/v2\/product"}],"about":[{"href":"https:\/\/com.rst-steel.eu\/sv\/wp-json\/wp\/v2\/types\/product"}],"replies":[{"embeddable":true,"href":"https:\/\/com.rst-steel.eu\/sv\/wp-json\/wp\/v2\/comments?post=40424"}],"version-history":[{"count":0,"href":"https:\/\/com.rst-steel.eu\/sv\/wp-json\/wp\/v2\/product\/40424\/revisions"}],"wp:featuredmedia":[{"embeddable":true,"href":"https:\/\/com.rst-steel.eu\/sv\/wp-json\/wp\/v2\/media\/120672"}],"wp:attachment":[{"href":"https:\/\/com.rst-steel.eu\/sv\/wp-json\/wp\/v2\/media?parent=40424"}],"wp:term":[{"taxonomy":"make_fuel_type","embeddable":true,"href":"https:\/\/com.rst-steel.eu\/sv\/wp-json\/wp\/v2\/make_fuel_type?post=40424"},{"taxonomy":"make_model","embeddable":true,"href":"https:\/\/com.rst-steel.eu\/sv\/wp-json\/wp\/v2\/make_model?post=40424"},{"taxonomy":"make_brand","embeddable":true,"href":"https:\/\/com.rst-steel.eu\/sv\/wp-json\/wp\/v2\/make_brand?post=40424"},{"taxonomy":"make_year","embeddable":true,"href":"https:\/\/com.rst-steel.eu\/sv\/wp-json\/wp\/v2\/make_year?post=40424"},{"taxonomy":"pwb-brand","embeddable":true,"href":"https:\/\/com.rst-steel.eu\/sv\/wp-json\/wp\/v2\/pwb-brand?post=40424"},{"taxonomy":"product_brand","embeddable":true,"href":"https:\/\/com.rst-steel.eu\/sv\/wp-json\/wp\/v2\/product_brand?post=40424"},{"taxonomy":"product_cat","embeddable":true,"href":"https:\/\/com.rst-steel.eu\/sv\/wp-json\/wp\/v2\/product_cat?post=40424"},{"taxonomy":"product_tag","embeddable":true,"href":"https:\/\/com.rst-steel.eu\/sv\/wp-json\/wp\/v2\/product_tag?post=40424"}],"curies":[{"name":"wp","href":"https:\/\/api.w.org\/{rel}","templated":true}]}}