{"id":39399,"date":"2023-06-02T12:00:16","date_gmt":"2023-06-02T09:00:16","guid":{"rendered":"https:\/\/rst-steel.com\/product\/lazer-roof-mounting-kits_prm_65444\/"},"modified":"2026-03-16T09:21:11","modified_gmt":"2026-03-16T06:21:11","slug":"lazer-kattokiinnikkeet_prm_65444","status":"publish","type":"product","link":"https:\/\/com.rst-steel.eu\/sv\/produkt\/lazer-kattokiinnikkeet_prm_65444\/","title":{"rendered":"Lazer Takmonteringssatser"},"content":{"rendered":"<p>Lazer Takmonteringssatser<\/p>\n<ul>\n<li><\/li>\n<\/ul>\n<p>Lazer Lamps sortiment av universella takmonteringssatser best\u00e5r av rostfria st\u00e5lf\u00e4sten som levereras tillsammans med ett omfattande sortiment av st\u00f6ldskydd, som \u00e4r utformade f\u00f6r att underl\u00e4tta installationen av v\u00e5ra takmonterade ljusramper, fr\u00e5n allt mellan 39\" till 52\" i l\u00e4ngd. F\u00e4stena finns i olika h\u00f6jder och passar fordon med eller utan takr\u00e4cken.<\/p>\n<ul>\n<li><\/li>\n<\/ul>\n<p>F\u00e4stena \u00e4r tillverkade av rostfritt A2-st\u00e5l och ytbehandlade med en UV-stabil, satinsvart pulverlack och \u00e4r helt korrosionsbest\u00e4ndiga i enlighet med kvalitetsstandarder f\u00f6r fordonsindustrin, liksom de medf\u00f6ljande f\u00f6rs\u00e4nkta st\u00f6ldskyddade f\u00e4stelementen, som finns i olika l\u00e4ngder fr\u00e5n 20 mm-80 mm. F\u00f6r att komplettera monteringen av ljusramper av olika l\u00e4ngd medf\u00f6ljer cylindriska distanser av varierande l\u00e4ngd f\u00f6r att underl\u00e4tta positioneringen.<\/p>\n<ul>\n<li><\/li>\n<\/ul>\n<p><strong>What\u2019s included:<\/strong><\/p>\n<ul>\n<li>2x monteringsf\u00e4ste i rostfritt st\u00e5l (LH\/RH)<\/li>\n<li>1x St\u00f6ldskyddssats f\u00f6r f\u00e4stanordningar (olika storlekar)<\/li>\n<li>1x Distanssats (olika storlekar)<\/li>\n<li>4x nitar (svart)<\/li>\n<li>2x Kabelgenomf\u00f6ring<\/li>\n<li>1x VHB reng\u00f6ringsp\u00e5se<\/li>\n<li>2x v\u00e4rmekrympande Butt Skarvar<\/li>\n<\/ul>","protected":false},"excerpt":{"rendered":"<p>Flera modellalternativ tillg\u00e4ngliga!<\/p>","protected":false},"featured_media":39398,"comment_status":"open","ping_status":"closed","template":"","meta":{"_improvement_type_select":"improve_an_existing","_thumb_yes_seoaic":false,"_frame_yes_seoaic":false,"seoaic_generate_description":"","seoaic_improve_instructions_prompt":"","seoaic_rollback_content_improvement":"","seoaic_idea_thumbnail_generator":"","thumbnail_generated":false,"thumbnail_generate_prompt":"","seoaic_article_description":""},"make_fuel_type":[],"make_model":[],"make_brand":[],"make_year":[],"pwb-brand":[8332],"product_brand":[],"product_cat":[6195,6242,6243],"product_tag":[],"class_list":{"0":"post-39399","1":"product","2":"type-product","3":"status-publish","4":"has-post-thumbnail","6":"pwb-brand-brand_lazerlamps","7":"product_cat-lamps","8":"product_cat-mounting-accessories","9":"product_cat-lazer-lamps-accessories","11":"first","12":"instock","13":"taxable","14":"shipping-taxable","15":"purchasable","16":"product-type-variable"},"yoast_head":"<!-- This site is optimized with the Yoast SEO plugin v25.7 - https:\/\/yoast.com\/wordpress\/plugins\/seo\/ -->\n<title>Lazer Roof Mounting Kits - RST-Steel<\/title>\n<meta name=\"description\" content=\"Lazer Roof Mounting Kits. Available for several auxiliary lights. Check out the product selection and order now! Fast shipping!\" \/>\n<meta name=\"robots\" content=\"index, follow, max-snippet:-1, max-image-preview:large, max-video-preview:-1\" \/>\n<link rel=\"canonical\" href=\"https:\/\/com.rst-steel.eu\/sv\/produkt\/lazer-kattokiinnikkeet_prm_65444\/\" \/>\n<meta property=\"og:locale\" content=\"sv_SE\" \/>\n<meta property=\"og:type\" content=\"article\" \/>\n<meta property=\"og:title\" content=\"Lazer Roof Mounting Kits - RST-Steel\" \/>\n<meta property=\"og:description\" content=\"Lazer Roof Mounting Kits. Available for several auxiliary lights. Check out the product selection and order now! Fast shipping!\" \/>\n<meta property=\"og:url\" content=\"https:\/\/com.rst-steel.eu\/sv\/produkt\/lazer-kattokiinnikkeet_prm_65444\/\" \/>\n<meta property=\"og:site_name\" content=\"RST-Steel\" \/>\n<meta property=\"article:publisher\" content=\"https:\/\/www.facebook.com\/rststeel\" \/>\n<meta property=\"article:modified_time\" content=\"2026-03-16T06:21:11+00:00\" \/>\n<meta property=\"og:image\" content=\"https:\/\/com.rst-steel.eu\/wp-content\/uploads\/2023\/06\/898ae1f9101daaaf23cc4f0a59dbf088266031e7_Triple_R_24___Lazer_Lamps_LED_Spotlights___Fiat_Fullback___Web.jpg\" \/>\n\t<meta property=\"og:image:width\" content=\"1000\" \/>\n\t<meta property=\"og:image:height\" content=\"750\" \/>\n\t<meta property=\"og:image:type\" content=\"image\/jpeg\" \/>\n<meta name=\"twitter:card\" content=\"summary_large_image\" \/>\n<meta name=\"twitter:label1\" content=\"Ber\u00e4knad l\u00e4stid\" \/>\n\t<meta name=\"twitter:data1\" content=\"1 minut\" \/>\n<script type=\"application\/ld+json\" class=\"yoast-schema-graph\">{\"@context\":\"https:\/\/schema.org\",\"@graph\":[{\"@type\":\"WebPage\",\"@id\":\"https:\/\/com.rst-steel.eu\/product\/lazer-roof-mounting-kits_prm_65444\/\",\"url\":\"https:\/\/com.rst-steel.eu\/product\/lazer-roof-mounting-kits_prm_65444\/\",\"name\":\"Lazer Roof Mounting Kits - RST-Steel\",\"isPartOf\":{\"@id\":\"https:\/\/com.rst-steel.eu\/#website\"},\"primaryImageOfPage\":{\"@id\":\"https:\/\/com.rst-steel.eu\/product\/lazer-roof-mounting-kits_prm_65444\/#primaryimage\"},\"image\":{\"@id\":\"https:\/\/com.rst-steel.eu\/product\/lazer-roof-mounting-kits_prm_65444\/#primaryimage\"},\"thumbnailUrl\":\"https:\/\/com.rst-steel.eu\/wp-content\/uploads\/2023\/06\/898ae1f9101daaaf23cc4f0a59dbf088266031e7_Triple_R_24___Lazer_Lamps_LED_Spotlights___Fiat_Fullback___Web.jpg\",\"datePublished\":\"2023-06-02T09:00:16+00:00\",\"dateModified\":\"2026-03-16T06:21:11+00:00\",\"description\":\"Lazer Roof Mounting Kits. Available for several auxiliary lights. Check out the product selection and order now! Fast shipping!\",\"breadcrumb\":{\"@id\":\"https:\/\/com.rst-steel.eu\/product\/lazer-roof-mounting-kits_prm_65444\/#breadcrumb\"},\"inLanguage\":\"sv-SE\",\"potentialAction\":[{\"@type\":\"ReadAction\",\"target\":[\"https:\/\/com.rst-steel.eu\/product\/lazer-roof-mounting-kits_prm_65444\/\"]}]},{\"@type\":\"ImageObject\",\"inLanguage\":\"sv-SE\",\"@id\":\"https:\/\/com.rst-steel.eu\/product\/lazer-roof-mounting-kits_prm_65444\/#primaryimage\",\"url\":\"https:\/\/com.rst-steel.eu\/wp-content\/uploads\/2023\/06\/898ae1f9101daaaf23cc4f0a59dbf088266031e7_Triple_R_24___Lazer_Lamps_LED_Spotlights___Fiat_Fullback___Web.jpg\",\"contentUrl\":\"https:\/\/com.rst-steel.eu\/wp-content\/uploads\/2023\/06\/898ae1f9101daaaf23cc4f0a59dbf088266031e7_Triple_R_24___Lazer_Lamps_LED_Spotlights___Fiat_Fullback___Web.jpg\",\"width\":1000,\"height\":750,\"caption\":\"Lazer Roof Mounting Kits\"},{\"@type\":\"BreadcrumbList\",\"@id\":\"https:\/\/com.rst-steel.eu\/product\/lazer-roof-mounting-kits_prm_65444\/#breadcrumb\",\"itemListElement\":[{\"@type\":\"ListItem\",\"position\":1,\"name\":\"Home\",\"item\":\"https:\/\/com.rst-steel.eu\/\"},{\"@type\":\"ListItem\",\"position\":2,\"name\":\"RST-Steel Shop\",\"item\":\"https:\/\/com.rst-steel.eu\/shop\/\"},{\"@type\":\"ListItem\",\"position\":3,\"name\":\"Lazer Roof Mounting Kits\"}]},{\"@type\":\"WebSite\",\"@id\":\"https:\/\/com.rst-steel.eu\/#website\",\"url\":\"https:\/\/com.rst-steel.eu\/\",\"name\":\"RST-Steel.com\",\"description\":\"Finnish quality steel, for quality-conscious drivers\",\"publisher\":{\"@id\":\"https:\/\/com.rst-steel.eu\/#organization\"},\"alternateName\":\"Safe and stylish RST-Steel quality\",\"potentialAction\":[{\"@type\":\"SearchAction\",\"target\":{\"@type\":\"EntryPoint\",\"urlTemplate\":\"https:\/\/com.rst-steel.eu\/?s={search_term_string}\"},\"query-input\":{\"@type\":\"PropertyValueSpecification\",\"valueRequired\":true,\"valueName\":\"search_term_string\"}}],\"inLanguage\":\"sv-SE\"},{\"@type\":\"Organization\",\"@id\":\"https:\/\/com.rst-steel.eu\/#organization\",\"name\":\"RST-Steel Oy\",\"url\":\"https:\/\/com.rst-steel.eu\/\",\"logo\":{\"@type\":\"ImageObject\",\"inLanguage\":\"sv-SE\",\"@id\":\"https:\/\/com.rst-steel.eu\/#\/schema\/logo\/image\/\",\"url\":\"https:\/\/com.rst-steel.eu\/wp-content\/uploads\/2023\/04\/cropped-Rst-logo-valkoinen-teksti-3.png\",\"contentUrl\":\"https:\/\/com.rst-steel.eu\/wp-content\/uploads\/2023\/04\/cropped-Rst-logo-valkoinen-teksti-3.png\",\"width\":512,\"height\":115,\"caption\":\"RST-Steel Oy\"},\"image\":{\"@id\":\"https:\/\/com.rst-steel.eu\/#\/schema\/logo\/image\/\"},\"sameAs\":[\"https:\/\/www.facebook.com\/rststeel\",\"https:\/\/www.instagram.com\/rststeeloy\/\"]}]}<\/script>\n<!-- \/ Yoast SEO plugin. -->","yoast_head_json":{"title":"Lazer Takmonteringssatser - RST-Steel","description":"Lazer Takmonteringssatser. Finns f\u00f6r flera extraljus. Kolla in produkturvalet och best\u00e4ll nu! Snabb leverans!","robots":{"index":"index","follow":"follow","max-snippet":"max-snippet:-1","max-image-preview":"max-image-preview:large","max-video-preview":"max-video-preview:-1"},"canonical":"https:\/\/com.rst-steel.eu\/sv\/produkt\/lazer-kattokiinnikkeet_prm_65444\/","og_locale":"sv_SE","og_type":"article","og_title":"Lazer Roof Mounting Kits - RST-Steel","og_description":"Lazer Roof Mounting Kits. Available for several auxiliary lights. Check out the product selection and order now! Fast shipping!","og_url":"https:\/\/com.rst-steel.eu\/sv\/produkt\/lazer-kattokiinnikkeet_prm_65444\/","og_site_name":"RST-Steel","article_publisher":"https:\/\/www.facebook.com\/rststeel","article_modified_time":"2026-03-16T06:21:11+00:00","og_image":[{"width":1000,"height":750,"url":"https:\/\/com.rst-steel.eu\/wp-content\/uploads\/2023\/06\/898ae1f9101daaaf23cc4f0a59dbf088266031e7_Triple_R_24___Lazer_Lamps_LED_Spotlights___Fiat_Fullback___Web.jpg","type":"image\/jpeg"}],"twitter_card":"summary_large_image","twitter_misc":{"Ber\u00e4knad l\u00e4stid":"1 minut"},"schema":{"@context":"https:\/\/schema.org","@graph":[{"@type":"WebPage","@id":"https:\/\/com.rst-steel.eu\/product\/lazer-roof-mounting-kits_prm_65444\/","url":"https:\/\/com.rst-steel.eu\/product\/lazer-roof-mounting-kits_prm_65444\/","name":"Lazer Takmonteringssatser - RST-Steel","isPartOf":{"@id":"https:\/\/com.rst-steel.eu\/#website"},"primaryImageOfPage":{"@id":"https:\/\/com.rst-steel.eu\/product\/lazer-roof-mounting-kits_prm_65444\/#primaryimage"},"image":{"@id":"https:\/\/com.rst-steel.eu\/product\/lazer-roof-mounting-kits_prm_65444\/#primaryimage"},"thumbnailUrl":"https:\/\/com.rst-steel.eu\/wp-content\/uploads\/2023\/06\/898ae1f9101daaaf23cc4f0a59dbf088266031e7_Triple_R_24___Lazer_Lamps_LED_Spotlights___Fiat_Fullback___Web.jpg","datePublished":"2023-06-02T09:00:16+00:00","dateModified":"2026-03-16T06:21:11+00:00","description":"Lazer Takmonteringssatser. Finns f\u00f6r flera extraljus. Kolla in produkturvalet och best\u00e4ll nu! Snabb leverans!","breadcrumb":{"@id":"https:\/\/com.rst-steel.eu\/product\/lazer-roof-mounting-kits_prm_65444\/#breadcrumb"},"inLanguage":"sv-SE","potentialAction":[{"@type":"ReadAction","target":["https:\/\/com.rst-steel.eu\/product\/lazer-roof-mounting-kits_prm_65444\/"]}]},{"@type":"ImageObject","inLanguage":"sv-SE","@id":"https:\/\/com.rst-steel.eu\/product\/lazer-roof-mounting-kits_prm_65444\/#primaryimage","url":"https:\/\/com.rst-steel.eu\/wp-content\/uploads\/2023\/06\/898ae1f9101daaaf23cc4f0a59dbf088266031e7_Triple_R_24___Lazer_Lamps_LED_Spotlights___Fiat_Fullback___Web.jpg","contentUrl":"https:\/\/com.rst-steel.eu\/wp-content\/uploads\/2023\/06\/898ae1f9101daaaf23cc4f0a59dbf088266031e7_Triple_R_24___Lazer_Lamps_LED_Spotlights___Fiat_Fullback___Web.jpg","width":1000,"height":750,"caption":"Lazer Roof Mounting Kits"},{"@type":"BreadcrumbList","@id":"https:\/\/com.rst-steel.eu\/product\/lazer-roof-mounting-kits_prm_65444\/#breadcrumb","itemListElement":[{"@type":"ListItem","position":1,"name":"Home","item":"https:\/\/com.rst-steel.eu\/"},{"@type":"ListItem","position":2,"name":"RST-Steel Shop","item":"https:\/\/com.rst-steel.eu\/shop\/"},{"@type":"ListItem","position":3,"name":"Lazer Roof Mounting Kits"}]},{"@type":"WebSite","@id":"https:\/\/com.rst-steel.eu\/#website","url":"https:\/\/com.rst-steel.eu\/","name":"RST-Stahl.com","description":"Finskt kvalitetsst\u00e5l, f\u00f6r kvalitetsmedvetna f\u00f6rare","publisher":{"@id":"https:\/\/com.rst-steel.eu\/#organization"},"alternateName":"Safe and stylish RST-Steel quality","potentialAction":[{"@type":"SearchAction","target":{"@type":"EntryPoint","urlTemplate":"https:\/\/com.rst-steel.eu\/?s={search_term_string}"},"query-input":{"@type":"PropertyValueSpecification","valueRequired":true,"valueName":"search_term_string"}}],"inLanguage":"sv-SE"},{"@type":"Organization","@id":"https:\/\/com.rst-steel.eu\/#organization","name":"RST-Steel Oy","url":"https:\/\/com.rst-steel.eu\/","logo":{"@type":"ImageObject","inLanguage":"sv-SE","@id":"https:\/\/com.rst-steel.eu\/#\/schema\/logo\/image\/","url":"https:\/\/com.rst-steel.eu\/wp-content\/uploads\/2023\/04\/cropped-Rst-logo-valkoinen-teksti-3.png","contentUrl":"https:\/\/com.rst-steel.eu\/wp-content\/uploads\/2023\/04\/cropped-Rst-logo-valkoinen-teksti-3.png","width":512,"height":115,"caption":"RST-Steel Oy"},"image":{"@id":"https:\/\/com.rst-steel.eu\/#\/schema\/logo\/image\/"},"sameAs":["https:\/\/www.facebook.com\/rststeel","https:\/\/www.instagram.com\/rststeeloy\/"]}]}},"brands":[{"id":8332,"name":"Lazer Lamps","slug":"brand_lazerlamps"}],"_links":{"self":[{"href":"https:\/\/com.rst-steel.eu\/sv\/wp-json\/wp\/v2\/product\/39399","targetHints":{"allow":["GET"]}}],"collection":[{"href":"https:\/\/com.rst-steel.eu\/sv\/wp-json\/wp\/v2\/product"}],"about":[{"href":"https:\/\/com.rst-steel.eu\/sv\/wp-json\/wp\/v2\/types\/product"}],"replies":[{"embeddable":true,"href":"https:\/\/com.rst-steel.eu\/sv\/wp-json\/wp\/v2\/comments?post=39399"}],"version-history":[{"count":0,"href":"https:\/\/com.rst-steel.eu\/sv\/wp-json\/wp\/v2\/product\/39399\/revisions"}],"wp:featuredmedia":[{"embeddable":true,"href":"https:\/\/com.rst-steel.eu\/sv\/wp-json\/wp\/v2\/media\/39398"}],"wp:attachment":[{"href":"https:\/\/com.rst-steel.eu\/sv\/wp-json\/wp\/v2\/media?parent=39399"}],"wp:term":[{"taxonomy":"make_fuel_type","embeddable":true,"href":"https:\/\/com.rst-steel.eu\/sv\/wp-json\/wp\/v2\/make_fuel_type?post=39399"},{"taxonomy":"make_model","embeddable":true,"href":"https:\/\/com.rst-steel.eu\/sv\/wp-json\/wp\/v2\/make_model?post=39399"},{"taxonomy":"make_brand","embeddable":true,"href":"https:\/\/com.rst-steel.eu\/sv\/wp-json\/wp\/v2\/make_brand?post=39399"},{"taxonomy":"make_year","embeddable":true,"href":"https:\/\/com.rst-steel.eu\/sv\/wp-json\/wp\/v2\/make_year?post=39399"},{"taxonomy":"pwb-brand","embeddable":true,"href":"https:\/\/com.rst-steel.eu\/sv\/wp-json\/wp\/v2\/pwb-brand?post=39399"},{"taxonomy":"product_brand","embeddable":true,"href":"https:\/\/com.rst-steel.eu\/sv\/wp-json\/wp\/v2\/product_brand?post=39399"},{"taxonomy":"product_cat","embeddable":true,"href":"https:\/\/com.rst-steel.eu\/sv\/wp-json\/wp\/v2\/product_cat?post=39399"},{"taxonomy":"product_tag","embeddable":true,"href":"https:\/\/com.rst-steel.eu\/sv\/wp-json\/wp\/v2\/product_tag?post=39399"}],"curies":[{"name":"wp","href":"https:\/\/api.w.org\/{rel}","templated":true}]}}