{"id":38986,"date":"2023-05-25T11:39:42","date_gmt":"2023-05-25T08:39:42","guid":{"rendered":"https:\/\/rst-steel.com\/product\/floor-mats-john-deere-5r-2019-_prm_69604\/"},"modified":"2026-03-16T09:18:54","modified_gmt":"2026-03-16T06:18:54","slug":"floor-mats-for-john-deere-5r-2019-_prm_69604","status":"publish","type":"product","link":"https:\/\/com.rst-steel.eu\/sv\/produkt\/floor-mats-for-john-deere-5r-2019-_prm_69604\/","title":{"rendered":"Golvmatta John Deere 5R 2019 \u2013"},"content":{"rendered":"<p>Golvmatta John Deere 5R 2019 \u2013<\/p>\n<p>samt andra maskiner med samma hytt.<\/p>\n<p><\/p>\n<p>Mattsats i mycket fin kvalitet, anpassad f\u00f6r maskink\u00f6rning utan skor.<\/p>\n<p>Diamantm\u00f6nster med vaddering, som syns p\u00e5 bilden. Dessutom har mattorna en stilren RST-Steel-logotyp!<\/p>","protected":false},"excerpt":{"rendered":"<p>Det finns flera f\u00e4rgalternativ att v\u00e4lja bland.<\/p>","protected":false},"featured_media":38983,"comment_status":"open","ping_status":"closed","template":"","meta":{"_improvement_type_select":"improve_an_existing","_thumb_yes_seoaic":false,"_frame_yes_seoaic":false,"seoaic_generate_description":"","seoaic_improve_instructions_prompt":"","seoaic_rollback_content_improvement":"","seoaic_idea_thumbnail_generator":"","thumbnail_generated":false,"thumbnail_generate_prompt":"","seoaic_article_description":""},"make_fuel_type":[],"make_model":[],"make_brand":[6357],"make_year":[6360],"pwb-brand":[],"product_brand":[],"product_cat":[8302,6097,6488],"product_tag":[8490,6653],"class_list":{"0":"post-38986","1":"product","2":"type-product","3":"status-publish","4":"has-post-thumbnail","6":"make_brand-john-deere-com","7":"make_year-tractor-com","8":"product_cat-fm-tr-jd","9":"product_cat-cabin-inside","10":"product_cat-floormatstractors","11":"product_tag-floor-mats","12":"product_tag-john-deere","14":"first","15":"onbackorder","16":"taxable","17":"shipping-taxable","18":"purchasable","19":"product-type-variable"},"yoast_head":"<!-- This site is optimized with the Yoast SEO plugin v25.7 - https:\/\/yoast.com\/wordpress\/plugins\/seo\/ -->\n<title>Floor Mats John Deere 5R 2019- RST-Steel<\/title>\n<meta name=\"description\" content=\"Floor Mats John Deere 5R 2019-models. Several color options available! Check out the products and order now! Fast shipping!\" \/>\n<meta name=\"robots\" content=\"index, follow, max-snippet:-1, max-image-preview:large, max-video-preview:-1\" \/>\n<link rel=\"canonical\" href=\"https:\/\/com.rst-steel.eu\/sv\/produkt\/floor-mats-for-john-deere-5r-2019-_prm_69604\/\" \/>\n<meta property=\"og:locale\" content=\"sv_SE\" \/>\n<meta property=\"og:type\" content=\"article\" \/>\n<meta property=\"og:title\" content=\"Floor Mats John Deere 5R 2019- RST-Steel\" \/>\n<meta property=\"og:description\" content=\"Floor Mats John Deere 5R 2019-models. Several color options available! Check out the products and order now! Fast shipping!\" \/>\n<meta property=\"og:url\" content=\"https:\/\/com.rst-steel.eu\/sv\/produkt\/floor-mats-for-john-deere-5r-2019-_prm_69604\/\" \/>\n<meta property=\"og:site_name\" content=\"RST-Steel\" \/>\n<meta property=\"article:publisher\" content=\"https:\/\/www.facebook.com\/rststeel\" \/>\n<meta property=\"article:modified_time\" content=\"2026-03-16T06:18:54+00:00\" \/>\n<meta property=\"og:image\" content=\"https:\/\/com.rst-steel.eu\/wp-content\/uploads\/2023\/05\/118d85306beceb592234faf1c746f5e397bac9b2_201142719_origpic_ed119d-1-scaled.jpg\" \/>\n\t<meta property=\"og:image:width\" content=\"2560\" \/>\n\t<meta property=\"og:image:height\" content=\"2560\" \/>\n\t<meta property=\"og:image:type\" content=\"image\/jpeg\" \/>\n<meta name=\"twitter:card\" content=\"summary_large_image\" \/>\n<meta name=\"twitter:label1\" content=\"Ber\u00e4knad l\u00e4stid\" \/>\n\t<meta name=\"twitter:data1\" content=\"1 minut\" \/>\n<script type=\"application\/ld+json\" class=\"yoast-schema-graph\">{\"@context\":\"https:\/\/schema.org\",\"@graph\":[{\"@type\":\"WebPage\",\"@id\":\"https:\/\/com.rst-steel.eu\/nb\/produkt\/floor-mats-for-john-deere-5r-2019-_prm_69604\/\",\"url\":\"https:\/\/com.rst-steel.eu\/nb\/produkt\/floor-mats-for-john-deere-5r-2019-_prm_69604\/\",\"name\":\"Floor Mats John Deere 5R 2019- RST-Steel\",\"isPartOf\":{\"@id\":\"https:\/\/com.rst-steel.eu\/#website\"},\"primaryImageOfPage\":{\"@id\":\"https:\/\/com.rst-steel.eu\/nb\/produkt\/floor-mats-for-john-deere-5r-2019-_prm_69604\/#primaryimage\"},\"image\":{\"@id\":\"https:\/\/com.rst-steel.eu\/nb\/produkt\/floor-mats-for-john-deere-5r-2019-_prm_69604\/#primaryimage\"},\"thumbnailUrl\":\"https:\/\/com.rst-steel.eu\/wp-content\/uploads\/2023\/05\/118d85306beceb592234faf1c746f5e397bac9b2_201142719_origpic_ed119d-1-scaled.jpg\",\"datePublished\":\"2023-05-25T08:39:42+00:00\",\"dateModified\":\"2026-03-16T06:18:54+00:00\",\"description\":\"Floor Mats John Deere 5R 2019-models. Several color options available! Check out the products and order now! Fast shipping!\",\"breadcrumb\":{\"@id\":\"https:\/\/com.rst-steel.eu\/nb\/produkt\/floor-mats-for-john-deere-5r-2019-_prm_69604\/#breadcrumb\"},\"inLanguage\":\"sv-SE\",\"potentialAction\":[{\"@type\":\"ReadAction\",\"target\":[\"https:\/\/com.rst-steel.eu\/nb\/produkt\/floor-mats-for-john-deere-5r-2019-_prm_69604\/\"]}]},{\"@type\":\"ImageObject\",\"inLanguage\":\"sv-SE\",\"@id\":\"https:\/\/com.rst-steel.eu\/nb\/produkt\/floor-mats-for-john-deere-5r-2019-_prm_69604\/#primaryimage\",\"url\":\"https:\/\/com.rst-steel.eu\/wp-content\/uploads\/2023\/05\/118d85306beceb592234faf1c746f5e397bac9b2_201142719_origpic_ed119d-1-scaled.jpg\",\"contentUrl\":\"https:\/\/com.rst-steel.eu\/wp-content\/uploads\/2023\/05\/118d85306beceb592234faf1c746f5e397bac9b2_201142719_origpic_ed119d-1-scaled.jpg\",\"width\":2560,\"height\":2560,\"caption\":\"Floor Mats John Deere 5R, 2019-\"},{\"@type\":\"BreadcrumbList\",\"@id\":\"https:\/\/com.rst-steel.eu\/nb\/produkt\/floor-mats-for-john-deere-5r-2019-_prm_69604\/#breadcrumb\",\"itemListElement\":[{\"@type\":\"ListItem\",\"position\":1,\"name\":\"Home\",\"item\":\"https:\/\/com.rst-steel.eu\/\"},{\"@type\":\"ListItem\",\"position\":2,\"name\":\"RST-Steel Shop\",\"item\":\"https:\/\/com.rst-steel.eu\/shop\/\"},{\"@type\":\"ListItem\",\"position\":3,\"name\":\"Floor mats for John Deere 5R 2019 &#8211;\"}]},{\"@type\":\"WebSite\",\"@id\":\"https:\/\/com.rst-steel.eu\/#website\",\"url\":\"https:\/\/com.rst-steel.eu\/\",\"name\":\"RST-Steel.com\",\"description\":\"Finnish quality steel, for quality-conscious drivers\",\"publisher\":{\"@id\":\"https:\/\/com.rst-steel.eu\/#organization\"},\"alternateName\":\"Safe and stylish RST-Steel quality\",\"potentialAction\":[{\"@type\":\"SearchAction\",\"target\":{\"@type\":\"EntryPoint\",\"urlTemplate\":\"https:\/\/com.rst-steel.eu\/?s={search_term_string}\"},\"query-input\":{\"@type\":\"PropertyValueSpecification\",\"valueRequired\":true,\"valueName\":\"search_term_string\"}}],\"inLanguage\":\"sv-SE\"},{\"@type\":\"Organization\",\"@id\":\"https:\/\/com.rst-steel.eu\/#organization\",\"name\":\"RST-Steel Oy\",\"url\":\"https:\/\/com.rst-steel.eu\/\",\"logo\":{\"@type\":\"ImageObject\",\"inLanguage\":\"sv-SE\",\"@id\":\"https:\/\/com.rst-steel.eu\/#\/schema\/logo\/image\/\",\"url\":\"https:\/\/com.rst-steel.eu\/wp-content\/uploads\/2023\/04\/cropped-Rst-logo-valkoinen-teksti-3.png\",\"contentUrl\":\"https:\/\/com.rst-steel.eu\/wp-content\/uploads\/2023\/04\/cropped-Rst-logo-valkoinen-teksti-3.png\",\"width\":512,\"height\":115,\"caption\":\"RST-Steel Oy\"},\"image\":{\"@id\":\"https:\/\/com.rst-steel.eu\/#\/schema\/logo\/image\/\"},\"sameAs\":[\"https:\/\/www.facebook.com\/rststeel\",\"https:\/\/www.instagram.com\/rststeeloy\/\"]}]}<\/script>\n<!-- \/ Yoast SEO plugin. -->","yoast_head_json":{"title":"Golvmattor John Deere 5R 2019- RST-Steel","description":"Golvmattor John Deere 5R 2019-modeller. Flera f\u00e4rgalternativ tillg\u00e4ngliga! Kolla in produkterna och best\u00e4ll nu! Snabb leverans!","robots":{"index":"index","follow":"follow","max-snippet":"max-snippet:-1","max-image-preview":"max-image-preview:large","max-video-preview":"max-video-preview:-1"},"canonical":"https:\/\/com.rst-steel.eu\/sv\/produkt\/floor-mats-for-john-deere-5r-2019-_prm_69604\/","og_locale":"sv_SE","og_type":"article","og_title":"Floor Mats John Deere 5R 2019- RST-Steel","og_description":"Floor Mats John Deere 5R 2019-models. Several color options available! Check out the products and order now! Fast shipping!","og_url":"https:\/\/com.rst-steel.eu\/sv\/produkt\/floor-mats-for-john-deere-5r-2019-_prm_69604\/","og_site_name":"RST-Steel","article_publisher":"https:\/\/www.facebook.com\/rststeel","article_modified_time":"2026-03-16T06:18:54+00:00","og_image":[{"width":2560,"height":2560,"url":"https:\/\/com.rst-steel.eu\/wp-content\/uploads\/2023\/05\/118d85306beceb592234faf1c746f5e397bac9b2_201142719_origpic_ed119d-1-scaled.jpg","type":"image\/jpeg"}],"twitter_card":"summary_large_image","twitter_misc":{"Ber\u00e4knad l\u00e4stid":"1 minut"},"schema":{"@context":"https:\/\/schema.org","@graph":[{"@type":"WebPage","@id":"https:\/\/com.rst-steel.eu\/nb\/produkt\/floor-mats-for-john-deere-5r-2019-_prm_69604\/","url":"https:\/\/com.rst-steel.eu\/nb\/produkt\/floor-mats-for-john-deere-5r-2019-_prm_69604\/","name":"Golvmattor John Deere 5R 2019- RST-Steel","isPartOf":{"@id":"https:\/\/com.rst-steel.eu\/#website"},"primaryImageOfPage":{"@id":"https:\/\/com.rst-steel.eu\/nb\/produkt\/floor-mats-for-john-deere-5r-2019-_prm_69604\/#primaryimage"},"image":{"@id":"https:\/\/com.rst-steel.eu\/nb\/produkt\/floor-mats-for-john-deere-5r-2019-_prm_69604\/#primaryimage"},"thumbnailUrl":"https:\/\/com.rst-steel.eu\/wp-content\/uploads\/2023\/05\/118d85306beceb592234faf1c746f5e397bac9b2_201142719_origpic_ed119d-1-scaled.jpg","datePublished":"2023-05-25T08:39:42+00:00","dateModified":"2026-03-16T06:18:54+00:00","description":"Golvmattor John Deere 5R 2019-modeller. Flera f\u00e4rgalternativ tillg\u00e4ngliga! Kolla in produkterna och best\u00e4ll nu! Snabb leverans!","breadcrumb":{"@id":"https:\/\/com.rst-steel.eu\/nb\/produkt\/floor-mats-for-john-deere-5r-2019-_prm_69604\/#breadcrumb"},"inLanguage":"sv-SE","potentialAction":[{"@type":"ReadAction","target":["https:\/\/com.rst-steel.eu\/nb\/produkt\/floor-mats-for-john-deere-5r-2019-_prm_69604\/"]}]},{"@type":"ImageObject","inLanguage":"sv-SE","@id":"https:\/\/com.rst-steel.eu\/nb\/produkt\/floor-mats-for-john-deere-5r-2019-_prm_69604\/#primaryimage","url":"https:\/\/com.rst-steel.eu\/wp-content\/uploads\/2023\/05\/118d85306beceb592234faf1c746f5e397bac9b2_201142719_origpic_ed119d-1-scaled.jpg","contentUrl":"https:\/\/com.rst-steel.eu\/wp-content\/uploads\/2023\/05\/118d85306beceb592234faf1c746f5e397bac9b2_201142719_origpic_ed119d-1-scaled.jpg","width":2560,"height":2560,"caption":"Floor Mats John Deere 5R, 2019-"},{"@type":"BreadcrumbList","@id":"https:\/\/com.rst-steel.eu\/nb\/produkt\/floor-mats-for-john-deere-5r-2019-_prm_69604\/#breadcrumb","itemListElement":[{"@type":"ListItem","position":1,"name":"Home","item":"https:\/\/com.rst-steel.eu\/"},{"@type":"ListItem","position":2,"name":"RST-Steel Shop","item":"https:\/\/com.rst-steel.eu\/shop\/"},{"@type":"ListItem","position":3,"name":"Floor mats for John Deere 5R 2019 &#8211;"}]},{"@type":"WebSite","@id":"https:\/\/com.rst-steel.eu\/#website","url":"https:\/\/com.rst-steel.eu\/","name":"RST-Stahl.com","description":"Finskt kvalitetsst\u00e5l, f\u00f6r kvalitetsmedvetna f\u00f6rare","publisher":{"@id":"https:\/\/com.rst-steel.eu\/#organization"},"alternateName":"Safe and stylish RST-Steel quality","potentialAction":[{"@type":"SearchAction","target":{"@type":"EntryPoint","urlTemplate":"https:\/\/com.rst-steel.eu\/?s={search_term_string}"},"query-input":{"@type":"PropertyValueSpecification","valueRequired":true,"valueName":"search_term_string"}}],"inLanguage":"sv-SE"},{"@type":"Organization","@id":"https:\/\/com.rst-steel.eu\/#organization","name":"RST-Steel Oy","url":"https:\/\/com.rst-steel.eu\/","logo":{"@type":"ImageObject","inLanguage":"sv-SE","@id":"https:\/\/com.rst-steel.eu\/#\/schema\/logo\/image\/","url":"https:\/\/com.rst-steel.eu\/wp-content\/uploads\/2023\/04\/cropped-Rst-logo-valkoinen-teksti-3.png","contentUrl":"https:\/\/com.rst-steel.eu\/wp-content\/uploads\/2023\/04\/cropped-Rst-logo-valkoinen-teksti-3.png","width":512,"height":115,"caption":"RST-Steel Oy"},"image":{"@id":"https:\/\/com.rst-steel.eu\/#\/schema\/logo\/image\/"},"sameAs":["https:\/\/www.facebook.com\/rststeel","https:\/\/www.instagram.com\/rststeeloy\/"]}]}},"brands":[],"_links":{"self":[{"href":"https:\/\/com.rst-steel.eu\/sv\/wp-json\/wp\/v2\/product\/38986","targetHints":{"allow":["GET"]}}],"collection":[{"href":"https:\/\/com.rst-steel.eu\/sv\/wp-json\/wp\/v2\/product"}],"about":[{"href":"https:\/\/com.rst-steel.eu\/sv\/wp-json\/wp\/v2\/types\/product"}],"replies":[{"embeddable":true,"href":"https:\/\/com.rst-steel.eu\/sv\/wp-json\/wp\/v2\/comments?post=38986"}],"version-history":[{"count":0,"href":"https:\/\/com.rst-steel.eu\/sv\/wp-json\/wp\/v2\/product\/38986\/revisions"}],"wp:featuredmedia":[{"embeddable":true,"href":"https:\/\/com.rst-steel.eu\/sv\/wp-json\/wp\/v2\/media\/38983"}],"wp:attachment":[{"href":"https:\/\/com.rst-steel.eu\/sv\/wp-json\/wp\/v2\/media?parent=38986"}],"wp:term":[{"taxonomy":"make_fuel_type","embeddable":true,"href":"https:\/\/com.rst-steel.eu\/sv\/wp-json\/wp\/v2\/make_fuel_type?post=38986"},{"taxonomy":"make_model","embeddable":true,"href":"https:\/\/com.rst-steel.eu\/sv\/wp-json\/wp\/v2\/make_model?post=38986"},{"taxonomy":"make_brand","embeddable":true,"href":"https:\/\/com.rst-steel.eu\/sv\/wp-json\/wp\/v2\/make_brand?post=38986"},{"taxonomy":"make_year","embeddable":true,"href":"https:\/\/com.rst-steel.eu\/sv\/wp-json\/wp\/v2\/make_year?post=38986"},{"taxonomy":"pwb-brand","embeddable":true,"href":"https:\/\/com.rst-steel.eu\/sv\/wp-json\/wp\/v2\/pwb-brand?post=38986"},{"taxonomy":"product_brand","embeddable":true,"href":"https:\/\/com.rst-steel.eu\/sv\/wp-json\/wp\/v2\/product_brand?post=38986"},{"taxonomy":"product_cat","embeddable":true,"href":"https:\/\/com.rst-steel.eu\/sv\/wp-json\/wp\/v2\/product_cat?post=38986"},{"taxonomy":"product_tag","embeddable":true,"href":"https:\/\/com.rst-steel.eu\/sv\/wp-json\/wp\/v2\/product_tag?post=38986"}],"curies":[{"name":"wp","href":"https:\/\/api.w.org\/{rel}","templated":true}]}}