{"id":38688,"date":"2023-05-25T11:13:25","date_gmt":"2023-05-25T08:13:25","guid":{"rendered":"https:\/\/rst-steel.com\/product\/floor-mats-hitachi-zx135-zx220w-7_prm_69561\/"},"modified":"2026-03-16T09:14:32","modified_gmt":"2026-03-16T06:14:32","slug":"lattiamatot-hitachi-zx135-zx220w-7_prm_69561","status":"publish","type":"product","link":"https:\/\/com.rst-steel.eu\/sv\/produkt\/lattiamatot-hitachi-zx135-zx220w-7_prm_69561\/","title":{"rendered":"Floor mats Hitachi ZX135 &#8211; ZX220W-7"},"content":{"rendered":"<div>Golvmatta Hitachi ZX135 \u2013 ZX220W-7<\/div>\n<div>samt andra maskiner med samma hytt.<\/div>\n<div><\/div>\n<div><\/div>\n<div>Mattsats i mycket fin kvalitet, anpassad f\u00f6r maskink\u00f6rning utan skor.<\/div>\n<div>Diamantm\u00f6nster med vaddering, som syns p\u00e5 bilden. Dessutom har mattorna en stilren RST-Steel-logotyp!<\/div>","protected":false},"excerpt":{"rendered":"<p>Det finns flera f\u00e4rgalternativ att v\u00e4lja bland.<\/p>","protected":false},"featured_media":38685,"comment_status":"open","ping_status":"closed","template":"","meta":{"_improvement_type_select":"improve_an_existing","_thumb_yes_seoaic":false,"_frame_yes_seoaic":false,"seoaic_generate_description":"","seoaic_improve_instructions_prompt":"","seoaic_rollback_content_improvement":"","seoaic_idea_thumbnail_generator":"","thumbnail_generated":false,"thumbnail_generate_prompt":"","seoaic_article_description":""},"make_fuel_type":[],"make_model":[],"make_brand":[6535],"make_year":[6465],"pwb-brand":[8335],"product_brand":[],"product_cat":[8297,6097,6487],"product_tag":[8490],"class_list":{"0":"post-38688","1":"product","2":"type-product","3":"status-publish","4":"has-post-thumbnail","6":"make_brand-hitachiexcavator","7":"make_year-workmachines","8":"pwb-brand-brand_swextil","9":"product_cat-fm-et-hitachi","10":"product_cat-cabin-inside","11":"product_cat-floormatsexcavators","12":"product_tag-floor-mats","14":"first","15":"onbackorder","16":"taxable","17":"shipping-taxable","18":"purchasable","19":"product-type-variable"},"yoast_head":"<!-- This site is optimized with the Yoast SEO plugin v25.7 - https:\/\/yoast.com\/wordpress\/plugins\/seo\/ -->\n<title>Floor mats Hitachi ZX135 - ZX220W-7 - RST-Steel<\/title>\n<meta name=\"description\" content=\"Floor Mats Hitachi ZX135 - ZX220W-7 models. Several color options available! Check out the products and order now! Fast shipping!\" \/>\n<meta name=\"robots\" content=\"index, follow, max-snippet:-1, max-image-preview:large, max-video-preview:-1\" \/>\n<link rel=\"canonical\" href=\"https:\/\/com.rst-steel.eu\/sv\/produkt\/lattiamatot-hitachi-zx135-zx220w-7_prm_69561\/\" \/>\n<meta property=\"og:locale\" content=\"sv_SE\" \/>\n<meta property=\"og:type\" content=\"article\" \/>\n<meta property=\"og:title\" content=\"Floor mats Hitachi ZX135 - ZX220W-7 - RST-Steel\" \/>\n<meta property=\"og:description\" content=\"Floor Mats Hitachi ZX135 - ZX220W-7 models. Several color options available! Check out the products and order now! Fast shipping!\" \/>\n<meta property=\"og:url\" content=\"https:\/\/com.rst-steel.eu\/sv\/produkt\/lattiamatot-hitachi-zx135-zx220w-7_prm_69561\/\" \/>\n<meta property=\"og:site_name\" content=\"RST-Steel\" \/>\n<meta property=\"article:publisher\" content=\"https:\/\/www.facebook.com\/rststeel\" \/>\n<meta property=\"article:modified_time\" content=\"2026-03-16T06:14:32+00:00\" \/>\n<meta property=\"og:image\" content=\"https:\/\/com.rst-steel.eu\/wp-content\/uploads\/2023\/05\/1c8006d23bd9a3f2155c681cbd382dfd264921b9_193170200_origpic_be9685-1-scaled.jpg\" \/>\n\t<meta property=\"og:image:width\" content=\"1987\" \/>\n\t<meta property=\"og:image:height\" content=\"2560\" \/>\n\t<meta property=\"og:image:type\" content=\"image\/jpeg\" \/>\n<meta name=\"twitter:card\" content=\"summary_large_image\" \/>\n<meta name=\"twitter:label1\" content=\"Ber\u00e4knad l\u00e4stid\" \/>\n\t<meta name=\"twitter:data1\" content=\"1 minut\" \/>\n<script type=\"application\/ld+json\" class=\"yoast-schema-graph\">{\"@context\":\"https:\/\/schema.org\",\"@graph\":[{\"@type\":\"WebPage\",\"@id\":\"https:\/\/com.rst-steel.eu\/nb\/produkt\/lattiamatot-hitachi-zx135-zx220w-7_prm_69561\/\",\"url\":\"https:\/\/com.rst-steel.eu\/nb\/produkt\/lattiamatot-hitachi-zx135-zx220w-7_prm_69561\/\",\"name\":\"Floor mats Hitachi ZX135 - ZX220W-7 - RST-Steel\",\"isPartOf\":{\"@id\":\"https:\/\/com.rst-steel.eu\/#website\"},\"primaryImageOfPage\":{\"@id\":\"https:\/\/com.rst-steel.eu\/nb\/produkt\/lattiamatot-hitachi-zx135-zx220w-7_prm_69561\/#primaryimage\"},\"image\":{\"@id\":\"https:\/\/com.rst-steel.eu\/nb\/produkt\/lattiamatot-hitachi-zx135-zx220w-7_prm_69561\/#primaryimage\"},\"thumbnailUrl\":\"https:\/\/com.rst-steel.eu\/wp-content\/uploads\/2023\/05\/1c8006d23bd9a3f2155c681cbd382dfd264921b9_193170200_origpic_be9685-1-scaled.jpg\",\"datePublished\":\"2023-05-25T08:13:25+00:00\",\"dateModified\":\"2026-03-16T06:14:32+00:00\",\"description\":\"Floor Mats Hitachi ZX135 - ZX220W-7 models. Several color options available! Check out the products and order now! Fast shipping!\",\"breadcrumb\":{\"@id\":\"https:\/\/com.rst-steel.eu\/nb\/produkt\/lattiamatot-hitachi-zx135-zx220w-7_prm_69561\/#breadcrumb\"},\"inLanguage\":\"sv-SE\",\"potentialAction\":[{\"@type\":\"ReadAction\",\"target\":[\"https:\/\/com.rst-steel.eu\/nb\/produkt\/lattiamatot-hitachi-zx135-zx220w-7_prm_69561\/\"]}]},{\"@type\":\"ImageObject\",\"inLanguage\":\"sv-SE\",\"@id\":\"https:\/\/com.rst-steel.eu\/nb\/produkt\/lattiamatot-hitachi-zx135-zx220w-7_prm_69561\/#primaryimage\",\"url\":\"https:\/\/com.rst-steel.eu\/wp-content\/uploads\/2023\/05\/1c8006d23bd9a3f2155c681cbd382dfd264921b9_193170200_origpic_be9685-1-scaled.jpg\",\"contentUrl\":\"https:\/\/com.rst-steel.eu\/wp-content\/uploads\/2023\/05\/1c8006d23bd9a3f2155c681cbd382dfd264921b9_193170200_origpic_be9685-1-scaled.jpg\",\"width\":1987,\"height\":2560,\"caption\":\"Floor Mats Hitachi ZX135 - ZX220W-7\"},{\"@type\":\"BreadcrumbList\",\"@id\":\"https:\/\/com.rst-steel.eu\/nb\/produkt\/lattiamatot-hitachi-zx135-zx220w-7_prm_69561\/#breadcrumb\",\"itemListElement\":[{\"@type\":\"ListItem\",\"position\":1,\"name\":\"Home\",\"item\":\"https:\/\/com.rst-steel.eu\/\"},{\"@type\":\"ListItem\",\"position\":2,\"name\":\"RST-Steel Shop\",\"item\":\"https:\/\/com.rst-steel.eu\/shop\/\"},{\"@type\":\"ListItem\",\"position\":3,\"name\":\"Floor mats Hitachi ZX135 &#8211; ZX220W-7\"}]},{\"@type\":\"WebSite\",\"@id\":\"https:\/\/com.rst-steel.eu\/#website\",\"url\":\"https:\/\/com.rst-steel.eu\/\",\"name\":\"RST-Steel.com\",\"description\":\"Finnish quality steel, for quality-conscious drivers\",\"publisher\":{\"@id\":\"https:\/\/com.rst-steel.eu\/#organization\"},\"alternateName\":\"Safe and stylish RST-Steel quality\",\"potentialAction\":[{\"@type\":\"SearchAction\",\"target\":{\"@type\":\"EntryPoint\",\"urlTemplate\":\"https:\/\/com.rst-steel.eu\/?s={search_term_string}\"},\"query-input\":{\"@type\":\"PropertyValueSpecification\",\"valueRequired\":true,\"valueName\":\"search_term_string\"}}],\"inLanguage\":\"sv-SE\"},{\"@type\":\"Organization\",\"@id\":\"https:\/\/com.rst-steel.eu\/#organization\",\"name\":\"RST-Steel Oy\",\"url\":\"https:\/\/com.rst-steel.eu\/\",\"logo\":{\"@type\":\"ImageObject\",\"inLanguage\":\"sv-SE\",\"@id\":\"https:\/\/com.rst-steel.eu\/#\/schema\/logo\/image\/\",\"url\":\"https:\/\/com.rst-steel.eu\/wp-content\/uploads\/2023\/04\/cropped-Rst-logo-valkoinen-teksti-3.png\",\"contentUrl\":\"https:\/\/com.rst-steel.eu\/wp-content\/uploads\/2023\/04\/cropped-Rst-logo-valkoinen-teksti-3.png\",\"width\":512,\"height\":115,\"caption\":\"RST-Steel Oy\"},\"image\":{\"@id\":\"https:\/\/com.rst-steel.eu\/#\/schema\/logo\/image\/\"},\"sameAs\":[\"https:\/\/www.facebook.com\/rststeel\",\"https:\/\/www.instagram.com\/rststeeloy\/\"]}]}<\/script>\n<!-- \/ Yoast SEO plugin. -->","yoast_head_json":{"title":"Floor mats Hitachi ZX135 - ZX220W-7 - RST-Steel","description":"Golvmattor Hitachi ZX135 - ZX220W-7 modeller. Flera f\u00e4rgalternativ tillg\u00e4ngliga! Kolla in produkterna och best\u00e4ll nu! Snabb leverans!","robots":{"index":"index","follow":"follow","max-snippet":"max-snippet:-1","max-image-preview":"max-image-preview:large","max-video-preview":"max-video-preview:-1"},"canonical":"https:\/\/com.rst-steel.eu\/sv\/produkt\/lattiamatot-hitachi-zx135-zx220w-7_prm_69561\/","og_locale":"sv_SE","og_type":"article","og_title":"Floor mats Hitachi ZX135 - ZX220W-7 - RST-Steel","og_description":"Floor Mats Hitachi ZX135 - ZX220W-7 models. Several color options available! Check out the products and order now! Fast shipping!","og_url":"https:\/\/com.rst-steel.eu\/sv\/produkt\/lattiamatot-hitachi-zx135-zx220w-7_prm_69561\/","og_site_name":"RST-Steel","article_publisher":"https:\/\/www.facebook.com\/rststeel","article_modified_time":"2026-03-16T06:14:32+00:00","og_image":[{"width":1987,"height":2560,"url":"https:\/\/com.rst-steel.eu\/wp-content\/uploads\/2023\/05\/1c8006d23bd9a3f2155c681cbd382dfd264921b9_193170200_origpic_be9685-1-scaled.jpg","type":"image\/jpeg"}],"twitter_card":"summary_large_image","twitter_misc":{"Ber\u00e4knad l\u00e4stid":"1 minut"},"schema":{"@context":"https:\/\/schema.org","@graph":[{"@type":"WebPage","@id":"https:\/\/com.rst-steel.eu\/nb\/produkt\/lattiamatot-hitachi-zx135-zx220w-7_prm_69561\/","url":"https:\/\/com.rst-steel.eu\/nb\/produkt\/lattiamatot-hitachi-zx135-zx220w-7_prm_69561\/","name":"Floor mats Hitachi ZX135 - ZX220W-7 - RST-Steel","isPartOf":{"@id":"https:\/\/com.rst-steel.eu\/#website"},"primaryImageOfPage":{"@id":"https:\/\/com.rst-steel.eu\/nb\/produkt\/lattiamatot-hitachi-zx135-zx220w-7_prm_69561\/#primaryimage"},"image":{"@id":"https:\/\/com.rst-steel.eu\/nb\/produkt\/lattiamatot-hitachi-zx135-zx220w-7_prm_69561\/#primaryimage"},"thumbnailUrl":"https:\/\/com.rst-steel.eu\/wp-content\/uploads\/2023\/05\/1c8006d23bd9a3f2155c681cbd382dfd264921b9_193170200_origpic_be9685-1-scaled.jpg","datePublished":"2023-05-25T08:13:25+00:00","dateModified":"2026-03-16T06:14:32+00:00","description":"Golvmattor Hitachi ZX135 - ZX220W-7 modeller. Flera f\u00e4rgalternativ tillg\u00e4ngliga! Kolla in produkterna och best\u00e4ll nu! Snabb leverans!","breadcrumb":{"@id":"https:\/\/com.rst-steel.eu\/nb\/produkt\/lattiamatot-hitachi-zx135-zx220w-7_prm_69561\/#breadcrumb"},"inLanguage":"sv-SE","potentialAction":[{"@type":"ReadAction","target":["https:\/\/com.rst-steel.eu\/nb\/produkt\/lattiamatot-hitachi-zx135-zx220w-7_prm_69561\/"]}]},{"@type":"ImageObject","inLanguage":"sv-SE","@id":"https:\/\/com.rst-steel.eu\/nb\/produkt\/lattiamatot-hitachi-zx135-zx220w-7_prm_69561\/#primaryimage","url":"https:\/\/com.rst-steel.eu\/wp-content\/uploads\/2023\/05\/1c8006d23bd9a3f2155c681cbd382dfd264921b9_193170200_origpic_be9685-1-scaled.jpg","contentUrl":"https:\/\/com.rst-steel.eu\/wp-content\/uploads\/2023\/05\/1c8006d23bd9a3f2155c681cbd382dfd264921b9_193170200_origpic_be9685-1-scaled.jpg","width":1987,"height":2560,"caption":"Floor Mats Hitachi ZX135 - ZX220W-7"},{"@type":"BreadcrumbList","@id":"https:\/\/com.rst-steel.eu\/nb\/produkt\/lattiamatot-hitachi-zx135-zx220w-7_prm_69561\/#breadcrumb","itemListElement":[{"@type":"ListItem","position":1,"name":"Home","item":"https:\/\/com.rst-steel.eu\/"},{"@type":"ListItem","position":2,"name":"RST-Steel Shop","item":"https:\/\/com.rst-steel.eu\/shop\/"},{"@type":"ListItem","position":3,"name":"Floor mats Hitachi ZX135 &#8211; ZX220W-7"}]},{"@type":"WebSite","@id":"https:\/\/com.rst-steel.eu\/#website","url":"https:\/\/com.rst-steel.eu\/","name":"RST-Stahl.com","description":"Finskt kvalitetsst\u00e5l, f\u00f6r kvalitetsmedvetna f\u00f6rare","publisher":{"@id":"https:\/\/com.rst-steel.eu\/#organization"},"alternateName":"Safe and stylish RST-Steel quality","potentialAction":[{"@type":"SearchAction","target":{"@type":"EntryPoint","urlTemplate":"https:\/\/com.rst-steel.eu\/?s={search_term_string}"},"query-input":{"@type":"PropertyValueSpecification","valueRequired":true,"valueName":"search_term_string"}}],"inLanguage":"sv-SE"},{"@type":"Organization","@id":"https:\/\/com.rst-steel.eu\/#organization","name":"RST-Steel Oy","url":"https:\/\/com.rst-steel.eu\/","logo":{"@type":"ImageObject","inLanguage":"sv-SE","@id":"https:\/\/com.rst-steel.eu\/#\/schema\/logo\/image\/","url":"https:\/\/com.rst-steel.eu\/wp-content\/uploads\/2023\/04\/cropped-Rst-logo-valkoinen-teksti-3.png","contentUrl":"https:\/\/com.rst-steel.eu\/wp-content\/uploads\/2023\/04\/cropped-Rst-logo-valkoinen-teksti-3.png","width":512,"height":115,"caption":"RST-Steel Oy"},"image":{"@id":"https:\/\/com.rst-steel.eu\/#\/schema\/logo\/image\/"},"sameAs":["https:\/\/www.facebook.com\/rststeel","https:\/\/www.instagram.com\/rststeeloy\/"]}]}},"brands":[{"id":8335,"name":"Swextil","slug":"brand_swextil"}],"_links":{"self":[{"href":"https:\/\/com.rst-steel.eu\/sv\/wp-json\/wp\/v2\/product\/38688","targetHints":{"allow":["GET"]}}],"collection":[{"href":"https:\/\/com.rst-steel.eu\/sv\/wp-json\/wp\/v2\/product"}],"about":[{"href":"https:\/\/com.rst-steel.eu\/sv\/wp-json\/wp\/v2\/types\/product"}],"replies":[{"embeddable":true,"href":"https:\/\/com.rst-steel.eu\/sv\/wp-json\/wp\/v2\/comments?post=38688"}],"version-history":[{"count":0,"href":"https:\/\/com.rst-steel.eu\/sv\/wp-json\/wp\/v2\/product\/38688\/revisions"}],"wp:featuredmedia":[{"embeddable":true,"href":"https:\/\/com.rst-steel.eu\/sv\/wp-json\/wp\/v2\/media\/38685"}],"wp:attachment":[{"href":"https:\/\/com.rst-steel.eu\/sv\/wp-json\/wp\/v2\/media?parent=38688"}],"wp:term":[{"taxonomy":"make_fuel_type","embeddable":true,"href":"https:\/\/com.rst-steel.eu\/sv\/wp-json\/wp\/v2\/make_fuel_type?post=38688"},{"taxonomy":"make_model","embeddable":true,"href":"https:\/\/com.rst-steel.eu\/sv\/wp-json\/wp\/v2\/make_model?post=38688"},{"taxonomy":"make_brand","embeddable":true,"href":"https:\/\/com.rst-steel.eu\/sv\/wp-json\/wp\/v2\/make_brand?post=38688"},{"taxonomy":"make_year","embeddable":true,"href":"https:\/\/com.rst-steel.eu\/sv\/wp-json\/wp\/v2\/make_year?post=38688"},{"taxonomy":"pwb-brand","embeddable":true,"href":"https:\/\/com.rst-steel.eu\/sv\/wp-json\/wp\/v2\/pwb-brand?post=38688"},{"taxonomy":"product_brand","embeddable":true,"href":"https:\/\/com.rst-steel.eu\/sv\/wp-json\/wp\/v2\/product_brand?post=38688"},{"taxonomy":"product_cat","embeddable":true,"href":"https:\/\/com.rst-steel.eu\/sv\/wp-json\/wp\/v2\/product_cat?post=38688"},{"taxonomy":"product_tag","embeddable":true,"href":"https:\/\/com.rst-steel.eu\/sv\/wp-json\/wp\/v2\/product_tag?post=38688"}],"curies":[{"name":"wp","href":"https:\/\/api.w.org\/{rel}","templated":true}]}}