{"id":37949,"date":"2023-04-06T08:37:14","date_gmt":"2023-04-06T05:37:14","guid":{"rendered":"https:\/\/rst-steel.fi-c.seravo.com\/product\/front-bar-with-two-pipes-mb-sprinter_prm_65795\/"},"modified":"2026-03-30T08:34:17","modified_gmt":"2026-03-30T05:34:17","slug":"front-bar-with-two-pipes-mercedes-benz-sprinter_prm_65795","status":"publish","type":"product","link":"https:\/\/com.rst-steel.eu\/sv\/produkt\/front-bar-with-two-pipes-mercedes-benz-sprinter_prm_65795\/","title":{"rendered":"Frontb\u00e5ge med tv\u00e5 r\u00f6r, Mercedes-Benz Sprinter"},"content":{"rendered":"<div>Frontb\u00e5ge med tv\u00e5 r\u00f6r, Mercedes-Benz Sprinter<\/div>\n<div>&nbsp;<\/div>\n<div>&nbsp;<\/div>\n<div>&nbsp;<\/div>\n<div>RST-Steels frontb\u00e5gar \u00e4r h\u00f6gkvalitativa produkter tillverkade av rostfritt st\u00e5l.<\/div>\n<div>&nbsp;<\/div>\n<div>Frontb\u00e5gen kan utrustas med extraljus och positionsljus som f\u00f6rb\u00e4ttrar sikten i trafiken och samtidigt \u00f6kar s\u00e4kerheten f\u00f6r dig sj\u00e4lv och andra i trafiken.<\/div>\n<div>&nbsp;<\/div>\n<div>&nbsp;<\/div>\n<div>Frontb\u00e5gen st\u00f6r inte funktionen hos parktronic och str\u00e5lkastarspolarna och g\u00f6r det inte sv\u00e5rt att anv\u00e4nda dragkroken.<\/div>\n<div>Frontb\u00e5gen kan ocks\u00e5 monteras i bilar med kollisionsskyddsassistent.<\/div>\n<div>&nbsp;<\/div>\n<div>Hj\u00e4lpljusen monteras med separata ljusf\u00e4sten.<\/div>\n<div>&nbsp;<\/div>\n<div>&nbsp;<\/div>\n<div><span style=\"font-weight: bold\">OBS! De Led-positionsljus som visas p\u00e5 bilden ing\u00e5r inte i priset.<br \/><\/span><\/div>\n<div>&nbsp;<\/div>\n<div>&nbsp;<\/div>\n<div>&nbsp;<\/div>\n<div><strong>Teknisk information:<\/strong><\/div>\n<ul>\n<li>F\u00e4rg: Spegelpolerat rostfritt st\u00e5l<\/li>\n<li>R\u00f6rens diameter: 60 mm \/ 42 mm<\/li>\n<li>Enkel att installera<\/li>\n<\/ul>\n<div>&nbsp;<\/div>\n<div>&nbsp;<\/div>\n<div><strong>Leveransinneh\u00e5ll:<\/strong><\/div>\n<ul>\n<li>Frontbar<\/li>\n<li>Monteringsf\u00e4sten som beh\u00f6vs f\u00f6r installation<\/li>\n<li>Instruktioner f\u00f6r installation<\/li>\n<\/ul>","protected":false},"excerpt":{"rendered":"<p>Flera modellalternativ tillg\u00e4ngliga!<\/p>","protected":false},"featured_media":52392,"comment_status":"open","ping_status":"closed","template":"","meta":{"_improvement_type_select":"improve_an_existing","_thumb_yes_seoaic":false,"_frame_yes_seoaic":false,"seoaic_generate_description":"","seoaic_improve_instructions_prompt":"","seoaic_rollback_content_improvement":"","seoaic_idea_thumbnail_generator":"","thumbnail_generated":false,"thumbnail_generate_prompt":"","seoaic_article_description":""},"make_fuel_type":[],"make_model":[6377,6376,6381],"make_brand":[6374],"make_year":[6373],"pwb-brand":[8334],"product_brand":[],"product_cat":[8046,6057,6062],"product_tag":[6611,6610,8486],"class_list":{"0":"post-37949","1":"product","2":"type-product","3":"status-publish","4":"has-post-thumbnail","6":"make_engine-sprinter-l2h1-front-wheeel-drive","7":"make_engine-spinter-l2h1","8":"make_engine-sprinter-l2h2-front-wheeel-drive","9":"make_engine-sprinter-l2h2","10":"make_engine-sprinter-l3h2","11":"make_engine-sprinter-l3h3","12":"make_engine-sprinter-l4h2","13":"make_engine-sprinter-l4h3","14":"make_engine-wheelbase-3924mm","15":"make_model-w906-facelift-sprinter","16":"make_model-w906-sprinter","17":"make_model-w907-w910-sprinter","18":"make_brand-mb-van","19":"make_year-van","20":"pwb-brand-brand_rststeel","21":"product_cat-mb-fb","22":"product_cat-lightbars","23":"product_cat-frontbars-for-vans","24":"product_tag-mercedes","25":"product_tag-mercedes-benz","26":"product_tag-sprinter","27":"product_shipping_class-lightbars","29":"first","30":"instock","31":"taxable","32":"shipping-taxable","33":"purchasable","34":"product-type-variable"},"yoast_head":"<!-- This site is optimized with the Yoast SEO plugin v25.7 - https:\/\/yoast.com\/wordpress\/plugins\/seo\/ -->\n<title>Front bar with two pipes, Mercedes-Benz Sprinter - RST-Steel<\/title>\n<meta name=\"description\" content=\"Front Bar With Two Pipes MB Sprinter W906 \/ W907 and W910 models. Several models options available! Get to know the products!\" \/>\n<meta name=\"robots\" content=\"index, follow, max-snippet:-1, max-image-preview:large, max-video-preview:-1\" \/>\n<link rel=\"canonical\" href=\"https:\/\/com.rst-steel.eu\/sv\/produkt\/front-bar-with-two-pipes-mercedes-benz-sprinter_prm_65795\/\" \/>\n<meta property=\"og:locale\" content=\"sv_SE\" \/>\n<meta property=\"og:type\" content=\"article\" \/>\n<meta property=\"og:title\" content=\"Front bar with two pipes, Mercedes-Benz Sprinter - RST-Steel\" \/>\n<meta property=\"og:description\" content=\"Front Bar With Two Pipes MB Sprinter W906 \/ W907 and W910 models. Several models options available! Get to know the products!\" \/>\n<meta property=\"og:url\" content=\"https:\/\/com.rst-steel.eu\/sv\/produkt\/front-bar-with-two-pipes-mercedes-benz-sprinter_prm_65795\/\" \/>\n<meta property=\"og:site_name\" content=\"RST-Steel\" \/>\n<meta property=\"article:publisher\" content=\"https:\/\/www.facebook.com\/rststeel\" \/>\n<meta property=\"article:modified_time\" content=\"2026-03-30T05:34:17+00:00\" \/>\n<meta property=\"og:image\" content=\"https:\/\/com.rst-steel.eu\/wp-content\/uploads\/2025\/06\/75b87df47a0c2c71706dd39ad74011f3c93a29d6_SPR040BM_web.jpeg\" \/>\n\t<meta property=\"og:image:width\" content=\"1536\" \/>\n\t<meta property=\"og:image:height\" content=\"2048\" \/>\n\t<meta property=\"og:image:type\" content=\"image\/jpeg\" \/>\n<meta name=\"twitter:card\" content=\"summary_large_image\" \/>\n<meta name=\"twitter:label1\" content=\"Ber\u00e4knad l\u00e4stid\" \/>\n\t<meta name=\"twitter:data1\" content=\"1 minut\" \/>\n<script type=\"application\/ld+json\" class=\"yoast-schema-graph\">{\"@context\":\"https:\/\/schema.org\",\"@graph\":[{\"@type\":\"WebPage\",\"@id\":\"https:\/\/com.rst-steel.eu\/nb\/produkt\/front-bar-with-two-pipes-mercedes-benz-sprinter_prm_65795\/\",\"url\":\"https:\/\/com.rst-steel.eu\/nb\/produkt\/front-bar-with-two-pipes-mercedes-benz-sprinter_prm_65795\/\",\"name\":\"Front bar with two pipes, Mercedes-Benz Sprinter - RST-Steel\",\"isPartOf\":{\"@id\":\"https:\/\/com.rst-steel.eu\/#website\"},\"primaryImageOfPage\":{\"@id\":\"https:\/\/com.rst-steel.eu\/nb\/produkt\/front-bar-with-two-pipes-mercedes-benz-sprinter_prm_65795\/#primaryimage\"},\"image\":{\"@id\":\"https:\/\/com.rst-steel.eu\/nb\/produkt\/front-bar-with-two-pipes-mercedes-benz-sprinter_prm_65795\/#primaryimage\"},\"thumbnailUrl\":\"https:\/\/com.rst-steel.eu\/wp-content\/uploads\/2025\/06\/75b87df47a0c2c71706dd39ad74011f3c93a29d6_SPR040BM_web.jpeg\",\"datePublished\":\"2023-04-06T05:37:14+00:00\",\"dateModified\":\"2026-03-30T05:34:17+00:00\",\"description\":\"Front Bar With Two Pipes MB Sprinter W906 \/ W907 and W910 models. Several models options available! Get to know the products!\",\"breadcrumb\":{\"@id\":\"https:\/\/com.rst-steel.eu\/nb\/produkt\/front-bar-with-two-pipes-mercedes-benz-sprinter_prm_65795\/#breadcrumb\"},\"inLanguage\":\"sv-SE\",\"potentialAction\":[{\"@type\":\"ReadAction\",\"target\":[\"https:\/\/com.rst-steel.eu\/nb\/produkt\/front-bar-with-two-pipes-mercedes-benz-sprinter_prm_65795\/\"]}]},{\"@type\":\"ImageObject\",\"inLanguage\":\"sv-SE\",\"@id\":\"https:\/\/com.rst-steel.eu\/nb\/produkt\/front-bar-with-two-pipes-mercedes-benz-sprinter_prm_65795\/#primaryimage\",\"url\":\"https:\/\/com.rst-steel.eu\/wp-content\/uploads\/2025\/06\/75b87df47a0c2c71706dd39ad74011f3c93a29d6_SPR040BM_web.jpeg\",\"contentUrl\":\"https:\/\/com.rst-steel.eu\/wp-content\/uploads\/2025\/06\/75b87df47a0c2c71706dd39ad74011f3c93a29d6_SPR040BM_web.jpeg\",\"width\":1536,\"height\":2048,\"caption\":\"Front bar with two pipes, Mercedes-Benz Sprinter\"},{\"@type\":\"BreadcrumbList\",\"@id\":\"https:\/\/com.rst-steel.eu\/nb\/produkt\/front-bar-with-two-pipes-mercedes-benz-sprinter_prm_65795\/#breadcrumb\",\"itemListElement\":[{\"@type\":\"ListItem\",\"position\":1,\"name\":\"Home\",\"item\":\"https:\/\/com.rst-steel.eu\/\"},{\"@type\":\"ListItem\",\"position\":2,\"name\":\"RST-Steel Shop\",\"item\":\"https:\/\/com.rst-steel.eu\/shop\/\"},{\"@type\":\"ListItem\",\"position\":3,\"name\":\"Front bar with two pipes, Mercedes-Benz Sprinter\"}]},{\"@type\":\"WebSite\",\"@id\":\"https:\/\/com.rst-steel.eu\/#website\",\"url\":\"https:\/\/com.rst-steel.eu\/\",\"name\":\"RST-Steel.com\",\"description\":\"Finnish quality steel, for quality-conscious drivers\",\"publisher\":{\"@id\":\"https:\/\/com.rst-steel.eu\/#organization\"},\"alternateName\":\"Safe and stylish RST-Steel quality\",\"potentialAction\":[{\"@type\":\"SearchAction\",\"target\":{\"@type\":\"EntryPoint\",\"urlTemplate\":\"https:\/\/com.rst-steel.eu\/?s={search_term_string}\"},\"query-input\":{\"@type\":\"PropertyValueSpecification\",\"valueRequired\":true,\"valueName\":\"search_term_string\"}}],\"inLanguage\":\"sv-SE\"},{\"@type\":\"Organization\",\"@id\":\"https:\/\/com.rst-steel.eu\/#organization\",\"name\":\"RST-Steel Oy\",\"url\":\"https:\/\/com.rst-steel.eu\/\",\"logo\":{\"@type\":\"ImageObject\",\"inLanguage\":\"sv-SE\",\"@id\":\"https:\/\/com.rst-steel.eu\/#\/schema\/logo\/image\/\",\"url\":\"https:\/\/com.rst-steel.eu\/wp-content\/uploads\/2023\/04\/cropped-Rst-logo-valkoinen-teksti-3.png\",\"contentUrl\":\"https:\/\/com.rst-steel.eu\/wp-content\/uploads\/2023\/04\/cropped-Rst-logo-valkoinen-teksti-3.png\",\"width\":512,\"height\":115,\"caption\":\"RST-Steel Oy\"},\"image\":{\"@id\":\"https:\/\/com.rst-steel.eu\/#\/schema\/logo\/image\/\"},\"sameAs\":[\"https:\/\/www.facebook.com\/rststeel\",\"https:\/\/www.instagram.com\/rststeeloy\/\"]}]}<\/script>\n<!-- \/ Yoast SEO plugin. -->","yoast_head_json":{"title":"Front bar with two pipes, Mercedes-Benz Sprinter - RST-Steel","description":"Frontbalk med tv\u00e5 r\u00f6r MB Sprinter W906 \/ W907 och W910 modeller. Flera modeller alternativ tillg\u00e4ngliga! L\u00e4r k\u00e4nna produkterna!","robots":{"index":"index","follow":"follow","max-snippet":"max-snippet:-1","max-image-preview":"max-image-preview:large","max-video-preview":"max-video-preview:-1"},"canonical":"https:\/\/com.rst-steel.eu\/sv\/produkt\/front-bar-with-two-pipes-mercedes-benz-sprinter_prm_65795\/","og_locale":"sv_SE","og_type":"article","og_title":"Front bar with two pipes, Mercedes-Benz Sprinter - RST-Steel","og_description":"Front Bar With Two Pipes MB Sprinter W906 \/ W907 and W910 models. Several models options available! Get to know the products!","og_url":"https:\/\/com.rst-steel.eu\/sv\/produkt\/front-bar-with-two-pipes-mercedes-benz-sprinter_prm_65795\/","og_site_name":"RST-Steel","article_publisher":"https:\/\/www.facebook.com\/rststeel","article_modified_time":"2026-03-30T05:34:17+00:00","og_image":[{"width":1536,"height":2048,"url":"https:\/\/com.rst-steel.eu\/wp-content\/uploads\/2025\/06\/75b87df47a0c2c71706dd39ad74011f3c93a29d6_SPR040BM_web.jpeg","type":"image\/jpeg"}],"twitter_card":"summary_large_image","twitter_misc":{"Ber\u00e4knad l\u00e4stid":"1 minut"},"schema":{"@context":"https:\/\/schema.org","@graph":[{"@type":"WebPage","@id":"https:\/\/com.rst-steel.eu\/nb\/produkt\/front-bar-with-two-pipes-mercedes-benz-sprinter_prm_65795\/","url":"https:\/\/com.rst-steel.eu\/nb\/produkt\/front-bar-with-two-pipes-mercedes-benz-sprinter_prm_65795\/","name":"Front bar with two pipes, Mercedes-Benz Sprinter - RST-Steel","isPartOf":{"@id":"https:\/\/com.rst-steel.eu\/#website"},"primaryImageOfPage":{"@id":"https:\/\/com.rst-steel.eu\/nb\/produkt\/front-bar-with-two-pipes-mercedes-benz-sprinter_prm_65795\/#primaryimage"},"image":{"@id":"https:\/\/com.rst-steel.eu\/nb\/produkt\/front-bar-with-two-pipes-mercedes-benz-sprinter_prm_65795\/#primaryimage"},"thumbnailUrl":"https:\/\/com.rst-steel.eu\/wp-content\/uploads\/2025\/06\/75b87df47a0c2c71706dd39ad74011f3c93a29d6_SPR040BM_web.jpeg","datePublished":"2023-04-06T05:37:14+00:00","dateModified":"2026-03-30T05:34:17+00:00","description":"Frontbalk med tv\u00e5 r\u00f6r MB Sprinter W906 \/ W907 och W910 modeller. Flera modeller alternativ tillg\u00e4ngliga! L\u00e4r k\u00e4nna produkterna!","breadcrumb":{"@id":"https:\/\/com.rst-steel.eu\/nb\/produkt\/front-bar-with-two-pipes-mercedes-benz-sprinter_prm_65795\/#breadcrumb"},"inLanguage":"sv-SE","potentialAction":[{"@type":"ReadAction","target":["https:\/\/com.rst-steel.eu\/nb\/produkt\/front-bar-with-two-pipes-mercedes-benz-sprinter_prm_65795\/"]}]},{"@type":"ImageObject","inLanguage":"sv-SE","@id":"https:\/\/com.rst-steel.eu\/nb\/produkt\/front-bar-with-two-pipes-mercedes-benz-sprinter_prm_65795\/#primaryimage","url":"https:\/\/com.rst-steel.eu\/wp-content\/uploads\/2025\/06\/75b87df47a0c2c71706dd39ad74011f3c93a29d6_SPR040BM_web.jpeg","contentUrl":"https:\/\/com.rst-steel.eu\/wp-content\/uploads\/2025\/06\/75b87df47a0c2c71706dd39ad74011f3c93a29d6_SPR040BM_web.jpeg","width":1536,"height":2048,"caption":"Front bar with two pipes, Mercedes-Benz Sprinter"},{"@type":"BreadcrumbList","@id":"https:\/\/com.rst-steel.eu\/nb\/produkt\/front-bar-with-two-pipes-mercedes-benz-sprinter_prm_65795\/#breadcrumb","itemListElement":[{"@type":"ListItem","position":1,"name":"Home","item":"https:\/\/com.rst-steel.eu\/"},{"@type":"ListItem","position":2,"name":"RST-Steel Shop","item":"https:\/\/com.rst-steel.eu\/shop\/"},{"@type":"ListItem","position":3,"name":"Front bar with two pipes, Mercedes-Benz Sprinter"}]},{"@type":"WebSite","@id":"https:\/\/com.rst-steel.eu\/#website","url":"https:\/\/com.rst-steel.eu\/","name":"RST-Stahl.com","description":"Finskt kvalitetsst\u00e5l, f\u00f6r kvalitetsmedvetna f\u00f6rare","publisher":{"@id":"https:\/\/com.rst-steel.eu\/#organization"},"alternateName":"Safe and stylish RST-Steel quality","potentialAction":[{"@type":"SearchAction","target":{"@type":"EntryPoint","urlTemplate":"https:\/\/com.rst-steel.eu\/?s={search_term_string}"},"query-input":{"@type":"PropertyValueSpecification","valueRequired":true,"valueName":"search_term_string"}}],"inLanguage":"sv-SE"},{"@type":"Organization","@id":"https:\/\/com.rst-steel.eu\/#organization","name":"RST-Steel Oy","url":"https:\/\/com.rst-steel.eu\/","logo":{"@type":"ImageObject","inLanguage":"sv-SE","@id":"https:\/\/com.rst-steel.eu\/#\/schema\/logo\/image\/","url":"https:\/\/com.rst-steel.eu\/wp-content\/uploads\/2023\/04\/cropped-Rst-logo-valkoinen-teksti-3.png","contentUrl":"https:\/\/com.rst-steel.eu\/wp-content\/uploads\/2023\/04\/cropped-Rst-logo-valkoinen-teksti-3.png","width":512,"height":115,"caption":"RST-Steel Oy"},"image":{"@id":"https:\/\/com.rst-steel.eu\/#\/schema\/logo\/image\/"},"sameAs":["https:\/\/www.facebook.com\/rststeel","https:\/\/www.instagram.com\/rststeeloy\/"]}]}},"brands":[{"id":8334,"name":"RST-Steel","slug":"brand_rststeel"}],"_links":{"self":[{"href":"https:\/\/com.rst-steel.eu\/sv\/wp-json\/wp\/v2\/product\/37949","targetHints":{"allow":["GET"]}}],"collection":[{"href":"https:\/\/com.rst-steel.eu\/sv\/wp-json\/wp\/v2\/product"}],"about":[{"href":"https:\/\/com.rst-steel.eu\/sv\/wp-json\/wp\/v2\/types\/product"}],"replies":[{"embeddable":true,"href":"https:\/\/com.rst-steel.eu\/sv\/wp-json\/wp\/v2\/comments?post=37949"}],"version-history":[{"count":0,"href":"https:\/\/com.rst-steel.eu\/sv\/wp-json\/wp\/v2\/product\/37949\/revisions"}],"wp:featuredmedia":[{"embeddable":true,"href":"https:\/\/com.rst-steel.eu\/sv\/wp-json\/wp\/v2\/media\/52392"}],"wp:attachment":[{"href":"https:\/\/com.rst-steel.eu\/sv\/wp-json\/wp\/v2\/media?parent=37949"}],"wp:term":[{"taxonomy":"make_fuel_type","embeddable":true,"href":"https:\/\/com.rst-steel.eu\/sv\/wp-json\/wp\/v2\/make_fuel_type?post=37949"},{"taxonomy":"make_model","embeddable":true,"href":"https:\/\/com.rst-steel.eu\/sv\/wp-json\/wp\/v2\/make_model?post=37949"},{"taxonomy":"make_brand","embeddable":true,"href":"https:\/\/com.rst-steel.eu\/sv\/wp-json\/wp\/v2\/make_brand?post=37949"},{"taxonomy":"make_year","embeddable":true,"href":"https:\/\/com.rst-steel.eu\/sv\/wp-json\/wp\/v2\/make_year?post=37949"},{"taxonomy":"pwb-brand","embeddable":true,"href":"https:\/\/com.rst-steel.eu\/sv\/wp-json\/wp\/v2\/pwb-brand?post=37949"},{"taxonomy":"product_brand","embeddable":true,"href":"https:\/\/com.rst-steel.eu\/sv\/wp-json\/wp\/v2\/product_brand?post=37949"},{"taxonomy":"product_cat","embeddable":true,"href":"https:\/\/com.rst-steel.eu\/sv\/wp-json\/wp\/v2\/product_cat?post=37949"},{"taxonomy":"product_tag","embeddable":true,"href":"https:\/\/com.rst-steel.eu\/sv\/wp-json\/wp\/v2\/product_tag?post=37949"}],"curies":[{"name":"wp","href":"https:\/\/api.w.org\/{rel}","templated":true}]}}