{"id":37930,"date":"2023-04-06T08:36:18","date_gmt":"2023-04-06T05:36:18","guid":{"rendered":"https:\/\/rst-steel.fi-c.seravo.com\/product\/roofbar-mb-sprinter-2006-_prm_65809\/"},"modified":"2026-03-16T09:21:00","modified_gmt":"2026-03-16T06:21:00","slug":"roof-bar-for-high-roof-vans-narrow-o60mm_prm_65809","status":"publish","type":"product","link":"https:\/\/com.rst-steel.eu\/sv\/produkt\/roof-bar-for-high-roof-vans-narrow-o60mm_prm_65809\/","title":{"rendered":"Takb\u00e5ge f\u00f6r sk\u00e5pbilar med h\u00f6gt tak (smalt) \u00d860mm"},"content":{"rendered":"<div>Roof Bar For High-Roof Vans (Narrow) \u00d860mm<\/div>\n<ul>\n<li><\/li>\n<\/ul>\n<div><\/div>\n<div>RST-Steels takb\u00e5gar \u00e4r h\u00f6gkvalitativa produkter tillverkade av rostfritt st\u00e5l.&nbsp;<\/div>\n<div><\/div>\n<div>Takb\u00e5garna kan utrustas med extraljus och positionsljus, vilket f\u00f6rb\u00e4ttrar din sikt i trafiken och samtidigt \u00f6kar s\u00e4kerheten f\u00f6r dig sj\u00e4lv och andra trafikanter.<\/div>\n<ul>\n<li><\/li>\n<\/ul>\n<div><\/div>\n<div><span style=\"font-weight: bold\">Teknisk information:<\/span><\/div>\n<ul>\n<li>F\u00e4rg: Polerat rostfritt st\u00e5l eller pulverlackerat med RAL-f\u00e4rger<\/li>\n<\/ul>\n<ul>\n<li>R\u00f6rdiameter: 60 mm<\/li>\n<li><\/li>\n<\/ul>\n<div>&nbsp;<\/div>\n<div><\/div>\n<div><span style=\"font-weight: bold\">Leveransinneh\u00e5ll:<\/span><\/div>\n<ul>\n<li>Takb\u00e5ge<\/li>\n<li>Monteringsf\u00e4sten som beh\u00f6vs f\u00f6r installation<\/li>\n<li>Instruktioner f\u00f6r installation<\/li>\n<\/ul>","protected":false},"excerpt":{"rendered":"<p><span style=\"font-weight: bold\">Flera modellalternativ tillg\u00e4ngliga!<\/span><\/p>","protected":false},"featured_media":37929,"comment_status":"open","ping_status":"closed","template":"","meta":{"_improvement_type_select":"improve_an_existing","_thumb_yes_seoaic":false,"_frame_yes_seoaic":false,"seoaic_generate_description":"","seoaic_improve_instructions_prompt":"","seoaic_rollback_content_improvement":"","seoaic_idea_thumbnail_generator":"","thumbnail_generated":false,"thumbnail_generate_prompt":"","seoaic_article_description":""},"make_fuel_type":[],"make_model":[6377,6376,6381,6624],"make_brand":[6374,6622],"make_year":[6373],"pwb-brand":[8334],"product_brand":[],"product_cat":[8055,6057,6063],"product_tag":[7549],"class_list":{"0":"post-37930","1":"product","2":"type-product","3":"status-publish","4":"has-post-thumbnail","6":"make_engine-sprinter-l2h2","7":"make_engine-sprinter-l3h2","8":"make_engine-sprinter-l3h3","9":"make_engine-sprinter-l4h2","10":"make_engine-sprinter-l4h3","11":"make_model-w906-facelift-sprinter","12":"make_model-w906-sprinter","13":"make_model-w907-w910-sprinter","14":"make_model-crafter-2017","15":"make_brand-mb-van","16":"make_brand-volkswagen-van","17":"make_year-van","18":"pwb-brand-brand_rststeel","19":"product_cat-mb-rb","20":"product_cat-lightbars","21":"product_cat-roofbars-for-vans","22":"product_tag-takbage","23":"product_shipping_class-lightbars","25":"first","26":"onbackorder","27":"taxable","28":"shipping-taxable","29":"purchasable","30":"product-type-variable"},"yoast_head":"<!-- This site is optimized with the Yoast SEO plugin v25.7 - https:\/\/yoast.com\/wordpress\/plugins\/seo\/ -->\n<title>Roof Bar for High-Roof Vans (Narrow) \u00d860mm - RST-Steel<\/title>\n<meta name=\"description\" content=\"Roof Bar for High-Roof Vans. RST-Steel\u2019s roof bars are high-quality products made of stainless steel.\u00a0Get to know the products and place an order!\" \/>\n<meta name=\"robots\" content=\"index, follow, max-snippet:-1, max-image-preview:large, max-video-preview:-1\" \/>\n<link rel=\"canonical\" href=\"https:\/\/com.rst-steel.eu\/sv\/produkt\/roof-bar-for-high-roof-vans-narrow-o60mm_prm_65809\/\" \/>\n<meta property=\"og:locale\" content=\"sv_SE\" \/>\n<meta property=\"og:type\" content=\"article\" \/>\n<meta property=\"og:title\" content=\"Roof Bar for High-Roof Vans (Narrow) \u00d860mm - RST-Steel\" \/>\n<meta property=\"og:description\" content=\"Roof Bar for High-Roof Vans. RST-Steel\u2019s roof bars are high-quality products made of stainless steel.\u00a0Get to know the products and place an order!\" \/>\n<meta property=\"og:url\" content=\"https:\/\/com.rst-steel.eu\/sv\/produkt\/roof-bar-for-high-roof-vans-narrow-o60mm_prm_65809\/\" \/>\n<meta property=\"og:site_name\" content=\"RST-Steel\" \/>\n<meta property=\"article:publisher\" content=\"https:\/\/www.facebook.com\/rststeel\" \/>\n<meta property=\"article:modified_time\" content=\"2026-03-16T06:21:00+00:00\" \/>\n<meta property=\"og:image\" content=\"https:\/\/com.rst-steel.eu\/wp-content\/uploads\/2023\/04\/9cce3aae27efc266399761b41a9bcdf642292d87_LisavalotelinekatolleMBSprinter2006__SPR015A_18d669aaf6166b1e17f2191b49f3b6db_3.jpg\" \/>\n\t<meta property=\"og:image:width\" content=\"2000\" \/>\n\t<meta property=\"og:image:height\" content=\"1334\" \/>\n\t<meta property=\"og:image:type\" content=\"image\/jpeg\" \/>\n<meta name=\"twitter:card\" content=\"summary_large_image\" \/>\n<meta name=\"twitter:label1\" content=\"Ber\u00e4knad l\u00e4stid\" \/>\n\t<meta name=\"twitter:data1\" content=\"1 minut\" \/>\n<script type=\"application\/ld+json\" class=\"yoast-schema-graph\">{\"@context\":\"https:\/\/schema.org\",\"@graph\":[{\"@type\":\"WebPage\",\"@id\":\"https:\/\/com.rst-steel.eu\/product\/roof-bar-for-high-roof-vans-narrow-o60mm_prm_65809\/\",\"url\":\"https:\/\/com.rst-steel.eu\/product\/roof-bar-for-high-roof-vans-narrow-o60mm_prm_65809\/\",\"name\":\"Roof Bar for High-Roof Vans (Narrow) \u00d860mm - RST-Steel\",\"isPartOf\":{\"@id\":\"https:\/\/com.rst-steel.eu\/#website\"},\"primaryImageOfPage\":{\"@id\":\"https:\/\/com.rst-steel.eu\/product\/roof-bar-for-high-roof-vans-narrow-o60mm_prm_65809\/#primaryimage\"},\"image\":{\"@id\":\"https:\/\/com.rst-steel.eu\/product\/roof-bar-for-high-roof-vans-narrow-o60mm_prm_65809\/#primaryimage\"},\"thumbnailUrl\":\"https:\/\/com.rst-steel.eu\/wp-content\/uploads\/2023\/04\/9cce3aae27efc266399761b41a9bcdf642292d87_LisavalotelinekatolleMBSprinter2006__SPR015A_18d669aaf6166b1e17f2191b49f3b6db_3.jpg\",\"datePublished\":\"2023-04-06T05:36:18+00:00\",\"dateModified\":\"2026-03-16T06:21:00+00:00\",\"description\":\"Roof Bar for High-Roof Vans. RST-Steel\u2019s roof bars are high-quality products made of stainless steel.\u00a0Get to know the products and place an order!\",\"breadcrumb\":{\"@id\":\"https:\/\/com.rst-steel.eu\/product\/roof-bar-for-high-roof-vans-narrow-o60mm_prm_65809\/#breadcrumb\"},\"inLanguage\":\"sv-SE\",\"potentialAction\":[{\"@type\":\"ReadAction\",\"target\":[\"https:\/\/com.rst-steel.eu\/product\/roof-bar-for-high-roof-vans-narrow-o60mm_prm_65809\/\"]}]},{\"@type\":\"ImageObject\",\"inLanguage\":\"sv-SE\",\"@id\":\"https:\/\/com.rst-steel.eu\/product\/roof-bar-for-high-roof-vans-narrow-o60mm_prm_65809\/#primaryimage\",\"url\":\"https:\/\/com.rst-steel.eu\/wp-content\/uploads\/2023\/04\/9cce3aae27efc266399761b41a9bcdf642292d87_LisavalotelinekatolleMBSprinter2006__SPR015A_18d669aaf6166b1e17f2191b49f3b6db_3.jpg\",\"contentUrl\":\"https:\/\/com.rst-steel.eu\/wp-content\/uploads\/2023\/04\/9cce3aae27efc266399761b41a9bcdf642292d87_LisavalotelinekatolleMBSprinter2006__SPR015A_18d669aaf6166b1e17f2191b49f3b6db_3.jpg\",\"width\":2000,\"height\":1334,\"caption\":\"Roof Bar MB Sprinter 2006-\"},{\"@type\":\"BreadcrumbList\",\"@id\":\"https:\/\/com.rst-steel.eu\/product\/roof-bar-for-high-roof-vans-narrow-o60mm_prm_65809\/#breadcrumb\",\"itemListElement\":[{\"@type\":\"ListItem\",\"position\":1,\"name\":\"Home\",\"item\":\"https:\/\/com.rst-steel.eu\/\"},{\"@type\":\"ListItem\",\"position\":2,\"name\":\"RST-Steel Shop\",\"item\":\"https:\/\/com.rst-steel.eu\/shop\/\"},{\"@type\":\"ListItem\",\"position\":3,\"name\":\"Roof Bar for High-Roof Vans (Narrow) \u00d860mm\"}]},{\"@type\":\"WebSite\",\"@id\":\"https:\/\/com.rst-steel.eu\/#website\",\"url\":\"https:\/\/com.rst-steel.eu\/\",\"name\":\"RST-Steel.com\",\"description\":\"Finnish quality steel, for quality-conscious drivers\",\"publisher\":{\"@id\":\"https:\/\/com.rst-steel.eu\/#organization\"},\"alternateName\":\"Safe and stylish RST-Steel quality\",\"potentialAction\":[{\"@type\":\"SearchAction\",\"target\":{\"@type\":\"EntryPoint\",\"urlTemplate\":\"https:\/\/com.rst-steel.eu\/?s={search_term_string}\"},\"query-input\":{\"@type\":\"PropertyValueSpecification\",\"valueRequired\":true,\"valueName\":\"search_term_string\"}}],\"inLanguage\":\"sv-SE\"},{\"@type\":\"Organization\",\"@id\":\"https:\/\/com.rst-steel.eu\/#organization\",\"name\":\"RST-Steel Oy\",\"url\":\"https:\/\/com.rst-steel.eu\/\",\"logo\":{\"@type\":\"ImageObject\",\"inLanguage\":\"sv-SE\",\"@id\":\"https:\/\/com.rst-steel.eu\/#\/schema\/logo\/image\/\",\"url\":\"https:\/\/com.rst-steel.eu\/wp-content\/uploads\/2023\/04\/cropped-Rst-logo-valkoinen-teksti-3.png\",\"contentUrl\":\"https:\/\/com.rst-steel.eu\/wp-content\/uploads\/2023\/04\/cropped-Rst-logo-valkoinen-teksti-3.png\",\"width\":512,\"height\":115,\"caption\":\"RST-Steel Oy\"},\"image\":{\"@id\":\"https:\/\/com.rst-steel.eu\/#\/schema\/logo\/image\/\"},\"sameAs\":[\"https:\/\/www.facebook.com\/rststeel\",\"https:\/\/www.instagram.com\/rststeeloy\/\"]}]}<\/script>\n<!-- \/ Yoast SEO plugin. -->","yoast_head_json":{"title":"Takr\u00e4cke f\u00f6r sk\u00e5pbilar med h\u00f6gt tak (smalt) \u00d860mm - RST-Steel","description":"Takr\u00e4cke f\u00f6r Vans med h\u00f6gt tak. RST-Steel:s takb\u00e5gar \u00e4r h\u00f6gkvalitativa produkter tillverkade av rostfritt st\u00e5l. Bekanta dig med produkterna och g\u00f6r en best\u00e4llning!","robots":{"index":"index","follow":"follow","max-snippet":"max-snippet:-1","max-image-preview":"max-image-preview:large","max-video-preview":"max-video-preview:-1"},"canonical":"https:\/\/com.rst-steel.eu\/sv\/produkt\/roof-bar-for-high-roof-vans-narrow-o60mm_prm_65809\/","og_locale":"sv_SE","og_type":"article","og_title":"Roof Bar for High-Roof Vans (Narrow) \u00d860mm - RST-Steel","og_description":"Roof Bar for High-Roof Vans. RST-Steel\u2019s roof bars are high-quality products made of stainless steel.\u00a0Get to know the products and place an order!","og_url":"https:\/\/com.rst-steel.eu\/sv\/produkt\/roof-bar-for-high-roof-vans-narrow-o60mm_prm_65809\/","og_site_name":"RST-Steel","article_publisher":"https:\/\/www.facebook.com\/rststeel","article_modified_time":"2026-03-16T06:21:00+00:00","og_image":[{"width":2000,"height":1334,"url":"https:\/\/com.rst-steel.eu\/wp-content\/uploads\/2023\/04\/9cce3aae27efc266399761b41a9bcdf642292d87_LisavalotelinekatolleMBSprinter2006__SPR015A_18d669aaf6166b1e17f2191b49f3b6db_3.jpg","type":"image\/jpeg"}],"twitter_card":"summary_large_image","twitter_misc":{"Ber\u00e4knad l\u00e4stid":"1 minut"},"schema":{"@context":"https:\/\/schema.org","@graph":[{"@type":"WebPage","@id":"https:\/\/com.rst-steel.eu\/product\/roof-bar-for-high-roof-vans-narrow-o60mm_prm_65809\/","url":"https:\/\/com.rst-steel.eu\/product\/roof-bar-for-high-roof-vans-narrow-o60mm_prm_65809\/","name":"Takr\u00e4cke f\u00f6r sk\u00e5pbilar med h\u00f6gt tak (smalt) \u00d860mm - RST-Steel","isPartOf":{"@id":"https:\/\/com.rst-steel.eu\/#website"},"primaryImageOfPage":{"@id":"https:\/\/com.rst-steel.eu\/product\/roof-bar-for-high-roof-vans-narrow-o60mm_prm_65809\/#primaryimage"},"image":{"@id":"https:\/\/com.rst-steel.eu\/product\/roof-bar-for-high-roof-vans-narrow-o60mm_prm_65809\/#primaryimage"},"thumbnailUrl":"https:\/\/com.rst-steel.eu\/wp-content\/uploads\/2023\/04\/9cce3aae27efc266399761b41a9bcdf642292d87_LisavalotelinekatolleMBSprinter2006__SPR015A_18d669aaf6166b1e17f2191b49f3b6db_3.jpg","datePublished":"2023-04-06T05:36:18+00:00","dateModified":"2026-03-16T06:21:00+00:00","description":"Takr\u00e4cke f\u00f6r Vans med h\u00f6gt tak. RST-Steel:s takb\u00e5gar \u00e4r h\u00f6gkvalitativa produkter tillverkade av rostfritt st\u00e5l. Bekanta dig med produkterna och g\u00f6r en best\u00e4llning!","breadcrumb":{"@id":"https:\/\/com.rst-steel.eu\/product\/roof-bar-for-high-roof-vans-narrow-o60mm_prm_65809\/#breadcrumb"},"inLanguage":"sv-SE","potentialAction":[{"@type":"ReadAction","target":["https:\/\/com.rst-steel.eu\/product\/roof-bar-for-high-roof-vans-narrow-o60mm_prm_65809\/"]}]},{"@type":"ImageObject","inLanguage":"sv-SE","@id":"https:\/\/com.rst-steel.eu\/product\/roof-bar-for-high-roof-vans-narrow-o60mm_prm_65809\/#primaryimage","url":"https:\/\/com.rst-steel.eu\/wp-content\/uploads\/2023\/04\/9cce3aae27efc266399761b41a9bcdf642292d87_LisavalotelinekatolleMBSprinter2006__SPR015A_18d669aaf6166b1e17f2191b49f3b6db_3.jpg","contentUrl":"https:\/\/com.rst-steel.eu\/wp-content\/uploads\/2023\/04\/9cce3aae27efc266399761b41a9bcdf642292d87_LisavalotelinekatolleMBSprinter2006__SPR015A_18d669aaf6166b1e17f2191b49f3b6db_3.jpg","width":2000,"height":1334,"caption":"Roof Bar MB Sprinter 2006-"},{"@type":"BreadcrumbList","@id":"https:\/\/com.rst-steel.eu\/product\/roof-bar-for-high-roof-vans-narrow-o60mm_prm_65809\/#breadcrumb","itemListElement":[{"@type":"ListItem","position":1,"name":"Home","item":"https:\/\/com.rst-steel.eu\/"},{"@type":"ListItem","position":2,"name":"RST-Steel Shop","item":"https:\/\/com.rst-steel.eu\/shop\/"},{"@type":"ListItem","position":3,"name":"Roof Bar for High-Roof Vans (Narrow) \u00d860mm"}]},{"@type":"WebSite","@id":"https:\/\/com.rst-steel.eu\/#website","url":"https:\/\/com.rst-steel.eu\/","name":"RST-Stahl.com","description":"Finskt kvalitetsst\u00e5l, f\u00f6r kvalitetsmedvetna f\u00f6rare","publisher":{"@id":"https:\/\/com.rst-steel.eu\/#organization"},"alternateName":"Safe and stylish RST-Steel quality","potentialAction":[{"@type":"SearchAction","target":{"@type":"EntryPoint","urlTemplate":"https:\/\/com.rst-steel.eu\/?s={search_term_string}"},"query-input":{"@type":"PropertyValueSpecification","valueRequired":true,"valueName":"search_term_string"}}],"inLanguage":"sv-SE"},{"@type":"Organization","@id":"https:\/\/com.rst-steel.eu\/#organization","name":"RST-Steel Oy","url":"https:\/\/com.rst-steel.eu\/","logo":{"@type":"ImageObject","inLanguage":"sv-SE","@id":"https:\/\/com.rst-steel.eu\/#\/schema\/logo\/image\/","url":"https:\/\/com.rst-steel.eu\/wp-content\/uploads\/2023\/04\/cropped-Rst-logo-valkoinen-teksti-3.png","contentUrl":"https:\/\/com.rst-steel.eu\/wp-content\/uploads\/2023\/04\/cropped-Rst-logo-valkoinen-teksti-3.png","width":512,"height":115,"caption":"RST-Steel Oy"},"image":{"@id":"https:\/\/com.rst-steel.eu\/#\/schema\/logo\/image\/"},"sameAs":["https:\/\/www.facebook.com\/rststeel","https:\/\/www.instagram.com\/rststeeloy\/"]}]}},"brands":[{"id":8334,"name":"RST-Steel","slug":"brand_rststeel"}],"_links":{"self":[{"href":"https:\/\/com.rst-steel.eu\/sv\/wp-json\/wp\/v2\/product\/37930","targetHints":{"allow":["GET"]}}],"collection":[{"href":"https:\/\/com.rst-steel.eu\/sv\/wp-json\/wp\/v2\/product"}],"about":[{"href":"https:\/\/com.rst-steel.eu\/sv\/wp-json\/wp\/v2\/types\/product"}],"replies":[{"embeddable":true,"href":"https:\/\/com.rst-steel.eu\/sv\/wp-json\/wp\/v2\/comments?post=37930"}],"version-history":[{"count":0,"href":"https:\/\/com.rst-steel.eu\/sv\/wp-json\/wp\/v2\/product\/37930\/revisions"}],"wp:featuredmedia":[{"embeddable":true,"href":"https:\/\/com.rst-steel.eu\/sv\/wp-json\/wp\/v2\/media\/37929"}],"wp:attachment":[{"href":"https:\/\/com.rst-steel.eu\/sv\/wp-json\/wp\/v2\/media?parent=37930"}],"wp:term":[{"taxonomy":"make_fuel_type","embeddable":true,"href":"https:\/\/com.rst-steel.eu\/sv\/wp-json\/wp\/v2\/make_fuel_type?post=37930"},{"taxonomy":"make_model","embeddable":true,"href":"https:\/\/com.rst-steel.eu\/sv\/wp-json\/wp\/v2\/make_model?post=37930"},{"taxonomy":"make_brand","embeddable":true,"href":"https:\/\/com.rst-steel.eu\/sv\/wp-json\/wp\/v2\/make_brand?post=37930"},{"taxonomy":"make_year","embeddable":true,"href":"https:\/\/com.rst-steel.eu\/sv\/wp-json\/wp\/v2\/make_year?post=37930"},{"taxonomy":"pwb-brand","embeddable":true,"href":"https:\/\/com.rst-steel.eu\/sv\/wp-json\/wp\/v2\/pwb-brand?post=37930"},{"taxonomy":"product_brand","embeddable":true,"href":"https:\/\/com.rst-steel.eu\/sv\/wp-json\/wp\/v2\/product_brand?post=37930"},{"taxonomy":"product_cat","embeddable":true,"href":"https:\/\/com.rst-steel.eu\/sv\/wp-json\/wp\/v2\/product_cat?post=37930"},{"taxonomy":"product_tag","embeddable":true,"href":"https:\/\/com.rst-steel.eu\/sv\/wp-json\/wp\/v2\/product_tag?post=37930"}],"curies":[{"name":"wp","href":"https:\/\/api.w.org\/{rel}","templated":true}]}}