{"id":37925,"date":"2023-04-06T08:36:06","date_gmt":"2023-04-06T05:36:06","guid":{"rendered":"https:\/\/rst-steel.fi-c.seravo.com\/product\/frontbars-mercedes-benz-sprinter-2018-_prm_65793\/"},"modified":"2026-03-16T09:21:00","modified_gmt":"2026-03-16T06:21:00","slug":"frontbagar-mercedes-benz-sprinter-2018-_prm_65793","status":"publish","type":"product","link":"https:\/\/com.rst-steel.eu\/sv\/produkt\/frontbagar-mercedes-benz-sprinter-2018-_prm_65793\/","title":{"rendered":"Frontb\u00e5ge Mercedes-Benz Sprinter 2018-"},"content":{"rendered":"<div>Framst\u00e4nger Mercedes-Benz Sprinter 2018-<\/div>\n<div><\/div>\n<div><\/div>\n<div>\n<div>STEELER frontb\u00e5gar i rostfritt st\u00e5l till Mercedes-Benz Sprinter \u00e4r specialdesignade f\u00f6r att framh\u00e4va fordonets unika karakt\u00e4r och samtidigt erbjuda ett robust skydd.<\/div>\n<div><\/div>\n<div>De h\u00e4r framst\u00e4ngerna \u00e4r tillverkade av rostfritt st\u00e5l med en diameter p\u00e5 70 mm och en tjocklek p\u00e5 2 mm och \u00e4r handpolerade f\u00f6r att s\u00e4kerst\u00e4lla h\u00e5llbarhet och ge extra skydd f\u00f6r viktiga fordonskomponenter. De ger en raffinerad finish till ditt fordon, vilket g\u00f6r att det ser mer robust ut och sticker ut p\u00e5 v\u00e4gen.<\/div>\n<div><\/div>\n<div>Varje frontb\u00e5ge levereras med en komplett monteringssats och l\u00e4ttfattliga monteringsanvisningar, vilket ger en problemfri installation.<\/div>\n<div><\/div>\n<div>Frontb\u00e5gar \u00e4r EU-godk\u00e4nda och uppfyller de senaste EU-standarderna och kraven i direktiv 78\/2009\/EG, vilket garanterar h\u00f6gsta m\u00f6jliga s\u00e4kerhetsniv\u00e5, s\u00e4rskilt f\u00f6r fotg\u00e4ngare. Detta inneb\u00e4r att produkterna inte bara f\u00f6rb\u00e4ttrar ditt fordons utseende utan ocks\u00e5 uppfyller de str\u00e4ngaste s\u00e4kerhetsstandarderna.<\/div>\n<div><\/div>\n<div>Genom att v\u00e4lja dessa frontb\u00e5gar kan du se till att din Mercedes-Benz Sprinter sticker ut samtidigt som den beh\u00e5ller sin eleganta form och funktionalitet. Det rostfria st\u00e5l (AISI 304) som anv\u00e4nds \u00e4r mycket motst\u00e5ndskraftigt mot korrosion, \u00e4ven under tuffa v\u00e4derf\u00f6rh\u00e5llanden, och anv\u00e4nds ofta i industrier som livsmedelsbearbetning f\u00f6r sin h\u00e5llbarhet.<\/div>\n<div><\/div>\n<div>Steeler st\u00e5r bakom kvaliteten p\u00e5 dessa produkter och erbjuder en 24-m\u00e5naders garanti p\u00e5 polerade st\u00e4nger och en 12-m\u00e5naders garanti p\u00e5 svartlackerade st\u00e4nger.<\/div>\n<\/div>\n<div><\/div>\n<div><\/div>\n<div><span style=\"font-weight: bold\">Teknisk information:<\/span><\/div>\n<ul>\n<li>F\u00e4rg: Polerat rostfritt st\u00e5l eller svart<\/li>\n<li>R\u00f6rens diameter: 70 mm<\/li>\n<\/ul>\n<div>&nbsp;<\/div>\n<div><\/div>\n<div><\/div>\n<div><span style=\"font-weight: bold\">Leveransinneh\u00e5ll:<\/span><\/div>\n<ul>\n<li>Frontb\u00e5ge<\/li>\n<li>Monteringsf\u00e4sten som beh\u00f6vs f\u00f6r installation<\/li>\n<li>Instruktioner f\u00f6r installation<\/li>\n<li>E-godk\u00e4nnandedokument<\/li>\n<\/ul>","protected":false},"excerpt":{"rendered":"<p>Flera modellalternativ tillg\u00e4ngliga!<\/p>","protected":false},"featured_media":48682,"comment_status":"open","ping_status":"closed","template":"","meta":{"_improvement_type_select":"improve_an_existing","_thumb_yes_seoaic":false,"_frame_yes_seoaic":false,"seoaic_generate_description":"","seoaic_improve_instructions_prompt":"","seoaic_rollback_content_improvement":"","seoaic_idea_thumbnail_generator":"","thumbnail_generated":false,"thumbnail_generate_prompt":"","seoaic_article_description":""},"make_fuel_type":[],"make_model":[6381],"make_brand":[6374],"make_year":[6373],"pwb-brand":[8349],"product_brand":[],"product_cat":[8046,6057,6062],"product_tag":[6611,6610,8486],"class_list":{"0":"post-37925","1":"product","2":"type-product","3":"status-publish","4":"has-post-thumbnail","6":"make_engine-spinter-l2h1","7":"make_engine-sprinter-l2h2","8":"make_engine-sprinter-l3h2","9":"make_engine-sprinter-l3h3","10":"make_engine-sprinter-l4h2","11":"make_engine-sprinter-l4h3","12":"make_model-w907-w910-sprinter","13":"make_brand-mb-van","14":"make_year-van","15":"pwb-brand-brand_steeler","16":"product_cat-mb-fb","17":"product_cat-lightbars","18":"product_cat-frontbars-for-vans","19":"product_tag-mercedes","20":"product_tag-mercedes-benz","21":"product_tag-sprinter","22":"product_shipping_class-lightbars","24":"first","25":"instock","26":"taxable","27":"shipping-taxable","28":"purchasable","29":"product-type-variable"},"yoast_head":"<!-- This site is optimized with the Yoast SEO plugin v25.7 - https:\/\/yoast.com\/wordpress\/plugins\/seo\/ -->\n<title>Front Bars Mercedes-Benz Sprinter 2018- RST-Steel<\/title>\n<meta name=\"description\" content=\"Front Bars Mercedes-Benz Sprinter 2018- models. Steeler Front bars are high-quality products made of stainless steel. Several model options available!\" \/>\n<meta name=\"robots\" content=\"index, follow, max-snippet:-1, max-image-preview:large, max-video-preview:-1\" \/>\n<link rel=\"canonical\" href=\"https:\/\/com.rst-steel.eu\/sv\/produkt\/frontbagar-mercedes-benz-sprinter-2018-_prm_65793\/\" \/>\n<meta property=\"og:locale\" content=\"sv_SE\" \/>\n<meta property=\"og:type\" content=\"article\" \/>\n<meta property=\"og:title\" content=\"Front Bars Mercedes-Benz Sprinter 2018- RST-Steel\" \/>\n<meta property=\"og:description\" content=\"Front Bars Mercedes-Benz Sprinter 2018- models. Steeler Front bars are high-quality products made of stainless steel. Several model options available!\" \/>\n<meta property=\"og:url\" content=\"https:\/\/com.rst-steel.eu\/sv\/produkt\/frontbagar-mercedes-benz-sprinter-2018-_prm_65793\/\" \/>\n<meta property=\"og:site_name\" content=\"RST-Steel\" \/>\n<meta property=\"article:publisher\" content=\"https:\/\/www.facebook.com\/rststeel\" \/>\n<meta property=\"article:modified_time\" content=\"2026-03-16T06:21:00+00:00\" \/>\n<meta property=\"og:image\" content=\"https:\/\/com.rst-steel.eu\/wp-content\/uploads\/2024\/11\/24f528f34f93d207d4e517ca4e24eae202192dad_15020001_Tuotekuva.jpg\" \/>\n\t<meta property=\"og:image:width\" content=\"1000\" \/>\n\t<meta property=\"og:image:height\" content=\"666\" \/>\n\t<meta property=\"og:image:type\" content=\"image\/jpeg\" \/>\n<meta name=\"twitter:card\" content=\"summary_large_image\" \/>\n<meta name=\"twitter:label1\" content=\"Ber\u00e4knad l\u00e4stid\" \/>\n\t<meta name=\"twitter:data1\" content=\"2 minuter\" \/>\n<script type=\"application\/ld+json\" class=\"yoast-schema-graph\">{\"@context\":\"https:\/\/schema.org\",\"@graph\":[{\"@type\":\"WebPage\",\"@id\":\"https:\/\/com.rst-steel.eu\/nb\/produkt\/front-bars-mercedes-benz-sprinter-2018-_prm_65793\/\",\"url\":\"https:\/\/com.rst-steel.eu\/nb\/produkt\/front-bars-mercedes-benz-sprinter-2018-_prm_65793\/\",\"name\":\"Front Bars Mercedes-Benz Sprinter 2018- RST-Steel\",\"isPartOf\":{\"@id\":\"https:\/\/com.rst-steel.eu\/#website\"},\"primaryImageOfPage\":{\"@id\":\"https:\/\/com.rst-steel.eu\/nb\/produkt\/front-bars-mercedes-benz-sprinter-2018-_prm_65793\/#primaryimage\"},\"image\":{\"@id\":\"https:\/\/com.rst-steel.eu\/nb\/produkt\/front-bars-mercedes-benz-sprinter-2018-_prm_65793\/#primaryimage\"},\"thumbnailUrl\":\"https:\/\/com.rst-steel.eu\/wp-content\/uploads\/2024\/11\/24f528f34f93d207d4e517ca4e24eae202192dad_15020001_Tuotekuva.jpg\",\"datePublished\":\"2023-04-06T05:36:06+00:00\",\"dateModified\":\"2026-03-16T06:21:00+00:00\",\"description\":\"Front Bars Mercedes-Benz Sprinter 2018- models. Steeler Front bars are high-quality products made of stainless steel. Several model options available!\",\"breadcrumb\":{\"@id\":\"https:\/\/com.rst-steel.eu\/nb\/produkt\/front-bars-mercedes-benz-sprinter-2018-_prm_65793\/#breadcrumb\"},\"inLanguage\":\"sv-SE\",\"potentialAction\":[{\"@type\":\"ReadAction\",\"target\":[\"https:\/\/com.rst-steel.eu\/nb\/produkt\/front-bars-mercedes-benz-sprinter-2018-_prm_65793\/\"]}]},{\"@type\":\"ImageObject\",\"inLanguage\":\"sv-SE\",\"@id\":\"https:\/\/com.rst-steel.eu\/nb\/produkt\/front-bars-mercedes-benz-sprinter-2018-_prm_65793\/#primaryimage\",\"url\":\"https:\/\/com.rst-steel.eu\/wp-content\/uploads\/2024\/11\/24f528f34f93d207d4e517ca4e24eae202192dad_15020001_Tuotekuva.jpg\",\"contentUrl\":\"https:\/\/com.rst-steel.eu\/wp-content\/uploads\/2024\/11\/24f528f34f93d207d4e517ca4e24eae202192dad_15020001_Tuotekuva.jpg\",\"width\":1000,\"height\":666,\"caption\":\"Front Bars Mercedes-Benz Sprinter 2018-\"},{\"@type\":\"BreadcrumbList\",\"@id\":\"https:\/\/com.rst-steel.eu\/nb\/produkt\/front-bars-mercedes-benz-sprinter-2018-_prm_65793\/#breadcrumb\",\"itemListElement\":[{\"@type\":\"ListItem\",\"position\":1,\"name\":\"Home\",\"item\":\"https:\/\/com.rst-steel.eu\/\"},{\"@type\":\"ListItem\",\"position\":2,\"name\":\"RST-Steel Shop\",\"item\":\"https:\/\/com.rst-steel.eu\/shop\/\"},{\"@type\":\"ListItem\",\"position\":3,\"name\":\"Front Bars Mercedes-Benz Sprinter 2018-\"}]},{\"@type\":\"WebSite\",\"@id\":\"https:\/\/com.rst-steel.eu\/#website\",\"url\":\"https:\/\/com.rst-steel.eu\/\",\"name\":\"RST-Steel.com\",\"description\":\"Finnish quality steel, for quality-conscious drivers\",\"publisher\":{\"@id\":\"https:\/\/com.rst-steel.eu\/#organization\"},\"alternateName\":\"Safe and stylish RST-Steel quality\",\"potentialAction\":[{\"@type\":\"SearchAction\",\"target\":{\"@type\":\"EntryPoint\",\"urlTemplate\":\"https:\/\/com.rst-steel.eu\/?s={search_term_string}\"},\"query-input\":{\"@type\":\"PropertyValueSpecification\",\"valueRequired\":true,\"valueName\":\"search_term_string\"}}],\"inLanguage\":\"sv-SE\"},{\"@type\":\"Organization\",\"@id\":\"https:\/\/com.rst-steel.eu\/#organization\",\"name\":\"RST-Steel Oy\",\"url\":\"https:\/\/com.rst-steel.eu\/\",\"logo\":{\"@type\":\"ImageObject\",\"inLanguage\":\"sv-SE\",\"@id\":\"https:\/\/com.rst-steel.eu\/#\/schema\/logo\/image\/\",\"url\":\"https:\/\/com.rst-steel.eu\/wp-content\/uploads\/2023\/04\/cropped-Rst-logo-valkoinen-teksti-3.png\",\"contentUrl\":\"https:\/\/com.rst-steel.eu\/wp-content\/uploads\/2023\/04\/cropped-Rst-logo-valkoinen-teksti-3.png\",\"width\":512,\"height\":115,\"caption\":\"RST-Steel Oy\"},\"image\":{\"@id\":\"https:\/\/com.rst-steel.eu\/#\/schema\/logo\/image\/\"},\"sameAs\":[\"https:\/\/www.facebook.com\/rststeel\",\"https:\/\/www.instagram.com\/rststeeloy\/\"]}]}<\/script>\n<!-- \/ Yoast SEO plugin. -->","yoast_head_json":{"title":"Frontb\u00e5gar Mercedes-Benz Sprinter 2018- RST-Steel","description":"Frontb\u00e5gar Mercedes-Benz Sprinter 2018- modeller. Steeler Frontb\u00e5gar \u00e4r h\u00f6gkvalitativa produkter tillverkade av rostfritt st\u00e5l. Flera modellalternativ tillg\u00e4ngliga!","robots":{"index":"index","follow":"follow","max-snippet":"max-snippet:-1","max-image-preview":"max-image-preview:large","max-video-preview":"max-video-preview:-1"},"canonical":"https:\/\/com.rst-steel.eu\/sv\/produkt\/frontbagar-mercedes-benz-sprinter-2018-_prm_65793\/","og_locale":"sv_SE","og_type":"article","og_title":"Front Bars Mercedes-Benz Sprinter 2018- RST-Steel","og_description":"Front Bars Mercedes-Benz Sprinter 2018- models. Steeler Front bars are high-quality products made of stainless steel. Several model options available!","og_url":"https:\/\/com.rst-steel.eu\/sv\/produkt\/frontbagar-mercedes-benz-sprinter-2018-_prm_65793\/","og_site_name":"RST-Steel","article_publisher":"https:\/\/www.facebook.com\/rststeel","article_modified_time":"2026-03-16T06:21:00+00:00","og_image":[{"width":1000,"height":666,"url":"https:\/\/com.rst-steel.eu\/wp-content\/uploads\/2024\/11\/24f528f34f93d207d4e517ca4e24eae202192dad_15020001_Tuotekuva.jpg","type":"image\/jpeg"}],"twitter_card":"summary_large_image","twitter_misc":{"Ber\u00e4knad l\u00e4stid":"2 minuter"},"schema":{"@context":"https:\/\/schema.org","@graph":[{"@type":"WebPage","@id":"https:\/\/com.rst-steel.eu\/nb\/produkt\/front-bars-mercedes-benz-sprinter-2018-_prm_65793\/","url":"https:\/\/com.rst-steel.eu\/nb\/produkt\/front-bars-mercedes-benz-sprinter-2018-_prm_65793\/","name":"Frontb\u00e5gar Mercedes-Benz Sprinter 2018- RST-Steel","isPartOf":{"@id":"https:\/\/com.rst-steel.eu\/#website"},"primaryImageOfPage":{"@id":"https:\/\/com.rst-steel.eu\/nb\/produkt\/front-bars-mercedes-benz-sprinter-2018-_prm_65793\/#primaryimage"},"image":{"@id":"https:\/\/com.rst-steel.eu\/nb\/produkt\/front-bars-mercedes-benz-sprinter-2018-_prm_65793\/#primaryimage"},"thumbnailUrl":"https:\/\/com.rst-steel.eu\/wp-content\/uploads\/2024\/11\/24f528f34f93d207d4e517ca4e24eae202192dad_15020001_Tuotekuva.jpg","datePublished":"2023-04-06T05:36:06+00:00","dateModified":"2026-03-16T06:21:00+00:00","description":"Frontb\u00e5gar Mercedes-Benz Sprinter 2018- modeller. Steeler Frontb\u00e5gar \u00e4r h\u00f6gkvalitativa produkter tillverkade av rostfritt st\u00e5l. Flera modellalternativ tillg\u00e4ngliga!","breadcrumb":{"@id":"https:\/\/com.rst-steel.eu\/nb\/produkt\/front-bars-mercedes-benz-sprinter-2018-_prm_65793\/#breadcrumb"},"inLanguage":"sv-SE","potentialAction":[{"@type":"ReadAction","target":["https:\/\/com.rst-steel.eu\/nb\/produkt\/front-bars-mercedes-benz-sprinter-2018-_prm_65793\/"]}]},{"@type":"ImageObject","inLanguage":"sv-SE","@id":"https:\/\/com.rst-steel.eu\/nb\/produkt\/front-bars-mercedes-benz-sprinter-2018-_prm_65793\/#primaryimage","url":"https:\/\/com.rst-steel.eu\/wp-content\/uploads\/2024\/11\/24f528f34f93d207d4e517ca4e24eae202192dad_15020001_Tuotekuva.jpg","contentUrl":"https:\/\/com.rst-steel.eu\/wp-content\/uploads\/2024\/11\/24f528f34f93d207d4e517ca4e24eae202192dad_15020001_Tuotekuva.jpg","width":1000,"height":666,"caption":"Front Bars Mercedes-Benz Sprinter 2018-"},{"@type":"BreadcrumbList","@id":"https:\/\/com.rst-steel.eu\/nb\/produkt\/front-bars-mercedes-benz-sprinter-2018-_prm_65793\/#breadcrumb","itemListElement":[{"@type":"ListItem","position":1,"name":"Home","item":"https:\/\/com.rst-steel.eu\/"},{"@type":"ListItem","position":2,"name":"RST-Steel Shop","item":"https:\/\/com.rst-steel.eu\/shop\/"},{"@type":"ListItem","position":3,"name":"Front Bars Mercedes-Benz Sprinter 2018-"}]},{"@type":"WebSite","@id":"https:\/\/com.rst-steel.eu\/#website","url":"https:\/\/com.rst-steel.eu\/","name":"RST-Stahl.com","description":"Finskt kvalitetsst\u00e5l, f\u00f6r kvalitetsmedvetna f\u00f6rare","publisher":{"@id":"https:\/\/com.rst-steel.eu\/#organization"},"alternateName":"Safe and stylish RST-Steel quality","potentialAction":[{"@type":"SearchAction","target":{"@type":"EntryPoint","urlTemplate":"https:\/\/com.rst-steel.eu\/?s={search_term_string}"},"query-input":{"@type":"PropertyValueSpecification","valueRequired":true,"valueName":"search_term_string"}}],"inLanguage":"sv-SE"},{"@type":"Organization","@id":"https:\/\/com.rst-steel.eu\/#organization","name":"RST-Steel Oy","url":"https:\/\/com.rst-steel.eu\/","logo":{"@type":"ImageObject","inLanguage":"sv-SE","@id":"https:\/\/com.rst-steel.eu\/#\/schema\/logo\/image\/","url":"https:\/\/com.rst-steel.eu\/wp-content\/uploads\/2023\/04\/cropped-Rst-logo-valkoinen-teksti-3.png","contentUrl":"https:\/\/com.rst-steel.eu\/wp-content\/uploads\/2023\/04\/cropped-Rst-logo-valkoinen-teksti-3.png","width":512,"height":115,"caption":"RST-Steel Oy"},"image":{"@id":"https:\/\/com.rst-steel.eu\/#\/schema\/logo\/image\/"},"sameAs":["https:\/\/www.facebook.com\/rststeel","https:\/\/www.instagram.com\/rststeeloy\/"]}]}},"brands":[{"id":8349,"name":"Steeler","slug":"brand_steeler"}],"_links":{"self":[{"href":"https:\/\/com.rst-steel.eu\/sv\/wp-json\/wp\/v2\/product\/37925","targetHints":{"allow":["GET"]}}],"collection":[{"href":"https:\/\/com.rst-steel.eu\/sv\/wp-json\/wp\/v2\/product"}],"about":[{"href":"https:\/\/com.rst-steel.eu\/sv\/wp-json\/wp\/v2\/types\/product"}],"replies":[{"embeddable":true,"href":"https:\/\/com.rst-steel.eu\/sv\/wp-json\/wp\/v2\/comments?post=37925"}],"version-history":[{"count":0,"href":"https:\/\/com.rst-steel.eu\/sv\/wp-json\/wp\/v2\/product\/37925\/revisions"}],"wp:featuredmedia":[{"embeddable":true,"href":"https:\/\/com.rst-steel.eu\/sv\/wp-json\/wp\/v2\/media\/48682"}],"wp:attachment":[{"href":"https:\/\/com.rst-steel.eu\/sv\/wp-json\/wp\/v2\/media?parent=37925"}],"wp:term":[{"taxonomy":"make_fuel_type","embeddable":true,"href":"https:\/\/com.rst-steel.eu\/sv\/wp-json\/wp\/v2\/make_fuel_type?post=37925"},{"taxonomy":"make_model","embeddable":true,"href":"https:\/\/com.rst-steel.eu\/sv\/wp-json\/wp\/v2\/make_model?post=37925"},{"taxonomy":"make_brand","embeddable":true,"href":"https:\/\/com.rst-steel.eu\/sv\/wp-json\/wp\/v2\/make_brand?post=37925"},{"taxonomy":"make_year","embeddable":true,"href":"https:\/\/com.rst-steel.eu\/sv\/wp-json\/wp\/v2\/make_year?post=37925"},{"taxonomy":"pwb-brand","embeddable":true,"href":"https:\/\/com.rst-steel.eu\/sv\/wp-json\/wp\/v2\/pwb-brand?post=37925"},{"taxonomy":"product_brand","embeddable":true,"href":"https:\/\/com.rst-steel.eu\/sv\/wp-json\/wp\/v2\/product_brand?post=37925"},{"taxonomy":"product_cat","embeddable":true,"href":"https:\/\/com.rst-steel.eu\/sv\/wp-json\/wp\/v2\/product_cat?post=37925"},{"taxonomy":"product_tag","embeddable":true,"href":"https:\/\/com.rst-steel.eu\/sv\/wp-json\/wp\/v2\/product_tag?post=37925"}],"curies":[{"name":"wp","href":"https:\/\/api.w.org\/{rel}","templated":true}]}}