{"id":37911,"date":"2023-04-06T08:35:35","date_gmt":"2023-04-06T05:35:35","guid":{"rendered":"https:\/\/rst-steel.fi-c.seravo.com\/product\/decorative-bar-mb-sprinter-2018-_prm_65779\/"},"modified":"2026-03-16T09:20:59","modified_gmt":"2026-03-16T06:20:59","slug":"lisaputki-valotelineen-alle-mb-sprinter-2018-_prm_65779","status":"publish","type":"product","link":"https:\/\/com.rst-steel.eu\/sv\/produkt\/lisaputki-valotelineen-alle-mb-sprinter-2018-_prm_65779\/","title":{"rendered":"Front Bar MB Sprinter 2018-"},"content":{"rendered":"<p>Dekorativ bar under fr\u00e4mre bar MB Sprinter 2018-<\/p>\n<p>&nbsp;<\/p>\n<p>Snyggt tillbeh\u00f6r f\u00f6r att skydda din bils st\u00f6tf\u00e5ngare. Ger bilen ett snyggt och elegant utseende, den drar ocks\u00e5 blickarna till sig och kan v\u00e4cka j\u00e4rnfeber, vilket g\u00f6r att du och ditt f\u00f6retag sticker ut.<\/p>\n<p>&nbsp;<\/p>\n<p><span style=\"font-weight: bold\">OBS! Kan endast monteras med den frontbalk som visas p\u00e5 bilden.<br \/><\/span><\/p>\n<p>&nbsp;<\/p>\n<p><strong>Teknisk information:<\/strong><\/p>\n<ul>\n<li>F\u00e4rg: Spegelpolerat rostfritt st\u00e5l eller lackering med RAL-basf\u00e4rger<\/li>\n<li>R\u00f6rdiameter: 76 mm<\/li>\n<\/ul>\n<p>&nbsp;<\/p>\n<p><strong>Leveransinneh\u00e5ll:<\/strong><\/p>\n<ul>\n<li>Dekorativ b\u00e5ge<\/li>\n<li>Monteringsf\u00e4sten som beh\u00f6vs f\u00f6r installation<\/li>\n<li>Instruktioner f\u00f6r installation<\/li>\n<\/ul>","protected":false},"excerpt":{"rendered":"<p>Flera modellalternativ tillg\u00e4ngliga!<\/p>","protected":false},"featured_media":37909,"comment_status":"open","ping_status":"closed","template":"","meta":{"_improvement_type_select":"improve_an_existing","_thumb_yes_seoaic":false,"_frame_yes_seoaic":false,"seoaic_generate_description":"","seoaic_improve_instructions_prompt":"","seoaic_rollback_content_improvement":"","seoaic_idea_thumbnail_generator":"","thumbnail_generated":false,"thumbnail_generate_prompt":"","seoaic_article_description":""},"make_fuel_type":[],"make_model":[6381],"make_brand":[6374],"make_year":[6373],"pwb-brand":[8334],"product_brand":[],"product_cat":[6057,6062],"product_tag":[8486],"class_list":{"0":"post-37911","1":"product","2":"type-product","3":"status-publish","4":"has-post-thumbnail","6":"make_engine-spinter-l2h1","7":"make_engine-sprinter-l2h2","8":"make_engine-sprinter-l3h2","9":"make_engine-sprinter-l3h3","10":"make_engine-sprinter-l4h2","11":"make_engine-sprinter-l4h3","12":"make_model-w907-w910-sprinter","13":"make_brand-mb-van","14":"make_year-van","15":"pwb-brand-brand_rststeel","16":"product_cat-lightbars","17":"product_cat-frontbars-for-vans","18":"product_tag-sprinter","19":"product_shipping_class-erikoispitka","21":"first","22":"instock","23":"taxable","24":"shipping-taxable","25":"purchasable","26":"product-type-variable"},"yoast_head":"<!-- This site is optimized with the Yoast SEO plugin v25.7 - https:\/\/yoast.com\/wordpress\/plugins\/seo\/ -->\n<title>Front Bar MB Sprinter 2018- RST-Steel<\/title>\n<meta name=\"description\" content=\"Decorative Bar Under the Front Bar MB Sprinter 2018- models. Stylish accessory to protect your car&#039;s bumper. Get to know the product!\" \/>\n<meta name=\"robots\" content=\"index, follow, max-snippet:-1, max-image-preview:large, max-video-preview:-1\" \/>\n<link rel=\"canonical\" href=\"https:\/\/com.rst-steel.eu\/sv\/produkt\/lisaputki-valotelineen-alle-mb-sprinter-2018-_prm_65779\/\" \/>\n<meta property=\"og:locale\" content=\"sv_SE\" \/>\n<meta property=\"og:type\" content=\"article\" \/>\n<meta property=\"og:title\" content=\"Front Bar MB Sprinter 2018- RST-Steel\" \/>\n<meta property=\"og:description\" content=\"Decorative Bar Under the Front Bar MB Sprinter 2018- models. Stylish accessory to protect your car&#039;s bumper. Get to know the product!\" \/>\n<meta property=\"og:url\" content=\"https:\/\/com.rst-steel.eu\/sv\/produkt\/lisaputki-valotelineen-alle-mb-sprinter-2018-_prm_65779\/\" \/>\n<meta property=\"og:site_name\" content=\"RST-Steel\" \/>\n<meta property=\"article:publisher\" content=\"https:\/\/www.facebook.com\/rststeel\" \/>\n<meta property=\"article:modified_time\" content=\"2026-03-16T06:20:59+00:00\" \/>\n<meta property=\"og:image\" content=\"https:\/\/com.rst-steel.eu\/wp-content\/uploads\/2023\/04\/b8376052de5721709cc5ec606c515f63a4272fb0_LisaputkivalotelineenalleMBSprinter2006__SPR016A_2352b7a6e7141f9186b2812b0f963d9f_2.jpg\" \/>\n\t<meta property=\"og:image:width\" content=\"553\" \/>\n\t<meta property=\"og:image:height\" content=\"726\" \/>\n\t<meta property=\"og:image:type\" content=\"image\/jpeg\" \/>\n<meta name=\"twitter:card\" content=\"summary_large_image\" \/>\n<meta name=\"twitter:label1\" content=\"Ber\u00e4knad l\u00e4stid\" \/>\n\t<meta name=\"twitter:data1\" content=\"1 minut\" \/>\n<script type=\"application\/ld+json\" class=\"yoast-schema-graph\">{\"@context\":\"https:\/\/schema.org\",\"@graph\":[{\"@type\":\"WebPage\",\"@id\":\"https:\/\/com.rst-steel.eu\/nb\/produkt\/lisaputki-valotelineen-alle-mb-sprinter-2018-_prm_65779\/\",\"url\":\"https:\/\/com.rst-steel.eu\/nb\/produkt\/lisaputki-valotelineen-alle-mb-sprinter-2018-_prm_65779\/\",\"name\":\"Front Bar MB Sprinter 2018- RST-Steel\",\"isPartOf\":{\"@id\":\"https:\/\/com.rst-steel.eu\/#website\"},\"primaryImageOfPage\":{\"@id\":\"https:\/\/com.rst-steel.eu\/nb\/produkt\/lisaputki-valotelineen-alle-mb-sprinter-2018-_prm_65779\/#primaryimage\"},\"image\":{\"@id\":\"https:\/\/com.rst-steel.eu\/nb\/produkt\/lisaputki-valotelineen-alle-mb-sprinter-2018-_prm_65779\/#primaryimage\"},\"thumbnailUrl\":\"https:\/\/com.rst-steel.eu\/wp-content\/uploads\/2023\/04\/b8376052de5721709cc5ec606c515f63a4272fb0_LisaputkivalotelineenalleMBSprinter2006__SPR016A_2352b7a6e7141f9186b2812b0f963d9f_2.jpg\",\"datePublished\":\"2023-04-06T05:35:35+00:00\",\"dateModified\":\"2026-03-16T06:20:59+00:00\",\"description\":\"Decorative Bar Under the Front Bar MB Sprinter 2018- models. Stylish accessory to protect your car's bumper. Get to know the product!\",\"breadcrumb\":{\"@id\":\"https:\/\/com.rst-steel.eu\/nb\/produkt\/lisaputki-valotelineen-alle-mb-sprinter-2018-_prm_65779\/#breadcrumb\"},\"inLanguage\":\"sv-SE\",\"potentialAction\":[{\"@type\":\"ReadAction\",\"target\":[\"https:\/\/com.rst-steel.eu\/nb\/produkt\/lisaputki-valotelineen-alle-mb-sprinter-2018-_prm_65779\/\"]}]},{\"@type\":\"ImageObject\",\"inLanguage\":\"sv-SE\",\"@id\":\"https:\/\/com.rst-steel.eu\/nb\/produkt\/lisaputki-valotelineen-alle-mb-sprinter-2018-_prm_65779\/#primaryimage\",\"url\":\"https:\/\/com.rst-steel.eu\/wp-content\/uploads\/2023\/04\/b8376052de5721709cc5ec606c515f63a4272fb0_LisaputkivalotelineenalleMBSprinter2006__SPR016A_2352b7a6e7141f9186b2812b0f963d9f_2.jpg\",\"contentUrl\":\"https:\/\/com.rst-steel.eu\/wp-content\/uploads\/2023\/04\/b8376052de5721709cc5ec606c515f63a4272fb0_LisaputkivalotelineenalleMBSprinter2006__SPR016A_2352b7a6e7141f9186b2812b0f963d9f_2.jpg\",\"width\":553,\"height\":726,\"caption\":\"Decorative Bar Under the Front Bar MB Sprinter 2018-\"},{\"@type\":\"BreadcrumbList\",\"@id\":\"https:\/\/com.rst-steel.eu\/nb\/produkt\/lisaputki-valotelineen-alle-mb-sprinter-2018-_prm_65779\/#breadcrumb\",\"itemListElement\":[{\"@type\":\"ListItem\",\"position\":1,\"name\":\"Home\",\"item\":\"https:\/\/com.rst-steel.eu\/\"},{\"@type\":\"ListItem\",\"position\":2,\"name\":\"RST-Steel Shop\",\"item\":\"https:\/\/com.rst-steel.eu\/shop\/\"},{\"@type\":\"ListItem\",\"position\":3,\"name\":\"Front Bar MB Sprinter 2018-\"}]},{\"@type\":\"WebSite\",\"@id\":\"https:\/\/com.rst-steel.eu\/#website\",\"url\":\"https:\/\/com.rst-steel.eu\/\",\"name\":\"RST-Steel.com\",\"description\":\"Finnish quality steel, for quality-conscious drivers\",\"publisher\":{\"@id\":\"https:\/\/com.rst-steel.eu\/#organization\"},\"alternateName\":\"Safe and stylish RST-Steel quality\",\"potentialAction\":[{\"@type\":\"SearchAction\",\"target\":{\"@type\":\"EntryPoint\",\"urlTemplate\":\"https:\/\/com.rst-steel.eu\/?s={search_term_string}\"},\"query-input\":{\"@type\":\"PropertyValueSpecification\",\"valueRequired\":true,\"valueName\":\"search_term_string\"}}],\"inLanguage\":\"sv-SE\"},{\"@type\":\"Organization\",\"@id\":\"https:\/\/com.rst-steel.eu\/#organization\",\"name\":\"RST-Steel Oy\",\"url\":\"https:\/\/com.rst-steel.eu\/\",\"logo\":{\"@type\":\"ImageObject\",\"inLanguage\":\"sv-SE\",\"@id\":\"https:\/\/com.rst-steel.eu\/#\/schema\/logo\/image\/\",\"url\":\"https:\/\/com.rst-steel.eu\/wp-content\/uploads\/2023\/04\/cropped-Rst-logo-valkoinen-teksti-3.png\",\"contentUrl\":\"https:\/\/com.rst-steel.eu\/wp-content\/uploads\/2023\/04\/cropped-Rst-logo-valkoinen-teksti-3.png\",\"width\":512,\"height\":115,\"caption\":\"RST-Steel Oy\"},\"image\":{\"@id\":\"https:\/\/com.rst-steel.eu\/#\/schema\/logo\/image\/\"},\"sameAs\":[\"https:\/\/www.facebook.com\/rststeel\",\"https:\/\/www.instagram.com\/rststeeloy\/\"]}]}<\/script>\n<!-- \/ Yoast SEO plugin. -->","yoast_head_json":{"title":"Front Bar MB Sprinter 2018- RST-Steel","description":"Dekorativ bar under fr\u00e4mre bar MB Sprinter 2018- modeller. Snyggt tillbeh\u00f6r f\u00f6r att skydda din bils st\u00f6tf\u00e5ngare. L\u00e4r k\u00e4nna produkten!","robots":{"index":"index","follow":"follow","max-snippet":"max-snippet:-1","max-image-preview":"max-image-preview:large","max-video-preview":"max-video-preview:-1"},"canonical":"https:\/\/com.rst-steel.eu\/sv\/produkt\/lisaputki-valotelineen-alle-mb-sprinter-2018-_prm_65779\/","og_locale":"sv_SE","og_type":"article","og_title":"Front Bar MB Sprinter 2018- RST-Steel","og_description":"Decorative Bar Under the Front Bar MB Sprinter 2018- models. Stylish accessory to protect your car's bumper. Get to know the product!","og_url":"https:\/\/com.rst-steel.eu\/sv\/produkt\/lisaputki-valotelineen-alle-mb-sprinter-2018-_prm_65779\/","og_site_name":"RST-Steel","article_publisher":"https:\/\/www.facebook.com\/rststeel","article_modified_time":"2026-03-16T06:20:59+00:00","og_image":[{"width":553,"height":726,"url":"https:\/\/com.rst-steel.eu\/wp-content\/uploads\/2023\/04\/b8376052de5721709cc5ec606c515f63a4272fb0_LisaputkivalotelineenalleMBSprinter2006__SPR016A_2352b7a6e7141f9186b2812b0f963d9f_2.jpg","type":"image\/jpeg"}],"twitter_card":"summary_large_image","twitter_misc":{"Ber\u00e4knad l\u00e4stid":"1 minut"},"schema":{"@context":"https:\/\/schema.org","@graph":[{"@type":"WebPage","@id":"https:\/\/com.rst-steel.eu\/nb\/produkt\/lisaputki-valotelineen-alle-mb-sprinter-2018-_prm_65779\/","url":"https:\/\/com.rst-steel.eu\/nb\/produkt\/lisaputki-valotelineen-alle-mb-sprinter-2018-_prm_65779\/","name":"Front Bar MB Sprinter 2018- RST-Steel","isPartOf":{"@id":"https:\/\/com.rst-steel.eu\/#website"},"primaryImageOfPage":{"@id":"https:\/\/com.rst-steel.eu\/nb\/produkt\/lisaputki-valotelineen-alle-mb-sprinter-2018-_prm_65779\/#primaryimage"},"image":{"@id":"https:\/\/com.rst-steel.eu\/nb\/produkt\/lisaputki-valotelineen-alle-mb-sprinter-2018-_prm_65779\/#primaryimage"},"thumbnailUrl":"https:\/\/com.rst-steel.eu\/wp-content\/uploads\/2023\/04\/b8376052de5721709cc5ec606c515f63a4272fb0_LisaputkivalotelineenalleMBSprinter2006__SPR016A_2352b7a6e7141f9186b2812b0f963d9f_2.jpg","datePublished":"2023-04-06T05:35:35+00:00","dateModified":"2026-03-16T06:20:59+00:00","description":"Dekorativ bar under fr\u00e4mre bar MB Sprinter 2018- modeller. Snyggt tillbeh\u00f6r f\u00f6r att skydda din bils st\u00f6tf\u00e5ngare. L\u00e4r k\u00e4nna produkten!","breadcrumb":{"@id":"https:\/\/com.rst-steel.eu\/nb\/produkt\/lisaputki-valotelineen-alle-mb-sprinter-2018-_prm_65779\/#breadcrumb"},"inLanguage":"sv-SE","potentialAction":[{"@type":"ReadAction","target":["https:\/\/com.rst-steel.eu\/nb\/produkt\/lisaputki-valotelineen-alle-mb-sprinter-2018-_prm_65779\/"]}]},{"@type":"ImageObject","inLanguage":"sv-SE","@id":"https:\/\/com.rst-steel.eu\/nb\/produkt\/lisaputki-valotelineen-alle-mb-sprinter-2018-_prm_65779\/#primaryimage","url":"https:\/\/com.rst-steel.eu\/wp-content\/uploads\/2023\/04\/b8376052de5721709cc5ec606c515f63a4272fb0_LisaputkivalotelineenalleMBSprinter2006__SPR016A_2352b7a6e7141f9186b2812b0f963d9f_2.jpg","contentUrl":"https:\/\/com.rst-steel.eu\/wp-content\/uploads\/2023\/04\/b8376052de5721709cc5ec606c515f63a4272fb0_LisaputkivalotelineenalleMBSprinter2006__SPR016A_2352b7a6e7141f9186b2812b0f963d9f_2.jpg","width":553,"height":726,"caption":"Decorative Bar Under the Front Bar MB Sprinter 2018-"},{"@type":"BreadcrumbList","@id":"https:\/\/com.rst-steel.eu\/nb\/produkt\/lisaputki-valotelineen-alle-mb-sprinter-2018-_prm_65779\/#breadcrumb","itemListElement":[{"@type":"ListItem","position":1,"name":"Home","item":"https:\/\/com.rst-steel.eu\/"},{"@type":"ListItem","position":2,"name":"RST-Steel Shop","item":"https:\/\/com.rst-steel.eu\/shop\/"},{"@type":"ListItem","position":3,"name":"Front Bar MB Sprinter 2018-"}]},{"@type":"WebSite","@id":"https:\/\/com.rst-steel.eu\/#website","url":"https:\/\/com.rst-steel.eu\/","name":"RST-Stahl.com","description":"Finskt kvalitetsst\u00e5l, f\u00f6r kvalitetsmedvetna f\u00f6rare","publisher":{"@id":"https:\/\/com.rst-steel.eu\/#organization"},"alternateName":"Safe and stylish RST-Steel quality","potentialAction":[{"@type":"SearchAction","target":{"@type":"EntryPoint","urlTemplate":"https:\/\/com.rst-steel.eu\/?s={search_term_string}"},"query-input":{"@type":"PropertyValueSpecification","valueRequired":true,"valueName":"search_term_string"}}],"inLanguage":"sv-SE"},{"@type":"Organization","@id":"https:\/\/com.rst-steel.eu\/#organization","name":"RST-Steel Oy","url":"https:\/\/com.rst-steel.eu\/","logo":{"@type":"ImageObject","inLanguage":"sv-SE","@id":"https:\/\/com.rst-steel.eu\/#\/schema\/logo\/image\/","url":"https:\/\/com.rst-steel.eu\/wp-content\/uploads\/2023\/04\/cropped-Rst-logo-valkoinen-teksti-3.png","contentUrl":"https:\/\/com.rst-steel.eu\/wp-content\/uploads\/2023\/04\/cropped-Rst-logo-valkoinen-teksti-3.png","width":512,"height":115,"caption":"RST-Steel Oy"},"image":{"@id":"https:\/\/com.rst-steel.eu\/#\/schema\/logo\/image\/"},"sameAs":["https:\/\/www.facebook.com\/rststeel","https:\/\/www.instagram.com\/rststeeloy\/"]}]}},"brands":[{"id":8334,"name":"RST-Steel","slug":"brand_rststeel"}],"_links":{"self":[{"href":"https:\/\/com.rst-steel.eu\/sv\/wp-json\/wp\/v2\/product\/37911","targetHints":{"allow":["GET"]}}],"collection":[{"href":"https:\/\/com.rst-steel.eu\/sv\/wp-json\/wp\/v2\/product"}],"about":[{"href":"https:\/\/com.rst-steel.eu\/sv\/wp-json\/wp\/v2\/types\/product"}],"replies":[{"embeddable":true,"href":"https:\/\/com.rst-steel.eu\/sv\/wp-json\/wp\/v2\/comments?post=37911"}],"version-history":[{"count":0,"href":"https:\/\/com.rst-steel.eu\/sv\/wp-json\/wp\/v2\/product\/37911\/revisions"}],"wp:featuredmedia":[{"embeddable":true,"href":"https:\/\/com.rst-steel.eu\/sv\/wp-json\/wp\/v2\/media\/37909"}],"wp:attachment":[{"href":"https:\/\/com.rst-steel.eu\/sv\/wp-json\/wp\/v2\/media?parent=37911"}],"wp:term":[{"taxonomy":"make_fuel_type","embeddable":true,"href":"https:\/\/com.rst-steel.eu\/sv\/wp-json\/wp\/v2\/make_fuel_type?post=37911"},{"taxonomy":"make_model","embeddable":true,"href":"https:\/\/com.rst-steel.eu\/sv\/wp-json\/wp\/v2\/make_model?post=37911"},{"taxonomy":"make_brand","embeddable":true,"href":"https:\/\/com.rst-steel.eu\/sv\/wp-json\/wp\/v2\/make_brand?post=37911"},{"taxonomy":"make_year","embeddable":true,"href":"https:\/\/com.rst-steel.eu\/sv\/wp-json\/wp\/v2\/make_year?post=37911"},{"taxonomy":"pwb-brand","embeddable":true,"href":"https:\/\/com.rst-steel.eu\/sv\/wp-json\/wp\/v2\/pwb-brand?post=37911"},{"taxonomy":"product_brand","embeddable":true,"href":"https:\/\/com.rst-steel.eu\/sv\/wp-json\/wp\/v2\/product_brand?post=37911"},{"taxonomy":"product_cat","embeddable":true,"href":"https:\/\/com.rst-steel.eu\/sv\/wp-json\/wp\/v2\/product_cat?post=37911"},{"taxonomy":"product_tag","embeddable":true,"href":"https:\/\/com.rst-steel.eu\/sv\/wp-json\/wp\/v2\/product_tag?post=37911"}],"curies":[{"name":"wp","href":"https:\/\/api.w.org\/{rel}","templated":true}]}}