{"id":37905,"date":"2023-04-06T08:35:24","date_gmt":"2023-04-06T05:35:24","guid":{"rendered":"https:\/\/rst-steel.fi-c.seravo.com\/product\/front-spoiler-bars-mb-sprinter-2018-w907-w910_prm_65772\/"},"modified":"2026-03-30T08:34:17","modified_gmt":"2026-03-30T05:34:17","slug":"front-spoiler-bars-mb-sprinter-2018-w907-and-w910_prm_65772","status":"publish","type":"product","link":"https:\/\/com.rst-steel.eu\/sv\/produkt\/front-spoiler-bars-mb-sprinter-2018-w907-and-w910_prm_65772\/","title":{"rendered":"Frontb\u00e5ge MB Sprinter 2018- W907 och W910"},"content":{"rendered":"<p>Frontb\u00e5ge MB Sprinter 2018- W907 och W910<\/p>\n<p><\/p>\n<p><\/p>\n<p>Produkten \u00e4r l\u00e4mplig f\u00f6r installation tillsammans med Parktronic och str\u00e5lkastarspolare.<\/p>\n<p>Denna produkt \u00e4r en tv\u00e5delad produkt<\/p>\n<p><\/p>\n<p>Finns med och utan varselljus.<\/p>\n<p><\/p>\n<p><span style=\"font-weight: bold\">Teknisk information:<\/span><\/p>\n<ul>\n<li>F\u00e4rg: Polerat rostfritt st\u00e5l eller pulverlackerat med RAL-f\u00e4rger<\/li>\n<li>R\u00f6rdiameter: 60 mm<\/li>\n<\/ul>\n<p><\/p>\n<p><span style=\"font-weight: bold\">Leveransinneh\u00e5ll:<\/span><\/p>\n<ul>\n<li>Fr\u00e4mre h\u00f6rnst\u00e4nger<\/li>\n<li>Monteringsf\u00e4sten som beh\u00f6vs f\u00f6r installation<\/li>\n<li>Instruktioner f\u00f6r installation<\/li>\n<\/ul>","protected":false},"excerpt":{"rendered":"<p>Finns med eller utan varselljus!<\/p>","protected":false},"featured_media":48621,"comment_status":"open","ping_status":"closed","template":"","meta":{"_improvement_type_select":"improve_an_existing","_thumb_yes_seoaic":false,"_frame_yes_seoaic":false,"seoaic_generate_description":"","seoaic_improve_instructions_prompt":"","seoaic_rollback_content_improvement":"","seoaic_idea_thumbnail_generator":"","thumbnail_generated":false,"thumbnail_generate_prompt":"","seoaic_article_description":""},"make_fuel_type":[],"make_model":[6381],"make_brand":[6374],"make_year":[6373],"pwb-brand":[8334],"product_brand":[],"product_cat":[8094,6092,6094],"product_tag":[7550,8486],"class_list":{"0":"post-37905","1":"product","2":"type-product","3":"status-publish","4":"has-post-thumbnail","6":"make_engine-sprinter-l2h1-front-wheeel-drive","7":"make_engine-spinter-l2h1","8":"make_engine-sprinter-l2h2-front-wheeel-drive","9":"make_engine-sprinter-l2h2","10":"make_engine-sprinter-l3h2","11":"make_engine-sprinter-l3h3","12":"make_engine-sprinter-l4h2","13":"make_engine-sprinter-l4h3","14":"make_engine-wheelbase-3924mm","15":"make_model-w907-w910-sprinter","16":"make_brand-mb-van","17":"make_year-van","18":"pwb-brand-brand_rststeel","19":"product_cat-mb-fsb-pa","20":"product_cat-front-spoiler-bars","21":"product_cat-front-spoiler-bars-for-vans","22":"product_tag-frontbagar","23":"product_tag-sprinter","24":"product_shipping_class-erikoispitka","26":"first","27":"instock","28":"taxable","29":"shipping-taxable","30":"purchasable","31":"product-type-variable"},"yoast_head":"<!-- This site is optimized with the Yoast SEO plugin v25.7 - https:\/\/yoast.com\/wordpress\/plugins\/seo\/ -->\n<title>Front Spoiler Bars MB Sprinter 2018- W907 and W910 - RST-Steel<\/title>\n<meta name=\"description\" content=\"Front Spoiler Bars MB Sprinter 2018- W907 \/ W910 models. The product is suitable for installation together with Parktronic and headlight washers.\" \/>\n<meta name=\"robots\" content=\"index, follow, max-snippet:-1, max-image-preview:large, max-video-preview:-1\" \/>\n<link rel=\"canonical\" href=\"https:\/\/com.rst-steel.eu\/sv\/produkt\/front-spoiler-bars-mb-sprinter-2018-w907-and-w910_prm_65772\/\" \/>\n<meta property=\"og:locale\" content=\"sv_SE\" \/>\n<meta property=\"og:type\" content=\"article\" \/>\n<meta property=\"og:title\" content=\"Front Spoiler Bars MB Sprinter 2018- W907 and W910 - RST-Steel\" \/>\n<meta property=\"og:description\" content=\"Front Spoiler Bars MB Sprinter 2018- W907 \/ W910 models. The product is suitable for installation together with Parktronic and headlight washers.\" \/>\n<meta property=\"og:url\" content=\"https:\/\/com.rst-steel.eu\/sv\/produkt\/front-spoiler-bars-mb-sprinter-2018-w907-and-w910_prm_65772\/\" \/>\n<meta property=\"og:site_name\" content=\"RST-Steel\" \/>\n<meta property=\"article:publisher\" content=\"https:\/\/www.facebook.com\/rststeel\" \/>\n<meta property=\"article:modified_time\" content=\"2026-03-30T05:34:17+00:00\" \/>\n<meta property=\"og:image\" content=\"https:\/\/com.rst-steel.eu\/wp-content\/uploads\/2024\/11\/7324d7b9347deb938bc890617e9803244b8dc06f_150324.jpeg\" \/>\n\t<meta property=\"og:image:width\" content=\"1920\" \/>\n\t<meta property=\"og:image:height\" content=\"1440\" \/>\n\t<meta property=\"og:image:type\" content=\"image\/jpeg\" \/>\n<meta name=\"twitter:card\" content=\"summary_large_image\" \/>\n<meta name=\"twitter:label1\" content=\"Ber\u00e4knad l\u00e4stid\" \/>\n\t<meta name=\"twitter:data1\" content=\"1 minut\" \/>\n<script type=\"application\/ld+json\" class=\"yoast-schema-graph\">{\"@context\":\"https:\/\/schema.org\",\"@graph\":[{\"@type\":\"WebPage\",\"@id\":\"https:\/\/com.rst-steel.eu\/nb\/produkt\/front-spoiler-bars-mb-sprinter-2018-w907-and-w910_prm_65772\/\",\"url\":\"https:\/\/com.rst-steel.eu\/nb\/produkt\/front-spoiler-bars-mb-sprinter-2018-w907-and-w910_prm_65772\/\",\"name\":\"Front Spoiler Bars MB Sprinter 2018- W907 and W910 - RST-Steel\",\"isPartOf\":{\"@id\":\"https:\/\/com.rst-steel.eu\/#website\"},\"primaryImageOfPage\":{\"@id\":\"https:\/\/com.rst-steel.eu\/nb\/produkt\/front-spoiler-bars-mb-sprinter-2018-w907-and-w910_prm_65772\/#primaryimage\"},\"image\":{\"@id\":\"https:\/\/com.rst-steel.eu\/nb\/produkt\/front-spoiler-bars-mb-sprinter-2018-w907-and-w910_prm_65772\/#primaryimage\"},\"thumbnailUrl\":\"https:\/\/com.rst-steel.eu\/wp-content\/uploads\/2024\/11\/7324d7b9347deb938bc890617e9803244b8dc06f_150324.jpeg\",\"datePublished\":\"2023-04-06T05:35:24+00:00\",\"dateModified\":\"2026-03-30T05:34:17+00:00\",\"description\":\"Front Spoiler Bars MB Sprinter 2018- W907 \/ W910 models. The product is suitable for installation together with Parktronic and headlight washers.\",\"breadcrumb\":{\"@id\":\"https:\/\/com.rst-steel.eu\/nb\/produkt\/front-spoiler-bars-mb-sprinter-2018-w907-and-w910_prm_65772\/#breadcrumb\"},\"inLanguage\":\"sv-SE\",\"potentialAction\":[{\"@type\":\"ReadAction\",\"target\":[\"https:\/\/com.rst-steel.eu\/nb\/produkt\/front-spoiler-bars-mb-sprinter-2018-w907-and-w910_prm_65772\/\"]}]},{\"@type\":\"ImageObject\",\"inLanguage\":\"sv-SE\",\"@id\":\"https:\/\/com.rst-steel.eu\/nb\/produkt\/front-spoiler-bars-mb-sprinter-2018-w907-and-w910_prm_65772\/#primaryimage\",\"url\":\"https:\/\/com.rst-steel.eu\/wp-content\/uploads\/2024\/11\/7324d7b9347deb938bc890617e9803244b8dc06f_150324.jpeg\",\"contentUrl\":\"https:\/\/com.rst-steel.eu\/wp-content\/uploads\/2024\/11\/7324d7b9347deb938bc890617e9803244b8dc06f_150324.jpeg\",\"width\":1920,\"height\":1440,\"caption\":\"Front Corner Bars MB Sprinter 2018- W907 and W910\"},{\"@type\":\"BreadcrumbList\",\"@id\":\"https:\/\/com.rst-steel.eu\/nb\/produkt\/front-spoiler-bars-mb-sprinter-2018-w907-and-w910_prm_65772\/#breadcrumb\",\"itemListElement\":[{\"@type\":\"ListItem\",\"position\":1,\"name\":\"Home\",\"item\":\"https:\/\/com.rst-steel.eu\/\"},{\"@type\":\"ListItem\",\"position\":2,\"name\":\"RST-Steel Shop\",\"item\":\"https:\/\/com.rst-steel.eu\/shop\/\"},{\"@type\":\"ListItem\",\"position\":3,\"name\":\"Front Spoiler Bars MB Sprinter 2018- W907 and W910\"}]},{\"@type\":\"WebSite\",\"@id\":\"https:\/\/com.rst-steel.eu\/#website\",\"url\":\"https:\/\/com.rst-steel.eu\/\",\"name\":\"RST-Steel.com\",\"description\":\"Finnish quality steel, for quality-conscious drivers\",\"publisher\":{\"@id\":\"https:\/\/com.rst-steel.eu\/#organization\"},\"alternateName\":\"Safe and stylish RST-Steel quality\",\"potentialAction\":[{\"@type\":\"SearchAction\",\"target\":{\"@type\":\"EntryPoint\",\"urlTemplate\":\"https:\/\/com.rst-steel.eu\/?s={search_term_string}\"},\"query-input\":{\"@type\":\"PropertyValueSpecification\",\"valueRequired\":true,\"valueName\":\"search_term_string\"}}],\"inLanguage\":\"sv-SE\"},{\"@type\":\"Organization\",\"@id\":\"https:\/\/com.rst-steel.eu\/#organization\",\"name\":\"RST-Steel Oy\",\"url\":\"https:\/\/com.rst-steel.eu\/\",\"logo\":{\"@type\":\"ImageObject\",\"inLanguage\":\"sv-SE\",\"@id\":\"https:\/\/com.rst-steel.eu\/#\/schema\/logo\/image\/\",\"url\":\"https:\/\/com.rst-steel.eu\/wp-content\/uploads\/2023\/04\/cropped-Rst-logo-valkoinen-teksti-3.png\",\"contentUrl\":\"https:\/\/com.rst-steel.eu\/wp-content\/uploads\/2023\/04\/cropped-Rst-logo-valkoinen-teksti-3.png\",\"width\":512,\"height\":115,\"caption\":\"RST-Steel Oy\"},\"image\":{\"@id\":\"https:\/\/com.rst-steel.eu\/#\/schema\/logo\/image\/\"},\"sameAs\":[\"https:\/\/www.facebook.com\/rststeel\",\"https:\/\/www.instagram.com\/rststeeloy\/\"]}]}<\/script>\n<!-- \/ Yoast SEO plugin. -->","yoast_head_json":{"title":"Front Spoiler Bars MB Sprinter 2018- W907 and W910 - RST-Steel","description":"Frontspoiler MB Sprinter 2018- W907 \/ W910 modeller. Produkten \u00e4r l\u00e4mplig f\u00f6r installation tillsammans med Parktronic och str\u00e5lkastarspolare.","robots":{"index":"index","follow":"follow","max-snippet":"max-snippet:-1","max-image-preview":"max-image-preview:large","max-video-preview":"max-video-preview:-1"},"canonical":"https:\/\/com.rst-steel.eu\/sv\/produkt\/front-spoiler-bars-mb-sprinter-2018-w907-and-w910_prm_65772\/","og_locale":"sv_SE","og_type":"article","og_title":"Front Spoiler Bars MB Sprinter 2018- W907 and W910 - RST-Steel","og_description":"Front Spoiler Bars MB Sprinter 2018- W907 \/ W910 models. The product is suitable for installation together with Parktronic and headlight washers.","og_url":"https:\/\/com.rst-steel.eu\/sv\/produkt\/front-spoiler-bars-mb-sprinter-2018-w907-and-w910_prm_65772\/","og_site_name":"RST-Steel","article_publisher":"https:\/\/www.facebook.com\/rststeel","article_modified_time":"2026-03-30T05:34:17+00:00","og_image":[{"width":1920,"height":1440,"url":"https:\/\/com.rst-steel.eu\/wp-content\/uploads\/2024\/11\/7324d7b9347deb938bc890617e9803244b8dc06f_150324.jpeg","type":"image\/jpeg"}],"twitter_card":"summary_large_image","twitter_misc":{"Ber\u00e4knad l\u00e4stid":"1 minut"},"schema":{"@context":"https:\/\/schema.org","@graph":[{"@type":"WebPage","@id":"https:\/\/com.rst-steel.eu\/nb\/produkt\/front-spoiler-bars-mb-sprinter-2018-w907-and-w910_prm_65772\/","url":"https:\/\/com.rst-steel.eu\/nb\/produkt\/front-spoiler-bars-mb-sprinter-2018-w907-and-w910_prm_65772\/","name":"Front Spoiler Bars MB Sprinter 2018- W907 and W910 - RST-Steel","isPartOf":{"@id":"https:\/\/com.rst-steel.eu\/#website"},"primaryImageOfPage":{"@id":"https:\/\/com.rst-steel.eu\/nb\/produkt\/front-spoiler-bars-mb-sprinter-2018-w907-and-w910_prm_65772\/#primaryimage"},"image":{"@id":"https:\/\/com.rst-steel.eu\/nb\/produkt\/front-spoiler-bars-mb-sprinter-2018-w907-and-w910_prm_65772\/#primaryimage"},"thumbnailUrl":"https:\/\/com.rst-steel.eu\/wp-content\/uploads\/2024\/11\/7324d7b9347deb938bc890617e9803244b8dc06f_150324.jpeg","datePublished":"2023-04-06T05:35:24+00:00","dateModified":"2026-03-30T05:34:17+00:00","description":"Frontspoiler MB Sprinter 2018- W907 \/ W910 modeller. Produkten \u00e4r l\u00e4mplig f\u00f6r installation tillsammans med Parktronic och str\u00e5lkastarspolare.","breadcrumb":{"@id":"https:\/\/com.rst-steel.eu\/nb\/produkt\/front-spoiler-bars-mb-sprinter-2018-w907-and-w910_prm_65772\/#breadcrumb"},"inLanguage":"sv-SE","potentialAction":[{"@type":"ReadAction","target":["https:\/\/com.rst-steel.eu\/nb\/produkt\/front-spoiler-bars-mb-sprinter-2018-w907-and-w910_prm_65772\/"]}]},{"@type":"ImageObject","inLanguage":"sv-SE","@id":"https:\/\/com.rst-steel.eu\/nb\/produkt\/front-spoiler-bars-mb-sprinter-2018-w907-and-w910_prm_65772\/#primaryimage","url":"https:\/\/com.rst-steel.eu\/wp-content\/uploads\/2024\/11\/7324d7b9347deb938bc890617e9803244b8dc06f_150324.jpeg","contentUrl":"https:\/\/com.rst-steel.eu\/wp-content\/uploads\/2024\/11\/7324d7b9347deb938bc890617e9803244b8dc06f_150324.jpeg","width":1920,"height":1440,"caption":"Front Corner Bars MB Sprinter 2018- W907 and W910"},{"@type":"BreadcrumbList","@id":"https:\/\/com.rst-steel.eu\/nb\/produkt\/front-spoiler-bars-mb-sprinter-2018-w907-and-w910_prm_65772\/#breadcrumb","itemListElement":[{"@type":"ListItem","position":1,"name":"Home","item":"https:\/\/com.rst-steel.eu\/"},{"@type":"ListItem","position":2,"name":"RST-Steel Shop","item":"https:\/\/com.rst-steel.eu\/shop\/"},{"@type":"ListItem","position":3,"name":"Front Spoiler Bars MB Sprinter 2018- W907 and W910"}]},{"@type":"WebSite","@id":"https:\/\/com.rst-steel.eu\/#website","url":"https:\/\/com.rst-steel.eu\/","name":"RST-Stahl.com","description":"Finskt kvalitetsst\u00e5l, f\u00f6r kvalitetsmedvetna f\u00f6rare","publisher":{"@id":"https:\/\/com.rst-steel.eu\/#organization"},"alternateName":"Safe and stylish RST-Steel quality","potentialAction":[{"@type":"SearchAction","target":{"@type":"EntryPoint","urlTemplate":"https:\/\/com.rst-steel.eu\/?s={search_term_string}"},"query-input":{"@type":"PropertyValueSpecification","valueRequired":true,"valueName":"search_term_string"}}],"inLanguage":"sv-SE"},{"@type":"Organization","@id":"https:\/\/com.rst-steel.eu\/#organization","name":"RST-Steel Oy","url":"https:\/\/com.rst-steel.eu\/","logo":{"@type":"ImageObject","inLanguage":"sv-SE","@id":"https:\/\/com.rst-steel.eu\/#\/schema\/logo\/image\/","url":"https:\/\/com.rst-steel.eu\/wp-content\/uploads\/2023\/04\/cropped-Rst-logo-valkoinen-teksti-3.png","contentUrl":"https:\/\/com.rst-steel.eu\/wp-content\/uploads\/2023\/04\/cropped-Rst-logo-valkoinen-teksti-3.png","width":512,"height":115,"caption":"RST-Steel Oy"},"image":{"@id":"https:\/\/com.rst-steel.eu\/#\/schema\/logo\/image\/"},"sameAs":["https:\/\/www.facebook.com\/rststeel","https:\/\/www.instagram.com\/rststeeloy\/"]}]}},"brands":[{"id":8334,"name":"RST-Steel","slug":"brand_rststeel"}],"_links":{"self":[{"href":"https:\/\/com.rst-steel.eu\/sv\/wp-json\/wp\/v2\/product\/37905","targetHints":{"allow":["GET"]}}],"collection":[{"href":"https:\/\/com.rst-steel.eu\/sv\/wp-json\/wp\/v2\/product"}],"about":[{"href":"https:\/\/com.rst-steel.eu\/sv\/wp-json\/wp\/v2\/types\/product"}],"replies":[{"embeddable":true,"href":"https:\/\/com.rst-steel.eu\/sv\/wp-json\/wp\/v2\/comments?post=37905"}],"version-history":[{"count":0,"href":"https:\/\/com.rst-steel.eu\/sv\/wp-json\/wp\/v2\/product\/37905\/revisions"}],"wp:featuredmedia":[{"embeddable":true,"href":"https:\/\/com.rst-steel.eu\/sv\/wp-json\/wp\/v2\/media\/48621"}],"wp:attachment":[{"href":"https:\/\/com.rst-steel.eu\/sv\/wp-json\/wp\/v2\/media?parent=37905"}],"wp:term":[{"taxonomy":"make_fuel_type","embeddable":true,"href":"https:\/\/com.rst-steel.eu\/sv\/wp-json\/wp\/v2\/make_fuel_type?post=37905"},{"taxonomy":"make_model","embeddable":true,"href":"https:\/\/com.rst-steel.eu\/sv\/wp-json\/wp\/v2\/make_model?post=37905"},{"taxonomy":"make_brand","embeddable":true,"href":"https:\/\/com.rst-steel.eu\/sv\/wp-json\/wp\/v2\/make_brand?post=37905"},{"taxonomy":"make_year","embeddable":true,"href":"https:\/\/com.rst-steel.eu\/sv\/wp-json\/wp\/v2\/make_year?post=37905"},{"taxonomy":"pwb-brand","embeddable":true,"href":"https:\/\/com.rst-steel.eu\/sv\/wp-json\/wp\/v2\/pwb-brand?post=37905"},{"taxonomy":"product_brand","embeddable":true,"href":"https:\/\/com.rst-steel.eu\/sv\/wp-json\/wp\/v2\/product_brand?post=37905"},{"taxonomy":"product_cat","embeddable":true,"href":"https:\/\/com.rst-steel.eu\/sv\/wp-json\/wp\/v2\/product_cat?post=37905"},{"taxonomy":"product_tag","embeddable":true,"href":"https:\/\/com.rst-steel.eu\/sv\/wp-json\/wp\/v2\/product_tag?post=37905"}],"curies":[{"name":"wp","href":"https:\/\/api.w.org\/{rel}","templated":true}]}}