{"id":37703,"date":"2023-03-22T14:09:05","date_gmt":"2023-03-22T11:09:05","guid":{"rendered":"https:\/\/rst-steel.fi-c.seravo.com\/product\/wheel-covers-225x-825_pr_1047\/"},"modified":"2026-03-16T09:21:25","modified_gmt":"2026-03-16T06:21:25","slug":"wheel-covers-225x-825_pr_1047","status":"publish","type":"product","link":"https:\/\/com.rst-steel.eu\/sv\/produkt\/wheel-covers-225x-825_pr_1047\/","title":{"rendered":"Hjulsidor 22,5\u2033x  8,25\u2033"},"content":{"rendered":"<div>Ett par hjulkapslar i rostfritt st\u00e5l med \u00f6ppen mitt f\u00f6r 22,5\u2033 f\u00e4lgar<\/div>\n<div><\/div>\n<div>Ger dina hjul ett elegant och stilrent utseende samtidigt som det skyddar och f\u00f6rl\u00e4nger f\u00e4lgarnas livsl\u00e4ngd.<\/div>\n<div><\/div>\n<div>Fasts\u00e4ttning under hjulmuttrarna.<\/div>\n<div>10 bulth\u00e5l i hjulkapseln<\/div>\n<div>Passar f\u00f6r bakhjul<\/div>\n<div><\/div>\n<div><\/div>\n<div><span style=\"font-weight: bold;\">Note! This wheel cover is slightly shallower than the most common 9\u2033 deep wheel cover, cannot be used on rims that contain thick old style balance weights. will not fit Kronprinz rims<\/span><\/div>\n<div><span style=\"font-weight: bold;\">\u00a0<\/span><\/div>\n<div><\/div>\n<div><\/div>\n<div>Dimensioner:<\/div>\n<div><\/div>\n<div>Djup: 285 mm<\/div>\n<div><\/div>\n<div><\/div>\n<div><\/div>\n<div><\/div>\n<div>Paketet inneh\u00e5ller:<\/div>\n<div><\/div>\n<div><\/div>\n<div>2 st hjulkapslar<\/div>","protected":false},"excerpt":{"rendered":"<div>A pair of wheel covers made of stainless steel with an open center for 22.5\u2033 rims!<\/div>\n<div><\/div>","protected":false},"featured_media":52502,"comment_status":"open","ping_status":"closed","template":"","meta":{"_improvement_type_select":"improve_an_existing","_thumb_yes_seoaic":false,"_frame_yes_seoaic":false,"seoaic_generate_description":"","seoaic_improve_instructions_prompt":"","seoaic_rollback_content_improvement":"","seoaic_idea_thumbnail_generator":"","thumbnail_generated":false,"thumbnail_generate_prompt":"","seoaic_article_description":""},"make_fuel_type":[],"make_model":[],"make_brand":[],"make_year":[3748],"pwb-brand":[],"product_brand":[],"product_cat":[6274,6275],"product_tag":[8492],"class_list":{"0":"post-37703","1":"product","2":"type-product","3":"status-publish","4":"has-post-thumbnail","6":"make_year-trucks","7":"product_cat-wheel-covers","8":"product_cat-wheel-covers-225-for-vans","9":"product_tag-wheel-covers","11":"first","12":"instock","13":"taxable","14":"shipping-taxable","15":"purchasable","16":"product-type-simple"},"yoast_head":"<!-- This site is optimized with the Yoast SEO plugin v25.7 - https:\/\/yoast.com\/wordpress\/plugins\/seo\/ -->\n<title>Wheel Covers 22,5&quot;x 8,25&quot; open center - RST-Steel<\/title>\n<meta name=\"description\" content=\"A pair of Wheel Covers 22.5&quot;x 8.25&quot; made of stainless steel with an open center. Gives elegant and stylish look for your wheels!\" \/>\n<meta name=\"robots\" content=\"index, follow, max-snippet:-1, max-image-preview:large, max-video-preview:-1\" \/>\n<link rel=\"canonical\" href=\"https:\/\/com.rst-steel.eu\/sv\/produkt\/wheel-covers-225x-825_pr_1047\/\" \/>\n<meta property=\"og:locale\" content=\"sv_SE\" \/>\n<meta property=\"og:type\" content=\"article\" \/>\n<meta property=\"og:title\" content=\"Wheel Covers 22,5&quot;x 8,25&quot; open center - RST-Steel\" \/>\n<meta property=\"og:description\" content=\"A pair of Wheel Covers 22.5&quot;x 8.25&quot; made of stainless steel with an open center. Gives elegant and stylish look for your wheels!\" \/>\n<meta property=\"og:url\" content=\"https:\/\/com.rst-steel.eu\/sv\/produkt\/wheel-covers-225x-825_pr_1047\/\" \/>\n<meta property=\"og:site_name\" content=\"RST-Steel\" \/>\n<meta property=\"article:publisher\" content=\"https:\/\/www.facebook.com\/rststeel\" \/>\n<meta property=\"article:modified_time\" content=\"2026-03-16T06:21:25+00:00\" \/>\n<meta property=\"og:image\" content=\"https:\/\/com.rst-steel.eu\/wp-content\/uploads\/2025\/06\/0988b81ad815b976e8b364b84e61ea5c8a1d098b_RST100356__1_.jpg\" \/>\n\t<meta property=\"og:image:width\" content=\"572\" \/>\n\t<meta property=\"og:image:height\" content=\"407\" \/>\n\t<meta property=\"og:image:type\" content=\"image\/jpeg\" \/>\n<meta name=\"twitter:card\" content=\"summary_large_image\" \/>\n<meta name=\"twitter:label1\" content=\"Ber\u00e4knad l\u00e4stid\" \/>\n\t<meta name=\"twitter:data1\" content=\"1 minut\" \/>\n<script type=\"application\/ld+json\" class=\"yoast-schema-graph\">{\"@context\":\"https:\/\/schema.org\",\"@graph\":[{\"@type\":\"WebPage\",\"@id\":\"https:\/\/com.rst-steel.eu\/product\/koristekapselipari-225x-825-avokeskio_pr_1047\/\",\"url\":\"https:\/\/com.rst-steel.eu\/product\/koristekapselipari-225x-825-avokeskio_pr_1047\/\",\"name\":\"Wheel Covers 22,5\\\"x 8,25\\\" open center - RST-Steel\",\"isPartOf\":{\"@id\":\"https:\/\/com.rst-steel.eu\/#website\"},\"primaryImageOfPage\":{\"@id\":\"https:\/\/com.rst-steel.eu\/product\/koristekapselipari-225x-825-avokeskio_pr_1047\/#primaryimage\"},\"image\":{\"@id\":\"https:\/\/com.rst-steel.eu\/product\/koristekapselipari-225x-825-avokeskio_pr_1047\/#primaryimage\"},\"thumbnailUrl\":\"https:\/\/com.rst-steel.eu\/wp-content\/uploads\/2025\/06\/0988b81ad815b976e8b364b84e61ea5c8a1d098b_RST100356__1_.jpg\",\"datePublished\":\"2023-03-22T11:09:05+00:00\",\"dateModified\":\"2026-03-16T06:21:25+00:00\",\"description\":\"A pair of Wheel Covers 22.5\\\"x 8.25\\\" made of stainless steel with an open center. Gives elegant and stylish look for your wheels!\",\"breadcrumb\":{\"@id\":\"https:\/\/com.rst-steel.eu\/product\/koristekapselipari-225x-825-avokeskio_pr_1047\/#breadcrumb\"},\"inLanguage\":\"sv-SE\",\"potentialAction\":[{\"@type\":\"ReadAction\",\"target\":[\"https:\/\/com.rst-steel.eu\/product\/koristekapselipari-225x-825-avokeskio_pr_1047\/\"]}]},{\"@type\":\"ImageObject\",\"inLanguage\":\"sv-SE\",\"@id\":\"https:\/\/com.rst-steel.eu\/product\/koristekapselipari-225x-825-avokeskio_pr_1047\/#primaryimage\",\"url\":\"https:\/\/com.rst-steel.eu\/wp-content\/uploads\/2025\/06\/0988b81ad815b976e8b364b84e61ea5c8a1d098b_RST100356__1_.jpg\",\"contentUrl\":\"https:\/\/com.rst-steel.eu\/wp-content\/uploads\/2025\/06\/0988b81ad815b976e8b364b84e61ea5c8a1d098b_RST100356__1_.jpg\",\"width\":572,\"height\":407},{\"@type\":\"BreadcrumbList\",\"@id\":\"https:\/\/com.rst-steel.eu\/product\/koristekapselipari-225x-825-avokeskio_pr_1047\/#breadcrumb\",\"itemListElement\":[{\"@type\":\"ListItem\",\"position\":1,\"name\":\"Home\",\"item\":\"https:\/\/com.rst-steel.eu\/\"},{\"@type\":\"ListItem\",\"position\":2,\"name\":\"RST-Steel Shop\",\"item\":\"https:\/\/com.rst-steel.eu\/shop\/\"},{\"@type\":\"ListItem\",\"position\":3,\"name\":\"Wheel Covers 22,5&#8243;x 8,25&#8243; open center\"}]},{\"@type\":\"WebSite\",\"@id\":\"https:\/\/com.rst-steel.eu\/#website\",\"url\":\"https:\/\/com.rst-steel.eu\/\",\"name\":\"RST-Steel.com\",\"description\":\"Finnish quality steel, for quality-conscious drivers\",\"publisher\":{\"@id\":\"https:\/\/com.rst-steel.eu\/#organization\"},\"alternateName\":\"Safe and stylish RST-Steel quality\",\"potentialAction\":[{\"@type\":\"SearchAction\",\"target\":{\"@type\":\"EntryPoint\",\"urlTemplate\":\"https:\/\/com.rst-steel.eu\/?s={search_term_string}\"},\"query-input\":{\"@type\":\"PropertyValueSpecification\",\"valueRequired\":true,\"valueName\":\"search_term_string\"}}],\"inLanguage\":\"sv-SE\"},{\"@type\":\"Organization\",\"@id\":\"https:\/\/com.rst-steel.eu\/#organization\",\"name\":\"RST-Steel Oy\",\"url\":\"https:\/\/com.rst-steel.eu\/\",\"logo\":{\"@type\":\"ImageObject\",\"inLanguage\":\"sv-SE\",\"@id\":\"https:\/\/com.rst-steel.eu\/#\/schema\/logo\/image\/\",\"url\":\"https:\/\/com.rst-steel.eu\/wp-content\/uploads\/2023\/04\/cropped-Rst-logo-valkoinen-teksti-3.png\",\"contentUrl\":\"https:\/\/com.rst-steel.eu\/wp-content\/uploads\/2023\/04\/cropped-Rst-logo-valkoinen-teksti-3.png\",\"width\":512,\"height\":115,\"caption\":\"RST-Steel Oy\"},\"image\":{\"@id\":\"https:\/\/com.rst-steel.eu\/#\/schema\/logo\/image\/\"},\"sameAs\":[\"https:\/\/www.facebook.com\/rststeel\",\"https:\/\/www.instagram.com\/rststeeloy\/\"]}]}<\/script>\n<!-- \/ Yoast SEO plugin. -->","yoast_head_json":{"title":"Wheel Covers 22,5\"x 8,25\" open center - RST-Steel","description":"Ett par hjulkapslar 22,5\"x 8,25\" tillverkade av rostfritt st\u00e5l med en \u00f6ppen mitt. Ger en elegant och snygg look till dina hjul!","robots":{"index":"index","follow":"follow","max-snippet":"max-snippet:-1","max-image-preview":"max-image-preview:large","max-video-preview":"max-video-preview:-1"},"canonical":"https:\/\/com.rst-steel.eu\/sv\/produkt\/wheel-covers-225x-825_pr_1047\/","og_locale":"sv_SE","og_type":"article","og_title":"Wheel Covers 22,5\"x 8,25\" open center - RST-Steel","og_description":"A pair of Wheel Covers 22.5\"x 8.25\" made of stainless steel with an open center. Gives elegant and stylish look for your wheels!","og_url":"https:\/\/com.rst-steel.eu\/sv\/produkt\/wheel-covers-225x-825_pr_1047\/","og_site_name":"RST-Steel","article_publisher":"https:\/\/www.facebook.com\/rststeel","article_modified_time":"2026-03-16T06:21:25+00:00","og_image":[{"width":572,"height":407,"url":"https:\/\/com.rst-steel.eu\/wp-content\/uploads\/2025\/06\/0988b81ad815b976e8b364b84e61ea5c8a1d098b_RST100356__1_.jpg","type":"image\/jpeg"}],"twitter_card":"summary_large_image","twitter_misc":{"Ber\u00e4knad l\u00e4stid":"1 minut"},"schema":{"@context":"https:\/\/schema.org","@graph":[{"@type":"WebPage","@id":"https:\/\/com.rst-steel.eu\/product\/koristekapselipari-225x-825-avokeskio_pr_1047\/","url":"https:\/\/com.rst-steel.eu\/product\/koristekapselipari-225x-825-avokeskio_pr_1047\/","name":"Wheel Covers 22,5\"x 8,25\" open center - RST-Steel","isPartOf":{"@id":"https:\/\/com.rst-steel.eu\/#website"},"primaryImageOfPage":{"@id":"https:\/\/com.rst-steel.eu\/product\/koristekapselipari-225x-825-avokeskio_pr_1047\/#primaryimage"},"image":{"@id":"https:\/\/com.rst-steel.eu\/product\/koristekapselipari-225x-825-avokeskio_pr_1047\/#primaryimage"},"thumbnailUrl":"https:\/\/com.rst-steel.eu\/wp-content\/uploads\/2025\/06\/0988b81ad815b976e8b364b84e61ea5c8a1d098b_RST100356__1_.jpg","datePublished":"2023-03-22T11:09:05+00:00","dateModified":"2026-03-16T06:21:25+00:00","description":"Ett par hjulkapslar 22,5\"x 8,25\" tillverkade av rostfritt st\u00e5l med en \u00f6ppen mitt. Ger en elegant och snygg look till dina hjul!","breadcrumb":{"@id":"https:\/\/com.rst-steel.eu\/product\/koristekapselipari-225x-825-avokeskio_pr_1047\/#breadcrumb"},"inLanguage":"sv-SE","potentialAction":[{"@type":"ReadAction","target":["https:\/\/com.rst-steel.eu\/product\/koristekapselipari-225x-825-avokeskio_pr_1047\/"]}]},{"@type":"ImageObject","inLanguage":"sv-SE","@id":"https:\/\/com.rst-steel.eu\/product\/koristekapselipari-225x-825-avokeskio_pr_1047\/#primaryimage","url":"https:\/\/com.rst-steel.eu\/wp-content\/uploads\/2025\/06\/0988b81ad815b976e8b364b84e61ea5c8a1d098b_RST100356__1_.jpg","contentUrl":"https:\/\/com.rst-steel.eu\/wp-content\/uploads\/2025\/06\/0988b81ad815b976e8b364b84e61ea5c8a1d098b_RST100356__1_.jpg","width":572,"height":407},{"@type":"BreadcrumbList","@id":"https:\/\/com.rst-steel.eu\/product\/koristekapselipari-225x-825-avokeskio_pr_1047\/#breadcrumb","itemListElement":[{"@type":"ListItem","position":1,"name":"Home","item":"https:\/\/com.rst-steel.eu\/"},{"@type":"ListItem","position":2,"name":"RST-Steel Shop","item":"https:\/\/com.rst-steel.eu\/shop\/"},{"@type":"ListItem","position":3,"name":"Wheel Covers 22,5&#8243;x 8,25&#8243; open center"}]},{"@type":"WebSite","@id":"https:\/\/com.rst-steel.eu\/#website","url":"https:\/\/com.rst-steel.eu\/","name":"RST-Stahl.com","description":"Finskt kvalitetsst\u00e5l, f\u00f6r kvalitetsmedvetna f\u00f6rare","publisher":{"@id":"https:\/\/com.rst-steel.eu\/#organization"},"alternateName":"Safe and stylish RST-Steel quality","potentialAction":[{"@type":"SearchAction","target":{"@type":"EntryPoint","urlTemplate":"https:\/\/com.rst-steel.eu\/?s={search_term_string}"},"query-input":{"@type":"PropertyValueSpecification","valueRequired":true,"valueName":"search_term_string"}}],"inLanguage":"sv-SE"},{"@type":"Organization","@id":"https:\/\/com.rst-steel.eu\/#organization","name":"RST-Steel Oy","url":"https:\/\/com.rst-steel.eu\/","logo":{"@type":"ImageObject","inLanguage":"sv-SE","@id":"https:\/\/com.rst-steel.eu\/#\/schema\/logo\/image\/","url":"https:\/\/com.rst-steel.eu\/wp-content\/uploads\/2023\/04\/cropped-Rst-logo-valkoinen-teksti-3.png","contentUrl":"https:\/\/com.rst-steel.eu\/wp-content\/uploads\/2023\/04\/cropped-Rst-logo-valkoinen-teksti-3.png","width":512,"height":115,"caption":"RST-Steel Oy"},"image":{"@id":"https:\/\/com.rst-steel.eu\/#\/schema\/logo\/image\/"},"sameAs":["https:\/\/www.facebook.com\/rststeel","https:\/\/www.instagram.com\/rststeeloy\/"]}]}},"brands":[],"_links":{"self":[{"href":"https:\/\/com.rst-steel.eu\/sv\/wp-json\/wp\/v2\/product\/37703","targetHints":{"allow":["GET"]}}],"collection":[{"href":"https:\/\/com.rst-steel.eu\/sv\/wp-json\/wp\/v2\/product"}],"about":[{"href":"https:\/\/com.rst-steel.eu\/sv\/wp-json\/wp\/v2\/types\/product"}],"replies":[{"embeddable":true,"href":"https:\/\/com.rst-steel.eu\/sv\/wp-json\/wp\/v2\/comments?post=37703"}],"version-history":[{"count":0,"href":"https:\/\/com.rst-steel.eu\/sv\/wp-json\/wp\/v2\/product\/37703\/revisions"}],"wp:featuredmedia":[{"embeddable":true,"href":"https:\/\/com.rst-steel.eu\/sv\/wp-json\/wp\/v2\/media\/52502"}],"wp:attachment":[{"href":"https:\/\/com.rst-steel.eu\/sv\/wp-json\/wp\/v2\/media?parent=37703"}],"wp:term":[{"taxonomy":"make_fuel_type","embeddable":true,"href":"https:\/\/com.rst-steel.eu\/sv\/wp-json\/wp\/v2\/make_fuel_type?post=37703"},{"taxonomy":"make_model","embeddable":true,"href":"https:\/\/com.rst-steel.eu\/sv\/wp-json\/wp\/v2\/make_model?post=37703"},{"taxonomy":"make_brand","embeddable":true,"href":"https:\/\/com.rst-steel.eu\/sv\/wp-json\/wp\/v2\/make_brand?post=37703"},{"taxonomy":"make_year","embeddable":true,"href":"https:\/\/com.rst-steel.eu\/sv\/wp-json\/wp\/v2\/make_year?post=37703"},{"taxonomy":"pwb-brand","embeddable":true,"href":"https:\/\/com.rst-steel.eu\/sv\/wp-json\/wp\/v2\/pwb-brand?post=37703"},{"taxonomy":"product_brand","embeddable":true,"href":"https:\/\/com.rst-steel.eu\/sv\/wp-json\/wp\/v2\/product_brand?post=37703"},{"taxonomy":"product_cat","embeddable":true,"href":"https:\/\/com.rst-steel.eu\/sv\/wp-json\/wp\/v2\/product_cat?post=37703"},{"taxonomy":"product_tag","embeddable":true,"href":"https:\/\/com.rst-steel.eu\/sv\/wp-json\/wp\/v2\/product_tag?post=37703"}],"curies":[{"name":"wp","href":"https:\/\/api.w.org\/{rel}","templated":true}]}}