{"id":37685,"date":"2023-03-22T14:08:19","date_gmt":"2023-03-22T11:08:19","guid":{"rendered":"https:\/\/rst-steel.fi-c.seravo.com\/product\/wheel-covers-225-385-offset-120_pr_1038\/"},"modified":"2026-03-16T09:21:24","modified_gmt":"2026-03-16T06:21:24","slug":"wheel-covers-225-385-offset-120_pr_1038","status":"publish","type":"product","link":"https:\/\/com.rst-steel.eu\/sv\/produkt\/wheel-covers-225-385-offset-120_pr_1038\/","title":{"rendered":"Hjulsidor 22,5\u2033\/385, Offset 120"},"content":{"rendered":"<div>Ett par hjulkapslar i rostfritt st\u00e5l med \u00f6ppen mitt f\u00f6r 22,5\u2033 f\u00e4lgar<\/div>\n<div><\/div>\n<div>Ger dina hjul ett elegant och stilrent utseende samtidigt som det skyddar och f\u00f6rl\u00e4nger f\u00e4lgarnas livsl\u00e4ngd.<\/div>\n<div><\/div>\n<div><\/div>\n<div>Fasts\u00e4ttning under hjulmuttrarna.<\/div>\n<div>10 bulth\u00e5l i hjulkapseln<\/div>\n<div>L\u00e4mplig f\u00f6r breda f\u00e4lgar: Volvo, Mercedes, MAN, DAF<\/div>\n<div><\/div>\n<div><\/div>\n<div><span style=\"font-weight: bold\">Obs! kan inte anv\u00e4ndas p\u00e5 f\u00e4lgar med tjocka balanseringsvikter av gammal modell<br \/><\/span><\/div>\n<div><\/div>\n<div><\/div>\n<div>Dimensioner:<\/div>\n<div><\/div>\n<div>Djup: 40 mm<\/div>\n<div>Offset: 120<\/div>\n<div><\/div>\n<div><\/div>\n<div><\/div>\n<div><\/div>\n<div><\/div>\n<div>Paketet inneh\u00e5ller:&nbsp;<\/div>\n<div><\/div>\n<div><\/div>\n<div>2 st hjulkapslar<\/div>","protected":false},"excerpt":{"rendered":"<div>Ett par hjulkapslar i rostfritt st\u00e5l med \u00f6ppen mitt f\u00f6r 22,5\u2033 f\u00e4lgar<\/div>\n<div><\/div>","protected":false},"featured_media":52487,"comment_status":"open","ping_status":"closed","template":"","meta":{"_improvement_type_select":"improve_an_existing","_thumb_yes_seoaic":false,"_frame_yes_seoaic":false,"seoaic_generate_description":"","seoaic_improve_instructions_prompt":"","seoaic_rollback_content_improvement":"","seoaic_idea_thumbnail_generator":"","thumbnail_generated":false,"thumbnail_generate_prompt":"","seoaic_article_description":""},"make_fuel_type":[],"make_model":[],"make_brand":[],"make_year":[],"pwb-brand":[],"product_brand":[],"product_cat":[6274,6275],"product_tag":[8492],"class_list":{"0":"post-37685","1":"product","2":"type-product","3":"status-publish","4":"has-post-thumbnail","6":"product_cat-wheel-covers","7":"product_cat-wheel-covers-225-for-vans","8":"product_tag-wheel-covers","10":"first","11":"instock","12":"taxable","13":"shipping-taxable","14":"purchasable","15":"product-type-simple"},"yoast_head":"<!-- This site is optimized with the Yoast SEO plugin v25.7 - https:\/\/yoast.com\/wordpress\/plugins\/seo\/ -->\n<title>Wheel Covers 22,5\u2033\/385, Offset 120 - RST-Steel<\/title>\n<meta name=\"description\" content=\"Wheel covers 22.5&quot;\/385, offset 120. Durable, stylish design for excellent protection and a perfect fit, enhancing your vehicle&#039;s appearance.\" \/>\n<meta name=\"robots\" content=\"index, follow, max-snippet:-1, max-image-preview:large, max-video-preview:-1\" \/>\n<link rel=\"canonical\" href=\"https:\/\/com.rst-steel.eu\/sv\/produkt\/wheel-covers-225-385-offset-120_pr_1038\/\" \/>\n<meta property=\"og:locale\" content=\"sv_SE\" \/>\n<meta property=\"og:type\" content=\"article\" \/>\n<meta property=\"og:title\" content=\"Wheel Covers 22,5\u2033\/385, Offset 120 - RST-Steel\" \/>\n<meta property=\"og:description\" content=\"Wheel covers 22.5&quot;\/385, offset 120. Durable, stylish design for excellent protection and a perfect fit, enhancing your vehicle&#039;s appearance.\" \/>\n<meta property=\"og:url\" content=\"https:\/\/com.rst-steel.eu\/sv\/produkt\/wheel-covers-225-385-offset-120_pr_1038\/\" \/>\n<meta property=\"og:site_name\" content=\"RST-Steel\" \/>\n<meta property=\"article:publisher\" content=\"https:\/\/www.facebook.com\/rststeel\" \/>\n<meta property=\"article:modified_time\" content=\"2026-03-16T06:21:24+00:00\" \/>\n<meta property=\"og:image\" content=\"https:\/\/com.rst-steel.eu\/wp-content\/uploads\/2025\/06\/12235974b0af1ef964feff5c80936bd5a2041466_PK22505__1_.jpg\" \/>\n\t<meta property=\"og:image:width\" content=\"2400\" \/>\n\t<meta property=\"og:image:height\" content=\"2163\" \/>\n\t<meta property=\"og:image:type\" content=\"image\/jpeg\" \/>\n<meta name=\"twitter:card\" content=\"summary_large_image\" \/>\n<meta name=\"twitter:label1\" content=\"Ber\u00e4knad l\u00e4stid\" \/>\n\t<meta name=\"twitter:data1\" content=\"1 minut\" \/>\n<script type=\"application\/ld+json\" class=\"yoast-schema-graph\">{\"@context\":\"https:\/\/schema.org\",\"@graph\":[{\"@type\":\"WebPage\",\"@id\":\"https:\/\/com.rst-steel.eu\/product\/wheel-covers-225%e2%80%b3-385-offset-120_pr_1038\/\",\"url\":\"https:\/\/com.rst-steel.eu\/product\/wheel-covers-225%e2%80%b3-385-offset-120_pr_1038\/\",\"name\":\"Wheel Covers 22,5\u2033\/385, Offset 120 - RST-Steel\",\"isPartOf\":{\"@id\":\"https:\/\/com.rst-steel.eu\/#website\"},\"primaryImageOfPage\":{\"@id\":\"https:\/\/com.rst-steel.eu\/product\/wheel-covers-225%e2%80%b3-385-offset-120_pr_1038\/#primaryimage\"},\"image\":{\"@id\":\"https:\/\/com.rst-steel.eu\/product\/wheel-covers-225%e2%80%b3-385-offset-120_pr_1038\/#primaryimage\"},\"thumbnailUrl\":\"https:\/\/com.rst-steel.eu\/wp-content\/uploads\/2025\/06\/12235974b0af1ef964feff5c80936bd5a2041466_PK22505__1_.jpg\",\"datePublished\":\"2023-03-22T11:08:19+00:00\",\"dateModified\":\"2026-03-16T06:21:24+00:00\",\"description\":\"Wheel covers 22.5\\\"\/385, offset 120. Durable, stylish design for excellent protection and a perfect fit, enhancing your vehicle's appearance.\",\"breadcrumb\":{\"@id\":\"https:\/\/com.rst-steel.eu\/product\/wheel-covers-225%e2%80%b3-385-offset-120_pr_1038\/#breadcrumb\"},\"inLanguage\":\"sv-SE\",\"potentialAction\":[{\"@type\":\"ReadAction\",\"target\":[\"https:\/\/com.rst-steel.eu\/product\/wheel-covers-225%e2%80%b3-385-offset-120_pr_1038\/\"]}]},{\"@type\":\"ImageObject\",\"inLanguage\":\"sv-SE\",\"@id\":\"https:\/\/com.rst-steel.eu\/product\/wheel-covers-225%e2%80%b3-385-offset-120_pr_1038\/#primaryimage\",\"url\":\"https:\/\/com.rst-steel.eu\/wp-content\/uploads\/2025\/06\/12235974b0af1ef964feff5c80936bd5a2041466_PK22505__1_.jpg\",\"contentUrl\":\"https:\/\/com.rst-steel.eu\/wp-content\/uploads\/2025\/06\/12235974b0af1ef964feff5c80936bd5a2041466_PK22505__1_.jpg\",\"width\":2400,\"height\":2163},{\"@type\":\"BreadcrumbList\",\"@id\":\"https:\/\/com.rst-steel.eu\/product\/wheel-covers-225%e2%80%b3-385-offset-120_pr_1038\/#breadcrumb\",\"itemListElement\":[{\"@type\":\"ListItem\",\"position\":1,\"name\":\"Home\",\"item\":\"https:\/\/com.rst-steel.eu\/\"},{\"@type\":\"ListItem\",\"position\":2,\"name\":\"RST-Steel Shop\",\"item\":\"https:\/\/com.rst-steel.eu\/shop\/\"},{\"@type\":\"ListItem\",\"position\":3,\"name\":\"Wheel Covers 22,5\u2033\/385, Offset 120\"}]},{\"@type\":\"WebSite\",\"@id\":\"https:\/\/com.rst-steel.eu\/#website\",\"url\":\"https:\/\/com.rst-steel.eu\/\",\"name\":\"RST-Steel.com\",\"description\":\"Finnish quality steel, for quality-conscious drivers\",\"publisher\":{\"@id\":\"https:\/\/com.rst-steel.eu\/#organization\"},\"alternateName\":\"Safe and stylish RST-Steel quality\",\"potentialAction\":[{\"@type\":\"SearchAction\",\"target\":{\"@type\":\"EntryPoint\",\"urlTemplate\":\"https:\/\/com.rst-steel.eu\/?s={search_term_string}\"},\"query-input\":{\"@type\":\"PropertyValueSpecification\",\"valueRequired\":true,\"valueName\":\"search_term_string\"}}],\"inLanguage\":\"sv-SE\"},{\"@type\":\"Organization\",\"@id\":\"https:\/\/com.rst-steel.eu\/#organization\",\"name\":\"RST-Steel Oy\",\"url\":\"https:\/\/com.rst-steel.eu\/\",\"logo\":{\"@type\":\"ImageObject\",\"inLanguage\":\"sv-SE\",\"@id\":\"https:\/\/com.rst-steel.eu\/#\/schema\/logo\/image\/\",\"url\":\"https:\/\/com.rst-steel.eu\/wp-content\/uploads\/2023\/04\/cropped-Rst-logo-valkoinen-teksti-3.png\",\"contentUrl\":\"https:\/\/com.rst-steel.eu\/wp-content\/uploads\/2023\/04\/cropped-Rst-logo-valkoinen-teksti-3.png\",\"width\":512,\"height\":115,\"caption\":\"RST-Steel Oy\"},\"image\":{\"@id\":\"https:\/\/com.rst-steel.eu\/#\/schema\/logo\/image\/\"},\"sameAs\":[\"https:\/\/www.facebook.com\/rststeel\",\"https:\/\/www.instagram.com\/rststeeloy\/\"]}]}<\/script>\n<!-- \/ Yoast SEO plugin. -->","yoast_head_json":{"title":"Wheel Covers 22,5\u2033\/385, Offset 120 - RST-Steel","description":"Hjulkapslar 22,5\"\/385, offset 120. Slitstark, snygg design f\u00f6r utm\u00e4rkt skydd och perfekt passform, vilket f\u00f6rb\u00e4ttrar ditt fordons utseende.","robots":{"index":"index","follow":"follow","max-snippet":"max-snippet:-1","max-image-preview":"max-image-preview:large","max-video-preview":"max-video-preview:-1"},"canonical":"https:\/\/com.rst-steel.eu\/sv\/produkt\/wheel-covers-225-385-offset-120_pr_1038\/","og_locale":"sv_SE","og_type":"article","og_title":"Wheel Covers 22,5\u2033\/385, Offset 120 - RST-Steel","og_description":"Wheel covers 22.5\"\/385, offset 120. Durable, stylish design for excellent protection and a perfect fit, enhancing your vehicle's appearance.","og_url":"https:\/\/com.rst-steel.eu\/sv\/produkt\/wheel-covers-225-385-offset-120_pr_1038\/","og_site_name":"RST-Steel","article_publisher":"https:\/\/www.facebook.com\/rststeel","article_modified_time":"2026-03-16T06:21:24+00:00","og_image":[{"width":2400,"height":2163,"url":"https:\/\/com.rst-steel.eu\/wp-content\/uploads\/2025\/06\/12235974b0af1ef964feff5c80936bd5a2041466_PK22505__1_.jpg","type":"image\/jpeg"}],"twitter_card":"summary_large_image","twitter_misc":{"Ber\u00e4knad l\u00e4stid":"1 minut"},"schema":{"@context":"https:\/\/schema.org","@graph":[{"@type":"WebPage","@id":"https:\/\/com.rst-steel.eu\/product\/wheel-covers-225%e2%80%b3-385-offset-120_pr_1038\/","url":"https:\/\/com.rst-steel.eu\/product\/wheel-covers-225%e2%80%b3-385-offset-120_pr_1038\/","name":"Wheel Covers 22,5\u2033\/385, Offset 120 - RST-Steel","isPartOf":{"@id":"https:\/\/com.rst-steel.eu\/#website"},"primaryImageOfPage":{"@id":"https:\/\/com.rst-steel.eu\/product\/wheel-covers-225%e2%80%b3-385-offset-120_pr_1038\/#primaryimage"},"image":{"@id":"https:\/\/com.rst-steel.eu\/product\/wheel-covers-225%e2%80%b3-385-offset-120_pr_1038\/#primaryimage"},"thumbnailUrl":"https:\/\/com.rst-steel.eu\/wp-content\/uploads\/2025\/06\/12235974b0af1ef964feff5c80936bd5a2041466_PK22505__1_.jpg","datePublished":"2023-03-22T11:08:19+00:00","dateModified":"2026-03-16T06:21:24+00:00","description":"Hjulkapslar 22,5\"\/385, offset 120. Slitstark, snygg design f\u00f6r utm\u00e4rkt skydd och perfekt passform, vilket f\u00f6rb\u00e4ttrar ditt fordons utseende.","breadcrumb":{"@id":"https:\/\/com.rst-steel.eu\/product\/wheel-covers-225%e2%80%b3-385-offset-120_pr_1038\/#breadcrumb"},"inLanguage":"sv-SE","potentialAction":[{"@type":"ReadAction","target":["https:\/\/com.rst-steel.eu\/product\/wheel-covers-225%e2%80%b3-385-offset-120_pr_1038\/"]}]},{"@type":"ImageObject","inLanguage":"sv-SE","@id":"https:\/\/com.rst-steel.eu\/product\/wheel-covers-225%e2%80%b3-385-offset-120_pr_1038\/#primaryimage","url":"https:\/\/com.rst-steel.eu\/wp-content\/uploads\/2025\/06\/12235974b0af1ef964feff5c80936bd5a2041466_PK22505__1_.jpg","contentUrl":"https:\/\/com.rst-steel.eu\/wp-content\/uploads\/2025\/06\/12235974b0af1ef964feff5c80936bd5a2041466_PK22505__1_.jpg","width":2400,"height":2163},{"@type":"BreadcrumbList","@id":"https:\/\/com.rst-steel.eu\/product\/wheel-covers-225%e2%80%b3-385-offset-120_pr_1038\/#breadcrumb","itemListElement":[{"@type":"ListItem","position":1,"name":"Home","item":"https:\/\/com.rst-steel.eu\/"},{"@type":"ListItem","position":2,"name":"RST-Steel Shop","item":"https:\/\/com.rst-steel.eu\/shop\/"},{"@type":"ListItem","position":3,"name":"Wheel Covers 22,5\u2033\/385, Offset 120"}]},{"@type":"WebSite","@id":"https:\/\/com.rst-steel.eu\/#website","url":"https:\/\/com.rst-steel.eu\/","name":"RST-Stahl.com","description":"Finskt kvalitetsst\u00e5l, f\u00f6r kvalitetsmedvetna f\u00f6rare","publisher":{"@id":"https:\/\/com.rst-steel.eu\/#organization"},"alternateName":"Safe and stylish RST-Steel quality","potentialAction":[{"@type":"SearchAction","target":{"@type":"EntryPoint","urlTemplate":"https:\/\/com.rst-steel.eu\/?s={search_term_string}"},"query-input":{"@type":"PropertyValueSpecification","valueRequired":true,"valueName":"search_term_string"}}],"inLanguage":"sv-SE"},{"@type":"Organization","@id":"https:\/\/com.rst-steel.eu\/#organization","name":"RST-Steel Oy","url":"https:\/\/com.rst-steel.eu\/","logo":{"@type":"ImageObject","inLanguage":"sv-SE","@id":"https:\/\/com.rst-steel.eu\/#\/schema\/logo\/image\/","url":"https:\/\/com.rst-steel.eu\/wp-content\/uploads\/2023\/04\/cropped-Rst-logo-valkoinen-teksti-3.png","contentUrl":"https:\/\/com.rst-steel.eu\/wp-content\/uploads\/2023\/04\/cropped-Rst-logo-valkoinen-teksti-3.png","width":512,"height":115,"caption":"RST-Steel Oy"},"image":{"@id":"https:\/\/com.rst-steel.eu\/#\/schema\/logo\/image\/"},"sameAs":["https:\/\/www.facebook.com\/rststeel","https:\/\/www.instagram.com\/rststeeloy\/"]}]}},"brands":[],"_links":{"self":[{"href":"https:\/\/com.rst-steel.eu\/sv\/wp-json\/wp\/v2\/product\/37685","targetHints":{"allow":["GET"]}}],"collection":[{"href":"https:\/\/com.rst-steel.eu\/sv\/wp-json\/wp\/v2\/product"}],"about":[{"href":"https:\/\/com.rst-steel.eu\/sv\/wp-json\/wp\/v2\/types\/product"}],"replies":[{"embeddable":true,"href":"https:\/\/com.rst-steel.eu\/sv\/wp-json\/wp\/v2\/comments?post=37685"}],"version-history":[{"count":0,"href":"https:\/\/com.rst-steel.eu\/sv\/wp-json\/wp\/v2\/product\/37685\/revisions"}],"wp:featuredmedia":[{"embeddable":true,"href":"https:\/\/com.rst-steel.eu\/sv\/wp-json\/wp\/v2\/media\/52487"}],"wp:attachment":[{"href":"https:\/\/com.rst-steel.eu\/sv\/wp-json\/wp\/v2\/media?parent=37685"}],"wp:term":[{"taxonomy":"make_fuel_type","embeddable":true,"href":"https:\/\/com.rst-steel.eu\/sv\/wp-json\/wp\/v2\/make_fuel_type?post=37685"},{"taxonomy":"make_model","embeddable":true,"href":"https:\/\/com.rst-steel.eu\/sv\/wp-json\/wp\/v2\/make_model?post=37685"},{"taxonomy":"make_brand","embeddable":true,"href":"https:\/\/com.rst-steel.eu\/sv\/wp-json\/wp\/v2\/make_brand?post=37685"},{"taxonomy":"make_year","embeddable":true,"href":"https:\/\/com.rst-steel.eu\/sv\/wp-json\/wp\/v2\/make_year?post=37685"},{"taxonomy":"pwb-brand","embeddable":true,"href":"https:\/\/com.rst-steel.eu\/sv\/wp-json\/wp\/v2\/pwb-brand?post=37685"},{"taxonomy":"product_brand","embeddable":true,"href":"https:\/\/com.rst-steel.eu\/sv\/wp-json\/wp\/v2\/product_brand?post=37685"},{"taxonomy":"product_cat","embeddable":true,"href":"https:\/\/com.rst-steel.eu\/sv\/wp-json\/wp\/v2\/product_cat?post=37685"},{"taxonomy":"product_tag","embeddable":true,"href":"https:\/\/com.rst-steel.eu\/sv\/wp-json\/wp\/v2\/product_tag?post=37685"}],"curies":[{"name":"wp","href":"https:\/\/api.w.org\/{rel}","templated":true}]}}