{"id":37288,"date":"2023-03-08T15:25:06","date_gmt":"2023-03-08T12:25:06","guid":{"rendered":"https:\/\/rst-steel.fi-c.seravo.com\/product\/leather-floor-mat-scania-nextgen-s-series-2017-automatic_prm_65377\/"},"modified":"2026-03-16T09:21:04","modified_gmt":"2026-03-16T06:21:04","slug":"lader-golvmatta-scania-nextgen-s-series-2017-automatisk-vaxellada-platt-golv-fjadring-passagerarsate_prm_65377","status":"publish","type":"product","link":"https:\/\/com.rst-steel.eu\/sv\/produkt\/lader-golvmatta-scania-nextgen-s-series-2017-automatisk-vaxellada-platt-golv-fjadring-passagerarsate_prm_65377\/","title":{"rendered":"Mattset Scania NextGen S-Series 2017- Automatisk v\u00e4xell\u00e5da \/ plant golv \/ upph\u00e4ngd passagerarstol"},"content":{"rendered":"<p>L\u00e4dergolvmatta Scania NextGen S-Series 2017- Automatisk v\u00e4xell\u00e5da \/ plant golv \/ upph\u00e4ngd passagerarstol<\/p>\n<p>&nbsp;<\/p>\n<p>L\u00e4tt att installera, t\u00e4cker hela kabingolvet. Slitstarkt Eco-l\u00e4der som ytmaterial.<\/p>\n<p>&nbsp;<\/p>\n<p>H\u00e5ller sig p\u00e5 plats och \u00e4r l\u00e4tt att reng\u00f6ra. Ger bilen ett snyggt utseende och skyddar mot kyla<\/p>\n<p>&nbsp;<\/p>\n<p>Isolerar ocks\u00e5 ljudet fr\u00e5n motorn och chassit.<\/p>","protected":false},"excerpt":{"rendered":"<p>Det finns flera f\u00e4rgalternativ att v\u00e4lja bland.<\/p>","protected":false},"featured_media":37283,"comment_status":"open","ping_status":"closed","template":"","meta":{"_improvement_type_select":"improve_an_existing","_thumb_yes_seoaic":false,"_frame_yes_seoaic":false,"seoaic_generate_description":"","seoaic_improve_instructions_prompt":"","seoaic_rollback_content_improvement":"","seoaic_idea_thumbnail_generator":"","thumbnail_generated":false,"thumbnail_generate_prompt":"","seoaic_article_description":""},"make_fuel_type":[],"make_model":[5623],"make_brand":[3744],"make_year":[3748],"pwb-brand":[8345],"product_brand":[],"product_cat":[6097,6101],"product_tag":[8490,8488,8494],"class_list":{"0":"post-37288","1":"product","2":"type-product","3":"status-publish","4":"has-post-thumbnail","6":"make_engine-sleepercab-highline-cs","7":"make_engine-sleepercab-normal-cs","8":"make_model-nextgen-s-2017","9":"make_brand-scania","10":"make_year-trucks","11":"pwb-brand-brand_f-core","12":"product_cat-cabin-inside","13":"product_cat-floor-mats-for-trucks","14":"product_tag-floor-mats","15":"product_tag-scania","16":"product_tag-scania-nextgen","18":"first","19":"instock","20":"taxable","21":"shipping-taxable","22":"purchasable","23":"product-type-variable"},"yoast_head":"<!-- This site is optimized with the Yoast SEO plugin v25.7 - https:\/\/yoast.com\/wordpress\/plugins\/seo\/ -->\n<title>Leather Floor Mat Set Scania NextGen S-Series 2017- Automatic transmission \/ flat floor \/ Suspension passenger seat - RST-Steel<\/title>\n<meta name=\"description\" content=\"Leather floor mat for Scania NextGen S-series (2017+), automatic, flat floor, with suspension passenger seat. Durable and custom-fit for optimal protection.\" \/>\n<meta name=\"robots\" content=\"index, follow, max-snippet:-1, max-image-preview:large, max-video-preview:-1\" \/>\n<link rel=\"canonical\" href=\"https:\/\/com.rst-steel.eu\/sv\/produkt\/lader-golvmatta-scania-nextgen-s-series-2017-automatisk-vaxellada-platt-golv-fjadring-passagerarsate_prm_65377\/\" \/>\n<meta property=\"og:locale\" content=\"sv_SE\" \/>\n<meta property=\"og:type\" content=\"article\" \/>\n<meta property=\"og:title\" content=\"Leather Floor Mat Set Scania NextGen S-Series 2017- Automatic transmission \/ flat floor \/ Suspension passenger seat - RST-Steel\" \/>\n<meta property=\"og:description\" content=\"Leather floor mat for Scania NextGen S-series (2017+), automatic, flat floor, with suspension passenger seat. Durable and custom-fit for optimal protection.\" \/>\n<meta property=\"og:url\" content=\"https:\/\/com.rst-steel.eu\/sv\/produkt\/lader-golvmatta-scania-nextgen-s-series-2017-automatisk-vaxellada-platt-golv-fjadring-passagerarsate_prm_65377\/\" \/>\n<meta property=\"og:site_name\" content=\"RST-Steel\" \/>\n<meta property=\"article:publisher\" content=\"https:\/\/www.facebook.com\/rststeel\" \/>\n<meta property=\"article:modified_time\" content=\"2026-03-16T06:21:04+00:00\" \/>\n<meta property=\"og:image\" content=\"https:\/\/com.rst-steel.eu\/wp-content\/uploads\/2023\/03\/858f2a3cbdec6e2f5432b815a941aed30ec19ab8_703312.jpg\" \/>\n\t<meta property=\"og:image:width\" content=\"1000\" \/>\n\t<meta property=\"og:image:height\" content=\"667\" \/>\n\t<meta property=\"og:image:type\" content=\"image\/jpeg\" \/>\n<meta name=\"twitter:card\" content=\"summary_large_image\" \/>\n<meta name=\"twitter:label1\" content=\"Ber\u00e4knad l\u00e4stid\" \/>\n\t<meta name=\"twitter:data1\" content=\"1 minut\" \/>\n<script type=\"application\/ld+json\" class=\"yoast-schema-graph\">{\"@context\":\"https:\/\/schema.org\",\"@graph\":[{\"@type\":\"WebPage\",\"@id\":\"https:\/\/com.rst-steel.eu\/sv\/produkt\/lader-golvmatta-scania-nextgen-s-series-2017-automatisk-vaxellada-platt-golv-fjadring-passagerarsate_prm_65377\/\",\"url\":\"https:\/\/com.rst-steel.eu\/sv\/produkt\/lader-golvmatta-scania-nextgen-s-series-2017-automatisk-vaxellada-platt-golv-fjadring-passagerarsate_prm_65377\/\",\"name\":\"Leather Floor Mat Set Scania NextGen S-Series 2017- Automatic transmission \/ flat floor \/ Suspension passenger seat - RST-Steel\",\"isPartOf\":{\"@id\":\"https:\/\/com.rst-steel.eu\/#website\"},\"primaryImageOfPage\":{\"@id\":\"https:\/\/com.rst-steel.eu\/sv\/produkt\/lader-golvmatta-scania-nextgen-s-series-2017-automatisk-vaxellada-platt-golv-fjadring-passagerarsate_prm_65377\/#primaryimage\"},\"image\":{\"@id\":\"https:\/\/com.rst-steel.eu\/sv\/produkt\/lader-golvmatta-scania-nextgen-s-series-2017-automatisk-vaxellada-platt-golv-fjadring-passagerarsate_prm_65377\/#primaryimage\"},\"thumbnailUrl\":\"https:\/\/com.rst-steel.eu\/wp-content\/uploads\/2023\/03\/858f2a3cbdec6e2f5432b815a941aed30ec19ab8_703312.jpg\",\"datePublished\":\"2023-03-08T12:25:06+00:00\",\"dateModified\":\"2026-03-16T06:21:04+00:00\",\"description\":\"Leather floor mat for Scania NextGen S-series (2017+), automatic, flat floor, with suspension passenger seat. Durable and custom-fit for optimal protection.\",\"breadcrumb\":{\"@id\":\"https:\/\/com.rst-steel.eu\/sv\/produkt\/lader-golvmatta-scania-nextgen-s-series-2017-automatisk-vaxellada-platt-golv-fjadring-passagerarsate_prm_65377\/#breadcrumb\"},\"inLanguage\":\"sv-SE\",\"potentialAction\":[{\"@type\":\"ReadAction\",\"target\":[\"https:\/\/com.rst-steel.eu\/sv\/produkt\/lader-golvmatta-scania-nextgen-s-series-2017-automatisk-vaxellada-platt-golv-fjadring-passagerarsate_prm_65377\/\"]}]},{\"@type\":\"ImageObject\",\"inLanguage\":\"sv-SE\",\"@id\":\"https:\/\/com.rst-steel.eu\/sv\/produkt\/lader-golvmatta-scania-nextgen-s-series-2017-automatisk-vaxellada-platt-golv-fjadring-passagerarsate_prm_65377\/#primaryimage\",\"url\":\"https:\/\/com.rst-steel.eu\/wp-content\/uploads\/2023\/03\/858f2a3cbdec6e2f5432b815a941aed30ec19ab8_703312.jpg\",\"contentUrl\":\"https:\/\/com.rst-steel.eu\/wp-content\/uploads\/2023\/03\/858f2a3cbdec6e2f5432b815a941aed30ec19ab8_703312.jpg\",\"width\":1000,\"height\":667,\"caption\":\"Leather Floor Mat Scania NextGen S-Series 2017- Automatic transmission \/ flat floor \/ Suspension passenger seat\"},{\"@type\":\"BreadcrumbList\",\"@id\":\"https:\/\/com.rst-steel.eu\/sv\/produkt\/lader-golvmatta-scania-nextgen-s-series-2017-automatisk-vaxellada-platt-golv-fjadring-passagerarsate_prm_65377\/#breadcrumb\",\"itemListElement\":[{\"@type\":\"ListItem\",\"position\":1,\"name\":\"Home\",\"item\":\"https:\/\/com.rst-steel.eu\/\"},{\"@type\":\"ListItem\",\"position\":2,\"name\":\"RST-Steel Shop\",\"item\":\"https:\/\/com.rst-steel.eu\/shop\/\"},{\"@type\":\"ListItem\",\"position\":3,\"name\":\"Leather Floor Mat Set Scania NextGen S-Series 2017- Automatic transmission \/ flat floor \/ Suspension passenger seat\"}]},{\"@type\":\"WebSite\",\"@id\":\"https:\/\/com.rst-steel.eu\/#website\",\"url\":\"https:\/\/com.rst-steel.eu\/\",\"name\":\"RST-Steel.com\",\"description\":\"Finnish quality steel, for quality-conscious drivers\",\"publisher\":{\"@id\":\"https:\/\/com.rst-steel.eu\/#organization\"},\"alternateName\":\"Safe and stylish RST-Steel quality\",\"potentialAction\":[{\"@type\":\"SearchAction\",\"target\":{\"@type\":\"EntryPoint\",\"urlTemplate\":\"https:\/\/com.rst-steel.eu\/?s={search_term_string}\"},\"query-input\":{\"@type\":\"PropertyValueSpecification\",\"valueRequired\":true,\"valueName\":\"search_term_string\"}}],\"inLanguage\":\"sv-SE\"},{\"@type\":\"Organization\",\"@id\":\"https:\/\/com.rst-steel.eu\/#organization\",\"name\":\"RST-Steel Oy\",\"url\":\"https:\/\/com.rst-steel.eu\/\",\"logo\":{\"@type\":\"ImageObject\",\"inLanguage\":\"sv-SE\",\"@id\":\"https:\/\/com.rst-steel.eu\/#\/schema\/logo\/image\/\",\"url\":\"https:\/\/com.rst-steel.eu\/wp-content\/uploads\/2023\/04\/cropped-Rst-logo-valkoinen-teksti-3.png\",\"contentUrl\":\"https:\/\/com.rst-steel.eu\/wp-content\/uploads\/2023\/04\/cropped-Rst-logo-valkoinen-teksti-3.png\",\"width\":512,\"height\":115,\"caption\":\"RST-Steel Oy\"},\"image\":{\"@id\":\"https:\/\/com.rst-steel.eu\/#\/schema\/logo\/image\/\"},\"sameAs\":[\"https:\/\/www.facebook.com\/rststeel\",\"https:\/\/www.instagram.com\/rststeeloy\/\"]}]}<\/script>\n<!-- \/ Yoast SEO plugin. -->","yoast_head_json":{"title":"Golvmatta i l\u00e4der Scania NextGen S-Series 2017- Automatisk v\u00e4xell\u00e5da \/ plant golv \/ upph\u00e4ngd passagerarstol - RST-Steel","description":"Golvmatta i l\u00e4der f\u00f6r Scania NextGen S-serien (2017+), automatisk, plant golv, med fj\u00e4drande passagerars\u00e4te. Slitstark och skr\u00e4ddarsydd f\u00f6r optimalt skydd.","robots":{"index":"index","follow":"follow","max-snippet":"max-snippet:-1","max-image-preview":"max-image-preview:large","max-video-preview":"max-video-preview:-1"},"canonical":"https:\/\/com.rst-steel.eu\/sv\/produkt\/lader-golvmatta-scania-nextgen-s-series-2017-automatisk-vaxellada-platt-golv-fjadring-passagerarsate_prm_65377\/","og_locale":"sv_SE","og_type":"article","og_title":"Leather Floor Mat Set Scania NextGen S-Series 2017- Automatic transmission \/ flat floor \/ Suspension passenger seat - RST-Steel","og_description":"Leather floor mat for Scania NextGen S-series (2017+), automatic, flat floor, with suspension passenger seat. Durable and custom-fit for optimal protection.","og_url":"https:\/\/com.rst-steel.eu\/sv\/produkt\/lader-golvmatta-scania-nextgen-s-series-2017-automatisk-vaxellada-platt-golv-fjadring-passagerarsate_prm_65377\/","og_site_name":"RST-Steel","article_publisher":"https:\/\/www.facebook.com\/rststeel","article_modified_time":"2026-03-16T06:21:04+00:00","og_image":[{"width":1000,"height":667,"url":"https:\/\/com.rst-steel.eu\/wp-content\/uploads\/2023\/03\/858f2a3cbdec6e2f5432b815a941aed30ec19ab8_703312.jpg","type":"image\/jpeg"}],"twitter_card":"summary_large_image","twitter_misc":{"Ber\u00e4knad l\u00e4stid":"1 minut"},"schema":{"@context":"https:\/\/schema.org","@graph":[{"@type":"WebPage","@id":"https:\/\/com.rst-steel.eu\/sv\/produkt\/lader-golvmatta-scania-nextgen-s-series-2017-automatisk-vaxellada-platt-golv-fjadring-passagerarsate_prm_65377\/","url":"https:\/\/com.rst-steel.eu\/sv\/produkt\/lader-golvmatta-scania-nextgen-s-series-2017-automatisk-vaxellada-platt-golv-fjadring-passagerarsate_prm_65377\/","name":"Golvmatta i l\u00e4der Scania NextGen S-Series 2017- Automatisk v\u00e4xell\u00e5da \/ plant golv \/ upph\u00e4ngd passagerarstol - RST-Steel","isPartOf":{"@id":"https:\/\/com.rst-steel.eu\/#website"},"primaryImageOfPage":{"@id":"https:\/\/com.rst-steel.eu\/sv\/produkt\/lader-golvmatta-scania-nextgen-s-series-2017-automatisk-vaxellada-platt-golv-fjadring-passagerarsate_prm_65377\/#primaryimage"},"image":{"@id":"https:\/\/com.rst-steel.eu\/sv\/produkt\/lader-golvmatta-scania-nextgen-s-series-2017-automatisk-vaxellada-platt-golv-fjadring-passagerarsate_prm_65377\/#primaryimage"},"thumbnailUrl":"https:\/\/com.rst-steel.eu\/wp-content\/uploads\/2023\/03\/858f2a3cbdec6e2f5432b815a941aed30ec19ab8_703312.jpg","datePublished":"2023-03-08T12:25:06+00:00","dateModified":"2026-03-16T06:21:04+00:00","description":"Golvmatta i l\u00e4der f\u00f6r Scania NextGen S-serien (2017+), automatisk, plant golv, med fj\u00e4drande passagerars\u00e4te. Slitstark och skr\u00e4ddarsydd f\u00f6r optimalt skydd.","breadcrumb":{"@id":"https:\/\/com.rst-steel.eu\/sv\/produkt\/lader-golvmatta-scania-nextgen-s-series-2017-automatisk-vaxellada-platt-golv-fjadring-passagerarsate_prm_65377\/#breadcrumb"},"inLanguage":"sv-SE","potentialAction":[{"@type":"ReadAction","target":["https:\/\/com.rst-steel.eu\/sv\/produkt\/lader-golvmatta-scania-nextgen-s-series-2017-automatisk-vaxellada-platt-golv-fjadring-passagerarsate_prm_65377\/"]}]},{"@type":"ImageObject","inLanguage":"sv-SE","@id":"https:\/\/com.rst-steel.eu\/sv\/produkt\/lader-golvmatta-scania-nextgen-s-series-2017-automatisk-vaxellada-platt-golv-fjadring-passagerarsate_prm_65377\/#primaryimage","url":"https:\/\/com.rst-steel.eu\/wp-content\/uploads\/2023\/03\/858f2a3cbdec6e2f5432b815a941aed30ec19ab8_703312.jpg","contentUrl":"https:\/\/com.rst-steel.eu\/wp-content\/uploads\/2023\/03\/858f2a3cbdec6e2f5432b815a941aed30ec19ab8_703312.jpg","width":1000,"height":667,"caption":"Leather Floor Mat Scania NextGen S-Series 2017- Automatic transmission \/ flat floor \/ Suspension passenger seat"},{"@type":"BreadcrumbList","@id":"https:\/\/com.rst-steel.eu\/sv\/produkt\/lader-golvmatta-scania-nextgen-s-series-2017-automatisk-vaxellada-platt-golv-fjadring-passagerarsate_prm_65377\/#breadcrumb","itemListElement":[{"@type":"ListItem","position":1,"name":"Home","item":"https:\/\/com.rst-steel.eu\/"},{"@type":"ListItem","position":2,"name":"RST-Steel Shop","item":"https:\/\/com.rst-steel.eu\/shop\/"},{"@type":"ListItem","position":3,"name":"Leather Floor Mat Set Scania NextGen S-Series 2017- Automatic transmission \/ flat floor \/ Suspension passenger seat"}]},{"@type":"WebSite","@id":"https:\/\/com.rst-steel.eu\/#website","url":"https:\/\/com.rst-steel.eu\/","name":"RST-Stahl.com","description":"Finskt kvalitetsst\u00e5l, f\u00f6r kvalitetsmedvetna f\u00f6rare","publisher":{"@id":"https:\/\/com.rst-steel.eu\/#organization"},"alternateName":"Safe and stylish RST-Steel quality","potentialAction":[{"@type":"SearchAction","target":{"@type":"EntryPoint","urlTemplate":"https:\/\/com.rst-steel.eu\/?s={search_term_string}"},"query-input":{"@type":"PropertyValueSpecification","valueRequired":true,"valueName":"search_term_string"}}],"inLanguage":"sv-SE"},{"@type":"Organization","@id":"https:\/\/com.rst-steel.eu\/#organization","name":"RST-Steel Oy","url":"https:\/\/com.rst-steel.eu\/","logo":{"@type":"ImageObject","inLanguage":"sv-SE","@id":"https:\/\/com.rst-steel.eu\/#\/schema\/logo\/image\/","url":"https:\/\/com.rst-steel.eu\/wp-content\/uploads\/2023\/04\/cropped-Rst-logo-valkoinen-teksti-3.png","contentUrl":"https:\/\/com.rst-steel.eu\/wp-content\/uploads\/2023\/04\/cropped-Rst-logo-valkoinen-teksti-3.png","width":512,"height":115,"caption":"RST-Steel Oy"},"image":{"@id":"https:\/\/com.rst-steel.eu\/#\/schema\/logo\/image\/"},"sameAs":["https:\/\/www.facebook.com\/rststeel","https:\/\/www.instagram.com\/rststeeloy\/"]}]}},"brands":[{"id":8345,"name":"F-CORE","slug":"brand_f-core"}],"_links":{"self":[{"href":"https:\/\/com.rst-steel.eu\/sv\/wp-json\/wp\/v2\/product\/37288","targetHints":{"allow":["GET"]}}],"collection":[{"href":"https:\/\/com.rst-steel.eu\/sv\/wp-json\/wp\/v2\/product"}],"about":[{"href":"https:\/\/com.rst-steel.eu\/sv\/wp-json\/wp\/v2\/types\/product"}],"replies":[{"embeddable":true,"href":"https:\/\/com.rst-steel.eu\/sv\/wp-json\/wp\/v2\/comments?post=37288"}],"version-history":[{"count":0,"href":"https:\/\/com.rst-steel.eu\/sv\/wp-json\/wp\/v2\/product\/37288\/revisions"}],"wp:featuredmedia":[{"embeddable":true,"href":"https:\/\/com.rst-steel.eu\/sv\/wp-json\/wp\/v2\/media\/37283"}],"wp:attachment":[{"href":"https:\/\/com.rst-steel.eu\/sv\/wp-json\/wp\/v2\/media?parent=37288"}],"wp:term":[{"taxonomy":"make_fuel_type","embeddable":true,"href":"https:\/\/com.rst-steel.eu\/sv\/wp-json\/wp\/v2\/make_fuel_type?post=37288"},{"taxonomy":"make_model","embeddable":true,"href":"https:\/\/com.rst-steel.eu\/sv\/wp-json\/wp\/v2\/make_model?post=37288"},{"taxonomy":"make_brand","embeddable":true,"href":"https:\/\/com.rst-steel.eu\/sv\/wp-json\/wp\/v2\/make_brand?post=37288"},{"taxonomy":"make_year","embeddable":true,"href":"https:\/\/com.rst-steel.eu\/sv\/wp-json\/wp\/v2\/make_year?post=37288"},{"taxonomy":"pwb-brand","embeddable":true,"href":"https:\/\/com.rst-steel.eu\/sv\/wp-json\/wp\/v2\/pwb-brand?post=37288"},{"taxonomy":"product_brand","embeddable":true,"href":"https:\/\/com.rst-steel.eu\/sv\/wp-json\/wp\/v2\/product_brand?post=37288"},{"taxonomy":"product_cat","embeddable":true,"href":"https:\/\/com.rst-steel.eu\/sv\/wp-json\/wp\/v2\/product_cat?post=37288"},{"taxonomy":"product_tag","embeddable":true,"href":"https:\/\/com.rst-steel.eu\/sv\/wp-json\/wp\/v2\/product_tag?post=37288"}],"curies":[{"name":"wp","href":"https:\/\/api.w.org\/{rel}","templated":true}]}}