{"id":37074,"date":"2023-03-08T09:43:21","date_gmt":"2023-03-08T06:43:21","guid":{"rendered":"https:\/\/rst-steel.fi-c.seravo.com\/product\/work-light-bar-for-frame-of-air-deflector-volvo-fh-4_prm_64873\/"},"modified":"2026-03-16T09:14:02","modified_gmt":"2026-03-16T06:14:02","slug":"work-light-bar-for-frame-of-air-deflector-volvo-fh-4_prm_64873","status":"publish","type":"product","link":"https:\/\/com.rst-steel.eu\/sv\/produkt\/work-light-bar-for-frame-of-air-deflector-volvo-fh-4_prm_64873\/","title":{"rendered":"Arbetsljusb\u00e5ge f\u00f6r ram till luftriktare Volvo FH 4"},"content":{"rendered":"<p>Arbetsljusb\u00e5ge f\u00f6r ram till luftriktare Volvo FH 4<\/p>\n<p><\/p>\n<p><\/p>\n<p>RST-Steel:s arbetsljusramper \u00e4r h\u00f6gkvalitativa produkter tillverkade av rostfritt st\u00e5l.&nbsp;<\/p>\n<p><\/p>\n<p>Arbetsljusb\u00e5garna kan utrustas med positionsljus, som f\u00f6rb\u00e4ttrar din synlighet i trafiken och samtidigt \u00f6kar s\u00e4kerheten f\u00f6r dig sj\u00e4lv och andra i trafiken.<\/p>\n<div><\/div>\n<div><\/div>\n<div>\n<div>Teknisk information:<\/div>\n<div><\/div>\n<div>F\u00e4rg: Polerat rostfritt st\u00e5l eller lackering med RAL-basf\u00e4rger<\/div>\n<div>R\u00f6rdiameter: 60 mm<\/div>\n<div><\/div>\n<div><\/div>\n<div><\/div>\n<div>Leveransinneh\u00e5ll:<\/div>\n<div><\/div>\n<div>Arbetsbelysning<\/div>\n<div>Monteringsf\u00e4sten som beh\u00f6vs f\u00f6r installation<\/div>\n<div>Instruktioner f\u00f6r installation<\/div>\n<\/div>\n<div><\/div>","protected":false},"excerpt":{"rendered":"<p>Flera modellalternativ tillg\u00e4ngliga!<\/p>","protected":false},"featured_media":37069,"comment_status":"open","ping_status":"closed","template":"","meta":{"_improvement_type_select":"improve_an_existing","_thumb_yes_seoaic":false,"_frame_yes_seoaic":false,"seoaic_generate_description":"","seoaic_improve_instructions_prompt":"","seoaic_rollback_content_improvement":"","seoaic_idea_thumbnail_generator":"","thumbnail_generated":false,"thumbnail_generate_prompt":"","seoaic_article_description":""},"make_fuel_type":[],"make_model":[3743],"make_brand":[3745],"make_year":[3748],"pwb-brand":[8334],"product_brand":[],"product_cat":[6057,6061,7190],"product_tag":[8491],"class_list":{"0":"post-37074","1":"product","2":"type-product","3":"status-publish","4":"has-post-thumbnail","6":"make_engine-normal-cab","7":"make_engine-globetrotter","8":"make_engine-globetrotter-xl-cab","9":"make_model-fh4","10":"make_brand-volvo","11":"make_year-trucks","12":"pwb-brand-brand_rststeel","13":"product_cat-lightbars","14":"product_cat-work-light-bars-for-trucks","15":"product_cat-volvo-ka-tk","16":"product_tag-work-light-bar-volvo","18":"first","19":"onbackorder","20":"taxable","21":"shipping-taxable","22":"purchasable","23":"product-type-variable"},"yoast_head":"<!-- This site is optimized with the Yoast SEO plugin v25.7 - https:\/\/yoast.com\/wordpress\/plugins\/seo\/ -->\n<title>Work Light Bar for frame of air deflector Volvo FH 4 - RST-Steel<\/title>\n<meta name=\"description\" content=\"The Work Light Bar for Volvo FH 4 air deflector frame is made of stainless steel, enhancing visibility and safety with optional position lights.\" \/>\n<meta name=\"robots\" content=\"index, follow, max-snippet:-1, max-image-preview:large, max-video-preview:-1\" \/>\n<link rel=\"canonical\" href=\"https:\/\/com.rst-steel.eu\/sv\/produkt\/work-light-bar-for-frame-of-air-deflector-volvo-fh-4_prm_64873\/\" \/>\n<meta property=\"og:locale\" content=\"sv_SE\" \/>\n<meta property=\"og:type\" content=\"article\" \/>\n<meta property=\"og:title\" content=\"Work Light Bar for frame of air deflector Volvo FH 4 - RST-Steel\" \/>\n<meta property=\"og:description\" content=\"The Work Light Bar for Volvo FH 4 air deflector frame is made of stainless steel, enhancing visibility and safety with optional position lights.\" \/>\n<meta property=\"og:url\" content=\"https:\/\/com.rst-steel.eu\/sv\/produkt\/work-light-bar-for-frame-of-air-deflector-volvo-fh-4_prm_64873\/\" \/>\n<meta property=\"og:site_name\" content=\"RST-Steel\" \/>\n<meta property=\"article:publisher\" content=\"https:\/\/www.facebook.com\/rststeel\" \/>\n<meta property=\"article:modified_time\" content=\"2026-03-16T06:14:02+00:00\" \/>\n<meta property=\"og:image\" content=\"https:\/\/com.rst-steel.eu\/wp-content\/uploads\/2023\/03\/0f55d050d6e84be5ece5fa1725b44a94334ee81a_VO2302.jpg\" \/>\n\t<meta property=\"og:image:width\" content=\"1557\" \/>\n\t<meta property=\"og:image:height\" content=\"876\" \/>\n\t<meta property=\"og:image:type\" content=\"image\/jpeg\" \/>\n<meta name=\"twitter:card\" content=\"summary_large_image\" \/>\n<meta name=\"twitter:label1\" content=\"Ber\u00e4knad l\u00e4stid\" \/>\n\t<meta name=\"twitter:data1\" content=\"1 minut\" \/>\n<script type=\"application\/ld+json\" class=\"yoast-schema-graph\">{\"@context\":\"https:\/\/schema.org\",\"@graph\":[{\"@type\":\"WebPage\",\"@id\":\"https:\/\/com.rst-steel.eu\/nb\/produkt\/arbeidslysbjelke-for-ramme-til-luftdeflektor-volvo-fh-4_prm_64873\/\",\"url\":\"https:\/\/com.rst-steel.eu\/nb\/produkt\/arbeidslysbjelke-for-ramme-til-luftdeflektor-volvo-fh-4_prm_64873\/\",\"name\":\"Work Light Bar for frame of air deflector Volvo FH 4 - RST-Steel\",\"isPartOf\":{\"@id\":\"https:\/\/com.rst-steel.eu\/#website\"},\"primaryImageOfPage\":{\"@id\":\"https:\/\/com.rst-steel.eu\/nb\/produkt\/arbeidslysbjelke-for-ramme-til-luftdeflektor-volvo-fh-4_prm_64873\/#primaryimage\"},\"image\":{\"@id\":\"https:\/\/com.rst-steel.eu\/nb\/produkt\/arbeidslysbjelke-for-ramme-til-luftdeflektor-volvo-fh-4_prm_64873\/#primaryimage\"},\"thumbnailUrl\":\"https:\/\/com.rst-steel.eu\/wp-content\/uploads\/2023\/03\/0f55d050d6e84be5ece5fa1725b44a94334ee81a_VO2302.jpg\",\"datePublished\":\"2023-03-08T06:43:21+00:00\",\"dateModified\":\"2026-03-16T06:14:02+00:00\",\"description\":\"The Work Light Bar for Volvo FH 4 air deflector frame is made of stainless steel, enhancing visibility and safety with optional position lights.\",\"breadcrumb\":{\"@id\":\"https:\/\/com.rst-steel.eu\/nb\/produkt\/arbeidslysbjelke-for-ramme-til-luftdeflektor-volvo-fh-4_prm_64873\/#breadcrumb\"},\"inLanguage\":\"sv-SE\",\"potentialAction\":[{\"@type\":\"ReadAction\",\"target\":[\"https:\/\/com.rst-steel.eu\/nb\/produkt\/arbeidslysbjelke-for-ramme-til-luftdeflektor-volvo-fh-4_prm_64873\/\"]}]},{\"@type\":\"ImageObject\",\"inLanguage\":\"sv-SE\",\"@id\":\"https:\/\/com.rst-steel.eu\/nb\/produkt\/arbeidslysbjelke-for-ramme-til-luftdeflektor-volvo-fh-4_prm_64873\/#primaryimage\",\"url\":\"https:\/\/com.rst-steel.eu\/wp-content\/uploads\/2023\/03\/0f55d050d6e84be5ece5fa1725b44a94334ee81a_VO2302.jpg\",\"contentUrl\":\"https:\/\/com.rst-steel.eu\/wp-content\/uploads\/2023\/03\/0f55d050d6e84be5ece5fa1725b44a94334ee81a_VO2302.jpg\",\"width\":1557,\"height\":876,\"caption\":\"Work Light Bar for frame of air deflector Volvo FH 4\"},{\"@type\":\"BreadcrumbList\",\"@id\":\"https:\/\/com.rst-steel.eu\/nb\/produkt\/arbeidslysbjelke-for-ramme-til-luftdeflektor-volvo-fh-4_prm_64873\/#breadcrumb\",\"itemListElement\":[{\"@type\":\"ListItem\",\"position\":1,\"name\":\"Home\",\"item\":\"https:\/\/com.rst-steel.eu\/\"},{\"@type\":\"ListItem\",\"position\":2,\"name\":\"RST-Steel Shop\",\"item\":\"https:\/\/com.rst-steel.eu\/shop\/\"},{\"@type\":\"ListItem\",\"position\":3,\"name\":\"Work Light Bar for frame of air deflector Volvo FH 4\"}]},{\"@type\":\"WebSite\",\"@id\":\"https:\/\/com.rst-steel.eu\/#website\",\"url\":\"https:\/\/com.rst-steel.eu\/\",\"name\":\"RST-Steel.com\",\"description\":\"Finnish quality steel, for quality-conscious drivers\",\"publisher\":{\"@id\":\"https:\/\/com.rst-steel.eu\/#organization\"},\"alternateName\":\"Safe and stylish RST-Steel quality\",\"potentialAction\":[{\"@type\":\"SearchAction\",\"target\":{\"@type\":\"EntryPoint\",\"urlTemplate\":\"https:\/\/com.rst-steel.eu\/?s={search_term_string}\"},\"query-input\":{\"@type\":\"PropertyValueSpecification\",\"valueRequired\":true,\"valueName\":\"search_term_string\"}}],\"inLanguage\":\"sv-SE\"},{\"@type\":\"Organization\",\"@id\":\"https:\/\/com.rst-steel.eu\/#organization\",\"name\":\"RST-Steel Oy\",\"url\":\"https:\/\/com.rst-steel.eu\/\",\"logo\":{\"@type\":\"ImageObject\",\"inLanguage\":\"sv-SE\",\"@id\":\"https:\/\/com.rst-steel.eu\/#\/schema\/logo\/image\/\",\"url\":\"https:\/\/com.rst-steel.eu\/wp-content\/uploads\/2023\/04\/cropped-Rst-logo-valkoinen-teksti-3.png\",\"contentUrl\":\"https:\/\/com.rst-steel.eu\/wp-content\/uploads\/2023\/04\/cropped-Rst-logo-valkoinen-teksti-3.png\",\"width\":512,\"height\":115,\"caption\":\"RST-Steel Oy\"},\"image\":{\"@id\":\"https:\/\/com.rst-steel.eu\/#\/schema\/logo\/image\/\"},\"sameAs\":[\"https:\/\/www.facebook.com\/rststeel\",\"https:\/\/www.instagram.com\/rststeeloy\/\"]}]}<\/script>\n<!-- \/ Yoast SEO plugin. -->","yoast_head_json":{"title":"Arbetsljusramp f\u00f6r ram till luftriktare Volvo FH 4 - RST-Steel","description":"Arbetsljusrampen f\u00f6r Volvo FH 4 luftriktarram \u00e4r tillverkad av rostfritt st\u00e5l och f\u00f6rb\u00e4ttrar sikten och s\u00e4kerheten med positionsljus som tillval.","robots":{"index":"index","follow":"follow","max-snippet":"max-snippet:-1","max-image-preview":"max-image-preview:large","max-video-preview":"max-video-preview:-1"},"canonical":"https:\/\/com.rst-steel.eu\/sv\/produkt\/work-light-bar-for-frame-of-air-deflector-volvo-fh-4_prm_64873\/","og_locale":"sv_SE","og_type":"article","og_title":"Work Light Bar for frame of air deflector Volvo FH 4 - RST-Steel","og_description":"The Work Light Bar for Volvo FH 4 air deflector frame is made of stainless steel, enhancing visibility and safety with optional position lights.","og_url":"https:\/\/com.rst-steel.eu\/sv\/produkt\/work-light-bar-for-frame-of-air-deflector-volvo-fh-4_prm_64873\/","og_site_name":"RST-Steel","article_publisher":"https:\/\/www.facebook.com\/rststeel","article_modified_time":"2026-03-16T06:14:02+00:00","og_image":[{"width":1557,"height":876,"url":"https:\/\/com.rst-steel.eu\/wp-content\/uploads\/2023\/03\/0f55d050d6e84be5ece5fa1725b44a94334ee81a_VO2302.jpg","type":"image\/jpeg"}],"twitter_card":"summary_large_image","twitter_misc":{"Ber\u00e4knad l\u00e4stid":"1 minut"},"schema":{"@context":"https:\/\/schema.org","@graph":[{"@type":"WebPage","@id":"https:\/\/com.rst-steel.eu\/nb\/produkt\/arbeidslysbjelke-for-ramme-til-luftdeflektor-volvo-fh-4_prm_64873\/","url":"https:\/\/com.rst-steel.eu\/nb\/produkt\/arbeidslysbjelke-for-ramme-til-luftdeflektor-volvo-fh-4_prm_64873\/","name":"Arbetsljusramp f\u00f6r ram till luftriktare Volvo FH 4 - RST-Steel","isPartOf":{"@id":"https:\/\/com.rst-steel.eu\/#website"},"primaryImageOfPage":{"@id":"https:\/\/com.rst-steel.eu\/nb\/produkt\/arbeidslysbjelke-for-ramme-til-luftdeflektor-volvo-fh-4_prm_64873\/#primaryimage"},"image":{"@id":"https:\/\/com.rst-steel.eu\/nb\/produkt\/arbeidslysbjelke-for-ramme-til-luftdeflektor-volvo-fh-4_prm_64873\/#primaryimage"},"thumbnailUrl":"https:\/\/com.rst-steel.eu\/wp-content\/uploads\/2023\/03\/0f55d050d6e84be5ece5fa1725b44a94334ee81a_VO2302.jpg","datePublished":"2023-03-08T06:43:21+00:00","dateModified":"2026-03-16T06:14:02+00:00","description":"Arbetsljusrampen f\u00f6r Volvo FH 4 luftriktarram \u00e4r tillverkad av rostfritt st\u00e5l och f\u00f6rb\u00e4ttrar sikten och s\u00e4kerheten med positionsljus som tillval.","breadcrumb":{"@id":"https:\/\/com.rst-steel.eu\/nb\/produkt\/arbeidslysbjelke-for-ramme-til-luftdeflektor-volvo-fh-4_prm_64873\/#breadcrumb"},"inLanguage":"sv-SE","potentialAction":[{"@type":"ReadAction","target":["https:\/\/com.rst-steel.eu\/nb\/produkt\/arbeidslysbjelke-for-ramme-til-luftdeflektor-volvo-fh-4_prm_64873\/"]}]},{"@type":"ImageObject","inLanguage":"sv-SE","@id":"https:\/\/com.rst-steel.eu\/nb\/produkt\/arbeidslysbjelke-for-ramme-til-luftdeflektor-volvo-fh-4_prm_64873\/#primaryimage","url":"https:\/\/com.rst-steel.eu\/wp-content\/uploads\/2023\/03\/0f55d050d6e84be5ece5fa1725b44a94334ee81a_VO2302.jpg","contentUrl":"https:\/\/com.rst-steel.eu\/wp-content\/uploads\/2023\/03\/0f55d050d6e84be5ece5fa1725b44a94334ee81a_VO2302.jpg","width":1557,"height":876,"caption":"Work Light Bar for frame of air deflector Volvo FH 4"},{"@type":"BreadcrumbList","@id":"https:\/\/com.rst-steel.eu\/nb\/produkt\/arbeidslysbjelke-for-ramme-til-luftdeflektor-volvo-fh-4_prm_64873\/#breadcrumb","itemListElement":[{"@type":"ListItem","position":1,"name":"Home","item":"https:\/\/com.rst-steel.eu\/"},{"@type":"ListItem","position":2,"name":"RST-Steel Shop","item":"https:\/\/com.rst-steel.eu\/shop\/"},{"@type":"ListItem","position":3,"name":"Work Light Bar for frame of air deflector Volvo FH 4"}]},{"@type":"WebSite","@id":"https:\/\/com.rst-steel.eu\/#website","url":"https:\/\/com.rst-steel.eu\/","name":"RST-Stahl.com","description":"Finskt kvalitetsst\u00e5l, f\u00f6r kvalitetsmedvetna f\u00f6rare","publisher":{"@id":"https:\/\/com.rst-steel.eu\/#organization"},"alternateName":"Safe and stylish RST-Steel quality","potentialAction":[{"@type":"SearchAction","target":{"@type":"EntryPoint","urlTemplate":"https:\/\/com.rst-steel.eu\/?s={search_term_string}"},"query-input":{"@type":"PropertyValueSpecification","valueRequired":true,"valueName":"search_term_string"}}],"inLanguage":"sv-SE"},{"@type":"Organization","@id":"https:\/\/com.rst-steel.eu\/#organization","name":"RST-Steel Oy","url":"https:\/\/com.rst-steel.eu\/","logo":{"@type":"ImageObject","inLanguage":"sv-SE","@id":"https:\/\/com.rst-steel.eu\/#\/schema\/logo\/image\/","url":"https:\/\/com.rst-steel.eu\/wp-content\/uploads\/2023\/04\/cropped-Rst-logo-valkoinen-teksti-3.png","contentUrl":"https:\/\/com.rst-steel.eu\/wp-content\/uploads\/2023\/04\/cropped-Rst-logo-valkoinen-teksti-3.png","width":512,"height":115,"caption":"RST-Steel Oy"},"image":{"@id":"https:\/\/com.rst-steel.eu\/#\/schema\/logo\/image\/"},"sameAs":["https:\/\/www.facebook.com\/rststeel","https:\/\/www.instagram.com\/rststeeloy\/"]}]}},"brands":[{"id":8334,"name":"RST-Steel","slug":"brand_rststeel"}],"_links":{"self":[{"href":"https:\/\/com.rst-steel.eu\/sv\/wp-json\/wp\/v2\/product\/37074","targetHints":{"allow":["GET"]}}],"collection":[{"href":"https:\/\/com.rst-steel.eu\/sv\/wp-json\/wp\/v2\/product"}],"about":[{"href":"https:\/\/com.rst-steel.eu\/sv\/wp-json\/wp\/v2\/types\/product"}],"replies":[{"embeddable":true,"href":"https:\/\/com.rst-steel.eu\/sv\/wp-json\/wp\/v2\/comments?post=37074"}],"version-history":[{"count":0,"href":"https:\/\/com.rst-steel.eu\/sv\/wp-json\/wp\/v2\/product\/37074\/revisions"}],"wp:featuredmedia":[{"embeddable":true,"href":"https:\/\/com.rst-steel.eu\/sv\/wp-json\/wp\/v2\/media\/37069"}],"wp:attachment":[{"href":"https:\/\/com.rst-steel.eu\/sv\/wp-json\/wp\/v2\/media?parent=37074"}],"wp:term":[{"taxonomy":"make_fuel_type","embeddable":true,"href":"https:\/\/com.rst-steel.eu\/sv\/wp-json\/wp\/v2\/make_fuel_type?post=37074"},{"taxonomy":"make_model","embeddable":true,"href":"https:\/\/com.rst-steel.eu\/sv\/wp-json\/wp\/v2\/make_model?post=37074"},{"taxonomy":"make_brand","embeddable":true,"href":"https:\/\/com.rst-steel.eu\/sv\/wp-json\/wp\/v2\/make_brand?post=37074"},{"taxonomy":"make_year","embeddable":true,"href":"https:\/\/com.rst-steel.eu\/sv\/wp-json\/wp\/v2\/make_year?post=37074"},{"taxonomy":"pwb-brand","embeddable":true,"href":"https:\/\/com.rst-steel.eu\/sv\/wp-json\/wp\/v2\/pwb-brand?post=37074"},{"taxonomy":"product_brand","embeddable":true,"href":"https:\/\/com.rst-steel.eu\/sv\/wp-json\/wp\/v2\/product_brand?post=37074"},{"taxonomy":"product_cat","embeddable":true,"href":"https:\/\/com.rst-steel.eu\/sv\/wp-json\/wp\/v2\/product_cat?post=37074"},{"taxonomy":"product_tag","embeddable":true,"href":"https:\/\/com.rst-steel.eu\/sv\/wp-json\/wp\/v2\/product_tag?post=37074"}],"curies":[{"name":"wp","href":"https:\/\/api.w.org\/{rel}","templated":true}]}}