{"id":36826,"date":"2023-02-14T09:08:30","date_gmt":"2023-02-14T06:08:30","guid":{"rendered":"https:\/\/rst-steel.fi-c.seravo.com\/product\/lazer-single-lamp-wiring-kit-utility-series-12v_pr_69039\/"},"modified":"2026-03-16T09:21:27","modified_gmt":"2026-03-16T06:21:27","slug":"single-lamp-wiring-kit-lazer-utility_pr_69039","status":"publish","type":"product","link":"https:\/\/com.rst-steel.eu\/sv\/produkt\/single-lamp-wiring-kit-lazer-utility_pr_69039\/","title":{"rendered":"Kabeldragningssats f\u00f6r en lampa Lazer Utility"},"content":{"rendered":"<p>Den perfekta l\u00f6sningen f\u00f6r kabeldragning av arbetslampor i Utility-serien. Installationen \u00e4r snabb, enkel och tillf\u00f6rlitlig med Deutsch-anslutningar och inga konfigurationsprocedurer. Satsen inneh\u00e5ller ett 12 V-rel\u00e4, en 10 A-s\u00e4kring, en batteripol i ena \u00e4nden och 4 m flexkabel och g\u00f6r det m\u00f6jligt att styra en specifik lampa via en p\u00e5\/av-brytare som kan monteras i fordonet.<\/p>\n<p><\/p>\n<p>Alla Lazer-lampor s\u00e4ljs med en f\u00f6rkopplad honkontakt som \u00e4r ansluten till hankontakten p\u00e5 lampans kabelh\u00e4rva f\u00f6r att underl\u00e4tta inkopplingen i fordonets system.&nbsp;<\/p>\n<p><\/p>\n<p>Produktfunktioner<\/p>\n<p><\/p>\n<p>Kabeldragningssats f\u00f6r en lampa f\u00f6r arbetslampor i Utility-serien<\/p>\n<p>4 m kabell\u00e4ngd<\/p>\n<p>Inkluderar 12V-rel\u00e4 och 10 ampere s\u00e4kring<\/p>\n<p>Tysk anslutning<\/p>\n<p>Inkluderar p\u00e5\/av-omkopplare f\u00f6r oberoende drift<\/p>\n<p>Kabelgenomf\u00f6ring f\u00f6r extra skydd i motorrummet<\/p>","protected":false},"excerpt":{"rendered":"<p>Kabeldragningssats f\u00f6r en lampa f\u00f6r arbetslampor i Utility-serien<\/p>\n<div><\/div>","protected":false},"featured_media":36824,"comment_status":"open","ping_status":"closed","template":"","meta":{"_improvement_type_select":"improve_an_existing","_thumb_yes_seoaic":false,"_frame_yes_seoaic":false,"seoaic_generate_description":"","seoaic_improve_instructions_prompt":"","seoaic_rollback_content_improvement":"","seoaic_idea_thumbnail_generator":"","thumbnail_generated":false,"thumbnail_generate_prompt":"","seoaic_article_description":""},"make_fuel_type":[],"make_model":[],"make_brand":[],"make_year":[],"pwb-brand":[8332],"product_brand":[],"product_cat":[6195,6242,6243],"product_tag":[6298],"class_list":{"0":"post-36826","1":"product","2":"type-product","3":"status-publish","4":"has-post-thumbnail","6":"pwb-brand-brand_lazerlamps","7":"product_cat-lamps","8":"product_cat-mounting-accessories","9":"product_cat-lazer-lamps-accessories","10":"product_tag-lazer-lamps","12":"first","13":"onbackorder","14":"taxable","15":"shipping-taxable","16":"purchasable","17":"product-type-simple"},"yoast_head":"<!-- This site is optimized with the Yoast SEO plugin v25.7 - https:\/\/yoast.com\/wordpress\/plugins\/seo\/ -->\n<title>Single Lamp Wiring Kit Lazer Utility - RST-Steel<\/title>\n<meta name=\"description\" content=\"Install your Lazer Utility lamp effortlessly with this single lamp wiring kit. It ensures reliable performance and easy setup for enhanced lighting.\" \/>\n<meta name=\"robots\" content=\"index, follow, max-snippet:-1, max-image-preview:large, max-video-preview:-1\" \/>\n<link rel=\"canonical\" href=\"https:\/\/com.rst-steel.eu\/sv\/produkt\/single-lamp-wiring-kit-lazer-utility_pr_69039\/\" \/>\n<meta property=\"og:locale\" content=\"sv_SE\" \/>\n<meta property=\"og:type\" content=\"article\" \/>\n<meta property=\"og:title\" content=\"Single Lamp Wiring Kit Lazer Utility - RST-Steel\" \/>\n<meta property=\"og:description\" content=\"Install your Lazer Utility lamp effortlessly with this single lamp wiring kit. It ensures reliable performance and easy setup for enhanced lighting.\" \/>\n<meta property=\"og:url\" content=\"https:\/\/com.rst-steel.eu\/sv\/produkt\/single-lamp-wiring-kit-lazer-utility_pr_69039\/\" \/>\n<meta property=\"og:site_name\" content=\"RST-Steel\" \/>\n<meta property=\"article:publisher\" content=\"https:\/\/www.facebook.com\/rststeel\" \/>\n<meta property=\"article:modified_time\" content=\"2026-03-16T06:21:27+00:00\" \/>\n<meta property=\"og:image\" content=\"https:\/\/com.rst-steel.eu\/wp-content\/uploads\/2023\/02\/3f05f17f5f28073e7940076d55d81dc6bf4d02dd_8250_12v_sw.jpg\" \/>\n\t<meta property=\"og:image:width\" content=\"1000\" \/>\n\t<meta property=\"og:image:height\" content=\"750\" \/>\n\t<meta property=\"og:image:type\" content=\"image\/jpeg\" \/>\n<meta name=\"twitter:card\" content=\"summary_large_image\" \/>\n<meta name=\"twitter:label1\" content=\"Ber\u00e4knad l\u00e4stid\" \/>\n\t<meta name=\"twitter:data1\" content=\"1 minut\" \/>\n<script type=\"application\/ld+json\" class=\"yoast-schema-graph\">{\"@context\":\"https:\/\/schema.org\",\"@graph\":[{\"@type\":\"WebPage\",\"@id\":\"https:\/\/com.rst-steel.eu\/product\/single-lamp-wiring-kit-lazer-utility_pr_69039\/\",\"url\":\"https:\/\/com.rst-steel.eu\/product\/single-lamp-wiring-kit-lazer-utility_pr_69039\/\",\"name\":\"Single Lamp Wiring Kit Lazer Utility - RST-Steel\",\"isPartOf\":{\"@id\":\"https:\/\/com.rst-steel.eu\/#website\"},\"primaryImageOfPage\":{\"@id\":\"https:\/\/com.rst-steel.eu\/product\/single-lamp-wiring-kit-lazer-utility_pr_69039\/#primaryimage\"},\"image\":{\"@id\":\"https:\/\/com.rst-steel.eu\/product\/single-lamp-wiring-kit-lazer-utility_pr_69039\/#primaryimage\"},\"thumbnailUrl\":\"https:\/\/com.rst-steel.eu\/wp-content\/uploads\/2023\/02\/3f05f17f5f28073e7940076d55d81dc6bf4d02dd_8250_12v_sw.jpg\",\"datePublished\":\"2023-02-14T06:08:30+00:00\",\"dateModified\":\"2026-03-16T06:21:27+00:00\",\"description\":\"Install your Lazer Utility lamp effortlessly with this single lamp wiring kit. It ensures reliable performance and easy setup for enhanced lighting.\",\"breadcrumb\":{\"@id\":\"https:\/\/com.rst-steel.eu\/product\/single-lamp-wiring-kit-lazer-utility_pr_69039\/#breadcrumb\"},\"inLanguage\":\"sv-SE\",\"potentialAction\":[{\"@type\":\"ReadAction\",\"target\":[\"https:\/\/com.rst-steel.eu\/product\/single-lamp-wiring-kit-lazer-utility_pr_69039\/\"]}]},{\"@type\":\"ImageObject\",\"inLanguage\":\"sv-SE\",\"@id\":\"https:\/\/com.rst-steel.eu\/product\/single-lamp-wiring-kit-lazer-utility_pr_69039\/#primaryimage\",\"url\":\"https:\/\/com.rst-steel.eu\/wp-content\/uploads\/2023\/02\/3f05f17f5f28073e7940076d55d81dc6bf4d02dd_8250_12v_sw.jpg\",\"contentUrl\":\"https:\/\/com.rst-steel.eu\/wp-content\/uploads\/2023\/02\/3f05f17f5f28073e7940076d55d81dc6bf4d02dd_8250_12v_sw.jpg\",\"width\":1000,\"height\":750,\"caption\":\"Single Lamp Wiring Kit Lazer Utility\"},{\"@type\":\"BreadcrumbList\",\"@id\":\"https:\/\/com.rst-steel.eu\/product\/single-lamp-wiring-kit-lazer-utility_pr_69039\/#breadcrumb\",\"itemListElement\":[{\"@type\":\"ListItem\",\"position\":1,\"name\":\"Home\",\"item\":\"https:\/\/com.rst-steel.eu\/\"},{\"@type\":\"ListItem\",\"position\":2,\"name\":\"RST-Steel Shop\",\"item\":\"https:\/\/com.rst-steel.eu\/shop\/\"},{\"@type\":\"ListItem\",\"position\":3,\"name\":\"Single Lamp Wiring Kit Lazer Utility\"}]},{\"@type\":\"WebSite\",\"@id\":\"https:\/\/com.rst-steel.eu\/#website\",\"url\":\"https:\/\/com.rst-steel.eu\/\",\"name\":\"RST-Steel.com\",\"description\":\"Finnish quality steel, for quality-conscious drivers\",\"publisher\":{\"@id\":\"https:\/\/com.rst-steel.eu\/#organization\"},\"alternateName\":\"Safe and stylish RST-Steel quality\",\"potentialAction\":[{\"@type\":\"SearchAction\",\"target\":{\"@type\":\"EntryPoint\",\"urlTemplate\":\"https:\/\/com.rst-steel.eu\/?s={search_term_string}\"},\"query-input\":{\"@type\":\"PropertyValueSpecification\",\"valueRequired\":true,\"valueName\":\"search_term_string\"}}],\"inLanguage\":\"sv-SE\"},{\"@type\":\"Organization\",\"@id\":\"https:\/\/com.rst-steel.eu\/#organization\",\"name\":\"RST-Steel Oy\",\"url\":\"https:\/\/com.rst-steel.eu\/\",\"logo\":{\"@type\":\"ImageObject\",\"inLanguage\":\"sv-SE\",\"@id\":\"https:\/\/com.rst-steel.eu\/#\/schema\/logo\/image\/\",\"url\":\"https:\/\/com.rst-steel.eu\/wp-content\/uploads\/2023\/04\/cropped-Rst-logo-valkoinen-teksti-3.png\",\"contentUrl\":\"https:\/\/com.rst-steel.eu\/wp-content\/uploads\/2023\/04\/cropped-Rst-logo-valkoinen-teksti-3.png\",\"width\":512,\"height\":115,\"caption\":\"RST-Steel Oy\"},\"image\":{\"@id\":\"https:\/\/com.rst-steel.eu\/#\/schema\/logo\/image\/\"},\"sameAs\":[\"https:\/\/www.facebook.com\/rststeel\",\"https:\/\/www.instagram.com\/rststeeloy\/\"]}]}<\/script>\n<!-- \/ Yoast SEO plugin. -->","yoast_head_json":{"title":"Ledningssats f\u00f6r en lampa Lazer Utility - RST-Steel","description":"Installera din Lazer Utility-lampa utan problem med denna kabeldragningssats f\u00f6r en enda lampa. Den garanterar tillf\u00f6rlitlig prestanda och enkel installation f\u00f6r f\u00f6rb\u00e4ttrad belysning.","robots":{"index":"index","follow":"follow","max-snippet":"max-snippet:-1","max-image-preview":"max-image-preview:large","max-video-preview":"max-video-preview:-1"},"canonical":"https:\/\/com.rst-steel.eu\/sv\/produkt\/single-lamp-wiring-kit-lazer-utility_pr_69039\/","og_locale":"sv_SE","og_type":"article","og_title":"Single Lamp Wiring Kit Lazer Utility - RST-Steel","og_description":"Install your Lazer Utility lamp effortlessly with this single lamp wiring kit. It ensures reliable performance and easy setup for enhanced lighting.","og_url":"https:\/\/com.rst-steel.eu\/sv\/produkt\/single-lamp-wiring-kit-lazer-utility_pr_69039\/","og_site_name":"RST-Steel","article_publisher":"https:\/\/www.facebook.com\/rststeel","article_modified_time":"2026-03-16T06:21:27+00:00","og_image":[{"width":1000,"height":750,"url":"https:\/\/com.rst-steel.eu\/wp-content\/uploads\/2023\/02\/3f05f17f5f28073e7940076d55d81dc6bf4d02dd_8250_12v_sw.jpg","type":"image\/jpeg"}],"twitter_card":"summary_large_image","twitter_misc":{"Ber\u00e4knad l\u00e4stid":"1 minut"},"schema":{"@context":"https:\/\/schema.org","@graph":[{"@type":"WebPage","@id":"https:\/\/com.rst-steel.eu\/product\/single-lamp-wiring-kit-lazer-utility_pr_69039\/","url":"https:\/\/com.rst-steel.eu\/product\/single-lamp-wiring-kit-lazer-utility_pr_69039\/","name":"Ledningssats f\u00f6r en lampa Lazer Utility - RST-Steel","isPartOf":{"@id":"https:\/\/com.rst-steel.eu\/#website"},"primaryImageOfPage":{"@id":"https:\/\/com.rst-steel.eu\/product\/single-lamp-wiring-kit-lazer-utility_pr_69039\/#primaryimage"},"image":{"@id":"https:\/\/com.rst-steel.eu\/product\/single-lamp-wiring-kit-lazer-utility_pr_69039\/#primaryimage"},"thumbnailUrl":"https:\/\/com.rst-steel.eu\/wp-content\/uploads\/2023\/02\/3f05f17f5f28073e7940076d55d81dc6bf4d02dd_8250_12v_sw.jpg","datePublished":"2023-02-14T06:08:30+00:00","dateModified":"2026-03-16T06:21:27+00:00","description":"Installera din Lazer Utility-lampa utan problem med denna kabeldragningssats f\u00f6r en enda lampa. Den garanterar tillf\u00f6rlitlig prestanda och enkel installation f\u00f6r f\u00f6rb\u00e4ttrad belysning.","breadcrumb":{"@id":"https:\/\/com.rst-steel.eu\/product\/single-lamp-wiring-kit-lazer-utility_pr_69039\/#breadcrumb"},"inLanguage":"sv-SE","potentialAction":[{"@type":"ReadAction","target":["https:\/\/com.rst-steel.eu\/product\/single-lamp-wiring-kit-lazer-utility_pr_69039\/"]}]},{"@type":"ImageObject","inLanguage":"sv-SE","@id":"https:\/\/com.rst-steel.eu\/product\/single-lamp-wiring-kit-lazer-utility_pr_69039\/#primaryimage","url":"https:\/\/com.rst-steel.eu\/wp-content\/uploads\/2023\/02\/3f05f17f5f28073e7940076d55d81dc6bf4d02dd_8250_12v_sw.jpg","contentUrl":"https:\/\/com.rst-steel.eu\/wp-content\/uploads\/2023\/02\/3f05f17f5f28073e7940076d55d81dc6bf4d02dd_8250_12v_sw.jpg","width":1000,"height":750,"caption":"Single Lamp Wiring Kit Lazer Utility"},{"@type":"BreadcrumbList","@id":"https:\/\/com.rst-steel.eu\/product\/single-lamp-wiring-kit-lazer-utility_pr_69039\/#breadcrumb","itemListElement":[{"@type":"ListItem","position":1,"name":"Home","item":"https:\/\/com.rst-steel.eu\/"},{"@type":"ListItem","position":2,"name":"RST-Steel Shop","item":"https:\/\/com.rst-steel.eu\/shop\/"},{"@type":"ListItem","position":3,"name":"Single Lamp Wiring Kit Lazer Utility"}]},{"@type":"WebSite","@id":"https:\/\/com.rst-steel.eu\/#website","url":"https:\/\/com.rst-steel.eu\/","name":"RST-Stahl.com","description":"Finskt kvalitetsst\u00e5l, f\u00f6r kvalitetsmedvetna f\u00f6rare","publisher":{"@id":"https:\/\/com.rst-steel.eu\/#organization"},"alternateName":"Safe and stylish RST-Steel quality","potentialAction":[{"@type":"SearchAction","target":{"@type":"EntryPoint","urlTemplate":"https:\/\/com.rst-steel.eu\/?s={search_term_string}"},"query-input":{"@type":"PropertyValueSpecification","valueRequired":true,"valueName":"search_term_string"}}],"inLanguage":"sv-SE"},{"@type":"Organization","@id":"https:\/\/com.rst-steel.eu\/#organization","name":"RST-Steel Oy","url":"https:\/\/com.rst-steel.eu\/","logo":{"@type":"ImageObject","inLanguage":"sv-SE","@id":"https:\/\/com.rst-steel.eu\/#\/schema\/logo\/image\/","url":"https:\/\/com.rst-steel.eu\/wp-content\/uploads\/2023\/04\/cropped-Rst-logo-valkoinen-teksti-3.png","contentUrl":"https:\/\/com.rst-steel.eu\/wp-content\/uploads\/2023\/04\/cropped-Rst-logo-valkoinen-teksti-3.png","width":512,"height":115,"caption":"RST-Steel Oy"},"image":{"@id":"https:\/\/com.rst-steel.eu\/#\/schema\/logo\/image\/"},"sameAs":["https:\/\/www.facebook.com\/rststeel","https:\/\/www.instagram.com\/rststeeloy\/"]}]}},"brands":[{"id":8332,"name":"Lazer Lamps","slug":"brand_lazerlamps"}],"_links":{"self":[{"href":"https:\/\/com.rst-steel.eu\/sv\/wp-json\/wp\/v2\/product\/36826","targetHints":{"allow":["GET"]}}],"collection":[{"href":"https:\/\/com.rst-steel.eu\/sv\/wp-json\/wp\/v2\/product"}],"about":[{"href":"https:\/\/com.rst-steel.eu\/sv\/wp-json\/wp\/v2\/types\/product"}],"replies":[{"embeddable":true,"href":"https:\/\/com.rst-steel.eu\/sv\/wp-json\/wp\/v2\/comments?post=36826"}],"version-history":[{"count":0,"href":"https:\/\/com.rst-steel.eu\/sv\/wp-json\/wp\/v2\/product\/36826\/revisions"}],"wp:featuredmedia":[{"embeddable":true,"href":"https:\/\/com.rst-steel.eu\/sv\/wp-json\/wp\/v2\/media\/36824"}],"wp:attachment":[{"href":"https:\/\/com.rst-steel.eu\/sv\/wp-json\/wp\/v2\/media?parent=36826"}],"wp:term":[{"taxonomy":"make_fuel_type","embeddable":true,"href":"https:\/\/com.rst-steel.eu\/sv\/wp-json\/wp\/v2\/make_fuel_type?post=36826"},{"taxonomy":"make_model","embeddable":true,"href":"https:\/\/com.rst-steel.eu\/sv\/wp-json\/wp\/v2\/make_model?post=36826"},{"taxonomy":"make_brand","embeddable":true,"href":"https:\/\/com.rst-steel.eu\/sv\/wp-json\/wp\/v2\/make_brand?post=36826"},{"taxonomy":"make_year","embeddable":true,"href":"https:\/\/com.rst-steel.eu\/sv\/wp-json\/wp\/v2\/make_year?post=36826"},{"taxonomy":"pwb-brand","embeddable":true,"href":"https:\/\/com.rst-steel.eu\/sv\/wp-json\/wp\/v2\/pwb-brand?post=36826"},{"taxonomy":"product_brand","embeddable":true,"href":"https:\/\/com.rst-steel.eu\/sv\/wp-json\/wp\/v2\/product_brand?post=36826"},{"taxonomy":"product_cat","embeddable":true,"href":"https:\/\/com.rst-steel.eu\/sv\/wp-json\/wp\/v2\/product_cat?post=36826"},{"taxonomy":"product_tag","embeddable":true,"href":"https:\/\/com.rst-steel.eu\/sv\/wp-json\/wp\/v2\/product_tag?post=36826"}],"curies":[{"name":"wp","href":"https:\/\/api.w.org\/{rel}","templated":true}]}}