{"id":36820,"date":"2023-02-14T09:08:23","date_gmt":"2023-02-14T06:08:23","guid":{"rendered":"https:\/\/rst-steel.fi-c.seravo.com\/product\/lazer-utility-45-work-lamp-with-slimline-mount_pr_69037\/"},"modified":"2026-03-16T09:21:27","modified_gmt":"2026-03-16T06:21:27","slug":"lazer-utility-45-gen2-slimline_pr_69037","status":"publish","type":"product","link":"https:\/\/com.rst-steel.eu\/sv\/produkt\/lazer-utility-45-gen2-slimline_pr_69037\/","title":{"rendered":"Arbetsljus Lazer Utility-45 Gen2, Slimline"},"content":{"rendered":"<p>Utility-45 \u00e4r en kraftig arbetslampa som uppgraderades 2018 f\u00f6r att ge \u00e4nnu b\u00e4ttre synlighet, med h\u00f6gre intensitet och f\u00f6rb\u00e4ttrad ljusspridning, vilket ger s\u00e4krare och mer produktiva arbetsmilj\u00f6er. 50 lux-gr\u00e4nsen, som definieras av HSE som den effektiva belysningsniv\u00e5n vid arbete utomhus p\u00e5 natten, uppn\u00e5s p\u00e5 16 m avst\u00e5nd med en ljusspridning p\u00e5 10 m (monterad p\u00e5 3 m avst\u00e5nd med 20 graders ned\u00e5tvinkel). I kombination med designfunktioner som maximerar funktionalitet och tillf\u00f6rlitlighet \u00e4r detta en produkt som man kan lita p\u00e5 levererar exceptionell prestanda, g\u00e5ng efter g\u00e5ng, oavsett applikation.<\/p>\n<p><\/p>\n<p>St\u00e4ndiga f\u00f6rb\u00e4ttringar och anv\u00e4ndning av den senaste och mest effektiva LED-tekniken g\u00f6r att Utility-serien skiljer sig fr\u00e5n andra arbetslampor. 4 LED-lampor med h\u00f6g densitet ger 4 560 r\u00e5a lumen som utnyttjas genom ultrareflekterande, vakuummetalliserad optik som utformats och konstruerats i Storbritannien med hj\u00e4lp av avancerad CAD-design och programvara f\u00f6r ljussimulering. Resultatet - mer ljus f\u00f6rdelat \u00f6ver en st\u00f6rre yta, och med LED-lamporna noggrant utvalda f\u00f6r sin f\u00e4rgtemperatur, som har visat sig maximera definitionen samtidigt som den minskar tr\u00f6tthet och p\u00e5frestningar som kan uppst\u00e5 vid anv\u00e4ndning av h\u00f6gre f\u00e4rgomr\u00e5den.<\/p>\n<p><\/p>\n<p>Den konstant h\u00f6ga ljusniv\u00e5n uppr\u00e4tth\u00e5lls genom ett innovativt CAE-optimerat \"Matrix\"-kylsystem; den \u00f6kade ytarean s\u00e4kerst\u00e4ller att v\u00e4rme som genereras under drift av lampan leds bort fr\u00e5n enheten p\u00e5 ett mer effektivt s\u00e4tt. Den h\u00e4r processen g\u00f6r att ljusfl\u00f6det kan maximeras under l\u00e4ngre tid, samtidigt som Electronic Thermal Management-systemet optimerar ljusfl\u00f6det med h\u00e4nsyn till lampans milj\u00f6- och v\u00e4rmef\u00f6rh\u00e5llanden.<\/p>\n<p><\/p>\n<p>Produktfunktioner<\/p>\n<p><\/p>\n<p>UNECE-godk\u00e4nd arbetsbelysning (Reg 10)<\/p>\n<p>H\u00f6g densitet, premium \"bin\"-lysdioder<\/p>\n<p>Avancerad optisk design ger \u00f6verl\u00e4gsen ljusprestanda<\/p>\n<p>CAE-optimerat \"Matrix\"-kylsystem ger f\u00f6rb\u00e4ttrad termisk dynamik<\/p>\n<p>Elektroniskt v\u00e4rmehanteringssystem optimerar ljusfl\u00f6det f\u00f6r att bevara LED-lampornas livsl\u00e4ngd<\/p>\n<p>Anodiserad f\u00f6rbehandling och pulverlackering av fordonskvalitet f\u00f6r ultimat korrosions- och kemikalieskydd<\/p>\n<p>EMC-skyddad - CISPR 25: 2008 (klass 3)<\/p>\n<p>Skyddad mot \u00f6versp\u00e4nning<\/p>\n<p>Skyddad mot omv\u00e4nd polaritet<\/p>\n<p>ADR-kompatibla versioner tillg\u00e4ngliga (omfattar inte anslutningar p\u00e5 fordonssidan)<\/p>\n<p>Quad Core Dampening System (tillval) skyddar mot vibrationer (endast kompatibel med Wide Mount)<\/p>\n<p>\"Okrossbar\" lins av polykarbonat med h\u00e5rdlackerad yta<\/p>\n<p>IP67 vattent\u00e4t<\/p>\n<p>5 \u00e5rs garanti*<\/p>\n<p>Levereras med f\u00f6rkontakterade 2-poliga Deutsch-kontakter, hane\/female<\/p>\n<p>Designad och tillverkad i Storbritannien<\/p>\n<p><\/p>\n<p>* - 5 \u00e5rs garanti g\u00e4ller f\u00f6r bilar och kommersiella flottor, f\u00f6r alla andra anv\u00e4ndningsomr\u00e5den g\u00e4ller en garantiperiod p\u00e5 2 \u00e5r.<\/p>\n<p><\/p>\n<p><\/p>\n<p>Tekniska specifikationer<\/p>\n<p><\/p>\n<p>Sp\u00e4nningsintervall (DC)<span>\t<\/span>10-32V<\/p>\n<p>LED Livsl\u00e4ngd<span>\t<\/span>50.000 timmar<\/p>\n<p>F\u00e4rgtemperatur<span>\t<\/span>5.000 Kelvin<\/p>\n<p>Vikt<span>\t<\/span>1260 gr<\/p>\n<p><\/p>\n<p><\/p>\n<p>HELLJUSFUNKTION<span>\t<\/span>&nbsp;<\/p>\n<p><\/p>\n<p>Totalt ljusfl\u00f6de<span>\t<\/span>4560 Lm<\/p>\n<p>F\u00e4rgtemperatur<span>\t<\/span>5000K<\/p>\n<p>Antal lysdioder med h\u00f6g utg\u00e5ngseffekt<span>\t<\/span>4<\/p>\n<p>Str\u00f6mf\u00f6rbrukning<span>\t<\/span>45 watt<\/p>\n<p>Str\u00f6muttag (vid 14,4 V)<span>\t<\/span>3,1 Ampere<\/p>\n<p><\/p>\n<p><\/p>\n<p>CERTIFIERING<span>\t<\/span>&nbsp;<\/p>\n<p><\/p>\n<p>Arbetslampa <span>\t<\/span>ECE R10&nbsp;<\/p>\n<p>IP-klassning<span>\t<\/span>IP69K&nbsp;<\/p>\n<p>Saltspraytest<span>\t<\/span>ISO 9227 (1000H)<\/p>\n<p>EMC-skydd<span>\t<\/span>CISPR-25 (klass 3)<\/p>\n<p><\/p>\n<p><\/p>\n<p>DRIFTF\u00d6RH\u00c5LLANDEN<span>\t<\/span>&nbsp;<\/p>\n<p><\/p>\n<p>Chock<span>\t<\/span>TBC<\/p>\n<p>Vibration (BS EN 60068-2-64)<span>\t<\/span>10Hz &gt; 1000Hz, 0,14&gt;20 (m\/s\u00b2)\u00b2\/Hz<\/p>\n<p>Driftstemperatur<span>\t<\/span>-40 grader C ... +90 grader C&nbsp;<\/p>\n<p><\/p>\n<p><\/p>\n<p>DIMENSIONER<span>\t<\/span>&nbsp;<\/p>\n<p><\/p>\n<p>Bredd<span>\t<\/span>110 mm<\/p>\n<p>Djup<span>\t<\/span>85 mm<\/p>\n<p>H\u00f6jd<span>\t<\/span>108 mm<\/p>\n<p><\/p>\n<p><\/p>\n<p>FOTOMETRISKA DATA<span>\t<\/span>&nbsp;<\/p>\n<p><\/p>\n<p>1Lx Linje @<span>\t<\/span>69m<\/p>\n<p>5Lx Linje @<span>\t<\/span>41m<\/p>\n<p>20Lx Linje @<span>\t<\/span>23m<\/p>\n<p>50Lx Linje @ <span>\t<\/span>16m*<\/p>\n<p>* - 50Lx motsvarar HSE:s riktlinjer f\u00f6r effektiv belysning vid arbete utomhus p\u00e5 natten.<\/p>\n<p><\/p>\n<p><\/p>\n<p>Vad ing\u00e5r?<\/p>\n<p><\/p>\n<p>Utility-45 arbetslampa<\/p>\n<p>1x Slim Mount (medf\u00f6ljer f\u00e4st p\u00e5 lampan)<\/p>","protected":false},"excerpt":{"rendered":"<p>\u00c4nnu b\u00e4ttre synlighet, med h\u00f6gre intensitet och f\u00f6rb\u00e4ttrad ljusspridning, vilket ger s\u00e4krare och mer produktiva arbetsmilj\u00f6er.<\/p>","protected":false},"featured_media":36815,"comment_status":"open","ping_status":"closed","template":"","meta":{"_improvement_type_select":"improve_an_existing","_thumb_yes_seoaic":false,"_frame_yes_seoaic":false,"seoaic_generate_description":"","seoaic_improve_instructions_prompt":"","seoaic_rollback_content_improvement":"","seoaic_idea_thumbnail_generator":"","thumbnail_generated":false,"thumbnail_generate_prompt":"","seoaic_article_description":""},"make_fuel_type":[],"make_model":[],"make_brand":[],"make_year":[3748,6373,6465],"pwb-brand":[8332],"product_brand":[],"product_cat":[6195,6218,6219],"product_tag":[6298,6361],"class_list":{"0":"post-36820","1":"product","2":"type-product","3":"status-publish","4":"has-post-thumbnail","6":"make_year-trucks","7":"make_year-van","8":"make_year-workmachines","9":"pwb-brand-brand_lazerlamps","10":"product_cat-lamps","11":"product_cat-work-lights","12":"product_cat-lazer-lamps-work-lights","13":"product_tag-lazer-lamps","14":"product_tag-utility-series","16":"first","17":"instock","18":"taxable","19":"shipping-taxable","20":"purchasable","21":"product-type-simple"},"yoast_head":"<!-- This site is optimized with the Yoast SEO plugin v25.7 - https:\/\/yoast.com\/wordpress\/plugins\/seo\/ -->\n<title>Lazer Utility-45 Gen2, Slimline - RST-Steel<\/title>\n<meta name=\"description\" content=\"Enhance visibility with the Lazer Utility-45 Gen2 Slimline. Its sleek design and powerful illumination provide reliable performance in all conditions.\" \/>\n<meta name=\"robots\" content=\"index, follow, max-snippet:-1, max-image-preview:large, max-video-preview:-1\" \/>\n<link rel=\"canonical\" href=\"https:\/\/com.rst-steel.eu\/sv\/produkt\/lazer-utility-45-gen2-slimline_pr_69037\/\" \/>\n<meta property=\"og:locale\" content=\"sv_SE\" \/>\n<meta property=\"og:type\" content=\"article\" \/>\n<meta property=\"og:title\" content=\"Lazer Utility-45 Gen2, Slimline - RST-Steel\" \/>\n<meta property=\"og:description\" content=\"Enhance visibility with the Lazer Utility-45 Gen2 Slimline. Its sleek design and powerful illumination provide reliable performance in all conditions.\" \/>\n<meta property=\"og:url\" content=\"https:\/\/com.rst-steel.eu\/sv\/produkt\/lazer-utility-45-gen2-slimline_pr_69037\/\" \/>\n<meta property=\"og:site_name\" content=\"RST-Steel\" \/>\n<meta property=\"article:publisher\" content=\"https:\/\/www.facebook.com\/rststeel\" \/>\n<meta property=\"article:modified_time\" content=\"2026-03-16T06:21:27+00:00\" \/>\n<meta property=\"og:image\" content=\"https:\/\/com.rst-steel.eu\/wp-content\/uploads\/2023\/02\/4b06b9db8d178cfa659eb314d04ac85c34bbaf7b_Utility_Gen2_Straight_Slimline_Mount_Web_with_Icons.jpg\" \/>\n\t<meta property=\"og:image:width\" content=\"1000\" \/>\n\t<meta property=\"og:image:height\" content=\"750\" \/>\n\t<meta property=\"og:image:type\" content=\"image\/jpeg\" \/>\n<meta name=\"twitter:card\" content=\"summary_large_image\" \/>\n<meta name=\"twitter:label1\" content=\"Ber\u00e4knad l\u00e4stid\" \/>\n\t<meta name=\"twitter:data1\" content=\"3 minuter\" \/>\n<script type=\"application\/ld+json\" class=\"yoast-schema-graph\">{\"@context\":\"https:\/\/schema.org\",\"@graph\":[{\"@type\":\"WebPage\",\"@id\":\"https:\/\/com.rst-steel.eu\/nb\/produkt\/lazer-utility-45-gen2-slimline_pr_69037\/\",\"url\":\"https:\/\/com.rst-steel.eu\/nb\/produkt\/lazer-utility-45-gen2-slimline_pr_69037\/\",\"name\":\"Lazer Utility-45 Gen2, Slimline - RST-Steel\",\"isPartOf\":{\"@id\":\"https:\/\/com.rst-steel.eu\/#website\"},\"primaryImageOfPage\":{\"@id\":\"https:\/\/com.rst-steel.eu\/nb\/produkt\/lazer-utility-45-gen2-slimline_pr_69037\/#primaryimage\"},\"image\":{\"@id\":\"https:\/\/com.rst-steel.eu\/nb\/produkt\/lazer-utility-45-gen2-slimline_pr_69037\/#primaryimage\"},\"thumbnailUrl\":\"https:\/\/com.rst-steel.eu\/wp-content\/uploads\/2023\/02\/4b06b9db8d178cfa659eb314d04ac85c34bbaf7b_Utility_Gen2_Straight_Slimline_Mount_Web_with_Icons.jpg\",\"datePublished\":\"2023-02-14T06:08:23+00:00\",\"dateModified\":\"2026-03-16T06:21:27+00:00\",\"description\":\"Enhance visibility with the Lazer Utility-45 Gen2 Slimline. Its sleek design and powerful illumination provide reliable performance in all conditions.\",\"breadcrumb\":{\"@id\":\"https:\/\/com.rst-steel.eu\/nb\/produkt\/lazer-utility-45-gen2-slimline_pr_69037\/#breadcrumb\"},\"inLanguage\":\"sv-SE\",\"potentialAction\":[{\"@type\":\"ReadAction\",\"target\":[\"https:\/\/com.rst-steel.eu\/nb\/produkt\/lazer-utility-45-gen2-slimline_pr_69037\/\"]}]},{\"@type\":\"ImageObject\",\"inLanguage\":\"sv-SE\",\"@id\":\"https:\/\/com.rst-steel.eu\/nb\/produkt\/lazer-utility-45-gen2-slimline_pr_69037\/#primaryimage\",\"url\":\"https:\/\/com.rst-steel.eu\/wp-content\/uploads\/2023\/02\/4b06b9db8d178cfa659eb314d04ac85c34bbaf7b_Utility_Gen2_Straight_Slimline_Mount_Web_with_Icons.jpg\",\"contentUrl\":\"https:\/\/com.rst-steel.eu\/wp-content\/uploads\/2023\/02\/4b06b9db8d178cfa659eb314d04ac85c34bbaf7b_Utility_Gen2_Straight_Slimline_Mount_Web_with_Icons.jpg\",\"width\":1000,\"height\":750,\"caption\":\"Lazer Utility-45 Gen2, Slimline\"},{\"@type\":\"BreadcrumbList\",\"@id\":\"https:\/\/com.rst-steel.eu\/nb\/produkt\/lazer-utility-45-gen2-slimline_pr_69037\/#breadcrumb\",\"itemListElement\":[{\"@type\":\"ListItem\",\"position\":1,\"name\":\"Home\",\"item\":\"https:\/\/com.rst-steel.eu\/\"},{\"@type\":\"ListItem\",\"position\":2,\"name\":\"RST-Steel Shop\",\"item\":\"https:\/\/com.rst-steel.eu\/shop\/\"},{\"@type\":\"ListItem\",\"position\":3,\"name\":\"Lazer Utility-45 Gen2, Slimline\"}]},{\"@type\":\"WebSite\",\"@id\":\"https:\/\/com.rst-steel.eu\/#website\",\"url\":\"https:\/\/com.rst-steel.eu\/\",\"name\":\"RST-Steel.com\",\"description\":\"Finnish quality steel, for quality-conscious drivers\",\"publisher\":{\"@id\":\"https:\/\/com.rst-steel.eu\/#organization\"},\"alternateName\":\"Safe and stylish RST-Steel quality\",\"potentialAction\":[{\"@type\":\"SearchAction\",\"target\":{\"@type\":\"EntryPoint\",\"urlTemplate\":\"https:\/\/com.rst-steel.eu\/?s={search_term_string}\"},\"query-input\":{\"@type\":\"PropertyValueSpecification\",\"valueRequired\":true,\"valueName\":\"search_term_string\"}}],\"inLanguage\":\"sv-SE\"},{\"@type\":\"Organization\",\"@id\":\"https:\/\/com.rst-steel.eu\/#organization\",\"name\":\"RST-Steel Oy\",\"url\":\"https:\/\/com.rst-steel.eu\/\",\"logo\":{\"@type\":\"ImageObject\",\"inLanguage\":\"sv-SE\",\"@id\":\"https:\/\/com.rst-steel.eu\/#\/schema\/logo\/image\/\",\"url\":\"https:\/\/com.rst-steel.eu\/wp-content\/uploads\/2023\/04\/cropped-Rst-logo-valkoinen-teksti-3.png\",\"contentUrl\":\"https:\/\/com.rst-steel.eu\/wp-content\/uploads\/2023\/04\/cropped-Rst-logo-valkoinen-teksti-3.png\",\"width\":512,\"height\":115,\"caption\":\"RST-Steel Oy\"},\"image\":{\"@id\":\"https:\/\/com.rst-steel.eu\/#\/schema\/logo\/image\/\"},\"sameAs\":[\"https:\/\/www.facebook.com\/rststeel\",\"https:\/\/www.instagram.com\/rststeeloy\/\"]}]}<\/script>\n<!-- \/ Yoast SEO plugin. -->","yoast_head_json":{"title":"Lazer Utility-45 Gen2, Slimline - RST-Steel","description":"F\u00f6rb\u00e4ttra synligheten med Lazer Utility-45 Gen2 Slimline. Den eleganta designen och den kraftfulla belysningen ger tillf\u00f6rlitlig prestanda under alla f\u00f6rh\u00e5llanden.","robots":{"index":"index","follow":"follow","max-snippet":"max-snippet:-1","max-image-preview":"max-image-preview:large","max-video-preview":"max-video-preview:-1"},"canonical":"https:\/\/com.rst-steel.eu\/sv\/produkt\/lazer-utility-45-gen2-slimline_pr_69037\/","og_locale":"sv_SE","og_type":"article","og_title":"Lazer Utility-45 Gen2, Slimline - RST-Steel","og_description":"Enhance visibility with the Lazer Utility-45 Gen2 Slimline. Its sleek design and powerful illumination provide reliable performance in all conditions.","og_url":"https:\/\/com.rst-steel.eu\/sv\/produkt\/lazer-utility-45-gen2-slimline_pr_69037\/","og_site_name":"RST-Steel","article_publisher":"https:\/\/www.facebook.com\/rststeel","article_modified_time":"2026-03-16T06:21:27+00:00","og_image":[{"width":1000,"height":750,"url":"https:\/\/com.rst-steel.eu\/wp-content\/uploads\/2023\/02\/4b06b9db8d178cfa659eb314d04ac85c34bbaf7b_Utility_Gen2_Straight_Slimline_Mount_Web_with_Icons.jpg","type":"image\/jpeg"}],"twitter_card":"summary_large_image","twitter_misc":{"Ber\u00e4knad l\u00e4stid":"3 minuter"},"schema":{"@context":"https:\/\/schema.org","@graph":[{"@type":"WebPage","@id":"https:\/\/com.rst-steel.eu\/nb\/produkt\/lazer-utility-45-gen2-slimline_pr_69037\/","url":"https:\/\/com.rst-steel.eu\/nb\/produkt\/lazer-utility-45-gen2-slimline_pr_69037\/","name":"Lazer Utility-45 Gen2, Slimline - RST-Steel","isPartOf":{"@id":"https:\/\/com.rst-steel.eu\/#website"},"primaryImageOfPage":{"@id":"https:\/\/com.rst-steel.eu\/nb\/produkt\/lazer-utility-45-gen2-slimline_pr_69037\/#primaryimage"},"image":{"@id":"https:\/\/com.rst-steel.eu\/nb\/produkt\/lazer-utility-45-gen2-slimline_pr_69037\/#primaryimage"},"thumbnailUrl":"https:\/\/com.rst-steel.eu\/wp-content\/uploads\/2023\/02\/4b06b9db8d178cfa659eb314d04ac85c34bbaf7b_Utility_Gen2_Straight_Slimline_Mount_Web_with_Icons.jpg","datePublished":"2023-02-14T06:08:23+00:00","dateModified":"2026-03-16T06:21:27+00:00","description":"F\u00f6rb\u00e4ttra synligheten med Lazer Utility-45 Gen2 Slimline. Den eleganta designen och den kraftfulla belysningen ger tillf\u00f6rlitlig prestanda under alla f\u00f6rh\u00e5llanden.","breadcrumb":{"@id":"https:\/\/com.rst-steel.eu\/nb\/produkt\/lazer-utility-45-gen2-slimline_pr_69037\/#breadcrumb"},"inLanguage":"sv-SE","potentialAction":[{"@type":"ReadAction","target":["https:\/\/com.rst-steel.eu\/nb\/produkt\/lazer-utility-45-gen2-slimline_pr_69037\/"]}]},{"@type":"ImageObject","inLanguage":"sv-SE","@id":"https:\/\/com.rst-steel.eu\/nb\/produkt\/lazer-utility-45-gen2-slimline_pr_69037\/#primaryimage","url":"https:\/\/com.rst-steel.eu\/wp-content\/uploads\/2023\/02\/4b06b9db8d178cfa659eb314d04ac85c34bbaf7b_Utility_Gen2_Straight_Slimline_Mount_Web_with_Icons.jpg","contentUrl":"https:\/\/com.rst-steel.eu\/wp-content\/uploads\/2023\/02\/4b06b9db8d178cfa659eb314d04ac85c34bbaf7b_Utility_Gen2_Straight_Slimline_Mount_Web_with_Icons.jpg","width":1000,"height":750,"caption":"Lazer Utility-45 Gen2, Slimline"},{"@type":"BreadcrumbList","@id":"https:\/\/com.rst-steel.eu\/nb\/produkt\/lazer-utility-45-gen2-slimline_pr_69037\/#breadcrumb","itemListElement":[{"@type":"ListItem","position":1,"name":"Home","item":"https:\/\/com.rst-steel.eu\/"},{"@type":"ListItem","position":2,"name":"RST-Steel Shop","item":"https:\/\/com.rst-steel.eu\/shop\/"},{"@type":"ListItem","position":3,"name":"Lazer Utility-45 Gen2, Slimline"}]},{"@type":"WebSite","@id":"https:\/\/com.rst-steel.eu\/#website","url":"https:\/\/com.rst-steel.eu\/","name":"RST-Stahl.com","description":"Finskt kvalitetsst\u00e5l, f\u00f6r kvalitetsmedvetna f\u00f6rare","publisher":{"@id":"https:\/\/com.rst-steel.eu\/#organization"},"alternateName":"Safe and stylish RST-Steel quality","potentialAction":[{"@type":"SearchAction","target":{"@type":"EntryPoint","urlTemplate":"https:\/\/com.rst-steel.eu\/?s={search_term_string}"},"query-input":{"@type":"PropertyValueSpecification","valueRequired":true,"valueName":"search_term_string"}}],"inLanguage":"sv-SE"},{"@type":"Organization","@id":"https:\/\/com.rst-steel.eu\/#organization","name":"RST-Steel Oy","url":"https:\/\/com.rst-steel.eu\/","logo":{"@type":"ImageObject","inLanguage":"sv-SE","@id":"https:\/\/com.rst-steel.eu\/#\/schema\/logo\/image\/","url":"https:\/\/com.rst-steel.eu\/wp-content\/uploads\/2023\/04\/cropped-Rst-logo-valkoinen-teksti-3.png","contentUrl":"https:\/\/com.rst-steel.eu\/wp-content\/uploads\/2023\/04\/cropped-Rst-logo-valkoinen-teksti-3.png","width":512,"height":115,"caption":"RST-Steel Oy"},"image":{"@id":"https:\/\/com.rst-steel.eu\/#\/schema\/logo\/image\/"},"sameAs":["https:\/\/www.facebook.com\/rststeel","https:\/\/www.instagram.com\/rststeeloy\/"]}]}},"brands":[{"id":8332,"name":"Lazer Lamps","slug":"brand_lazerlamps"}],"_links":{"self":[{"href":"https:\/\/com.rst-steel.eu\/sv\/wp-json\/wp\/v2\/product\/36820","targetHints":{"allow":["GET"]}}],"collection":[{"href":"https:\/\/com.rst-steel.eu\/sv\/wp-json\/wp\/v2\/product"}],"about":[{"href":"https:\/\/com.rst-steel.eu\/sv\/wp-json\/wp\/v2\/types\/product"}],"replies":[{"embeddable":true,"href":"https:\/\/com.rst-steel.eu\/sv\/wp-json\/wp\/v2\/comments?post=36820"}],"version-history":[{"count":0,"href":"https:\/\/com.rst-steel.eu\/sv\/wp-json\/wp\/v2\/product\/36820\/revisions"}],"wp:featuredmedia":[{"embeddable":true,"href":"https:\/\/com.rst-steel.eu\/sv\/wp-json\/wp\/v2\/media\/36815"}],"wp:attachment":[{"href":"https:\/\/com.rst-steel.eu\/sv\/wp-json\/wp\/v2\/media?parent=36820"}],"wp:term":[{"taxonomy":"make_fuel_type","embeddable":true,"href":"https:\/\/com.rst-steel.eu\/sv\/wp-json\/wp\/v2\/make_fuel_type?post=36820"},{"taxonomy":"make_model","embeddable":true,"href":"https:\/\/com.rst-steel.eu\/sv\/wp-json\/wp\/v2\/make_model?post=36820"},{"taxonomy":"make_brand","embeddable":true,"href":"https:\/\/com.rst-steel.eu\/sv\/wp-json\/wp\/v2\/make_brand?post=36820"},{"taxonomy":"make_year","embeddable":true,"href":"https:\/\/com.rst-steel.eu\/sv\/wp-json\/wp\/v2\/make_year?post=36820"},{"taxonomy":"pwb-brand","embeddable":true,"href":"https:\/\/com.rst-steel.eu\/sv\/wp-json\/wp\/v2\/pwb-brand?post=36820"},{"taxonomy":"product_brand","embeddable":true,"href":"https:\/\/com.rst-steel.eu\/sv\/wp-json\/wp\/v2\/product_brand?post=36820"},{"taxonomy":"product_cat","embeddable":true,"href":"https:\/\/com.rst-steel.eu\/sv\/wp-json\/wp\/v2\/product_cat?post=36820"},{"taxonomy":"product_tag","embeddable":true,"href":"https:\/\/com.rst-steel.eu\/sv\/wp-json\/wp\/v2\/product_tag?post=36820"}],"curies":[{"name":"wp","href":"https:\/\/api.w.org\/{rel}","templated":true}]}}