{"id":36800,"date":"2023-02-14T09:08:02","date_gmt":"2023-02-14T06:08:02","guid":{"rendered":"https:\/\/rst-steel.fi-c.seravo.com\/product\/lazer-linear-24-flood-_pr_69036\/"},"modified":"2026-03-16T09:21:27","modified_gmt":"2026-03-16T06:21:27","slug":"lazer-linjar-24-oversvamning-_pr_69036","status":"publish","type":"product","link":"https:\/\/com.rst-steel.eu\/sv\/produkt\/lazer-linjar-24-oversvamning-_pr_69036\/","title":{"rendered":"Arbetsljus Lazer Linear 24 Flood"},"content":{"rendered":"<p><strong>Arbetsljus Lazer Linear 24 Flood<\/strong><\/p>\n<ul>\n<li><\/li>\n<\/ul>\n<p>Linear-24 Flood \u00e4r designad och konstruerad specifikt f\u00f6r industrisektorn och utmanar konventionella l\u00f6sningar f\u00f6r arbetsbelysning genom att erbjuda enast\u00e5ende ljusprestanda optimerad f\u00f6r tunga maskiner. Precis som alla Lazer-produkter som tillverkas i Storbritannien har lampan enast\u00e5ende h\u00e5llbarhet och tillf\u00f6rlitlighet, \u00e4ven i de tuffaste milj\u00f6erna, samt h\u00f6g drifts\u00e4kerhet.<\/p>\n<ul>\n<li><\/li>\n<\/ul>\n<p>Linear-24 Flood har samma h\u00f6gpresterande LED-arrangemang som finns i v\u00e5rt Linear Elite-sortiment och ger 16.200 r\u00e5a lumen, vilket i kombination med en skr\u00e4ddarsydd montering av ultrareflekterande, vakuummetalliserad optik ger en \"zonbelysning\" som \u00e4r perfekt anpassad till arbetshytterna, oavsett om det g\u00e4ller gruvdrift eller byggnation, skogsbruk eller jordbruk. \u00c5 ena sidan ger den h\u00f6gintensiva belysningen en helt o\u00f6vertr\u00e4ffad belysningsniv\u00e5 i det omedelbara omr\u00e5det framf\u00f6r hytten, medan l\u00e4ngden p\u00e5 sj\u00e4lva ljusrampen m\u00f6jligg\u00f6r en spridning av ljuset \u00e5t sidorna, vilket ger en s\u00e4krare och mer produktiv arbetsmilj\u00f6. Ljusets f\u00e4rgtemperatur p\u00e5 5000 kelvin har ocks\u00e5 visat sig f\u00f6rb\u00e4ttra sk\u00e4rpan och definitionen av den omedelbara omgivningen, samtidigt som den \u00e4r bekv\u00e4m att arbeta med under l\u00e4ngre tidsperioder.<\/p>\n<ul>\n<li><\/li>\n<\/ul>\n<p><strong>Produktfunktioner<\/strong><\/p>\n<ul>\n<li>Utnyttjar den senaste, h\u00f6geffektiva LED-tekniken.<\/li>\n<li>Anpassat arrangemang av vakuummetalliserad optik ger \"zonal\" belysning.<\/li>\n<li>Ljusfl\u00f6det \u00e4r optimerat f\u00f6r exceptionella belysningsniv\u00e5er i den omedelbara arbetsmilj\u00f6n (&lt;20 m).<\/li>\n<li>Levereras med sidomonteringsf\u00e4sten i rostfritt st\u00e5l.<\/li>\n<li>Elektronisk v\u00e4rmehantering<\/li>\n<li>\"Okrossbar\" lins av polykarbonat<\/li>\n<li>IP67 vattent\u00e4t<\/li>\n<li>2 \u00e5rs garanti (5 \u00e5r f\u00f6r applikationer inom fordonsflottor\/kommersiella flottor)<\/li>\n<li>Levereras med 2-poliga Deutsch-kontakter, hane\/female<\/li>\n<li>Designad och tillverkad i Storbritannien<\/li>\n<li><\/li>\n<\/ul>\n<p><strong>Tekniska specifikationer\u00a0<\/strong><\/p>\n<ul>\n<li>Sp\u00e4nningsintervall (DC): 10-32V<\/li>\n<li>LED-livsl\u00e4ngd: 50.000 timmar<\/li>\n<li>F\u00e4rgtemperatur: 5.000 Kelvin<\/li>\n<li>Vikt: 1500 gr<\/li>\n<li><\/li>\n<\/ul>\n<p><strong>HELLJUSFUNKTION<\/strong><\/p>\n<ul>\n<li>Totalt ljusfl\u00f6de: 16200 Lm<\/li>\n<li>Totalt f\u00f6rarfl\u00f6de (FOV): 11534 Lm<\/li>\n<li>F\u00e4rgtemperatur: 5000K<\/li>\n<li>Antal lysdioder med h\u00f6g effekt: 48<\/li>\n<li>Str\u00f6mf\u00f6rbrukning: 168 watt<\/li>\n<li>Str\u00f6muttag (vid 14,4 V): 11,7 ampere<\/li>\n<li><\/li>\n<\/ul>\n<p><strong>CERTIFIERING \u00a0<\/strong><\/p>\n<ul>\n<li>Arbetslampa: ECE R10<\/li>\n<li>IP-klassning: IP67 \/ IP69K<\/li>\n<li>Saltspraytest: ISO 9227 (250H)<\/li>\n<li>EMC skydd: CISPR-25: 2008 (Klass 3)<\/li>\n<li><\/li>\n<\/ul>\n<p><strong>DRIFTF\u00d6RH\u00c5LLANDEN \u00a0<\/strong><\/p>\n<ul>\n<li>Chock: TBC<\/li>\n<li>Vibration (BS EN 60068) : 10Hz-2000Hz, 10gn<\/li>\n<li>Drifttemperatur: -40deg C ... +90degC<\/li>\n<li><\/li>\n<\/ul>\n<p><strong>DIMENSIONER \u00a0<\/strong><\/p>\n<ul>\n<li>Bredd 682 mm<\/li>\n<li>Djup 62 mm<\/li>\n<li>H\u00f6jd 40 mm<\/li>\n<li><\/li>\n<\/ul>\n<p><strong>FOTOMETRISKA DATA \u00a0<\/strong><\/p>\n<ul>\n<li>1Lx Linje @ 44m<\/li>\n<li>5Lx Linje @ 33m<\/li>\n<li>20Lx Linje @ 23m<\/li>\n<li>50Lx linje @ 18m*<\/li>\n<li><\/li>\n<\/ul>\n<p><strong>Vad ing\u00e5r?\u00a0<\/strong><\/p>\n<ul>\n<li>Linear 24 \u00d6versv\u00e4mning<\/li>\n<li>Sidof\u00e4ste f\u00f6r st\u00f6ldskydd<\/li>\n<\/ul>","protected":false},"excerpt":{"rendered":"<p>Utformad och konstruerad speciellt f\u00f6r industrisektorer<\/p>","protected":false},"featured_media":36795,"comment_status":"open","ping_status":"closed","template":"","meta":{"_improvement_type_select":"improve_an_existing","_thumb_yes_seoaic":false,"_frame_yes_seoaic":false,"seoaic_generate_description":"","seoaic_improve_instructions_prompt":"","seoaic_rollback_content_improvement":"","seoaic_idea_thumbnail_generator":"","thumbnail_generated":false,"thumbnail_generate_prompt":"","seoaic_article_description":""},"make_fuel_type":[],"make_model":[],"make_brand":[],"make_year":[],"pwb-brand":[8332],"product_brand":[],"product_cat":[6195,6218,6219],"product_tag":[6298,6361],"class_list":{"0":"post-36800","1":"product","2":"type-product","3":"status-publish","4":"has-post-thumbnail","6":"pwb-brand-brand_lazerlamps","7":"product_cat-lamps","8":"product_cat-work-lights","9":"product_cat-lazer-lamps-work-lights","10":"product_tag-lazer-lamps","11":"product_tag-utility-series","13":"first","14":"instock","15":"taxable","16":"shipping-taxable","17":"purchasable","18":"product-type-simple"},"yoast_head":"<!-- This site is optimized with the Yoast SEO plugin v25.7 - https:\/\/yoast.com\/wordpress\/plugins\/seo\/ -->\n<title>Lazer Linear 24 Flood - RST-Steel<\/title>\n<meta name=\"description\" content=\"The Lazer Linear 24 Flood light offers high-performance LED illumination, delivering exceptional brightness and durability, perfect for enhancing visibility in all terrains.\" \/>\n<meta name=\"robots\" content=\"index, follow, max-snippet:-1, max-image-preview:large, max-video-preview:-1\" \/>\n<link rel=\"canonical\" href=\"https:\/\/com.rst-steel.eu\/sv\/produkt\/lazer-linjar-24-oversvamning-_pr_69036\/\" \/>\n<meta property=\"og:locale\" content=\"sv_SE\" \/>\n<meta property=\"og:type\" content=\"article\" \/>\n<meta property=\"og:title\" content=\"Lazer Linear 24 Flood - RST-Steel\" \/>\n<meta property=\"og:description\" content=\"The Lazer Linear 24 Flood light offers high-performance LED illumination, delivering exceptional brightness and durability, perfect for enhancing visibility in all terrains.\" \/>\n<meta property=\"og:url\" content=\"https:\/\/com.rst-steel.eu\/sv\/produkt\/lazer-linjar-24-oversvamning-_pr_69036\/\" \/>\n<meta property=\"og:site_name\" content=\"RST-Steel\" \/>\n<meta property=\"article:publisher\" content=\"https:\/\/www.facebook.com\/rststeel\" \/>\n<meta property=\"article:modified_time\" content=\"2026-03-16T06:21:27+00:00\" \/>\n<meta property=\"og:image\" content=\"https:\/\/com.rst-steel.eu\/wp-content\/uploads\/2023\/02\/66d793af72e0bccef7e7ad7f9f81d0dec230a808_Linear_24_Flood_Straight_Web_Icons.jpg\" \/>\n\t<meta property=\"og:image:width\" content=\"1000\" \/>\n\t<meta property=\"og:image:height\" content=\"750\" \/>\n\t<meta property=\"og:image:type\" content=\"image\/jpeg\" \/>\n<meta name=\"twitter:card\" content=\"summary_large_image\" \/>\n<meta name=\"twitter:label1\" content=\"Ber\u00e4knad l\u00e4stid\" \/>\n\t<meta name=\"twitter:data1\" content=\"2 minuter\" \/>\n<script type=\"application\/ld+json\" class=\"yoast-schema-graph\">{\"@context\":\"https:\/\/schema.org\",\"@graph\":[{\"@type\":\"WebPage\",\"@id\":\"https:\/\/com.rst-steel.eu\/nb\/produkt\/lazer-lineaer-24-flom-_pr_69036\/\",\"url\":\"https:\/\/com.rst-steel.eu\/nb\/produkt\/lazer-lineaer-24-flom-_pr_69036\/\",\"name\":\"Lazer Linear 24 Flood - RST-Steel\",\"isPartOf\":{\"@id\":\"https:\/\/com.rst-steel.eu\/#website\"},\"primaryImageOfPage\":{\"@id\":\"https:\/\/com.rst-steel.eu\/nb\/produkt\/lazer-lineaer-24-flom-_pr_69036\/#primaryimage\"},\"image\":{\"@id\":\"https:\/\/com.rst-steel.eu\/nb\/produkt\/lazer-lineaer-24-flom-_pr_69036\/#primaryimage\"},\"thumbnailUrl\":\"https:\/\/com.rst-steel.eu\/wp-content\/uploads\/2023\/02\/66d793af72e0bccef7e7ad7f9f81d0dec230a808_Linear_24_Flood_Straight_Web_Icons.jpg\",\"datePublished\":\"2023-02-14T06:08:02+00:00\",\"dateModified\":\"2026-03-16T06:21:27+00:00\",\"description\":\"The Lazer Linear 24 Flood light offers high-performance LED illumination, delivering exceptional brightness and durability, perfect for enhancing visibility in all terrains.\",\"breadcrumb\":{\"@id\":\"https:\/\/com.rst-steel.eu\/nb\/produkt\/lazer-lineaer-24-flom-_pr_69036\/#breadcrumb\"},\"inLanguage\":\"sv-SE\",\"potentialAction\":[{\"@type\":\"ReadAction\",\"target\":[\"https:\/\/com.rst-steel.eu\/nb\/produkt\/lazer-lineaer-24-flom-_pr_69036\/\"]}]},{\"@type\":\"ImageObject\",\"inLanguage\":\"sv-SE\",\"@id\":\"https:\/\/com.rst-steel.eu\/nb\/produkt\/lazer-lineaer-24-flom-_pr_69036\/#primaryimage\",\"url\":\"https:\/\/com.rst-steel.eu\/wp-content\/uploads\/2023\/02\/66d793af72e0bccef7e7ad7f9f81d0dec230a808_Linear_24_Flood_Straight_Web_Icons.jpg\",\"contentUrl\":\"https:\/\/com.rst-steel.eu\/wp-content\/uploads\/2023\/02\/66d793af72e0bccef7e7ad7f9f81d0dec230a808_Linear_24_Flood_Straight_Web_Icons.jpg\",\"width\":1000,\"height\":750,\"caption\":\"Lazer Linear 24 Flood\"},{\"@type\":\"BreadcrumbList\",\"@id\":\"https:\/\/com.rst-steel.eu\/nb\/produkt\/lazer-lineaer-24-flom-_pr_69036\/#breadcrumb\",\"itemListElement\":[{\"@type\":\"ListItem\",\"position\":1,\"name\":\"Home\",\"item\":\"https:\/\/com.rst-steel.eu\/\"},{\"@type\":\"ListItem\",\"position\":2,\"name\":\"RST-Steel Shop\",\"item\":\"https:\/\/com.rst-steel.eu\/shop\/\"},{\"@type\":\"ListItem\",\"position\":3,\"name\":\"Lazer Linear 24 Flood\"}]},{\"@type\":\"WebSite\",\"@id\":\"https:\/\/com.rst-steel.eu\/#website\",\"url\":\"https:\/\/com.rst-steel.eu\/\",\"name\":\"RST-Steel.com\",\"description\":\"Finnish quality steel, for quality-conscious drivers\",\"publisher\":{\"@id\":\"https:\/\/com.rst-steel.eu\/#organization\"},\"alternateName\":\"Safe and stylish RST-Steel quality\",\"potentialAction\":[{\"@type\":\"SearchAction\",\"target\":{\"@type\":\"EntryPoint\",\"urlTemplate\":\"https:\/\/com.rst-steel.eu\/?s={search_term_string}\"},\"query-input\":{\"@type\":\"PropertyValueSpecification\",\"valueRequired\":true,\"valueName\":\"search_term_string\"}}],\"inLanguage\":\"sv-SE\"},{\"@type\":\"Organization\",\"@id\":\"https:\/\/com.rst-steel.eu\/#organization\",\"name\":\"RST-Steel Oy\",\"url\":\"https:\/\/com.rst-steel.eu\/\",\"logo\":{\"@type\":\"ImageObject\",\"inLanguage\":\"sv-SE\",\"@id\":\"https:\/\/com.rst-steel.eu\/#\/schema\/logo\/image\/\",\"url\":\"https:\/\/com.rst-steel.eu\/wp-content\/uploads\/2023\/04\/cropped-Rst-logo-valkoinen-teksti-3.png\",\"contentUrl\":\"https:\/\/com.rst-steel.eu\/wp-content\/uploads\/2023\/04\/cropped-Rst-logo-valkoinen-teksti-3.png\",\"width\":512,\"height\":115,\"caption\":\"RST-Steel Oy\"},\"image\":{\"@id\":\"https:\/\/com.rst-steel.eu\/#\/schema\/logo\/image\/\"},\"sameAs\":[\"https:\/\/www.facebook.com\/rststeel\",\"https:\/\/www.instagram.com\/rststeeloy\/\"]}]}<\/script>\n<!-- \/ Yoast SEO plugin. -->","yoast_head_json":{"title":"Lazer Linear 24 \u00d6versv\u00e4mning - RST-Steel","description":"Lazer Linear 24 Flood-lampan har h\u00f6gpresterande LED-belysning som ger exceptionell ljusstyrka och h\u00e5llbarhet, perfekt f\u00f6r att f\u00f6rb\u00e4ttra synligheten i alla typer av terr\u00e4ng.","robots":{"index":"index","follow":"follow","max-snippet":"max-snippet:-1","max-image-preview":"max-image-preview:large","max-video-preview":"max-video-preview:-1"},"canonical":"https:\/\/com.rst-steel.eu\/sv\/produkt\/lazer-linjar-24-oversvamning-_pr_69036\/","og_locale":"sv_SE","og_type":"article","og_title":"Lazer Linear 24 Flood - RST-Steel","og_description":"The Lazer Linear 24 Flood light offers high-performance LED illumination, delivering exceptional brightness and durability, perfect for enhancing visibility in all terrains.","og_url":"https:\/\/com.rst-steel.eu\/sv\/produkt\/lazer-linjar-24-oversvamning-_pr_69036\/","og_site_name":"RST-Steel","article_publisher":"https:\/\/www.facebook.com\/rststeel","article_modified_time":"2026-03-16T06:21:27+00:00","og_image":[{"width":1000,"height":750,"url":"https:\/\/com.rst-steel.eu\/wp-content\/uploads\/2023\/02\/66d793af72e0bccef7e7ad7f9f81d0dec230a808_Linear_24_Flood_Straight_Web_Icons.jpg","type":"image\/jpeg"}],"twitter_card":"summary_large_image","twitter_misc":{"Ber\u00e4knad l\u00e4stid":"2 minuter"},"schema":{"@context":"https:\/\/schema.org","@graph":[{"@type":"WebPage","@id":"https:\/\/com.rst-steel.eu\/nb\/produkt\/lazer-lineaer-24-flom-_pr_69036\/","url":"https:\/\/com.rst-steel.eu\/nb\/produkt\/lazer-lineaer-24-flom-_pr_69036\/","name":"Lazer Linear 24 \u00d6versv\u00e4mning - RST-Steel","isPartOf":{"@id":"https:\/\/com.rst-steel.eu\/#website"},"primaryImageOfPage":{"@id":"https:\/\/com.rst-steel.eu\/nb\/produkt\/lazer-lineaer-24-flom-_pr_69036\/#primaryimage"},"image":{"@id":"https:\/\/com.rst-steel.eu\/nb\/produkt\/lazer-lineaer-24-flom-_pr_69036\/#primaryimage"},"thumbnailUrl":"https:\/\/com.rst-steel.eu\/wp-content\/uploads\/2023\/02\/66d793af72e0bccef7e7ad7f9f81d0dec230a808_Linear_24_Flood_Straight_Web_Icons.jpg","datePublished":"2023-02-14T06:08:02+00:00","dateModified":"2026-03-16T06:21:27+00:00","description":"Lazer Linear 24 Flood-lampan har h\u00f6gpresterande LED-belysning som ger exceptionell ljusstyrka och h\u00e5llbarhet, perfekt f\u00f6r att f\u00f6rb\u00e4ttra synligheten i alla typer av terr\u00e4ng.","breadcrumb":{"@id":"https:\/\/com.rst-steel.eu\/nb\/produkt\/lazer-lineaer-24-flom-_pr_69036\/#breadcrumb"},"inLanguage":"sv-SE","potentialAction":[{"@type":"ReadAction","target":["https:\/\/com.rst-steel.eu\/nb\/produkt\/lazer-lineaer-24-flom-_pr_69036\/"]}]},{"@type":"ImageObject","inLanguage":"sv-SE","@id":"https:\/\/com.rst-steel.eu\/nb\/produkt\/lazer-lineaer-24-flom-_pr_69036\/#primaryimage","url":"https:\/\/com.rst-steel.eu\/wp-content\/uploads\/2023\/02\/66d793af72e0bccef7e7ad7f9f81d0dec230a808_Linear_24_Flood_Straight_Web_Icons.jpg","contentUrl":"https:\/\/com.rst-steel.eu\/wp-content\/uploads\/2023\/02\/66d793af72e0bccef7e7ad7f9f81d0dec230a808_Linear_24_Flood_Straight_Web_Icons.jpg","width":1000,"height":750,"caption":"Lazer Linear 24 Flood"},{"@type":"BreadcrumbList","@id":"https:\/\/com.rst-steel.eu\/nb\/produkt\/lazer-lineaer-24-flom-_pr_69036\/#breadcrumb","itemListElement":[{"@type":"ListItem","position":1,"name":"Home","item":"https:\/\/com.rst-steel.eu\/"},{"@type":"ListItem","position":2,"name":"RST-Steel Shop","item":"https:\/\/com.rst-steel.eu\/shop\/"},{"@type":"ListItem","position":3,"name":"Lazer Linear 24 Flood"}]},{"@type":"WebSite","@id":"https:\/\/com.rst-steel.eu\/#website","url":"https:\/\/com.rst-steel.eu\/","name":"RST-Stahl.com","description":"Finskt kvalitetsst\u00e5l, f\u00f6r kvalitetsmedvetna f\u00f6rare","publisher":{"@id":"https:\/\/com.rst-steel.eu\/#organization"},"alternateName":"Safe and stylish RST-Steel quality","potentialAction":[{"@type":"SearchAction","target":{"@type":"EntryPoint","urlTemplate":"https:\/\/com.rst-steel.eu\/?s={search_term_string}"},"query-input":{"@type":"PropertyValueSpecification","valueRequired":true,"valueName":"search_term_string"}}],"inLanguage":"sv-SE"},{"@type":"Organization","@id":"https:\/\/com.rst-steel.eu\/#organization","name":"RST-Steel Oy","url":"https:\/\/com.rst-steel.eu\/","logo":{"@type":"ImageObject","inLanguage":"sv-SE","@id":"https:\/\/com.rst-steel.eu\/#\/schema\/logo\/image\/","url":"https:\/\/com.rst-steel.eu\/wp-content\/uploads\/2023\/04\/cropped-Rst-logo-valkoinen-teksti-3.png","contentUrl":"https:\/\/com.rst-steel.eu\/wp-content\/uploads\/2023\/04\/cropped-Rst-logo-valkoinen-teksti-3.png","width":512,"height":115,"caption":"RST-Steel Oy"},"image":{"@id":"https:\/\/com.rst-steel.eu\/#\/schema\/logo\/image\/"},"sameAs":["https:\/\/www.facebook.com\/rststeel","https:\/\/www.instagram.com\/rststeeloy\/"]}]}},"brands":[{"id":8332,"name":"Lazer Lamps","slug":"brand_lazerlamps"}],"_links":{"self":[{"href":"https:\/\/com.rst-steel.eu\/sv\/wp-json\/wp\/v2\/product\/36800","targetHints":{"allow":["GET"]}}],"collection":[{"href":"https:\/\/com.rst-steel.eu\/sv\/wp-json\/wp\/v2\/product"}],"about":[{"href":"https:\/\/com.rst-steel.eu\/sv\/wp-json\/wp\/v2\/types\/product"}],"replies":[{"embeddable":true,"href":"https:\/\/com.rst-steel.eu\/sv\/wp-json\/wp\/v2\/comments?post=36800"}],"version-history":[{"count":0,"href":"https:\/\/com.rst-steel.eu\/sv\/wp-json\/wp\/v2\/product\/36800\/revisions"}],"wp:featuredmedia":[{"embeddable":true,"href":"https:\/\/com.rst-steel.eu\/sv\/wp-json\/wp\/v2\/media\/36795"}],"wp:attachment":[{"href":"https:\/\/com.rst-steel.eu\/sv\/wp-json\/wp\/v2\/media?parent=36800"}],"wp:term":[{"taxonomy":"make_fuel_type","embeddable":true,"href":"https:\/\/com.rst-steel.eu\/sv\/wp-json\/wp\/v2\/make_fuel_type?post=36800"},{"taxonomy":"make_model","embeddable":true,"href":"https:\/\/com.rst-steel.eu\/sv\/wp-json\/wp\/v2\/make_model?post=36800"},{"taxonomy":"make_brand","embeddable":true,"href":"https:\/\/com.rst-steel.eu\/sv\/wp-json\/wp\/v2\/make_brand?post=36800"},{"taxonomy":"make_year","embeddable":true,"href":"https:\/\/com.rst-steel.eu\/sv\/wp-json\/wp\/v2\/make_year?post=36800"},{"taxonomy":"pwb-brand","embeddable":true,"href":"https:\/\/com.rst-steel.eu\/sv\/wp-json\/wp\/v2\/pwb-brand?post=36800"},{"taxonomy":"product_brand","embeddable":true,"href":"https:\/\/com.rst-steel.eu\/sv\/wp-json\/wp\/v2\/product_brand?post=36800"},{"taxonomy":"product_cat","embeddable":true,"href":"https:\/\/com.rst-steel.eu\/sv\/wp-json\/wp\/v2\/product_cat?post=36800"},{"taxonomy":"product_tag","embeddable":true,"href":"https:\/\/com.rst-steel.eu\/sv\/wp-json\/wp\/v2\/product_tag?post=36800"}],"curies":[{"name":"wp","href":"https:\/\/api.w.org\/{rel}","templated":true}]}}