{"id":36794,"date":"2023-02-14T09:07:57","date_gmt":"2023-02-14T06:07:57","guid":{"rendered":"https:\/\/rst-steel.fi-c.seravo.com\/product\/lazer-utility-25-work-lamp_pr_69035\/"},"modified":"2026-03-16T09:21:27","modified_gmt":"2026-03-16T06:21:27","slug":"led-tyovalo-lazer-utility-25-adr-25w_pr_69035","status":"publish","type":"product","link":"https:\/\/com.rst-steel.eu\/sv\/produkt\/led-tyovalo-lazer-utility-25-adr-25w_pr_69035\/","title":{"rendered":"Arbetsljus Lazer Utility-25 (25W)"},"content":{"rendered":"<p>Arbetsljus Lazer Utility-25 (25W)<\/p>\n<p><\/p>\n<p>Utility-25 \u00e4r en mycket m\u00e5ngsidig, medeltung arbetslampa som tack vare de senaste framstegen inom LED-belysningsteknik ger ett \u00f6verl\u00e4gset ljusfl\u00f6de i f\u00f6rh\u00e5llande till sin kompakta storlek. Lampan, som delar produkt-DNA med de st\u00f6rre arbetslamporna Utility-45 och Utility-80, \u00e4r robust byggd och konstruerad f\u00f6r att ge ett konstant och tillf\u00f6rlitligt ljusfl\u00f6de som \u00e4r perfekt anpassat till ett brett spektrum av applikationer och fordonstyper.<\/p>\n<p><\/p>\n<p>Utility-25 m\u00e4ter 80 mm x 80 mm och kan drivas med 9-32 V. Den anv\u00e4nder h\u00f6geffektiva 6 W LED-lampor fr\u00e5n ett v\u00e4rldsledande f\u00f6retag inom LED-design och -tillverkning. Som alla Lazer-produkter \u00e4r LED-lampornas f\u00e4rgtemperatur noggrant utvald till 5000 kelvin f\u00f6r att maximera sk\u00e4rpan och definitionen av omr\u00e5det framf\u00f6r dig, utan att orsaka tr\u00f6tthet eller p\u00e5frestningar som kan uppst\u00e5 vid anv\u00e4ndning av LED-lampor med ett h\u00f6gre f\u00e4rgomf\u00e5ng. Den vakuummetalliserade optiken utnyttjar de 3 016 r\u00e5a lumen som ger 78 graders spridning (till 10% toppintensitet). Den imponerande ljusprestandan bibeh\u00e5lls tack vare den h\u00f6ga v\u00e4rmeledningsf\u00f6rm\u00e5gan hos Matrix-kylsystemet, som g\u00f6r att lampan kan k\u00f6ras med h\u00f6gre str\u00f6mstyrka utan att \u00e4ventyra lysdiodernas livsl\u00e4ngd.<\/p>\n<ul>\n<li><\/li>\n<\/ul>\n<p><\/p>\n<p><span style=\"font-weight: bold\">Produktfunktioner:<\/span><\/p>\n<ul>\n<li>UNECE-godk\u00e4nd arbetsbelysning (Reg 10)<\/li>\n<li>H\u00f6g densitet, premium \"bin\"-lysdioder<\/li>\n<li>Avancerad optisk design ger \u00f6verl\u00e4gsen ljusprestanda<\/li>\n<li>CAE-optimerat \"Matrix\"-kylsystem ger f\u00f6rb\u00e4ttrad termisk dynamik<\/li>\n<li>Elektroniskt v\u00e4rmehanteringssystem optimerar ljusfl\u00f6det f\u00f6r att bevara LED-lampornas livsl\u00e4ngd<\/li>\n<li>Anodiserad f\u00f6rbehandling och pulverlackering av fordonskvalitet f\u00f6r ultimat korrosions- och kemikalieskydd<\/li>\n<li>EMC-skyddad - CISPR 25: 2008 (klass 5)<\/li>\n<li>Skyddad mot \u00f6versp\u00e4nning<\/li>\n<li>Skyddad mot omv\u00e4nd polaritet<\/li>\n<li>\"Okrossbar\" lins av polykarbonat med h\u00e5rdlackerad yta<\/li>\n<li>IP69 vattent\u00e4t<\/li>\n<li>5 \u00e5rs garanti*<\/li>\n<li>Levereras med f\u00f6rkontakterade 2-poliga Deutsch-kontakter, hane\/female<\/li>\n<li>Designad och tillverkad i Storbritannien<\/li>\n<li><\/li>\n<\/ul>\n<p><\/p>\n<p>\u2020 - CISPR-25 (klass 5) g\u00e4ller endast f\u00f6r 12V-anv\u00e4ndning om inte annat anges.<\/p>\n<p>-5 \u00e5rs garanti g\u00e4ller f\u00f6r bilar och kommersiella flottor, f\u00f6r alla andra anv\u00e4ndningsomr\u00e5den g\u00e4ller en 2 \u00e5rs garantiperiod.<\/p>\n<ul>\n<li><\/li>\n<\/ul>\n<p><\/p>\n<p><span style=\"font-weight: bold\">Tekniska specifikationer<\/span><\/p>\n<ul>\n<li>Sp\u00e4nningsintervall (DC)<span>\t<\/span>10-32V<\/li>\n<li>LED Livsl\u00e4ngd<span>\t<\/span>50.000 timmar<\/li>\n<li>F\u00e4rgtemperatur<span>\t<\/span>5.000 Kelvin<\/li>\n<li>Vikt<span>\t<\/span>360 gr<\/li>\n<li><\/li>\n<\/ul>\n<p><\/p>\n<p><span style=\"font-weight: bold\">HELLJUSFUNKTION<span>\t<\/span>&nbsp;<\/span><\/p>\n<ul>\n<li>Totalt ljusfl\u00f6de<span>\t<\/span>3016 Lm<\/li>\n<li>F\u00e4rgtemperatur<span>\t<\/span>5000K<\/li>\n<li>Antal lysdioder med h\u00f6g utg\u00e5ngseffekt<span>\t<\/span>4<\/li>\n<li>Str\u00f6mf\u00f6rbrukning<span>\t<\/span>25 watt<\/li>\n<li>Str\u00f6muttag (vid 14,4 V)<span>\t<\/span>1,6 ampere<\/li>\n<li><\/li>\n<\/ul>\n<p><\/p>\n<p><span style=\"font-weight: bold\">CERTIFIERING<span>\t<\/span>&nbsp;<\/span><\/p>\n<ul>\n<li>Arbetslampa <span>\t<\/span>ECE R10&nbsp;<\/li>\n<li>IP-klassning<span>\t<\/span>IP69K&nbsp;<\/li>\n<li>Saltspraytest<span>\t<\/span>ISO 9227 (1000H)<\/li>\n<li>EMC-skydd<span>\t<\/span>CISPR-25 (klass 5\u2020)<\/li>\n<li><\/li>\n<\/ul>\n<p><\/p>\n<p><span style=\"font-weight: bold\">DRIFTF\u00d6RH\u00c5LLANDEN<span>\t<\/span>&nbsp;<\/span><\/p>\n<ul>\n<li>Chock<span>\t<\/span>TBC<\/li>\n<li>Vibration (BS EN 60068-2-64)<span>\t<\/span>10Hz &gt; 1000Hz, 0,14&gt;20 (m\/s\u00b2)\u00b2\/Hz<\/li>\n<li>Driftstemperatur<span>\t<\/span>-40 grader C ... +90 grader C&nbsp;<\/li>\n<li><\/li>\n<\/ul>\n<p><\/p>\n<p><span style=\"font-weight: bold\">DIMENSIONER<span>\t<\/span>&nbsp;<\/span><\/p>\n<ul>\n<li>Bredd<span>\t<\/span>80 mm<\/li>\n<li>Djup<span>\t<\/span>56 mm<\/li>\n<li>H\u00f6jd<span>\t<\/span>80 mm<\/li>\n<li><\/li>\n<\/ul>\n<p><\/p>\n<p><span style=\"font-weight: bold\">FOTOMETRISKA DATA<span>\t<\/span>&nbsp;<\/span><\/p>\n<ul>\n<li>1Lx Linje @<span>\t<\/span>54m<\/li>\n<li>5Lx Linje @<span>\t<\/span>24m<\/li>\n<li>20Lx Linje @<span>\t<\/span>12m<\/li>\n<li>50Lx Linje @ <span>\t<\/span>7m*<\/li>\n<li><\/li>\n<\/ul>\n<p><\/p>\n<p><span style=\"font-weight: bold\">Vad ing\u00e5r?<\/span><\/p>\n<ul>\n<li>&nbsp;Arbetslampa Utility-25<\/li>\n<li>Uility-25 Centrumf\u00e4ste (levereras f\u00e4st vid lampan)<\/li>\n<\/ul>\n<div><\/div>","protected":false},"excerpt":{"rendered":"<p>5 \u00e5rs garanti g\u00e4ller f\u00f6r bilar och kommersiella flottor, f\u00f6r alla andra anv\u00e4ndningsomr\u00e5den g\u00e4ller 2 \u00e5rs garanti.<\/p>","protected":false},"featured_media":36789,"comment_status":"open","ping_status":"closed","template":"","meta":{"_improvement_type_select":"improve_an_existing","_thumb_yes_seoaic":false,"_frame_yes_seoaic":false,"seoaic_generate_description":"","seoaic_improve_instructions_prompt":"","seoaic_rollback_content_improvement":"","seoaic_idea_thumbnail_generator":"","thumbnail_generated":false,"thumbnail_generate_prompt":"","seoaic_article_description":""},"make_fuel_type":[],"make_model":[],"make_brand":[],"make_year":[3748,6373,6465],"pwb-brand":[8332],"product_brand":[],"product_cat":[6195,6218,6219],"product_tag":[6298,6361],"class_list":{"0":"post-36794","1":"product","2":"type-product","3":"status-publish","4":"has-post-thumbnail","6":"make_year-trucks","7":"make_year-van","8":"make_year-workmachines","9":"pwb-brand-brand_lazerlamps","10":"product_cat-lamps","11":"product_cat-work-lights","12":"product_cat-lazer-lamps-work-lights","13":"product_tag-lazer-lamps","14":"product_tag-utility-series","16":"first","17":"instock","18":"taxable","19":"shipping-taxable","20":"purchasable","21":"product-type-simple"},"yoast_head":"<!-- This site is optimized with the Yoast SEO plugin v25.7 - https:\/\/yoast.com\/wordpress\/plugins\/seo\/ -->\n<title>Lazer Utility-25 (25W) - RST-Steel<\/title>\n<meta name=\"description\" content=\"The Lazer Utility-25 ADR 25W is a powerful LED work light designed for extreme durability and reliable performance, ideal for heavy machinery.\" \/>\n<meta name=\"robots\" content=\"index, follow, max-snippet:-1, max-image-preview:large, max-video-preview:-1\" \/>\n<link rel=\"canonical\" href=\"https:\/\/com.rst-steel.eu\/sv\/produkt\/led-tyovalo-lazer-utility-25-adr-25w_pr_69035\/\" \/>\n<meta property=\"og:locale\" content=\"sv_SE\" \/>\n<meta property=\"og:type\" content=\"article\" \/>\n<meta property=\"og:title\" content=\"Lazer Utility-25 (25W) - RST-Steel\" \/>\n<meta property=\"og:description\" content=\"The Lazer Utility-25 ADR 25W is a powerful LED work light designed for extreme durability and reliable performance, ideal for heavy machinery.\" \/>\n<meta property=\"og:url\" content=\"https:\/\/com.rst-steel.eu\/sv\/produkt\/led-tyovalo-lazer-utility-25-adr-25w_pr_69035\/\" \/>\n<meta property=\"og:site_name\" content=\"RST-Steel\" \/>\n<meta property=\"article:publisher\" content=\"https:\/\/www.facebook.com\/rststeel\" \/>\n<meta property=\"article:modified_time\" content=\"2026-03-16T06:21:27+00:00\" \/>\n<meta property=\"og:image\" content=\"https:\/\/com.rst-steel.eu\/wp-content\/uploads\/2023\/02\/bcb06d27db82ded7462995b4a30d1e2f6c82a3a7_Utility_25_Front_Angled_OFF_Web.jpg\" \/>\n\t<meta property=\"og:image:width\" content=\"1000\" \/>\n\t<meta property=\"og:image:height\" content=\"750\" \/>\n\t<meta property=\"og:image:type\" content=\"image\/jpeg\" \/>\n<meta name=\"twitter:card\" content=\"summary_large_image\" \/>\n<meta name=\"twitter:label1\" content=\"Ber\u00e4knad l\u00e4stid\" \/>\n\t<meta name=\"twitter:data1\" content=\"3 minuter\" \/>\n<script type=\"application\/ld+json\" class=\"yoast-schema-graph\">{\"@context\":\"https:\/\/schema.org\",\"@graph\":[{\"@type\":\"WebPage\",\"@id\":\"https:\/\/com.rst-steel.eu\/nb\/produkt\/led-tyovalo-lazer-utility-25-adr-25w_pr_69035\/\",\"url\":\"https:\/\/com.rst-steel.eu\/nb\/produkt\/led-tyovalo-lazer-utility-25-adr-25w_pr_69035\/\",\"name\":\"Lazer Utility-25 (25W) - RST-Steel\",\"isPartOf\":{\"@id\":\"https:\/\/com.rst-steel.eu\/#website\"},\"primaryImageOfPage\":{\"@id\":\"https:\/\/com.rst-steel.eu\/nb\/produkt\/led-tyovalo-lazer-utility-25-adr-25w_pr_69035\/#primaryimage\"},\"image\":{\"@id\":\"https:\/\/com.rst-steel.eu\/nb\/produkt\/led-tyovalo-lazer-utility-25-adr-25w_pr_69035\/#primaryimage\"},\"thumbnailUrl\":\"https:\/\/com.rst-steel.eu\/wp-content\/uploads\/2023\/02\/bcb06d27db82ded7462995b4a30d1e2f6c82a3a7_Utility_25_Front_Angled_OFF_Web.jpg\",\"datePublished\":\"2023-02-14T06:07:57+00:00\",\"dateModified\":\"2026-03-16T06:21:27+00:00\",\"description\":\"The Lazer Utility-25 ADR 25W is a powerful LED work light designed for extreme durability and reliable performance, ideal for heavy machinery.\",\"breadcrumb\":{\"@id\":\"https:\/\/com.rst-steel.eu\/nb\/produkt\/led-tyovalo-lazer-utility-25-adr-25w_pr_69035\/#breadcrumb\"},\"inLanguage\":\"sv-SE\",\"potentialAction\":[{\"@type\":\"ReadAction\",\"target\":[\"https:\/\/com.rst-steel.eu\/nb\/produkt\/led-tyovalo-lazer-utility-25-adr-25w_pr_69035\/\"]}]},{\"@type\":\"ImageObject\",\"inLanguage\":\"sv-SE\",\"@id\":\"https:\/\/com.rst-steel.eu\/nb\/produkt\/led-tyovalo-lazer-utility-25-adr-25w_pr_69035\/#primaryimage\",\"url\":\"https:\/\/com.rst-steel.eu\/wp-content\/uploads\/2023\/02\/bcb06d27db82ded7462995b4a30d1e2f6c82a3a7_Utility_25_Front_Angled_OFF_Web.jpg\",\"contentUrl\":\"https:\/\/com.rst-steel.eu\/wp-content\/uploads\/2023\/02\/bcb06d27db82ded7462995b4a30d1e2f6c82a3a7_Utility_25_Front_Angled_OFF_Web.jpg\",\"width\":1000,\"height\":750,\"caption\":\"Lazer Utility-25 ADR, 25W\"},{\"@type\":\"BreadcrumbList\",\"@id\":\"https:\/\/com.rst-steel.eu\/nb\/produkt\/led-tyovalo-lazer-utility-25-adr-25w_pr_69035\/#breadcrumb\",\"itemListElement\":[{\"@type\":\"ListItem\",\"position\":1,\"name\":\"Home\",\"item\":\"https:\/\/com.rst-steel.eu\/\"},{\"@type\":\"ListItem\",\"position\":2,\"name\":\"RST-Steel Shop\",\"item\":\"https:\/\/com.rst-steel.eu\/shop\/\"},{\"@type\":\"ListItem\",\"position\":3,\"name\":\"Lazer Utility-25 (25W)\"}]},{\"@type\":\"WebSite\",\"@id\":\"https:\/\/com.rst-steel.eu\/#website\",\"url\":\"https:\/\/com.rst-steel.eu\/\",\"name\":\"RST-Steel.com\",\"description\":\"Finnish quality steel, for quality-conscious drivers\",\"publisher\":{\"@id\":\"https:\/\/com.rst-steel.eu\/#organization\"},\"alternateName\":\"Safe and stylish RST-Steel quality\",\"potentialAction\":[{\"@type\":\"SearchAction\",\"target\":{\"@type\":\"EntryPoint\",\"urlTemplate\":\"https:\/\/com.rst-steel.eu\/?s={search_term_string}\"},\"query-input\":{\"@type\":\"PropertyValueSpecification\",\"valueRequired\":true,\"valueName\":\"search_term_string\"}}],\"inLanguage\":\"sv-SE\"},{\"@type\":\"Organization\",\"@id\":\"https:\/\/com.rst-steel.eu\/#organization\",\"name\":\"RST-Steel Oy\",\"url\":\"https:\/\/com.rst-steel.eu\/\",\"logo\":{\"@type\":\"ImageObject\",\"inLanguage\":\"sv-SE\",\"@id\":\"https:\/\/com.rst-steel.eu\/#\/schema\/logo\/image\/\",\"url\":\"https:\/\/com.rst-steel.eu\/wp-content\/uploads\/2023\/04\/cropped-Rst-logo-valkoinen-teksti-3.png\",\"contentUrl\":\"https:\/\/com.rst-steel.eu\/wp-content\/uploads\/2023\/04\/cropped-Rst-logo-valkoinen-teksti-3.png\",\"width\":512,\"height\":115,\"caption\":\"RST-Steel Oy\"},\"image\":{\"@id\":\"https:\/\/com.rst-steel.eu\/#\/schema\/logo\/image\/\"},\"sameAs\":[\"https:\/\/www.facebook.com\/rststeel\",\"https:\/\/www.instagram.com\/rststeeloy\/\"]}]}<\/script>\n<!-- \/ Yoast SEO plugin. -->","yoast_head_json":{"title":"Lazer Utility-25 (25W) - RST-Steel","description":"Lazer Utility-25 ADR 25W \u00e4r en kraftfull LED-arbetslampa som \u00e4r utformad f\u00f6r extrem h\u00e5llbarhet och tillf\u00f6rlitlig prestanda, perfekt f\u00f6r tunga maskiner.","robots":{"index":"index","follow":"follow","max-snippet":"max-snippet:-1","max-image-preview":"max-image-preview:large","max-video-preview":"max-video-preview:-1"},"canonical":"https:\/\/com.rst-steel.eu\/sv\/produkt\/led-tyovalo-lazer-utility-25-adr-25w_pr_69035\/","og_locale":"sv_SE","og_type":"article","og_title":"Lazer Utility-25 (25W) - RST-Steel","og_description":"The Lazer Utility-25 ADR 25W is a powerful LED work light designed for extreme durability and reliable performance, ideal for heavy machinery.","og_url":"https:\/\/com.rst-steel.eu\/sv\/produkt\/led-tyovalo-lazer-utility-25-adr-25w_pr_69035\/","og_site_name":"RST-Steel","article_publisher":"https:\/\/www.facebook.com\/rststeel","article_modified_time":"2026-03-16T06:21:27+00:00","og_image":[{"width":1000,"height":750,"url":"https:\/\/com.rst-steel.eu\/wp-content\/uploads\/2023\/02\/bcb06d27db82ded7462995b4a30d1e2f6c82a3a7_Utility_25_Front_Angled_OFF_Web.jpg","type":"image\/jpeg"}],"twitter_card":"summary_large_image","twitter_misc":{"Ber\u00e4knad l\u00e4stid":"3 minuter"},"schema":{"@context":"https:\/\/schema.org","@graph":[{"@type":"WebPage","@id":"https:\/\/com.rst-steel.eu\/nb\/produkt\/led-tyovalo-lazer-utility-25-adr-25w_pr_69035\/","url":"https:\/\/com.rst-steel.eu\/nb\/produkt\/led-tyovalo-lazer-utility-25-adr-25w_pr_69035\/","name":"Lazer Utility-25 (25W) - RST-Steel","isPartOf":{"@id":"https:\/\/com.rst-steel.eu\/#website"},"primaryImageOfPage":{"@id":"https:\/\/com.rst-steel.eu\/nb\/produkt\/led-tyovalo-lazer-utility-25-adr-25w_pr_69035\/#primaryimage"},"image":{"@id":"https:\/\/com.rst-steel.eu\/nb\/produkt\/led-tyovalo-lazer-utility-25-adr-25w_pr_69035\/#primaryimage"},"thumbnailUrl":"https:\/\/com.rst-steel.eu\/wp-content\/uploads\/2023\/02\/bcb06d27db82ded7462995b4a30d1e2f6c82a3a7_Utility_25_Front_Angled_OFF_Web.jpg","datePublished":"2023-02-14T06:07:57+00:00","dateModified":"2026-03-16T06:21:27+00:00","description":"Lazer Utility-25 ADR 25W \u00e4r en kraftfull LED-arbetslampa som \u00e4r utformad f\u00f6r extrem h\u00e5llbarhet och tillf\u00f6rlitlig prestanda, perfekt f\u00f6r tunga maskiner.","breadcrumb":{"@id":"https:\/\/com.rst-steel.eu\/nb\/produkt\/led-tyovalo-lazer-utility-25-adr-25w_pr_69035\/#breadcrumb"},"inLanguage":"sv-SE","potentialAction":[{"@type":"ReadAction","target":["https:\/\/com.rst-steel.eu\/nb\/produkt\/led-tyovalo-lazer-utility-25-adr-25w_pr_69035\/"]}]},{"@type":"ImageObject","inLanguage":"sv-SE","@id":"https:\/\/com.rst-steel.eu\/nb\/produkt\/led-tyovalo-lazer-utility-25-adr-25w_pr_69035\/#primaryimage","url":"https:\/\/com.rst-steel.eu\/wp-content\/uploads\/2023\/02\/bcb06d27db82ded7462995b4a30d1e2f6c82a3a7_Utility_25_Front_Angled_OFF_Web.jpg","contentUrl":"https:\/\/com.rst-steel.eu\/wp-content\/uploads\/2023\/02\/bcb06d27db82ded7462995b4a30d1e2f6c82a3a7_Utility_25_Front_Angled_OFF_Web.jpg","width":1000,"height":750,"caption":"Lazer Utility-25 ADR, 25W"},{"@type":"BreadcrumbList","@id":"https:\/\/com.rst-steel.eu\/nb\/produkt\/led-tyovalo-lazer-utility-25-adr-25w_pr_69035\/#breadcrumb","itemListElement":[{"@type":"ListItem","position":1,"name":"Home","item":"https:\/\/com.rst-steel.eu\/"},{"@type":"ListItem","position":2,"name":"RST-Steel Shop","item":"https:\/\/com.rst-steel.eu\/shop\/"},{"@type":"ListItem","position":3,"name":"Lazer Utility-25 (25W)"}]},{"@type":"WebSite","@id":"https:\/\/com.rst-steel.eu\/#website","url":"https:\/\/com.rst-steel.eu\/","name":"RST-Stahl.com","description":"Finskt kvalitetsst\u00e5l, f\u00f6r kvalitetsmedvetna f\u00f6rare","publisher":{"@id":"https:\/\/com.rst-steel.eu\/#organization"},"alternateName":"Safe and stylish RST-Steel quality","potentialAction":[{"@type":"SearchAction","target":{"@type":"EntryPoint","urlTemplate":"https:\/\/com.rst-steel.eu\/?s={search_term_string}"},"query-input":{"@type":"PropertyValueSpecification","valueRequired":true,"valueName":"search_term_string"}}],"inLanguage":"sv-SE"},{"@type":"Organization","@id":"https:\/\/com.rst-steel.eu\/#organization","name":"RST-Steel Oy","url":"https:\/\/com.rst-steel.eu\/","logo":{"@type":"ImageObject","inLanguage":"sv-SE","@id":"https:\/\/com.rst-steel.eu\/#\/schema\/logo\/image\/","url":"https:\/\/com.rst-steel.eu\/wp-content\/uploads\/2023\/04\/cropped-Rst-logo-valkoinen-teksti-3.png","contentUrl":"https:\/\/com.rst-steel.eu\/wp-content\/uploads\/2023\/04\/cropped-Rst-logo-valkoinen-teksti-3.png","width":512,"height":115,"caption":"RST-Steel Oy"},"image":{"@id":"https:\/\/com.rst-steel.eu\/#\/schema\/logo\/image\/"},"sameAs":["https:\/\/www.facebook.com\/rststeel","https:\/\/www.instagram.com\/rststeeloy\/"]}]}},"brands":[{"id":8332,"name":"Lazer Lamps","slug":"brand_lazerlamps"}],"_links":{"self":[{"href":"https:\/\/com.rst-steel.eu\/sv\/wp-json\/wp\/v2\/product\/36794","targetHints":{"allow":["GET"]}}],"collection":[{"href":"https:\/\/com.rst-steel.eu\/sv\/wp-json\/wp\/v2\/product"}],"about":[{"href":"https:\/\/com.rst-steel.eu\/sv\/wp-json\/wp\/v2\/types\/product"}],"replies":[{"embeddable":true,"href":"https:\/\/com.rst-steel.eu\/sv\/wp-json\/wp\/v2\/comments?post=36794"}],"version-history":[{"count":0,"href":"https:\/\/com.rst-steel.eu\/sv\/wp-json\/wp\/v2\/product\/36794\/revisions"}],"wp:featuredmedia":[{"embeddable":true,"href":"https:\/\/com.rst-steel.eu\/sv\/wp-json\/wp\/v2\/media\/36789"}],"wp:attachment":[{"href":"https:\/\/com.rst-steel.eu\/sv\/wp-json\/wp\/v2\/media?parent=36794"}],"wp:term":[{"taxonomy":"make_fuel_type","embeddable":true,"href":"https:\/\/com.rst-steel.eu\/sv\/wp-json\/wp\/v2\/make_fuel_type?post=36794"},{"taxonomy":"make_model","embeddable":true,"href":"https:\/\/com.rst-steel.eu\/sv\/wp-json\/wp\/v2\/make_model?post=36794"},{"taxonomy":"make_brand","embeddable":true,"href":"https:\/\/com.rst-steel.eu\/sv\/wp-json\/wp\/v2\/make_brand?post=36794"},{"taxonomy":"make_year","embeddable":true,"href":"https:\/\/com.rst-steel.eu\/sv\/wp-json\/wp\/v2\/make_year?post=36794"},{"taxonomy":"pwb-brand","embeddable":true,"href":"https:\/\/com.rst-steel.eu\/sv\/wp-json\/wp\/v2\/pwb-brand?post=36794"},{"taxonomy":"product_brand","embeddable":true,"href":"https:\/\/com.rst-steel.eu\/sv\/wp-json\/wp\/v2\/product_brand?post=36794"},{"taxonomy":"product_cat","embeddable":true,"href":"https:\/\/com.rst-steel.eu\/sv\/wp-json\/wp\/v2\/product_cat?post=36794"},{"taxonomy":"product_tag","embeddable":true,"href":"https:\/\/com.rst-steel.eu\/sv\/wp-json\/wp\/v2\/product_tag?post=36794"}],"curies":[{"name":"wp","href":"https:\/\/api.w.org\/{rel}","templated":true}]}}