{"id":36776,"date":"2023-02-14T09:07:39","date_gmt":"2023-02-14T06:07:39","guid":{"rendered":"https:\/\/rst-steel.fi-c.seravo.com\/product\/lazer-utility-25-maxx-work-lamp_pr_66072\/"},"modified":"2026-03-16T09:21:27","modified_gmt":"2026-03-16T06:21:27","slug":"led-tyovalo-lazer-utility-25-maxx_pr_66072","status":"publish","type":"product","link":"https:\/\/com.rst-steel.eu\/sv\/produkt\/led-tyovalo-lazer-utility-25-maxx_pr_66072\/","title":{"rendered":"Arbetsljus Lazer Utility-25 MAXX"},"content":{"rendered":"<p>Utility-25 MAXX \u00e4r den senaste i Lazer Lamps sortiment av LED-arbetslampor och \u00e4r en mycket m\u00e5ngsidig arbetslampa f\u00f6r medeltungt arbete. Lampan inneh\u00e5ller 11W LED-lampor med h\u00f6gre effekt som ger en imponerande ljusprestanda, s\u00e4rskilt med tanke p\u00e5 lampans relativt sm\u00e5 proportioner, n\u00e5got som m\u00f6jliggjorts genom fortsatta f\u00f6rb\u00e4ttringar av LED-elektroniken i kombination med lampans robusta fysiska design. Lampan delar produkt-DNA med de st\u00f6rre Utility-45- och Utility-80-arbetslamporna f\u00f6r tunga fordon och \u00e4r robust byggd och konstruerad f\u00f6r att ge konstant, tillf\u00f6rlitlig ljusstyrka som \u00e4r perfekt anpassad till ett brett spektrum av applikationer och fordonstyper.<\/p>\n<p><\/p>\n<p>&nbsp;<\/p>\n<p><\/p>\n<p>Utility-25 MAXX m\u00e4ter 80 mm x 80 mm och kan drivas med 9-32 V. Den anv\u00e4nder h\u00f6geffektiva 11 W LED-lampor fr\u00e5n ett v\u00e4rldsledande f\u00f6retag inom LED-design och -tillverkning. Som alla Lazer-produkter \u00e4r LED-lampornas f\u00e4rgtemperatur noga utvald till 5000 kelvin f\u00f6r att maximera sk\u00e4rpan och definitionen av omr\u00e5det framf\u00f6r dig, utan att orsaka tr\u00f6tthet eller p\u00e5frestningar som kan uppst\u00e5 vid anv\u00e4ndning av LED-lampor med ett h\u00f6gre f\u00e4rgomf\u00e5ng. Den vakuummetalliserade optiken utnyttjar de 4 560 lumen som ger 78 graders ljusspridning (till 10% toppintensitet). Den imponerande ljusprestandan bibeh\u00e5lls tack vare den h\u00f6ga v\u00e4rmeledningsf\u00f6rm\u00e5gan hos Matrix-kylsystemet som g\u00f6r att lampan kan k\u00f6ras med h\u00f6gre str\u00f6mstyrka utan att \u00e4ventyra lysdiodernas livsl\u00e4ngd.<\/p>\n<p><\/p>\n<p><\/p>\n<p>Produktfunktioner<\/p>\n<p><\/p>\n<p>ECE-godk\u00e4nd (Reg 10) arbetsbelysning<\/p>\n<p>CAE-optimerat \"Matrix\"-kylsystem<\/p>\n<p>Avancerad optisk design ger \u00f6verl\u00e4gsen ljusprestanda<\/p>\n<p>Elektronisk v\u00e4rmehantering<\/p>\n<p>Certifierad vattent\u00e4thet IP67\/IP69K<\/p>\n<p>ADR-godk\u00e4nd<\/p>\n<p>Korrosionsbest\u00e4ndighet i fordonsklass (ISO 9927 \/ BS EN 60068)<\/p>\n<p>5.000 kelvin ljustemperatur f\u00f6r maximal definition<\/p>\n<p>EMC-skyddad - CISPR 25: 2008 (klass 4) certifierad<\/p>\n<p>Vibrationscertifierad (BS EN 60068) : 10Hz - 2000Hz, 1 okt\/min, 10gn<\/p>\n<p>Skyddad mot \u00f6versp\u00e4nning<\/p>\n<p>Skyddad mot omv\u00e4nd polaritet<\/p>\n<p>2-poliga Deutsch-kontakter f\u00f6r man och kvinna medf\u00f6ljer<\/p>\n<p>5 \u00e5rs garanti*.<\/p>\n<p>Tillverkad i Storbritannien<\/p>\n<p><\/p>\n<p><\/p>\n<p>Tekniska specifikationer<\/p>\n<p><\/p>\n<p>Sp\u00e4nningsintervall (DC)<span>\t<\/span>10-32V<\/p>\n<p>LED Livsl\u00e4ngd<span>\t<\/span>50.000 timmar<\/p>\n<p>F\u00e4rgtemperatur<span>\t<\/span>5.000 Kelvin<\/p>\n<p>Vikt<span>\t<\/span>360 gr<\/p>\n<p><\/p>\n<p><\/p>\n<p>HELLJUSFUNKTION<span>\t<\/span>&nbsp;<\/p>\n<p><\/p>\n<p>Totalt ljusfl\u00f6de<span>\t<\/span>4560 Lm<\/p>\n<p>F\u00e4rgtemperatur<span>\t<\/span>5000K<\/p>\n<p>Antal lysdioder med h\u00f6g utg\u00e5ngseffekt<span>\t<\/span>4<\/p>\n<p>Str\u00f6mf\u00f6rbrukning<span>\t<\/span>45 watt<\/p>\n<p>Str\u00f6muttag (vid 14,4 V)<span>\t<\/span>3,1 Ampere<\/p>\n<p><\/p>\n<p><\/p>\n<p>CERTIFIERING<span>\t<\/span>&nbsp;<\/p>\n<p><\/p>\n<p>Arbetslampa <span>\t<\/span>ECE R10&nbsp;<\/p>\n<p>IP-klassning<span>\t<\/span>IP69K&nbsp;<\/p>\n<p>Saltspraytest<span>\t<\/span>ISO 9227 (1000H)<\/p>\n<p>EMC-skydd<span>\t<\/span>CISPR-25 (klass 4)<\/p>\n<p><\/p>\n<p><\/p>\n<p>DRIFTF\u00d6RH\u00c5LLANDEN<span>\t<\/span>&nbsp;<\/p>\n<p><\/p>\n<p>Chock<span>\t<\/span>TBC<\/p>\n<p>Vibration (BS EN 60068-2-64)<span>\t<\/span>10Hz &gt; 1000Hz, 0,14&gt;20 (m\/s\u00b2)\u00b2\/Hz<\/p>\n<p>Driftstemperatur<span>\t<\/span>-40 grader C ... +90 grader C&nbsp;<\/p>\n<p><\/p>\n<p><\/p>\n<p>DIMENSIONER<span>\t<\/span>&nbsp;<\/p>\n<p><\/p>\n<p>Bredd<span>\t<\/span>80 mm<\/p>\n<p>Djup<span>\t<\/span>56 mm<\/p>\n<p>H\u00f6jd<span>\t<\/span>80 mm<\/p>\n<p><\/p>\n<p><\/p>\n<p>FOTOMETRISKA DATA<span>\t<\/span>&nbsp;<\/p>\n<p><\/p>\n<p>1Lx Linje @<span>\t<\/span>62m<\/p>\n<p>5Lx Linje @<span>\t<\/span>37m<\/p>\n<p>20Lx Linje @<span>\t<\/span>21m<\/p>\n<p>50Lx Linje @ <span>\t<\/span>14m*<\/p>\n<p>* - 50Lx motsvarar HSE:s riktlinjer f\u00f6r effektiv belysning vid arbete utomhus p\u00e5 natten.<\/p>\n<p><\/p>\n<p><\/p>\n<p>Vad ing\u00e5r?&nbsp;<\/p>\n<p>Utility-25 MAXX arbetslampa<\/p>\n<p>1x Uility-25 Centrumf\u00e4ste (levereras f\u00e4st vid lampan)<\/p>\n<div><\/div>","protected":false},"excerpt":{"rendered":"<p>5 \u00e5rs garanti g\u00e4ller f\u00f6r anv\u00e4ndning inom bilindustrin och kommersiella flottor, f\u00f6r alla andra anv\u00e4ndningsomr\u00e5den g\u00e4ller 2 \u00e5rs garanti.<\/p>","protected":false},"featured_media":36771,"comment_status":"open","ping_status":"closed","template":"","meta":{"_improvement_type_select":"improve_an_existing","_thumb_yes_seoaic":false,"_frame_yes_seoaic":false,"seoaic_generate_description":"","seoaic_improve_instructions_prompt":"","seoaic_rollback_content_improvement":"","seoaic_idea_thumbnail_generator":"","thumbnail_generated":false,"thumbnail_generate_prompt":"","seoaic_article_description":""},"make_fuel_type":[],"make_model":[],"make_brand":[],"make_year":[3748,6373,6465],"pwb-brand":[8332],"product_brand":[],"product_cat":[6195,6218,6219],"product_tag":[6298,6361],"class_list":{"0":"post-36776","1":"product","2":"type-product","3":"status-publish","4":"has-post-thumbnail","6":"make_year-trucks","7":"make_year-van","8":"make_year-workmachines","9":"pwb-brand-brand_lazerlamps","10":"product_cat-lamps","11":"product_cat-work-lights","12":"product_cat-lazer-lamps-work-lights","13":"product_tag-lazer-lamps","14":"product_tag-utility-series","16":"first","17":"instock","18":"taxable","19":"shipping-taxable","20":"purchasable","21":"product-type-simple"},"yoast_head":"<!-- This site is optimized with the Yoast SEO plugin v25.7 - https:\/\/yoast.com\/wordpress\/plugins\/seo\/ -->\n<title>Lazer Utility-25 MAXX - RST-Steel<\/title>\n<meta name=\"robots\" content=\"index, follow, max-snippet:-1, max-image-preview:large, max-video-preview:-1\" \/>\n<link rel=\"canonical\" href=\"https:\/\/com.rst-steel.eu\/sv\/produkt\/led-tyovalo-lazer-utility-25-maxx_pr_66072\/\" \/>\n<meta property=\"og:locale\" content=\"sv_SE\" \/>\n<meta property=\"og:type\" content=\"article\" \/>\n<meta property=\"og:title\" content=\"Lazer Utility-25 MAXX - RST-Steel\" \/>\n<meta property=\"og:description\" content=\"5 Year Warranty applies for Automotive and Commercial Fleet use, all other applications, a 2 Year Warranty period applies.\" \/>\n<meta property=\"og:url\" content=\"https:\/\/com.rst-steel.eu\/sv\/produkt\/led-tyovalo-lazer-utility-25-maxx_pr_66072\/\" \/>\n<meta property=\"og:site_name\" content=\"RST-Steel\" \/>\n<meta property=\"article:publisher\" content=\"https:\/\/www.facebook.com\/rststeel\" \/>\n<meta property=\"article:modified_time\" content=\"2026-03-16T06:21:27+00:00\" \/>\n<meta property=\"og:image\" content=\"https:\/\/com.rst-steel.eu\/wp-content\/uploads\/2023\/02\/7a77f2a42a51ac50ed690bb39bb836710b578b91_RSTLZ0130.jpg\" \/>\n\t<meta property=\"og:image:width\" content=\"1000\" \/>\n\t<meta property=\"og:image:height\" content=\"750\" \/>\n\t<meta property=\"og:image:type\" content=\"image\/jpeg\" \/>\n<meta name=\"twitter:card\" content=\"summary_large_image\" \/>\n<meta name=\"twitter:label1\" content=\"Ber\u00e4knad l\u00e4stid\" \/>\n\t<meta name=\"twitter:data1\" content=\"2 minuter\" \/>\n<script type=\"application\/ld+json\" class=\"yoast-schema-graph\">{\"@context\":\"https:\/\/schema.org\",\"@graph\":[{\"@type\":\"WebPage\",\"@id\":\"https:\/\/com.rst-steel.eu\/nb\/produkt\/led-tyovalo-lazer-utility-25-maxx_pr_66072\/\",\"url\":\"https:\/\/com.rst-steel.eu\/nb\/produkt\/led-tyovalo-lazer-utility-25-maxx_pr_66072\/\",\"name\":\"Lazer Utility-25 MAXX - RST-Steel\",\"isPartOf\":{\"@id\":\"https:\/\/com.rst-steel.eu\/#website\"},\"primaryImageOfPage\":{\"@id\":\"https:\/\/com.rst-steel.eu\/nb\/produkt\/led-tyovalo-lazer-utility-25-maxx_pr_66072\/#primaryimage\"},\"image\":{\"@id\":\"https:\/\/com.rst-steel.eu\/nb\/produkt\/led-tyovalo-lazer-utility-25-maxx_pr_66072\/#primaryimage\"},\"thumbnailUrl\":\"https:\/\/com.rst-steel.eu\/wp-content\/uploads\/2023\/02\/7a77f2a42a51ac50ed690bb39bb836710b578b91_RSTLZ0130.jpg\",\"datePublished\":\"2023-02-14T06:07:39+00:00\",\"dateModified\":\"2026-03-16T06:21:27+00:00\",\"breadcrumb\":{\"@id\":\"https:\/\/com.rst-steel.eu\/nb\/produkt\/led-tyovalo-lazer-utility-25-maxx_pr_66072\/#breadcrumb\"},\"inLanguage\":\"sv-SE\",\"potentialAction\":[{\"@type\":\"ReadAction\",\"target\":[\"https:\/\/com.rst-steel.eu\/nb\/produkt\/led-tyovalo-lazer-utility-25-maxx_pr_66072\/\"]}]},{\"@type\":\"ImageObject\",\"inLanguage\":\"sv-SE\",\"@id\":\"https:\/\/com.rst-steel.eu\/nb\/produkt\/led-tyovalo-lazer-utility-25-maxx_pr_66072\/#primaryimage\",\"url\":\"https:\/\/com.rst-steel.eu\/wp-content\/uploads\/2023\/02\/7a77f2a42a51ac50ed690bb39bb836710b578b91_RSTLZ0130.jpg\",\"contentUrl\":\"https:\/\/com.rst-steel.eu\/wp-content\/uploads\/2023\/02\/7a77f2a42a51ac50ed690bb39bb836710b578b91_RSTLZ0130.jpg\",\"width\":1000,\"height\":750,\"caption\":\"Lazer Utility-25 MAXX\"},{\"@type\":\"BreadcrumbList\",\"@id\":\"https:\/\/com.rst-steel.eu\/nb\/produkt\/led-tyovalo-lazer-utility-25-maxx_pr_66072\/#breadcrumb\",\"itemListElement\":[{\"@type\":\"ListItem\",\"position\":1,\"name\":\"Home\",\"item\":\"https:\/\/com.rst-steel.eu\/\"},{\"@type\":\"ListItem\",\"position\":2,\"name\":\"RST-Steel Shop\",\"item\":\"https:\/\/com.rst-steel.eu\/shop\/\"},{\"@type\":\"ListItem\",\"position\":3,\"name\":\"Lazer Utility-25 MAXX\"}]},{\"@type\":\"WebSite\",\"@id\":\"https:\/\/com.rst-steel.eu\/#website\",\"url\":\"https:\/\/com.rst-steel.eu\/\",\"name\":\"RST-Steel.com\",\"description\":\"Finnish quality steel, for quality-conscious drivers\",\"publisher\":{\"@id\":\"https:\/\/com.rst-steel.eu\/#organization\"},\"alternateName\":\"Safe and stylish RST-Steel quality\",\"potentialAction\":[{\"@type\":\"SearchAction\",\"target\":{\"@type\":\"EntryPoint\",\"urlTemplate\":\"https:\/\/com.rst-steel.eu\/?s={search_term_string}\"},\"query-input\":{\"@type\":\"PropertyValueSpecification\",\"valueRequired\":true,\"valueName\":\"search_term_string\"}}],\"inLanguage\":\"sv-SE\"},{\"@type\":\"Organization\",\"@id\":\"https:\/\/com.rst-steel.eu\/#organization\",\"name\":\"RST-Steel Oy\",\"url\":\"https:\/\/com.rst-steel.eu\/\",\"logo\":{\"@type\":\"ImageObject\",\"inLanguage\":\"sv-SE\",\"@id\":\"https:\/\/com.rst-steel.eu\/#\/schema\/logo\/image\/\",\"url\":\"https:\/\/com.rst-steel.eu\/wp-content\/uploads\/2023\/04\/cropped-Rst-logo-valkoinen-teksti-3.png\",\"contentUrl\":\"https:\/\/com.rst-steel.eu\/wp-content\/uploads\/2023\/04\/cropped-Rst-logo-valkoinen-teksti-3.png\",\"width\":512,\"height\":115,\"caption\":\"RST-Steel Oy\"},\"image\":{\"@id\":\"https:\/\/com.rst-steel.eu\/#\/schema\/logo\/image\/\"},\"sameAs\":[\"https:\/\/www.facebook.com\/rststeel\",\"https:\/\/www.instagram.com\/rststeeloy\/\"]}]}<\/script>\n<!-- \/ Yoast SEO plugin. -->","yoast_head_json":{"title":"Lazer Utility-25 MAXX - RST-Steel","robots":{"index":"index","follow":"follow","max-snippet":"max-snippet:-1","max-image-preview":"max-image-preview:large","max-video-preview":"max-video-preview:-1"},"canonical":"https:\/\/com.rst-steel.eu\/sv\/produkt\/led-tyovalo-lazer-utility-25-maxx_pr_66072\/","og_locale":"sv_SE","og_type":"article","og_title":"Lazer Utility-25 MAXX - RST-Steel","og_description":"5 Year Warranty applies for Automotive and Commercial Fleet use, all other applications, a 2 Year Warranty period applies.","og_url":"https:\/\/com.rst-steel.eu\/sv\/produkt\/led-tyovalo-lazer-utility-25-maxx_pr_66072\/","og_site_name":"RST-Steel","article_publisher":"https:\/\/www.facebook.com\/rststeel","article_modified_time":"2026-03-16T06:21:27+00:00","og_image":[{"width":1000,"height":750,"url":"https:\/\/com.rst-steel.eu\/wp-content\/uploads\/2023\/02\/7a77f2a42a51ac50ed690bb39bb836710b578b91_RSTLZ0130.jpg","type":"image\/jpeg"}],"twitter_card":"summary_large_image","twitter_misc":{"Ber\u00e4knad l\u00e4stid":"2 minuter"},"schema":{"@context":"https:\/\/schema.org","@graph":[{"@type":"WebPage","@id":"https:\/\/com.rst-steel.eu\/nb\/produkt\/led-tyovalo-lazer-utility-25-maxx_pr_66072\/","url":"https:\/\/com.rst-steel.eu\/nb\/produkt\/led-tyovalo-lazer-utility-25-maxx_pr_66072\/","name":"Lazer Utility-25 MAXX - RST-Steel","isPartOf":{"@id":"https:\/\/com.rst-steel.eu\/#website"},"primaryImageOfPage":{"@id":"https:\/\/com.rst-steel.eu\/nb\/produkt\/led-tyovalo-lazer-utility-25-maxx_pr_66072\/#primaryimage"},"image":{"@id":"https:\/\/com.rst-steel.eu\/nb\/produkt\/led-tyovalo-lazer-utility-25-maxx_pr_66072\/#primaryimage"},"thumbnailUrl":"https:\/\/com.rst-steel.eu\/wp-content\/uploads\/2023\/02\/7a77f2a42a51ac50ed690bb39bb836710b578b91_RSTLZ0130.jpg","datePublished":"2023-02-14T06:07:39+00:00","dateModified":"2026-03-16T06:21:27+00:00","breadcrumb":{"@id":"https:\/\/com.rst-steel.eu\/nb\/produkt\/led-tyovalo-lazer-utility-25-maxx_pr_66072\/#breadcrumb"},"inLanguage":"sv-SE","potentialAction":[{"@type":"ReadAction","target":["https:\/\/com.rst-steel.eu\/nb\/produkt\/led-tyovalo-lazer-utility-25-maxx_pr_66072\/"]}]},{"@type":"ImageObject","inLanguage":"sv-SE","@id":"https:\/\/com.rst-steel.eu\/nb\/produkt\/led-tyovalo-lazer-utility-25-maxx_pr_66072\/#primaryimage","url":"https:\/\/com.rst-steel.eu\/wp-content\/uploads\/2023\/02\/7a77f2a42a51ac50ed690bb39bb836710b578b91_RSTLZ0130.jpg","contentUrl":"https:\/\/com.rst-steel.eu\/wp-content\/uploads\/2023\/02\/7a77f2a42a51ac50ed690bb39bb836710b578b91_RSTLZ0130.jpg","width":1000,"height":750,"caption":"Lazer Utility-25 MAXX"},{"@type":"BreadcrumbList","@id":"https:\/\/com.rst-steel.eu\/nb\/produkt\/led-tyovalo-lazer-utility-25-maxx_pr_66072\/#breadcrumb","itemListElement":[{"@type":"ListItem","position":1,"name":"Home","item":"https:\/\/com.rst-steel.eu\/"},{"@type":"ListItem","position":2,"name":"RST-Steel Shop","item":"https:\/\/com.rst-steel.eu\/shop\/"},{"@type":"ListItem","position":3,"name":"Lazer Utility-25 MAXX"}]},{"@type":"WebSite","@id":"https:\/\/com.rst-steel.eu\/#website","url":"https:\/\/com.rst-steel.eu\/","name":"RST-Stahl.com","description":"Finskt kvalitetsst\u00e5l, f\u00f6r kvalitetsmedvetna f\u00f6rare","publisher":{"@id":"https:\/\/com.rst-steel.eu\/#organization"},"alternateName":"Safe and stylish RST-Steel quality","potentialAction":[{"@type":"SearchAction","target":{"@type":"EntryPoint","urlTemplate":"https:\/\/com.rst-steel.eu\/?s={search_term_string}"},"query-input":{"@type":"PropertyValueSpecification","valueRequired":true,"valueName":"search_term_string"}}],"inLanguage":"sv-SE"},{"@type":"Organization","@id":"https:\/\/com.rst-steel.eu\/#organization","name":"RST-Steel Oy","url":"https:\/\/com.rst-steel.eu\/","logo":{"@type":"ImageObject","inLanguage":"sv-SE","@id":"https:\/\/com.rst-steel.eu\/#\/schema\/logo\/image\/","url":"https:\/\/com.rst-steel.eu\/wp-content\/uploads\/2023\/04\/cropped-Rst-logo-valkoinen-teksti-3.png","contentUrl":"https:\/\/com.rst-steel.eu\/wp-content\/uploads\/2023\/04\/cropped-Rst-logo-valkoinen-teksti-3.png","width":512,"height":115,"caption":"RST-Steel Oy"},"image":{"@id":"https:\/\/com.rst-steel.eu\/#\/schema\/logo\/image\/"},"sameAs":["https:\/\/www.facebook.com\/rststeel","https:\/\/www.instagram.com\/rststeeloy\/"]}]}},"brands":[{"id":8332,"name":"Lazer Lamps","slug":"brand_lazerlamps"}],"_links":{"self":[{"href":"https:\/\/com.rst-steel.eu\/sv\/wp-json\/wp\/v2\/product\/36776","targetHints":{"allow":["GET"]}}],"collection":[{"href":"https:\/\/com.rst-steel.eu\/sv\/wp-json\/wp\/v2\/product"}],"about":[{"href":"https:\/\/com.rst-steel.eu\/sv\/wp-json\/wp\/v2\/types\/product"}],"replies":[{"embeddable":true,"href":"https:\/\/com.rst-steel.eu\/sv\/wp-json\/wp\/v2\/comments?post=36776"}],"version-history":[{"count":0,"href":"https:\/\/com.rst-steel.eu\/sv\/wp-json\/wp\/v2\/product\/36776\/revisions"}],"wp:featuredmedia":[{"embeddable":true,"href":"https:\/\/com.rst-steel.eu\/sv\/wp-json\/wp\/v2\/media\/36771"}],"wp:attachment":[{"href":"https:\/\/com.rst-steel.eu\/sv\/wp-json\/wp\/v2\/media?parent=36776"}],"wp:term":[{"taxonomy":"make_fuel_type","embeddable":true,"href":"https:\/\/com.rst-steel.eu\/sv\/wp-json\/wp\/v2\/make_fuel_type?post=36776"},{"taxonomy":"make_model","embeddable":true,"href":"https:\/\/com.rst-steel.eu\/sv\/wp-json\/wp\/v2\/make_model?post=36776"},{"taxonomy":"make_brand","embeddable":true,"href":"https:\/\/com.rst-steel.eu\/sv\/wp-json\/wp\/v2\/make_brand?post=36776"},{"taxonomy":"make_year","embeddable":true,"href":"https:\/\/com.rst-steel.eu\/sv\/wp-json\/wp\/v2\/make_year?post=36776"},{"taxonomy":"pwb-brand","embeddable":true,"href":"https:\/\/com.rst-steel.eu\/sv\/wp-json\/wp\/v2\/pwb-brand?post=36776"},{"taxonomy":"product_brand","embeddable":true,"href":"https:\/\/com.rst-steel.eu\/sv\/wp-json\/wp\/v2\/product_brand?post=36776"},{"taxonomy":"product_cat","embeddable":true,"href":"https:\/\/com.rst-steel.eu\/sv\/wp-json\/wp\/v2\/product_cat?post=36776"},{"taxonomy":"product_tag","embeddable":true,"href":"https:\/\/com.rst-steel.eu\/sv\/wp-json\/wp\/v2\/product_tag?post=36776"}],"curies":[{"name":"wp","href":"https:\/\/api.w.org\/{rel}","templated":true}]}}