{"id":36764,"date":"2023-02-14T09:07:27","date_gmt":"2023-02-14T06:07:27","guid":{"rendered":"https:\/\/rst-steel.fi-c.seravo.com\/product\/lazer-two-lamp-wiring-kit-low-power12v_pr_18714\/"},"modified":"2026-03-16T09:21:25","modified_gmt":"2026-03-16T06:21:25","slug":"lazer-two-lamp-wiring-kit-12v_pr_18714","status":"publish","type":"product","link":"https:\/\/com.rst-steel.eu\/sv\/produkt\/lazer-two-lamp-wiring-kit-12v_pr_18714\/","title":{"rendered":"Lazer Kopplingssats f\u00f6r tv\u00e5 lampor, 12V"},"content":{"rendered":"<p>Lazer Kopplingssats f\u00f6r tv\u00e5 lampor, 12V<\/p>\n<p><\/p>\n<p>Den perfekta l\u00f6sningen f\u00f6r att koppla in ett par E-m\u00e4rkta Lazer h\u00f6gpresterande LED-str\u00e5lkastare. Installationen \u00e4r snabb, enkel och tillf\u00f6rlitlig med 2-pin superseal-anslutningar och inga konfigurationsprocedurer. Satsen har ett 12 V-rel\u00e4 (i vattent\u00e4tt h\u00f6lje), 35 A-s\u00e4kring, en batteripol i ena \u00e4nden och 1,2 m flex p\u00e5 b\u00e5da lampkablarna och g\u00f6r det m\u00f6jligt att anv\u00e4nda Lazer-produkter antingen parallellt med standardbelysningen i fordonet och\/eller via en oberoende str\u00f6mbrytare som kan monteras i fordonet.<\/p>\n<p><\/p>\n<p>Alla Lazer-lampor s\u00e4ljs med en f\u00f6rkopplad honkontakt som \u00e4r ansluten till hankontakten p\u00e5 lampans kabelh\u00e4rva f\u00f6r att underl\u00e4tta inkopplingen i fordonets system.<\/p>\n<p><\/p>\n<p><span style=\"font-weight: bold\">Produktfunktioner<\/span><\/p>\n<ul>\n<li>Kabelsats med tv\u00e5 lampor f\u00f6r Lazer E-m\u00e4rkta k\u00f6rljus<\/li>\n<li>Kabell\u00e4ngder p\u00e5 1,2 m<\/li>\n<li>Inkluderar 12V-rel\u00e4 och 35 ampere s\u00e4kring<\/li>\n<li>Rel\u00e4h\u00e5llare godk\u00e4nd enligt IP53 n\u00e4r den monteras i vertikalt (uppr\u00e4tt) l\u00e4ge<\/li>\n<li>Superseal-anslutningar<\/li>\n<li>Inkluderar valfri on\/off-omkopplare f\u00f6r oberoende drift av helljuset<\/li>\n<li>Fl\u00e4tade kabelavsnitt f\u00f6r extra skydd i motorrummet<\/li>\n<\/ul>\n<p><\/p>\n<p><\/p>\n<p><span style=\"font-weight: bold\">Kompatibel med:<\/span><\/p>\n<ul>\n<li>ST Evolution (Alla produkter)<\/li>\n<li>Triple-R 750 Elite (Gen2)<\/li>\n<li>Triple-R 850 Elite (Gen2)<\/li>\n<li>Triple-R 1000 Elite (Gen2)<\/li>\n<li>Linear-6 (Std \/ Elite)<\/li>\n<li>Linear-12 (Std \/ Elite)<\/li>\n<li>Linear-18 (Std \/ Elite)<\/li>\n<li>Linear-36<\/li>\n<li>Linear-42<\/li>\n<li>Linear-48<\/li>\n<li>Sentinel Elit<\/li>\n<\/ul>","protected":false},"excerpt":{"rendered":"<p>Kabelsats med tv\u00e5 lampor f\u00f6r Lazer E-m\u00e4rkta k\u00f6rljus<\/p>\n<div><\/div>","protected":false},"featured_media":36762,"comment_status":"open","ping_status":"closed","template":"","meta":{"_improvement_type_select":"improve_an_existing","_thumb_yes_seoaic":false,"_frame_yes_seoaic":false,"seoaic_generate_description":"","seoaic_improve_instructions_prompt":"","seoaic_rollback_content_improvement":"","seoaic_idea_thumbnail_generator":"","thumbnail_generated":false,"thumbnail_generate_prompt":"","seoaic_article_description":""},"make_fuel_type":[],"make_model":[],"make_brand":[],"make_year":[],"pwb-brand":[8332],"product_brand":[],"product_cat":[6195,6242,6243],"product_tag":[6298],"class_list":{"0":"post-36764","1":"product","2":"type-product","3":"status-publish","4":"has-post-thumbnail","6":"pwb-brand-brand_lazerlamps","7":"product_cat-lamps","8":"product_cat-mounting-accessories","9":"product_cat-lazer-lamps-accessories","10":"product_tag-lazer-lamps","12":"first","13":"instock","14":"taxable","15":"shipping-taxable","16":"purchasable","17":"product-type-simple"},"yoast_head":"<!-- This site is optimized with the Yoast SEO plugin v25.7 - https:\/\/yoast.com\/wordpress\/plugins\/seo\/ -->\n<title>Lazer Two-Lamp Wiring Kit, 12V - RST-Steel<\/title>\n<meta name=\"description\" content=\"Easily install two Lazer lamps with this 12V wiring kit. It ensures reliable performance and simplifies the setup process for enhanced lighting.\" \/>\n<meta name=\"robots\" content=\"index, follow, max-snippet:-1, max-image-preview:large, max-video-preview:-1\" \/>\n<link rel=\"canonical\" href=\"https:\/\/com.rst-steel.eu\/sv\/produkt\/lazer-two-lamp-wiring-kit-12v_pr_18714\/\" \/>\n<meta property=\"og:locale\" content=\"sv_SE\" \/>\n<meta property=\"og:type\" content=\"article\" \/>\n<meta property=\"og:title\" content=\"Lazer Two-Lamp Wiring Kit, 12V - RST-Steel\" \/>\n<meta property=\"og:description\" content=\"Easily install two Lazer lamps with this 12V wiring kit. It ensures reliable performance and simplifies the setup process for enhanced lighting.\" \/>\n<meta property=\"og:url\" content=\"https:\/\/com.rst-steel.eu\/sv\/produkt\/lazer-two-lamp-wiring-kit-12v_pr_18714\/\" \/>\n<meta property=\"og:site_name\" content=\"RST-Steel\" \/>\n<meta property=\"article:publisher\" content=\"https:\/\/www.facebook.com\/rststeel\" \/>\n<meta property=\"article:modified_time\" content=\"2026-03-16T06:21:25+00:00\" \/>\n<meta property=\"og:image\" content=\"https:\/\/com.rst-steel.eu\/wp-content\/uploads\/2023\/02\/e75bb940451377b44a4cb883f1ae79e73c2627e8_2L_LP_120_Web.jpg\" \/>\n\t<meta property=\"og:image:width\" content=\"1000\" \/>\n\t<meta property=\"og:image:height\" content=\"750\" \/>\n\t<meta property=\"og:image:type\" content=\"image\/jpeg\" \/>\n<meta name=\"twitter:card\" content=\"summary_large_image\" \/>\n<meta name=\"twitter:label1\" content=\"Ber\u00e4knad l\u00e4stid\" \/>\n\t<meta name=\"twitter:data1\" content=\"2 minuter\" \/>\n<script type=\"application\/ld+json\" class=\"yoast-schema-graph\">{\"@context\":\"https:\/\/schema.org\",\"@graph\":[{\"@type\":\"WebPage\",\"@id\":\"https:\/\/com.rst-steel.eu\/nb\/produkt\/lazer-two-lamp-wiring-kit-12v_pr_18714\/\",\"url\":\"https:\/\/com.rst-steel.eu\/nb\/produkt\/lazer-two-lamp-wiring-kit-12v_pr_18714\/\",\"name\":\"Lazer Two-Lamp Wiring Kit, 12V - RST-Steel\",\"isPartOf\":{\"@id\":\"https:\/\/com.rst-steel.eu\/#website\"},\"primaryImageOfPage\":{\"@id\":\"https:\/\/com.rst-steel.eu\/nb\/produkt\/lazer-two-lamp-wiring-kit-12v_pr_18714\/#primaryimage\"},\"image\":{\"@id\":\"https:\/\/com.rst-steel.eu\/nb\/produkt\/lazer-two-lamp-wiring-kit-12v_pr_18714\/#primaryimage\"},\"thumbnailUrl\":\"https:\/\/com.rst-steel.eu\/wp-content\/uploads\/2023\/02\/e75bb940451377b44a4cb883f1ae79e73c2627e8_2L_LP_120_Web.jpg\",\"datePublished\":\"2023-02-14T06:07:27+00:00\",\"dateModified\":\"2026-03-16T06:21:25+00:00\",\"description\":\"Easily install two Lazer lamps with this 12V wiring kit. It ensures reliable performance and simplifies the setup process for enhanced lighting.\",\"breadcrumb\":{\"@id\":\"https:\/\/com.rst-steel.eu\/nb\/produkt\/lazer-two-lamp-wiring-kit-12v_pr_18714\/#breadcrumb\"},\"inLanguage\":\"sv-SE\",\"potentialAction\":[{\"@type\":\"ReadAction\",\"target\":[\"https:\/\/com.rst-steel.eu\/nb\/produkt\/lazer-two-lamp-wiring-kit-12v_pr_18714\/\"]}]},{\"@type\":\"ImageObject\",\"inLanguage\":\"sv-SE\",\"@id\":\"https:\/\/com.rst-steel.eu\/nb\/produkt\/lazer-two-lamp-wiring-kit-12v_pr_18714\/#primaryimage\",\"url\":\"https:\/\/com.rst-steel.eu\/wp-content\/uploads\/2023\/02\/e75bb940451377b44a4cb883f1ae79e73c2627e8_2L_LP_120_Web.jpg\",\"contentUrl\":\"https:\/\/com.rst-steel.eu\/wp-content\/uploads\/2023\/02\/e75bb940451377b44a4cb883f1ae79e73c2627e8_2L_LP_120_Web.jpg\",\"width\":1000,\"height\":750,\"caption\":\"Lazer Two-Lamp Wiring Kit, 12V\"},{\"@type\":\"BreadcrumbList\",\"@id\":\"https:\/\/com.rst-steel.eu\/nb\/produkt\/lazer-two-lamp-wiring-kit-12v_pr_18714\/#breadcrumb\",\"itemListElement\":[{\"@type\":\"ListItem\",\"position\":1,\"name\":\"Home\",\"item\":\"https:\/\/com.rst-steel.eu\/\"},{\"@type\":\"ListItem\",\"position\":2,\"name\":\"RST-Steel Shop\",\"item\":\"https:\/\/com.rst-steel.eu\/shop\/\"},{\"@type\":\"ListItem\",\"position\":3,\"name\":\"Lazer Two-Lamp Wiring Kit, 12V\"}]},{\"@type\":\"WebSite\",\"@id\":\"https:\/\/com.rst-steel.eu\/#website\",\"url\":\"https:\/\/com.rst-steel.eu\/\",\"name\":\"RST-Steel.com\",\"description\":\"Finnish quality steel, for quality-conscious drivers\",\"publisher\":{\"@id\":\"https:\/\/com.rst-steel.eu\/#organization\"},\"alternateName\":\"Safe and stylish RST-Steel quality\",\"potentialAction\":[{\"@type\":\"SearchAction\",\"target\":{\"@type\":\"EntryPoint\",\"urlTemplate\":\"https:\/\/com.rst-steel.eu\/?s={search_term_string}\"},\"query-input\":{\"@type\":\"PropertyValueSpecification\",\"valueRequired\":true,\"valueName\":\"search_term_string\"}}],\"inLanguage\":\"sv-SE\"},{\"@type\":\"Organization\",\"@id\":\"https:\/\/com.rst-steel.eu\/#organization\",\"name\":\"RST-Steel Oy\",\"url\":\"https:\/\/com.rst-steel.eu\/\",\"logo\":{\"@type\":\"ImageObject\",\"inLanguage\":\"sv-SE\",\"@id\":\"https:\/\/com.rst-steel.eu\/#\/schema\/logo\/image\/\",\"url\":\"https:\/\/com.rst-steel.eu\/wp-content\/uploads\/2023\/04\/cropped-Rst-logo-valkoinen-teksti-3.png\",\"contentUrl\":\"https:\/\/com.rst-steel.eu\/wp-content\/uploads\/2023\/04\/cropped-Rst-logo-valkoinen-teksti-3.png\",\"width\":512,\"height\":115,\"caption\":\"RST-Steel Oy\"},\"image\":{\"@id\":\"https:\/\/com.rst-steel.eu\/#\/schema\/logo\/image\/\"},\"sameAs\":[\"https:\/\/www.facebook.com\/rststeel\",\"https:\/\/www.instagram.com\/rststeeloy\/\"]}]}<\/script>\n<!-- \/ Yoast SEO plugin. -->","yoast_head_json":{"title":"Lazer Kopplingssats f\u00f6r tv\u00e5 lampor, 12V - RST-Steel","description":"Installera enkelt tv\u00e5 Lazer-lampor med den h\u00e4r 12V-kabelsatsen. Den s\u00e4kerst\u00e4ller tillf\u00f6rlitlig prestanda och f\u00f6renklar installationsprocessen f\u00f6r f\u00f6rb\u00e4ttrad belysning.","robots":{"index":"index","follow":"follow","max-snippet":"max-snippet:-1","max-image-preview":"max-image-preview:large","max-video-preview":"max-video-preview:-1"},"canonical":"https:\/\/com.rst-steel.eu\/sv\/produkt\/lazer-two-lamp-wiring-kit-12v_pr_18714\/","og_locale":"sv_SE","og_type":"article","og_title":"Lazer Two-Lamp Wiring Kit, 12V - RST-Steel","og_description":"Easily install two Lazer lamps with this 12V wiring kit. It ensures reliable performance and simplifies the setup process for enhanced lighting.","og_url":"https:\/\/com.rst-steel.eu\/sv\/produkt\/lazer-two-lamp-wiring-kit-12v_pr_18714\/","og_site_name":"RST-Steel","article_publisher":"https:\/\/www.facebook.com\/rststeel","article_modified_time":"2026-03-16T06:21:25+00:00","og_image":[{"width":1000,"height":750,"url":"https:\/\/com.rst-steel.eu\/wp-content\/uploads\/2023\/02\/e75bb940451377b44a4cb883f1ae79e73c2627e8_2L_LP_120_Web.jpg","type":"image\/jpeg"}],"twitter_card":"summary_large_image","twitter_misc":{"Ber\u00e4knad l\u00e4stid":"2 minuter"},"schema":{"@context":"https:\/\/schema.org","@graph":[{"@type":"WebPage","@id":"https:\/\/com.rst-steel.eu\/nb\/produkt\/lazer-two-lamp-wiring-kit-12v_pr_18714\/","url":"https:\/\/com.rst-steel.eu\/nb\/produkt\/lazer-two-lamp-wiring-kit-12v_pr_18714\/","name":"Lazer Kopplingssats f\u00f6r tv\u00e5 lampor, 12V - RST-Steel","isPartOf":{"@id":"https:\/\/com.rst-steel.eu\/#website"},"primaryImageOfPage":{"@id":"https:\/\/com.rst-steel.eu\/nb\/produkt\/lazer-two-lamp-wiring-kit-12v_pr_18714\/#primaryimage"},"image":{"@id":"https:\/\/com.rst-steel.eu\/nb\/produkt\/lazer-two-lamp-wiring-kit-12v_pr_18714\/#primaryimage"},"thumbnailUrl":"https:\/\/com.rst-steel.eu\/wp-content\/uploads\/2023\/02\/e75bb940451377b44a4cb883f1ae79e73c2627e8_2L_LP_120_Web.jpg","datePublished":"2023-02-14T06:07:27+00:00","dateModified":"2026-03-16T06:21:25+00:00","description":"Installera enkelt tv\u00e5 Lazer-lampor med den h\u00e4r 12V-kabelsatsen. Den s\u00e4kerst\u00e4ller tillf\u00f6rlitlig prestanda och f\u00f6renklar installationsprocessen f\u00f6r f\u00f6rb\u00e4ttrad belysning.","breadcrumb":{"@id":"https:\/\/com.rst-steel.eu\/nb\/produkt\/lazer-two-lamp-wiring-kit-12v_pr_18714\/#breadcrumb"},"inLanguage":"sv-SE","potentialAction":[{"@type":"ReadAction","target":["https:\/\/com.rst-steel.eu\/nb\/produkt\/lazer-two-lamp-wiring-kit-12v_pr_18714\/"]}]},{"@type":"ImageObject","inLanguage":"sv-SE","@id":"https:\/\/com.rst-steel.eu\/nb\/produkt\/lazer-two-lamp-wiring-kit-12v_pr_18714\/#primaryimage","url":"https:\/\/com.rst-steel.eu\/wp-content\/uploads\/2023\/02\/e75bb940451377b44a4cb883f1ae79e73c2627e8_2L_LP_120_Web.jpg","contentUrl":"https:\/\/com.rst-steel.eu\/wp-content\/uploads\/2023\/02\/e75bb940451377b44a4cb883f1ae79e73c2627e8_2L_LP_120_Web.jpg","width":1000,"height":750,"caption":"Lazer Two-Lamp Wiring Kit, 12V"},{"@type":"BreadcrumbList","@id":"https:\/\/com.rst-steel.eu\/nb\/produkt\/lazer-two-lamp-wiring-kit-12v_pr_18714\/#breadcrumb","itemListElement":[{"@type":"ListItem","position":1,"name":"Home","item":"https:\/\/com.rst-steel.eu\/"},{"@type":"ListItem","position":2,"name":"RST-Steel Shop","item":"https:\/\/com.rst-steel.eu\/shop\/"},{"@type":"ListItem","position":3,"name":"Lazer Two-Lamp Wiring Kit, 12V"}]},{"@type":"WebSite","@id":"https:\/\/com.rst-steel.eu\/#website","url":"https:\/\/com.rst-steel.eu\/","name":"RST-Stahl.com","description":"Finskt kvalitetsst\u00e5l, f\u00f6r kvalitetsmedvetna f\u00f6rare","publisher":{"@id":"https:\/\/com.rst-steel.eu\/#organization"},"alternateName":"Safe and stylish RST-Steel quality","potentialAction":[{"@type":"SearchAction","target":{"@type":"EntryPoint","urlTemplate":"https:\/\/com.rst-steel.eu\/?s={search_term_string}"},"query-input":{"@type":"PropertyValueSpecification","valueRequired":true,"valueName":"search_term_string"}}],"inLanguage":"sv-SE"},{"@type":"Organization","@id":"https:\/\/com.rst-steel.eu\/#organization","name":"RST-Steel Oy","url":"https:\/\/com.rst-steel.eu\/","logo":{"@type":"ImageObject","inLanguage":"sv-SE","@id":"https:\/\/com.rst-steel.eu\/#\/schema\/logo\/image\/","url":"https:\/\/com.rst-steel.eu\/wp-content\/uploads\/2023\/04\/cropped-Rst-logo-valkoinen-teksti-3.png","contentUrl":"https:\/\/com.rst-steel.eu\/wp-content\/uploads\/2023\/04\/cropped-Rst-logo-valkoinen-teksti-3.png","width":512,"height":115,"caption":"RST-Steel Oy"},"image":{"@id":"https:\/\/com.rst-steel.eu\/#\/schema\/logo\/image\/"},"sameAs":["https:\/\/www.facebook.com\/rststeel","https:\/\/www.instagram.com\/rststeeloy\/"]}]}},"brands":[{"id":8332,"name":"Lazer Lamps","slug":"brand_lazerlamps"}],"_links":{"self":[{"href":"https:\/\/com.rst-steel.eu\/sv\/wp-json\/wp\/v2\/product\/36764","targetHints":{"allow":["GET"]}}],"collection":[{"href":"https:\/\/com.rst-steel.eu\/sv\/wp-json\/wp\/v2\/product"}],"about":[{"href":"https:\/\/com.rst-steel.eu\/sv\/wp-json\/wp\/v2\/types\/product"}],"replies":[{"embeddable":true,"href":"https:\/\/com.rst-steel.eu\/sv\/wp-json\/wp\/v2\/comments?post=36764"}],"version-history":[{"count":0,"href":"https:\/\/com.rst-steel.eu\/sv\/wp-json\/wp\/v2\/product\/36764\/revisions"}],"wp:featuredmedia":[{"embeddable":true,"href":"https:\/\/com.rst-steel.eu\/sv\/wp-json\/wp\/v2\/media\/36762"}],"wp:attachment":[{"href":"https:\/\/com.rst-steel.eu\/sv\/wp-json\/wp\/v2\/media?parent=36764"}],"wp:term":[{"taxonomy":"make_fuel_type","embeddable":true,"href":"https:\/\/com.rst-steel.eu\/sv\/wp-json\/wp\/v2\/make_fuel_type?post=36764"},{"taxonomy":"make_model","embeddable":true,"href":"https:\/\/com.rst-steel.eu\/sv\/wp-json\/wp\/v2\/make_model?post=36764"},{"taxonomy":"make_brand","embeddable":true,"href":"https:\/\/com.rst-steel.eu\/sv\/wp-json\/wp\/v2\/make_brand?post=36764"},{"taxonomy":"make_year","embeddable":true,"href":"https:\/\/com.rst-steel.eu\/sv\/wp-json\/wp\/v2\/make_year?post=36764"},{"taxonomy":"pwb-brand","embeddable":true,"href":"https:\/\/com.rst-steel.eu\/sv\/wp-json\/wp\/v2\/pwb-brand?post=36764"},{"taxonomy":"product_brand","embeddable":true,"href":"https:\/\/com.rst-steel.eu\/sv\/wp-json\/wp\/v2\/product_brand?post=36764"},{"taxonomy":"product_cat","embeddable":true,"href":"https:\/\/com.rst-steel.eu\/sv\/wp-json\/wp\/v2\/product_cat?post=36764"},{"taxonomy":"product_tag","embeddable":true,"href":"https:\/\/com.rst-steel.eu\/sv\/wp-json\/wp\/v2\/product_tag?post=36764"}],"curies":[{"name":"wp","href":"https:\/\/api.w.org\/{rel}","templated":true}]}}