{"id":36696,"date":"2023-02-14T09:04:14","date_gmt":"2023-02-14T06:04:14","guid":{"rendered":"https:\/\/rst-steel.fi-c.seravo.com\/product\/lazer-t24-evolution-_pr_18664\/"},"modified":"2026-03-16T09:13:27","modified_gmt":"2026-03-16T06:13:27","slug":"lazer-t24-evolution-_pr_18664","status":"publish","type":"product","link":"https:\/\/com.rst-steel.eu\/sv\/produkt\/lazer-t24-evolution-_pr_18664\/","title":{"rendered":"Lazer T24 EVOLUTION Extraljus"},"content":{"rendered":"<div>ST\/T Evolution-produkterna har h\u00f6geffektiva, premium \"bin\" 11W LED-lampor i kombination med vakuummetalliserad konisk optik f\u00f6r att ge en kraftfull ljusbild med bred spridning. Detta g\u00f6r produkterna s\u00e4rskilt v\u00e4l l\u00e4mpade f\u00f6r landsbygds- och offroad-applikationer. Med samma el- och produktdesign f\u00f6r b\u00e5de ST- och T-lampor anger de f\u00f6rstn\u00e4mnda lamporna som \u00e4r UNECE-certifierade enligt f\u00f6reskrift 112 som helljusstr\u00e5lkastare, medan de sistn\u00e4mnda anger de st\u00f6rre ljusramperna som inte \u00e4r certifierade och avsedda f\u00f6r terr\u00e4ngbruk som endast styrs via en oberoende str\u00f6mbrytare.<\/div>\n<div><\/div>\n<div>Dessa LED-ljusramper, som finns i storlekar fr\u00e5n 124 mm (5\") ST2 till 1164 mm (46\") T28, \u00e4r mycket m\u00e5ngsidiga och har anv\u00e4nts i ett stort antal olika applikationer och fordonstyper sedan produkterna f\u00f6rst lanserades 2010. Sedan dess har serien omarbetats och f\u00e5tt ny design med den senaste och b\u00e4sta tekniken och en mer modern, s\u00f6ml\u00f6s design med l\u00e5g profil som g\u00f6r dem enklare att installera, mer motst\u00e5ndskraftiga mot smuts, sn\u00f6 och is och med en styling som garanterat kompletterar och f\u00f6rb\u00e4ttrar utseendet p\u00e5 moderna fordon.<\/div>\n<div><\/div>\n<div>De h\u00f6geffektiva lysdioderna p\u00e5 11 W ger \u00f6verl\u00e4gsen belysningsprestanda, tillsammans med avancerad elektronisk design, sofistikerade v\u00e4rmesystem och ultrareflekterande vakuummetalliserade reflektorer som ger maximal ljusm\u00e4ngd d\u00e4r du beh\u00f6ver det: p\u00e5 v\u00e4gen eller stigen. Precis som alla Lazer-produkter \u00e4r lysdioderna noggrant utvalda med en f\u00e4rgtemperatur p\u00e5 5000k f\u00f6r att maximera sk\u00e4rpan och definitionen av din omgivning.<\/div>\n<div><\/div>\n<div><\/div>\n<div>Produktfunktioner<\/div>\n<div><\/div>\n<div>\n<div>H\u00f6g densitet, premium \"bin\" 11W LED-teknik<\/div>\n<div>5000K LED-f\u00e4rgtemperatur och 80CRI ger maximal sk\u00e4rpa och definition<\/div>\n<div>Ultra-reflekterande, vakuum-metalliserad konisk optik ger utm\u00e4rkt spridning<\/div>\n<div>S\u00f6ml\u00f6s design med l\u00e5g profil underl\u00e4ttar installationen och f\u00f6rhindrar ansamling av smuts\/is.<\/div>\n<div>Inkluderar det m\u00e5ngsidiga monteringssystemet \"Centre Mount\" samt sidomonteringsf\u00e4sten<\/div>\n<div>Elektroniskt v\u00e4rmehanteringssystem optimerar ljusfl\u00f6det f\u00f6r att bevara LED-lampornas livsl\u00e4ngd<\/div>\n<div>Anodiserad f\u00f6rbehandling och pulverlackering av fordonskvalitet f\u00f6r ultimat korrosions- och kemikalieskydd<\/div>\n<div>CAE-optimerad kylfl\u00e4ns ger f\u00f6rb\u00e4ttrad termisk dynamik<\/div>\n<div>Skyddad mot \u00f6versp\u00e4nning<\/div>\n<div>Skyddad mot omv\u00e4nd polaritet<\/div>\n<div>\"Okrossbar\" lins av polykarbonat med h\u00e5rdlackerad yta<\/div>\n<div>IP67 vattent\u00e4t<\/div>\n<div>5 \u00e5rs garanti<\/div>\n<div>Levereras med f\u00f6rkontakterade 2-poliga Deutsch-kontakter, hane\/female<\/div>\n<div>Designad och tillverkad i Storbritannien<\/div>\n<div><\/div>\n<div><\/div>\n<div>Tekniska specifikationer<\/div>\n<div><\/div>\n<div>\n<div>Sp\u00e4nningsintervall (DC)<span>\t<\/span>10-32V<\/div>\n<div>LED Livsl\u00e4ngd<span>\t<\/span>50.000 timmar<\/div>\n<div>Vikt<span>\t<\/span>3084 gr<\/div>\n<div><\/div>\n<div><\/div>\n<div>HELLJUSFUNKTION<span>\t<\/span>&nbsp;<\/div>\n<div><\/div>\n<div>Totalt ljusfl\u00f6de<span>\t<\/span>24816 Lm<\/div>\n<div>Totalt f\u00f6rarfl\u00f6de \"FOV <span>\t<\/span>14939 Lm<\/div>\n<div>F\u00e4rgtemperatur<span>\t<\/span>5000K<\/div>\n<div>Antal lysdioder med h\u00f6g utg\u00e5ngseffekt<span>\t<\/span>24<\/div>\n<div>Str\u00f6mf\u00f6rbrukning<span>\t<\/span>262 watt<\/div>\n<div>Str\u00f6muttag (vid 14,4 V)<span>\t<\/span>18,2 ampere<\/div>\n<div><\/div>\n<div><\/div>\n<div>CERTIFIERING<span>\t<\/span>&nbsp;<\/div>\n<div><\/div>\n<div>H\u00f6g str\u00e5lkastare<span>\t<\/span>Ej certifierad<\/div>\n<div><\/div>\n<div><\/div>\n<div>DIMENSIONER<span>\t<\/span>&nbsp;<\/div>\n<div><\/div>\n<div>Bredd<span>\t<\/span>1004 mm<\/div>\n<div>Djup<span>\t<\/span>68 mm<\/div>\n<div>H\u00f6jd<span>\t<\/span>64 mm<\/div>\n<div><\/div>\n<div>FOTOMETRISKA DATA<span>\t<\/span>&nbsp;<\/div>\n<div><\/div>\n<div><\/div>\n<div>Horisontell balkvinkel<span>\t<\/span>40\u00b0<\/div>\n<div><\/div>\n<div>0,25 lx Linje<span>\t<\/span>1361 meter<\/div>\n<div>0,5 lx Linje<span>\t<\/span>962 meter<\/div>\n<div>1 lx Linje<span>\t<\/span>680 meter<\/div>\n<div>3 lx Linje<span>\t<\/span>393 meter<\/div>\n<\/div>\n<div><\/div>\n<div><\/div>\n<div>Vad ing\u00e5r?<\/div>\n<div><\/div>\n<div>\n<div>T24 Evolution LED-str\u00e5lkastare<\/div>\n<div>x3 Centrumf\u00e4ste&nbsp;<\/div>\n<div>x1 Kit f\u00f6r sidomontering&nbsp;<\/div>\n<div>Ledningsn\u00e4t f\u00f6r en lampa&nbsp;<\/div>\n<div>Instruktioner f\u00f6r installation<\/div>\n<\/div>\n<\/div>","protected":false},"excerpt":{"rendered":"<p>Endast f\u00f6r anv\u00e4ndning i terr\u00e4ng!<\/p>","protected":false},"featured_media":36691,"comment_status":"open","ping_status":"closed","template":"","meta":{"_improvement_type_select":"improve_an_existing","_thumb_yes_seoaic":false,"_frame_yes_seoaic":false,"seoaic_generate_description":"","seoaic_improve_instructions_prompt":"","seoaic_rollback_content_improvement":"","seoaic_idea_thumbnail_generator":"","thumbnail_generated":false,"thumbnail_generate_prompt":"","seoaic_article_description":""},"make_fuel_type":[],"make_model":[],"make_brand":[],"make_year":[],"pwb-brand":[8332],"product_brand":[],"product_cat":[6195,6209,6211,7208],"product_tag":[7551,6298,6365],"class_list":{"0":"post-36696","1":"product","2":"type-product","3":"status-publish","4":"has-post-thumbnail","6":"pwb-brand-brand_lazerlamps","7":"product_cat-lamps","8":"product_cat-auxiliary-lights","9":"product_cat-lazer-lamps-auxiliary-lights","10":"product_cat-rst-evo","11":"product_tag-extraljus","12":"product_tag-lazer-lamps","13":"product_tag-st-t-evolution","15":"first","16":"onbackorder","17":"taxable","18":"shipping-taxable","19":"purchasable","20":"product-type-simple"},"yoast_head":"<!-- This site is optimized with the Yoast SEO plugin v25.7 - https:\/\/yoast.com\/wordpress\/plugins\/seo\/ -->\n<title>Lazer T24 EVOLUTION - RST-Steel<\/title>\n<meta name=\"description\" content=\"Illuminate the road with the Lazer T24 Evolution. This advanced light bar offers exceptional brightness and durability for superior visibility and performance.\" \/>\n<meta name=\"robots\" content=\"index, follow, max-snippet:-1, max-image-preview:large, max-video-preview:-1\" \/>\n<link rel=\"canonical\" href=\"https:\/\/com.rst-steel.eu\/sv\/produkt\/lazer-t24-evolution-_pr_18664\/\" \/>\n<meta property=\"og:locale\" content=\"sv_SE\" \/>\n<meta property=\"og:type\" content=\"article\" \/>\n<meta property=\"og:title\" content=\"Lazer T24 EVOLUTION - RST-Steel\" \/>\n<meta property=\"og:description\" content=\"Illuminate the road with the Lazer T24 Evolution. This advanced light bar offers exceptional brightness and durability for superior visibility and performance.\" \/>\n<meta property=\"og:url\" content=\"https:\/\/com.rst-steel.eu\/sv\/produkt\/lazer-t24-evolution-_pr_18664\/\" \/>\n<meta property=\"og:site_name\" content=\"RST-Steel\" \/>\n<meta property=\"article:publisher\" content=\"https:\/\/www.facebook.com\/rststeel\" \/>\n<meta property=\"article:modified_time\" content=\"2026-03-16T06:13:27+00:00\" \/>\n<meta property=\"og:image\" content=\"https:\/\/com.rst-steel.eu\/wp-content\/uploads\/2023\/02\/92e5b2c2587704767a2fb6c2c696fd36edbad27c_T24_Straight_Side_brackets_1000x750.jpg\" \/>\n\t<meta property=\"og:image:width\" content=\"1000\" \/>\n\t<meta property=\"og:image:height\" content=\"750\" \/>\n\t<meta property=\"og:image:type\" content=\"image\/jpeg\" \/>\n<meta name=\"twitter:card\" content=\"summary_large_image\" \/>\n<meta name=\"twitter:label1\" content=\"Ber\u00e4knad l\u00e4stid\" \/>\n\t<meta name=\"twitter:data1\" content=\"3 minuter\" \/>\n<script type=\"application\/ld+json\" class=\"yoast-schema-graph\">{\"@context\":\"https:\/\/schema.org\",\"@graph\":[{\"@type\":\"WebPage\",\"@id\":\"https:\/\/com.rst-steel.eu\/product\/lazer-t24-evolution-_pr_18664\/\",\"url\":\"https:\/\/com.rst-steel.eu\/product\/lazer-t24-evolution-_pr_18664\/\",\"name\":\"Lazer T24 EVOLUTION - RST-Steel\",\"isPartOf\":{\"@id\":\"https:\/\/com.rst-steel.eu\/#website\"},\"primaryImageOfPage\":{\"@id\":\"https:\/\/com.rst-steel.eu\/product\/lazer-t24-evolution-_pr_18664\/#primaryimage\"},\"image\":{\"@id\":\"https:\/\/com.rst-steel.eu\/product\/lazer-t24-evolution-_pr_18664\/#primaryimage\"},\"thumbnailUrl\":\"https:\/\/com.rst-steel.eu\/wp-content\/uploads\/2023\/02\/92e5b2c2587704767a2fb6c2c696fd36edbad27c_T24_Straight_Side_brackets_1000x750.jpg\",\"datePublished\":\"2023-02-14T06:04:14+00:00\",\"dateModified\":\"2026-03-16T06:13:27+00:00\",\"description\":\"Illuminate the road with the Lazer T24 Evolution. This advanced light bar offers exceptional brightness and durability for superior visibility and performance.\",\"breadcrumb\":{\"@id\":\"https:\/\/com.rst-steel.eu\/product\/lazer-t24-evolution-_pr_18664\/#breadcrumb\"},\"inLanguage\":\"sv-SE\",\"potentialAction\":[{\"@type\":\"ReadAction\",\"target\":[\"https:\/\/com.rst-steel.eu\/product\/lazer-t24-evolution-_pr_18664\/\"]}]},{\"@type\":\"ImageObject\",\"inLanguage\":\"sv-SE\",\"@id\":\"https:\/\/com.rst-steel.eu\/product\/lazer-t24-evolution-_pr_18664\/#primaryimage\",\"url\":\"https:\/\/com.rst-steel.eu\/wp-content\/uploads\/2023\/02\/92e5b2c2587704767a2fb6c2c696fd36edbad27c_T24_Straight_Side_brackets_1000x750.jpg\",\"contentUrl\":\"https:\/\/com.rst-steel.eu\/wp-content\/uploads\/2023\/02\/92e5b2c2587704767a2fb6c2c696fd36edbad27c_T24_Straight_Side_brackets_1000x750.jpg\",\"width\":1000,\"height\":750,\"caption\":\"Lazer T24 EVOLUTION\"},{\"@type\":\"BreadcrumbList\",\"@id\":\"https:\/\/com.rst-steel.eu\/product\/lazer-t24-evolution-_pr_18664\/#breadcrumb\",\"itemListElement\":[{\"@type\":\"ListItem\",\"position\":1,\"name\":\"Home\",\"item\":\"https:\/\/com.rst-steel.eu\/\"},{\"@type\":\"ListItem\",\"position\":2,\"name\":\"RST-Steel Shop\",\"item\":\"https:\/\/com.rst-steel.eu\/shop\/\"},{\"@type\":\"ListItem\",\"position\":3,\"name\":\"Lazer T24 EVOLUTION\"}]},{\"@type\":\"WebSite\",\"@id\":\"https:\/\/com.rst-steel.eu\/#website\",\"url\":\"https:\/\/com.rst-steel.eu\/\",\"name\":\"RST-Steel.com\",\"description\":\"Finnish quality steel, for quality-conscious drivers\",\"publisher\":{\"@id\":\"https:\/\/com.rst-steel.eu\/#organization\"},\"alternateName\":\"Safe and stylish RST-Steel quality\",\"potentialAction\":[{\"@type\":\"SearchAction\",\"target\":{\"@type\":\"EntryPoint\",\"urlTemplate\":\"https:\/\/com.rst-steel.eu\/?s={search_term_string}\"},\"query-input\":{\"@type\":\"PropertyValueSpecification\",\"valueRequired\":true,\"valueName\":\"search_term_string\"}}],\"inLanguage\":\"sv-SE\"},{\"@type\":\"Organization\",\"@id\":\"https:\/\/com.rst-steel.eu\/#organization\",\"name\":\"RST-Steel Oy\",\"url\":\"https:\/\/com.rst-steel.eu\/\",\"logo\":{\"@type\":\"ImageObject\",\"inLanguage\":\"sv-SE\",\"@id\":\"https:\/\/com.rst-steel.eu\/#\/schema\/logo\/image\/\",\"url\":\"https:\/\/com.rst-steel.eu\/wp-content\/uploads\/2023\/04\/cropped-Rst-logo-valkoinen-teksti-3.png\",\"contentUrl\":\"https:\/\/com.rst-steel.eu\/wp-content\/uploads\/2023\/04\/cropped-Rst-logo-valkoinen-teksti-3.png\",\"width\":512,\"height\":115,\"caption\":\"RST-Steel Oy\"},\"image\":{\"@id\":\"https:\/\/com.rst-steel.eu\/#\/schema\/logo\/image\/\"},\"sameAs\":[\"https:\/\/www.facebook.com\/rststeel\",\"https:\/\/www.instagram.com\/rststeeloy\/\"]}]}<\/script>\n<!-- \/ Yoast SEO plugin. -->","yoast_head_json":{"title":"Lazer T24 EVOLUTION - RST-Steel","description":"Lys upp v\u00e4gen med Lazer T24 Evolution. Denna avancerade ljusramp erbjuder exceptionell ljusstyrka och h\u00e5llbarhet f\u00f6r \u00f6verl\u00e4gsen synlighet och prestanda.","robots":{"index":"index","follow":"follow","max-snippet":"max-snippet:-1","max-image-preview":"max-image-preview:large","max-video-preview":"max-video-preview:-1"},"canonical":"https:\/\/com.rst-steel.eu\/sv\/produkt\/lazer-t24-evolution-_pr_18664\/","og_locale":"sv_SE","og_type":"article","og_title":"Lazer T24 EVOLUTION - RST-Steel","og_description":"Illuminate the road with the Lazer T24 Evolution. This advanced light bar offers exceptional brightness and durability for superior visibility and performance.","og_url":"https:\/\/com.rst-steel.eu\/sv\/produkt\/lazer-t24-evolution-_pr_18664\/","og_site_name":"RST-Steel","article_publisher":"https:\/\/www.facebook.com\/rststeel","article_modified_time":"2026-03-16T06:13:27+00:00","og_image":[{"width":1000,"height":750,"url":"https:\/\/com.rst-steel.eu\/wp-content\/uploads\/2023\/02\/92e5b2c2587704767a2fb6c2c696fd36edbad27c_T24_Straight_Side_brackets_1000x750.jpg","type":"image\/jpeg"}],"twitter_card":"summary_large_image","twitter_misc":{"Ber\u00e4knad l\u00e4stid":"3 minuter"},"schema":{"@context":"https:\/\/schema.org","@graph":[{"@type":"WebPage","@id":"https:\/\/com.rst-steel.eu\/product\/lazer-t24-evolution-_pr_18664\/","url":"https:\/\/com.rst-steel.eu\/product\/lazer-t24-evolution-_pr_18664\/","name":"Lazer T24 EVOLUTION - RST-Steel","isPartOf":{"@id":"https:\/\/com.rst-steel.eu\/#website"},"primaryImageOfPage":{"@id":"https:\/\/com.rst-steel.eu\/product\/lazer-t24-evolution-_pr_18664\/#primaryimage"},"image":{"@id":"https:\/\/com.rst-steel.eu\/product\/lazer-t24-evolution-_pr_18664\/#primaryimage"},"thumbnailUrl":"https:\/\/com.rst-steel.eu\/wp-content\/uploads\/2023\/02\/92e5b2c2587704767a2fb6c2c696fd36edbad27c_T24_Straight_Side_brackets_1000x750.jpg","datePublished":"2023-02-14T06:04:14+00:00","dateModified":"2026-03-16T06:13:27+00:00","description":"Lys upp v\u00e4gen med Lazer T24 Evolution. Denna avancerade ljusramp erbjuder exceptionell ljusstyrka och h\u00e5llbarhet f\u00f6r \u00f6verl\u00e4gsen synlighet och prestanda.","breadcrumb":{"@id":"https:\/\/com.rst-steel.eu\/product\/lazer-t24-evolution-_pr_18664\/#breadcrumb"},"inLanguage":"sv-SE","potentialAction":[{"@type":"ReadAction","target":["https:\/\/com.rst-steel.eu\/product\/lazer-t24-evolution-_pr_18664\/"]}]},{"@type":"ImageObject","inLanguage":"sv-SE","@id":"https:\/\/com.rst-steel.eu\/product\/lazer-t24-evolution-_pr_18664\/#primaryimage","url":"https:\/\/com.rst-steel.eu\/wp-content\/uploads\/2023\/02\/92e5b2c2587704767a2fb6c2c696fd36edbad27c_T24_Straight_Side_brackets_1000x750.jpg","contentUrl":"https:\/\/com.rst-steel.eu\/wp-content\/uploads\/2023\/02\/92e5b2c2587704767a2fb6c2c696fd36edbad27c_T24_Straight_Side_brackets_1000x750.jpg","width":1000,"height":750,"caption":"Lazer T24 EVOLUTION"},{"@type":"BreadcrumbList","@id":"https:\/\/com.rst-steel.eu\/product\/lazer-t24-evolution-_pr_18664\/#breadcrumb","itemListElement":[{"@type":"ListItem","position":1,"name":"Home","item":"https:\/\/com.rst-steel.eu\/"},{"@type":"ListItem","position":2,"name":"RST-Steel Shop","item":"https:\/\/com.rst-steel.eu\/shop\/"},{"@type":"ListItem","position":3,"name":"Lazer T24 EVOLUTION"}]},{"@type":"WebSite","@id":"https:\/\/com.rst-steel.eu\/#website","url":"https:\/\/com.rst-steel.eu\/","name":"RST-Stahl.com","description":"Finskt kvalitetsst\u00e5l, f\u00f6r kvalitetsmedvetna f\u00f6rare","publisher":{"@id":"https:\/\/com.rst-steel.eu\/#organization"},"alternateName":"Safe and stylish RST-Steel quality","potentialAction":[{"@type":"SearchAction","target":{"@type":"EntryPoint","urlTemplate":"https:\/\/com.rst-steel.eu\/?s={search_term_string}"},"query-input":{"@type":"PropertyValueSpecification","valueRequired":true,"valueName":"search_term_string"}}],"inLanguage":"sv-SE"},{"@type":"Organization","@id":"https:\/\/com.rst-steel.eu\/#organization","name":"RST-Steel Oy","url":"https:\/\/com.rst-steel.eu\/","logo":{"@type":"ImageObject","inLanguage":"sv-SE","@id":"https:\/\/com.rst-steel.eu\/#\/schema\/logo\/image\/","url":"https:\/\/com.rst-steel.eu\/wp-content\/uploads\/2023\/04\/cropped-Rst-logo-valkoinen-teksti-3.png","contentUrl":"https:\/\/com.rst-steel.eu\/wp-content\/uploads\/2023\/04\/cropped-Rst-logo-valkoinen-teksti-3.png","width":512,"height":115,"caption":"RST-Steel Oy"},"image":{"@id":"https:\/\/com.rst-steel.eu\/#\/schema\/logo\/image\/"},"sameAs":["https:\/\/www.facebook.com\/rststeel","https:\/\/www.instagram.com\/rststeeloy\/"]}]}},"brands":[{"id":8332,"name":"Lazer Lamps","slug":"brand_lazerlamps"}],"_links":{"self":[{"href":"https:\/\/com.rst-steel.eu\/sv\/wp-json\/wp\/v2\/product\/36696","targetHints":{"allow":["GET"]}}],"collection":[{"href":"https:\/\/com.rst-steel.eu\/sv\/wp-json\/wp\/v2\/product"}],"about":[{"href":"https:\/\/com.rst-steel.eu\/sv\/wp-json\/wp\/v2\/types\/product"}],"replies":[{"embeddable":true,"href":"https:\/\/com.rst-steel.eu\/sv\/wp-json\/wp\/v2\/comments?post=36696"}],"version-history":[{"count":0,"href":"https:\/\/com.rst-steel.eu\/sv\/wp-json\/wp\/v2\/product\/36696\/revisions"}],"wp:featuredmedia":[{"embeddable":true,"href":"https:\/\/com.rst-steel.eu\/sv\/wp-json\/wp\/v2\/media\/36691"}],"wp:attachment":[{"href":"https:\/\/com.rst-steel.eu\/sv\/wp-json\/wp\/v2\/media?parent=36696"}],"wp:term":[{"taxonomy":"make_fuel_type","embeddable":true,"href":"https:\/\/com.rst-steel.eu\/sv\/wp-json\/wp\/v2\/make_fuel_type?post=36696"},{"taxonomy":"make_model","embeddable":true,"href":"https:\/\/com.rst-steel.eu\/sv\/wp-json\/wp\/v2\/make_model?post=36696"},{"taxonomy":"make_brand","embeddable":true,"href":"https:\/\/com.rst-steel.eu\/sv\/wp-json\/wp\/v2\/make_brand?post=36696"},{"taxonomy":"make_year","embeddable":true,"href":"https:\/\/com.rst-steel.eu\/sv\/wp-json\/wp\/v2\/make_year?post=36696"},{"taxonomy":"pwb-brand","embeddable":true,"href":"https:\/\/com.rst-steel.eu\/sv\/wp-json\/wp\/v2\/pwb-brand?post=36696"},{"taxonomy":"product_brand","embeddable":true,"href":"https:\/\/com.rst-steel.eu\/sv\/wp-json\/wp\/v2\/product_brand?post=36696"},{"taxonomy":"product_cat","embeddable":true,"href":"https:\/\/com.rst-steel.eu\/sv\/wp-json\/wp\/v2\/product_cat?post=36696"},{"taxonomy":"product_tag","embeddable":true,"href":"https:\/\/com.rst-steel.eu\/sv\/wp-json\/wp\/v2\/product_tag?post=36696"}],"curies":[{"name":"wp","href":"https:\/\/api.w.org\/{rel}","templated":true}]}}