{"id":36663,"date":"2023-02-10T16:18:28","date_gmt":"2023-02-10T13:18:28","guid":{"rendered":"https:\/\/rst-steel.fi-c.seravo.com\/product\/lazer-sentinel-9-elite_pr_18702\/"},"modified":"2026-03-16T09:21:21","modified_gmt":"2026-03-16T06:21:21","slug":"lazer-sentinel-9-elite-auxiliary-light-lens-protector_pr_18702","status":"publish","type":"product","link":"https:\/\/com.rst-steel.eu\/sv\/produkt\/lazer-sentinel-9-elite-auxiliary-light-lens-protector_pr_18702\/","title":{"rendered":"Lazer Sentinel 9\u201d Elite Extraljus"},"content":{"rendered":"<p>Sentinel-serien, som \u00e4r ny f\u00f6r 2021, \u00e4r 9\" runda lampor som kombinerar distinkt avancerad produktdesign med \u00f6verl\u00e4gsen belysningsprestanda och byggkvalitet som symboliserar namnet Lazer Lamps. Sentinel Elite-produkten finns tillg\u00e4nglig med ett elegant svart inre utseende (finns \u00e4ven med integrerad vit\/amber positionsljusfunktion) och en kombination av 32 h\u00f6geffektslysdioder, som representerar den allra b\u00e4sta belysningsprestanda som f\u00f6rv\u00e4ntas av en produkt som b\u00e4r \"Elite\"-taggen. Bortsett fr\u00e5n ljusprestanda s\u00e4kerst\u00e4ller den noggranna produktdesignen att detta \u00e4r en produkt som sticker ut av alla de r\u00e4tta anledningarna.<\/p>\n<p><\/p>\n<p>Lamporna avger 15.232 r\u00e5a lumen och ger 1 lux p\u00e5 742 m, men det \u00e4r i den 52-gradiga horisontella spridningen av ljuset och synligheten vid sidan av v\u00e4gen eller banan p\u00e5 medell\u00e5ngt och l\u00e5ngt avst\u00e5nd som Sentinel Elite verkligen kommer till sin r\u00e4tt. F\u00f6r en demonstration av belysningsprestandan, klicka p\u00e5 videosektionen nedan. Som alla Lazer-produkter \u00e4r f\u00e4rgtemperaturen p\u00e5 behagliga 5000K behaglig f\u00f6r \u00f6gat, samtidigt som den maximerar sk\u00e4rpan och definitionen av objekt framf\u00f6r dig. Lampan \u00e4r UNECE-godk\u00e4nd enligt f\u00f6reskrifter nr 112 som helljusstr\u00e5lkastare tack vare Lazer:s E-Boost-teknik med dubbla effekter; vid 100% ligger ljusfl\u00f6det \u00f6ver den till\u00e5tna gr\u00e4nsen i ECE-f\u00f6reskrifterna, s\u00e5 om man tar bort den medf\u00f6ljande Boost Cap fr\u00e5n baksidan av lampan minskar ljusfl\u00f6det s\u00e5 att det ligger inom den till\u00e5tna gr\u00e4nsen.<\/p>\n<p><\/p>\n<p>Produktfunktioner:<\/p>\n<p><\/p>\n<p>Kombination av 32 premium \"bin\"-lysdioder<\/p>\n<p>Levereras med f\u00f6rkontakterade 2-poliga Superseal-kontakter, hane\/hona<\/p>\n<p>5000K LED-f\u00e4rgtemperatur och 80CRI ger maximal sk\u00e4rpa och definition<\/p>\n<p>Ultra-reflekterande vakuum-metalliserad spot- och bredoptik<\/p>\n<p>UNECE Reg 112 Class B Driving Light, godk\u00e4nd f\u00f6r helljus p\u00e5 v\u00e4g (E-Boost-teknik)<\/p>\n<p>Modern lampdesign<\/p>\n<p>Levereras med \"slimmat\" monteringsf\u00e4ste i pressgjuten aluminium med Sentinel-st\u00e4mpel<\/p>\n<p>Elektroniskt v\u00e4rmehanteringssystem optimerar ljusfl\u00f6det f\u00f6r att bevara LED-lampornas livsl\u00e4ngd<\/p>\n<p>Anodiserad f\u00f6rbehandling och pulverlackering av fordonskvalitet f\u00f6r ultimat korrosions- och kemikalieskydd<\/p>\n<p>CAE-optimerad kylfl\u00e4ns ger f\u00f6rb\u00e4ttrad termisk dynamik<\/p>\n<p>Skyddad mot \u00f6versp\u00e4nning<\/p>\n<p>Skyddad mot omv\u00e4nd polaritet<\/p>\n<p>\"Okrossbar\" lins av polykarbonat med h\u00e5rdlackerad yta<\/p>\n<p>A2-f\u00e4stelement i rostfritt st\u00e5l med svart bel\u00e4ggning f\u00f6r fordonsindustrin<\/p>\n<p>UNECE godk\u00e4nd Reg 10<\/p>\n<p>IP68 vattent\u00e4t - 1,5 m neds\u00e4nkning i vatten (30 min)<\/p>\n<p>Designad och tillverkad i Storbritannien<\/p>\n<p><\/p>\n<p><\/p>\n<p>Tekniska specifikationer<\/p>\n<p><\/p>\n<p>&nbsp;&nbsp;&nbsp;&nbsp;&nbsp;&nbsp;&nbsp;&nbsp;&nbsp;&nbsp;&nbsp;&nbsp;&nbsp;&nbsp;&nbsp;&nbsp;&nbsp;&nbsp;&nbsp;&nbsp;&nbsp;&nbsp;&nbsp;&nbsp;&nbsp;&nbsp;&nbsp;&nbsp;&nbsp;&nbsp;&nbsp;&nbsp;&nbsp;&nbsp;&nbsp;&nbsp;<span style=\"font-weight: bold\">E-Boost<\/span><span>\t<\/span><span style=\"font-weight: bold\">E-Mark-l\u00e4ge<\/span><\/p>\n<p>Sp\u00e4nningsintervall (DC)<span>\t<\/span>10-32V \/ 10-32V<\/p>\n<p>LED Livsl\u00e4ngd<span>\t<\/span>50.000 timmar \/ 50.000 timmar<\/p>\n<p>Vikt<span>\t<\/span>2,5 kg\/ 2,5 kg<\/p>\n<p><\/p>\n<p><\/p>\n<p>HELLJUSFUNKTION<span>\t<\/span><\/p>\n<p> <span>\t<\/span>&nbsp;<\/p>\n<p>Totalt ljusfl\u00f6de<span>\t<\/span>15232 Lm \/ 3046 Lm<\/p>\n<p>Totalt f\u00f6rarfl\u00f6de \"FOV\" \u2020<span>\t<\/span>9048 Lm \/ 1809 Lm<\/p>\n<p>F\u00e4rgtemperatur<span>\t<\/span>5000k \/ 5000k<\/p>\n<p>Antal lysdioder med h\u00f6g utg\u00e5ngseffekt<span>\t<\/span>32 \/ 32<\/p>\n<p>Str\u00f6mf\u00f6rbrukning<span>\t<\/span>145 watt \/ 29 watt<\/p>\n<p>Str\u00f6muttag (vid 14,4 V)<span>\t<\/span>10,1 ampere \/ 2 ampere<\/p>\n<p><\/p>\n<p><\/p>\n<p>CERTIFIERING<span>\t<\/span> <span>\t<\/span><\/p>\n<p>&nbsp;<\/p>\n<p>H\u00f6g str\u00e5lkastare<span>\t<\/span>N\/A<span>\t<\/span>ECE R112<\/p>\n<p>E-Mark Ref<span>\t<\/span>N\/A<span>\t<\/span>20<\/p>\n<p><\/p>\n<p><\/p>\n<p>FOTOMETRISKA DATA<span>\t<\/span> <\/p>\n<p><span>\t<\/span>&nbsp;<\/p>\n<p>Horisontell str\u00e5lvinkel<span>\t<\/span>52 grader<span>\t<\/span>52 grader<\/p>\n<p>0,25 lx Linje<span>\t<\/span>1483 meter<span>\t<\/span>663 meter<\/p>\n<p>0,5 lx Linje<span>\t<\/span>1049 meter<span>\t<\/span>469 meter<\/p>\n<p>1 lx Linje<span>\t<\/span>742 meter<span>\t<\/span>332 meter<\/p>\n<p>3 lx Linje<span>\t<\/span>428 meter<span>\t<\/span>191 meter<\/p>\n<p><\/p>\n<p><\/p>\n<p>Vad ing\u00e5r?<\/p>\n<p><\/p>\n<p>x1 Sentinel 9\" Elite LED-lampa<\/p>\n<p>x1 'Slim' monteringssats&nbsp;<\/p>\n<p>x1 'Lazer' svart linsskydd<\/p>\n<p>x1 Installationsanvisningar<\/p>","protected":false},"excerpt":{"rendered":"<p style=\"margin-top: 0rem;margin-bottom: 1.1rem\">5 \u00e5rs garanti!<\/p>\n<p style=\"margin-top: 0rem;margin-bottom: 1.1rem\"><\/p>\n<p style=\"margin-top: 0rem;margin-bottom: 1.1rem\">Levereras med Lazer-m\u00e4rkt svart linsskydd<\/p>\n<p style=\"margin-top: 0rem;margin-bottom: 1.1rem\"><\/p>\n<p><\/p>","protected":false},"featured_media":36658,"comment_status":"open","ping_status":"closed","template":"","meta":{"_improvement_type_select":"improve_an_existing","_thumb_yes_seoaic":false,"_frame_yes_seoaic":false,"seoaic_generate_description":"","seoaic_improve_instructions_prompt":"","seoaic_rollback_content_improvement":"","seoaic_idea_thumbnail_generator":"","thumbnail_generated":false,"thumbnail_generate_prompt":"","seoaic_article_description":""},"make_fuel_type":[],"make_model":[],"make_brand":[],"make_year":[3748,6373],"pwb-brand":[8332],"product_brand":[],"product_cat":[6195,6209,6211,7207],"product_tag":[7551,6298,6363],"class_list":{"0":"post-36663","1":"product","2":"type-product","3":"status-publish","4":"has-post-thumbnail","6":"make_year-trucks","7":"make_year-van","8":"pwb-brand-brand_lazerlamps","9":"product_cat-lamps","10":"product_cat-auxiliary-lights","11":"product_cat-lazer-lamps-auxiliary-lights","12":"product_cat-rst-sentinell","13":"product_tag-extraljus","14":"product_tag-lazer-lamps","15":"product_tag-sentinel","17":"first","18":"instock","19":"taxable","20":"shipping-taxable","21":"purchasable","22":"product-type-simple"},"yoast_head":"<!-- This site is optimized with the Yoast SEO plugin v25.7 - https:\/\/yoast.com\/wordpress\/plugins\/seo\/ -->\n<title>Lazer Sentinel 9&#039;&#039; Elite Auxiliary Light, Lens protector - RST-Steel<\/title>\n<meta name=\"description\" content=\"The Lazer Sentinel 9&quot; Elite Extra Light features high-performance LED illumination with lens protection, offering exceptional brightness and durability.\" \/>\n<meta name=\"robots\" content=\"index, follow, max-snippet:-1, max-image-preview:large, max-video-preview:-1\" \/>\n<link rel=\"canonical\" href=\"https:\/\/com.rst-steel.eu\/sv\/produkt\/lazer-sentinel-9-elite-auxiliary-light-lens-protector_pr_18702\/\" \/>\n<meta property=\"og:locale\" content=\"sv_SE\" \/>\n<meta property=\"og:type\" content=\"article\" \/>\n<meta property=\"og:title\" content=\"Lazer Sentinel 9&#039;&#039; Elite Auxiliary Light, Lens protector - RST-Steel\" \/>\n<meta property=\"og:description\" content=\"The Lazer Sentinel 9&quot; Elite Extra Light features high-performance LED illumination with lens protection, offering exceptional brightness and durability.\" \/>\n<meta property=\"og:url\" content=\"https:\/\/com.rst-steel.eu\/sv\/produkt\/lazer-sentinel-9-elite-auxiliary-light-lens-protector_pr_18702\/\" \/>\n<meta property=\"og:site_name\" content=\"RST-Steel\" \/>\n<meta property=\"article:publisher\" content=\"https:\/\/www.facebook.com\/rststeel\" \/>\n<meta property=\"article:modified_time\" content=\"2026-03-16T06:21:21+00:00\" \/>\n<meta property=\"og:image\" content=\"https:\/\/com.rst-steel.eu\/wp-content\/uploads\/2023\/02\/a4de42cf37d12234a0d2d125e6101517bb4192f5_Sentine_Elite-scaled.jpeg\" \/>\n\t<meta property=\"og:image:width\" content=\"2560\" \/>\n\t<meta property=\"og:image:height\" content=\"1710\" \/>\n\t<meta property=\"og:image:type\" content=\"image\/jpeg\" \/>\n<meta name=\"twitter:card\" content=\"summary_large_image\" \/>\n<meta name=\"twitter:label1\" content=\"Ber\u00e4knad l\u00e4stid\" \/>\n\t<meta name=\"twitter:data1\" content=\"3 minuter\" \/>\n<script type=\"application\/ld+json\" class=\"yoast-schema-graph\">{\"@context\":\"https:\/\/schema.org\",\"@graph\":[{\"@type\":\"WebPage\",\"@id\":\"https:\/\/com.rst-steel.eu\/nb\/produkt\/lazer-sentinel-9-elite-auxiliary-light-lens-protector_pr_18702\/\",\"url\":\"https:\/\/com.rst-steel.eu\/nb\/produkt\/lazer-sentinel-9-elite-auxiliary-light-lens-protector_pr_18702\/\",\"name\":\"Lazer Sentinel 9'' Elite Auxiliary Light, Lens protector - RST-Steel\",\"isPartOf\":{\"@id\":\"https:\/\/com.rst-steel.eu\/#website\"},\"primaryImageOfPage\":{\"@id\":\"https:\/\/com.rst-steel.eu\/nb\/produkt\/lazer-sentinel-9-elite-auxiliary-light-lens-protector_pr_18702\/#primaryimage\"},\"image\":{\"@id\":\"https:\/\/com.rst-steel.eu\/nb\/produkt\/lazer-sentinel-9-elite-auxiliary-light-lens-protector_pr_18702\/#primaryimage\"},\"thumbnailUrl\":\"https:\/\/com.rst-steel.eu\/wp-content\/uploads\/2023\/02\/a4de42cf37d12234a0d2d125e6101517bb4192f5_Sentine_Elite-scaled.jpeg\",\"datePublished\":\"2023-02-10T13:18:28+00:00\",\"dateModified\":\"2026-03-16T06:21:21+00:00\",\"description\":\"The Lazer Sentinel 9\\\" Elite Extra Light features high-performance LED illumination with lens protection, offering exceptional brightness and durability.\",\"breadcrumb\":{\"@id\":\"https:\/\/com.rst-steel.eu\/nb\/produkt\/lazer-sentinel-9-elite-auxiliary-light-lens-protector_pr_18702\/#breadcrumb\"},\"inLanguage\":\"sv-SE\",\"potentialAction\":[{\"@type\":\"ReadAction\",\"target\":[\"https:\/\/com.rst-steel.eu\/nb\/produkt\/lazer-sentinel-9-elite-auxiliary-light-lens-protector_pr_18702\/\"]}]},{\"@type\":\"ImageObject\",\"inLanguage\":\"sv-SE\",\"@id\":\"https:\/\/com.rst-steel.eu\/nb\/produkt\/lazer-sentinel-9-elite-auxiliary-light-lens-protector_pr_18702\/#primaryimage\",\"url\":\"https:\/\/com.rst-steel.eu\/wp-content\/uploads\/2023\/02\/a4de42cf37d12234a0d2d125e6101517bb4192f5_Sentine_Elite-scaled.jpeg\",\"contentUrl\":\"https:\/\/com.rst-steel.eu\/wp-content\/uploads\/2023\/02\/a4de42cf37d12234a0d2d125e6101517bb4192f5_Sentine_Elite-scaled.jpeg\",\"width\":2560,\"height\":1710,\"caption\":\"Lazer Sentinel 9\\\" Elite Extra Light, with lens protection\"},{\"@type\":\"BreadcrumbList\",\"@id\":\"https:\/\/com.rst-steel.eu\/nb\/produkt\/lazer-sentinel-9-elite-auxiliary-light-lens-protector_pr_18702\/#breadcrumb\",\"itemListElement\":[{\"@type\":\"ListItem\",\"position\":1,\"name\":\"Home\",\"item\":\"https:\/\/com.rst-steel.eu\/\"},{\"@type\":\"ListItem\",\"position\":2,\"name\":\"RST-Steel Shop\",\"item\":\"https:\/\/com.rst-steel.eu\/shop\/\"},{\"@type\":\"ListItem\",\"position\":3,\"name\":\"Lazer Sentinel 9&#8221; Elite Auxiliary Light, Lens protector\"}]},{\"@type\":\"WebSite\",\"@id\":\"https:\/\/com.rst-steel.eu\/#website\",\"url\":\"https:\/\/com.rst-steel.eu\/\",\"name\":\"RST-Steel.com\",\"description\":\"Finnish quality steel, for quality-conscious drivers\",\"publisher\":{\"@id\":\"https:\/\/com.rst-steel.eu\/#organization\"},\"alternateName\":\"Safe and stylish RST-Steel quality\",\"potentialAction\":[{\"@type\":\"SearchAction\",\"target\":{\"@type\":\"EntryPoint\",\"urlTemplate\":\"https:\/\/com.rst-steel.eu\/?s={search_term_string}\"},\"query-input\":{\"@type\":\"PropertyValueSpecification\",\"valueRequired\":true,\"valueName\":\"search_term_string\"}}],\"inLanguage\":\"sv-SE\"},{\"@type\":\"Organization\",\"@id\":\"https:\/\/com.rst-steel.eu\/#organization\",\"name\":\"RST-Steel Oy\",\"url\":\"https:\/\/com.rst-steel.eu\/\",\"logo\":{\"@type\":\"ImageObject\",\"inLanguage\":\"sv-SE\",\"@id\":\"https:\/\/com.rst-steel.eu\/#\/schema\/logo\/image\/\",\"url\":\"https:\/\/com.rst-steel.eu\/wp-content\/uploads\/2023\/04\/cropped-Rst-logo-valkoinen-teksti-3.png\",\"contentUrl\":\"https:\/\/com.rst-steel.eu\/wp-content\/uploads\/2023\/04\/cropped-Rst-logo-valkoinen-teksti-3.png\",\"width\":512,\"height\":115,\"caption\":\"RST-Steel Oy\"},\"image\":{\"@id\":\"https:\/\/com.rst-steel.eu\/#\/schema\/logo\/image\/\"},\"sameAs\":[\"https:\/\/www.facebook.com\/rststeel\",\"https:\/\/www.instagram.com\/rststeeloy\/\"]}]}<\/script>\n<!-- \/ Yoast SEO plugin. -->","yoast_head_json":{"title":"Lazer Sentinel 9'' Elite Auxiliary Light, Lens protector - RST-Steel","description":"Lazer Sentinel 9\" Elite Extra Light har h\u00f6gpresterande LED-belysning med linsskydd, vilket ger exceptionell ljusstyrka och h\u00e5llbarhet.","robots":{"index":"index","follow":"follow","max-snippet":"max-snippet:-1","max-image-preview":"max-image-preview:large","max-video-preview":"max-video-preview:-1"},"canonical":"https:\/\/com.rst-steel.eu\/sv\/produkt\/lazer-sentinel-9-elite-auxiliary-light-lens-protector_pr_18702\/","og_locale":"sv_SE","og_type":"article","og_title":"Lazer Sentinel 9'' Elite Auxiliary Light, Lens protector - RST-Steel","og_description":"The Lazer Sentinel 9\" Elite Extra Light features high-performance LED illumination with lens protection, offering exceptional brightness and durability.","og_url":"https:\/\/com.rst-steel.eu\/sv\/produkt\/lazer-sentinel-9-elite-auxiliary-light-lens-protector_pr_18702\/","og_site_name":"RST-Steel","article_publisher":"https:\/\/www.facebook.com\/rststeel","article_modified_time":"2026-03-16T06:21:21+00:00","og_image":[{"width":2560,"height":1710,"url":"https:\/\/com.rst-steel.eu\/wp-content\/uploads\/2023\/02\/a4de42cf37d12234a0d2d125e6101517bb4192f5_Sentine_Elite-scaled.jpeg","type":"image\/jpeg"}],"twitter_card":"summary_large_image","twitter_misc":{"Ber\u00e4knad l\u00e4stid":"3 minuter"},"schema":{"@context":"https:\/\/schema.org","@graph":[{"@type":"WebPage","@id":"https:\/\/com.rst-steel.eu\/nb\/produkt\/lazer-sentinel-9-elite-auxiliary-light-lens-protector_pr_18702\/","url":"https:\/\/com.rst-steel.eu\/nb\/produkt\/lazer-sentinel-9-elite-auxiliary-light-lens-protector_pr_18702\/","name":"Lazer Sentinel 9'' Elite Auxiliary Light, Lens protector - RST-Steel","isPartOf":{"@id":"https:\/\/com.rst-steel.eu\/#website"},"primaryImageOfPage":{"@id":"https:\/\/com.rst-steel.eu\/nb\/produkt\/lazer-sentinel-9-elite-auxiliary-light-lens-protector_pr_18702\/#primaryimage"},"image":{"@id":"https:\/\/com.rst-steel.eu\/nb\/produkt\/lazer-sentinel-9-elite-auxiliary-light-lens-protector_pr_18702\/#primaryimage"},"thumbnailUrl":"https:\/\/com.rst-steel.eu\/wp-content\/uploads\/2023\/02\/a4de42cf37d12234a0d2d125e6101517bb4192f5_Sentine_Elite-scaled.jpeg","datePublished":"2023-02-10T13:18:28+00:00","dateModified":"2026-03-16T06:21:21+00:00","description":"Lazer Sentinel 9\" Elite Extra Light har h\u00f6gpresterande LED-belysning med linsskydd, vilket ger exceptionell ljusstyrka och h\u00e5llbarhet.","breadcrumb":{"@id":"https:\/\/com.rst-steel.eu\/nb\/produkt\/lazer-sentinel-9-elite-auxiliary-light-lens-protector_pr_18702\/#breadcrumb"},"inLanguage":"sv-SE","potentialAction":[{"@type":"ReadAction","target":["https:\/\/com.rst-steel.eu\/nb\/produkt\/lazer-sentinel-9-elite-auxiliary-light-lens-protector_pr_18702\/"]}]},{"@type":"ImageObject","inLanguage":"sv-SE","@id":"https:\/\/com.rst-steel.eu\/nb\/produkt\/lazer-sentinel-9-elite-auxiliary-light-lens-protector_pr_18702\/#primaryimage","url":"https:\/\/com.rst-steel.eu\/wp-content\/uploads\/2023\/02\/a4de42cf37d12234a0d2d125e6101517bb4192f5_Sentine_Elite-scaled.jpeg","contentUrl":"https:\/\/com.rst-steel.eu\/wp-content\/uploads\/2023\/02\/a4de42cf37d12234a0d2d125e6101517bb4192f5_Sentine_Elite-scaled.jpeg","width":2560,"height":1710,"caption":"Lazer Sentinel 9\" Elite Extra Light, with lens protection"},{"@type":"BreadcrumbList","@id":"https:\/\/com.rst-steel.eu\/nb\/produkt\/lazer-sentinel-9-elite-auxiliary-light-lens-protector_pr_18702\/#breadcrumb","itemListElement":[{"@type":"ListItem","position":1,"name":"Home","item":"https:\/\/com.rst-steel.eu\/"},{"@type":"ListItem","position":2,"name":"RST-Steel Shop","item":"https:\/\/com.rst-steel.eu\/shop\/"},{"@type":"ListItem","position":3,"name":"Lazer Sentinel 9&#8221; Elite Auxiliary Light, Lens protector"}]},{"@type":"WebSite","@id":"https:\/\/com.rst-steel.eu\/#website","url":"https:\/\/com.rst-steel.eu\/","name":"RST-Stahl.com","description":"Finskt kvalitetsst\u00e5l, f\u00f6r kvalitetsmedvetna f\u00f6rare","publisher":{"@id":"https:\/\/com.rst-steel.eu\/#organization"},"alternateName":"Safe and stylish RST-Steel quality","potentialAction":[{"@type":"SearchAction","target":{"@type":"EntryPoint","urlTemplate":"https:\/\/com.rst-steel.eu\/?s={search_term_string}"},"query-input":{"@type":"PropertyValueSpecification","valueRequired":true,"valueName":"search_term_string"}}],"inLanguage":"sv-SE"},{"@type":"Organization","@id":"https:\/\/com.rst-steel.eu\/#organization","name":"RST-Steel Oy","url":"https:\/\/com.rst-steel.eu\/","logo":{"@type":"ImageObject","inLanguage":"sv-SE","@id":"https:\/\/com.rst-steel.eu\/#\/schema\/logo\/image\/","url":"https:\/\/com.rst-steel.eu\/wp-content\/uploads\/2023\/04\/cropped-Rst-logo-valkoinen-teksti-3.png","contentUrl":"https:\/\/com.rst-steel.eu\/wp-content\/uploads\/2023\/04\/cropped-Rst-logo-valkoinen-teksti-3.png","width":512,"height":115,"caption":"RST-Steel Oy"},"image":{"@id":"https:\/\/com.rst-steel.eu\/#\/schema\/logo\/image\/"},"sameAs":["https:\/\/www.facebook.com\/rststeel","https:\/\/www.instagram.com\/rststeeloy\/"]}]}},"brands":[{"id":8332,"name":"Lazer Lamps","slug":"brand_lazerlamps"}],"_links":{"self":[{"href":"https:\/\/com.rst-steel.eu\/sv\/wp-json\/wp\/v2\/product\/36663","targetHints":{"allow":["GET"]}}],"collection":[{"href":"https:\/\/com.rst-steel.eu\/sv\/wp-json\/wp\/v2\/product"}],"about":[{"href":"https:\/\/com.rst-steel.eu\/sv\/wp-json\/wp\/v2\/types\/product"}],"replies":[{"embeddable":true,"href":"https:\/\/com.rst-steel.eu\/sv\/wp-json\/wp\/v2\/comments?post=36663"}],"version-history":[{"count":0,"href":"https:\/\/com.rst-steel.eu\/sv\/wp-json\/wp\/v2\/product\/36663\/revisions"}],"wp:featuredmedia":[{"embeddable":true,"href":"https:\/\/com.rst-steel.eu\/sv\/wp-json\/wp\/v2\/media\/36658"}],"wp:attachment":[{"href":"https:\/\/com.rst-steel.eu\/sv\/wp-json\/wp\/v2\/media?parent=36663"}],"wp:term":[{"taxonomy":"make_fuel_type","embeddable":true,"href":"https:\/\/com.rst-steel.eu\/sv\/wp-json\/wp\/v2\/make_fuel_type?post=36663"},{"taxonomy":"make_model","embeddable":true,"href":"https:\/\/com.rst-steel.eu\/sv\/wp-json\/wp\/v2\/make_model?post=36663"},{"taxonomy":"make_brand","embeddable":true,"href":"https:\/\/com.rst-steel.eu\/sv\/wp-json\/wp\/v2\/make_brand?post=36663"},{"taxonomy":"make_year","embeddable":true,"href":"https:\/\/com.rst-steel.eu\/sv\/wp-json\/wp\/v2\/make_year?post=36663"},{"taxonomy":"pwb-brand","embeddable":true,"href":"https:\/\/com.rst-steel.eu\/sv\/wp-json\/wp\/v2\/pwb-brand?post=36663"},{"taxonomy":"product_brand","embeddable":true,"href":"https:\/\/com.rst-steel.eu\/sv\/wp-json\/wp\/v2\/product_brand?post=36663"},{"taxonomy":"product_cat","embeddable":true,"href":"https:\/\/com.rst-steel.eu\/sv\/wp-json\/wp\/v2\/product_cat?post=36663"},{"taxonomy":"product_tag","embeddable":true,"href":"https:\/\/com.rst-steel.eu\/sv\/wp-json\/wp\/v2\/product_tag?post=36663"}],"curies":[{"name":"wp","href":"https:\/\/api.w.org\/{rel}","templated":true}]}}