{"id":36651,"date":"2023-02-10T16:18:00","date_gmt":"2023-02-10T13:18:00","guid":{"rendered":"https:\/\/rst-steel.fi-c.seravo.com\/product\/lazer-triple-r-1250-elite-with-i-lba_pr_18693\/"},"modified":"2026-03-16T09:21:20","modified_gmt":"2026-03-16T06:21:20","slug":"lazer-triple-r-1250-elite-gen2-lba-light-bar_pr_18693","status":"publish","type":"product","link":"https:\/\/com.rst-steel.eu\/sv\/produkt\/lazer-triple-r-1250-elite-gen2-lba-light-bar_pr_18693\/","title":{"rendered":"Lazer Triple-R 1250 Elite GEN2 LBA Extraljus"},"content":{"rendered":"<p>Triple-R 1250 Elite med Intelligent Low Beam Assist \u00e4r en v\u00e4rldsnyhet som utnyttjar patents\u00f6kt teknik och omdefinierar prestanda och funktionalitet f\u00f6r extra LED-k\u00f6rljus. En kombination av de senaste h\u00f6geffektiva lysdioderna ger en finjusterad ljusbild, optimerad f\u00f6r anv\u00e4ndning p\u00e5 v\u00e4g, som helt enkelt \u00e4r o\u00f6vertr\u00e4ffad med tanke p\u00e5 lampans storlek. Genom att anv\u00e4nda fotoelektriska sensorer som \u00e4r inb\u00e4ddade i k\u00f6rljuset, n\u00e4r helljuset st\u00e4ngs av, f\u00f6rb\u00e4ttras dessutom \u00f6verg\u00e5ngen fr\u00e5n helljus till helljus avsev\u00e4rt eftersom lampan bibeh\u00e5ller h\u00f6gre belysningsniv\u00e5er i zoner d\u00e4r det bekr\u00e4ftas att det inte finns n\u00e5gra m\u00f6tande fordon eller hinder.<\/p>\n<p><\/p>\n<p>Varje lampa best\u00e5r av 36 lysdioder och ger otroliga 13 136 r\u00e5a lumen, som \u00e5 ena sidan ger en exceptionell avst\u00e5ndsbelysning med 1 lux p\u00e5 826 m och \u00e5 andra sidan 44 graders spridning \u00e5t v\u00e4nster\/h\u00f6ger f\u00f6r en s\u00e4ker och avkopplande nattk\u00f6rning. N\u00e4r Intelligent Low Beam Assist-l\u00e4get \u00e4r aktiverat, vid \u00f6verg\u00e5ngen fr\u00e5n helljus till halvljus, avaktiveras den centrala optiken (som ger avst\u00e5ndsbelysning) n\u00e4r standardljuset st\u00e4ngs av. Den utm\u00e4rkta sikten vid sidan av v\u00e4gen p\u00e5 kort och medell\u00e5ngt avst\u00e5nd bibeh\u00e5lls n\u00e4r lampan \u00f6vervakar den m\u00f6tande trafiken. Vid l\u00e4mplig tidpunkt avaktiveras den extra belysningen p\u00e5 b\u00e5da sidor av v\u00e4gen f\u00f6r att undvika st\u00f6rningar f\u00f6r m\u00f6tande fordon. N\u00e4r fordonet har passerat (och efter en kort f\u00f6rdr\u00f6jning) \u00e5terg\u00e5r lampan automatiskt till Low Beam Assist-l\u00e4ge (f\u00f6rutsatt att inga ytterligare fordon eller hinder uppt\u00e4cks l\u00e4ngre fram), eller \u00e5terg\u00e5r till att fungera som helljus om det aktiveras (antingen manuellt eller som en del av bilens automatiska str\u00e5lkastarfunktion).<\/p>\n<p><\/p>\n<p>Varje sensor i lampan \u00f6vervakar v\u00e4gf\u00f6rh\u00e5llandena mer \u00e4n 30 g\u00e5nger per sekund, vilket ger en prestanda och funktionalitet som k\u00e4nns s\u00e4ker och tillf\u00f6rlitlig. Kontinuerlig omkalibrering av dessa sensorer s\u00e4kerst\u00e4ller att lampan reagerar p\u00e5 f\u00f6r\u00e4ndrade milj\u00f6f\u00f6rh\u00e5llanden n\u00e4r den anv\u00e4nds, oavsett om det \u00e4r f\u00f6r\u00e4ndrade v\u00e4derf\u00f6rh\u00e5llanden eller om lampan blockeras av smuts, damm, sn\u00f6 etc. Under \u00f6verg\u00e5ngsfasen fr\u00e5n helljus till halvljus reagerar lampan ocks\u00e5 p\u00e5 andra ljusemitterande f\u00f6rem\u00e5l framf\u00f6r f\u00f6raren, t.ex. medelstora\/stora v\u00e4gskyltar, gatubelysning och andra reflekterande hinder. En noggrant vald f\u00f6rdr\u00f6jning av \u00e5teraktiveringen av Low Beam Assist-l\u00e4get f\u00f6rhindrar potentiellt distraherande \"blinkande\" p\u00e5\/av av den extra belysningen vid sidan av v\u00e4gen, medan till\u00e4gget av en sekund\u00e4r str\u00f6mbrytare, p\u00e5 den medf\u00f6ljande kablage-satsen, g\u00f6r det m\u00f6jligt att tillf\u00e4lligt inaktivera Low Beam Assist-funktionen om specifika omst\u00e4ndigheter kr\u00e4ver det.<\/p>\n<p>Lampan \u00e4r ECE-certifierad enligt f\u00f6reskrifterna 112 som helljus, och med hj\u00e4lp av E-Boost-tekniken med dubbla utg\u00e5ngar kan ljusfl\u00f6det \u00f6kas \u00f6ver gr\u00e4nserna i ECE-f\u00f6reskrifterna 112 vid terr\u00e4ngk\u00f6rning, eller n\u00e4r det \u00e4r till\u00e5tet enligt specifik nationell lagstiftning. Intelligent Low Beam Assist-funktionen \u00e4r inte ett godk\u00e4nt halvljus, men \u00e4r en patents\u00f6kt teknik som \u00e4r utformad f\u00f6r att underl\u00e4tta \u00f6verg\u00e5ngen fr\u00e5n helljus till halvljus. Den tidigare n\u00e4mnda sekund\u00e4ra omkopplaren g\u00f6r det m\u00f6jligt att avaktivera funktionen d\u00e4r landets lagar specifikt inte till\u00e5ter anv\u00e4ndning.<\/p>\n<p><\/p>\n<p>Produktfunktioner:&nbsp;<\/p>\n<p><\/p>\n<p>Kombinationen av 36 h\u00f6geffektiva LED-lampor ger enast\u00e5ende ljusprestanda<\/p>\n<p>Ultra-reflekterande vakuum-metalliserad optik ger perfekt avst\u00e4md ljusbild f\u00f6r vardaglig anv\u00e4ndning p\u00e5 v\u00e4garna<\/p>\n<p>Low Beam Assist-l\u00e4get ger \u00f6verl\u00e4gsen sikt p\u00e5 kort och medell\u00e5ng r\u00e4ckvidd<\/p>\n<p>Integrerade fotoelektriska sensorer k\u00e4nner av m\u00f6tande trafik och hinder s\u00e5 att ljusstyrkan anpassas till omgivningen i l\u00e4get Low Beam Assist<\/p>\n<p>5000K LED-f\u00e4rgtemperatur och 80CRI ger maximal sk\u00e4rpa och definition<\/p>\n<p>UNECE Reg 112 Class B Driving Light, godk\u00e4nd f\u00f6r helljus p\u00e5 v\u00e4g (E-Boost-teknik)<\/p>\n<p>Modern lampdesign<\/p>\n<p>Levereras med kabeldragningssats f\u00f6r en lampa<\/p>\n<p>Inneh\u00e5ller ett m\u00e5ngsidigt monteringssystem f\u00f6r \"Centre Mount\" samt integrerade funktioner f\u00f6r sidomontering (konsoler s\u00e4ljs separat)<\/p>\n<p>Elektroniskt v\u00e4rmehanteringssystem optimerar ljusfl\u00f6det f\u00f6r att bevara LED-lampornas livsl\u00e4ngd<\/p>\n<p>Anodiserad f\u00f6rbehandling och pulverlackering av fordonskvalitet f\u00f6r ultimat korrosions- och kemikalieskydd<\/p>\n<p>CAE-optimerad kylfl\u00e4ns ger f\u00f6rb\u00e4ttrad termisk dynamik<\/p>\n<p>Skyddad mot \u00f6versp\u00e4nning<\/p>\n<p>Skyddad mot omv\u00e4nd polaritet<\/p>\n<p>\"Okrossbar\" lins av polykarbonat med h\u00e5rdlackerad yta<\/p>\n<p>UNECE godk\u00e4nd Reg 10<\/p>\n<p>IP67 vattent\u00e4t<\/p>\n<p>5 \u00e5rs garanti<\/p>\n<p>Elektrisk anslutning via 4-poliga Deutsch-kontakter<\/p>\n<p>Designad och tillverkad i Storbritannien<\/p>\n<p><\/p>\n<p><\/p>\n<p>Tekniska specifikationer<\/p>\n<p><\/p>\n<p>&nbsp;&nbsp;&nbsp;&nbsp;&nbsp;&nbsp;&nbsp;&nbsp;&nbsp;&nbsp;&nbsp;&nbsp;&nbsp;&nbsp;&nbsp;&nbsp;&nbsp;&nbsp;&nbsp;&nbsp;&nbsp;&nbsp;&nbsp;&nbsp;&nbsp;&nbsp;&nbsp;&nbsp;&nbsp;&nbsp;&nbsp;&nbsp;&nbsp;&nbsp;&nbsp;&nbsp;&nbsp;&nbsp;&nbsp;&nbsp;&nbsp;&nbsp;&nbsp;<span style=\"font-weight: bold\">&nbsp;E-Boost<span>\t<\/span>E-Mark-l\u00e4ge<\/span><\/p>\n<p>Sp\u00e4nningsintervall (DC)<span>\t<\/span>10-32V<\/p>\n<p>LED Livsl\u00e4ngd<span>\t<\/span>50.000 timmar<\/p>\n<p>Vikt<span>\t<\/span>2,4 kg&nbsp;<\/p>\n<p><\/p>\n<p>HELLJUSFUNKTION<\/p>\n<p><\/p>\n<p>Totalt ljusfl\u00f6de<span>\t<\/span>16136 Lm \/ 4602 Lm<\/p>\n<p>Totalt f\u00f6rarfl\u00f6de \"FOV\" \u2020<span>\t<\/span>8657 Lm \/ 2469 Lm<\/p>\n<p>F\u00e4rgtemperatur<span>\t<\/span>5000k \/ 5000k<\/p>\n<p>Antal lysdioder med h\u00f6g utg\u00e5ngseffekt<span>\t<\/span>36 \/ 36<\/p>\n<p>Str\u00f6mf\u00f6rbrukning<span>\t<\/span>151 watt \/ 35 watt<\/p>\n<p>Toppstr\u00f6muttag (@11V)<span>\t<\/span>15 ampere \/ N\/A<\/p>\n<p>Str\u00f6muttag (@14,4V)<span>\t<\/span>10,5 ampere \/ 1,7 ampere<\/p>\n<p><\/p>\n<p>CERTIFIERING<span>\t<\/span> <span>\t<\/span>&nbsp;<\/p>\n<p>H\u00f6g str\u00e5lkastare<span>\t<\/span>N\/A \/ ECE R112<\/p>\n<p>E-Mark Ref<span>\t<\/span>N\/A \/\u00a040<\/p>\n<p><\/p>\n<p><\/p>\n<p>FOTOMETRISKA DATA<span>\t<\/span> <span>\t<\/span>&nbsp;<\/p>\n<p><\/p>\n<p>Horisontell str\u00e5lvinkel<span>\t<\/span>56 Deg<span>\t<\/span>56 Deg<\/p>\n<p>0,25 lx Linje<span>\t<\/span>1652m \/ 905m<\/p>\n<p>0,5 lx Linje<span>\t<\/span>1168m \/ 640m<\/p>\n<p>1 lx Linje<span>\t<\/span>826m \/ 452m<\/p>\n<p>3 lx Linje<span>\t<\/span>477m \/ 261m<\/p>\n<p><\/p>\n<p><\/p>\n<p>Vad ing\u00e5r?<\/p>\n<p><\/p>\n<p>x1 Triple-R 1250 med i-LBA LED-lampa<\/p>\n<p>x2 Centrumf\u00e4ste&nbsp;<\/p>\n<p>x1 Single-Lamp \u2018Low Beam Assist\u2019 Wiring Kit<\/p>\n<p>x1 Installationsanvisningar<\/p>","protected":false},"excerpt":{"rendered":"<div>Low Beam Assist-l\u00e4get ger \u00f6verl\u00e4gsen sikt p\u00e5 kort och medell\u00e5ng r\u00e4ckvidd<\/div>\n<div><\/div>","protected":false},"featured_media":36646,"comment_status":"open","ping_status":"closed","template":"","meta":{"_improvement_type_select":"improve_an_existing","_thumb_yes_seoaic":false,"_frame_yes_seoaic":false,"seoaic_generate_description":"","seoaic_improve_instructions_prompt":"","seoaic_rollback_content_improvement":"","seoaic_idea_thumbnail_generator":"","thumbnail_generated":false,"thumbnail_generate_prompt":"","seoaic_article_description":""},"make_fuel_type":[],"make_model":[],"make_brand":[],"make_year":[],"pwb-brand":[8332],"product_brand":[],"product_cat":[6195,6209,6211,7205],"product_tag":[8498,7551,6298,8496,6362],"class_list":{"0":"post-36651","1":"product","2":"type-product","3":"status-publish","4":"has-post-thumbnail","6":"pwb-brand-brand_lazerlamps","7":"product_cat-lamps","8":"product_cat-auxiliary-lights","9":"product_cat-lazer-lamps-auxiliary-lights","10":"product_cat-rst-triplerr","11":"product_tag-auxiliary-light","12":"product_tag-extraljus","13":"product_tag-lazer-lamps","14":"product_tag-light-bar","15":"product_tag-triple-r","17":"first","18":"onbackorder","19":"taxable","20":"shipping-taxable","21":"purchasable","22":"product-type-simple"},"yoast_head":"<!-- This site is optimized with the Yoast SEO plugin v25.7 - https:\/\/yoast.com\/wordpress\/plugins\/seo\/ -->\n<title>Lazer Triple-R 1250 Elite GEN2 LBA Light Bar - RST-Steel<\/title>\n<meta name=\"description\" content=\"Boost visibility with the Lazer Triple R 1250 Elite. Its I-LBA technology ensures powerful, reliable illumination in all conditions.\" \/>\n<meta name=\"robots\" content=\"index, follow, max-snippet:-1, max-image-preview:large, max-video-preview:-1\" \/>\n<link rel=\"canonical\" href=\"https:\/\/com.rst-steel.eu\/sv\/produkt\/lazer-triple-r-1250-elite-gen2-lba-light-bar_pr_18693\/\" \/>\n<meta property=\"og:locale\" content=\"sv_SE\" \/>\n<meta property=\"og:type\" content=\"article\" \/>\n<meta property=\"og:title\" content=\"Lazer Triple-R 1250 Elite GEN2 LBA Light Bar - RST-Steel\" \/>\n<meta property=\"og:description\" content=\"Boost visibility with the Lazer Triple R 1250 Elite. Its I-LBA technology ensures powerful, reliable illumination in all conditions.\" \/>\n<meta property=\"og:url\" content=\"https:\/\/com.rst-steel.eu\/sv\/produkt\/lazer-triple-r-1250-elite-gen2-lba-light-bar_pr_18693\/\" \/>\n<meta property=\"og:site_name\" content=\"RST-Steel\" \/>\n<meta property=\"article:publisher\" content=\"https:\/\/www.facebook.com\/rststeel\" \/>\n<meta property=\"article:modified_time\" content=\"2026-03-16T06:21:20+00:00\" \/>\n<meta property=\"og:image\" content=\"https:\/\/com.rst-steel.eu\/wp-content\/uploads\/2023\/02\/7a0a649f263409783c5a368ac2a717c7b67676f9_mXsGlnyg-scaled.jpeg\" \/>\n\t<meta property=\"og:image:width\" content=\"2560\" \/>\n\t<meta property=\"og:image:height\" content=\"1710\" \/>\n\t<meta property=\"og:image:type\" content=\"image\/jpeg\" \/>\n<meta name=\"twitter:card\" content=\"summary_large_image\" \/>\n<meta name=\"twitter:label1\" content=\"Ber\u00e4knad l\u00e4stid\" \/>\n\t<meta name=\"twitter:data1\" content=\"4 minuter\" \/>\n<script type=\"application\/ld+json\" class=\"yoast-schema-graph\">{\"@context\":\"https:\/\/schema.org\",\"@graph\":[{\"@type\":\"WebPage\",\"@id\":\"https:\/\/com.rst-steel.eu\/product\/lazer-triple-r-1250-elite-gen2-lba-light-bar_pr_18693\/\",\"url\":\"https:\/\/com.rst-steel.eu\/product\/lazer-triple-r-1250-elite-gen2-lba-light-bar_pr_18693\/\",\"name\":\"Lazer Triple-R 1250 Elite GEN2 LBA Light Bar - RST-Steel\",\"isPartOf\":{\"@id\":\"https:\/\/com.rst-steel.eu\/#website\"},\"primaryImageOfPage\":{\"@id\":\"https:\/\/com.rst-steel.eu\/product\/lazer-triple-r-1250-elite-gen2-lba-light-bar_pr_18693\/#primaryimage\"},\"image\":{\"@id\":\"https:\/\/com.rst-steel.eu\/product\/lazer-triple-r-1250-elite-gen2-lba-light-bar_pr_18693\/#primaryimage\"},\"thumbnailUrl\":\"https:\/\/com.rst-steel.eu\/wp-content\/uploads\/2023\/02\/7a0a649f263409783c5a368ac2a717c7b67676f9_mXsGlnyg-scaled.jpeg\",\"datePublished\":\"2023-02-10T13:18:00+00:00\",\"dateModified\":\"2026-03-16T06:21:20+00:00\",\"description\":\"Boost visibility with the Lazer Triple R 1250 Elite. Its I-LBA technology ensures powerful, reliable illumination in all conditions.\",\"breadcrumb\":{\"@id\":\"https:\/\/com.rst-steel.eu\/product\/lazer-triple-r-1250-elite-gen2-lba-light-bar_pr_18693\/#breadcrumb\"},\"inLanguage\":\"sv-SE\",\"potentialAction\":[{\"@type\":\"ReadAction\",\"target\":[\"https:\/\/com.rst-steel.eu\/product\/lazer-triple-r-1250-elite-gen2-lba-light-bar_pr_18693\/\"]}]},{\"@type\":\"ImageObject\",\"inLanguage\":\"sv-SE\",\"@id\":\"https:\/\/com.rst-steel.eu\/product\/lazer-triple-r-1250-elite-gen2-lba-light-bar_pr_18693\/#primaryimage\",\"url\":\"https:\/\/com.rst-steel.eu\/wp-content\/uploads\/2023\/02\/7a0a649f263409783c5a368ac2a717c7b67676f9_mXsGlnyg-scaled.jpeg\",\"contentUrl\":\"https:\/\/com.rst-steel.eu\/wp-content\/uploads\/2023\/02\/7a0a649f263409783c5a368ac2a717c7b67676f9_mXsGlnyg-scaled.jpeg\",\"width\":2560,\"height\":1710,\"caption\":\"Lazer Triple-R 1250 Elite with I-LBA\"},{\"@type\":\"BreadcrumbList\",\"@id\":\"https:\/\/com.rst-steel.eu\/product\/lazer-triple-r-1250-elite-gen2-lba-light-bar_pr_18693\/#breadcrumb\",\"itemListElement\":[{\"@type\":\"ListItem\",\"position\":1,\"name\":\"Home\",\"item\":\"https:\/\/com.rst-steel.eu\/\"},{\"@type\":\"ListItem\",\"position\":2,\"name\":\"RST-Steel Shop\",\"item\":\"https:\/\/com.rst-steel.eu\/shop\/\"},{\"@type\":\"ListItem\",\"position\":3,\"name\":\"Lazer Triple-R 1250 Elite GEN2 LBA Light Bar\"}]},{\"@type\":\"WebSite\",\"@id\":\"https:\/\/com.rst-steel.eu\/#website\",\"url\":\"https:\/\/com.rst-steel.eu\/\",\"name\":\"RST-Steel.com\",\"description\":\"Finnish quality steel, for quality-conscious drivers\",\"publisher\":{\"@id\":\"https:\/\/com.rst-steel.eu\/#organization\"},\"alternateName\":\"Safe and stylish RST-Steel quality\",\"potentialAction\":[{\"@type\":\"SearchAction\",\"target\":{\"@type\":\"EntryPoint\",\"urlTemplate\":\"https:\/\/com.rst-steel.eu\/?s={search_term_string}\"},\"query-input\":{\"@type\":\"PropertyValueSpecification\",\"valueRequired\":true,\"valueName\":\"search_term_string\"}}],\"inLanguage\":\"sv-SE\"},{\"@type\":\"Organization\",\"@id\":\"https:\/\/com.rst-steel.eu\/#organization\",\"name\":\"RST-Steel Oy\",\"url\":\"https:\/\/com.rst-steel.eu\/\",\"logo\":{\"@type\":\"ImageObject\",\"inLanguage\":\"sv-SE\",\"@id\":\"https:\/\/com.rst-steel.eu\/#\/schema\/logo\/image\/\",\"url\":\"https:\/\/com.rst-steel.eu\/wp-content\/uploads\/2023\/04\/cropped-Rst-logo-valkoinen-teksti-3.png\",\"contentUrl\":\"https:\/\/com.rst-steel.eu\/wp-content\/uploads\/2023\/04\/cropped-Rst-logo-valkoinen-teksti-3.png\",\"width\":512,\"height\":115,\"caption\":\"RST-Steel Oy\"},\"image\":{\"@id\":\"https:\/\/com.rst-steel.eu\/#\/schema\/logo\/image\/\"},\"sameAs\":[\"https:\/\/www.facebook.com\/rststeel\",\"https:\/\/www.instagram.com\/rststeeloy\/\"]}]}<\/script>\n<!-- \/ Yoast SEO plugin. -->","yoast_head_json":{"title":"Lazer Triple-R 1250 Elite GEN2 LBA Light Bar - RST-Steel","description":"\u00d6ka synligheten med Lazer Triple R 1250 Elite. I-LBA-tekniken ger en kraftfull och tillf\u00f6rlitlig belysning i alla f\u00f6rh\u00e5llanden.","robots":{"index":"index","follow":"follow","max-snippet":"max-snippet:-1","max-image-preview":"max-image-preview:large","max-video-preview":"max-video-preview:-1"},"canonical":"https:\/\/com.rst-steel.eu\/sv\/produkt\/lazer-triple-r-1250-elite-gen2-lba-light-bar_pr_18693\/","og_locale":"sv_SE","og_type":"article","og_title":"Lazer Triple-R 1250 Elite GEN2 LBA Light Bar - RST-Steel","og_description":"Boost visibility with the Lazer Triple R 1250 Elite. Its I-LBA technology ensures powerful, reliable illumination in all conditions.","og_url":"https:\/\/com.rst-steel.eu\/sv\/produkt\/lazer-triple-r-1250-elite-gen2-lba-light-bar_pr_18693\/","og_site_name":"RST-Steel","article_publisher":"https:\/\/www.facebook.com\/rststeel","article_modified_time":"2026-03-16T06:21:20+00:00","og_image":[{"width":2560,"height":1710,"url":"https:\/\/com.rst-steel.eu\/wp-content\/uploads\/2023\/02\/7a0a649f263409783c5a368ac2a717c7b67676f9_mXsGlnyg-scaled.jpeg","type":"image\/jpeg"}],"twitter_card":"summary_large_image","twitter_misc":{"Ber\u00e4knad l\u00e4stid":"4 minuter"},"schema":{"@context":"https:\/\/schema.org","@graph":[{"@type":"WebPage","@id":"https:\/\/com.rst-steel.eu\/product\/lazer-triple-r-1250-elite-gen2-lba-light-bar_pr_18693\/","url":"https:\/\/com.rst-steel.eu\/product\/lazer-triple-r-1250-elite-gen2-lba-light-bar_pr_18693\/","name":"Lazer Triple-R 1250 Elite GEN2 LBA Light Bar - RST-Steel","isPartOf":{"@id":"https:\/\/com.rst-steel.eu\/#website"},"primaryImageOfPage":{"@id":"https:\/\/com.rst-steel.eu\/product\/lazer-triple-r-1250-elite-gen2-lba-light-bar_pr_18693\/#primaryimage"},"image":{"@id":"https:\/\/com.rst-steel.eu\/product\/lazer-triple-r-1250-elite-gen2-lba-light-bar_pr_18693\/#primaryimage"},"thumbnailUrl":"https:\/\/com.rst-steel.eu\/wp-content\/uploads\/2023\/02\/7a0a649f263409783c5a368ac2a717c7b67676f9_mXsGlnyg-scaled.jpeg","datePublished":"2023-02-10T13:18:00+00:00","dateModified":"2026-03-16T06:21:20+00:00","description":"\u00d6ka synligheten med Lazer Triple R 1250 Elite. I-LBA-tekniken ger en kraftfull och tillf\u00f6rlitlig belysning i alla f\u00f6rh\u00e5llanden.","breadcrumb":{"@id":"https:\/\/com.rst-steel.eu\/product\/lazer-triple-r-1250-elite-gen2-lba-light-bar_pr_18693\/#breadcrumb"},"inLanguage":"sv-SE","potentialAction":[{"@type":"ReadAction","target":["https:\/\/com.rst-steel.eu\/product\/lazer-triple-r-1250-elite-gen2-lba-light-bar_pr_18693\/"]}]},{"@type":"ImageObject","inLanguage":"sv-SE","@id":"https:\/\/com.rst-steel.eu\/product\/lazer-triple-r-1250-elite-gen2-lba-light-bar_pr_18693\/#primaryimage","url":"https:\/\/com.rst-steel.eu\/wp-content\/uploads\/2023\/02\/7a0a649f263409783c5a368ac2a717c7b67676f9_mXsGlnyg-scaled.jpeg","contentUrl":"https:\/\/com.rst-steel.eu\/wp-content\/uploads\/2023\/02\/7a0a649f263409783c5a368ac2a717c7b67676f9_mXsGlnyg-scaled.jpeg","width":2560,"height":1710,"caption":"Lazer Triple-R 1250 Elite with I-LBA"},{"@type":"BreadcrumbList","@id":"https:\/\/com.rst-steel.eu\/product\/lazer-triple-r-1250-elite-gen2-lba-light-bar_pr_18693\/#breadcrumb","itemListElement":[{"@type":"ListItem","position":1,"name":"Home","item":"https:\/\/com.rst-steel.eu\/"},{"@type":"ListItem","position":2,"name":"RST-Steel Shop","item":"https:\/\/com.rst-steel.eu\/shop\/"},{"@type":"ListItem","position":3,"name":"Lazer Triple-R 1250 Elite GEN2 LBA Light Bar"}]},{"@type":"WebSite","@id":"https:\/\/com.rst-steel.eu\/#website","url":"https:\/\/com.rst-steel.eu\/","name":"RST-Stahl.com","description":"Finskt kvalitetsst\u00e5l, f\u00f6r kvalitetsmedvetna f\u00f6rare","publisher":{"@id":"https:\/\/com.rst-steel.eu\/#organization"},"alternateName":"Safe and stylish RST-Steel quality","potentialAction":[{"@type":"SearchAction","target":{"@type":"EntryPoint","urlTemplate":"https:\/\/com.rst-steel.eu\/?s={search_term_string}"},"query-input":{"@type":"PropertyValueSpecification","valueRequired":true,"valueName":"search_term_string"}}],"inLanguage":"sv-SE"},{"@type":"Organization","@id":"https:\/\/com.rst-steel.eu\/#organization","name":"RST-Steel Oy","url":"https:\/\/com.rst-steel.eu\/","logo":{"@type":"ImageObject","inLanguage":"sv-SE","@id":"https:\/\/com.rst-steel.eu\/#\/schema\/logo\/image\/","url":"https:\/\/com.rst-steel.eu\/wp-content\/uploads\/2023\/04\/cropped-Rst-logo-valkoinen-teksti-3.png","contentUrl":"https:\/\/com.rst-steel.eu\/wp-content\/uploads\/2023\/04\/cropped-Rst-logo-valkoinen-teksti-3.png","width":512,"height":115,"caption":"RST-Steel Oy"},"image":{"@id":"https:\/\/com.rst-steel.eu\/#\/schema\/logo\/image\/"},"sameAs":["https:\/\/www.facebook.com\/rststeel","https:\/\/www.instagram.com\/rststeeloy\/"]}]}},"brands":[{"id":8332,"name":"Lazer Lamps","slug":"brand_lazerlamps"}],"_links":{"self":[{"href":"https:\/\/com.rst-steel.eu\/sv\/wp-json\/wp\/v2\/product\/36651","targetHints":{"allow":["GET"]}}],"collection":[{"href":"https:\/\/com.rst-steel.eu\/sv\/wp-json\/wp\/v2\/product"}],"about":[{"href":"https:\/\/com.rst-steel.eu\/sv\/wp-json\/wp\/v2\/types\/product"}],"replies":[{"embeddable":true,"href":"https:\/\/com.rst-steel.eu\/sv\/wp-json\/wp\/v2\/comments?post=36651"}],"version-history":[{"count":0,"href":"https:\/\/com.rst-steel.eu\/sv\/wp-json\/wp\/v2\/product\/36651\/revisions"}],"wp:featuredmedia":[{"embeddable":true,"href":"https:\/\/com.rst-steel.eu\/sv\/wp-json\/wp\/v2\/media\/36646"}],"wp:attachment":[{"href":"https:\/\/com.rst-steel.eu\/sv\/wp-json\/wp\/v2\/media?parent=36651"}],"wp:term":[{"taxonomy":"make_fuel_type","embeddable":true,"href":"https:\/\/com.rst-steel.eu\/sv\/wp-json\/wp\/v2\/make_fuel_type?post=36651"},{"taxonomy":"make_model","embeddable":true,"href":"https:\/\/com.rst-steel.eu\/sv\/wp-json\/wp\/v2\/make_model?post=36651"},{"taxonomy":"make_brand","embeddable":true,"href":"https:\/\/com.rst-steel.eu\/sv\/wp-json\/wp\/v2\/make_brand?post=36651"},{"taxonomy":"make_year","embeddable":true,"href":"https:\/\/com.rst-steel.eu\/sv\/wp-json\/wp\/v2\/make_year?post=36651"},{"taxonomy":"pwb-brand","embeddable":true,"href":"https:\/\/com.rst-steel.eu\/sv\/wp-json\/wp\/v2\/pwb-brand?post=36651"},{"taxonomy":"product_brand","embeddable":true,"href":"https:\/\/com.rst-steel.eu\/sv\/wp-json\/wp\/v2\/product_brand?post=36651"},{"taxonomy":"product_cat","embeddable":true,"href":"https:\/\/com.rst-steel.eu\/sv\/wp-json\/wp\/v2\/product_cat?post=36651"},{"taxonomy":"product_tag","embeddable":true,"href":"https:\/\/com.rst-steel.eu\/sv\/wp-json\/wp\/v2\/product_tag?post=36651"}],"curies":[{"name":"wp","href":"https:\/\/api.w.org\/{rel}","templated":true}]}}