{"id":36633,"date":"2023-02-10T16:17:28","date_gmt":"2023-02-10T13:17:28","guid":{"rendered":"https:\/\/rst-steel.fi-c.seravo.com\/product\/lazer-triple-r-1000-black-with-beacon_pr_18690\/"},"modified":"2026-03-16T09:21:20","modified_gmt":"2026-03-16T06:21:20","slug":"lazer-triple-r-1000-with-beacon_pr_18690","status":"publish","type":"product","link":"https:\/\/com.rst-steel.eu\/sv\/produkt\/lazer-triple-r-1000-with-beacon_pr_18690\/","title":{"rendered":"Lazer Triple-R 100 Extraljus - Blixtljus"},"content":{"rendered":"<p>Lazer Triple-R 1000 GEN2 (Beacon)<\/p>\n<p><\/p>\n<p>Den ikoniska Triple-R 1000, som \u00e4r en favorit bland tunga lastbilar och l\u00e4tta nyttofordon, erbjuds nu med integrerad gula blixtljusfunktioner. Med 16 olika fram\u00e5triktade blixtm\u00f6nster kombineras den extra s\u00e4kerhetsfunktionen i lampan med m\u00f6jligheten att ansluta en vit eller gul positions-\/sidoljusfunktion samt den exceptionella helljusfunktionen f\u00f6r att verkligen skilja ut Triple-R 1000 fr\u00e5n konkurrenterna.<\/p>\n<p><\/p>\n<p>Triple-R 1000 \u00e4r en h\u00f6gpresterande helljusstr\u00e5lkastare som ger ett punktljusm\u00f6nster som \u00e4r v\u00e4l l\u00e4mpat f\u00f6r anv\u00e4ndning p\u00e5 v\u00e4g. De senaste stylinguppdateringarna av Triple-R-serien har resulterat i en ren och modern design med en mer aggressiv framtoning som matchar den estetiska design som \u00e4r vanlig p\u00e5 moderna fordon. Med 9 240 lumen och en ljusstyrka p\u00e5 1 lux till 612 m (E-Boost-l\u00e4ge) ger LED-k\u00f6rljuset en f\u00f6rb\u00e4ttrad spridning av ljuset \u00e5t v\u00e4nster\/h\u00f6ger utan att kompromissa med spridningen upp\u00e5t\/ned\u00e5t, vilket g\u00f6r att lamporna passar till en m\u00e4ngd olika fordon, \u00e4ven n\u00e4r de \u00e4r monterade h\u00f6gt upp p\u00e5 fordonet. E-Boost-tekniken med dubbla utg\u00e5ngar m\u00f6jligg\u00f6r drift inom parametrarna f\u00f6r ECE-f\u00f6reskrift 112, n\u00e4r det medf\u00f6ljande E-Boost-locket tas bort, och d\u00e4r nationella best\u00e4mmelser kr\u00e4ver anv\u00e4ndning p\u00e5 v\u00e4g parallellt med fordonets standardstr\u00e5lkastare f\u00f6r helljus.<\/p>\n<p><\/p>\n<p>I lampan finns m\u00f6jlighet att ansluta en integrerad positions-\/sidoljusfunktion, f\u00f6r n\u00e4r du vill ha en ljusinstallation som m\u00e4rks lika mycket p\u00e5 dagen som p\u00e5 natten. Det finns m\u00f6jlighet att ansluta vita eller b\u00e4rnstensf\u00e4rgade positionsljus genom att helt enkelt s\u00e4tta in motsvarande kabel i lampans kontaktdon vid installationen, eller l\u00e4mna b\u00e5da fr\u00e5nkopplade s\u00e5 att din Triple-R 1000 endast fungerar som helljus. Positionsljusfunktionen (endast vit) \u00e4r godk\u00e4nd enligt ECE-f\u00f6reskrift 7 f\u00f6r att fungera parallellt med fordonets standardbelysning.<\/p>\n<p><\/p>\n<p>Inklusive blixtm\u00f6nster som godk\u00e4nts enligt ECE-f\u00f6reskrifter 65 som varningsljus, finns det 16 olika inst\u00e4llningar f\u00f6r gult varningsljus som kan v\u00e4ljas och synkroniseras (mellan flera lampor), vid installationspunkten eller med hj\u00e4lp av en momentanbrytare d\u00e4r kravet \u00e4r att \u00e4ndra blixtm\u00f6nstret p\u00e5 beg\u00e4ran.&nbsp;<\/p>\n<p><\/p>\n<p>Produktfunktioner:<\/p>\n<p><\/p>\n<p>H\u00f6geffektiv 11W LED-teknik (uppgraderad f\u00f6r 2020\/21)<\/p>\n<p>5000K LED-f\u00e4rgtemperatur och 80CRI ger maximal sk\u00e4rpa och definition<\/p>\n<p>Integrerad gul blinkande varningsfunktion - 16 blinkm\u00f6nster (inkl. UNECE Reg65-alternativ)<\/p>\n<p>Integrerad funktion f\u00f6r vitt och gult positionsljus<\/p>\n<p>Ultra-reflekterande vakuum-metalliserad optik ger punktstr\u00e5lningsm\u00f6nster<\/p>\n<p>UNECE Reg 112 Class B Driving Light, godk\u00e4nd f\u00f6r helljus p\u00e5 v\u00e4g (E-Boost-teknik) och Reg 7 positions- och sidoljusfunktion (endast vit)<\/p>\n<p>Modern lampdesign - F\u00e4rgalternativ svart eller vit<\/p>\n<p>Inneh\u00e5ller ett m\u00e5ngsidigt monteringssystem f\u00f6r \"Centre Mount\" samt integrerade funktioner f\u00f6r sidomontering (konsoler s\u00e4ljs separat)<\/p>\n<p>Elektroniskt v\u00e4rmehanteringssystem optimerar ljusfl\u00f6det f\u00f6r att bevara LED-lampornas livsl\u00e4ngd<\/p>\n<p>Anodiserad f\u00f6rbehandling och pulverlackering av fordonskvalitet f\u00f6r ultimat korrosions- och kemikalieskydd<\/p>\n<p>CAE-optimerad kylfl\u00e4ns ger f\u00f6rb\u00e4ttrad termisk dynamik<\/p>\n<p>Skyddad mot \u00f6versp\u00e4nning<\/p>\n<p>Skyddad mot omv\u00e4nd polaritet<\/p>\n<p>\"Okrossbar\" lins av polykarbonat med h\u00e5rdlackerad yta<\/p>\n<p>UNECE godk\u00e4nd Reg 10<\/p>\n<p>IP67 vattent\u00e4t<\/p>\n<p>5 \u00e5rs garanti<\/p>\n<p>Levereras med f\u00f6rkontakterade 6-poliga Superseal-kontakter, hane\/female<\/p>\n<p>Designad och tillverkad i Storbritannien<\/p>\n<p><\/p>\n<p><\/p>\n<p>Tekniska specifikationer<\/p>\n<p><\/p>\n<p>Sp\u00e4nningsintervall: 10-32V<\/p>\n<p>Vikt: 1,7 kg<\/p>\n<p>Totalt ljusfl\u00f6de: 9240 lm (E-Boost), 1848 lm (E-Mark Mode)<\/p>\n<p>Str\u00f6mf\u00f6rbrukning: 88 watt (E-Boost), 17,6 watt (E-Mark-l\u00e4ge)<\/p>\n<p>Antal lysdioder med h\u00f6g effekt:  8<\/p>\n<p><\/p>\n<p>M\u00c5TT:<\/p>\n<p>&nbsp; &nbsp; Bredd: 410 mm<\/p>\n<p>&nbsp; &nbsp; Djup: 105 mm<\/p>\n<p>&nbsp; &nbsp; H\u00f6jd: 73 mm<\/p>\n<p>&nbsp; &nbsp; H\u00f6jd med f\u00e4ste: 103 mm<\/p>\n<p><\/p>\n<p>FOTOMETRISKA DATA:<\/p>\n<p>&nbsp; &nbsp; Horisontell str\u00e5lningsvinkel: 19 grader<\/p>\n<p>&nbsp; &nbsp; 0,25 lx Linje: 1225 meter \/ 548 meter (E-Boost \/ E-Mark-l\u00e4ge)<\/p>\n<p>&nbsp; &nbsp; 0,5 lx Linje: 866 meter \/ 387 meter (E-Boost \/ E-Mark-l\u00e4ge)<\/p>\n<p>&nbsp; &nbsp; 1 lx Linje: 612 meter \/ 274 meter (E-Boost \/ E-Mark-l\u00e4ge)<\/p>\n<p>&nbsp; &nbsp; 3 lx Linje: 354 meter \/ 158 meter (E-Boost \/ E-Mark-l\u00e4ge)<\/p>\n<p><\/p>\n<p>CERTIFIERING<\/p>\n<p>&nbsp; &nbsp; Helljus: \u00a0\u00a0\u00a0\u00a0\u00a0\u00a0\u00a0\u00a0\u00a0\u00a0\u00a0\u00a0\u00a0\u00a0\u00a0\u00a0\u00a0\u00a0\u00a0\u00a0\u00a0\u00a0\u00a0N\/A (E-Boost), ECE R112 (E-Mark Mode)<\/p>\n<p>&nbsp; &nbsp; E-Mark Ref-nummer: 12.5<\/p>\n<p>&nbsp; &nbsp; Positionsljus (vitt) :<span>\t<\/span>ECE R7<\/p>\n<p>&nbsp; &nbsp; Varningslampa (gul) ECE R65<\/p>\n<p><\/p>\n<p><\/p>\n<p>What\u2019s included:<\/p>\n<p>Triple-R 1000 LED-lampa<\/p>\n<p>2x Centrumf\u00e4ste<\/p>\n<p>Instruktioner f\u00f6r installation<\/p>","protected":false},"excerpt":{"rendered":"<p>Integrerad gul blinkande varningsfunktion - 16 blinkm\u00f6nster (inkl. UNECE Reg65-alternativ)<\/p>\n<p><\/p>\n<p>Integrerad funktion f\u00f6r vitt och gult positionsljus<\/p>","protected":false},"featured_media":36628,"comment_status":"open","ping_status":"closed","template":"","meta":{"_improvement_type_select":"improve_an_existing","_thumb_yes_seoaic":false,"_frame_yes_seoaic":false,"seoaic_generate_description":"","seoaic_improve_instructions_prompt":"","seoaic_rollback_content_improvement":"","seoaic_idea_thumbnail_generator":"","thumbnail_generated":false,"thumbnail_generate_prompt":"","seoaic_article_description":""},"make_fuel_type":[],"make_model":[],"make_brand":[],"make_year":[3748,6373],"pwb-brand":[8332],"product_brand":[],"product_cat":[6195,6209,6211,7205],"product_tag":[7551,6298,6362],"class_list":{"0":"post-36633","1":"product","2":"type-product","3":"status-publish","4":"has-post-thumbnail","6":"make_year-trucks","7":"make_year-van","8":"pwb-brand-brand_lazerlamps","9":"product_cat-lamps","10":"product_cat-auxiliary-lights","11":"product_cat-lazer-lamps-auxiliary-lights","12":"product_cat-rst-triplerr","13":"product_tag-extraljus","14":"product_tag-lazer-lamps","15":"product_tag-triple-r","17":"first","18":"instock","19":"taxable","20":"shipping-taxable","21":"purchasable","22":"product-type-simple"},"yoast_head":"<!-- This site is optimized with the Yoast SEO plugin v25.7 - https:\/\/yoast.com\/wordpress\/plugins\/seo\/ -->\n<title>Lazer Triple-R 1000 with Beacon - RST-Steel<\/title>\n<meta name=\"description\" content=\"Lazer Triple-R 1000 with Beacon offers powerful LED illumination and an integrated beacon for enhanced visibility and safety in various driving conditions.\" \/>\n<meta name=\"robots\" content=\"index, follow, max-snippet:-1, max-image-preview:large, max-video-preview:-1\" \/>\n<link rel=\"canonical\" href=\"https:\/\/com.rst-steel.eu\/sv\/produkt\/lazer-triple-r-1000-with-beacon_pr_18690\/\" \/>\n<meta property=\"og:locale\" content=\"sv_SE\" \/>\n<meta property=\"og:type\" content=\"article\" \/>\n<meta property=\"og:title\" content=\"Lazer Triple-R 1000 with Beacon - RST-Steel\" \/>\n<meta property=\"og:description\" content=\"Lazer Triple-R 1000 with Beacon offers powerful LED illumination and an integrated beacon for enhanced visibility and safety in various driving conditions.\" \/>\n<meta property=\"og:url\" content=\"https:\/\/com.rst-steel.eu\/sv\/produkt\/lazer-triple-r-1000-with-beacon_pr_18690\/\" \/>\n<meta property=\"og:site_name\" content=\"RST-Steel\" \/>\n<meta property=\"article:publisher\" content=\"https:\/\/www.facebook.com\/rststeel\" \/>\n<meta property=\"article:modified_time\" content=\"2026-03-16T06:21:20+00:00\" \/>\n<meta property=\"og:image\" content=\"https:\/\/com.rst-steel.eu\/wp-content\/uploads\/2023\/02\/f5e93c86a20988e0c089423e9ebcf0243503a88c_LazerTriple_R1000GEN2majakkatoiminnolla_RSTLZ0003STDF_ded82551bbfd563e1e11fca8641413e8_1.jpeg\" \/>\n\t<meta property=\"og:image:width\" content=\"2000\" \/>\n\t<meta property=\"og:image:height\" content=\"1336\" \/>\n\t<meta property=\"og:image:type\" content=\"image\/jpeg\" \/>\n<meta name=\"twitter:card\" content=\"summary_large_image\" \/>\n<meta name=\"twitter:label1\" content=\"Ber\u00e4knad l\u00e4stid\" \/>\n\t<meta name=\"twitter:data1\" content=\"4 minuter\" \/>\n<script type=\"application\/ld+json\" class=\"yoast-schema-graph\">{\"@context\":\"https:\/\/schema.org\",\"@graph\":[{\"@type\":\"WebPage\",\"@id\":\"https:\/\/com.rst-steel.eu\/nb\/produkt\/lazer-triple-r-1000-med-fyrtarn_pr_18690\/\",\"url\":\"https:\/\/com.rst-steel.eu\/nb\/produkt\/lazer-triple-r-1000-med-fyrtarn_pr_18690\/\",\"name\":\"Lazer Triple-R 1000 with Beacon - RST-Steel\",\"isPartOf\":{\"@id\":\"https:\/\/com.rst-steel.eu\/#website\"},\"primaryImageOfPage\":{\"@id\":\"https:\/\/com.rst-steel.eu\/nb\/produkt\/lazer-triple-r-1000-med-fyrtarn_pr_18690\/#primaryimage\"},\"image\":{\"@id\":\"https:\/\/com.rst-steel.eu\/nb\/produkt\/lazer-triple-r-1000-med-fyrtarn_pr_18690\/#primaryimage\"},\"thumbnailUrl\":\"https:\/\/com.rst-steel.eu\/wp-content\/uploads\/2023\/02\/f5e93c86a20988e0c089423e9ebcf0243503a88c_LazerTriple_R1000GEN2majakkatoiminnolla_RSTLZ0003STDF_ded82551bbfd563e1e11fca8641413e8_1.jpeg\",\"datePublished\":\"2023-02-10T13:17:28+00:00\",\"dateModified\":\"2026-03-16T06:21:20+00:00\",\"description\":\"Lazer Triple-R 1000 with Beacon offers powerful LED illumination and an integrated beacon for enhanced visibility and safety in various driving conditions.\",\"breadcrumb\":{\"@id\":\"https:\/\/com.rst-steel.eu\/nb\/produkt\/lazer-triple-r-1000-med-fyrtarn_pr_18690\/#breadcrumb\"},\"inLanguage\":\"sv-SE\",\"potentialAction\":[{\"@type\":\"ReadAction\",\"target\":[\"https:\/\/com.rst-steel.eu\/nb\/produkt\/lazer-triple-r-1000-med-fyrtarn_pr_18690\/\"]}]},{\"@type\":\"ImageObject\",\"inLanguage\":\"sv-SE\",\"@id\":\"https:\/\/com.rst-steel.eu\/nb\/produkt\/lazer-triple-r-1000-med-fyrtarn_pr_18690\/#primaryimage\",\"url\":\"https:\/\/com.rst-steel.eu\/wp-content\/uploads\/2023\/02\/f5e93c86a20988e0c089423e9ebcf0243503a88c_LazerTriple_R1000GEN2majakkatoiminnolla_RSTLZ0003STDF_ded82551bbfd563e1e11fca8641413e8_1.jpeg\",\"contentUrl\":\"https:\/\/com.rst-steel.eu\/wp-content\/uploads\/2023\/02\/f5e93c86a20988e0c089423e9ebcf0243503a88c_LazerTriple_R1000GEN2majakkatoiminnolla_RSTLZ0003STDF_ded82551bbfd563e1e11fca8641413e8_1.jpeg\",\"width\":2000,\"height\":1336,\"caption\":\"Lazer Triple-R 1000 With Beacon\"},{\"@type\":\"BreadcrumbList\",\"@id\":\"https:\/\/com.rst-steel.eu\/nb\/produkt\/lazer-triple-r-1000-med-fyrtarn_pr_18690\/#breadcrumb\",\"itemListElement\":[{\"@type\":\"ListItem\",\"position\":1,\"name\":\"Home\",\"item\":\"https:\/\/com.rst-steel.eu\/\"},{\"@type\":\"ListItem\",\"position\":2,\"name\":\"RST-Steel Shop\",\"item\":\"https:\/\/com.rst-steel.eu\/shop\/\"},{\"@type\":\"ListItem\",\"position\":3,\"name\":\"Lazer Triple-R 1000 with Beacon\"}]},{\"@type\":\"WebSite\",\"@id\":\"https:\/\/com.rst-steel.eu\/#website\",\"url\":\"https:\/\/com.rst-steel.eu\/\",\"name\":\"RST-Steel.com\",\"description\":\"Finnish quality steel, for quality-conscious drivers\",\"publisher\":{\"@id\":\"https:\/\/com.rst-steel.eu\/#organization\"},\"alternateName\":\"Safe and stylish RST-Steel quality\",\"potentialAction\":[{\"@type\":\"SearchAction\",\"target\":{\"@type\":\"EntryPoint\",\"urlTemplate\":\"https:\/\/com.rst-steel.eu\/?s={search_term_string}\"},\"query-input\":{\"@type\":\"PropertyValueSpecification\",\"valueRequired\":true,\"valueName\":\"search_term_string\"}}],\"inLanguage\":\"sv-SE\"},{\"@type\":\"Organization\",\"@id\":\"https:\/\/com.rst-steel.eu\/#organization\",\"name\":\"RST-Steel Oy\",\"url\":\"https:\/\/com.rst-steel.eu\/\",\"logo\":{\"@type\":\"ImageObject\",\"inLanguage\":\"sv-SE\",\"@id\":\"https:\/\/com.rst-steel.eu\/#\/schema\/logo\/image\/\",\"url\":\"https:\/\/com.rst-steel.eu\/wp-content\/uploads\/2023\/04\/cropped-Rst-logo-valkoinen-teksti-3.png\",\"contentUrl\":\"https:\/\/com.rst-steel.eu\/wp-content\/uploads\/2023\/04\/cropped-Rst-logo-valkoinen-teksti-3.png\",\"width\":512,\"height\":115,\"caption\":\"RST-Steel Oy\"},\"image\":{\"@id\":\"https:\/\/com.rst-steel.eu\/#\/schema\/logo\/image\/\"},\"sameAs\":[\"https:\/\/www.facebook.com\/rststeel\",\"https:\/\/www.instagram.com\/rststeeloy\/\"]}]}<\/script>\n<!-- \/ Yoast SEO plugin. -->","yoast_head_json":{"title":"Lazer Triple-R 1000 med fyr - RST-Steel","description":"Lazer Triple-R 1000 med varningsljus erbjuder kraftfull LED-belysning och ett integrerat varningsljus f\u00f6r \u00f6kad synlighet och s\u00e4kerhet under olika k\u00f6rf\u00f6rh\u00e5llanden.","robots":{"index":"index","follow":"follow","max-snippet":"max-snippet:-1","max-image-preview":"max-image-preview:large","max-video-preview":"max-video-preview:-1"},"canonical":"https:\/\/com.rst-steel.eu\/sv\/produkt\/lazer-triple-r-1000-with-beacon_pr_18690\/","og_locale":"sv_SE","og_type":"article","og_title":"Lazer Triple-R 1000 with Beacon - RST-Steel","og_description":"Lazer Triple-R 1000 with Beacon offers powerful LED illumination and an integrated beacon for enhanced visibility and safety in various driving conditions.","og_url":"https:\/\/com.rst-steel.eu\/sv\/produkt\/lazer-triple-r-1000-with-beacon_pr_18690\/","og_site_name":"RST-Steel","article_publisher":"https:\/\/www.facebook.com\/rststeel","article_modified_time":"2026-03-16T06:21:20+00:00","og_image":[{"width":2000,"height":1336,"url":"https:\/\/com.rst-steel.eu\/wp-content\/uploads\/2023\/02\/f5e93c86a20988e0c089423e9ebcf0243503a88c_LazerTriple_R1000GEN2majakkatoiminnolla_RSTLZ0003STDF_ded82551bbfd563e1e11fca8641413e8_1.jpeg","type":"image\/jpeg"}],"twitter_card":"summary_large_image","twitter_misc":{"Ber\u00e4knad l\u00e4stid":"4 minuter"},"schema":{"@context":"https:\/\/schema.org","@graph":[{"@type":"WebPage","@id":"https:\/\/com.rst-steel.eu\/nb\/produkt\/lazer-triple-r-1000-med-fyrtarn_pr_18690\/","url":"https:\/\/com.rst-steel.eu\/nb\/produkt\/lazer-triple-r-1000-med-fyrtarn_pr_18690\/","name":"Lazer Triple-R 1000 med fyr - RST-Steel","isPartOf":{"@id":"https:\/\/com.rst-steel.eu\/#website"},"primaryImageOfPage":{"@id":"https:\/\/com.rst-steel.eu\/nb\/produkt\/lazer-triple-r-1000-med-fyrtarn_pr_18690\/#primaryimage"},"image":{"@id":"https:\/\/com.rst-steel.eu\/nb\/produkt\/lazer-triple-r-1000-med-fyrtarn_pr_18690\/#primaryimage"},"thumbnailUrl":"https:\/\/com.rst-steel.eu\/wp-content\/uploads\/2023\/02\/f5e93c86a20988e0c089423e9ebcf0243503a88c_LazerTriple_R1000GEN2majakkatoiminnolla_RSTLZ0003STDF_ded82551bbfd563e1e11fca8641413e8_1.jpeg","datePublished":"2023-02-10T13:17:28+00:00","dateModified":"2026-03-16T06:21:20+00:00","description":"Lazer Triple-R 1000 med varningsljus erbjuder kraftfull LED-belysning och ett integrerat varningsljus f\u00f6r \u00f6kad synlighet och s\u00e4kerhet under olika k\u00f6rf\u00f6rh\u00e5llanden.","breadcrumb":{"@id":"https:\/\/com.rst-steel.eu\/nb\/produkt\/lazer-triple-r-1000-med-fyrtarn_pr_18690\/#breadcrumb"},"inLanguage":"sv-SE","potentialAction":[{"@type":"ReadAction","target":["https:\/\/com.rst-steel.eu\/nb\/produkt\/lazer-triple-r-1000-med-fyrtarn_pr_18690\/"]}]},{"@type":"ImageObject","inLanguage":"sv-SE","@id":"https:\/\/com.rst-steel.eu\/nb\/produkt\/lazer-triple-r-1000-med-fyrtarn_pr_18690\/#primaryimage","url":"https:\/\/com.rst-steel.eu\/wp-content\/uploads\/2023\/02\/f5e93c86a20988e0c089423e9ebcf0243503a88c_LazerTriple_R1000GEN2majakkatoiminnolla_RSTLZ0003STDF_ded82551bbfd563e1e11fca8641413e8_1.jpeg","contentUrl":"https:\/\/com.rst-steel.eu\/wp-content\/uploads\/2023\/02\/f5e93c86a20988e0c089423e9ebcf0243503a88c_LazerTriple_R1000GEN2majakkatoiminnolla_RSTLZ0003STDF_ded82551bbfd563e1e11fca8641413e8_1.jpeg","width":2000,"height":1336,"caption":"Lazer Triple-R 1000 With Beacon"},{"@type":"BreadcrumbList","@id":"https:\/\/com.rst-steel.eu\/nb\/produkt\/lazer-triple-r-1000-med-fyrtarn_pr_18690\/#breadcrumb","itemListElement":[{"@type":"ListItem","position":1,"name":"Home","item":"https:\/\/com.rst-steel.eu\/"},{"@type":"ListItem","position":2,"name":"RST-Steel Shop","item":"https:\/\/com.rst-steel.eu\/shop\/"},{"@type":"ListItem","position":3,"name":"Lazer Triple-R 1000 with Beacon"}]},{"@type":"WebSite","@id":"https:\/\/com.rst-steel.eu\/#website","url":"https:\/\/com.rst-steel.eu\/","name":"RST-Stahl.com","description":"Finskt kvalitetsst\u00e5l, f\u00f6r kvalitetsmedvetna f\u00f6rare","publisher":{"@id":"https:\/\/com.rst-steel.eu\/#organization"},"alternateName":"Safe and stylish RST-Steel quality","potentialAction":[{"@type":"SearchAction","target":{"@type":"EntryPoint","urlTemplate":"https:\/\/com.rst-steel.eu\/?s={search_term_string}"},"query-input":{"@type":"PropertyValueSpecification","valueRequired":true,"valueName":"search_term_string"}}],"inLanguage":"sv-SE"},{"@type":"Organization","@id":"https:\/\/com.rst-steel.eu\/#organization","name":"RST-Steel Oy","url":"https:\/\/com.rst-steel.eu\/","logo":{"@type":"ImageObject","inLanguage":"sv-SE","@id":"https:\/\/com.rst-steel.eu\/#\/schema\/logo\/image\/","url":"https:\/\/com.rst-steel.eu\/wp-content\/uploads\/2023\/04\/cropped-Rst-logo-valkoinen-teksti-3.png","contentUrl":"https:\/\/com.rst-steel.eu\/wp-content\/uploads\/2023\/04\/cropped-Rst-logo-valkoinen-teksti-3.png","width":512,"height":115,"caption":"RST-Steel Oy"},"image":{"@id":"https:\/\/com.rst-steel.eu\/#\/schema\/logo\/image\/"},"sameAs":["https:\/\/www.facebook.com\/rststeel","https:\/\/www.instagram.com\/rststeeloy\/"]}]}},"brands":[{"id":8332,"name":"Lazer Lamps","slug":"brand_lazerlamps"}],"_links":{"self":[{"href":"https:\/\/com.rst-steel.eu\/sv\/wp-json\/wp\/v2\/product\/36633","targetHints":{"allow":["GET"]}}],"collection":[{"href":"https:\/\/com.rst-steel.eu\/sv\/wp-json\/wp\/v2\/product"}],"about":[{"href":"https:\/\/com.rst-steel.eu\/sv\/wp-json\/wp\/v2\/types\/product"}],"replies":[{"embeddable":true,"href":"https:\/\/com.rst-steel.eu\/sv\/wp-json\/wp\/v2\/comments?post=36633"}],"version-history":[{"count":0,"href":"https:\/\/com.rst-steel.eu\/sv\/wp-json\/wp\/v2\/product\/36633\/revisions"}],"wp:featuredmedia":[{"embeddable":true,"href":"https:\/\/com.rst-steel.eu\/sv\/wp-json\/wp\/v2\/media\/36628"}],"wp:attachment":[{"href":"https:\/\/com.rst-steel.eu\/sv\/wp-json\/wp\/v2\/media?parent=36633"}],"wp:term":[{"taxonomy":"make_fuel_type","embeddable":true,"href":"https:\/\/com.rst-steel.eu\/sv\/wp-json\/wp\/v2\/make_fuel_type?post=36633"},{"taxonomy":"make_model","embeddable":true,"href":"https:\/\/com.rst-steel.eu\/sv\/wp-json\/wp\/v2\/make_model?post=36633"},{"taxonomy":"make_brand","embeddable":true,"href":"https:\/\/com.rst-steel.eu\/sv\/wp-json\/wp\/v2\/make_brand?post=36633"},{"taxonomy":"make_year","embeddable":true,"href":"https:\/\/com.rst-steel.eu\/sv\/wp-json\/wp\/v2\/make_year?post=36633"},{"taxonomy":"pwb-brand","embeddable":true,"href":"https:\/\/com.rst-steel.eu\/sv\/wp-json\/wp\/v2\/pwb-brand?post=36633"},{"taxonomy":"product_brand","embeddable":true,"href":"https:\/\/com.rst-steel.eu\/sv\/wp-json\/wp\/v2\/product_brand?post=36633"},{"taxonomy":"product_cat","embeddable":true,"href":"https:\/\/com.rst-steel.eu\/sv\/wp-json\/wp\/v2\/product_cat?post=36633"},{"taxonomy":"product_tag","embeddable":true,"href":"https:\/\/com.rst-steel.eu\/sv\/wp-json\/wp\/v2\/product_tag?post=36633"}],"curies":[{"name":"wp","href":"https:\/\/api.w.org\/{rel}","templated":true}]}}