{"id":36594,"date":"2023-02-10T16:16:10","date_gmt":"2023-02-10T13:16:10","guid":{"rendered":"https:\/\/rst-steel.fi-c.seravo.com\/product\/lazer-sentinel-9-white_pr_71974\/"},"modified":"2026-03-16T09:13:37","modified_gmt":"2026-03-16T06:13:37","slug":"lazer-sentinel-9-std-pl-auxiliary-light-white_pr_71974","status":"publish","type":"product","link":"https:\/\/com.rst-steel.eu\/sv\/produkt\/lazer-sentinel-9-std-pl-auxiliary-light-white_pr_71974\/","title":{"rendered":"Lazer Sentinel 9\u201d STD PL Extraljus - Vit"},"content":{"rendered":"<p>Sentinel-serien, som \u00e4r ny f\u00f6r 2021, \u00e4r 9\" runda lampor som kombinerar distinkt high-end produktdesign med \u00f6verl\u00e4gsen belysningsprestanda och byggkvalitet som symboliserar namnet Lazer Lamps. Den f\u00f6rstn\u00e4mnda finns i Standard- eller Elite-utf\u00f6rande och inneh\u00e5ller 20 h\u00f6geffektslysdioder och finns tillg\u00e4nglig med antingen svart eller kromad yta inuti lampan. Elite-produkten \u00e4r som j\u00e4mf\u00f6relse endast tillg\u00e4nglig med svart inv\u00e4ndigt utseende, men med en kombination av 32 h\u00f6geffektslysdioder representerar den allra b\u00e4sta belysningsprestanda som f\u00f6rv\u00e4ntas av en produkt som b\u00e4r \"Elite\"-m\u00e4rket.<\/p>\n<p>B\u00e5de Sentinel Black- och Chrome-lamporna i \"Standard\"-serien har samma ljusprestanda. Med en ljusstyrka p\u00e5 9.529 lumen ger lamporna 1 lux p\u00e5 \u00f6ver 700 m. Det \u00e4r imponerande i sig, men med tanke p\u00e5 den horisontella spridningsvinkeln p\u00e5 52 grader \u00e4r det h\u00e4r en produkt som har utformats f\u00f6r att ge maximal synlighet vid all slags anv\u00e4ndning p\u00e5 v\u00e4g och i terr\u00e4ng. Precis som alla Lazer-produkter \u00e4r f\u00e4rgtemperaturen p\u00e5 behagliga 5000 K behaglig f\u00f6r \u00f6gat, samtidigt som den maximerar sk\u00e4rpan och definitionen av objekt framf\u00f6r dig. Lampan \u00e4r UNECE-godk\u00e4nd enligt f\u00f6reskrift 112 som helljusstr\u00e5lkastare tack vare Lazer:s E-Boost-teknik med dubbla effekter; vid 100% ligger ljusfl\u00f6det \u00f6ver den till\u00e5tna gr\u00e4nsen i ECE-f\u00f6reskrifterna, s\u00e5 om man tar bort den medf\u00f6ljande Boost Cap fr\u00e5n baksidan av lampan minskar ljusfl\u00f6det till att ligga inom den till\u00e5tna gr\u00e4nsen.<\/p>\n<p><\/p>\n<p><\/p>\n<p>Produktfunktioner:<\/p>\n<p>Kombination av 20 premium \"bin\"-lysdioder<\/p>\n<p>\u2018Stealth\u2019 appearance from black internal bezel, plus black circuit boards<\/p>\n<p>Ultra-reflekterande vakuum-metalliserad spot- och bredoptik<\/p>\n<p>UNECE Reg 112 Class B Driving Light, godk\u00e4nd f\u00f6r helljus p\u00e5 v\u00e4g (E-Boost-teknik) och Reg 7 positions- och sidoljusfunktion (endast vit)<\/p>\n<p>5000K LED-f\u00e4rgtemperatur och 80CRI ger maximal sk\u00e4rpa och definition<\/p>\n<p>Modern lampdesign<\/p>\n<p>Levereras med \"slimmat\" monteringsf\u00e4ste i pressgjuten aluminium med Sentinel-st\u00e4mpel<\/p>\n<p>Elektroniskt v\u00e4rmehanteringssystem optimerar ljusfl\u00f6det f\u00f6r att bevara LED-lampornas livsl\u00e4ngd<\/p>\n<p>Anodiserad f\u00f6rbehandling och pulverlackering av fordonskvalitet f\u00f6r ultimat korrosions- och kemikalieskydd<\/p>\n<p>CAE-optimerad kylfl\u00e4ns ger f\u00f6rb\u00e4ttrad termisk dynamik<\/p>\n<p>Skyddad mot \u00f6versp\u00e4nning<\/p>\n<p>Skyddad mot omv\u00e4nd polaritet<\/p>\n<p>\"Okrossbar\" lins av polykarbonat med h\u00e5rdlackerad yta<\/p>\n<p>A2-f\u00e4stelement i rostfritt st\u00e5l med svart bel\u00e4ggning f\u00f6r fordonsindustrin<\/p>\n<p>UNECE godk\u00e4nd Reg 10<\/p>\n<p>IP68 vattent\u00e4t - 1,5 m neds\u00e4nkning i vatten (30 min)<\/p>\n<p>5 \u00e5rs garanti<\/p>\n<p>Levereras med f\u00f6rkontakterade 3-poliga Superseal-kontakter, hane\/hona<\/p>\n<p>Designad och tillverkad i Storbritannien<\/p>\n<p><\/p>\n<p><\/p>\n<p><\/p>\n<p>Tekniska specifikationer<\/p>\n<p><\/p>\n<p>Sp\u00e4nningsintervall: 10-32V<\/p>\n<p>Vikt: 2,5 kg<\/p>\n<p>Totalt ljusfl\u00f6de: 9520 lm \/ 1904 lm\u00a0 (E-Boost \/ E-Mark Mode)<\/p>\n<p>Str\u00f6mf\u00f6rbrukning: 87 watt \/ 17 watt (E-Boost \/ E-Mark-l\u00e4ge)<\/p>\n<p>Antal h\u00f6geffekts-LED:\u00a0 20<\/p>\n<p><\/p>\n<p>M\u00c5TT:<\/p>\n<p>&nbsp; &nbsp; Bredd: 225 mm<\/p>\n<p>&nbsp; &nbsp; Djup: 90 mm<\/p>\n<p>&nbsp; &nbsp; H\u00f6jd: 211 mm<\/p>\n<p><\/p>\n<p>FOTOMETRISKA DATA:<\/p>\n<p>&nbsp; &nbsp; Horisontell str\u00e5lningsvinkel: 52 grader<\/p>\n<p>&nbsp; &nbsp; 0,25 lx Linje: 1414 meter \/ 632 meter (E-Boost \/ E-Mark-l\u00e4ge)<\/p>\n<p>&nbsp; &nbsp; 0,5 lx Linje: 1000 meter \/ 447 meter (E-Boost \/ E-Mark-l\u00e4ge)<\/p>\n<p>&nbsp; &nbsp; 1 lx Linje: 707 meter \/ 316 meter (E-Boost \/ E-Mark-l\u00e4ge)<\/p>\n<p>&nbsp; &nbsp; 3 lx Linje: 408 meter \/ 183 meter (E-Boost \/ E-Mark-l\u00e4ge)<\/p>\n<p><\/p>\n<p>CERTIFIERING<\/p>\n<p>&nbsp; &nbsp; Helljus: \u00a0\u00a0\u00a0\u00a0\u00a0\u00a0\u00a0\u00a0\u00a0\u00a0\u00a0\u00a0\u00a0\u00a0\u00a0\u00a0\u00a0\u00a0\u00a0\u00a0\u00a0\u00a0\u00a0N\/A (E-Boost), ECE R112 (E-Mark Mode)<\/p>\n<p>&nbsp; &nbsp; E-Mark Ref:\u00a0\u00a0\u00a0\u00a0\u00a0\u00a0\u00a0\u00a0\u00a0\u00a0\u00a0\u00a0\u00a0\u00a0\u00a0\u00a0\u00a0\u00a0\u00a0\u00a0\u00a0 \u00a020 (E-Mark Mode)<\/p>\n<p>&nbsp; &nbsp; Positionsljus (vitt) :<span>\t<\/span>ECE R7<\/p>\n<p><\/p>\n<p><\/p>\n<p>What\u2019s included:<\/p>\n<p>Sentinel 9\u2033 (White) LED lamp<\/p>\n<p>&nbsp;\u2018Slim\u2019 Mount Kit<\/p>\n<p>Instruktioner f\u00f6r installation<\/p>","protected":false},"excerpt":{"rendered":"<p>Integrerad funktion f\u00f6r vitt och gult positionsljus<\/p>\n<p><\/p>","protected":false},"featured_media":36589,"comment_status":"open","ping_status":"closed","template":"","meta":{"_improvement_type_select":"improve_an_existing","_thumb_yes_seoaic":false,"_frame_yes_seoaic":false,"seoaic_generate_description":"","seoaic_improve_instructions_prompt":"","seoaic_rollback_content_improvement":"","seoaic_idea_thumbnail_generator":"","thumbnail_generated":false,"thumbnail_generate_prompt":"","seoaic_article_description":""},"make_fuel_type":[],"make_model":[],"make_brand":[],"make_year":[3748,6373],"pwb-brand":[8332],"product_brand":[],"product_cat":[6195,6209,6211,7207],"product_tag":[7551,6298,6363],"class_list":{"0":"post-36594","1":"product","2":"type-product","3":"status-publish","4":"has-post-thumbnail","6":"make_year-trucks","7":"make_year-van","8":"pwb-brand-brand_lazerlamps","9":"product_cat-lamps","10":"product_cat-auxiliary-lights","11":"product_cat-lazer-lamps-auxiliary-lights","12":"product_cat-rst-sentinell","13":"product_tag-extraljus","14":"product_tag-lazer-lamps","15":"product_tag-sentinel","17":"first","18":"instock","19":"taxable","20":"shipping-taxable","21":"purchasable","22":"product-type-simple"},"yoast_head":"<!-- This site is optimized with the Yoast SEO plugin v25.7 - https:\/\/yoast.com\/wordpress\/plugins\/seo\/ -->\n<title>Lazer Sentinel 9&#039;&#039; STD PL Auxiliary Light, White - RST-Steel<\/title>\n<meta name=\"description\" content=\"The Lazer Sentinel 9 STD provides high-performance LED lighting with a sleek design, delivering bright, reliable illumination for enhanced visibility.\" \/>\n<meta name=\"robots\" content=\"index, follow, max-snippet:-1, max-image-preview:large, max-video-preview:-1\" \/>\n<link rel=\"canonical\" href=\"https:\/\/com.rst-steel.eu\/sv\/produkt\/lazer-sentinel-9-std-pl-auxiliary-light-white_pr_71974\/\" \/>\n<meta property=\"og:locale\" content=\"sv_SE\" \/>\n<meta property=\"og:type\" content=\"article\" \/>\n<meta property=\"og:title\" content=\"Lazer Sentinel 9&#039;&#039; STD PL Auxiliary Light, White - RST-Steel\" \/>\n<meta property=\"og:description\" content=\"The Lazer Sentinel 9 STD provides high-performance LED lighting with a sleek design, delivering bright, reliable illumination for enhanced visibility.\" \/>\n<meta property=\"og:url\" content=\"https:\/\/com.rst-steel.eu\/sv\/produkt\/lazer-sentinel-9-std-pl-auxiliary-light-white_pr_71974\/\" \/>\n<meta property=\"og:site_name\" content=\"RST-Steel\" \/>\n<meta property=\"article:publisher\" content=\"https:\/\/www.facebook.com\/rststeel\" \/>\n<meta property=\"article:modified_time\" content=\"2026-03-16T06:13:37+00:00\" \/>\n<meta property=\"og:image\" content=\"https:\/\/com.rst-steel.eu\/wp-content\/uploads\/2023\/02\/0b419f9aa4f467d7039a388a31d27e3e096b4fee_Sentinel_9in_STD_with_amber_PL_on_Slim_Mount_Angled_WHITE_Web.jpg\" \/>\n\t<meta property=\"og:image:width\" content=\"1000\" \/>\n\t<meta property=\"og:image:height\" content=\"750\" \/>\n\t<meta property=\"og:image:type\" content=\"image\/jpeg\" \/>\n<meta name=\"twitter:card\" content=\"summary_large_image\" \/>\n<meta name=\"twitter:label1\" content=\"Ber\u00e4knad l\u00e4stid\" \/>\n\t<meta name=\"twitter:data1\" content=\"3 minuter\" \/>\n<script type=\"application\/ld+json\" class=\"yoast-schema-graph\">{\"@context\":\"https:\/\/schema.org\",\"@graph\":[{\"@type\":\"WebPage\",\"@id\":\"https:\/\/com.rst-steel.eu\/sv\/produkt\/lazer-sentinel-9-std-pl-auxiliary-light-white_pr_71974\/\",\"url\":\"https:\/\/com.rst-steel.eu\/sv\/produkt\/lazer-sentinel-9-std-pl-auxiliary-light-white_pr_71974\/\",\"name\":\"Lazer Sentinel 9'' STD PL Auxiliary Light, White - RST-Steel\",\"isPartOf\":{\"@id\":\"https:\/\/com.rst-steel.eu\/#website\"},\"primaryImageOfPage\":{\"@id\":\"https:\/\/com.rst-steel.eu\/sv\/produkt\/lazer-sentinel-9-std-pl-auxiliary-light-white_pr_71974\/#primaryimage\"},\"image\":{\"@id\":\"https:\/\/com.rst-steel.eu\/sv\/produkt\/lazer-sentinel-9-std-pl-auxiliary-light-white_pr_71974\/#primaryimage\"},\"thumbnailUrl\":\"https:\/\/com.rst-steel.eu\/wp-content\/uploads\/2023\/02\/0b419f9aa4f467d7039a388a31d27e3e096b4fee_Sentinel_9in_STD_with_amber_PL_on_Slim_Mount_Angled_WHITE_Web.jpg\",\"datePublished\":\"2023-02-10T13:16:10+00:00\",\"dateModified\":\"2026-03-16T06:13:37+00:00\",\"description\":\"The Lazer Sentinel 9 STD provides high-performance LED lighting with a sleek design, delivering bright, reliable illumination for enhanced visibility.\",\"breadcrumb\":{\"@id\":\"https:\/\/com.rst-steel.eu\/sv\/produkt\/lazer-sentinel-9-std-pl-auxiliary-light-white_pr_71974\/#breadcrumb\"},\"inLanguage\":\"sv-SE\",\"potentialAction\":[{\"@type\":\"ReadAction\",\"target\":[\"https:\/\/com.rst-steel.eu\/sv\/produkt\/lazer-sentinel-9-std-pl-auxiliary-light-white_pr_71974\/\"]}]},{\"@type\":\"ImageObject\",\"inLanguage\":\"sv-SE\",\"@id\":\"https:\/\/com.rst-steel.eu\/sv\/produkt\/lazer-sentinel-9-std-pl-auxiliary-light-white_pr_71974\/#primaryimage\",\"url\":\"https:\/\/com.rst-steel.eu\/wp-content\/uploads\/2023\/02\/0b419f9aa4f467d7039a388a31d27e3e096b4fee_Sentinel_9in_STD_with_amber_PL_on_Slim_Mount_Angled_WHITE_Web.jpg\",\"contentUrl\":\"https:\/\/com.rst-steel.eu\/wp-content\/uploads\/2023\/02\/0b419f9aa4f467d7039a388a31d27e3e096b4fee_Sentinel_9in_STD_with_amber_PL_on_Slim_Mount_Angled_WHITE_Web.jpg\",\"width\":1000,\"height\":750,\"caption\":\"Lazer Sentinel 9'' STD, White\"},{\"@type\":\"BreadcrumbList\",\"@id\":\"https:\/\/com.rst-steel.eu\/sv\/produkt\/lazer-sentinel-9-std-pl-auxiliary-light-white_pr_71974\/#breadcrumb\",\"itemListElement\":[{\"@type\":\"ListItem\",\"position\":1,\"name\":\"Home\",\"item\":\"https:\/\/com.rst-steel.eu\/\"},{\"@type\":\"ListItem\",\"position\":2,\"name\":\"RST-Steel Shop\",\"item\":\"https:\/\/com.rst-steel.eu\/shop\/\"},{\"@type\":\"ListItem\",\"position\":3,\"name\":\"Lazer Sentinel 9&#8221; STD PL Auxiliary Light, White\"}]},{\"@type\":\"WebSite\",\"@id\":\"https:\/\/com.rst-steel.eu\/#website\",\"url\":\"https:\/\/com.rst-steel.eu\/\",\"name\":\"RST-Steel.com\",\"description\":\"Finnish quality steel, for quality-conscious drivers\",\"publisher\":{\"@id\":\"https:\/\/com.rst-steel.eu\/#organization\"},\"alternateName\":\"Safe and stylish RST-Steel quality\",\"potentialAction\":[{\"@type\":\"SearchAction\",\"target\":{\"@type\":\"EntryPoint\",\"urlTemplate\":\"https:\/\/com.rst-steel.eu\/?s={search_term_string}\"},\"query-input\":{\"@type\":\"PropertyValueSpecification\",\"valueRequired\":true,\"valueName\":\"search_term_string\"}}],\"inLanguage\":\"sv-SE\"},{\"@type\":\"Organization\",\"@id\":\"https:\/\/com.rst-steel.eu\/#organization\",\"name\":\"RST-Steel Oy\",\"url\":\"https:\/\/com.rst-steel.eu\/\",\"logo\":{\"@type\":\"ImageObject\",\"inLanguage\":\"sv-SE\",\"@id\":\"https:\/\/com.rst-steel.eu\/#\/schema\/logo\/image\/\",\"url\":\"https:\/\/com.rst-steel.eu\/wp-content\/uploads\/2023\/04\/cropped-Rst-logo-valkoinen-teksti-3.png\",\"contentUrl\":\"https:\/\/com.rst-steel.eu\/wp-content\/uploads\/2023\/04\/cropped-Rst-logo-valkoinen-teksti-3.png\",\"width\":512,\"height\":115,\"caption\":\"RST-Steel Oy\"},\"image\":{\"@id\":\"https:\/\/com.rst-steel.eu\/#\/schema\/logo\/image\/\"},\"sameAs\":[\"https:\/\/www.facebook.com\/rststeel\",\"https:\/\/www.instagram.com\/rststeeloy\/\"]}]}<\/script>\n<!-- \/ Yoast SEO plugin. -->","yoast_head_json":{"title":"Lazer Sentinel 9'' STD PL Auxiliary Light, White - RST-Steel","description":"Lazer Sentinel 9 STD har h\u00f6gpresterande LED-belysning med en elegant design som ger ljusstark och tillf\u00f6rlitlig belysning f\u00f6r \u00f6kad synlighet.","robots":{"index":"index","follow":"follow","max-snippet":"max-snippet:-1","max-image-preview":"max-image-preview:large","max-video-preview":"max-video-preview:-1"},"canonical":"https:\/\/com.rst-steel.eu\/sv\/produkt\/lazer-sentinel-9-std-pl-auxiliary-light-white_pr_71974\/","og_locale":"sv_SE","og_type":"article","og_title":"Lazer Sentinel 9'' STD PL Auxiliary Light, White - RST-Steel","og_description":"The Lazer Sentinel 9 STD provides high-performance LED lighting with a sleek design, delivering bright, reliable illumination for enhanced visibility.","og_url":"https:\/\/com.rst-steel.eu\/sv\/produkt\/lazer-sentinel-9-std-pl-auxiliary-light-white_pr_71974\/","og_site_name":"RST-Steel","article_publisher":"https:\/\/www.facebook.com\/rststeel","article_modified_time":"2026-03-16T06:13:37+00:00","og_image":[{"width":1000,"height":750,"url":"https:\/\/com.rst-steel.eu\/wp-content\/uploads\/2023\/02\/0b419f9aa4f467d7039a388a31d27e3e096b4fee_Sentinel_9in_STD_with_amber_PL_on_Slim_Mount_Angled_WHITE_Web.jpg","type":"image\/jpeg"}],"twitter_card":"summary_large_image","twitter_misc":{"Ber\u00e4knad l\u00e4stid":"3 minuter"},"schema":{"@context":"https:\/\/schema.org","@graph":[{"@type":"WebPage","@id":"https:\/\/com.rst-steel.eu\/sv\/produkt\/lazer-sentinel-9-std-pl-auxiliary-light-white_pr_71974\/","url":"https:\/\/com.rst-steel.eu\/sv\/produkt\/lazer-sentinel-9-std-pl-auxiliary-light-white_pr_71974\/","name":"Lazer Sentinel 9'' STD PL Auxiliary Light, White - RST-Steel","isPartOf":{"@id":"https:\/\/com.rst-steel.eu\/#website"},"primaryImageOfPage":{"@id":"https:\/\/com.rst-steel.eu\/sv\/produkt\/lazer-sentinel-9-std-pl-auxiliary-light-white_pr_71974\/#primaryimage"},"image":{"@id":"https:\/\/com.rst-steel.eu\/sv\/produkt\/lazer-sentinel-9-std-pl-auxiliary-light-white_pr_71974\/#primaryimage"},"thumbnailUrl":"https:\/\/com.rst-steel.eu\/wp-content\/uploads\/2023\/02\/0b419f9aa4f467d7039a388a31d27e3e096b4fee_Sentinel_9in_STD_with_amber_PL_on_Slim_Mount_Angled_WHITE_Web.jpg","datePublished":"2023-02-10T13:16:10+00:00","dateModified":"2026-03-16T06:13:37+00:00","description":"Lazer Sentinel 9 STD har h\u00f6gpresterande LED-belysning med en elegant design som ger ljusstark och tillf\u00f6rlitlig belysning f\u00f6r \u00f6kad synlighet.","breadcrumb":{"@id":"https:\/\/com.rst-steel.eu\/sv\/produkt\/lazer-sentinel-9-std-pl-auxiliary-light-white_pr_71974\/#breadcrumb"},"inLanguage":"sv-SE","potentialAction":[{"@type":"ReadAction","target":["https:\/\/com.rst-steel.eu\/sv\/produkt\/lazer-sentinel-9-std-pl-auxiliary-light-white_pr_71974\/"]}]},{"@type":"ImageObject","inLanguage":"sv-SE","@id":"https:\/\/com.rst-steel.eu\/sv\/produkt\/lazer-sentinel-9-std-pl-auxiliary-light-white_pr_71974\/#primaryimage","url":"https:\/\/com.rst-steel.eu\/wp-content\/uploads\/2023\/02\/0b419f9aa4f467d7039a388a31d27e3e096b4fee_Sentinel_9in_STD_with_amber_PL_on_Slim_Mount_Angled_WHITE_Web.jpg","contentUrl":"https:\/\/com.rst-steel.eu\/wp-content\/uploads\/2023\/02\/0b419f9aa4f467d7039a388a31d27e3e096b4fee_Sentinel_9in_STD_with_amber_PL_on_Slim_Mount_Angled_WHITE_Web.jpg","width":1000,"height":750,"caption":"Lazer Sentinel 9'' STD, White"},{"@type":"BreadcrumbList","@id":"https:\/\/com.rst-steel.eu\/sv\/produkt\/lazer-sentinel-9-std-pl-auxiliary-light-white_pr_71974\/#breadcrumb","itemListElement":[{"@type":"ListItem","position":1,"name":"Home","item":"https:\/\/com.rst-steel.eu\/"},{"@type":"ListItem","position":2,"name":"RST-Steel Shop","item":"https:\/\/com.rst-steel.eu\/shop\/"},{"@type":"ListItem","position":3,"name":"Lazer Sentinel 9&#8221; STD PL Auxiliary Light, White"}]},{"@type":"WebSite","@id":"https:\/\/com.rst-steel.eu\/#website","url":"https:\/\/com.rst-steel.eu\/","name":"RST-Stahl.com","description":"Finskt kvalitetsst\u00e5l, f\u00f6r kvalitetsmedvetna f\u00f6rare","publisher":{"@id":"https:\/\/com.rst-steel.eu\/#organization"},"alternateName":"Safe and stylish RST-Steel quality","potentialAction":[{"@type":"SearchAction","target":{"@type":"EntryPoint","urlTemplate":"https:\/\/com.rst-steel.eu\/?s={search_term_string}"},"query-input":{"@type":"PropertyValueSpecification","valueRequired":true,"valueName":"search_term_string"}}],"inLanguage":"sv-SE"},{"@type":"Organization","@id":"https:\/\/com.rst-steel.eu\/#organization","name":"RST-Steel Oy","url":"https:\/\/com.rst-steel.eu\/","logo":{"@type":"ImageObject","inLanguage":"sv-SE","@id":"https:\/\/com.rst-steel.eu\/#\/schema\/logo\/image\/","url":"https:\/\/com.rst-steel.eu\/wp-content\/uploads\/2023\/04\/cropped-Rst-logo-valkoinen-teksti-3.png","contentUrl":"https:\/\/com.rst-steel.eu\/wp-content\/uploads\/2023\/04\/cropped-Rst-logo-valkoinen-teksti-3.png","width":512,"height":115,"caption":"RST-Steel Oy"},"image":{"@id":"https:\/\/com.rst-steel.eu\/#\/schema\/logo\/image\/"},"sameAs":["https:\/\/www.facebook.com\/rststeel","https:\/\/www.instagram.com\/rststeeloy\/"]}]}},"brands":[{"id":8332,"name":"Lazer Lamps","slug":"brand_lazerlamps"}],"_links":{"self":[{"href":"https:\/\/com.rst-steel.eu\/sv\/wp-json\/wp\/v2\/product\/36594","targetHints":{"allow":["GET"]}}],"collection":[{"href":"https:\/\/com.rst-steel.eu\/sv\/wp-json\/wp\/v2\/product"}],"about":[{"href":"https:\/\/com.rst-steel.eu\/sv\/wp-json\/wp\/v2\/types\/product"}],"replies":[{"embeddable":true,"href":"https:\/\/com.rst-steel.eu\/sv\/wp-json\/wp\/v2\/comments?post=36594"}],"version-history":[{"count":0,"href":"https:\/\/com.rst-steel.eu\/sv\/wp-json\/wp\/v2\/product\/36594\/revisions"}],"wp:featuredmedia":[{"embeddable":true,"href":"https:\/\/com.rst-steel.eu\/sv\/wp-json\/wp\/v2\/media\/36589"}],"wp:attachment":[{"href":"https:\/\/com.rst-steel.eu\/sv\/wp-json\/wp\/v2\/media?parent=36594"}],"wp:term":[{"taxonomy":"make_fuel_type","embeddable":true,"href":"https:\/\/com.rst-steel.eu\/sv\/wp-json\/wp\/v2\/make_fuel_type?post=36594"},{"taxonomy":"make_model","embeddable":true,"href":"https:\/\/com.rst-steel.eu\/sv\/wp-json\/wp\/v2\/make_model?post=36594"},{"taxonomy":"make_brand","embeddable":true,"href":"https:\/\/com.rst-steel.eu\/sv\/wp-json\/wp\/v2\/make_brand?post=36594"},{"taxonomy":"make_year","embeddable":true,"href":"https:\/\/com.rst-steel.eu\/sv\/wp-json\/wp\/v2\/make_year?post=36594"},{"taxonomy":"pwb-brand","embeddable":true,"href":"https:\/\/com.rst-steel.eu\/sv\/wp-json\/wp\/v2\/pwb-brand?post=36594"},{"taxonomy":"product_brand","embeddable":true,"href":"https:\/\/com.rst-steel.eu\/sv\/wp-json\/wp\/v2\/product_brand?post=36594"},{"taxonomy":"product_cat","embeddable":true,"href":"https:\/\/com.rst-steel.eu\/sv\/wp-json\/wp\/v2\/product_cat?post=36594"},{"taxonomy":"product_tag","embeddable":true,"href":"https:\/\/com.rst-steel.eu\/sv\/wp-json\/wp\/v2\/product_tag?post=36594"}],"curies":[{"name":"wp","href":"https:\/\/api.w.org\/{rel}","templated":true}]}}