{"id":36564,"date":"2023-02-10T16:15:44","date_gmt":"2023-02-10T13:15:44","guid":{"rendered":"https:\/\/rst-steel.fi-c.seravo.com\/product\/lazer-sentinel-7-_pr_71322\/"},"modified":"2026-03-16T09:13:27","modified_gmt":"2026-03-16T06:13:27","slug":"lazer-sentinel-7-std-black_pr_71322","status":"publish","type":"product","link":"https:\/\/com.rst-steel.eu\/sv\/produkt\/lazer-sentinel-7-std-black_pr_71322\/","title":{"rendered":"Lazer Sentinel 7\u201d STD Extraljus"},"content":{"rendered":"<p>Med ut\u00f6kningen av sortimentet under 2022 omfattar Sentinel-serien av runda LED-extraljus nu 7-tumsversioner, tillg\u00e4ngliga i Standard- och Elite-kvalitet. Dessa extraljus levererar en anm\u00e4rkningsv\u00e4rd prestanda f\u00f6r helljus och en produktstil som utstr\u00e5lar kvalitet. P\u00e5 Standardniv\u00e5 avger en kombination av 12 h\u00f6geffekts-lysdioder 5 208 r\u00e5a lumen, medan p\u00e5 Elite-niv\u00e5 levereras 10 248 r\u00e5a lumen av 24 h\u00f6geffekts-lysdioder. Ljusutbytet p\u00e5 v\u00e4gen eller banan framf\u00f6r maximeras f\u00f6r varje produkt genom anv\u00e4ndningen av klassledande elektronik och optisk design, tillsammans med produktens CAE-optimerade lamphus.<\/p>\n<p><\/p>\n<p>Boasting a true \u2018combo\u2019 beam pattern, the central rows of LEDs and optics deliver the long-range illumination, while the upper and lower sections have been meticulously designed and engineered to produce an enviable 65 degrees wide spread of light (Elite grade). The result, a perfectly balanced distribution of light, at a carefully selected 5000 kelvin colour temperature, to make night driving a safer and more enjoyable experience. Considering the lamps size and power rating (60W \u2013 Standard \/ 116W \u2013 Elite), these lamps outperform on every level, even against significantly larger, more powerful products.<\/p>\n<p><\/p>\n<p>Som en symbol f\u00f6r den ljusstyrka som visas upp \u00f6verstiger lamporna, som arbetar med 100%, UNECE:s regler f\u00f6r helljus, s\u00e5 b\u00e5de Standard- och Elite-lamporna anv\u00e4nder Lazer:s E-Boost-teknik med dubbla utg\u00e5ngar, d\u00e4r man genom att ta bort den medf\u00f6ljande Boost Cap fr\u00e5n baksidan av lampan minskar ljusfl\u00f6det s\u00e5 att det ligger inom gr\u00e4nsen f\u00f6r f\u00f6rordning 148, vilket g\u00f6r det m\u00f6jligt att anv\u00e4nda lamporna tillsammans med de vanliga helljusen p\u00e5 ditt fordon.<\/p>\n<p><\/p>\n<p><span style=\"font-weight: bold\">Produktens egenskaper<\/span><\/p>\n<p><\/p>\n<li><\/li>\n<li>Kombination av 24 premium \"bin\"-lysdioder<\/li>\n<li><\/li>\n<li><\/li>\n<li>M\u00f6rk mattsvart inv\u00e4ndigt utseende<\/li>\n<li><\/li>\n<li>5000K LED-f\u00e4rgtemperatur och 80CRI ger maximal sk\u00e4rpa och definition<\/li>\n<li><\/li>\n<li><\/li>\n<li><\/li>\n<li>UNECE Reg 148 Class B Driving Light, godk\u00e4nd f\u00f6r helljus p\u00e5 v\u00e4g (E-Boost-teknik) och Reg 149 positions-\/sidoljusfunktion (endast vit)<\/li>\n<li><\/li>\n<li>Levereras med \"slimmat\" monteringsf\u00e4ste i pressgjuten aluminium med Sentinel-st\u00e4mpel<\/li>\n<li><\/li>\n<li>Elektroniskt v\u00e4rmehanteringssystem optimerar ljusfl\u00f6det f\u00f6r att bevara LED-lampornas livsl\u00e4ngd<\/li>\n<li><\/li>\n<li>Anodiserad f\u00f6rbehandling och pulverlackering av fordonskvalitet f\u00f6r ultimat korrosions- och kemikalieskydd<\/li>\n<li><\/li>\n<li><\/li>\n<li>CAE-optimerad kylfl\u00e4ns ger f\u00f6rb\u00e4ttrad termisk dynamik<\/li>\n<li><\/li>\n<li><\/li>\n<li><\/li>\n<li><\/li>\n<li><\/li>\n<li><\/li>\n<li>Skyddad mot \u00f6versp\u00e4nning<\/li>\n<li><\/li>\n<li><\/li>\n<li>Skyddad mot omv\u00e4nd polaritet<\/li>\n<li><\/li>\n<li><\/li>\n<li>\"Okrossbar\" lins av polykarbonat med h\u00e5rdlackerad yta<\/li>\n<li><\/li>\n<li><\/li>\n<li><\/li>\n<li><\/li>\n<li>A2-f\u00e4stelement i rostfritt st\u00e5l med svart bel\u00e4ggning f\u00f6r fordonsindustrin<\/li>\n<li><\/li>\n<li><\/li>\n<li>UNECE godk\u00e4nd Reg 10<\/li>\n<li><\/li>\n<li>IP68 vattent\u00e4t - 1,5 m neds\u00e4nkning i vatten (30 min)<\/li>\n<li><\/li>\n<li>5 \u00e5rs garanti<\/li>\n<li><\/li>\n<li>Levereras med f\u00f6rkontakterade Superseal-anslutningar f\u00f6r hane och hona<\/li>\n<li><\/li>\n<li>Designad och tillverkad i Storbritannien<\/li>\n<li><\/li>\n<li><\/li>\n<li><\/li>\n<li><\/li>\n<li><\/li>\n<li>Tekniska specifikationer<\/li>\n<li><\/li>\n<li><\/li>\n<li>&nbsp;&nbsp;&nbsp;&nbsp;&nbsp;&nbsp;&nbsp;&nbsp;&nbsp;&nbsp;&nbsp;&nbsp;&nbsp;&nbsp;&nbsp;&nbsp;&nbsp;&nbsp;&nbsp;&nbsp;&nbsp;&nbsp;&nbsp;&nbsp;&nbsp;&nbsp;&nbsp;&nbsp;&nbsp;&nbsp;&nbsp;&nbsp;&nbsp;&nbsp;&nbsp;&nbsp;&nbsp;&nbsp;&nbsp;&nbsp;E-Boost \/ \u00a0\u00a0\u00a0\u00a0E-Mark Mode<\/li>\n<li><\/li>\n<li>Sp\u00e4nningsomr\u00e5de (DC):<span>\t<\/span>10-32V<\/li>\n<li><\/li>\n<li>LED livsl\u00e4ngd:<span>\t<\/span>50.000 timmar<\/li>\n<li><\/li>\n<li>Vikt:<span>\t<\/span>1,5 kg<\/li>\n<li><\/li>\n<li><\/li>\n<li>HELLJUSFUNKTION<\/li>\n<li><\/li>\n<li>Totalt ljusfl\u00f6de<span>\t<\/span>5208 Lm \/ 1041 Lm<\/li>\n<li><\/li>\n<li>Totalt f\u00f6rarfl\u00f6de \"FOV\" \u2020<span>\t<\/span>TBC<span>\t<\/span>TBC<\/li>\n<li><\/li>\n<li>F\u00e4rgtemperatur<span>\t<\/span>5000k<span>\t<\/span>5000k<\/li>\n<li><\/li>\n<li>Antal lysdioder med h\u00f6g utg\u00e5ngseffekt<span>\t<\/span>12\u00a0\/ 12<\/li>\n<li><\/li>\n<li>Str\u00f6mf\u00f6rbrukning<span>\t<\/span>64\u00a0Watt<span>\t<\/span>12.4\u00a0Watt<\/li>\n<li><\/li>\n<li>Str\u00f6muttag (vid 14,4 V)<span>\t<\/span>4.3\u00a0Ampere<span>\t<\/span>0.9\u00a0Ampere<\/li>\n<li><\/li>\n<li><\/li>\n<li>CERTIFIERING<\/li>\n<li><\/li>\n<li>H\u00f6g str\u00e5lkastare<span>\t<\/span>N\/A\u00a0 \u00a0 \/<span>\t<\/span>ECE R149<\/li>\n<li>E-Mark Ref<span>\t<\/span>N\/A \/ \u00a0\u00a0\u00a0\u00a012.5<\/li>\n<li><\/li>\n<li><\/li>\n<li>FOTOMETRISKA DATA<span>\t<\/span><\/li>\n<li><span>\t<\/span>&nbsp;<\/li>\n<li>Horisontell str\u00e5lvinkel<span>\t<\/span>60 grader<span>\t<\/span>60 grader<\/li>\n<li><\/li>\n<li>0,25 lx Linje<span>\t<\/span>1217 meter \/\u00a0  544 meter<\/li>\n<li>0,5 lx Linje<span>\t<\/span>860 meter \/ \u00a0\u00a0385 meter<\/li>\n<li>1 lx Linje<span>\t<\/span>608 meter \/ \u00a0\u00a0272 meter<\/li>\n<li>3 lx Linje<span>\t<\/span>351 meter \/ \u00a0\u00a0157 meter<\/li>\n<p><\/p>\n<p><\/p>\n<p>Vad ing\u00e5r?<\/p>\n<p><\/p>\n<p>x1 Sentinel 7\" LED-lampa<\/p>\n<p>x1 'Slim' monteringssats&nbsp;<\/p>\n<p>x1 Installationsanvisningar<\/p>\n<p><\/p>\n<p><\/p>","protected":false},"excerpt":{"rendered":"<p>NY MODELL!<\/p>","protected":false},"featured_media":36559,"comment_status":"open","ping_status":"closed","template":"","meta":{"_improvement_type_select":"improve_an_existing","_thumb_yes_seoaic":false,"_frame_yes_seoaic":false,"seoaic_generate_description":"","seoaic_improve_instructions_prompt":"","seoaic_rollback_content_improvement":"","seoaic_idea_thumbnail_generator":"","thumbnail_generated":false,"thumbnail_generate_prompt":"","seoaic_article_description":""},"make_fuel_type":[],"make_model":[],"make_brand":[],"make_year":[],"pwb-brand":[8332],"product_brand":[],"product_cat":[6195,6209,6211,7207],"product_tag":[7551,6298,6363],"class_list":{"0":"post-36564","1":"product","2":"type-product","3":"status-publish","4":"has-post-thumbnail","6":"pwb-brand-brand_lazerlamps","7":"product_cat-lamps","8":"product_cat-auxiliary-lights","9":"product_cat-lazer-lamps-auxiliary-lights","10":"product_cat-rst-sentinell","11":"product_tag-extraljus","12":"product_tag-lazer-lamps","13":"product_tag-sentinel","15":"first","16":"instock","17":"taxable","18":"shipping-taxable","19":"purchasable","20":"product-type-simple"},"yoast_head":"<!-- This site is optimized with the Yoast SEO plugin v25.7 - https:\/\/yoast.com\/wordpress\/plugins\/seo\/ -->\n<title>Lazer Sentinel 7&#039;&#039; STD, Black - RST-Steel<\/title>\n<meta name=\"description\" content=\"The Lazer Sentinel 7 STD Black provides powerful LED illumination in a sleek black design, ensuring bright, durable lighting for enhanced visibility.\" \/>\n<meta name=\"robots\" content=\"index, follow, max-snippet:-1, max-image-preview:large, max-video-preview:-1\" \/>\n<link rel=\"canonical\" href=\"https:\/\/com.rst-steel.eu\/sv\/produkt\/lazer-sentinel-7-std-black_pr_71322\/\" \/>\n<meta property=\"og:locale\" content=\"sv_SE\" \/>\n<meta property=\"og:type\" content=\"article\" \/>\n<meta property=\"og:title\" content=\"Lazer Sentinel 7&#039;&#039; STD, Black - RST-Steel\" \/>\n<meta property=\"og:description\" content=\"The Lazer Sentinel 7 STD Black provides powerful LED illumination in a sleek black design, ensuring bright, durable lighting for enhanced visibility.\" \/>\n<meta property=\"og:url\" content=\"https:\/\/com.rst-steel.eu\/sv\/produkt\/lazer-sentinel-7-std-black_pr_71322\/\" \/>\n<meta property=\"og:site_name\" content=\"RST-Steel\" \/>\n<meta property=\"article:publisher\" content=\"https:\/\/www.facebook.com\/rststeel\" \/>\n<meta property=\"article:modified_time\" content=\"2026-03-16T06:13:27+00:00\" \/>\n<meta property=\"og:image\" content=\"https:\/\/com.rst-steel.eu\/wp-content\/uploads\/2023\/02\/1a741dfe8e114a39f11647411a43cfad65e64316_Sentinel_7in_standard_front_web__2_.jpg\" \/>\n\t<meta property=\"og:image:width\" content=\"1000\" \/>\n\t<meta property=\"og:image:height\" content=\"750\" \/>\n\t<meta property=\"og:image:type\" content=\"image\/jpeg\" \/>\n<meta name=\"twitter:card\" content=\"summary_large_image\" \/>\n<meta name=\"twitter:label1\" content=\"Ber\u00e4knad l\u00e4stid\" \/>\n\t<meta name=\"twitter:data1\" content=\"3 minuter\" \/>\n<script type=\"application\/ld+json\" class=\"yoast-schema-graph\">{\"@context\":\"https:\/\/schema.org\",\"@graph\":[{\"@type\":\"WebPage\",\"@id\":\"https:\/\/com.rst-steel.eu\/nb\/produkt\/lazer-sentinel-7-std-black_pr_71322\/\",\"url\":\"https:\/\/com.rst-steel.eu\/nb\/produkt\/lazer-sentinel-7-std-black_pr_71322\/\",\"name\":\"Lazer Sentinel 7'' STD, Black - RST-Steel\",\"isPartOf\":{\"@id\":\"https:\/\/com.rst-steel.eu\/#website\"},\"primaryImageOfPage\":{\"@id\":\"https:\/\/com.rst-steel.eu\/nb\/produkt\/lazer-sentinel-7-std-black_pr_71322\/#primaryimage\"},\"image\":{\"@id\":\"https:\/\/com.rst-steel.eu\/nb\/produkt\/lazer-sentinel-7-std-black_pr_71322\/#primaryimage\"},\"thumbnailUrl\":\"https:\/\/com.rst-steel.eu\/wp-content\/uploads\/2023\/02\/1a741dfe8e114a39f11647411a43cfad65e64316_Sentinel_7in_standard_front_web__2_.jpg\",\"datePublished\":\"2023-02-10T13:15:44+00:00\",\"dateModified\":\"2026-03-16T06:13:27+00:00\",\"description\":\"The Lazer Sentinel 7 STD Black provides powerful LED illumination in a sleek black design, ensuring bright, durable lighting for enhanced visibility.\",\"breadcrumb\":{\"@id\":\"https:\/\/com.rst-steel.eu\/nb\/produkt\/lazer-sentinel-7-std-black_pr_71322\/#breadcrumb\"},\"inLanguage\":\"sv-SE\",\"potentialAction\":[{\"@type\":\"ReadAction\",\"target\":[\"https:\/\/com.rst-steel.eu\/nb\/produkt\/lazer-sentinel-7-std-black_pr_71322\/\"]}]},{\"@type\":\"ImageObject\",\"inLanguage\":\"sv-SE\",\"@id\":\"https:\/\/com.rst-steel.eu\/nb\/produkt\/lazer-sentinel-7-std-black_pr_71322\/#primaryimage\",\"url\":\"https:\/\/com.rst-steel.eu\/wp-content\/uploads\/2023\/02\/1a741dfe8e114a39f11647411a43cfad65e64316_Sentinel_7in_standard_front_web__2_.jpg\",\"contentUrl\":\"https:\/\/com.rst-steel.eu\/wp-content\/uploads\/2023\/02\/1a741dfe8e114a39f11647411a43cfad65e64316_Sentinel_7in_standard_front_web__2_.jpg\",\"width\":1000,\"height\":750,\"caption\":\"Lazer Sentinel 7'' STD, Black\"},{\"@type\":\"BreadcrumbList\",\"@id\":\"https:\/\/com.rst-steel.eu\/nb\/produkt\/lazer-sentinel-7-std-black_pr_71322\/#breadcrumb\",\"itemListElement\":[{\"@type\":\"ListItem\",\"position\":1,\"name\":\"Home\",\"item\":\"https:\/\/com.rst-steel.eu\/\"},{\"@type\":\"ListItem\",\"position\":2,\"name\":\"RST-Steel Shop\",\"item\":\"https:\/\/com.rst-steel.eu\/shop\/\"},{\"@type\":\"ListItem\",\"position\":3,\"name\":\"Lazer Sentinel 7&#8221; STD, Black\"}]},{\"@type\":\"WebSite\",\"@id\":\"https:\/\/com.rst-steel.eu\/#website\",\"url\":\"https:\/\/com.rst-steel.eu\/\",\"name\":\"RST-Steel.com\",\"description\":\"Finnish quality steel, for quality-conscious drivers\",\"publisher\":{\"@id\":\"https:\/\/com.rst-steel.eu\/#organization\"},\"alternateName\":\"Safe and stylish RST-Steel quality\",\"potentialAction\":[{\"@type\":\"SearchAction\",\"target\":{\"@type\":\"EntryPoint\",\"urlTemplate\":\"https:\/\/com.rst-steel.eu\/?s={search_term_string}\"},\"query-input\":{\"@type\":\"PropertyValueSpecification\",\"valueRequired\":true,\"valueName\":\"search_term_string\"}}],\"inLanguage\":\"sv-SE\"},{\"@type\":\"Organization\",\"@id\":\"https:\/\/com.rst-steel.eu\/#organization\",\"name\":\"RST-Steel Oy\",\"url\":\"https:\/\/com.rst-steel.eu\/\",\"logo\":{\"@type\":\"ImageObject\",\"inLanguage\":\"sv-SE\",\"@id\":\"https:\/\/com.rst-steel.eu\/#\/schema\/logo\/image\/\",\"url\":\"https:\/\/com.rst-steel.eu\/wp-content\/uploads\/2023\/04\/cropped-Rst-logo-valkoinen-teksti-3.png\",\"contentUrl\":\"https:\/\/com.rst-steel.eu\/wp-content\/uploads\/2023\/04\/cropped-Rst-logo-valkoinen-teksti-3.png\",\"width\":512,\"height\":115,\"caption\":\"RST-Steel Oy\"},\"image\":{\"@id\":\"https:\/\/com.rst-steel.eu\/#\/schema\/logo\/image\/\"},\"sameAs\":[\"https:\/\/www.facebook.com\/rststeel\",\"https:\/\/www.instagram.com\/rststeeloy\/\"]}]}<\/script>\n<!-- \/ Yoast SEO plugin. -->","yoast_head_json":{"title":"Lazer Sentinel 7'' STD, svart - RST-Steel","description":"Lazer Sentinel 7 STD Black ger kraftfull LED-belysning i en elegant svart design, vilket ger en stark och h\u00e5llbar belysning f\u00f6r \u00f6kad synlighet.","robots":{"index":"index","follow":"follow","max-snippet":"max-snippet:-1","max-image-preview":"max-image-preview:large","max-video-preview":"max-video-preview:-1"},"canonical":"https:\/\/com.rst-steel.eu\/sv\/produkt\/lazer-sentinel-7-std-black_pr_71322\/","og_locale":"sv_SE","og_type":"article","og_title":"Lazer Sentinel 7'' STD, Black - RST-Steel","og_description":"The Lazer Sentinel 7 STD Black provides powerful LED illumination in a sleek black design, ensuring bright, durable lighting for enhanced visibility.","og_url":"https:\/\/com.rst-steel.eu\/sv\/produkt\/lazer-sentinel-7-std-black_pr_71322\/","og_site_name":"RST-Steel","article_publisher":"https:\/\/www.facebook.com\/rststeel","article_modified_time":"2026-03-16T06:13:27+00:00","og_image":[{"width":1000,"height":750,"url":"https:\/\/com.rst-steel.eu\/wp-content\/uploads\/2023\/02\/1a741dfe8e114a39f11647411a43cfad65e64316_Sentinel_7in_standard_front_web__2_.jpg","type":"image\/jpeg"}],"twitter_card":"summary_large_image","twitter_misc":{"Ber\u00e4knad l\u00e4stid":"3 minuter"},"schema":{"@context":"https:\/\/schema.org","@graph":[{"@type":"WebPage","@id":"https:\/\/com.rst-steel.eu\/nb\/produkt\/lazer-sentinel-7-std-black_pr_71322\/","url":"https:\/\/com.rst-steel.eu\/nb\/produkt\/lazer-sentinel-7-std-black_pr_71322\/","name":"Lazer Sentinel 7'' STD, svart - RST-Steel","isPartOf":{"@id":"https:\/\/com.rst-steel.eu\/#website"},"primaryImageOfPage":{"@id":"https:\/\/com.rst-steel.eu\/nb\/produkt\/lazer-sentinel-7-std-black_pr_71322\/#primaryimage"},"image":{"@id":"https:\/\/com.rst-steel.eu\/nb\/produkt\/lazer-sentinel-7-std-black_pr_71322\/#primaryimage"},"thumbnailUrl":"https:\/\/com.rst-steel.eu\/wp-content\/uploads\/2023\/02\/1a741dfe8e114a39f11647411a43cfad65e64316_Sentinel_7in_standard_front_web__2_.jpg","datePublished":"2023-02-10T13:15:44+00:00","dateModified":"2026-03-16T06:13:27+00:00","description":"Lazer Sentinel 7 STD Black ger kraftfull LED-belysning i en elegant svart design, vilket ger en stark och h\u00e5llbar belysning f\u00f6r \u00f6kad synlighet.","breadcrumb":{"@id":"https:\/\/com.rst-steel.eu\/nb\/produkt\/lazer-sentinel-7-std-black_pr_71322\/#breadcrumb"},"inLanguage":"sv-SE","potentialAction":[{"@type":"ReadAction","target":["https:\/\/com.rst-steel.eu\/nb\/produkt\/lazer-sentinel-7-std-black_pr_71322\/"]}]},{"@type":"ImageObject","inLanguage":"sv-SE","@id":"https:\/\/com.rst-steel.eu\/nb\/produkt\/lazer-sentinel-7-std-black_pr_71322\/#primaryimage","url":"https:\/\/com.rst-steel.eu\/wp-content\/uploads\/2023\/02\/1a741dfe8e114a39f11647411a43cfad65e64316_Sentinel_7in_standard_front_web__2_.jpg","contentUrl":"https:\/\/com.rst-steel.eu\/wp-content\/uploads\/2023\/02\/1a741dfe8e114a39f11647411a43cfad65e64316_Sentinel_7in_standard_front_web__2_.jpg","width":1000,"height":750,"caption":"Lazer Sentinel 7'' STD, Black"},{"@type":"BreadcrumbList","@id":"https:\/\/com.rst-steel.eu\/nb\/produkt\/lazer-sentinel-7-std-black_pr_71322\/#breadcrumb","itemListElement":[{"@type":"ListItem","position":1,"name":"Home","item":"https:\/\/com.rst-steel.eu\/"},{"@type":"ListItem","position":2,"name":"RST-Steel Shop","item":"https:\/\/com.rst-steel.eu\/shop\/"},{"@type":"ListItem","position":3,"name":"Lazer Sentinel 7&#8221; STD, Black"}]},{"@type":"WebSite","@id":"https:\/\/com.rst-steel.eu\/#website","url":"https:\/\/com.rst-steel.eu\/","name":"RST-Stahl.com","description":"Finskt kvalitetsst\u00e5l, f\u00f6r kvalitetsmedvetna f\u00f6rare","publisher":{"@id":"https:\/\/com.rst-steel.eu\/#organization"},"alternateName":"Safe and stylish RST-Steel quality","potentialAction":[{"@type":"SearchAction","target":{"@type":"EntryPoint","urlTemplate":"https:\/\/com.rst-steel.eu\/?s={search_term_string}"},"query-input":{"@type":"PropertyValueSpecification","valueRequired":true,"valueName":"search_term_string"}}],"inLanguage":"sv-SE"},{"@type":"Organization","@id":"https:\/\/com.rst-steel.eu\/#organization","name":"RST-Steel Oy","url":"https:\/\/com.rst-steel.eu\/","logo":{"@type":"ImageObject","inLanguage":"sv-SE","@id":"https:\/\/com.rst-steel.eu\/#\/schema\/logo\/image\/","url":"https:\/\/com.rst-steel.eu\/wp-content\/uploads\/2023\/04\/cropped-Rst-logo-valkoinen-teksti-3.png","contentUrl":"https:\/\/com.rst-steel.eu\/wp-content\/uploads\/2023\/04\/cropped-Rst-logo-valkoinen-teksti-3.png","width":512,"height":115,"caption":"RST-Steel Oy"},"image":{"@id":"https:\/\/com.rst-steel.eu\/#\/schema\/logo\/image\/"},"sameAs":["https:\/\/www.facebook.com\/rststeel","https:\/\/www.instagram.com\/rststeeloy\/"]}]}},"brands":[{"id":8332,"name":"Lazer Lamps","slug":"brand_lazerlamps"}],"_links":{"self":[{"href":"https:\/\/com.rst-steel.eu\/sv\/wp-json\/wp\/v2\/product\/36564","targetHints":{"allow":["GET"]}}],"collection":[{"href":"https:\/\/com.rst-steel.eu\/sv\/wp-json\/wp\/v2\/product"}],"about":[{"href":"https:\/\/com.rst-steel.eu\/sv\/wp-json\/wp\/v2\/types\/product"}],"replies":[{"embeddable":true,"href":"https:\/\/com.rst-steel.eu\/sv\/wp-json\/wp\/v2\/comments?post=36564"}],"version-history":[{"count":0,"href":"https:\/\/com.rst-steel.eu\/sv\/wp-json\/wp\/v2\/product\/36564\/revisions"}],"wp:featuredmedia":[{"embeddable":true,"href":"https:\/\/com.rst-steel.eu\/sv\/wp-json\/wp\/v2\/media\/36559"}],"wp:attachment":[{"href":"https:\/\/com.rst-steel.eu\/sv\/wp-json\/wp\/v2\/media?parent=36564"}],"wp:term":[{"taxonomy":"make_fuel_type","embeddable":true,"href":"https:\/\/com.rst-steel.eu\/sv\/wp-json\/wp\/v2\/make_fuel_type?post=36564"},{"taxonomy":"make_model","embeddable":true,"href":"https:\/\/com.rst-steel.eu\/sv\/wp-json\/wp\/v2\/make_model?post=36564"},{"taxonomy":"make_brand","embeddable":true,"href":"https:\/\/com.rst-steel.eu\/sv\/wp-json\/wp\/v2\/make_brand?post=36564"},{"taxonomy":"make_year","embeddable":true,"href":"https:\/\/com.rst-steel.eu\/sv\/wp-json\/wp\/v2\/make_year?post=36564"},{"taxonomy":"pwb-brand","embeddable":true,"href":"https:\/\/com.rst-steel.eu\/sv\/wp-json\/wp\/v2\/pwb-brand?post=36564"},{"taxonomy":"product_brand","embeddable":true,"href":"https:\/\/com.rst-steel.eu\/sv\/wp-json\/wp\/v2\/product_brand?post=36564"},{"taxonomy":"product_cat","embeddable":true,"href":"https:\/\/com.rst-steel.eu\/sv\/wp-json\/wp\/v2\/product_cat?post=36564"},{"taxonomy":"product_tag","embeddable":true,"href":"https:\/\/com.rst-steel.eu\/sv\/wp-json\/wp\/v2\/product_tag?post=36564"}],"curies":[{"name":"wp","href":"https:\/\/api.w.org\/{rel}","templated":true}]}}