{"id":36535,"date":"2023-02-10T14:01:30","date_gmt":"2023-02-10T11:01:30","guid":{"rendered":"https:\/\/rst-steel.fi-c.seravo.com\/product\/etuhelmaputki-daf-xf-xg-xg-22-tuuliohjain_prm_68570\/"},"modified":"2026-03-16T09:13:46","modified_gmt":"2026-03-16T06:13:46","slug":"framre-spoilerbage-daf-xf-xg-xg-22-med-luftriktare-under-stotfangaren_prm_68570","status":"publish","type":"product","link":"https:\/\/com.rst-steel.eu\/sv\/produkt\/framre-spoilerbage-daf-xf-xg-xg-22-med-luftriktare-under-stotfangaren_prm_68570\/","title":{"rendered":"Frontr\u00f6r DAF XF \/ XG \/ XG+, 22-, med luftriktare under st\u00f6tf\u00e5ngaren"},"content":{"rendered":"<p class=\"MsoNormal\" style=\"margin-bottom: 0cm;line-height: normal;background-image: initial;background-position: initial;background-size: initial;background-repeat: initial;background-attachment: initial\"><span lang=\"EN-US\" style=\"font-size: 10pt;font-family: Helvetica, sans-serif\">RST-Steel\u2019s front spoiler bars are high-quality<br \/>\nprodukter tillverkade av rostfritt st\u00e5l.&nbsp;<\/span><\/p>\n<p class=\"MsoNormal\" style=\"margin-bottom: 0cm;line-height: normal;background-image: initial;background-position: initial;background-size: initial;background-repeat: initial;background-attachment: initial\"><span lang=\"EN-US\" style=\"font-size: 10pt;font-family: Helvetica, sans-serif\">&nbsp;<\/span><\/p>\n<p class=\"MsoNormal\" style=\"margin-bottom: 0cm;line-height: normal;background-image: initial;background-position: initial;background-size: initial;background-repeat: initial;background-attachment: initial\"><span lang=\"EN-US\" style=\"font-size: 10pt;font-family: Helvetica, sans-serif\">Frontspoiler \u00e4r ett snyggt tillbeh\u00f6r f\u00f6r att skydda<br \/>\nden fr\u00e4mre st\u00f6tf\u00e5ngaren p\u00e5 din bil.<\/span><\/p>\n<p class=\"MsoNormal\" style=\"margin-bottom: 0cm;line-height: normal;background-image: initial;background-position: initial;background-size: initial;background-repeat: initial;background-attachment: initial\"><span lang=\"EN-US\" style=\"font-size: 10pt;font-family: Helvetica, sans-serif\">&nbsp;<\/span><\/p>\n<p class=\"MsoNormal\" style=\"margin-bottom: 0cm;line-height: normal;background-image: initial;background-position: initial;background-size: initial;background-repeat: initial;background-attachment: initial\"><span lang=\"EN-US\" style=\"font-size: 10pt;font-family: Helvetica, sans-serif\">De fr\u00e4mre spoilerbalkarna kan utrustas med position<br \/>\nlampor som f\u00f6rb\u00e4ttrar din synlighet i trafiken och samtidigt \u00f6kar<br \/>\ns\u00e4kerhet f\u00f6r dig sj\u00e4lv och andra i trafiken<\/span><\/p>\n<p class=\"MsoNormal\" style=\"margin-bottom: 0cm;line-height: normal;background-image: initial;background-position: initial;background-size: initial;background-repeat: initial;background-attachment: initial\"><span lang=\"EN-US\" style=\"font-size: 10pt;font-family: Helvetica, sans-serif\"><br \/><\/span><\/p>\n<p class=\"MsoNormal\" style=\"margin-bottom: 0cm;line-height: normal;background-image: initial;background-position: initial;background-size: initial;background-repeat: initial;background-attachment: initial\"><span lang=\"EN-US\" style=\"font-size: 10pt;font-family: Helvetica, sans-serif\">K\u00f6r p\u00e5 trottoarkanter, farthinder eller sn\u00f6klumpar p\u00e5 v\u00e4gen<br \/>\nkan orsaka skador p\u00e5 bilens front.<\/span><\/p>\n<p class=\"MsoNormal\" style=\"margin-bottom: 0cm;line-height: normal;background-image: initial;background-position: initial;background-size: initial;background-repeat: initial;background-attachment: initial\"><span lang=\"EN-US\" style=\"font-size: 10pt;font-family: Helvetica, sans-serif\">&nbsp;<\/span><\/p>\n<p class=\"MsoNormal\" style=\"margin-bottom: 0cm;line-height: normal;background-image: initial;background-position: initial;background-size: initial;background-repeat: initial;background-attachment: initial\"><span lang=\"EN-US\" style=\"font-size: 10pt;font-family: Helvetica, sans-serif\">Att reparera skadan kan vara dyrt och<br \/>\ntidskr\u00e4vande. Genom att f\u00f6rbereda sig f\u00f6r dessa faror forts\u00e4tter resan med en<br \/>\ntryggt sinne och verksamheten \u00e4r s\u00e4kerst\u00e4lld i dessa avseenden.<\/span><\/p>\n<p class=\"MsoNormal\" style=\"margin-bottom: 0cm;line-height: normal;background-image: initial;background-position: initial;background-size: initial;background-repeat: initial;background-attachment: initial\"><span lang=\"EN-US\" style=\"font-size: 10pt;font-family: Helvetica, sans-serif\">&nbsp;<\/span><\/p>\n<p class=\"MsoNormal\" style=\"margin-bottom: 0cm;line-height: normal;background-image: initial;background-position: initial;background-size: initial;background-repeat: initial;background-attachment: initial\"><span lang=\"EN-US\" style=\"font-size: 10pt;font-family: Helvetica, sans-serif\"><br \/><\/span><\/p>\n<p class=\"MsoNormal\" style=\"margin-bottom: 0cm;line-height: normal;background-image: initial;background-position: initial;background-size: initial;background-repeat: initial;background-attachment: initial\"><span lang=\"EN-US\" style=\"font-weight: bold\"><span style=\"font-family: Helvetica, sans-serif;font-size: 13.3333px\">Passar bilar med luftavvisare under st\u00f6tf\u00e5ngaren!<\/span><br \/><\/span><\/p>\n<p class=\"MsoNormal\" style=\"margin-bottom: 0cm;line-height: normal;background-image: initial;background-position: initial;background-size: initial;background-repeat: initial;background-attachment: initial\"><span lang=\"EN-US\" style=\"font-size: 10pt;font-family: Helvetica, sans-serif\">&nbsp;<\/span><\/p>\n<p class=\"MsoNormal\" style=\"margin-bottom: 0cm;line-height: normal;background-image: initial;background-position: initial;background-size: initial;background-repeat: initial;background-attachment: initial\"><span lang=\"EN-US\" style=\"font-size: 10pt;font-family: Helvetica, sans-serif\">&nbsp;<\/span><\/p>\n<p class=\"MsoNormal\" style=\"margin-bottom: 0cm;line-height: normal;background-image: initial;background-position: initial;background-size: initial;background-repeat: initial;background-attachment: initial\"><span lang=\"EN-US\" style=\"font-size: 10pt;font-family: Helvetica, sans-serif\">&nbsp;<\/span><\/p>\n<p class=\"MsoNormal\" style=\"margin-bottom: 0cm;line-height: normal;background-image: initial;background-position: initial;background-size: initial;background-repeat: initial;background-attachment: initial\"><span lang=\"EN-US\" style=\"font-size: 10pt;font-family: Helvetica, sans-serif\">&nbsp;<\/span><\/p>\n<p class=\"MsoNormal\" style=\"margin-bottom: 0cm;line-height: normal;background-image: initial;background-position: initial;background-size: initial;background-repeat: initial;background-attachment: initial\"><span lang=\"EN-US\" style=\"font-size: 10pt;font-family: Helvetica, sans-serif\">Teknisk information:<\/span><\/p>\n<p class=\"MsoNormal\" style=\"margin-bottom: 0cm;line-height: normal;background-image: initial;background-position: initial;background-size: initial;background-repeat: initial;background-attachment: initial\"><span lang=\"EN-US\" style=\"font-size: 10pt;font-family: Helvetica, sans-serif\">&nbsp;<\/span><\/p>\n<p class=\"MsoNormal\" style=\"margin-bottom: 0cm;line-height: normal;background-image: initial;background-position: initial;background-size: initial;background-repeat: initial;background-attachment: initial\"><span lang=\"EN-US\" style=\"font-size: 10pt;font-family: Helvetica, sans-serif\">F\u00e4rg: Spegelpolerat rostfritt st\u00e5l eller m\u00e5lning<br \/>\nmed RAL-basf\u00e4rger<\/span><\/p>\n<p class=\"MsoNormal\" style=\"margin-bottom: 0cm;line-height: normal;background-image: initial;background-position: initial;background-size: initial;background-repeat: initial;background-attachment: initial\"><span lang=\"EN-US\" style=\"font-size: 10pt;font-family: Helvetica, sans-serif\">R\u00f6rdiameter: 60 mm<\/span><\/p>\n<p class=\"MsoNormal\" style=\"margin-bottom: 0cm;line-height: normal;background-image: initial;background-position: initial;background-size: initial;background-repeat: initial;background-attachment: initial\"><span lang=\"EN-US\" style=\"font-size: 10pt;font-family: Helvetica, sans-serif\">&nbsp;<\/span><\/p>\n<p class=\"MsoNormal\" style=\"margin-bottom: 0cm;line-height: normal;background-image: initial;background-position: initial;background-size: initial;background-repeat: initial;background-attachment: initial\"><span lang=\"EN-US\" style=\"font-size: 10pt;font-family: Helvetica, sans-serif\">&nbsp;<\/span><\/p>\n<p class=\"MsoNormal\" style=\"margin-bottom: 0cm;line-height: normal;background-image: initial;background-position: initial;background-size: initial;background-repeat: initial;background-attachment: initial\"><span lang=\"EN-US\" style=\"font-size: 10pt;font-family: Helvetica, sans-serif\">&nbsp;<\/span><\/p>\n<p class=\"MsoNormal\" style=\"margin-bottom: 0cm;line-height: normal;background-image: initial;background-position: initial;background-size: initial;background-repeat: initial;background-attachment: initial\"><span lang=\"EN-US\" style=\"font-size: 10pt;font-family: Helvetica, sans-serif\">Leveransinneh\u00e5ll:<\/span><\/p>\n<p class=\"MsoNormal\" style=\"margin-bottom: 0cm;line-height: normal;background-image: initial;background-position: initial;background-size: initial;background-repeat: initial;background-attachment: initial\"><span lang=\"EN-US\" style=\"font-size: 10pt;font-family: Helvetica, sans-serif\">&nbsp;<\/span><\/p>\n<p class=\"MsoNormal\" style=\"margin-bottom: 0cm;line-height: normal;background-image: initial;background-position: initial;background-size: initial;background-repeat: initial;background-attachment: initial\"><span lang=\"EN-US\" style=\"font-size: 10pt;font-family: Helvetica, sans-serif\">Frontb\u00e5ge<\/span><\/p>\n<p class=\"MsoNormal\" style=\"margin-bottom: 0cm;line-height: normal;background-image: initial;background-position: initial;background-size: initial;background-repeat: initial;background-attachment: initial\"><span lang=\"EN-US\" style=\"font-size: 10pt;font-family: Helvetica, sans-serif\">Monteringsf\u00e4sten som beh\u00f6vs f\u00f6r installation<\/span><\/p>\n<\/p>\n<p class=\"MsoNormal\" style=\"margin-bottom: 0cm;line-height: normal;background-image: initial;background-position: initial;background-size: initial;background-repeat: initial;background-attachment: initial\"><span lang=\"EN-US\" style=\"font-size: 10pt;font-family: Helvetica, sans-serif\">Instruktioner f\u00f6r installation<\/span><\/p>","protected":false},"excerpt":{"rendered":"<p>Flera modellalternativ tillg\u00e4ngliga!<\/p>\n<p><span style=\"font-weight: bold\">Passar bilar med luftavvisare under st\u00f6tf\u00e5ngaren!<\/span><\/p>","protected":false},"featured_media":36532,"comment_status":"open","ping_status":"closed","template":"","meta":{"_improvement_type_select":"improve_an_existing","_thumb_yes_seoaic":false,"_frame_yes_seoaic":false,"seoaic_generate_description":"","seoaic_improve_instructions_prompt":"","seoaic_rollback_content_improvement":"","seoaic_idea_thumbnail_generator":"","thumbnail_generated":false,"thumbnail_generate_prompt":"","seoaic_article_description":""},"make_fuel_type":[],"make_model":[5685,5684],"make_brand":[5268],"make_year":[3748],"pwb-brand":[8334],"product_brand":[],"product_cat":[6092,6093,7295],"product_tag":[7550],"class_list":{"0":"post-36535","1":"product","2":"type-product","3":"status-publish","4":"has-post-thumbnail","6":"make_model-xf-2021","7":"make_model-xg","8":"make_brand-daf","9":"make_year-trucks","10":"pwb-brand-brand_rststeel","11":"product_cat-front-spoiler-bars","12":"product_cat-front-spoiler-bars-for-trucks","13":"product_cat-daf-ep-ka","14":"product_tag-frontbagar","15":"product_shipping_class-lightbars","17":"first","18":"instock","19":"taxable","20":"shipping-taxable","21":"purchasable","22":"product-type-variable"},"yoast_head":"<!-- This site is optimized with the Yoast SEO plugin v25.7 - https:\/\/yoast.com\/wordpress\/plugins\/seo\/ -->\n<title>Front spoiler bar DAF XF \/ XG \/ XG+, 22-, with a air deflector under the bumper - RST-Steel<\/title>\n<meta name=\"description\" content=\"Durable stainless steel front spoiler bar with air deflector for DAF XF\/XG\/XG+ (22-). Enhances visibility, protects the bumper, and includes position lights\" \/>\n<meta name=\"robots\" content=\"index, follow, max-snippet:-1, max-image-preview:large, max-video-preview:-1\" \/>\n<link rel=\"canonical\" href=\"https:\/\/com.rst-steel.eu\/sv\/produkt\/framre-spoilerbage-daf-xf-xg-xg-22-med-luftriktare-under-stotfangaren_prm_68570\/\" \/>\n<meta property=\"og:locale\" content=\"sv_SE\" \/>\n<meta property=\"og:type\" content=\"article\" \/>\n<meta property=\"og:title\" content=\"Front spoiler bar DAF XF \/ XG \/ XG+, 22-, with a air deflector under the bumper - RST-Steel\" \/>\n<meta property=\"og:description\" content=\"Durable stainless steel front spoiler bar with air deflector for DAF XF\/XG\/XG+ (22-). Enhances visibility, protects the bumper, and includes position lights\" \/>\n<meta property=\"og:url\" content=\"https:\/\/com.rst-steel.eu\/sv\/produkt\/framre-spoilerbage-daf-xf-xg-xg-22-med-luftriktare-under-stotfangaren_prm_68570\/\" \/>\n<meta property=\"og:site_name\" content=\"RST-Steel\" \/>\n<meta property=\"article:publisher\" content=\"https:\/\/www.facebook.com\/rststeel\" \/>\n<meta property=\"article:modified_time\" content=\"2026-03-16T06:13:46+00:00\" \/>\n<meta property=\"og:image\" content=\"https:\/\/com.rst-steel.eu\/wp-content\/uploads\/2023\/02\/b3173a45cbd48a363118bb4b1bc904259e779d70_DA0403-scaled.jpg\" \/>\n\t<meta property=\"og:image:width\" content=\"2560\" \/>\n\t<meta property=\"og:image:height\" content=\"1707\" \/>\n\t<meta property=\"og:image:type\" content=\"image\/jpeg\" \/>\n<meta name=\"twitter:card\" content=\"summary_large_image\" \/>\n<meta name=\"twitter:label1\" content=\"Ber\u00e4knad l\u00e4stid\" \/>\n\t<meta name=\"twitter:data1\" content=\"1 minut\" \/>\n<script type=\"application\/ld+json\" class=\"yoast-schema-graph\">{\"@context\":\"https:\/\/schema.org\",\"@graph\":[{\"@type\":\"WebPage\",\"@id\":\"https:\/\/com.rst-steel.eu\/sv\/produkt\/framre-spoilerbage-daf-xf-xg-xg-22-med-luftriktare-under-stotfangaren_prm_68570\/\",\"url\":\"https:\/\/com.rst-steel.eu\/sv\/produkt\/framre-spoilerbage-daf-xf-xg-xg-22-med-luftriktare-under-stotfangaren_prm_68570\/\",\"name\":\"Front spoiler bar DAF XF \/ XG \/ XG+, 22-, with a air deflector under the bumper - RST-Steel\",\"isPartOf\":{\"@id\":\"https:\/\/com.rst-steel.eu\/#website\"},\"primaryImageOfPage\":{\"@id\":\"https:\/\/com.rst-steel.eu\/sv\/produkt\/framre-spoilerbage-daf-xf-xg-xg-22-med-luftriktare-under-stotfangaren_prm_68570\/#primaryimage\"},\"image\":{\"@id\":\"https:\/\/com.rst-steel.eu\/sv\/produkt\/framre-spoilerbage-daf-xf-xg-xg-22-med-luftriktare-under-stotfangaren_prm_68570\/#primaryimage\"},\"thumbnailUrl\":\"https:\/\/com.rst-steel.eu\/wp-content\/uploads\/2023\/02\/b3173a45cbd48a363118bb4b1bc904259e779d70_DA0403-scaled.jpg\",\"datePublished\":\"2023-02-10T11:01:30+00:00\",\"dateModified\":\"2026-03-16T06:13:46+00:00\",\"description\":\"Durable stainless steel front spoiler bar with air deflector for DAF XF\/XG\/XG+ (22-). Enhances visibility, protects the bumper, and includes position lights\",\"breadcrumb\":{\"@id\":\"https:\/\/com.rst-steel.eu\/sv\/produkt\/framre-spoilerbage-daf-xf-xg-xg-22-med-luftriktare-under-stotfangaren_prm_68570\/#breadcrumb\"},\"inLanguage\":\"sv-SE\",\"potentialAction\":[{\"@type\":\"ReadAction\",\"target\":[\"https:\/\/com.rst-steel.eu\/sv\/produkt\/framre-spoilerbage-daf-xf-xg-xg-22-med-luftriktare-under-stotfangaren_prm_68570\/\"]}]},{\"@type\":\"ImageObject\",\"inLanguage\":\"sv-SE\",\"@id\":\"https:\/\/com.rst-steel.eu\/sv\/produkt\/framre-spoilerbage-daf-xf-xg-xg-22-med-luftriktare-under-stotfangaren_prm_68570\/#primaryimage\",\"url\":\"https:\/\/com.rst-steel.eu\/wp-content\/uploads\/2023\/02\/b3173a45cbd48a363118bb4b1bc904259e779d70_DA0403-scaled.jpg\",\"contentUrl\":\"https:\/\/com.rst-steel.eu\/wp-content\/uploads\/2023\/02\/b3173a45cbd48a363118bb4b1bc904259e779d70_DA0403-scaled.jpg\",\"width\":2560,\"height\":1707,\"caption\":\"Front spoiler bar DAF XF \/ XG \/ XG+, 22-, with a air deflector under the bumper\"},{\"@type\":\"BreadcrumbList\",\"@id\":\"https:\/\/com.rst-steel.eu\/sv\/produkt\/framre-spoilerbage-daf-xf-xg-xg-22-med-luftriktare-under-stotfangaren_prm_68570\/#breadcrumb\",\"itemListElement\":[{\"@type\":\"ListItem\",\"position\":1,\"name\":\"Home\",\"item\":\"https:\/\/com.rst-steel.eu\/\"},{\"@type\":\"ListItem\",\"position\":2,\"name\":\"RST-Steel Shop\",\"item\":\"https:\/\/com.rst-steel.eu\/shop\/\"},{\"@type\":\"ListItem\",\"position\":3,\"name\":\"Front spoiler bar DAF XF \/ XG \/ XG+, 22-, with a air deflector under the bumper\"}]},{\"@type\":\"WebSite\",\"@id\":\"https:\/\/com.rst-steel.eu\/#website\",\"url\":\"https:\/\/com.rst-steel.eu\/\",\"name\":\"RST-Steel.com\",\"description\":\"Finnish quality steel, for quality-conscious drivers\",\"publisher\":{\"@id\":\"https:\/\/com.rst-steel.eu\/#organization\"},\"alternateName\":\"Safe and stylish RST-Steel quality\",\"potentialAction\":[{\"@type\":\"SearchAction\",\"target\":{\"@type\":\"EntryPoint\",\"urlTemplate\":\"https:\/\/com.rst-steel.eu\/?s={search_term_string}\"},\"query-input\":{\"@type\":\"PropertyValueSpecification\",\"valueRequired\":true,\"valueName\":\"search_term_string\"}}],\"inLanguage\":\"sv-SE\"},{\"@type\":\"Organization\",\"@id\":\"https:\/\/com.rst-steel.eu\/#organization\",\"name\":\"RST-Steel Oy\",\"url\":\"https:\/\/com.rst-steel.eu\/\",\"logo\":{\"@type\":\"ImageObject\",\"inLanguage\":\"sv-SE\",\"@id\":\"https:\/\/com.rst-steel.eu\/#\/schema\/logo\/image\/\",\"url\":\"https:\/\/com.rst-steel.eu\/wp-content\/uploads\/2023\/04\/cropped-Rst-logo-valkoinen-teksti-3.png\",\"contentUrl\":\"https:\/\/com.rst-steel.eu\/wp-content\/uploads\/2023\/04\/cropped-Rst-logo-valkoinen-teksti-3.png\",\"width\":512,\"height\":115,\"caption\":\"RST-Steel Oy\"},\"image\":{\"@id\":\"https:\/\/com.rst-steel.eu\/#\/schema\/logo\/image\/\"},\"sameAs\":[\"https:\/\/www.facebook.com\/rststeel\",\"https:\/\/www.instagram.com\/rststeeloy\/\"]}]}<\/script>\n<!-- \/ Yoast SEO plugin. -->","yoast_head_json":{"title":"Frontspoiler DAF XF \/ XG \/ XG+, 22-, med luftriktare under st\u00f6tf\u00e5ngaren - RST-Steel","description":"Slitstark frontspoiler i rostfritt st\u00e5l med luftriktare f\u00f6r DAF XF\/XG\/XG+ (22-). F\u00f6rb\u00e4ttrar sikten, skyddar st\u00f6tf\u00e5ngaren och inkluderar positionsljus","robots":{"index":"index","follow":"follow","max-snippet":"max-snippet:-1","max-image-preview":"max-image-preview:large","max-video-preview":"max-video-preview:-1"},"canonical":"https:\/\/com.rst-steel.eu\/sv\/produkt\/framre-spoilerbage-daf-xf-xg-xg-22-med-luftriktare-under-stotfangaren_prm_68570\/","og_locale":"sv_SE","og_type":"article","og_title":"Front spoiler bar DAF XF \/ XG \/ XG+, 22-, with a air deflector under the bumper - RST-Steel","og_description":"Durable stainless steel front spoiler bar with air deflector for DAF XF\/XG\/XG+ (22-). Enhances visibility, protects the bumper, and includes position lights","og_url":"https:\/\/com.rst-steel.eu\/sv\/produkt\/framre-spoilerbage-daf-xf-xg-xg-22-med-luftriktare-under-stotfangaren_prm_68570\/","og_site_name":"RST-Steel","article_publisher":"https:\/\/www.facebook.com\/rststeel","article_modified_time":"2026-03-16T06:13:46+00:00","og_image":[{"width":2560,"height":1707,"url":"https:\/\/com.rst-steel.eu\/wp-content\/uploads\/2023\/02\/b3173a45cbd48a363118bb4b1bc904259e779d70_DA0403-scaled.jpg","type":"image\/jpeg"}],"twitter_card":"summary_large_image","twitter_misc":{"Ber\u00e4knad l\u00e4stid":"1 minut"},"schema":{"@context":"https:\/\/schema.org","@graph":[{"@type":"WebPage","@id":"https:\/\/com.rst-steel.eu\/sv\/produkt\/framre-spoilerbage-daf-xf-xg-xg-22-med-luftriktare-under-stotfangaren_prm_68570\/","url":"https:\/\/com.rst-steel.eu\/sv\/produkt\/framre-spoilerbage-daf-xf-xg-xg-22-med-luftriktare-under-stotfangaren_prm_68570\/","name":"Frontspoiler DAF XF \/ XG \/ XG+, 22-, med luftriktare under st\u00f6tf\u00e5ngaren - RST-Steel","isPartOf":{"@id":"https:\/\/com.rst-steel.eu\/#website"},"primaryImageOfPage":{"@id":"https:\/\/com.rst-steel.eu\/sv\/produkt\/framre-spoilerbage-daf-xf-xg-xg-22-med-luftriktare-under-stotfangaren_prm_68570\/#primaryimage"},"image":{"@id":"https:\/\/com.rst-steel.eu\/sv\/produkt\/framre-spoilerbage-daf-xf-xg-xg-22-med-luftriktare-under-stotfangaren_prm_68570\/#primaryimage"},"thumbnailUrl":"https:\/\/com.rst-steel.eu\/wp-content\/uploads\/2023\/02\/b3173a45cbd48a363118bb4b1bc904259e779d70_DA0403-scaled.jpg","datePublished":"2023-02-10T11:01:30+00:00","dateModified":"2026-03-16T06:13:46+00:00","description":"Slitstark frontspoiler i rostfritt st\u00e5l med luftriktare f\u00f6r DAF XF\/XG\/XG+ (22-). F\u00f6rb\u00e4ttrar sikten, skyddar st\u00f6tf\u00e5ngaren och inkluderar positionsljus","breadcrumb":{"@id":"https:\/\/com.rst-steel.eu\/sv\/produkt\/framre-spoilerbage-daf-xf-xg-xg-22-med-luftriktare-under-stotfangaren_prm_68570\/#breadcrumb"},"inLanguage":"sv-SE","potentialAction":[{"@type":"ReadAction","target":["https:\/\/com.rst-steel.eu\/sv\/produkt\/framre-spoilerbage-daf-xf-xg-xg-22-med-luftriktare-under-stotfangaren_prm_68570\/"]}]},{"@type":"ImageObject","inLanguage":"sv-SE","@id":"https:\/\/com.rst-steel.eu\/sv\/produkt\/framre-spoilerbage-daf-xf-xg-xg-22-med-luftriktare-under-stotfangaren_prm_68570\/#primaryimage","url":"https:\/\/com.rst-steel.eu\/wp-content\/uploads\/2023\/02\/b3173a45cbd48a363118bb4b1bc904259e779d70_DA0403-scaled.jpg","contentUrl":"https:\/\/com.rst-steel.eu\/wp-content\/uploads\/2023\/02\/b3173a45cbd48a363118bb4b1bc904259e779d70_DA0403-scaled.jpg","width":2560,"height":1707,"caption":"Front spoiler bar DAF XF \/ XG \/ XG+, 22-, with a air deflector under the bumper"},{"@type":"BreadcrumbList","@id":"https:\/\/com.rst-steel.eu\/sv\/produkt\/framre-spoilerbage-daf-xf-xg-xg-22-med-luftriktare-under-stotfangaren_prm_68570\/#breadcrumb","itemListElement":[{"@type":"ListItem","position":1,"name":"Home","item":"https:\/\/com.rst-steel.eu\/"},{"@type":"ListItem","position":2,"name":"RST-Steel Shop","item":"https:\/\/com.rst-steel.eu\/shop\/"},{"@type":"ListItem","position":3,"name":"Front spoiler bar DAF XF \/ XG \/ XG+, 22-, with a air deflector under the bumper"}]},{"@type":"WebSite","@id":"https:\/\/com.rst-steel.eu\/#website","url":"https:\/\/com.rst-steel.eu\/","name":"RST-Stahl.com","description":"Finskt kvalitetsst\u00e5l, f\u00f6r kvalitetsmedvetna f\u00f6rare","publisher":{"@id":"https:\/\/com.rst-steel.eu\/#organization"},"alternateName":"Safe and stylish RST-Steel quality","potentialAction":[{"@type":"SearchAction","target":{"@type":"EntryPoint","urlTemplate":"https:\/\/com.rst-steel.eu\/?s={search_term_string}"},"query-input":{"@type":"PropertyValueSpecification","valueRequired":true,"valueName":"search_term_string"}}],"inLanguage":"sv-SE"},{"@type":"Organization","@id":"https:\/\/com.rst-steel.eu\/#organization","name":"RST-Steel Oy","url":"https:\/\/com.rst-steel.eu\/","logo":{"@type":"ImageObject","inLanguage":"sv-SE","@id":"https:\/\/com.rst-steel.eu\/#\/schema\/logo\/image\/","url":"https:\/\/com.rst-steel.eu\/wp-content\/uploads\/2023\/04\/cropped-Rst-logo-valkoinen-teksti-3.png","contentUrl":"https:\/\/com.rst-steel.eu\/wp-content\/uploads\/2023\/04\/cropped-Rst-logo-valkoinen-teksti-3.png","width":512,"height":115,"caption":"RST-Steel Oy"},"image":{"@id":"https:\/\/com.rst-steel.eu\/#\/schema\/logo\/image\/"},"sameAs":["https:\/\/www.facebook.com\/rststeel","https:\/\/www.instagram.com\/rststeeloy\/"]}]}},"brands":[{"id":8334,"name":"RST-Steel","slug":"brand_rststeel"}],"_links":{"self":[{"href":"https:\/\/com.rst-steel.eu\/sv\/wp-json\/wp\/v2\/product\/36535","targetHints":{"allow":["GET"]}}],"collection":[{"href":"https:\/\/com.rst-steel.eu\/sv\/wp-json\/wp\/v2\/product"}],"about":[{"href":"https:\/\/com.rst-steel.eu\/sv\/wp-json\/wp\/v2\/types\/product"}],"replies":[{"embeddable":true,"href":"https:\/\/com.rst-steel.eu\/sv\/wp-json\/wp\/v2\/comments?post=36535"}],"version-history":[{"count":0,"href":"https:\/\/com.rst-steel.eu\/sv\/wp-json\/wp\/v2\/product\/36535\/revisions"}],"wp:featuredmedia":[{"embeddable":true,"href":"https:\/\/com.rst-steel.eu\/sv\/wp-json\/wp\/v2\/media\/36532"}],"wp:attachment":[{"href":"https:\/\/com.rst-steel.eu\/sv\/wp-json\/wp\/v2\/media?parent=36535"}],"wp:term":[{"taxonomy":"make_fuel_type","embeddable":true,"href":"https:\/\/com.rst-steel.eu\/sv\/wp-json\/wp\/v2\/make_fuel_type?post=36535"},{"taxonomy":"make_model","embeddable":true,"href":"https:\/\/com.rst-steel.eu\/sv\/wp-json\/wp\/v2\/make_model?post=36535"},{"taxonomy":"make_brand","embeddable":true,"href":"https:\/\/com.rst-steel.eu\/sv\/wp-json\/wp\/v2\/make_brand?post=36535"},{"taxonomy":"make_year","embeddable":true,"href":"https:\/\/com.rst-steel.eu\/sv\/wp-json\/wp\/v2\/make_year?post=36535"},{"taxonomy":"pwb-brand","embeddable":true,"href":"https:\/\/com.rst-steel.eu\/sv\/wp-json\/wp\/v2\/pwb-brand?post=36535"},{"taxonomy":"product_brand","embeddable":true,"href":"https:\/\/com.rst-steel.eu\/sv\/wp-json\/wp\/v2\/product_brand?post=36535"},{"taxonomy":"product_cat","embeddable":true,"href":"https:\/\/com.rst-steel.eu\/sv\/wp-json\/wp\/v2\/product_cat?post=36535"},{"taxonomy":"product_tag","embeddable":true,"href":"https:\/\/com.rst-steel.eu\/sv\/wp-json\/wp\/v2\/product_tag?post=36535"}],"curies":[{"name":"wp","href":"https:\/\/api.w.org\/{rel}","templated":true}]}}