{"id":36522,"date":"2023-02-10T14:00:47","date_gmt":"2023-02-10T11:00:47","guid":{"rendered":"https:\/\/rst-steel.fi-c.seravo.com\/product\/front-spoiler-bar-3-part-volvo-fm-fh4_prm_65972\/"},"modified":"2025-10-22T14:24:20","modified_gmt":"2025-10-22T11:24:20","slug":"front-spoiler-bar-volvo-fm-fh4-3-part_prm_65972","status":"publish","type":"product","link":"https:\/\/com.rst-steel.eu\/sv\/produkt\/front-spoiler-bar-volvo-fm-fh4-3-part_prm_65972\/","title":{"rendered":"Frontr\u00f6r Volvo FM\/FH4, 3-delad"},"content":{"rendered":"<p class=\"MsoNormal\" style=\"margin-bottom: 0cm; line-height: normal; background-image: initial; background-position: initial; background-size: initial; background-repeat: initial; background-attachment: initial;\"><span lang=\"EN-US\" style=\"font-size: 10pt; font-family: Helvetica, sans-serif;\">RST-Steel\u2019s front spoiler bars are high-quality<br \/>\nprodukter tillverkade av rostfritt st\u00e5l.\u00a0<\/span><\/p>\n<p class=\"MsoNormal\" style=\"margin-bottom: 0cm; line-height: normal; background-image: initial; background-position: initial; background-size: initial; background-repeat: initial; background-attachment: initial;\"><span lang=\"EN-US\" style=\"font-size: 10pt; font-family: Helvetica, sans-serif;\">\u00a0<\/span><\/p>\n<p class=\"MsoNormal\" style=\"margin-bottom: 0cm; line-height: normal; background-image: initial; background-position: initial; background-size: initial; background-repeat: initial; background-attachment: initial;\"><span lang=\"EN-US\" style=\"font-size: 10pt; font-family: Helvetica, sans-serif;\">Frontspoiler \u00e4r ett snyggt tillbeh\u00f6r f\u00f6r att skydda<br \/>\nden fr\u00e4mre st\u00f6tf\u00e5ngaren p\u00e5 din bil.<\/span><\/p>\n<p class=\"MsoNormal\" style=\"margin-bottom: 0cm; line-height: normal; background-image: initial; background-position: initial; background-size: initial; background-repeat: initial; background-attachment: initial;\"><span lang=\"EN-US\" style=\"font-size: 10pt; font-family: Helvetica, sans-serif;\">\u00a0<\/span><\/p>\n<p class=\"MsoNormal\" style=\"margin-bottom: 0cm; line-height: normal; background-image: initial; background-position: initial; background-size: initial; background-repeat: initial; background-attachment: initial;\"><span lang=\"EN-US\" style=\"font-size: 10pt; font-family: Helvetica, sans-serif;\">De fr\u00e4mre spoilerbalkarna kan utrustas med position<br \/>\nlampor som f\u00f6rb\u00e4ttrar din synlighet i trafiken och samtidigt \u00f6kar<br \/>\ns\u00e4kerhet f\u00f6r dig sj\u00e4lv och andra i trafiken.<\/span><\/p>\n<p class=\"MsoNormal\" style=\"margin-bottom: 0cm; line-height: normal; background-image: initial; background-position: initial; background-size: initial; background-repeat: initial; background-attachment: initial;\"><span lang=\"EN-US\" style=\"font-size: 10pt; font-family: Helvetica, sans-serif;\">K\u00f6r p\u00e5 trottoarkanter, farthinder eller sn\u00f6klumpar p\u00e5 v\u00e4gen<br \/>\nkan orsaka skador p\u00e5 bilens front.<\/span><\/p>\n<p class=\"MsoNormal\" style=\"margin-bottom: 0cm; line-height: normal; background-image: initial; background-position: initial; background-size: initial; background-repeat: initial; background-attachment: initial;\"><span lang=\"EN-US\" style=\"font-size: 10pt; font-family: Helvetica, sans-serif;\">\u00a0<\/span><\/p>\n<p class=\"MsoNormal\" style=\"margin-bottom: 0cm; line-height: normal; background-image: initial; background-position: initial; background-size: initial; background-repeat: initial; background-attachment: initial;\"><span lang=\"EN-US\" style=\"font-size: 10pt; font-family: Helvetica, sans-serif;\">Att reparera skadan kan vara dyrt och<br \/>\ntidskr\u00e4vande. Genom att f\u00f6rbereda sig f\u00f6r dessa faror forts\u00e4tter resan med en<br \/>\ntryggt sinne och verksamheten \u00e4r s\u00e4kerst\u00e4lld i dessa avseenden.<\/span><\/p>\n<p class=\"MsoNormal\" style=\"margin-bottom: 0cm; line-height: normal; background-image: initial; background-position: initial; background-size: initial; background-repeat: initial; background-attachment: initial;\"><span lang=\"EN-US\" style=\"font-size: 10pt; font-family: Helvetica, sans-serif;\">\u00a0<\/span><\/p>\n<p class=\"MsoNormal\" style=\"margin-bottom: 0cm; line-height: normal; background-image: initial; background-position: initial; background-size: initial; background-repeat: initial; background-attachment: initial;\"><span lang=\"EN-US\" style=\"font-size: 10pt; font-family: Helvetica, sans-serif;\">\u00a0<\/span><\/p>\n<p class=\"MsoNormal\" style=\"margin-bottom: 0cm; line-height: normal; background-image: initial; background-position: initial; background-size: initial; background-repeat: initial; background-attachment: initial;\"><span lang=\"EN-US\" style=\"font-size: 10pt; font-family: Helvetica, sans-serif;\">\u00a0<\/span><\/p>\n<p class=\"MsoNormal\" style=\"margin-bottom: 0cm; line-height: normal; background-image: initial; background-position: initial; background-size: initial; background-repeat: initial; background-attachment: initial;\"><strong><span lang=\"EN-US\" style=\"font-size: 10pt; font-family: Helvetica, sans-serif;\">Teknisk information:<\/span><\/strong><\/p>\n<p class=\"MsoNormal\" style=\"margin-bottom: 0cm; line-height: normal; background-image: initial; background-position: initial; background-size: initial; background-repeat: initial; background-attachment: initial;\"><span lang=\"EN-US\" style=\"font-size: 10pt; font-family: Helvetica, sans-serif;\">F\u00e4rg: Spegelpolerat rostfritt st\u00e5l\u00a0<\/span><\/p>\n<p class=\"MsoNormal\" style=\"margin-bottom: 0cm; line-height: normal; background-image: initial; background-position: initial; background-size: initial; background-repeat: initial; background-attachment: initial;\"><span lang=\"EN-US\" style=\"font-size: 10pt; font-family: Helvetica, sans-serif;\">R\u00f6rdiameter: 60 mm<\/span><\/p>\n<p class=\"MsoNormal\" style=\"margin-bottom: 0cm; line-height: normal; background-image: initial; background-position: initial; background-size: initial; background-repeat: initial; background-attachment: initial;\"><span lang=\"EN-US\" style=\"font-size: 10pt; font-family: Helvetica, sans-serif;\">Enkel att installera<\/span><\/p>\n<p class=\"MsoNormal\" style=\"margin-bottom: 0cm; line-height: normal; background-image: initial; background-position: initial; background-size: initial; background-repeat: initial; background-attachment: initial;\"><span lang=\"EN-US\" style=\"font-size: 10pt; font-family: Helvetica, sans-serif;\">\u00a0<\/span><\/p>\n<p class=\"MsoNormal\" style=\"margin-bottom: 0cm; line-height: normal; background-image: initial; background-position: initial; background-size: initial; background-repeat: initial; background-attachment: initial;\"><span lang=\"EN-US\" style=\"font-size: 10pt; font-family: Helvetica, sans-serif;\">\u00a0<\/span><\/p>\n<p class=\"MsoNormal\" style=\"margin-bottom: 0cm; line-height: normal; background-image: initial; background-position: initial; background-size: initial; background-repeat: initial; background-attachment: initial;\"><strong><span lang=\"EN-US\" style=\"font-size: 10pt; font-family: Helvetica, sans-serif;\">Leveransinneh\u00e5ll:<\/span><\/strong><\/p>\n<p class=\"MsoNormal\" style=\"margin-bottom: 0cm; line-height: normal; background-image: initial; background-position: initial; background-size: initial; background-repeat: initial; background-attachment: initial;\"><span lang=\"EN-US\" style=\"font-size: 10pt; font-family: Helvetica, sans-serif;\">Frontb\u00e5ge<\/span><\/p>\n<p class=\"MsoNormal\" style=\"margin-bottom: 0cm; line-height: normal; background-image: initial; background-position: initial; background-size: initial; background-repeat: initial; background-attachment: initial;\"><span lang=\"EN-US\" style=\"font-size: 10pt; font-family: Helvetica, sans-serif;\">Monteringsf\u00e4sten som beh\u00f6vs f\u00f6r installation<\/span><\/p>\n<p class=\"MsoNormal\" style=\"margin-bottom: 0cm; line-height: normal; background-image: initial; background-position: initial; background-size: initial; background-repeat: initial; background-attachment: initial;\"><span lang=\"EN-US\" style=\"font-size: 10pt; font-family: Helvetica, sans-serif;\">Instruktioner f\u00f6r installation<\/span><\/p>","protected":false},"excerpt":{"rendered":"<p>Flera modellalternativ tillg\u00e4ngliga!<\/p>","protected":false},"featured_media":36520,"comment_status":"open","ping_status":"closed","template":"","meta":{"_improvement_type_select":"improve_an_existing","_thumb_yes_seoaic":false,"_frame_yes_seoaic":false,"seoaic_generate_description":"","seoaic_improve_instructions_prompt":"","seoaic_rollback_content_improvement":"","seoaic_idea_thumbnail_generator":"","thumbnail_generated":false,"thumbnail_generate_prompt":"","seoaic_article_description":""},"make_fuel_type":[],"make_model":[5637,3743,5295,5294],"make_brand":[3745],"make_year":[3748],"pwb-brand":[8334],"product_brand":[],"product_cat":[6092,6093,7292],"product_tag":[7550],"class_list":{"0":"post-36522","1":"product","2":"type-product","3":"status-publish","4":"has-post-thumbnail","6":"make_engine-normal-cab","7":"make_engine-globetrotter","8":"make_engine-globetrotter-xl-cab","9":"make_model-fh-2021","10":"make_model-fh4","11":"make_model-volvo-fm-2021","12":"make_model-volvo-fm4","13":"make_brand-volvo","14":"make_year-trucks","15":"pwb-brand-brand_rststeel","16":"product_cat-front-spoiler-bars","17":"product_cat-front-spoiler-bars-for-trucks","18":"product_cat-volvo-ep-ka","19":"product_tag-frontbagar","20":"product_shipping_class-lightbars","22":"first","23":"instock","24":"taxable","25":"shipping-taxable","26":"purchasable","27":"product-type-variable"},"yoast_head":"<!-- This site is optimized with the Yoast SEO plugin v25.7 - https:\/\/yoast.com\/wordpress\/plugins\/seo\/ -->\n<title>Front Spoiler Bar Volvo FM\/FH4, 3-Part - RST-Steel<\/title>\n<meta name=\"description\" content=\"Durable stainless steel 3-part front spoiler bar for Volvo FM\/FH4 boosts visibility, protects the bumper, and features position lights. Easy to install.\" \/>\n<meta name=\"robots\" content=\"index, follow, max-snippet:-1, max-image-preview:large, max-video-preview:-1\" \/>\n<link rel=\"canonical\" href=\"https:\/\/com.rst-steel.eu\/sv\/produkt\/front-spoiler-bar-volvo-fm-fh4-3-part_prm_65972\/\" \/>\n<meta property=\"og:locale\" content=\"sv_SE\" \/>\n<meta property=\"og:type\" content=\"article\" \/>\n<meta property=\"og:title\" content=\"Front Spoiler Bar Volvo FM\/FH4, 3-Part - RST-Steel\" \/>\n<meta property=\"og:description\" content=\"Durable stainless steel 3-part front spoiler bar for Volvo FM\/FH4 boosts visibility, protects the bumper, and features position lights. Easy to install.\" \/>\n<meta property=\"og:url\" content=\"https:\/\/com.rst-steel.eu\/sv\/produkt\/front-spoiler-bar-volvo-fm-fh4-3-part_prm_65972\/\" \/>\n<meta property=\"og:site_name\" content=\"RST-Steel\" \/>\n<meta property=\"article:publisher\" content=\"https:\/\/www.facebook.com\/rststeel\" \/>\n<meta property=\"article:modified_time\" content=\"2025-10-22T11:24:20+00:00\" \/>\n<meta property=\"og:image\" content=\"https:\/\/com.rst-steel.eu\/wp-content\/uploads\/2023\/02\/bdaf7627dc65e90f5a8f1998bcb7ee143781d369_Etuhelmaputki3_osainenVolvoFH4_VO0405A_72eecb742d2470e61229cfda634b80a9_1.jpg\" \/>\n\t<meta property=\"og:image:width\" content=\"680\" \/>\n\t<meta property=\"og:image:height\" content=\"509\" \/>\n\t<meta property=\"og:image:type\" content=\"image\/jpeg\" \/>\n<meta name=\"twitter:card\" content=\"summary_large_image\" \/>\n<meta name=\"twitter:label1\" content=\"Ber\u00e4knad l\u00e4stid\" \/>\n\t<meta name=\"twitter:data1\" content=\"1 minut\" \/>\n<script type=\"application\/ld+json\" class=\"yoast-schema-graph\">{\"@context\":\"https:\/\/schema.org\",\"@graph\":[{\"@type\":\"WebPage\",\"@id\":\"https:\/\/com.rst-steel.eu\/nb\/produkt\/front-spoiler-bar-volvo-fm-fh4-3-part_prm_65972\/\",\"url\":\"https:\/\/com.rst-steel.eu\/nb\/produkt\/front-spoiler-bar-volvo-fm-fh4-3-part_prm_65972\/\",\"name\":\"Front Spoiler Bar Volvo FM\/FH4, 3-Part - RST-Steel\",\"isPartOf\":{\"@id\":\"https:\/\/com.rst-steel.eu\/#website\"},\"primaryImageOfPage\":{\"@id\":\"https:\/\/com.rst-steel.eu\/nb\/produkt\/front-spoiler-bar-volvo-fm-fh4-3-part_prm_65972\/#primaryimage\"},\"image\":{\"@id\":\"https:\/\/com.rst-steel.eu\/nb\/produkt\/front-spoiler-bar-volvo-fm-fh4-3-part_prm_65972\/#primaryimage\"},\"thumbnailUrl\":\"https:\/\/com.rst-steel.eu\/wp-content\/uploads\/2023\/02\/bdaf7627dc65e90f5a8f1998bcb7ee143781d369_Etuhelmaputki3_osainenVolvoFH4_VO0405A_72eecb742d2470e61229cfda634b80a9_1.jpg\",\"datePublished\":\"2023-02-10T11:00:47+00:00\",\"dateModified\":\"2025-10-22T11:24:20+00:00\",\"description\":\"Durable stainless steel 3-part front spoiler bar for Volvo FM\/FH4 boosts visibility, protects the bumper, and features position lights. Easy to install.\",\"breadcrumb\":{\"@id\":\"https:\/\/com.rst-steel.eu\/nb\/produkt\/front-spoiler-bar-volvo-fm-fh4-3-part_prm_65972\/#breadcrumb\"},\"inLanguage\":\"sv-SE\",\"potentialAction\":[{\"@type\":\"ReadAction\",\"target\":[\"https:\/\/com.rst-steel.eu\/nb\/produkt\/front-spoiler-bar-volvo-fm-fh4-3-part_prm_65972\/\"]}]},{\"@type\":\"ImageObject\",\"inLanguage\":\"sv-SE\",\"@id\":\"https:\/\/com.rst-steel.eu\/nb\/produkt\/front-spoiler-bar-volvo-fm-fh4-3-part_prm_65972\/#primaryimage\",\"url\":\"https:\/\/com.rst-steel.eu\/wp-content\/uploads\/2023\/02\/bdaf7627dc65e90f5a8f1998bcb7ee143781d369_Etuhelmaputki3_osainenVolvoFH4_VO0405A_72eecb742d2470e61229cfda634b80a9_1.jpg\",\"contentUrl\":\"https:\/\/com.rst-steel.eu\/wp-content\/uploads\/2023\/02\/bdaf7627dc65e90f5a8f1998bcb7ee143781d369_Etuhelmaputki3_osainenVolvoFH4_VO0405A_72eecb742d2470e61229cfda634b80a9_1.jpg\",\"width\":680,\"height\":509,\"caption\":\"Front Spoiler Bar Volvo FM\/FH4, 3-Part\"},{\"@type\":\"BreadcrumbList\",\"@id\":\"https:\/\/com.rst-steel.eu\/nb\/produkt\/front-spoiler-bar-volvo-fm-fh4-3-part_prm_65972\/#breadcrumb\",\"itemListElement\":[{\"@type\":\"ListItem\",\"position\":1,\"name\":\"Home\",\"item\":\"https:\/\/com.rst-steel.eu\/\"},{\"@type\":\"ListItem\",\"position\":2,\"name\":\"RST-Steel Shop\",\"item\":\"https:\/\/com.rst-steel.eu\/shop\/\"},{\"@type\":\"ListItem\",\"position\":3,\"name\":\"Front Spoiler Bar Volvo FM\/FH4, 3-Part\"}]},{\"@type\":\"WebSite\",\"@id\":\"https:\/\/com.rst-steel.eu\/#website\",\"url\":\"https:\/\/com.rst-steel.eu\/\",\"name\":\"RST-Steel.com\",\"description\":\"Finnish quality steel, for quality-conscious drivers\",\"publisher\":{\"@id\":\"https:\/\/com.rst-steel.eu\/#organization\"},\"alternateName\":\"Safe and stylish RST-Steel quality\",\"potentialAction\":[{\"@type\":\"SearchAction\",\"target\":{\"@type\":\"EntryPoint\",\"urlTemplate\":\"https:\/\/com.rst-steel.eu\/?s={search_term_string}\"},\"query-input\":{\"@type\":\"PropertyValueSpecification\",\"valueRequired\":true,\"valueName\":\"search_term_string\"}}],\"inLanguage\":\"sv-SE\"},{\"@type\":\"Organization\",\"@id\":\"https:\/\/com.rst-steel.eu\/#organization\",\"name\":\"RST-Steel Oy\",\"url\":\"https:\/\/com.rst-steel.eu\/\",\"logo\":{\"@type\":\"ImageObject\",\"inLanguage\":\"sv-SE\",\"@id\":\"https:\/\/com.rst-steel.eu\/#\/schema\/logo\/image\/\",\"url\":\"https:\/\/com.rst-steel.eu\/wp-content\/uploads\/2023\/04\/cropped-Rst-logo-valkoinen-teksti-3.png\",\"contentUrl\":\"https:\/\/com.rst-steel.eu\/wp-content\/uploads\/2023\/04\/cropped-Rst-logo-valkoinen-teksti-3.png\",\"width\":512,\"height\":115,\"caption\":\"RST-Steel Oy\"},\"image\":{\"@id\":\"https:\/\/com.rst-steel.eu\/#\/schema\/logo\/image\/\"},\"sameAs\":[\"https:\/\/www.facebook.com\/rststeel\",\"https:\/\/www.instagram.com\/rststeeloy\/\"]}]}<\/script>\n<!-- \/ Yoast SEO plugin. -->","yoast_head_json":{"title":"Frontspoilerb\u00e5ge Volvo FM\/FH4, 3-delad - RST-Steel","description":"H\u00e5llbar 3-delad frontspoiler i rostfritt st\u00e5l f\u00f6r Volvo FM\/FH4 \u00f6kar sikten, skyddar st\u00f6tf\u00e5ngaren och har positionsljus. L\u00e4tt att installera.","robots":{"index":"index","follow":"follow","max-snippet":"max-snippet:-1","max-image-preview":"max-image-preview:large","max-video-preview":"max-video-preview:-1"},"canonical":"https:\/\/com.rst-steel.eu\/sv\/produkt\/front-spoiler-bar-volvo-fm-fh4-3-part_prm_65972\/","og_locale":"sv_SE","og_type":"article","og_title":"Front Spoiler Bar Volvo FM\/FH4, 3-Part - RST-Steel","og_description":"Durable stainless steel 3-part front spoiler bar for Volvo FM\/FH4 boosts visibility, protects the bumper, and features position lights. Easy to install.","og_url":"https:\/\/com.rst-steel.eu\/sv\/produkt\/front-spoiler-bar-volvo-fm-fh4-3-part_prm_65972\/","og_site_name":"RST-Steel","article_publisher":"https:\/\/www.facebook.com\/rststeel","article_modified_time":"2025-10-22T11:24:20+00:00","og_image":[{"width":680,"height":509,"url":"https:\/\/com.rst-steel.eu\/wp-content\/uploads\/2023\/02\/bdaf7627dc65e90f5a8f1998bcb7ee143781d369_Etuhelmaputki3_osainenVolvoFH4_VO0405A_72eecb742d2470e61229cfda634b80a9_1.jpg","type":"image\/jpeg"}],"twitter_card":"summary_large_image","twitter_misc":{"Ber\u00e4knad l\u00e4stid":"1 minut"},"schema":{"@context":"https:\/\/schema.org","@graph":[{"@type":"WebPage","@id":"https:\/\/com.rst-steel.eu\/nb\/produkt\/front-spoiler-bar-volvo-fm-fh4-3-part_prm_65972\/","url":"https:\/\/com.rst-steel.eu\/nb\/produkt\/front-spoiler-bar-volvo-fm-fh4-3-part_prm_65972\/","name":"Frontspoilerb\u00e5ge Volvo FM\/FH4, 3-delad - RST-Steel","isPartOf":{"@id":"https:\/\/com.rst-steel.eu\/#website"},"primaryImageOfPage":{"@id":"https:\/\/com.rst-steel.eu\/nb\/produkt\/front-spoiler-bar-volvo-fm-fh4-3-part_prm_65972\/#primaryimage"},"image":{"@id":"https:\/\/com.rst-steel.eu\/nb\/produkt\/front-spoiler-bar-volvo-fm-fh4-3-part_prm_65972\/#primaryimage"},"thumbnailUrl":"https:\/\/com.rst-steel.eu\/wp-content\/uploads\/2023\/02\/bdaf7627dc65e90f5a8f1998bcb7ee143781d369_Etuhelmaputki3_osainenVolvoFH4_VO0405A_72eecb742d2470e61229cfda634b80a9_1.jpg","datePublished":"2023-02-10T11:00:47+00:00","dateModified":"2025-10-22T11:24:20+00:00","description":"H\u00e5llbar 3-delad frontspoiler i rostfritt st\u00e5l f\u00f6r Volvo FM\/FH4 \u00f6kar sikten, skyddar st\u00f6tf\u00e5ngaren och har positionsljus. L\u00e4tt att installera.","breadcrumb":{"@id":"https:\/\/com.rst-steel.eu\/nb\/produkt\/front-spoiler-bar-volvo-fm-fh4-3-part_prm_65972\/#breadcrumb"},"inLanguage":"sv-SE","potentialAction":[{"@type":"ReadAction","target":["https:\/\/com.rst-steel.eu\/nb\/produkt\/front-spoiler-bar-volvo-fm-fh4-3-part_prm_65972\/"]}]},{"@type":"ImageObject","inLanguage":"sv-SE","@id":"https:\/\/com.rst-steel.eu\/nb\/produkt\/front-spoiler-bar-volvo-fm-fh4-3-part_prm_65972\/#primaryimage","url":"https:\/\/com.rst-steel.eu\/wp-content\/uploads\/2023\/02\/bdaf7627dc65e90f5a8f1998bcb7ee143781d369_Etuhelmaputki3_osainenVolvoFH4_VO0405A_72eecb742d2470e61229cfda634b80a9_1.jpg","contentUrl":"https:\/\/com.rst-steel.eu\/wp-content\/uploads\/2023\/02\/bdaf7627dc65e90f5a8f1998bcb7ee143781d369_Etuhelmaputki3_osainenVolvoFH4_VO0405A_72eecb742d2470e61229cfda634b80a9_1.jpg","width":680,"height":509,"caption":"Front Spoiler Bar Volvo FM\/FH4, 3-Part"},{"@type":"BreadcrumbList","@id":"https:\/\/com.rst-steel.eu\/nb\/produkt\/front-spoiler-bar-volvo-fm-fh4-3-part_prm_65972\/#breadcrumb","itemListElement":[{"@type":"ListItem","position":1,"name":"Home","item":"https:\/\/com.rst-steel.eu\/"},{"@type":"ListItem","position":2,"name":"RST-Steel Shop","item":"https:\/\/com.rst-steel.eu\/shop\/"},{"@type":"ListItem","position":3,"name":"Front Spoiler Bar Volvo FM\/FH4, 3-Part"}]},{"@type":"WebSite","@id":"https:\/\/com.rst-steel.eu\/#website","url":"https:\/\/com.rst-steel.eu\/","name":"RST-Stahl.com","description":"Finskt kvalitetsst\u00e5l, f\u00f6r kvalitetsmedvetna f\u00f6rare","publisher":{"@id":"https:\/\/com.rst-steel.eu\/#organization"},"alternateName":"Safe and stylish RST-Steel quality","potentialAction":[{"@type":"SearchAction","target":{"@type":"EntryPoint","urlTemplate":"https:\/\/com.rst-steel.eu\/?s={search_term_string}"},"query-input":{"@type":"PropertyValueSpecification","valueRequired":true,"valueName":"search_term_string"}}],"inLanguage":"sv-SE"},{"@type":"Organization","@id":"https:\/\/com.rst-steel.eu\/#organization","name":"RST-Steel Oy","url":"https:\/\/com.rst-steel.eu\/","logo":{"@type":"ImageObject","inLanguage":"sv-SE","@id":"https:\/\/com.rst-steel.eu\/#\/schema\/logo\/image\/","url":"https:\/\/com.rst-steel.eu\/wp-content\/uploads\/2023\/04\/cropped-Rst-logo-valkoinen-teksti-3.png","contentUrl":"https:\/\/com.rst-steel.eu\/wp-content\/uploads\/2023\/04\/cropped-Rst-logo-valkoinen-teksti-3.png","width":512,"height":115,"caption":"RST-Steel Oy"},"image":{"@id":"https:\/\/com.rst-steel.eu\/#\/schema\/logo\/image\/"},"sameAs":["https:\/\/www.facebook.com\/rststeel","https:\/\/www.instagram.com\/rststeeloy\/"]}]}},"brands":[{"id":8334,"name":"RST-Steel","slug":"brand_rststeel"}],"_links":{"self":[{"href":"https:\/\/com.rst-steel.eu\/sv\/wp-json\/wp\/v2\/product\/36522","targetHints":{"allow":["GET"]}}],"collection":[{"href":"https:\/\/com.rst-steel.eu\/sv\/wp-json\/wp\/v2\/product"}],"about":[{"href":"https:\/\/com.rst-steel.eu\/sv\/wp-json\/wp\/v2\/types\/product"}],"replies":[{"embeddable":true,"href":"https:\/\/com.rst-steel.eu\/sv\/wp-json\/wp\/v2\/comments?post=36522"}],"version-history":[{"count":0,"href":"https:\/\/com.rst-steel.eu\/sv\/wp-json\/wp\/v2\/product\/36522\/revisions"}],"wp:featuredmedia":[{"embeddable":true,"href":"https:\/\/com.rst-steel.eu\/sv\/wp-json\/wp\/v2\/media\/36520"}],"wp:attachment":[{"href":"https:\/\/com.rst-steel.eu\/sv\/wp-json\/wp\/v2\/media?parent=36522"}],"wp:term":[{"taxonomy":"make_fuel_type","embeddable":true,"href":"https:\/\/com.rst-steel.eu\/sv\/wp-json\/wp\/v2\/make_fuel_type?post=36522"},{"taxonomy":"make_model","embeddable":true,"href":"https:\/\/com.rst-steel.eu\/sv\/wp-json\/wp\/v2\/make_model?post=36522"},{"taxonomy":"make_brand","embeddable":true,"href":"https:\/\/com.rst-steel.eu\/sv\/wp-json\/wp\/v2\/make_brand?post=36522"},{"taxonomy":"make_year","embeddable":true,"href":"https:\/\/com.rst-steel.eu\/sv\/wp-json\/wp\/v2\/make_year?post=36522"},{"taxonomy":"pwb-brand","embeddable":true,"href":"https:\/\/com.rst-steel.eu\/sv\/wp-json\/wp\/v2\/pwb-brand?post=36522"},{"taxonomy":"product_brand","embeddable":true,"href":"https:\/\/com.rst-steel.eu\/sv\/wp-json\/wp\/v2\/product_brand?post=36522"},{"taxonomy":"product_cat","embeddable":true,"href":"https:\/\/com.rst-steel.eu\/sv\/wp-json\/wp\/v2\/product_cat?post=36522"},{"taxonomy":"product_tag","embeddable":true,"href":"https:\/\/com.rst-steel.eu\/sv\/wp-json\/wp\/v2\/product_tag?post=36522"}],"curies":[{"name":"wp","href":"https:\/\/api.w.org\/{rel}","templated":true}]}}