{"id":36449,"date":"2023-02-09T14:59:21","date_gmt":"2023-02-09T11:59:21","guid":{"rendered":"https:\/\/rst-steel.fi-c.seravo.com\/product\/lazer-linear-6-_pr_18670\/"},"modified":"2026-03-16T09:21:19","modified_gmt":"2026-03-16T06:21:19","slug":"lazer-linear-6-std_pr_18670","status":"publish","type":"product","link":"https:\/\/com.rst-steel.eu\/sv\/produkt\/lazer-linear-6-std_pr_18670\/","title":{"rendered":"Lazer Linear 6 STD Extraljus"},"content":{"rendered":"<p>Linear-serien representerar det allra b\u00e4sta inom slimmade extra helljus och anv\u00e4nder en kombination av h\u00f6geffektiva 3W LED-lampor och vakuummetalliserad bred optik f\u00f6r att leverera ett perfekt avpassat ljusm\u00f6nster f\u00f6r vardaglig anv\u00e4ndning p\u00e5 v\u00e4garna. Linear-serien m\u00e4ter bara 40 mm p\u00e5 h\u00f6jden och \u00e4r en utm\u00e4rkt l\u00f6sning n\u00e4r antingen utrymmet \u00e4r begr\u00e4nsat eller n\u00e4r man letar efter en diskret installation som sannolikt kommer att uppm\u00e4rksammas p\u00e5 natten.<\/p>\n<p><\/p>\n<p>Alla Linear-produkter \u00e4r fullt UNECE-certifierade enligt f\u00f6reskrifter nr 112 som klass B-k\u00f6rljus (f\u00f6r anv\u00e4ndning p\u00e5 v\u00e4g). Produkterna p\u00e5 elitniv\u00e5 har dubbelt s\u00e5 h\u00f6g ljuseffekt j\u00e4mf\u00f6rt med motsvarande standardversion.&nbsp;<\/p>\n<p><\/p>\n<p>Produktens egenskaper:<\/p>\n<p><\/p>\n<ul>\n<li>Flexibla monteringsalternativ - st\u00f6ldskyddade sidomonteringsf\u00e4sten ing\u00e5r<\/li>\n<li>Elektroniskt v\u00e4rmehanteringssystem optimerar ljusfl\u00f6det f\u00f6r att bevara LED-lampornas livsl\u00e4ngd<\/li>\n<li>Anodiserad f\u00f6rbehandling och pulverlackering av fordonskvalitet f\u00f6r ultimat korrosions- och kemikalieskydd<\/li>\n<li>CAE-optimerad kylfl\u00e4ns ger f\u00f6rb\u00e4ttrad termisk dynamik<\/li>\n<li>Skyddad mot \u00f6versp\u00e4nning<\/li>\n<li>Skyddad mot omv\u00e4nd polaritet<\/li>\n<li>\"Okrossbar\" lins av polykarbonat med h\u00e5rdlackerad yta<\/li>\n<li>UNECE-godk\u00e4nd Reg 112 (klass B-k\u00f6rljus) f\u00f6r helljusfunktion p\u00e5 v\u00e4g<\/li>\n<li>UNECE godk\u00e4nd Reg 10<\/li>\n<li>IP67 vattent\u00e4t<\/li>\n<li><span style=\"font-weight: bold\">5 \u00e5rs garanti<\/span><\/li>\n<li>Designad och tillverkad i Storbritannien<\/li>\n<\/ul>\n<p><\/p>\n<p><\/p>\n<p>Tekniska specifikationer<\/p>\n<p>&nbsp;&nbsp;&nbsp;&nbsp;Sp\u00e4nningsintervall: 10-32V<\/p>\n<p>&nbsp;&nbsp;&nbsp;&nbsp;Vikt: 495 gram<\/p>\n<p>&nbsp;&nbsp;&nbsp;&nbsp;Totalt ljusfl\u00f6de: 2250 lm<\/p>\n<p>&nbsp;&nbsp;&nbsp;&nbsp;Effektf\u00f6rbrukning: 21 watt<\/p>\n<p>&nbsp;&nbsp;&nbsp;&nbsp;Number of High Output LEDs:\u00a0 6<\/p>\n<p><\/p>\n<p>M\u00c5TT:<\/p>\n<p>&nbsp; &nbsp; Bredd: 232 mm<\/p>\n<p>&nbsp; &nbsp; Djup: 62 mm<\/p>\n<p>&nbsp; &nbsp; H\u00f6jd: 40 mm<\/p>\n<p><\/p>\n<p>FOTOMETRISKA DATA:<\/p>\n<p>&nbsp; &nbsp; Horisontell str\u00e5lningsvinkel: 56 grader<\/p>\n<p>&nbsp; &nbsp; 0,25 lx Linje: 494 meter<\/p>\n<p>&nbsp; &nbsp; 0,5 lx Linje: 349 meter<\/p>\n<p>&nbsp;&nbsp;&nbsp;&nbsp;1 lx Linje: 274 meter<\/p>\n<p>&nbsp;&nbsp;&nbsp;&nbsp;3 lx Linje: 143 meter<\/p>\n<p><\/p>\n<p>CERTIFIERING<\/p>\n<p>&nbsp; &nbsp; H\u00f6g str\u00e5lkastare<span>\t<\/span>ECE R112<\/p>\n<p>&nbsp;&nbsp;&nbsp;&nbsp;ECE Referens:<span>\t<\/span>12.5<\/p>\n<p><\/p>\n<p>What\u2019s included:<\/p>\n<p>&nbsp;&nbsp;&nbsp;&nbsp;Linear-6 LED-lampa<\/p>\n<p>&nbsp;&nbsp;&nbsp;&nbsp;Sidof\u00e4ste<\/p>\n<p>&nbsp;&nbsp;&nbsp;&nbsp;Instruktioner f\u00f6r installation<\/p>","protected":false},"excerpt":{"rendered":"<p>5 \u00e5rs garanti!<\/p>","protected":false},"featured_media":43680,"comment_status":"open","ping_status":"closed","template":"","meta":{"_improvement_type_select":"improve_an_existing","_thumb_yes_seoaic":false,"_frame_yes_seoaic":false,"seoaic_generate_description":"","seoaic_improve_instructions_prompt":"","seoaic_rollback_content_improvement":"","seoaic_idea_thumbnail_generator":"","thumbnail_generated":false,"thumbnail_generate_prompt":"","seoaic_article_description":""},"make_fuel_type":[],"make_model":[],"make_brand":[],"make_year":[],"pwb-brand":[8332],"product_brand":[],"product_cat":[6195,6209,6211,7206],"product_tag":[7551,6298,6364],"class_list":{"0":"post-36449","1":"product","2":"type-product","3":"status-publish","4":"has-post-thumbnail","6":"pwb-brand-brand_lazerlamps","7":"product_cat-lamps","8":"product_cat-auxiliary-lights","9":"product_cat-lazer-lamps-auxiliary-lights","10":"product_cat-rst-linearr","11":"product_tag-extraljus","12":"product_tag-lazer-lamps","13":"product_tag-linear","15":"first","16":"instock","17":"taxable","18":"shipping-taxable","19":"purchasable","20":"product-type-simple"},"yoast_head":"<!-- This site is optimized with the Yoast SEO plugin v25.7 - https:\/\/yoast.com\/wordpress\/plugins\/seo\/ -->\n<title>Lazer Linear 6 STD - RST-Steel<\/title>\n<meta name=\"description\" content=\"Lazer Linear 6 STD: Compact LED light bar with high brightness and durability, enhancing visibility for both on-road and off-road driving.\" \/>\n<meta name=\"robots\" content=\"index, follow, max-snippet:-1, max-image-preview:large, max-video-preview:-1\" \/>\n<link rel=\"canonical\" href=\"https:\/\/com.rst-steel.eu\/sv\/produkt\/lazer-linear-6-std_pr_18670\/\" \/>\n<meta property=\"og:locale\" content=\"sv_SE\" \/>\n<meta property=\"og:type\" content=\"article\" \/>\n<meta property=\"og:title\" content=\"Lazer Linear 6 STD - RST-Steel\" \/>\n<meta property=\"og:description\" content=\"Lazer Linear 6 STD: Compact LED light bar with high brightness and durability, enhancing visibility for both on-road and off-road driving.\" \/>\n<meta property=\"og:url\" content=\"https:\/\/com.rst-steel.eu\/sv\/produkt\/lazer-linear-6-std_pr_18670\/\" \/>\n<meta property=\"og:site_name\" content=\"RST-Steel\" \/>\n<meta property=\"article:publisher\" content=\"https:\/\/www.facebook.com\/rststeel\" \/>\n<meta property=\"article:modified_time\" content=\"2026-03-16T06:21:19+00:00\" \/>\n<meta property=\"og:image\" content=\"https:\/\/com.rst-steel.eu\/wp-content\/uploads\/2024\/06\/2341e951129a6429880a06aa89ab203a0716ef87_linear_6_std_angled_front_side_mount_web.jpg\" \/>\n\t<meta property=\"og:image:width\" content=\"1000\" \/>\n\t<meta property=\"og:image:height\" content=\"750\" \/>\n\t<meta property=\"og:image:type\" content=\"image\/jpeg\" \/>\n<meta name=\"twitter:card\" content=\"summary_large_image\" \/>\n<meta name=\"twitter:label1\" content=\"Ber\u00e4knad l\u00e4stid\" \/>\n\t<meta name=\"twitter:data1\" content=\"2 minuter\" \/>\n<script type=\"application\/ld+json\" class=\"yoast-schema-graph\">{\"@context\":\"https:\/\/schema.org\",\"@graph\":[{\"@type\":\"WebPage\",\"@id\":\"https:\/\/com.rst-steel.eu\/product\/lazer-linear-6-std_pr_18670\/\",\"url\":\"https:\/\/com.rst-steel.eu\/product\/lazer-linear-6-std_pr_18670\/\",\"name\":\"Lazer Linear 6 STD - RST-Steel\",\"isPartOf\":{\"@id\":\"https:\/\/com.rst-steel.eu\/#website\"},\"primaryImageOfPage\":{\"@id\":\"https:\/\/com.rst-steel.eu\/product\/lazer-linear-6-std_pr_18670\/#primaryimage\"},\"image\":{\"@id\":\"https:\/\/com.rst-steel.eu\/product\/lazer-linear-6-std_pr_18670\/#primaryimage\"},\"thumbnailUrl\":\"https:\/\/com.rst-steel.eu\/wp-content\/uploads\/2024\/06\/2341e951129a6429880a06aa89ab203a0716ef87_linear_6_std_angled_front_side_mount_web.jpg\",\"datePublished\":\"2023-02-09T11:59:21+00:00\",\"dateModified\":\"2026-03-16T06:21:19+00:00\",\"description\":\"Lazer Linear 6 STD: Compact LED light bar with high brightness and durability, enhancing visibility for both on-road and off-road driving.\",\"breadcrumb\":{\"@id\":\"https:\/\/com.rst-steel.eu\/product\/lazer-linear-6-std_pr_18670\/#breadcrumb\"},\"inLanguage\":\"sv-SE\",\"potentialAction\":[{\"@type\":\"ReadAction\",\"target\":[\"https:\/\/com.rst-steel.eu\/product\/lazer-linear-6-std_pr_18670\/\"]}]},{\"@type\":\"ImageObject\",\"inLanguage\":\"sv-SE\",\"@id\":\"https:\/\/com.rst-steel.eu\/product\/lazer-linear-6-std_pr_18670\/#primaryimage\",\"url\":\"https:\/\/com.rst-steel.eu\/wp-content\/uploads\/2024\/06\/2341e951129a6429880a06aa89ab203a0716ef87_linear_6_std_angled_front_side_mount_web.jpg\",\"contentUrl\":\"https:\/\/com.rst-steel.eu\/wp-content\/uploads\/2024\/06\/2341e951129a6429880a06aa89ab203a0716ef87_linear_6_std_angled_front_side_mount_web.jpg\",\"width\":1000,\"height\":750,\"caption\":\"Lazer Linear 6 STD\"},{\"@type\":\"BreadcrumbList\",\"@id\":\"https:\/\/com.rst-steel.eu\/product\/lazer-linear-6-std_pr_18670\/#breadcrumb\",\"itemListElement\":[{\"@type\":\"ListItem\",\"position\":1,\"name\":\"Home\",\"item\":\"https:\/\/com.rst-steel.eu\/\"},{\"@type\":\"ListItem\",\"position\":2,\"name\":\"RST-Steel Shop\",\"item\":\"https:\/\/com.rst-steel.eu\/shop\/\"},{\"@type\":\"ListItem\",\"position\":3,\"name\":\"Lazer Linear 6 STD\"}]},{\"@type\":\"WebSite\",\"@id\":\"https:\/\/com.rst-steel.eu\/#website\",\"url\":\"https:\/\/com.rst-steel.eu\/\",\"name\":\"RST-Steel.com\",\"description\":\"Finnish quality steel, for quality-conscious drivers\",\"publisher\":{\"@id\":\"https:\/\/com.rst-steel.eu\/#organization\"},\"alternateName\":\"Safe and stylish RST-Steel quality\",\"potentialAction\":[{\"@type\":\"SearchAction\",\"target\":{\"@type\":\"EntryPoint\",\"urlTemplate\":\"https:\/\/com.rst-steel.eu\/?s={search_term_string}\"},\"query-input\":{\"@type\":\"PropertyValueSpecification\",\"valueRequired\":true,\"valueName\":\"search_term_string\"}}],\"inLanguage\":\"sv-SE\"},{\"@type\":\"Organization\",\"@id\":\"https:\/\/com.rst-steel.eu\/#organization\",\"name\":\"RST-Steel Oy\",\"url\":\"https:\/\/com.rst-steel.eu\/\",\"logo\":{\"@type\":\"ImageObject\",\"inLanguage\":\"sv-SE\",\"@id\":\"https:\/\/com.rst-steel.eu\/#\/schema\/logo\/image\/\",\"url\":\"https:\/\/com.rst-steel.eu\/wp-content\/uploads\/2023\/04\/cropped-Rst-logo-valkoinen-teksti-3.png\",\"contentUrl\":\"https:\/\/com.rst-steel.eu\/wp-content\/uploads\/2023\/04\/cropped-Rst-logo-valkoinen-teksti-3.png\",\"width\":512,\"height\":115,\"caption\":\"RST-Steel Oy\"},\"image\":{\"@id\":\"https:\/\/com.rst-steel.eu\/#\/schema\/logo\/image\/\"},\"sameAs\":[\"https:\/\/www.facebook.com\/rststeel\",\"https:\/\/www.instagram.com\/rststeeloy\/\"]}]}<\/script>\n<!-- \/ Yoast SEO plugin. -->","yoast_head_json":{"title":"Lazer Linear 6 STD - RST-Steel","description":"Lazer Linear 6 STD: Kompakt LED-ljusramp med h\u00f6g ljusstyrka och h\u00e5llbarhet, vilket f\u00f6rb\u00e4ttrar synligheten vid k\u00f6rning b\u00e5de p\u00e5 v\u00e4g och i terr\u00e4ng.","robots":{"index":"index","follow":"follow","max-snippet":"max-snippet:-1","max-image-preview":"max-image-preview:large","max-video-preview":"max-video-preview:-1"},"canonical":"https:\/\/com.rst-steel.eu\/sv\/produkt\/lazer-linear-6-std_pr_18670\/","og_locale":"sv_SE","og_type":"article","og_title":"Lazer Linear 6 STD - RST-Steel","og_description":"Lazer Linear 6 STD: Compact LED light bar with high brightness and durability, enhancing visibility for both on-road and off-road driving.","og_url":"https:\/\/com.rst-steel.eu\/sv\/produkt\/lazer-linear-6-std_pr_18670\/","og_site_name":"RST-Steel","article_publisher":"https:\/\/www.facebook.com\/rststeel","article_modified_time":"2026-03-16T06:21:19+00:00","og_image":[{"width":1000,"height":750,"url":"https:\/\/com.rst-steel.eu\/wp-content\/uploads\/2024\/06\/2341e951129a6429880a06aa89ab203a0716ef87_linear_6_std_angled_front_side_mount_web.jpg","type":"image\/jpeg"}],"twitter_card":"summary_large_image","twitter_misc":{"Ber\u00e4knad l\u00e4stid":"2 minuter"},"schema":{"@context":"https:\/\/schema.org","@graph":[{"@type":"WebPage","@id":"https:\/\/com.rst-steel.eu\/product\/lazer-linear-6-std_pr_18670\/","url":"https:\/\/com.rst-steel.eu\/product\/lazer-linear-6-std_pr_18670\/","name":"Lazer Linear 6 STD - RST-Steel","isPartOf":{"@id":"https:\/\/com.rst-steel.eu\/#website"},"primaryImageOfPage":{"@id":"https:\/\/com.rst-steel.eu\/product\/lazer-linear-6-std_pr_18670\/#primaryimage"},"image":{"@id":"https:\/\/com.rst-steel.eu\/product\/lazer-linear-6-std_pr_18670\/#primaryimage"},"thumbnailUrl":"https:\/\/com.rst-steel.eu\/wp-content\/uploads\/2024\/06\/2341e951129a6429880a06aa89ab203a0716ef87_linear_6_std_angled_front_side_mount_web.jpg","datePublished":"2023-02-09T11:59:21+00:00","dateModified":"2026-03-16T06:21:19+00:00","description":"Lazer Linear 6 STD: Kompakt LED-ljusramp med h\u00f6g ljusstyrka och h\u00e5llbarhet, vilket f\u00f6rb\u00e4ttrar synligheten vid k\u00f6rning b\u00e5de p\u00e5 v\u00e4g och i terr\u00e4ng.","breadcrumb":{"@id":"https:\/\/com.rst-steel.eu\/product\/lazer-linear-6-std_pr_18670\/#breadcrumb"},"inLanguage":"sv-SE","potentialAction":[{"@type":"ReadAction","target":["https:\/\/com.rst-steel.eu\/product\/lazer-linear-6-std_pr_18670\/"]}]},{"@type":"ImageObject","inLanguage":"sv-SE","@id":"https:\/\/com.rst-steel.eu\/product\/lazer-linear-6-std_pr_18670\/#primaryimage","url":"https:\/\/com.rst-steel.eu\/wp-content\/uploads\/2024\/06\/2341e951129a6429880a06aa89ab203a0716ef87_linear_6_std_angled_front_side_mount_web.jpg","contentUrl":"https:\/\/com.rst-steel.eu\/wp-content\/uploads\/2024\/06\/2341e951129a6429880a06aa89ab203a0716ef87_linear_6_std_angled_front_side_mount_web.jpg","width":1000,"height":750,"caption":"Lazer Linear 6 STD"},{"@type":"BreadcrumbList","@id":"https:\/\/com.rst-steel.eu\/product\/lazer-linear-6-std_pr_18670\/#breadcrumb","itemListElement":[{"@type":"ListItem","position":1,"name":"Home","item":"https:\/\/com.rst-steel.eu\/"},{"@type":"ListItem","position":2,"name":"RST-Steel Shop","item":"https:\/\/com.rst-steel.eu\/shop\/"},{"@type":"ListItem","position":3,"name":"Lazer Linear 6 STD"}]},{"@type":"WebSite","@id":"https:\/\/com.rst-steel.eu\/#website","url":"https:\/\/com.rst-steel.eu\/","name":"RST-Stahl.com","description":"Finskt kvalitetsst\u00e5l, f\u00f6r kvalitetsmedvetna f\u00f6rare","publisher":{"@id":"https:\/\/com.rst-steel.eu\/#organization"},"alternateName":"Safe and stylish RST-Steel quality","potentialAction":[{"@type":"SearchAction","target":{"@type":"EntryPoint","urlTemplate":"https:\/\/com.rst-steel.eu\/?s={search_term_string}"},"query-input":{"@type":"PropertyValueSpecification","valueRequired":true,"valueName":"search_term_string"}}],"inLanguage":"sv-SE"},{"@type":"Organization","@id":"https:\/\/com.rst-steel.eu\/#organization","name":"RST-Steel Oy","url":"https:\/\/com.rst-steel.eu\/","logo":{"@type":"ImageObject","inLanguage":"sv-SE","@id":"https:\/\/com.rst-steel.eu\/#\/schema\/logo\/image\/","url":"https:\/\/com.rst-steel.eu\/wp-content\/uploads\/2023\/04\/cropped-Rst-logo-valkoinen-teksti-3.png","contentUrl":"https:\/\/com.rst-steel.eu\/wp-content\/uploads\/2023\/04\/cropped-Rst-logo-valkoinen-teksti-3.png","width":512,"height":115,"caption":"RST-Steel Oy"},"image":{"@id":"https:\/\/com.rst-steel.eu\/#\/schema\/logo\/image\/"},"sameAs":["https:\/\/www.facebook.com\/rststeel","https:\/\/www.instagram.com\/rststeeloy\/"]}]}},"brands":[{"id":8332,"name":"Lazer Lamps","slug":"brand_lazerlamps"}],"_links":{"self":[{"href":"https:\/\/com.rst-steel.eu\/sv\/wp-json\/wp\/v2\/product\/36449","targetHints":{"allow":["GET"]}}],"collection":[{"href":"https:\/\/com.rst-steel.eu\/sv\/wp-json\/wp\/v2\/product"}],"about":[{"href":"https:\/\/com.rst-steel.eu\/sv\/wp-json\/wp\/v2\/types\/product"}],"replies":[{"embeddable":true,"href":"https:\/\/com.rst-steel.eu\/sv\/wp-json\/wp\/v2\/comments?post=36449"}],"version-history":[{"count":0,"href":"https:\/\/com.rst-steel.eu\/sv\/wp-json\/wp\/v2\/product\/36449\/revisions"}],"wp:featuredmedia":[{"embeddable":true,"href":"https:\/\/com.rst-steel.eu\/sv\/wp-json\/wp\/v2\/media\/43680"}],"wp:attachment":[{"href":"https:\/\/com.rst-steel.eu\/sv\/wp-json\/wp\/v2\/media?parent=36449"}],"wp:term":[{"taxonomy":"make_fuel_type","embeddable":true,"href":"https:\/\/com.rst-steel.eu\/sv\/wp-json\/wp\/v2\/make_fuel_type?post=36449"},{"taxonomy":"make_model","embeddable":true,"href":"https:\/\/com.rst-steel.eu\/sv\/wp-json\/wp\/v2\/make_model?post=36449"},{"taxonomy":"make_brand","embeddable":true,"href":"https:\/\/com.rst-steel.eu\/sv\/wp-json\/wp\/v2\/make_brand?post=36449"},{"taxonomy":"make_year","embeddable":true,"href":"https:\/\/com.rst-steel.eu\/sv\/wp-json\/wp\/v2\/make_year?post=36449"},{"taxonomy":"pwb-brand","embeddable":true,"href":"https:\/\/com.rst-steel.eu\/sv\/wp-json\/wp\/v2\/pwb-brand?post=36449"},{"taxonomy":"product_brand","embeddable":true,"href":"https:\/\/com.rst-steel.eu\/sv\/wp-json\/wp\/v2\/product_brand?post=36449"},{"taxonomy":"product_cat","embeddable":true,"href":"https:\/\/com.rst-steel.eu\/sv\/wp-json\/wp\/v2\/product_cat?post=36449"},{"taxonomy":"product_tag","embeddable":true,"href":"https:\/\/com.rst-steel.eu\/sv\/wp-json\/wp\/v2\/product_tag?post=36449"}],"curies":[{"name":"wp","href":"https:\/\/api.w.org\/{rel}","templated":true}]}}