{"id":36287,"date":"2023-02-01T17:03:26","date_gmt":"2023-02-01T14:03:26","guid":{"rendered":"https:\/\/rst-steel.fi-c.seravo.com\/product\/lazer-linear-18-elite-with-i-ba-_pr_18698\/"},"modified":"2026-03-16T09:21:21","modified_gmt":"2026-03-16T06:21:21","slug":"lazer-linear-18-elite-i-lba-_pr_18698","status":"publish","type":"product","link":"https:\/\/com.rst-steel.eu\/sv\/produkt\/lazer-linear-18-elite-i-lba-_pr_18698\/","title":{"rendered":"Lazer Linear 18 Elite i-LBA Extraljus"},"content":{"rendered":"<p>Den superpopul\u00e4ra Lazer Linear 18 Elite \u00e4r nu \u00e4nnu b\u00e4ttre. De 48 lysdioderna i extraljuset ger ett ljusfl\u00f6de p\u00e5 hela 18.000 lm, vilket \u00e4r ca 50% mer \u00e4n i den tidigare modellen.<\/p>\n<p><\/p>\n<p>Lazer \u00e4r f\u00f6rst i v\u00e4rlden med att introducera den patenterade i-LBA-tekniken (intelligent low beam assist), som g\u00f6r att extraljuset \u00e4ven kan fungera som halvljus. Den intelligenta tekniken f\u00f6r halvljusassistans bygger p\u00e5 tv\u00e5 sensorer som optimerar ljusm\u00f6nstret efter trafiken och kr\u00e4ver inget extra av f\u00f6raren. N\u00e4r halvljuset sl\u00e5s p\u00e5 justerar det automatiska systemet ljusbilden s\u00e5 att ljuset inte bl\u00e4ndar den m\u00f6tande bilen.<\/p>\n<p><\/p>\n<p>Lampan \u00e4r ECE-certifierad enligt f\u00f6reskrifterna 112 som helljus, och med hj\u00e4lp av E-Boost-tekniken med dubbla utg\u00e5ngar kan ljusfl\u00f6det \u00f6kas \u00f6ver gr\u00e4nserna i ECE-f\u00f6reskrifterna 112 vid terr\u00e4ngk\u00f6rning, eller n\u00e4r det \u00e4r till\u00e5tet enligt specifik nationell lagstiftning. Intelligent Low Beam Assist-funktionen \u00e4r inte ett godk\u00e4nt halvljus, men \u00e4r en patents\u00f6kt teknik som \u00e4r utformad f\u00f6r att underl\u00e4tta \u00f6verg\u00e5ngen fr\u00e5n helljus till halvljus. Den tidigare n\u00e4mnda sekund\u00e4ra omkopplaren g\u00f6r det m\u00f6jligt att avaktivera funktionen d\u00e4r landets lagar specifikt inte till\u00e5ter anv\u00e4ndning.<\/p>\n<p><\/p>\n<p><\/p>\n<p>Produktens egenskaper:<\/p>\n<p><\/p>\n<ul>\n<li>Kombinationen av 48 h\u00f6geffektiva LED-lampor ger enast\u00e5ende ljusprestanda<\/li>\n<li>Low Beam Assist-l\u00e4get ger \u00f6verl\u00e4gsen sikt p\u00e5 kort och medell\u00e5ng r\u00e4ckvidd<\/li>\n<li>Integrerade fotoelektriska sensorer k\u00e4nner av m\u00f6tande trafik och hinder s\u00e5 att ljusstyrkan anpassas till omgivningen i l\u00e4get Low Beam Assist<\/li>\n<\/ul>\n<ul>\n<li>Flexibla monteringsalternativ - st\u00f6ldskyddade sidomonteringsf\u00e4sten ing\u00e5r<\/li>\n<li>Elektroniskt v\u00e4rmehanteringssystem optimerar ljusfl\u00f6det f\u00f6r att bevara LED-lampornas livsl\u00e4ngd<\/li>\n<li>Anodiserad f\u00f6rbehandling och pulverlackering av fordonskvalitet f\u00f6r ultimat korrosions- och kemikalieskydd<\/li>\n<li>CAE-optimerad kylfl\u00e4ns ger f\u00f6rb\u00e4ttrad termisk dynamik<\/li>\n<li>Skyddad mot \u00f6versp\u00e4nning<\/li>\n<li>Skyddad mot omv\u00e4nd polaritet<\/li>\n<li>\"Okrossbar\" lins av polykarbonat med h\u00e5rdlackerad yta<\/li>\n<li>UNECE-godk\u00e4nd Reg 112 (klass B-k\u00f6rljus) f\u00f6r helljusfunktion p\u00e5 v\u00e4g<\/li>\n<li>UNECE godk\u00e4nd Reg 10<\/li>\n<li>IP67 vattent\u00e4t<\/li>\n<li><span style=\"font-weight: bold\">5 \u00e5rs garanti<\/span><\/li>\n<li>Designad och tillverkad i Storbritannien<\/li>\n<\/ul>\n<p><\/p>\n<p><\/p>\n<p>Tekniska specifikationer<\/p>\n<p>Sp\u00e4nningsintervall (DC): 10-32V<\/p>\n<p>Vikt: 1,1 kg<\/p>\n<p>Totalt ljusfl\u00f6de E-boost \/ E-mark: 1800 Lm \/ 5538 lm<\/p>\n<p>F\u00e4rgtemperatur: 5000k<\/p>\n<p>Antal lysdioder med h\u00f6g effekt: 48<\/p>\n<p>Str\u00f6mf\u00f6rbrukning E-boost \/ E-mark: 135 W \/ 43 W<\/p>\n<p>Str\u00f6muttag (vid 14,4 V) E-boost \/ E-mark: 10,4 ampere \/ 3,2 ampere<\/p>\n<p>IP67 vattent\u00e4t<\/p>\n<p>5 \u00e5rs garanti<\/p>\n<p><\/p>\n<p><\/p>\n<p>FOTOMETRISKA DATA:<\/p>\n<p>&nbsp; &nbsp; Horisontell str\u00e5lningsvinkel: 60 grader<\/p>\n<p>&nbsp; &nbsp; 0,25 lx Line E-boost \/ E-mark: 1043 m \/ 571 m<\/p>\n<p>&nbsp; &nbsp; 0,5 lx Line E-boost \/ E-mark: 738 m \/ 404 m<\/p>\n<p>&nbsp;&nbsp;&nbsp;&nbsp;1 lx Line E-boost \/ E-mark: 522 m \/ 286 m<\/p>\n<p>&nbsp;&nbsp;&nbsp;&nbsp;3 lx Line E-boost \/ E-mark: 301 m \/ 165 m<\/p>\n<p><\/p>\n<p>CERTIFIERING<\/p>\n<p>&nbsp; &nbsp; Helljus E-boost \/ E-m\u00e4rkning: N\/A \/ ECE R112<\/p>\n<p>&nbsp;&nbsp;&nbsp;&nbsp;E-Mark Ref E-boost \/ E-mark: N\/A \/ 17,5<\/p>\n<p><\/p>\n<p><\/p>\n<p>Vad ing\u00e5r?&nbsp;<\/p>\n<p><\/p>\n<p>Linear 18 Elite med I-BA LED-lampa<\/p>\n<p>St\u00f6ldskydd sidomontering<\/p>\n<p>Kabelsats f\u00f6r \"halvljusassistans\" med en lampa&nbsp;<\/p>\n<p>Instruktioner f\u00f6r installation<\/p>\n<p>Levereras med f\u00f6rkontakterade 2-poliga Superseal-kontakter, hane\/hona<\/p>\n<p><\/p>","protected":false},"excerpt":{"rendered":"<p>Den superpopul\u00e4ra Lazer Linear 18 Elite \u00e4r nu \u00e4nnu b\u00e4ttre.<\/p>","protected":false},"featured_media":43704,"comment_status":"open","ping_status":"closed","template":"","meta":{"_improvement_type_select":"improve_an_existing","_thumb_yes_seoaic":false,"_frame_yes_seoaic":false,"seoaic_generate_description":"","seoaic_improve_instructions_prompt":"","seoaic_rollback_content_improvement":"","seoaic_idea_thumbnail_generator":"","thumbnail_generated":false,"thumbnail_generate_prompt":"","seoaic_article_description":""},"make_fuel_type":[],"make_model":[],"make_brand":[],"make_year":[3748,6373],"pwb-brand":[8332],"product_brand":[],"product_cat":[6195,6209,6211,7206],"product_tag":[8498,7551,6298,8496,6364],"class_list":{"0":"post-36287","1":"product","2":"type-product","3":"status-publish","4":"has-post-thumbnail","6":"make_year-trucks","7":"make_year-van","8":"pwb-brand-brand_lazerlamps","9":"product_cat-lamps","10":"product_cat-auxiliary-lights","11":"product_cat-lazer-lamps-auxiliary-lights","12":"product_cat-rst-linearr","13":"product_tag-auxiliary-light","14":"product_tag-extraljus","15":"product_tag-lazer-lamps","16":"product_tag-light-bar","17":"product_tag-linear","19":"first","20":"instock","21":"taxable","22":"shipping-taxable","23":"purchasable","24":"product-type-simple"},"yoast_head":"<!-- This site is optimized with the Yoast SEO plugin v25.7 - https:\/\/yoast.com\/wordpress\/plugins\/seo\/ -->\n<title>Lazer Linear 18 Elite i-LBA - RST-Steel<\/title>\n<meta name=\"description\" content=\"Lazer Linear 18 Elite I-LBA: Compact LED light bar with high brightness and durability, featuring integrated position lights for enhanced visibility and style.\" \/>\n<meta name=\"robots\" content=\"index, follow, max-snippet:-1, max-image-preview:large, max-video-preview:-1\" \/>\n<link rel=\"canonical\" href=\"https:\/\/com.rst-steel.eu\/sv\/produkt\/lazer-linear-18-elite-i-lba-_pr_18698\/\" \/>\n<meta property=\"og:locale\" content=\"sv_SE\" \/>\n<meta property=\"og:type\" content=\"article\" \/>\n<meta property=\"og:title\" content=\"Lazer Linear 18 Elite i-LBA - RST-Steel\" \/>\n<meta property=\"og:description\" content=\"Lazer Linear 18 Elite I-LBA: Compact LED light bar with high brightness and durability, featuring integrated position lights for enhanced visibility and style.\" \/>\n<meta property=\"og:url\" content=\"https:\/\/com.rst-steel.eu\/sv\/produkt\/lazer-linear-18-elite-i-lba-_pr_18698\/\" \/>\n<meta property=\"og:site_name\" content=\"RST-Steel\" \/>\n<meta property=\"article:publisher\" content=\"https:\/\/www.facebook.com\/rststeel\" \/>\n<meta property=\"article:modified_time\" content=\"2026-03-16T06:21:21+00:00\" \/>\n<meta property=\"og:image\" content=\"https:\/\/com.rst-steel.eu\/wp-content\/uploads\/2024\/06\/04b03d27f168737ce04733a1bd0c3e8848dbc01e_linear_18_elite_angled_front_side_mounts___web.jpg\" \/>\n\t<meta property=\"og:image:width\" content=\"1000\" \/>\n\t<meta property=\"og:image:height\" content=\"750\" \/>\n\t<meta property=\"og:image:type\" content=\"image\/jpeg\" \/>\n<meta name=\"twitter:card\" content=\"summary_large_image\" \/>\n<meta name=\"twitter:label1\" content=\"Ber\u00e4knad l\u00e4stid\" \/>\n\t<meta name=\"twitter:data1\" content=\"3 minuter\" \/>\n<script type=\"application\/ld+json\" class=\"yoast-schema-graph\">{\"@context\":\"https:\/\/schema.org\",\"@graph\":[{\"@type\":\"WebPage\",\"@id\":\"https:\/\/com.rst-steel.eu\/sv\/produkt\/lazer-linear-18-elite-i-lba-_pr_18698\/\",\"url\":\"https:\/\/com.rst-steel.eu\/sv\/produkt\/lazer-linear-18-elite-i-lba-_pr_18698\/\",\"name\":\"Lazer Linear 18 Elite i-LBA - RST-Steel\",\"isPartOf\":{\"@id\":\"https:\/\/com.rst-steel.eu\/#website\"},\"primaryImageOfPage\":{\"@id\":\"https:\/\/com.rst-steel.eu\/sv\/produkt\/lazer-linear-18-elite-i-lba-_pr_18698\/#primaryimage\"},\"image\":{\"@id\":\"https:\/\/com.rst-steel.eu\/sv\/produkt\/lazer-linear-18-elite-i-lba-_pr_18698\/#primaryimage\"},\"thumbnailUrl\":\"https:\/\/com.rst-steel.eu\/wp-content\/uploads\/2024\/06\/04b03d27f168737ce04733a1bd0c3e8848dbc01e_linear_18_elite_angled_front_side_mounts___web.jpg\",\"datePublished\":\"2023-02-01T14:03:26+00:00\",\"dateModified\":\"2026-03-16T06:21:21+00:00\",\"description\":\"Lazer Linear 18 Elite I-LBA: Compact LED light bar with high brightness and durability, featuring integrated position lights for enhanced visibility and style.\",\"breadcrumb\":{\"@id\":\"https:\/\/com.rst-steel.eu\/sv\/produkt\/lazer-linear-18-elite-i-lba-_pr_18698\/#breadcrumb\"},\"inLanguage\":\"sv-SE\",\"potentialAction\":[{\"@type\":\"ReadAction\",\"target\":[\"https:\/\/com.rst-steel.eu\/sv\/produkt\/lazer-linear-18-elite-i-lba-_pr_18698\/\"]}]},{\"@type\":\"ImageObject\",\"inLanguage\":\"sv-SE\",\"@id\":\"https:\/\/com.rst-steel.eu\/sv\/produkt\/lazer-linear-18-elite-i-lba-_pr_18698\/#primaryimage\",\"url\":\"https:\/\/com.rst-steel.eu\/wp-content\/uploads\/2024\/06\/04b03d27f168737ce04733a1bd0c3e8848dbc01e_linear_18_elite_angled_front_side_mounts___web.jpg\",\"contentUrl\":\"https:\/\/com.rst-steel.eu\/wp-content\/uploads\/2024\/06\/04b03d27f168737ce04733a1bd0c3e8848dbc01e_linear_18_elite_angled_front_side_mounts___web.jpg\",\"width\":1000,\"height\":750,\"caption\":\"Kuvassa Lazer Linear 18 Elite i-LBA\"},{\"@type\":\"BreadcrumbList\",\"@id\":\"https:\/\/com.rst-steel.eu\/sv\/produkt\/lazer-linear-18-elite-i-lba-_pr_18698\/#breadcrumb\",\"itemListElement\":[{\"@type\":\"ListItem\",\"position\":1,\"name\":\"Home\",\"item\":\"https:\/\/com.rst-steel.eu\/\"},{\"@type\":\"ListItem\",\"position\":2,\"name\":\"RST-Steel Shop\",\"item\":\"https:\/\/com.rst-steel.eu\/shop\/\"},{\"@type\":\"ListItem\",\"position\":3,\"name\":\"Lazer Linear 18 Elite i-LBA\"}]},{\"@type\":\"WebSite\",\"@id\":\"https:\/\/com.rst-steel.eu\/#website\",\"url\":\"https:\/\/com.rst-steel.eu\/\",\"name\":\"RST-Steel.com\",\"description\":\"Finnish quality steel, for quality-conscious drivers\",\"publisher\":{\"@id\":\"https:\/\/com.rst-steel.eu\/#organization\"},\"alternateName\":\"Safe and stylish RST-Steel quality\",\"potentialAction\":[{\"@type\":\"SearchAction\",\"target\":{\"@type\":\"EntryPoint\",\"urlTemplate\":\"https:\/\/com.rst-steel.eu\/?s={search_term_string}\"},\"query-input\":{\"@type\":\"PropertyValueSpecification\",\"valueRequired\":true,\"valueName\":\"search_term_string\"}}],\"inLanguage\":\"sv-SE\"},{\"@type\":\"Organization\",\"@id\":\"https:\/\/com.rst-steel.eu\/#organization\",\"name\":\"RST-Steel Oy\",\"url\":\"https:\/\/com.rst-steel.eu\/\",\"logo\":{\"@type\":\"ImageObject\",\"inLanguage\":\"sv-SE\",\"@id\":\"https:\/\/com.rst-steel.eu\/#\/schema\/logo\/image\/\",\"url\":\"https:\/\/com.rst-steel.eu\/wp-content\/uploads\/2023\/04\/cropped-Rst-logo-valkoinen-teksti-3.png\",\"contentUrl\":\"https:\/\/com.rst-steel.eu\/wp-content\/uploads\/2023\/04\/cropped-Rst-logo-valkoinen-teksti-3.png\",\"width\":512,\"height\":115,\"caption\":\"RST-Steel Oy\"},\"image\":{\"@id\":\"https:\/\/com.rst-steel.eu\/#\/schema\/logo\/image\/\"},\"sameAs\":[\"https:\/\/www.facebook.com\/rststeel\",\"https:\/\/www.instagram.com\/rststeeloy\/\"]}]}<\/script>\n<!-- \/ Yoast SEO plugin. -->","yoast_head_json":{"title":"Lazer Linear 18 Elite i-LBA - RST-Steel","description":"Lazer Linear 18 Elite I-LBA: Kompakt LED-ljusramp med h\u00f6g ljusstyrka och h\u00e5llbarhet, med integrerade positionsljus f\u00f6r \u00f6kad synlighet och stil.","robots":{"index":"index","follow":"follow","max-snippet":"max-snippet:-1","max-image-preview":"max-image-preview:large","max-video-preview":"max-video-preview:-1"},"canonical":"https:\/\/com.rst-steel.eu\/sv\/produkt\/lazer-linear-18-elite-i-lba-_pr_18698\/","og_locale":"sv_SE","og_type":"article","og_title":"Lazer Linear 18 Elite i-LBA - RST-Steel","og_description":"Lazer Linear 18 Elite I-LBA: Compact LED light bar with high brightness and durability, featuring integrated position lights for enhanced visibility and style.","og_url":"https:\/\/com.rst-steel.eu\/sv\/produkt\/lazer-linear-18-elite-i-lba-_pr_18698\/","og_site_name":"RST-Steel","article_publisher":"https:\/\/www.facebook.com\/rststeel","article_modified_time":"2026-03-16T06:21:21+00:00","og_image":[{"width":1000,"height":750,"url":"https:\/\/com.rst-steel.eu\/wp-content\/uploads\/2024\/06\/04b03d27f168737ce04733a1bd0c3e8848dbc01e_linear_18_elite_angled_front_side_mounts___web.jpg","type":"image\/jpeg"}],"twitter_card":"summary_large_image","twitter_misc":{"Ber\u00e4knad l\u00e4stid":"3 minuter"},"schema":{"@context":"https:\/\/schema.org","@graph":[{"@type":"WebPage","@id":"https:\/\/com.rst-steel.eu\/sv\/produkt\/lazer-linear-18-elite-i-lba-_pr_18698\/","url":"https:\/\/com.rst-steel.eu\/sv\/produkt\/lazer-linear-18-elite-i-lba-_pr_18698\/","name":"Lazer Linear 18 Elite i-LBA - RST-Steel","isPartOf":{"@id":"https:\/\/com.rst-steel.eu\/#website"},"primaryImageOfPage":{"@id":"https:\/\/com.rst-steel.eu\/sv\/produkt\/lazer-linear-18-elite-i-lba-_pr_18698\/#primaryimage"},"image":{"@id":"https:\/\/com.rst-steel.eu\/sv\/produkt\/lazer-linear-18-elite-i-lba-_pr_18698\/#primaryimage"},"thumbnailUrl":"https:\/\/com.rst-steel.eu\/wp-content\/uploads\/2024\/06\/04b03d27f168737ce04733a1bd0c3e8848dbc01e_linear_18_elite_angled_front_side_mounts___web.jpg","datePublished":"2023-02-01T14:03:26+00:00","dateModified":"2026-03-16T06:21:21+00:00","description":"Lazer Linear 18 Elite I-LBA: Kompakt LED-ljusramp med h\u00f6g ljusstyrka och h\u00e5llbarhet, med integrerade positionsljus f\u00f6r \u00f6kad synlighet och stil.","breadcrumb":{"@id":"https:\/\/com.rst-steel.eu\/sv\/produkt\/lazer-linear-18-elite-i-lba-_pr_18698\/#breadcrumb"},"inLanguage":"sv-SE","potentialAction":[{"@type":"ReadAction","target":["https:\/\/com.rst-steel.eu\/sv\/produkt\/lazer-linear-18-elite-i-lba-_pr_18698\/"]}]},{"@type":"ImageObject","inLanguage":"sv-SE","@id":"https:\/\/com.rst-steel.eu\/sv\/produkt\/lazer-linear-18-elite-i-lba-_pr_18698\/#primaryimage","url":"https:\/\/com.rst-steel.eu\/wp-content\/uploads\/2024\/06\/04b03d27f168737ce04733a1bd0c3e8848dbc01e_linear_18_elite_angled_front_side_mounts___web.jpg","contentUrl":"https:\/\/com.rst-steel.eu\/wp-content\/uploads\/2024\/06\/04b03d27f168737ce04733a1bd0c3e8848dbc01e_linear_18_elite_angled_front_side_mounts___web.jpg","width":1000,"height":750,"caption":"Kuvassa Lazer Linear 18 Elite i-LBA"},{"@type":"BreadcrumbList","@id":"https:\/\/com.rst-steel.eu\/sv\/produkt\/lazer-linear-18-elite-i-lba-_pr_18698\/#breadcrumb","itemListElement":[{"@type":"ListItem","position":1,"name":"Home","item":"https:\/\/com.rst-steel.eu\/"},{"@type":"ListItem","position":2,"name":"RST-Steel Shop","item":"https:\/\/com.rst-steel.eu\/shop\/"},{"@type":"ListItem","position":3,"name":"Lazer Linear 18 Elite i-LBA"}]},{"@type":"WebSite","@id":"https:\/\/com.rst-steel.eu\/#website","url":"https:\/\/com.rst-steel.eu\/","name":"RST-Stahl.com","description":"Finskt kvalitetsst\u00e5l, f\u00f6r kvalitetsmedvetna f\u00f6rare","publisher":{"@id":"https:\/\/com.rst-steel.eu\/#organization"},"alternateName":"Safe and stylish RST-Steel quality","potentialAction":[{"@type":"SearchAction","target":{"@type":"EntryPoint","urlTemplate":"https:\/\/com.rst-steel.eu\/?s={search_term_string}"},"query-input":{"@type":"PropertyValueSpecification","valueRequired":true,"valueName":"search_term_string"}}],"inLanguage":"sv-SE"},{"@type":"Organization","@id":"https:\/\/com.rst-steel.eu\/#organization","name":"RST-Steel Oy","url":"https:\/\/com.rst-steel.eu\/","logo":{"@type":"ImageObject","inLanguage":"sv-SE","@id":"https:\/\/com.rst-steel.eu\/#\/schema\/logo\/image\/","url":"https:\/\/com.rst-steel.eu\/wp-content\/uploads\/2023\/04\/cropped-Rst-logo-valkoinen-teksti-3.png","contentUrl":"https:\/\/com.rst-steel.eu\/wp-content\/uploads\/2023\/04\/cropped-Rst-logo-valkoinen-teksti-3.png","width":512,"height":115,"caption":"RST-Steel Oy"},"image":{"@id":"https:\/\/com.rst-steel.eu\/#\/schema\/logo\/image\/"},"sameAs":["https:\/\/www.facebook.com\/rststeel","https:\/\/www.instagram.com\/rststeeloy\/"]}]}},"brands":[{"id":8332,"name":"Lazer Lamps","slug":"brand_lazerlamps"}],"_links":{"self":[{"href":"https:\/\/com.rst-steel.eu\/sv\/wp-json\/wp\/v2\/product\/36287","targetHints":{"allow":["GET"]}}],"collection":[{"href":"https:\/\/com.rst-steel.eu\/sv\/wp-json\/wp\/v2\/product"}],"about":[{"href":"https:\/\/com.rst-steel.eu\/sv\/wp-json\/wp\/v2\/types\/product"}],"replies":[{"embeddable":true,"href":"https:\/\/com.rst-steel.eu\/sv\/wp-json\/wp\/v2\/comments?post=36287"}],"version-history":[{"count":0,"href":"https:\/\/com.rst-steel.eu\/sv\/wp-json\/wp\/v2\/product\/36287\/revisions"}],"wp:featuredmedia":[{"embeddable":true,"href":"https:\/\/com.rst-steel.eu\/sv\/wp-json\/wp\/v2\/media\/43704"}],"wp:attachment":[{"href":"https:\/\/com.rst-steel.eu\/sv\/wp-json\/wp\/v2\/media?parent=36287"}],"wp:term":[{"taxonomy":"make_fuel_type","embeddable":true,"href":"https:\/\/com.rst-steel.eu\/sv\/wp-json\/wp\/v2\/make_fuel_type?post=36287"},{"taxonomy":"make_model","embeddable":true,"href":"https:\/\/com.rst-steel.eu\/sv\/wp-json\/wp\/v2\/make_model?post=36287"},{"taxonomy":"make_brand","embeddable":true,"href":"https:\/\/com.rst-steel.eu\/sv\/wp-json\/wp\/v2\/make_brand?post=36287"},{"taxonomy":"make_year","embeddable":true,"href":"https:\/\/com.rst-steel.eu\/sv\/wp-json\/wp\/v2\/make_year?post=36287"},{"taxonomy":"pwb-brand","embeddable":true,"href":"https:\/\/com.rst-steel.eu\/sv\/wp-json\/wp\/v2\/pwb-brand?post=36287"},{"taxonomy":"product_brand","embeddable":true,"href":"https:\/\/com.rst-steel.eu\/sv\/wp-json\/wp\/v2\/product_brand?post=36287"},{"taxonomy":"product_cat","embeddable":true,"href":"https:\/\/com.rst-steel.eu\/sv\/wp-json\/wp\/v2\/product_cat?post=36287"},{"taxonomy":"product_tag","embeddable":true,"href":"https:\/\/com.rst-steel.eu\/sv\/wp-json\/wp\/v2\/product_tag?post=36287"}],"curies":[{"name":"wp","href":"https:\/\/api.w.org\/{rel}","templated":true}]}}