{"id":36281,"date":"2023-02-01T17:03:19","date_gmt":"2023-02-01T14:03:19","guid":{"rendered":"https:\/\/rst-steel.fi-c.seravo.com\/product\/lazer-triple-r-16-elite-gen2-_pr_18695\/"},"modified":"2026-03-16T09:21:20","modified_gmt":"2026-03-16T06:21:20","slug":"lazer-triple-r-16-elite_pr_18695","status":"publish","type":"product","link":"https:\/\/com.rst-steel.eu\/sv\/produkt\/lazer-triple-r-16-elite_pr_18695\/","title":{"rendered":"Lazer Triple-R 16 Elite Extraljus"},"content":{"rendered":"<p>The iconic Triple-R range, upgraded in 2020\/21, delivers exceptional, long-range auxiliary LED automotive lighting. Initially developed for the uncompromising requirements of professional track and rally motorsport, the range has evolved to become a firm favourite across the passenger car, 4\u00d74, light commercial, and heavy truck market, both on and off-road. Recent additions to the Triple-R range boast innovative features and functionality, including patent-pending technology never seen before in an auxiliary LED light bar.<\/p>\n<p>Triple-R Elite-produkterna best\u00e5r av ett arrangemang av h\u00f6geffektiva, f\u00f6rstklassiga \"bin\"-lysdioder med en noggrant utvald f\u00e4rgtemperatur p\u00e5 5000K och 80CRI f\u00f6r h\u00f6g sk\u00e4rpa och klarhet, och \u00e4r v\u00e5ra mest kraftfulla k\u00f6rljus. Elektroniken och optiken samverkar f\u00f6r att ge en otrolig avst\u00e5ndsbelysning, men \u00e4nd\u00e5 med en avundsv\u00e4rd spridning \u00e5t v\u00e4nster\/h\u00f6ger. Den j\u00e4mf\u00f6relsevis l\u00e5ga spridningen upp\u00e5t\/ned\u00e5t av ljuset fr\u00e5n Elite-lamporna g\u00f6r att de l\u00e4mpar sig f\u00f6r takmontering, s\u00e5 att man undviker reflexer fr\u00e5n motorhuven.<\/p>\n<p><\/p>\n<p>Produkter p\u00e5 standardniv\u00e5 har integrerad (valfri) vit och\/eller gul positionsljusfunktion f\u00f6r extra styling- och s\u00e4kerhetsf\u00f6rdelar. Tillsammans med den f\u00f6rstklassiga designen p\u00e5 sj\u00e4lva lamporna kan du vara s\u00e4ker p\u00e5 att din Triple-R-produkt kommer att imponera redan innan solen g\u00e5r ner! H\u00f6geffektiva 11W LED-lampor ger imponerande belysning p\u00e5 avst\u00e5nd, men inte riktigt samma sikt \u00e5t v\u00e4nster\/h\u00f6ger som du annars hittar hos motsvarande produkter p\u00e5 Elite-niv\u00e5. En n\u00e5got h\u00f6gre spridning upp\u00e5t\/ned\u00e5t s\u00e4kerst\u00e4ller dock l\u00e4mpligheten vid montering h\u00f6gt upp p\u00e5 ett fordon, t.ex. i en lastbilshytt eller p\u00e5 taket till en sk\u00e5pbil eller annat l\u00e4tt kommersiellt fordon.<\/p>\n<p><\/p>\n<p>Produktfunktioner<\/p>\n<p><\/p>\n<p>Ultra-reflekterande vakuum-metalliserad optik ger perfekt avst\u00e4md str\u00e5lbild<\/p>\n<p>H\u00f6geffektiv LED-teknik (uppgraderad f\u00f6r 2020\/21)<\/p>\n<p>5000K LED-f\u00e4rgtemperatur och 80CRI ger maximal sk\u00e4rpa och definition<\/p>\n<p>Ultra-reflekterande vakuum-metalliserad optik ger punktstr\u00e5lningsm\u00f6nster<\/p>\n<p>Modern lampdesign<\/p>\n<p>F\u00f6rb\u00e4ttrad aerodynamisk design ger l\u00e5gt vindbrus<\/p>\n<p>Kabeldragningssats f\u00f6r fordon ing\u00e5r (1L-HP-300)<\/p>\n<p>Inneh\u00e5ller kit f\u00f6r mittmontering och sidomontering<\/p>\n<p>Elektroniskt v\u00e4rmehanteringssystem optimerar ljusfl\u00f6det f\u00f6r att bevara LED-lampornas livsl\u00e4ngd<\/p>\n<p>Anodiserad f\u00f6rbehandling och pulverlackering av fordonskvalitet f\u00f6r ultimat korrosions- och kemikalieskydd<\/p>\n<p>CAE-optimerad kylfl\u00e4ns ger f\u00f6rb\u00e4ttrad termisk dynamik<\/p>\n<p>Skyddad mot \u00f6versp\u00e4nning<\/p>\n<p>Skyddad mot omv\u00e4nd polaritet<\/p>\n<p>\"Okrossbar\" lins av polykarbonat med h\u00e5rdlackerad yta<\/p>\n<p>UNECE godk\u00e4nd Reg 10<\/p>\n<p>IP67 vattent\u00e4t<\/p>\n<p>5 \u00e5rs garanti<\/p>\n<p>Levereras med f\u00f6rkontakterade 2-poliga Superseal-kontakter, hane\/hona<\/p>\n<p>Designad och tillverkad i Storbritannien<\/p>\n<p><\/p>\n<p><\/p>\n<p>Tekniska specifikationer<\/p>\n<p><\/p>\n<p>Sp\u00e4nningsintervall (DC): 10-32V<\/p>\n<p>Vikt: 3,2 kg<\/p>\n<p>Totalt ljusfl\u00f6de: 18040 Lm<\/p>\n<p>F\u00e4rgtemperatur: 5000k<\/p>\n<p>Antal lysdioder med h\u00f6g effekt: 16<\/p>\n<p>Effektf\u00f6rbrukning: 208 watt<\/p>\n<p>Str\u00f6muttag (vid 14,4 V): 14,4 ampere<\/p>\n<p>IP67 vattent\u00e4t<\/p>\n<p>5 \u00e5rs garanti<\/p>\n<p><\/p>\n<p><\/p>\n<p>FOTOMETRISKA DATA:<\/p>\n<p><\/p>\n<p>&nbsp; &nbsp; Horisontell str\u00e5lningsvinkel: 30 grader<\/p>\n<p>&nbsp; &nbsp; 0,25 lx Linje: 1920 meter<\/p>\n<p>&nbsp; &nbsp; 0,5 lx Linje: 1358 meter<\/p>\n<p>&nbsp;&nbsp;&nbsp;&nbsp;1 lx Linje: 960 meter<\/p>\n<p>&nbsp;&nbsp;&nbsp;&nbsp;3 lx Linje: 554 meter<\/p>\n<p><\/p>\n<p>CERTIFIERING<\/p>\n<p><\/p>\n<p>&nbsp; &nbsp; Helljus: N\/A<\/p>\n<p>&nbsp;&nbsp;&nbsp;&nbsp;E-Mark Ref:\u00a0N\/A<\/p>\n<p><\/p>\n<p><\/p>\n<p>Vad ing\u00e5r?&nbsp;<\/p>\n<p><\/p>\n<p>Triple-R 16 Elite LED-lampa<\/p>\n<p>2x Centrumf\u00e4ste<\/p>\n<p>Sidomonteringssats<\/p>\n<p>Ledningssats f\u00f6r en lampa med str\u00f6mbrytare<\/p>\n<p>Instruktioner f\u00f6r installation<\/p>\n<p><\/p>","protected":false},"excerpt":{"rendered":"<p>Endast f\u00f6r anv\u00e4ndning i terr\u00e4ng!<\/p>","protected":false},"featured_media":43701,"comment_status":"open","ping_status":"closed","template":"","meta":{"_improvement_type_select":"improve_an_existing","_thumb_yes_seoaic":false,"_frame_yes_seoaic":false,"seoaic_generate_description":"","seoaic_improve_instructions_prompt":"","seoaic_rollback_content_improvement":"","seoaic_idea_thumbnail_generator":"","thumbnail_generated":false,"thumbnail_generate_prompt":"","seoaic_article_description":""},"make_fuel_type":[],"make_model":[],"make_brand":[],"make_year":[3748,6373],"pwb-brand":[8332],"product_brand":[],"product_cat":[6195,6209,6211,7205],"product_tag":[7551,6298,6362],"class_list":{"0":"post-36281","1":"product","2":"type-product","3":"status-publish","4":"has-post-thumbnail","6":"make_year-trucks","7":"make_year-van","8":"pwb-brand-brand_lazerlamps","9":"product_cat-lamps","10":"product_cat-auxiliary-lights","11":"product_cat-lazer-lamps-auxiliary-lights","12":"product_cat-rst-triplerr","13":"product_tag-extraljus","14":"product_tag-lazer-lamps","15":"product_tag-triple-r","17":"first","18":"instock","19":"taxable","20":"shipping-taxable","21":"purchasable","22":"product-type-simple"},"yoast_head":"<!-- This site is optimized with the Yoast SEO plugin v25.7 - https:\/\/yoast.com\/wordpress\/plugins\/seo\/ -->\n<title>Lazer Triple-R 16 Elite - RST-Steel<\/title>\n<meta name=\"description\" content=\"The Lazer Triple-R 16 Elite delivers powerful LED lighting with exceptional brightness and durability, perfect for superior visibility in all conditions.\" \/>\n<meta name=\"robots\" content=\"index, follow, max-snippet:-1, max-image-preview:large, max-video-preview:-1\" \/>\n<link rel=\"canonical\" href=\"https:\/\/com.rst-steel.eu\/sv\/produkt\/lazer-triple-r-16-elite_pr_18695\/\" \/>\n<meta property=\"og:locale\" content=\"sv_SE\" \/>\n<meta property=\"og:type\" content=\"article\" \/>\n<meta property=\"og:title\" content=\"Lazer Triple-R 16 Elite - RST-Steel\" \/>\n<meta property=\"og:description\" content=\"The Lazer Triple-R 16 Elite delivers powerful LED lighting with exceptional brightness and durability, perfect for superior visibility in all conditions.\" \/>\n<meta property=\"og:url\" content=\"https:\/\/com.rst-steel.eu\/sv\/produkt\/lazer-triple-r-16-elite_pr_18695\/\" \/>\n<meta property=\"og:site_name\" content=\"RST-Steel\" \/>\n<meta property=\"article:publisher\" content=\"https:\/\/www.facebook.com\/rststeel\" \/>\n<meta property=\"article:modified_time\" content=\"2026-03-16T06:21:20+00:00\" \/>\n<meta property=\"og:image\" content=\"https:\/\/com.rst-steel.eu\/wp-content\/uploads\/2024\/06\/ee828c1e4fe355e056f8e3b6a8a623ea377aef4b_lazer_triple_r_16_elite_gen2_1_normal.jpg\" \/>\n\t<meta property=\"og:image:width\" content=\"600\" \/>\n\t<meta property=\"og:image:height\" content=\"600\" \/>\n\t<meta property=\"og:image:type\" content=\"image\/jpeg\" \/>\n<meta name=\"twitter:card\" content=\"summary_large_image\" \/>\n<meta name=\"twitter:label1\" content=\"Ber\u00e4knad l\u00e4stid\" \/>\n\t<meta name=\"twitter:data1\" content=\"3 minuter\" \/>\n<script type=\"application\/ld+json\" class=\"yoast-schema-graph\">{\"@context\":\"https:\/\/schema.org\",\"@graph\":[{\"@type\":\"WebPage\",\"@id\":\"https:\/\/com.rst-steel.eu\/nb\/produkt\/lazer-triple-r-16-elite_pr_18695\/\",\"url\":\"https:\/\/com.rst-steel.eu\/nb\/produkt\/lazer-triple-r-16-elite_pr_18695\/\",\"name\":\"Lazer Triple-R 16 Elite - RST-Steel\",\"isPartOf\":{\"@id\":\"https:\/\/com.rst-steel.eu\/#website\"},\"primaryImageOfPage\":{\"@id\":\"https:\/\/com.rst-steel.eu\/nb\/produkt\/lazer-triple-r-16-elite_pr_18695\/#primaryimage\"},\"image\":{\"@id\":\"https:\/\/com.rst-steel.eu\/nb\/produkt\/lazer-triple-r-16-elite_pr_18695\/#primaryimage\"},\"thumbnailUrl\":\"https:\/\/com.rst-steel.eu\/wp-content\/uploads\/2024\/06\/ee828c1e4fe355e056f8e3b6a8a623ea377aef4b_lazer_triple_r_16_elite_gen2_1_normal.jpg\",\"datePublished\":\"2023-02-01T14:03:19+00:00\",\"dateModified\":\"2026-03-16T06:21:20+00:00\",\"description\":\"The Lazer Triple-R 16 Elite delivers powerful LED lighting with exceptional brightness and durability, perfect for superior visibility in all conditions.\",\"breadcrumb\":{\"@id\":\"https:\/\/com.rst-steel.eu\/nb\/produkt\/lazer-triple-r-16-elite_pr_18695\/#breadcrumb\"},\"inLanguage\":\"sv-SE\",\"potentialAction\":[{\"@type\":\"ReadAction\",\"target\":[\"https:\/\/com.rst-steel.eu\/nb\/produkt\/lazer-triple-r-16-elite_pr_18695\/\"]}]},{\"@type\":\"ImageObject\",\"inLanguage\":\"sv-SE\",\"@id\":\"https:\/\/com.rst-steel.eu\/nb\/produkt\/lazer-triple-r-16-elite_pr_18695\/#primaryimage\",\"url\":\"https:\/\/com.rst-steel.eu\/wp-content\/uploads\/2024\/06\/ee828c1e4fe355e056f8e3b6a8a623ea377aef4b_lazer_triple_r_16_elite_gen2_1_normal.jpg\",\"contentUrl\":\"https:\/\/com.rst-steel.eu\/wp-content\/uploads\/2024\/06\/ee828c1e4fe355e056f8e3b6a8a623ea377aef4b_lazer_triple_r_16_elite_gen2_1_normal.jpg\",\"width\":600,\"height\":600,\"caption\":\"Lazer Triple-R 16 Elite\"},{\"@type\":\"BreadcrumbList\",\"@id\":\"https:\/\/com.rst-steel.eu\/nb\/produkt\/lazer-triple-r-16-elite_pr_18695\/#breadcrumb\",\"itemListElement\":[{\"@type\":\"ListItem\",\"position\":1,\"name\":\"Home\",\"item\":\"https:\/\/com.rst-steel.eu\/\"},{\"@type\":\"ListItem\",\"position\":2,\"name\":\"RST-Steel Shop\",\"item\":\"https:\/\/com.rst-steel.eu\/shop\/\"},{\"@type\":\"ListItem\",\"position\":3,\"name\":\"Lazer Triple-R 16 Elite\"}]},{\"@type\":\"WebSite\",\"@id\":\"https:\/\/com.rst-steel.eu\/#website\",\"url\":\"https:\/\/com.rst-steel.eu\/\",\"name\":\"RST-Steel.com\",\"description\":\"Finnish quality steel, for quality-conscious drivers\",\"publisher\":{\"@id\":\"https:\/\/com.rst-steel.eu\/#organization\"},\"alternateName\":\"Safe and stylish RST-Steel quality\",\"potentialAction\":[{\"@type\":\"SearchAction\",\"target\":{\"@type\":\"EntryPoint\",\"urlTemplate\":\"https:\/\/com.rst-steel.eu\/?s={search_term_string}\"},\"query-input\":{\"@type\":\"PropertyValueSpecification\",\"valueRequired\":true,\"valueName\":\"search_term_string\"}}],\"inLanguage\":\"sv-SE\"},{\"@type\":\"Organization\",\"@id\":\"https:\/\/com.rst-steel.eu\/#organization\",\"name\":\"RST-Steel Oy\",\"url\":\"https:\/\/com.rst-steel.eu\/\",\"logo\":{\"@type\":\"ImageObject\",\"inLanguage\":\"sv-SE\",\"@id\":\"https:\/\/com.rst-steel.eu\/#\/schema\/logo\/image\/\",\"url\":\"https:\/\/com.rst-steel.eu\/wp-content\/uploads\/2023\/04\/cropped-Rst-logo-valkoinen-teksti-3.png\",\"contentUrl\":\"https:\/\/com.rst-steel.eu\/wp-content\/uploads\/2023\/04\/cropped-Rst-logo-valkoinen-teksti-3.png\",\"width\":512,\"height\":115,\"caption\":\"RST-Steel Oy\"},\"image\":{\"@id\":\"https:\/\/com.rst-steel.eu\/#\/schema\/logo\/image\/\"},\"sameAs\":[\"https:\/\/www.facebook.com\/rststeel\",\"https:\/\/www.instagram.com\/rststeeloy\/\"]}]}<\/script>\n<!-- \/ Yoast SEO plugin. -->","yoast_head_json":{"title":"Lazer Triple-R 16 Elite - RST-Steel","description":"Lazer Triple-R 16 Elite ger kraftfull LED-belysning med exceptionell ljusstyrka och h\u00e5llbarhet, perfekt f\u00f6r \u00f6verl\u00e4gsen synlighet under alla f\u00f6rh\u00e5llanden.","robots":{"index":"index","follow":"follow","max-snippet":"max-snippet:-1","max-image-preview":"max-image-preview:large","max-video-preview":"max-video-preview:-1"},"canonical":"https:\/\/com.rst-steel.eu\/sv\/produkt\/lazer-triple-r-16-elite_pr_18695\/","og_locale":"sv_SE","og_type":"article","og_title":"Lazer Triple-R 16 Elite - RST-Steel","og_description":"The Lazer Triple-R 16 Elite delivers powerful LED lighting with exceptional brightness and durability, perfect for superior visibility in all conditions.","og_url":"https:\/\/com.rst-steel.eu\/sv\/produkt\/lazer-triple-r-16-elite_pr_18695\/","og_site_name":"RST-Steel","article_publisher":"https:\/\/www.facebook.com\/rststeel","article_modified_time":"2026-03-16T06:21:20+00:00","og_image":[{"width":600,"height":600,"url":"https:\/\/com.rst-steel.eu\/wp-content\/uploads\/2024\/06\/ee828c1e4fe355e056f8e3b6a8a623ea377aef4b_lazer_triple_r_16_elite_gen2_1_normal.jpg","type":"image\/jpeg"}],"twitter_card":"summary_large_image","twitter_misc":{"Ber\u00e4knad l\u00e4stid":"3 minuter"},"schema":{"@context":"https:\/\/schema.org","@graph":[{"@type":"WebPage","@id":"https:\/\/com.rst-steel.eu\/nb\/produkt\/lazer-triple-r-16-elite_pr_18695\/","url":"https:\/\/com.rst-steel.eu\/nb\/produkt\/lazer-triple-r-16-elite_pr_18695\/","name":"Lazer Triple-R 16 Elite - RST-Steel","isPartOf":{"@id":"https:\/\/com.rst-steel.eu\/#website"},"primaryImageOfPage":{"@id":"https:\/\/com.rst-steel.eu\/nb\/produkt\/lazer-triple-r-16-elite_pr_18695\/#primaryimage"},"image":{"@id":"https:\/\/com.rst-steel.eu\/nb\/produkt\/lazer-triple-r-16-elite_pr_18695\/#primaryimage"},"thumbnailUrl":"https:\/\/com.rst-steel.eu\/wp-content\/uploads\/2024\/06\/ee828c1e4fe355e056f8e3b6a8a623ea377aef4b_lazer_triple_r_16_elite_gen2_1_normal.jpg","datePublished":"2023-02-01T14:03:19+00:00","dateModified":"2026-03-16T06:21:20+00:00","description":"Lazer Triple-R 16 Elite ger kraftfull LED-belysning med exceptionell ljusstyrka och h\u00e5llbarhet, perfekt f\u00f6r \u00f6verl\u00e4gsen synlighet under alla f\u00f6rh\u00e5llanden.","breadcrumb":{"@id":"https:\/\/com.rst-steel.eu\/nb\/produkt\/lazer-triple-r-16-elite_pr_18695\/#breadcrumb"},"inLanguage":"sv-SE","potentialAction":[{"@type":"ReadAction","target":["https:\/\/com.rst-steel.eu\/nb\/produkt\/lazer-triple-r-16-elite_pr_18695\/"]}]},{"@type":"ImageObject","inLanguage":"sv-SE","@id":"https:\/\/com.rst-steel.eu\/nb\/produkt\/lazer-triple-r-16-elite_pr_18695\/#primaryimage","url":"https:\/\/com.rst-steel.eu\/wp-content\/uploads\/2024\/06\/ee828c1e4fe355e056f8e3b6a8a623ea377aef4b_lazer_triple_r_16_elite_gen2_1_normal.jpg","contentUrl":"https:\/\/com.rst-steel.eu\/wp-content\/uploads\/2024\/06\/ee828c1e4fe355e056f8e3b6a8a623ea377aef4b_lazer_triple_r_16_elite_gen2_1_normal.jpg","width":600,"height":600,"caption":"Lazer Triple-R 16 Elite"},{"@type":"BreadcrumbList","@id":"https:\/\/com.rst-steel.eu\/nb\/produkt\/lazer-triple-r-16-elite_pr_18695\/#breadcrumb","itemListElement":[{"@type":"ListItem","position":1,"name":"Home","item":"https:\/\/com.rst-steel.eu\/"},{"@type":"ListItem","position":2,"name":"RST-Steel Shop","item":"https:\/\/com.rst-steel.eu\/shop\/"},{"@type":"ListItem","position":3,"name":"Lazer Triple-R 16 Elite"}]},{"@type":"WebSite","@id":"https:\/\/com.rst-steel.eu\/#website","url":"https:\/\/com.rst-steel.eu\/","name":"RST-Stahl.com","description":"Finskt kvalitetsst\u00e5l, f\u00f6r kvalitetsmedvetna f\u00f6rare","publisher":{"@id":"https:\/\/com.rst-steel.eu\/#organization"},"alternateName":"Safe and stylish RST-Steel quality","potentialAction":[{"@type":"SearchAction","target":{"@type":"EntryPoint","urlTemplate":"https:\/\/com.rst-steel.eu\/?s={search_term_string}"},"query-input":{"@type":"PropertyValueSpecification","valueRequired":true,"valueName":"search_term_string"}}],"inLanguage":"sv-SE"},{"@type":"Organization","@id":"https:\/\/com.rst-steel.eu\/#organization","name":"RST-Steel Oy","url":"https:\/\/com.rst-steel.eu\/","logo":{"@type":"ImageObject","inLanguage":"sv-SE","@id":"https:\/\/com.rst-steel.eu\/#\/schema\/logo\/image\/","url":"https:\/\/com.rst-steel.eu\/wp-content\/uploads\/2023\/04\/cropped-Rst-logo-valkoinen-teksti-3.png","contentUrl":"https:\/\/com.rst-steel.eu\/wp-content\/uploads\/2023\/04\/cropped-Rst-logo-valkoinen-teksti-3.png","width":512,"height":115,"caption":"RST-Steel Oy"},"image":{"@id":"https:\/\/com.rst-steel.eu\/#\/schema\/logo\/image\/"},"sameAs":["https:\/\/www.facebook.com\/rststeel","https:\/\/www.instagram.com\/rststeeloy\/"]}]}},"brands":[{"id":8332,"name":"Lazer Lamps","slug":"brand_lazerlamps"}],"_links":{"self":[{"href":"https:\/\/com.rst-steel.eu\/sv\/wp-json\/wp\/v2\/product\/36281","targetHints":{"allow":["GET"]}}],"collection":[{"href":"https:\/\/com.rst-steel.eu\/sv\/wp-json\/wp\/v2\/product"}],"about":[{"href":"https:\/\/com.rst-steel.eu\/sv\/wp-json\/wp\/v2\/types\/product"}],"replies":[{"embeddable":true,"href":"https:\/\/com.rst-steel.eu\/sv\/wp-json\/wp\/v2\/comments?post=36281"}],"version-history":[{"count":0,"href":"https:\/\/com.rst-steel.eu\/sv\/wp-json\/wp\/v2\/product\/36281\/revisions"}],"wp:featuredmedia":[{"embeddable":true,"href":"https:\/\/com.rst-steel.eu\/sv\/wp-json\/wp\/v2\/media\/43701"}],"wp:attachment":[{"href":"https:\/\/com.rst-steel.eu\/sv\/wp-json\/wp\/v2\/media?parent=36281"}],"wp:term":[{"taxonomy":"make_fuel_type","embeddable":true,"href":"https:\/\/com.rst-steel.eu\/sv\/wp-json\/wp\/v2\/make_fuel_type?post=36281"},{"taxonomy":"make_model","embeddable":true,"href":"https:\/\/com.rst-steel.eu\/sv\/wp-json\/wp\/v2\/make_model?post=36281"},{"taxonomy":"make_brand","embeddable":true,"href":"https:\/\/com.rst-steel.eu\/sv\/wp-json\/wp\/v2\/make_brand?post=36281"},{"taxonomy":"make_year","embeddable":true,"href":"https:\/\/com.rst-steel.eu\/sv\/wp-json\/wp\/v2\/make_year?post=36281"},{"taxonomy":"pwb-brand","embeddable":true,"href":"https:\/\/com.rst-steel.eu\/sv\/wp-json\/wp\/v2\/pwb-brand?post=36281"},{"taxonomy":"product_brand","embeddable":true,"href":"https:\/\/com.rst-steel.eu\/sv\/wp-json\/wp\/v2\/product_brand?post=36281"},{"taxonomy":"product_cat","embeddable":true,"href":"https:\/\/com.rst-steel.eu\/sv\/wp-json\/wp\/v2\/product_cat?post=36281"},{"taxonomy":"product_tag","embeddable":true,"href":"https:\/\/com.rst-steel.eu\/sv\/wp-json\/wp\/v2\/product_tag?post=36281"}],"curies":[{"name":"wp","href":"https:\/\/api.w.org\/{rel}","templated":true}]}}