{"id":36235,"date":"2023-02-01T17:02:24","date_gmt":"2023-02-01T14:02:24","guid":{"rendered":"https:\/\/rst-steel.fi-c.seravo.com\/product\/lazer-linear-42-elite-_pr_72528\/"},"modified":"2026-03-16T09:13:51","modified_gmt":"2026-03-16T06:13:51","slug":"lazer-linear-42-elite_pr_72528","status":"publish","type":"product","link":"https:\/\/com.rst-steel.eu\/sv\/produkt\/lazer-linear-42-elite_pr_72528\/","title":{"rendered":"Lazer Linear 42 Elite Extraljus"},"content":{"rendered":"<p>Linear-serien representerar det allra b\u00e4sta inom slimmade extra helljus och anv\u00e4nder en kombination av h\u00f6geffektiva 3W LED-lampor och vakuummetalliserad bred optik f\u00f6r att leverera ett perfekt avpassat ljusm\u00f6nster f\u00f6r vardaglig anv\u00e4ndning p\u00e5 v\u00e4garna. Linear-serien m\u00e4ter bara 40 mm p\u00e5 h\u00f6jden och \u00e4r en utm\u00e4rkt l\u00f6sning n\u00e4r antingen utrymmet \u00e4r begr\u00e4nsat eller n\u00e4r man letar efter en diskret installation som sannolikt kommer att uppm\u00e4rksammas p\u00e5 natten.<\/p>\n<p><\/p>\n<p>Alla Linear-produkter \u00e4r fullt UNECE-certifierade enligt f\u00f6reskrift 112 som klass B-k\u00f6rljus (f\u00f6r anv\u00e4ndning p\u00e5 v\u00e4g), (med undantag f\u00f6r: Linear-48, Linear-36 Elite, Linear-42 Elite och Linear-48 Elite). Produkter p\u00e5 Elite-niv\u00e5 har dubbelt s\u00e5 h\u00f6g ljuseffekt j\u00e4mf\u00f6rt med motsvarande standardversion.&nbsp;<\/p>\n<p><\/p>\n<p>Produktens egenskaper:<\/p>\n<p><\/p>\n<ul>\n<li>Flexibla monteringsalternativ - st\u00f6ldskyddade sidomonteringsf\u00e4sten ing\u00e5r<\/li>\n<li>Elektroniskt v\u00e4rmehanteringssystem optimerar ljusfl\u00f6det f\u00f6r att bevara LED-lampornas livsl\u00e4ngd<\/li>\n<li>Anodiserad f\u00f6rbehandling och pulverlackering av fordonskvalitet f\u00f6r ultimat korrosions- och kemikalieskydd<\/li>\n<li>CAE-optimerad kylfl\u00e4ns ger f\u00f6rb\u00e4ttrad termisk dynamik<\/li>\n<li>Skyddad mot \u00f6versp\u00e4nning<\/li>\n<li>Skyddad mot omv\u00e4nd polaritet<\/li>\n<li>\"Okrossbar\" lins av polykarbonat med h\u00e5rdlackerad yta<\/li>\n<li>UNECE godk\u00e4nd Reg 10<\/li>\n<li>IP67 vattent\u00e4t<\/li>\n<li><span style=\"font-weight: bold\">5 \u00e5rs garanti<\/span><\/li>\n<li>Designad och tillverkad i Storbritannien<\/li>\n<\/ul>\n<p><\/p>\n<p><\/p>\n<p>Tekniska specifikationer<\/p>\n<p><\/p>\n<p>Sp\u00e4nningsintervall: 10-32V<\/p>\n<p>Vikt: 3,5 kg<\/p>\n<p>Totalt ljusfl\u00f6de: 33300 Lm<\/p>\n<p>Totalt f\u00f6rarfl\u00f6de \"FOV\": 23909 Lm<\/p>\n<p>F\u00e4rgtemperatur: 5000K<\/p>\n<p>Antal lysdioder med h\u00f6g effekt: 84<\/p>\n<p>Str\u00f6mf\u00f6rbrukning: 355 W<\/p>\n<p>Str\u00f6muttag (vid 14,4 V): 24,7 ampere<\/p>\n<p><\/p>\n<p><\/p>\n<p>Dimensioner:<\/p>\n<p><\/p>\n<p>&nbsp; &nbsp; Bredd: 1132 mm<\/p>\n<p>&nbsp;&nbsp;&nbsp;&nbsp;Djup: 62 mm<\/p>\n<p>&nbsp;&nbsp;&nbsp;&nbsp;H\u00f6jd: 40 mm<\/p>\n<p><\/p>\n<p>Fotometriska data:<\/p>\n<p><\/p>\n<p>Horisontell str\u00e5lningsvinkel: 60<\/p>\n<p>0,25 lx Linje: 1530 m<\/p>\n<p>0,5 lx Linje: 1082 m<\/p>\n<p>1 lx Linje: 765 m<\/p>\n<p>3 lx Line: 442 m<\/p>\n<p><\/p>\n<p>Vad ing\u00e5r?<\/p>\n<p><\/p>\n<p>&nbsp; &nbsp; Linear 42 Elite LED-lampa<\/p>\n<p>&nbsp; &nbsp; Anti-Thef sidomontering<\/p>\n<p>&nbsp; &nbsp; Ledningsn\u00e4t f\u00f6r enstaka lampor<\/p>\n<p>&nbsp; &nbsp; Instruktioner f\u00f6r installation<\/p>","protected":false},"excerpt":{"rendered":"<p><span style=\"font-weight: bold\">Ny modell!<\/span><\/p>","protected":false},"featured_media":36230,"comment_status":"open","ping_status":"closed","template":"","meta":{"_improvement_type_select":"improve_an_existing","_thumb_yes_seoaic":false,"_frame_yes_seoaic":false,"seoaic_generate_description":"","seoaic_improve_instructions_prompt":"","seoaic_rollback_content_improvement":"","seoaic_idea_thumbnail_generator":"","thumbnail_generated":false,"thumbnail_generate_prompt":"","seoaic_article_description":""},"make_fuel_type":[],"make_model":[],"make_brand":[],"make_year":[3748,6373],"pwb-brand":[8332],"product_brand":[],"product_cat":[6195,6209,6211,7206],"product_tag":[7551,6298,6364],"class_list":{"0":"post-36235","1":"product","2":"type-product","3":"status-publish","4":"has-post-thumbnail","6":"make_year-trucks","7":"make_year-van","8":"pwb-brand-brand_lazerlamps","9":"product_cat-lamps","10":"product_cat-auxiliary-lights","11":"product_cat-lazer-lamps-auxiliary-lights","12":"product_cat-rst-linearr","13":"product_tag-extraljus","14":"product_tag-lazer-lamps","15":"product_tag-linear","17":"first","18":"instock","19":"taxable","20":"shipping-taxable","21":"purchasable","22":"product-type-simple"},"yoast_head":"<!-- This site is optimized with the Yoast SEO plugin v25.7 - https:\/\/yoast.com\/wordpress\/plugins\/seo\/ -->\n<title>Lazer Linear 42 Elite - RST-Steel<\/title>\n<meta name=\"description\" content=\"Lazer Linear 42 Elite: LED light bar with outstanding brightness and durability, providing superior visibility for all driving conditions.\" \/>\n<meta name=\"robots\" content=\"index, follow, max-snippet:-1, max-image-preview:large, max-video-preview:-1\" \/>\n<link rel=\"canonical\" href=\"https:\/\/com.rst-steel.eu\/sv\/produkt\/lazer-linear-42-elite_pr_72528\/\" \/>\n<meta property=\"og:locale\" content=\"sv_SE\" \/>\n<meta property=\"og:type\" content=\"article\" \/>\n<meta property=\"og:title\" content=\"Lazer Linear 42 Elite - RST-Steel\" \/>\n<meta property=\"og:description\" content=\"Lazer Linear 42 Elite: LED light bar with outstanding brightness and durability, providing superior visibility for all driving conditions.\" \/>\n<meta property=\"og:url\" content=\"https:\/\/com.rst-steel.eu\/sv\/produkt\/lazer-linear-42-elite_pr_72528\/\" \/>\n<meta property=\"og:site_name\" content=\"RST-Steel\" \/>\n<meta property=\"article:publisher\" content=\"https:\/\/www.facebook.com\/rststeel\" \/>\n<meta property=\"article:modified_time\" content=\"2026-03-16T06:13:51+00:00\" \/>\n<meta property=\"og:image\" content=\"https:\/\/com.rst-steel.eu\/wp-content\/uploads\/2023\/02\/6cc4a2045e50198c7d8f6105051a40280efdf3ce_Linear_42_Elite_Angled_Web.jpg\" \/>\n\t<meta property=\"og:image:width\" content=\"1000\" \/>\n\t<meta property=\"og:image:height\" content=\"750\" \/>\n\t<meta property=\"og:image:type\" content=\"image\/jpeg\" \/>\n<meta name=\"twitter:card\" content=\"summary_large_image\" \/>\n<meta name=\"twitter:label1\" content=\"Ber\u00e4knad l\u00e4stid\" \/>\n\t<meta name=\"twitter:data1\" content=\"2 minuter\" \/>\n<script type=\"application\/ld+json\" class=\"yoast-schema-graph\">{\"@context\":\"https:\/\/schema.org\",\"@graph\":[{\"@type\":\"WebPage\",\"@id\":\"https:\/\/com.rst-steel.eu\/nb\/produkt\/lazer-lineaer-42-elite_pr_72528\/\",\"url\":\"https:\/\/com.rst-steel.eu\/nb\/produkt\/lazer-lineaer-42-elite_pr_72528\/\",\"name\":\"Lazer Linear 42 Elite - RST-Steel\",\"isPartOf\":{\"@id\":\"https:\/\/com.rst-steel.eu\/#website\"},\"primaryImageOfPage\":{\"@id\":\"https:\/\/com.rst-steel.eu\/nb\/produkt\/lazer-lineaer-42-elite_pr_72528\/#primaryimage\"},\"image\":{\"@id\":\"https:\/\/com.rst-steel.eu\/nb\/produkt\/lazer-lineaer-42-elite_pr_72528\/#primaryimage\"},\"thumbnailUrl\":\"https:\/\/com.rst-steel.eu\/wp-content\/uploads\/2023\/02\/6cc4a2045e50198c7d8f6105051a40280efdf3ce_Linear_42_Elite_Angled_Web.jpg\",\"datePublished\":\"2023-02-01T14:02:24+00:00\",\"dateModified\":\"2026-03-16T06:13:51+00:00\",\"description\":\"Lazer Linear 42 Elite: LED light bar with outstanding brightness and durability, providing superior visibility for all driving conditions.\",\"breadcrumb\":{\"@id\":\"https:\/\/com.rst-steel.eu\/nb\/produkt\/lazer-lineaer-42-elite_pr_72528\/#breadcrumb\"},\"inLanguage\":\"sv-SE\",\"potentialAction\":[{\"@type\":\"ReadAction\",\"target\":[\"https:\/\/com.rst-steel.eu\/nb\/produkt\/lazer-lineaer-42-elite_pr_72528\/\"]}]},{\"@type\":\"ImageObject\",\"inLanguage\":\"sv-SE\",\"@id\":\"https:\/\/com.rst-steel.eu\/nb\/produkt\/lazer-lineaer-42-elite_pr_72528\/#primaryimage\",\"url\":\"https:\/\/com.rst-steel.eu\/wp-content\/uploads\/2023\/02\/6cc4a2045e50198c7d8f6105051a40280efdf3ce_Linear_42_Elite_Angled_Web.jpg\",\"contentUrl\":\"https:\/\/com.rst-steel.eu\/wp-content\/uploads\/2023\/02\/6cc4a2045e50198c7d8f6105051a40280efdf3ce_Linear_42_Elite_Angled_Web.jpg\",\"width\":1000,\"height\":750,\"caption\":\"Kuvassa Lazer Linear 42 Elite\"},{\"@type\":\"BreadcrumbList\",\"@id\":\"https:\/\/com.rst-steel.eu\/nb\/produkt\/lazer-lineaer-42-elite_pr_72528\/#breadcrumb\",\"itemListElement\":[{\"@type\":\"ListItem\",\"position\":1,\"name\":\"Home\",\"item\":\"https:\/\/com.rst-steel.eu\/\"},{\"@type\":\"ListItem\",\"position\":2,\"name\":\"RST-Steel Shop\",\"item\":\"https:\/\/com.rst-steel.eu\/shop\/\"},{\"@type\":\"ListItem\",\"position\":3,\"name\":\"Lazer Linear 42 Elite\"}]},{\"@type\":\"WebSite\",\"@id\":\"https:\/\/com.rst-steel.eu\/#website\",\"url\":\"https:\/\/com.rst-steel.eu\/\",\"name\":\"RST-Steel.com\",\"description\":\"Finnish quality steel, for quality-conscious drivers\",\"publisher\":{\"@id\":\"https:\/\/com.rst-steel.eu\/#organization\"},\"alternateName\":\"Safe and stylish RST-Steel quality\",\"potentialAction\":[{\"@type\":\"SearchAction\",\"target\":{\"@type\":\"EntryPoint\",\"urlTemplate\":\"https:\/\/com.rst-steel.eu\/?s={search_term_string}\"},\"query-input\":{\"@type\":\"PropertyValueSpecification\",\"valueRequired\":true,\"valueName\":\"search_term_string\"}}],\"inLanguage\":\"sv-SE\"},{\"@type\":\"Organization\",\"@id\":\"https:\/\/com.rst-steel.eu\/#organization\",\"name\":\"RST-Steel Oy\",\"url\":\"https:\/\/com.rst-steel.eu\/\",\"logo\":{\"@type\":\"ImageObject\",\"inLanguage\":\"sv-SE\",\"@id\":\"https:\/\/com.rst-steel.eu\/#\/schema\/logo\/image\/\",\"url\":\"https:\/\/com.rst-steel.eu\/wp-content\/uploads\/2023\/04\/cropped-Rst-logo-valkoinen-teksti-3.png\",\"contentUrl\":\"https:\/\/com.rst-steel.eu\/wp-content\/uploads\/2023\/04\/cropped-Rst-logo-valkoinen-teksti-3.png\",\"width\":512,\"height\":115,\"caption\":\"RST-Steel Oy\"},\"image\":{\"@id\":\"https:\/\/com.rst-steel.eu\/#\/schema\/logo\/image\/\"},\"sameAs\":[\"https:\/\/www.facebook.com\/rststeel\",\"https:\/\/www.instagram.com\/rststeeloy\/\"]}]}<\/script>\n<!-- \/ Yoast SEO plugin. -->","yoast_head_json":{"title":"Lazer Linear 42 Elite - RST-Steel","description":"Lazer Linear 42 Elite: LED-ljusramp med enast\u00e5ende ljusstyrka och h\u00e5llbarhet, vilket ger \u00f6verl\u00e4gsen synlighet under alla k\u00f6rf\u00f6rh\u00e5llanden.","robots":{"index":"index","follow":"follow","max-snippet":"max-snippet:-1","max-image-preview":"max-image-preview:large","max-video-preview":"max-video-preview:-1"},"canonical":"https:\/\/com.rst-steel.eu\/sv\/produkt\/lazer-linear-42-elite_pr_72528\/","og_locale":"sv_SE","og_type":"article","og_title":"Lazer Linear 42 Elite - RST-Steel","og_description":"Lazer Linear 42 Elite: LED light bar with outstanding brightness and durability, providing superior visibility for all driving conditions.","og_url":"https:\/\/com.rst-steel.eu\/sv\/produkt\/lazer-linear-42-elite_pr_72528\/","og_site_name":"RST-Steel","article_publisher":"https:\/\/www.facebook.com\/rststeel","article_modified_time":"2026-03-16T06:13:51+00:00","og_image":[{"width":1000,"height":750,"url":"https:\/\/com.rst-steel.eu\/wp-content\/uploads\/2023\/02\/6cc4a2045e50198c7d8f6105051a40280efdf3ce_Linear_42_Elite_Angled_Web.jpg","type":"image\/jpeg"}],"twitter_card":"summary_large_image","twitter_misc":{"Ber\u00e4knad l\u00e4stid":"2 minuter"},"schema":{"@context":"https:\/\/schema.org","@graph":[{"@type":"WebPage","@id":"https:\/\/com.rst-steel.eu\/nb\/produkt\/lazer-lineaer-42-elite_pr_72528\/","url":"https:\/\/com.rst-steel.eu\/nb\/produkt\/lazer-lineaer-42-elite_pr_72528\/","name":"Lazer Linear 42 Elite - RST-Steel","isPartOf":{"@id":"https:\/\/com.rst-steel.eu\/#website"},"primaryImageOfPage":{"@id":"https:\/\/com.rst-steel.eu\/nb\/produkt\/lazer-lineaer-42-elite_pr_72528\/#primaryimage"},"image":{"@id":"https:\/\/com.rst-steel.eu\/nb\/produkt\/lazer-lineaer-42-elite_pr_72528\/#primaryimage"},"thumbnailUrl":"https:\/\/com.rst-steel.eu\/wp-content\/uploads\/2023\/02\/6cc4a2045e50198c7d8f6105051a40280efdf3ce_Linear_42_Elite_Angled_Web.jpg","datePublished":"2023-02-01T14:02:24+00:00","dateModified":"2026-03-16T06:13:51+00:00","description":"Lazer Linear 42 Elite: LED-ljusramp med enast\u00e5ende ljusstyrka och h\u00e5llbarhet, vilket ger \u00f6verl\u00e4gsen synlighet under alla k\u00f6rf\u00f6rh\u00e5llanden.","breadcrumb":{"@id":"https:\/\/com.rst-steel.eu\/nb\/produkt\/lazer-lineaer-42-elite_pr_72528\/#breadcrumb"},"inLanguage":"sv-SE","potentialAction":[{"@type":"ReadAction","target":["https:\/\/com.rst-steel.eu\/nb\/produkt\/lazer-lineaer-42-elite_pr_72528\/"]}]},{"@type":"ImageObject","inLanguage":"sv-SE","@id":"https:\/\/com.rst-steel.eu\/nb\/produkt\/lazer-lineaer-42-elite_pr_72528\/#primaryimage","url":"https:\/\/com.rst-steel.eu\/wp-content\/uploads\/2023\/02\/6cc4a2045e50198c7d8f6105051a40280efdf3ce_Linear_42_Elite_Angled_Web.jpg","contentUrl":"https:\/\/com.rst-steel.eu\/wp-content\/uploads\/2023\/02\/6cc4a2045e50198c7d8f6105051a40280efdf3ce_Linear_42_Elite_Angled_Web.jpg","width":1000,"height":750,"caption":"Kuvassa Lazer Linear 42 Elite"},{"@type":"BreadcrumbList","@id":"https:\/\/com.rst-steel.eu\/nb\/produkt\/lazer-lineaer-42-elite_pr_72528\/#breadcrumb","itemListElement":[{"@type":"ListItem","position":1,"name":"Home","item":"https:\/\/com.rst-steel.eu\/"},{"@type":"ListItem","position":2,"name":"RST-Steel Shop","item":"https:\/\/com.rst-steel.eu\/shop\/"},{"@type":"ListItem","position":3,"name":"Lazer Linear 42 Elite"}]},{"@type":"WebSite","@id":"https:\/\/com.rst-steel.eu\/#website","url":"https:\/\/com.rst-steel.eu\/","name":"RST-Stahl.com","description":"Finskt kvalitetsst\u00e5l, f\u00f6r kvalitetsmedvetna f\u00f6rare","publisher":{"@id":"https:\/\/com.rst-steel.eu\/#organization"},"alternateName":"Safe and stylish RST-Steel quality","potentialAction":[{"@type":"SearchAction","target":{"@type":"EntryPoint","urlTemplate":"https:\/\/com.rst-steel.eu\/?s={search_term_string}"},"query-input":{"@type":"PropertyValueSpecification","valueRequired":true,"valueName":"search_term_string"}}],"inLanguage":"sv-SE"},{"@type":"Organization","@id":"https:\/\/com.rst-steel.eu\/#organization","name":"RST-Steel Oy","url":"https:\/\/com.rst-steel.eu\/","logo":{"@type":"ImageObject","inLanguage":"sv-SE","@id":"https:\/\/com.rst-steel.eu\/#\/schema\/logo\/image\/","url":"https:\/\/com.rst-steel.eu\/wp-content\/uploads\/2023\/04\/cropped-Rst-logo-valkoinen-teksti-3.png","contentUrl":"https:\/\/com.rst-steel.eu\/wp-content\/uploads\/2023\/04\/cropped-Rst-logo-valkoinen-teksti-3.png","width":512,"height":115,"caption":"RST-Steel Oy"},"image":{"@id":"https:\/\/com.rst-steel.eu\/#\/schema\/logo\/image\/"},"sameAs":["https:\/\/www.facebook.com\/rststeel","https:\/\/www.instagram.com\/rststeeloy\/"]}]}},"brands":[{"id":8332,"name":"Lazer Lamps","slug":"brand_lazerlamps"}],"_links":{"self":[{"href":"https:\/\/com.rst-steel.eu\/sv\/wp-json\/wp\/v2\/product\/36235","targetHints":{"allow":["GET"]}}],"collection":[{"href":"https:\/\/com.rst-steel.eu\/sv\/wp-json\/wp\/v2\/product"}],"about":[{"href":"https:\/\/com.rst-steel.eu\/sv\/wp-json\/wp\/v2\/types\/product"}],"replies":[{"embeddable":true,"href":"https:\/\/com.rst-steel.eu\/sv\/wp-json\/wp\/v2\/comments?post=36235"}],"version-history":[{"count":0,"href":"https:\/\/com.rst-steel.eu\/sv\/wp-json\/wp\/v2\/product\/36235\/revisions"}],"wp:featuredmedia":[{"embeddable":true,"href":"https:\/\/com.rst-steel.eu\/sv\/wp-json\/wp\/v2\/media\/36230"}],"wp:attachment":[{"href":"https:\/\/com.rst-steel.eu\/sv\/wp-json\/wp\/v2\/media?parent=36235"}],"wp:term":[{"taxonomy":"make_fuel_type","embeddable":true,"href":"https:\/\/com.rst-steel.eu\/sv\/wp-json\/wp\/v2\/make_fuel_type?post=36235"},{"taxonomy":"make_model","embeddable":true,"href":"https:\/\/com.rst-steel.eu\/sv\/wp-json\/wp\/v2\/make_model?post=36235"},{"taxonomy":"make_brand","embeddable":true,"href":"https:\/\/com.rst-steel.eu\/sv\/wp-json\/wp\/v2\/make_brand?post=36235"},{"taxonomy":"make_year","embeddable":true,"href":"https:\/\/com.rst-steel.eu\/sv\/wp-json\/wp\/v2\/make_year?post=36235"},{"taxonomy":"pwb-brand","embeddable":true,"href":"https:\/\/com.rst-steel.eu\/sv\/wp-json\/wp\/v2\/pwb-brand?post=36235"},{"taxonomy":"product_brand","embeddable":true,"href":"https:\/\/com.rst-steel.eu\/sv\/wp-json\/wp\/v2\/product_brand?post=36235"},{"taxonomy":"product_cat","embeddable":true,"href":"https:\/\/com.rst-steel.eu\/sv\/wp-json\/wp\/v2\/product_cat?post=36235"},{"taxonomy":"product_tag","embeddable":true,"href":"https:\/\/com.rst-steel.eu\/sv\/wp-json\/wp\/v2\/product_tag?post=36235"}],"curies":[{"name":"wp","href":"https:\/\/api.w.org\/{rel}","templated":true}]}}