{"id":36223,"date":"2023-02-01T17:02:17","date_gmt":"2023-02-01T14:02:17","guid":{"rendered":"https:\/\/rst-steel.fi-c.seravo.com\/product\/lazer-lisavalo-st8-evolution_pr_18663\/"},"modified":"2026-03-16T09:13:27","modified_gmt":"2026-03-16T06:13:27","slug":"lazer-st8-evolution-black_pr_18663","status":"publish","type":"product","link":"https:\/\/com.rst-steel.eu\/sv\/produkt\/lazer-st8-evolution-black_pr_18663\/","title":{"rendered":"Lazer ST8 EVOLUTION Extraljus"},"content":{"rendered":"<p>ST\/T Evolution-produkterna har h\u00f6geffektiva, premium \"bin\" 11W LED-lampor i kombination med vakuummetalliserad konisk optik f\u00f6r att ge en kraftfull ljusbild med bred spridning. Detta g\u00f6r produkterna s\u00e4rskilt v\u00e4l l\u00e4mpade f\u00f6r landsbygds- och offroad-applikationer. Med samma el- och produktdesign f\u00f6r b\u00e5de ST- och T-lampor anger de f\u00f6rstn\u00e4mnda lamporna som \u00e4r UNECE-certifierade enligt f\u00f6reskrift 112 som helljusstr\u00e5lkastare, medan de sistn\u00e4mnda anger de st\u00f6rre ljusramperna som inte \u00e4r certifierade och avsedda f\u00f6r terr\u00e4ngbruk som endast styrs via en oberoende str\u00f6mbrytare.<\/p>\n<ul>\n<li>&nbsp;<\/li>\n<\/ul>\n<p>Dessa LED-ljusramper, som finns i storlekar fr\u00e5n 124 mm (5\") ST2 till 1164 mm (46\") T28, \u00e4r mycket m\u00e5ngsidiga och har anv\u00e4nts i ett stort antal olika applikationer och fordonstyper sedan produkterna f\u00f6rst lanserades 2010. Sedan dess har serien omarbetats och f\u00e5tt ny design med den senaste och b\u00e4sta tekniken och en mer modern, s\u00f6ml\u00f6s design med l\u00e5g profil som g\u00f6r dem enklare att installera, mer motst\u00e5ndskraftiga mot smuts, sn\u00f6 och is och med en styling som garanterat kompletterar och f\u00f6rb\u00e4ttrar utseendet p\u00e5 moderna fordon.<\/p>\n<ul>\n<li>&nbsp;<\/li>\n<\/ul>\n<p>De h\u00f6geffektiva lysdioderna p\u00e5 11 W ger \u00f6verl\u00e4gsen belysningsprestanda, tillsammans med avancerad elektronisk design, sofistikerade v\u00e4rmesystem och ultrareflekterande vakuummetalliserade reflektorer som ger maximal ljusm\u00e4ngd d\u00e4r du beh\u00f6ver det: p\u00e5 v\u00e4gen eller stigen. Precis som alla Lazer-produkter \u00e4r lysdioderna noggrant utvalda med en f\u00e4rgtemperatur p\u00e5 5000k f\u00f6r att maximera sk\u00e4rpan och definitionen av din omgivning.<\/p>\n<ul>\n<li>&nbsp;<\/li>\n<\/ul>\n<p><strong>Produktens egenskaper:<\/strong><\/p>\n<ul>\n<li>H\u00f6g densitet, premium \"bin\" 11W LED-teknik<\/li>\n<li>5000K LED-f\u00e4rgtemperatur och 80CRI ger maximal sk\u00e4rpa och definition<\/li>\n<li>Ultra-reflekterande, vakuum-metalliserad konisk optik ger utm\u00e4rkt spridning<\/li>\n<li>S\u00f6ml\u00f6s design med l\u00e5g profil underl\u00e4ttar installationen och f\u00f6rhindrar ansamling av smuts\/is.<\/li>\n<li>Inneh\u00e5ller ett m\u00e5ngsidigt monteringssystem f\u00f6r \"Centre Mount\" samt integrerade funktioner f\u00f6r sidomontering (konsoler s\u00e4ljs separat)<\/li>\n<li>Elektroniskt v\u00e4rmehanteringssystem optimerar ljusfl\u00f6det f\u00f6r att bevara LED-lampornas livsl\u00e4ngd<\/li>\n<li>Anodiserad f\u00f6rbehandling och pulverlackering av fordonskvalitet f\u00f6r ultimat korrosions- och kemikalieskydd<\/li>\n<li>CAE-optimerad kylfl\u00e4ns ger f\u00f6rb\u00e4ttrad termisk dynamik<\/li>\n<li>Skyddad mot \u00f6versp\u00e4nning<\/li>\n<li>Skyddad mot omv\u00e4nd polaritet<\/li>\n<li>\"Okrossbar\" lins av polykarbonat med h\u00e5rdlackerad yta<\/li>\n<li>UNECE-godk\u00e4nda Reg 112 klass B-k\u00f6rljus f\u00f6r helljusfunktion p\u00e5 v\u00e4g<\/li>\n<li>UNECE godk\u00e4nd Reg 10<\/li>\n<li>IP67 vattent\u00e4t<\/li>\n<li>5 \u00e5rs garanti<\/li>\n<li>Levereras med f\u00f6rkontakterade 2-poliga Superseal-kontakter, hane\/female<\/li>\n<li>Designad och tillverkad i Storbritannien<\/li>\n<li>&nbsp;<\/li>\n<\/ul>\n<p>&nbsp;<\/p>\n<p><strong>Tekniska specifikationer<\/strong><\/p>\n<ul>\n<li>Sp\u00e4nningsintervall (DC): 10-32V<\/li>\n<li>Vikt: 1150 gr<\/li>\n<li>Totalt ljusfl\u00f6de: 8272 lm<\/li>\n<li>F\u00e4rgtemperatur: 5000k<\/li>\n<li>Antal lysdioder med h\u00f6g effekt: 8<\/li>\n<li>Effektf\u00f6rbrukning: 95 W<\/li>\n<li>Str\u00f6muttag (vid 14,4 V): 6,6 ampere<\/li>\n<li>IP67 vattent\u00e4t<\/li>\n<li>5 \u00e5rs garanti<\/li>\n<li>&nbsp;<\/li>\n<\/ul>\n<p><strong>M\u00c5TT:<\/strong><\/p>\n<ul>\n<li>&nbsp; &nbsp; Bredd: 364 mm<\/li>\n<li>&nbsp;&nbsp;&nbsp;&nbsp;Djup: 68 mm<\/li>\n<li>&nbsp;&nbsp;&nbsp;&nbsp;H\u00f6jd: 64 mm<\/li>\n<li>&nbsp;<\/li>\n<\/ul>\n<p><strong>FOTOMETRISKA DATA:<\/strong><\/p>\n<ul>\n<li>&nbsp; &nbsp; Horisontell str\u00e5lningsvinkel: 40 grader<\/li>\n<li>&nbsp; &nbsp; 0,25 lx Linje: 393 m<\/li>\n<li>&nbsp; &nbsp; 0,5 lx Linje: 278 m<\/li>\n<li>&nbsp;&nbsp;&nbsp;&nbsp;1 lx Linje: 393 m<\/li>\n<li>&nbsp;&nbsp;&nbsp;&nbsp;3 lx Line: 227 m<\/li>\n<li>&nbsp;<\/li>\n<\/ul>\n<p><strong>CERTIFIERING<\/strong><\/p>\n<ul>\n<li>Helljus: ECE R112<\/li>\n<li>ECE Referens: 17.5<\/li>\n<li>&nbsp;<\/li>\n<\/ul>\n<p><strong>Vad ing\u00e5r?&nbsp;<\/strong><\/p>\n<ul>\n<li>ST8 Evolution LED-str\u00e5lkastare<\/li>\n<li>2x Centrumf\u00e4ste<\/li>\n<li>Instruktioner f\u00f6r installation<\/li>\n<li>&nbsp;<\/li>\n<\/ul>","protected":false},"excerpt":{"rendered":"<p>5 \u00e5rs garanti!<\/p>","protected":false},"featured_media":36219,"comment_status":"open","ping_status":"closed","template":"","meta":{"_improvement_type_select":"improve_an_existing","_thumb_yes_seoaic":false,"_frame_yes_seoaic":false,"seoaic_generate_description":"","seoaic_improve_instructions_prompt":"","seoaic_rollback_content_improvement":"","seoaic_idea_thumbnail_generator":"","thumbnail_generated":false,"thumbnail_generate_prompt":"","seoaic_article_description":""},"make_fuel_type":[],"make_model":[],"make_brand":[],"make_year":[3748,6373],"pwb-brand":[8332],"product_brand":[],"product_cat":[6195,6209,6211,7208],"product_tag":[7551,6298,6365],"class_list":{"0":"post-36223","1":"product","2":"type-product","3":"status-publish","4":"has-post-thumbnail","6":"make_year-trucks","7":"make_year-van","8":"pwb-brand-brand_lazerlamps","9":"product_cat-lamps","10":"product_cat-auxiliary-lights","11":"product_cat-lazer-lamps-auxiliary-lights","12":"product_cat-rst-evo","13":"product_tag-extraljus","14":"product_tag-lazer-lamps","15":"product_tag-st-t-evolution","17":"first","18":"instock","19":"taxable","20":"shipping-taxable","21":"purchasable","22":"product-type-simple"},"yoast_head":"<!-- This site is optimized with the Yoast SEO plugin v25.7 - https:\/\/yoast.com\/wordpress\/plugins\/seo\/ -->\n<title>Lazer ST8 EVOLUTION, Black - RST-Steel<\/title>\n<meta name=\"robots\" content=\"index, follow, max-snippet:-1, max-image-preview:large, max-video-preview:-1\" \/>\n<link rel=\"canonical\" href=\"https:\/\/com.rst-steel.eu\/sv\/produkt\/lazer-st8-evolution-black_pr_18663\/\" \/>\n<meta property=\"og:locale\" content=\"sv_SE\" \/>\n<meta property=\"og:type\" content=\"article\" \/>\n<meta property=\"og:title\" content=\"Lazer ST8 EVOLUTION, Black - RST-Steel\" \/>\n<meta property=\"og:description\" content=\"5-Year Warranty!\" \/>\n<meta property=\"og:url\" content=\"https:\/\/com.rst-steel.eu\/sv\/produkt\/lazer-st8-evolution-black_pr_18663\/\" \/>\n<meta property=\"og:site_name\" content=\"RST-Steel\" \/>\n<meta property=\"article:publisher\" content=\"https:\/\/www.facebook.com\/rststeel\" \/>\n<meta property=\"article:modified_time\" content=\"2026-03-16T06:13:27+00:00\" \/>\n<meta property=\"og:image\" content=\"https:\/\/com.rst-steel.eu\/wp-content\/uploads\/2023\/02\/9061d227d4f0a51469da946d018723750dfde418_ST8_Straight_1000x750.jpg\" \/>\n\t<meta property=\"og:image:width\" content=\"1000\" \/>\n\t<meta property=\"og:image:height\" content=\"750\" \/>\n\t<meta property=\"og:image:type\" content=\"image\/jpeg\" \/>\n<meta name=\"twitter:card\" content=\"summary_large_image\" \/>\n<meta name=\"twitter:label1\" content=\"Ber\u00e4knad l\u00e4stid\" \/>\n\t<meta name=\"twitter:data1\" content=\"3 minuter\" \/>\n<script type=\"application\/ld+json\" class=\"yoast-schema-graph\">{\"@context\":\"https:\/\/schema.org\",\"@graph\":[{\"@type\":\"WebPage\",\"@id\":\"https:\/\/com.rst-steel.eu\/nb\/produkt\/lazer-st8-evolution-black_pr_18663\/\",\"url\":\"https:\/\/com.rst-steel.eu\/nb\/produkt\/lazer-st8-evolution-black_pr_18663\/\",\"name\":\"Lazer ST8 EVOLUTION, Black - RST-Steel\",\"isPartOf\":{\"@id\":\"https:\/\/com.rst-steel.eu\/#website\"},\"primaryImageOfPage\":{\"@id\":\"https:\/\/com.rst-steel.eu\/nb\/produkt\/lazer-st8-evolution-black_pr_18663\/#primaryimage\"},\"image\":{\"@id\":\"https:\/\/com.rst-steel.eu\/nb\/produkt\/lazer-st8-evolution-black_pr_18663\/#primaryimage\"},\"thumbnailUrl\":\"https:\/\/com.rst-steel.eu\/wp-content\/uploads\/2023\/02\/9061d227d4f0a51469da946d018723750dfde418_ST8_Straight_1000x750.jpg\",\"datePublished\":\"2023-02-01T14:02:17+00:00\",\"dateModified\":\"2026-03-16T06:13:27+00:00\",\"breadcrumb\":{\"@id\":\"https:\/\/com.rst-steel.eu\/nb\/produkt\/lazer-st8-evolution-black_pr_18663\/#breadcrumb\"},\"inLanguage\":\"sv-SE\",\"potentialAction\":[{\"@type\":\"ReadAction\",\"target\":[\"https:\/\/com.rst-steel.eu\/nb\/produkt\/lazer-st8-evolution-black_pr_18663\/\"]}]},{\"@type\":\"ImageObject\",\"inLanguage\":\"sv-SE\",\"@id\":\"https:\/\/com.rst-steel.eu\/nb\/produkt\/lazer-st8-evolution-black_pr_18663\/#primaryimage\",\"url\":\"https:\/\/com.rst-steel.eu\/wp-content\/uploads\/2023\/02\/9061d227d4f0a51469da946d018723750dfde418_ST8_Straight_1000x750.jpg\",\"contentUrl\":\"https:\/\/com.rst-steel.eu\/wp-content\/uploads\/2023\/02\/9061d227d4f0a51469da946d018723750dfde418_ST8_Straight_1000x750.jpg\",\"width\":1000,\"height\":750,\"caption\":\"Lazer ST8 EVOLUTION, Black\"},{\"@type\":\"BreadcrumbList\",\"@id\":\"https:\/\/com.rst-steel.eu\/nb\/produkt\/lazer-st8-evolution-black_pr_18663\/#breadcrumb\",\"itemListElement\":[{\"@type\":\"ListItem\",\"position\":1,\"name\":\"Home\",\"item\":\"https:\/\/com.rst-steel.eu\/\"},{\"@type\":\"ListItem\",\"position\":2,\"name\":\"RST-Steel Shop\",\"item\":\"https:\/\/com.rst-steel.eu\/shop\/\"},{\"@type\":\"ListItem\",\"position\":3,\"name\":\"Lazer ST8 EVOLUTION, Black\"}]},{\"@type\":\"WebSite\",\"@id\":\"https:\/\/com.rst-steel.eu\/#website\",\"url\":\"https:\/\/com.rst-steel.eu\/\",\"name\":\"RST-Steel.com\",\"description\":\"Finnish quality steel, for quality-conscious drivers\",\"publisher\":{\"@id\":\"https:\/\/com.rst-steel.eu\/#organization\"},\"alternateName\":\"Safe and stylish RST-Steel quality\",\"potentialAction\":[{\"@type\":\"SearchAction\",\"target\":{\"@type\":\"EntryPoint\",\"urlTemplate\":\"https:\/\/com.rst-steel.eu\/?s={search_term_string}\"},\"query-input\":{\"@type\":\"PropertyValueSpecification\",\"valueRequired\":true,\"valueName\":\"search_term_string\"}}],\"inLanguage\":\"sv-SE\"},{\"@type\":\"Organization\",\"@id\":\"https:\/\/com.rst-steel.eu\/#organization\",\"name\":\"RST-Steel Oy\",\"url\":\"https:\/\/com.rst-steel.eu\/\",\"logo\":{\"@type\":\"ImageObject\",\"inLanguage\":\"sv-SE\",\"@id\":\"https:\/\/com.rst-steel.eu\/#\/schema\/logo\/image\/\",\"url\":\"https:\/\/com.rst-steel.eu\/wp-content\/uploads\/2023\/04\/cropped-Rst-logo-valkoinen-teksti-3.png\",\"contentUrl\":\"https:\/\/com.rst-steel.eu\/wp-content\/uploads\/2023\/04\/cropped-Rst-logo-valkoinen-teksti-3.png\",\"width\":512,\"height\":115,\"caption\":\"RST-Steel Oy\"},\"image\":{\"@id\":\"https:\/\/com.rst-steel.eu\/#\/schema\/logo\/image\/\"},\"sameAs\":[\"https:\/\/www.facebook.com\/rststeel\",\"https:\/\/www.instagram.com\/rststeeloy\/\"]}]}<\/script>\n<!-- \/ Yoast SEO plugin. -->","yoast_head_json":{"title":"Lazer ST8 EVOLUTION, svart - RST-Steel","robots":{"index":"index","follow":"follow","max-snippet":"max-snippet:-1","max-image-preview":"max-image-preview:large","max-video-preview":"max-video-preview:-1"},"canonical":"https:\/\/com.rst-steel.eu\/sv\/produkt\/lazer-st8-evolution-black_pr_18663\/","og_locale":"sv_SE","og_type":"article","og_title":"Lazer ST8 EVOLUTION, Black - RST-Steel","og_description":"5-Year Warranty!","og_url":"https:\/\/com.rst-steel.eu\/sv\/produkt\/lazer-st8-evolution-black_pr_18663\/","og_site_name":"RST-Steel","article_publisher":"https:\/\/www.facebook.com\/rststeel","article_modified_time":"2026-03-16T06:13:27+00:00","og_image":[{"width":1000,"height":750,"url":"https:\/\/com.rst-steel.eu\/wp-content\/uploads\/2023\/02\/9061d227d4f0a51469da946d018723750dfde418_ST8_Straight_1000x750.jpg","type":"image\/jpeg"}],"twitter_card":"summary_large_image","twitter_misc":{"Ber\u00e4knad l\u00e4stid":"3 minuter"},"schema":{"@context":"https:\/\/schema.org","@graph":[{"@type":"WebPage","@id":"https:\/\/com.rst-steel.eu\/nb\/produkt\/lazer-st8-evolution-black_pr_18663\/","url":"https:\/\/com.rst-steel.eu\/nb\/produkt\/lazer-st8-evolution-black_pr_18663\/","name":"Lazer ST8 EVOLUTION, svart - RST-Steel","isPartOf":{"@id":"https:\/\/com.rst-steel.eu\/#website"},"primaryImageOfPage":{"@id":"https:\/\/com.rst-steel.eu\/nb\/produkt\/lazer-st8-evolution-black_pr_18663\/#primaryimage"},"image":{"@id":"https:\/\/com.rst-steel.eu\/nb\/produkt\/lazer-st8-evolution-black_pr_18663\/#primaryimage"},"thumbnailUrl":"https:\/\/com.rst-steel.eu\/wp-content\/uploads\/2023\/02\/9061d227d4f0a51469da946d018723750dfde418_ST8_Straight_1000x750.jpg","datePublished":"2023-02-01T14:02:17+00:00","dateModified":"2026-03-16T06:13:27+00:00","breadcrumb":{"@id":"https:\/\/com.rst-steel.eu\/nb\/produkt\/lazer-st8-evolution-black_pr_18663\/#breadcrumb"},"inLanguage":"sv-SE","potentialAction":[{"@type":"ReadAction","target":["https:\/\/com.rst-steel.eu\/nb\/produkt\/lazer-st8-evolution-black_pr_18663\/"]}]},{"@type":"ImageObject","inLanguage":"sv-SE","@id":"https:\/\/com.rst-steel.eu\/nb\/produkt\/lazer-st8-evolution-black_pr_18663\/#primaryimage","url":"https:\/\/com.rst-steel.eu\/wp-content\/uploads\/2023\/02\/9061d227d4f0a51469da946d018723750dfde418_ST8_Straight_1000x750.jpg","contentUrl":"https:\/\/com.rst-steel.eu\/wp-content\/uploads\/2023\/02\/9061d227d4f0a51469da946d018723750dfde418_ST8_Straight_1000x750.jpg","width":1000,"height":750,"caption":"Lazer ST8 EVOLUTION, Black"},{"@type":"BreadcrumbList","@id":"https:\/\/com.rst-steel.eu\/nb\/produkt\/lazer-st8-evolution-black_pr_18663\/#breadcrumb","itemListElement":[{"@type":"ListItem","position":1,"name":"Home","item":"https:\/\/com.rst-steel.eu\/"},{"@type":"ListItem","position":2,"name":"RST-Steel Shop","item":"https:\/\/com.rst-steel.eu\/shop\/"},{"@type":"ListItem","position":3,"name":"Lazer ST8 EVOLUTION, Black"}]},{"@type":"WebSite","@id":"https:\/\/com.rst-steel.eu\/#website","url":"https:\/\/com.rst-steel.eu\/","name":"RST-Stahl.com","description":"Finskt kvalitetsst\u00e5l, f\u00f6r kvalitetsmedvetna f\u00f6rare","publisher":{"@id":"https:\/\/com.rst-steel.eu\/#organization"},"alternateName":"Safe and stylish RST-Steel quality","potentialAction":[{"@type":"SearchAction","target":{"@type":"EntryPoint","urlTemplate":"https:\/\/com.rst-steel.eu\/?s={search_term_string}"},"query-input":{"@type":"PropertyValueSpecification","valueRequired":true,"valueName":"search_term_string"}}],"inLanguage":"sv-SE"},{"@type":"Organization","@id":"https:\/\/com.rst-steel.eu\/#organization","name":"RST-Steel Oy","url":"https:\/\/com.rst-steel.eu\/","logo":{"@type":"ImageObject","inLanguage":"sv-SE","@id":"https:\/\/com.rst-steel.eu\/#\/schema\/logo\/image\/","url":"https:\/\/com.rst-steel.eu\/wp-content\/uploads\/2023\/04\/cropped-Rst-logo-valkoinen-teksti-3.png","contentUrl":"https:\/\/com.rst-steel.eu\/wp-content\/uploads\/2023\/04\/cropped-Rst-logo-valkoinen-teksti-3.png","width":512,"height":115,"caption":"RST-Steel Oy"},"image":{"@id":"https:\/\/com.rst-steel.eu\/#\/schema\/logo\/image\/"},"sameAs":["https:\/\/www.facebook.com\/rststeel","https:\/\/www.instagram.com\/rststeeloy\/"]}]}},"brands":[{"id":8332,"name":"Lazer Lamps","slug":"brand_lazerlamps"}],"_links":{"self":[{"href":"https:\/\/com.rst-steel.eu\/sv\/wp-json\/wp\/v2\/product\/36223","targetHints":{"allow":["GET"]}}],"collection":[{"href":"https:\/\/com.rst-steel.eu\/sv\/wp-json\/wp\/v2\/product"}],"about":[{"href":"https:\/\/com.rst-steel.eu\/sv\/wp-json\/wp\/v2\/types\/product"}],"replies":[{"embeddable":true,"href":"https:\/\/com.rst-steel.eu\/sv\/wp-json\/wp\/v2\/comments?post=36223"}],"version-history":[{"count":0,"href":"https:\/\/com.rst-steel.eu\/sv\/wp-json\/wp\/v2\/product\/36223\/revisions"}],"wp:featuredmedia":[{"embeddable":true,"href":"https:\/\/com.rst-steel.eu\/sv\/wp-json\/wp\/v2\/media\/36219"}],"wp:attachment":[{"href":"https:\/\/com.rst-steel.eu\/sv\/wp-json\/wp\/v2\/media?parent=36223"}],"wp:term":[{"taxonomy":"make_fuel_type","embeddable":true,"href":"https:\/\/com.rst-steel.eu\/sv\/wp-json\/wp\/v2\/make_fuel_type?post=36223"},{"taxonomy":"make_model","embeddable":true,"href":"https:\/\/com.rst-steel.eu\/sv\/wp-json\/wp\/v2\/make_model?post=36223"},{"taxonomy":"make_brand","embeddable":true,"href":"https:\/\/com.rst-steel.eu\/sv\/wp-json\/wp\/v2\/make_brand?post=36223"},{"taxonomy":"make_year","embeddable":true,"href":"https:\/\/com.rst-steel.eu\/sv\/wp-json\/wp\/v2\/make_year?post=36223"},{"taxonomy":"pwb-brand","embeddable":true,"href":"https:\/\/com.rst-steel.eu\/sv\/wp-json\/wp\/v2\/pwb-brand?post=36223"},{"taxonomy":"product_brand","embeddable":true,"href":"https:\/\/com.rst-steel.eu\/sv\/wp-json\/wp\/v2\/product_brand?post=36223"},{"taxonomy":"product_cat","embeddable":true,"href":"https:\/\/com.rst-steel.eu\/sv\/wp-json\/wp\/v2\/product_cat?post=36223"},{"taxonomy":"product_tag","embeddable":true,"href":"https:\/\/com.rst-steel.eu\/sv\/wp-json\/wp\/v2\/product_tag?post=36223"}],"curies":[{"name":"wp","href":"https:\/\/api.w.org\/{rel}","templated":true}]}}