{"id":34716,"date":"2023-01-25T10:02:18","date_gmt":"2023-01-25T07:02:18","guid":{"rendered":"https:\/\/rst-steel.fi-c.seravo.com\/shop\/uncategorized\/bullbar-freeway-volvo-fm-2021-_prm_66322\/"},"modified":"2026-03-16T09:15:30","modified_gmt":"2026-03-16T06:15:30","slug":"bullbar-freeway-volvo-fm-2021-legalpro_prm_66322","status":"publish","type":"product","link":"https:\/\/com.rst-steel.eu\/sv\/produkt\/bullbar-freeway-volvo-fm-2021-legalpro_prm_66322\/","title":{"rendered":"Bullbar Freeway Volvo FM 2021- (LegalPro)"},"content":{"rendered":"<h2 data-start=\"170\" data-end=\"182\">Egenskaper:<\/h2>\n<ul>\n<li><strong data-start=\"184\" data-end=\"202\">Kompatibilitet:<\/strong> Perfectly fits Volvo FM 2021\u2013 models.<\/li>\n<li>\n<strong data-start=\"243\" data-end=\"258\">H\u00e5llbarhet:<\/strong> Made from high-quality stainless steel, designed to withstand the toughest conditions.<\/li>\n<li>\n<strong data-start=\"348\" data-end=\"370\">Enkel installation:<\/strong> Includes installation instructions and mounting hardware, ensuring you can install the bull bar yourself.<\/li>\n<li>\n<strong data-start=\"479\" data-end=\"502\">Snyggt utseende:<\/strong> This bull bar gives your vehicle a modern and dynamic look. Its sleek design and polished or painted steel finish make your truck stand out and look impressive.<\/li>\n<li>\n<strong data-start=\"666\" data-end=\"689\">Maximalt skydd:<\/strong> The bull bar provides effective protection for the front of your vehicle, safeguarding it from collisions and damage. This reduces the risk of costly repairs and helps keep your truck in excellent condition for longer.<\/li>\n<\/ul>\n<ul>\n<li><\/li>\n<\/ul>\n<h3 data-start=\"915\" data-end=\"1001\">Obs!<span style=\"font-weight: normal\"> I and J model bull bars comply with the following international regulations:<\/span><\/h3>\n<ul>\n<li><span style=\"font-weight: bold\">Swedish Transport Agency TSFS 2017:10<\/span><\/li>\n<li><span style=\"font-weight: bold\"><br \/>\nEU Directive 92\/114\/EEC<\/span><\/li>\n<li><span style=\"font-weight: bold\"><br \/>\nECE Regulation No. 61<\/span><\/li>\n<li><span style=\"font-weight: bold\"><br \/><\/span><\/li>\n<\/ul>\n<p data-start=\"1094\" data-end=\"1249\">Based on these approvals, the bull bars have received official road traffic certification and can be legally used in all EU countries as well as in Norway.<\/p>\n<p data-start=\"1251\" data-end=\"1470\"><strong data-start=\"1251\" data-end=\"1303\">What does a road traffic-approved bull bar mean?<\/strong><br data-start=\"1303\" data-end=\"1306\"><br \/>\nA road traffic-approved bull bar means the product is<span style=\"font-weight: bold\"> fully approved for road use in Europe and Norway<\/span> and can remain installed on the vehicle during inspections.<\/p>\n<ul>\n<li><\/li>\n<\/ul>\n<p data-start=\"1514\" data-end=\"1599\">RST-Steel\u2019s bull bars are premium <span style=\"font-weight: bold\">Finnish-made<\/span> products crafted from stainless steel.<\/p>\n<p data-start=\"1601\" data-end=\"1819\">The bull bar protects the front of the truck in potential collision situations. It gives your vehicle a robust and stylish appearance, draws attention, and can spark admiration\u2014helping you and your company stand out.<\/p>\n<p data-start=\"1821\" data-end=\"1973\">The bull bar can be equipped with auxiliary and position lights to improve visibility in traffic, increasing safety for both you and other road users.<\/p>\n<ul>\n<li><\/li>\n<\/ul>\n<p data-start=\"1975\" data-end=\"2064\">The bull bar is designed for quick and easy removal, for example during maintenance work.<\/p>\n<ul>\n<li><\/li>\n<\/ul>\n<h2 data-start=\"2071\" data-end=\"2095\">Varf\u00f6r v\u00e4lja RST-Steel?<\/h2>\n<ul>\n<li><strong data-start=\"2097\" data-end=\"2113\">Tillf\u00f6rlitlighet:<\/strong> M\u00e5nga \u00e5rs erfarenhet och expertis s\u00e4kerst\u00e4ller v\u00e5ra produkters h\u00f6ga kvalitet och h\u00e5llbarhet.<\/li>\n<li>\n<strong data-start=\"2206\" data-end=\"2232\">Kundn\u00f6jdhet:<\/strong> Tusentals n\u00f6jda kunder v\u00e4rlden \u00f6ver litar p\u00e5 RST-Steels produkter.<\/li>\n<\/ul>\n<ul>\n<li><\/li>\n<\/ul>\n<h2 data-start=\"2308\" data-end=\"2336\">Tekniska specifikationer<\/h2>\n<ul>\n<li><strong data-start=\"2338\" data-end=\"2348\">F\u00e4rg:<\/strong> Mirror-polished stainless steel or powder-coated in RAL standard colors<\/li>\n<li>\n<strong data-start=\"2423\" data-end=\"2441\">R\u00f6rets diameter:<\/strong> 60 mm<\/li>\n<li><\/li>\n<\/ul>\n<p><a href=\"https:\/\/www.youtube.com\/watch?v=G2FVajPh-pM\"><strong>BULLBAR WIRING KIT INSTALLATION VIDEO IS HERE<\/strong><\/a><\/p>\n<h2 data-start=\"2456\" data-end=\"2476\">Paketet inneh\u00e5ller:<\/h2>\n<ul data-start=\"2478\" data-end=\"2568\">\n<li data-start=\"2478\" data-end=\"2490\">\n<p data-start=\"2480\" data-end=\"2490\">Frontskydd<\/p>\n<\/li>\n<li data-start=\"2491\" data-end=\"2538\">\n<p data-start=\"2493\" data-end=\"2538\">Monteringsf\u00e4sten som kr\u00e4vs f\u00f6r installation<\/p>\n<\/li>\n<li data-start=\"2539\" data-end=\"2568\">\n<p data-start=\"2541\" data-end=\"2568\">Instruktioner f\u00f6r installation<\/p>\n<ul>\n<li><\/li>\n<\/ul>\n<\/li>\n<\/ul>\n<p data-start=\"2570\" data-end=\"2628\"><span style=\"font-weight: bold\">K\u00f6p nu och skydda din lastbil p\u00e5 b\u00e4sta m\u00f6jliga s\u00e4tt!<\/span><\/p>","protected":false},"excerpt":{"rendered":"<p><span style=\"font-weight: bold\">Skydda din lastbil p\u00e5 b\u00e4sta m\u00f6jliga s\u00e4tt!<\/span><\/p>","protected":false},"featured_media":120668,"comment_status":"open","ping_status":"closed","template":"","meta":{"_improvement_type_select":"improve_an_existing","_thumb_yes_seoaic":false,"_frame_yes_seoaic":false,"seoaic_generate_description":"","seoaic_improve_instructions_prompt":"","seoaic_rollback_content_improvement":"","seoaic_idea_thumbnail_generator":"","thumbnail_generated":false,"thumbnail_generate_prompt":"","seoaic_article_description":""},"make_fuel_type":[],"make_model":[5637,5295],"make_brand":[3745],"make_year":[3748],"pwb-brand":[8334],"product_brand":[],"product_cat":[6280,7158],"product_tag":[6683],"class_list":{"0":"post-34716","1":"product","2":"type-product","3":"status-publish","4":"has-post-thumbnail","6":"make_engine-normal-cab","7":"make_engine-globetrotter","8":"make_engine-globetrotter-xl-cab","9":"make_model-fh-2021","10":"make_model-volvo-fm-2021","11":"make_brand-volvo","12":"make_year-trucks","13":"pwb-brand-brand_rststeel","14":"product_cat-bullbars","15":"product_cat-volvo-ka-kk","16":"product_tag-frontskydd","17":"product_shipping_class-bullbars","19":"first","20":"onbackorder","21":"taxable","22":"shipping-taxable","23":"purchasable","24":"product-type-variable"},"yoast_head":"<!-- This site is optimized with the Yoast SEO plugin v25.7 - https:\/\/yoast.com\/wordpress\/plugins\/seo\/ -->\n<title>Bullbar Freeway Volvo FM 2021- (LegalPro) RST-Steel<\/title>\n<meta name=\"description\" content=\"Bull Bar Freeway Volvo FM 2021- and FH 2021- models. RST-Steel&#039;s bull bars are high-qualityproducts made of stainless steel. Several model options available\" \/>\n<meta name=\"robots\" content=\"index, follow, max-snippet:-1, max-image-preview:large, max-video-preview:-1\" \/>\n<link rel=\"canonical\" href=\"https:\/\/com.rst-steel.eu\/sv\/produkt\/bullbar-freeway-volvo-fm-2021-legalpro_prm_66322\/\" \/>\n<meta property=\"og:locale\" content=\"sv_SE\" \/>\n<meta property=\"og:type\" content=\"article\" \/>\n<meta property=\"og:title\" content=\"Bullbar Freeway Volvo FM 2021- (LegalPro) RST-Steel\" \/>\n<meta property=\"og:description\" content=\"Bull Bar Freeway Volvo FM 2021- and FH 2021- models. RST-Steel&#039;s bull bars are high-qualityproducts made of stainless steel. Several model options available\" \/>\n<meta property=\"og:url\" content=\"https:\/\/com.rst-steel.eu\/sv\/produkt\/bullbar-freeway-volvo-fm-2021-legalpro_prm_66322\/\" \/>\n<meta property=\"og:site_name\" content=\"RST-Steel\" \/>\n<meta property=\"article:publisher\" content=\"https:\/\/www.facebook.com\/rststeel\" \/>\n<meta property=\"article:modified_time\" content=\"2026-03-16T06:15:30+00:00\" \/>\n<meta property=\"og:image\" content=\"https:\/\/com.rst-steel.eu\/wp-content\/uploads\/2026\/01\/73fa04383e0c07ffeb20f3a2bfe794a19d4e8c10_VO0113.jpg\" \/>\n\t<meta property=\"og:image:width\" content=\"2048\" \/>\n\t<meta property=\"og:image:height\" content=\"2048\" \/>\n\t<meta property=\"og:image:type\" content=\"image\/jpeg\" \/>\n<meta name=\"twitter:card\" content=\"summary_large_image\" \/>\n<meta name=\"twitter:label1\" content=\"Ber\u00e4knad l\u00e4stid\" \/>\n\t<meta name=\"twitter:data1\" content=\"2 minuter\" \/>\n<script type=\"application\/ld+json\" class=\"yoast-schema-graph\">{\"@context\":\"https:\/\/schema.org\",\"@graph\":[{\"@type\":\"WebPage\",\"@id\":\"https:\/\/com.rst-steel.eu\/nb\/produkt\/bullbar-freeway-volvo-fm-2021-legalpro_prm_66322\/\",\"url\":\"https:\/\/com.rst-steel.eu\/nb\/produkt\/bullbar-freeway-volvo-fm-2021-legalpro_prm_66322\/\",\"name\":\"Bullbar Freeway Volvo FM 2021- (LegalPro) RST-Steel\",\"isPartOf\":{\"@id\":\"https:\/\/com.rst-steel.eu\/#website\"},\"primaryImageOfPage\":{\"@id\":\"https:\/\/com.rst-steel.eu\/nb\/produkt\/bullbar-freeway-volvo-fm-2021-legalpro_prm_66322\/#primaryimage\"},\"image\":{\"@id\":\"https:\/\/com.rst-steel.eu\/nb\/produkt\/bullbar-freeway-volvo-fm-2021-legalpro_prm_66322\/#primaryimage\"},\"thumbnailUrl\":\"https:\/\/com.rst-steel.eu\/wp-content\/uploads\/2026\/01\/73fa04383e0c07ffeb20f3a2bfe794a19d4e8c10_VO0113.jpg\",\"datePublished\":\"2023-01-25T07:02:18+00:00\",\"dateModified\":\"2026-03-16T06:15:30+00:00\",\"description\":\"Bull Bar Freeway Volvo FM 2021- and FH 2021- models. RST-Steel's bull bars are high-qualityproducts made of stainless steel. Several model options available\",\"breadcrumb\":{\"@id\":\"https:\/\/com.rst-steel.eu\/nb\/produkt\/bullbar-freeway-volvo-fm-2021-legalpro_prm_66322\/#breadcrumb\"},\"inLanguage\":\"sv-SE\",\"potentialAction\":[{\"@type\":\"ReadAction\",\"target\":[\"https:\/\/com.rst-steel.eu\/nb\/produkt\/bullbar-freeway-volvo-fm-2021-legalpro_prm_66322\/\"]}]},{\"@type\":\"ImageObject\",\"inLanguage\":\"sv-SE\",\"@id\":\"https:\/\/com.rst-steel.eu\/nb\/produkt\/bullbar-freeway-volvo-fm-2021-legalpro_prm_66322\/#primaryimage\",\"url\":\"https:\/\/com.rst-steel.eu\/wp-content\/uploads\/2026\/01\/73fa04383e0c07ffeb20f3a2bfe794a19d4e8c10_VO0113.jpg\",\"contentUrl\":\"https:\/\/com.rst-steel.eu\/wp-content\/uploads\/2026\/01\/73fa04383e0c07ffeb20f3a2bfe794a19d4e8c10_VO0113.jpg\",\"width\":2048,\"height\":2048,\"caption\":\"Bull Bar Freeway Volvo FM 2021- (LegalPro)\"},{\"@type\":\"BreadcrumbList\",\"@id\":\"https:\/\/com.rst-steel.eu\/nb\/produkt\/bullbar-freeway-volvo-fm-2021-legalpro_prm_66322\/#breadcrumb\",\"itemListElement\":[{\"@type\":\"ListItem\",\"position\":1,\"name\":\"Home\",\"item\":\"https:\/\/com.rst-steel.eu\/\"},{\"@type\":\"ListItem\",\"position\":2,\"name\":\"RST-Steel Shop\",\"item\":\"https:\/\/com.rst-steel.eu\/shop\/\"},{\"@type\":\"ListItem\",\"position\":3,\"name\":\"Bullbar Freeway Volvo FM 2021- (LegalPro)\"}]},{\"@type\":\"WebSite\",\"@id\":\"https:\/\/com.rst-steel.eu\/#website\",\"url\":\"https:\/\/com.rst-steel.eu\/\",\"name\":\"RST-Steel.com\",\"description\":\"Finnish quality steel, for quality-conscious drivers\",\"publisher\":{\"@id\":\"https:\/\/com.rst-steel.eu\/#organization\"},\"alternateName\":\"Safe and stylish RST-Steel quality\",\"potentialAction\":[{\"@type\":\"SearchAction\",\"target\":{\"@type\":\"EntryPoint\",\"urlTemplate\":\"https:\/\/com.rst-steel.eu\/?s={search_term_string}\"},\"query-input\":{\"@type\":\"PropertyValueSpecification\",\"valueRequired\":true,\"valueName\":\"search_term_string\"}}],\"inLanguage\":\"sv-SE\"},{\"@type\":\"Organization\",\"@id\":\"https:\/\/com.rst-steel.eu\/#organization\",\"name\":\"RST-Steel Oy\",\"url\":\"https:\/\/com.rst-steel.eu\/\",\"logo\":{\"@type\":\"ImageObject\",\"inLanguage\":\"sv-SE\",\"@id\":\"https:\/\/com.rst-steel.eu\/#\/schema\/logo\/image\/\",\"url\":\"https:\/\/com.rst-steel.eu\/wp-content\/uploads\/2023\/04\/cropped-Rst-logo-valkoinen-teksti-3.png\",\"contentUrl\":\"https:\/\/com.rst-steel.eu\/wp-content\/uploads\/2023\/04\/cropped-Rst-logo-valkoinen-teksti-3.png\",\"width\":512,\"height\":115,\"caption\":\"RST-Steel Oy\"},\"image\":{\"@id\":\"https:\/\/com.rst-steel.eu\/#\/schema\/logo\/image\/\"},\"sameAs\":[\"https:\/\/www.facebook.com\/rststeel\",\"https:\/\/www.instagram.com\/rststeeloy\/\"]}]}<\/script>\n<!-- \/ Yoast SEO plugin. -->","yoast_head_json":{"title":"Bullbar Freeway Volvo FM 2021- (LegalPro) RST-Steel","description":"Bull Bar Freeway Volvo FM 2021- och FH 2021- modeller. RST-Steel:s bull bars \u00e4r h\u00f6gkvalitativa produkter tillverkade av rostfritt st\u00e5l. Flera modellalternativ tillg\u00e4ngliga","robots":{"index":"index","follow":"follow","max-snippet":"max-snippet:-1","max-image-preview":"max-image-preview:large","max-video-preview":"max-video-preview:-1"},"canonical":"https:\/\/com.rst-steel.eu\/sv\/produkt\/bullbar-freeway-volvo-fm-2021-legalpro_prm_66322\/","og_locale":"sv_SE","og_type":"article","og_title":"Bullbar Freeway Volvo FM 2021- (LegalPro) RST-Steel","og_description":"Bull Bar Freeway Volvo FM 2021- and FH 2021- models. RST-Steel's bull bars are high-qualityproducts made of stainless steel. Several model options available","og_url":"https:\/\/com.rst-steel.eu\/sv\/produkt\/bullbar-freeway-volvo-fm-2021-legalpro_prm_66322\/","og_site_name":"RST-Steel","article_publisher":"https:\/\/www.facebook.com\/rststeel","article_modified_time":"2026-03-16T06:15:30+00:00","og_image":[{"width":2048,"height":2048,"url":"https:\/\/com.rst-steel.eu\/wp-content\/uploads\/2026\/01\/73fa04383e0c07ffeb20f3a2bfe794a19d4e8c10_VO0113.jpg","type":"image\/jpeg"}],"twitter_card":"summary_large_image","twitter_misc":{"Ber\u00e4knad l\u00e4stid":"2 minuter"},"schema":{"@context":"https:\/\/schema.org","@graph":[{"@type":"WebPage","@id":"https:\/\/com.rst-steel.eu\/nb\/produkt\/bullbar-freeway-volvo-fm-2021-legalpro_prm_66322\/","url":"https:\/\/com.rst-steel.eu\/nb\/produkt\/bullbar-freeway-volvo-fm-2021-legalpro_prm_66322\/","name":"Bullbar Freeway Volvo FM 2021- (LegalPro) RST-Steel","isPartOf":{"@id":"https:\/\/com.rst-steel.eu\/#website"},"primaryImageOfPage":{"@id":"https:\/\/com.rst-steel.eu\/nb\/produkt\/bullbar-freeway-volvo-fm-2021-legalpro_prm_66322\/#primaryimage"},"image":{"@id":"https:\/\/com.rst-steel.eu\/nb\/produkt\/bullbar-freeway-volvo-fm-2021-legalpro_prm_66322\/#primaryimage"},"thumbnailUrl":"https:\/\/com.rst-steel.eu\/wp-content\/uploads\/2026\/01\/73fa04383e0c07ffeb20f3a2bfe794a19d4e8c10_VO0113.jpg","datePublished":"2023-01-25T07:02:18+00:00","dateModified":"2026-03-16T06:15:30+00:00","description":"Bull Bar Freeway Volvo FM 2021- och FH 2021- modeller. RST-Steel:s bull bars \u00e4r h\u00f6gkvalitativa produkter tillverkade av rostfritt st\u00e5l. Flera modellalternativ tillg\u00e4ngliga","breadcrumb":{"@id":"https:\/\/com.rst-steel.eu\/nb\/produkt\/bullbar-freeway-volvo-fm-2021-legalpro_prm_66322\/#breadcrumb"},"inLanguage":"sv-SE","potentialAction":[{"@type":"ReadAction","target":["https:\/\/com.rst-steel.eu\/nb\/produkt\/bullbar-freeway-volvo-fm-2021-legalpro_prm_66322\/"]}]},{"@type":"ImageObject","inLanguage":"sv-SE","@id":"https:\/\/com.rst-steel.eu\/nb\/produkt\/bullbar-freeway-volvo-fm-2021-legalpro_prm_66322\/#primaryimage","url":"https:\/\/com.rst-steel.eu\/wp-content\/uploads\/2026\/01\/73fa04383e0c07ffeb20f3a2bfe794a19d4e8c10_VO0113.jpg","contentUrl":"https:\/\/com.rst-steel.eu\/wp-content\/uploads\/2026\/01\/73fa04383e0c07ffeb20f3a2bfe794a19d4e8c10_VO0113.jpg","width":2048,"height":2048,"caption":"Bull Bar Freeway Volvo FM 2021- (LegalPro)"},{"@type":"BreadcrumbList","@id":"https:\/\/com.rst-steel.eu\/nb\/produkt\/bullbar-freeway-volvo-fm-2021-legalpro_prm_66322\/#breadcrumb","itemListElement":[{"@type":"ListItem","position":1,"name":"Home","item":"https:\/\/com.rst-steel.eu\/"},{"@type":"ListItem","position":2,"name":"RST-Steel Shop","item":"https:\/\/com.rst-steel.eu\/shop\/"},{"@type":"ListItem","position":3,"name":"Bullbar Freeway Volvo FM 2021- (LegalPro)"}]},{"@type":"WebSite","@id":"https:\/\/com.rst-steel.eu\/#website","url":"https:\/\/com.rst-steel.eu\/","name":"RST-Stahl.com","description":"Finskt kvalitetsst\u00e5l, f\u00f6r kvalitetsmedvetna f\u00f6rare","publisher":{"@id":"https:\/\/com.rst-steel.eu\/#organization"},"alternateName":"Safe and stylish RST-Steel quality","potentialAction":[{"@type":"SearchAction","target":{"@type":"EntryPoint","urlTemplate":"https:\/\/com.rst-steel.eu\/?s={search_term_string}"},"query-input":{"@type":"PropertyValueSpecification","valueRequired":true,"valueName":"search_term_string"}}],"inLanguage":"sv-SE"},{"@type":"Organization","@id":"https:\/\/com.rst-steel.eu\/#organization","name":"RST-Steel Oy","url":"https:\/\/com.rst-steel.eu\/","logo":{"@type":"ImageObject","inLanguage":"sv-SE","@id":"https:\/\/com.rst-steel.eu\/#\/schema\/logo\/image\/","url":"https:\/\/com.rst-steel.eu\/wp-content\/uploads\/2023\/04\/cropped-Rst-logo-valkoinen-teksti-3.png","contentUrl":"https:\/\/com.rst-steel.eu\/wp-content\/uploads\/2023\/04\/cropped-Rst-logo-valkoinen-teksti-3.png","width":512,"height":115,"caption":"RST-Steel Oy"},"image":{"@id":"https:\/\/com.rst-steel.eu\/#\/schema\/logo\/image\/"},"sameAs":["https:\/\/www.facebook.com\/rststeel","https:\/\/www.instagram.com\/rststeeloy\/"]}]}},"brands":[{"id":8334,"name":"RST-Steel","slug":"brand_rststeel"}],"_links":{"self":[{"href":"https:\/\/com.rst-steel.eu\/sv\/wp-json\/wp\/v2\/product\/34716","targetHints":{"allow":["GET"]}}],"collection":[{"href":"https:\/\/com.rst-steel.eu\/sv\/wp-json\/wp\/v2\/product"}],"about":[{"href":"https:\/\/com.rst-steel.eu\/sv\/wp-json\/wp\/v2\/types\/product"}],"replies":[{"embeddable":true,"href":"https:\/\/com.rst-steel.eu\/sv\/wp-json\/wp\/v2\/comments?post=34716"}],"version-history":[{"count":0,"href":"https:\/\/com.rst-steel.eu\/sv\/wp-json\/wp\/v2\/product\/34716\/revisions"}],"wp:featuredmedia":[{"embeddable":true,"href":"https:\/\/com.rst-steel.eu\/sv\/wp-json\/wp\/v2\/media\/120668"}],"wp:attachment":[{"href":"https:\/\/com.rst-steel.eu\/sv\/wp-json\/wp\/v2\/media?parent=34716"}],"wp:term":[{"taxonomy":"make_fuel_type","embeddable":true,"href":"https:\/\/com.rst-steel.eu\/sv\/wp-json\/wp\/v2\/make_fuel_type?post=34716"},{"taxonomy":"make_model","embeddable":true,"href":"https:\/\/com.rst-steel.eu\/sv\/wp-json\/wp\/v2\/make_model?post=34716"},{"taxonomy":"make_brand","embeddable":true,"href":"https:\/\/com.rst-steel.eu\/sv\/wp-json\/wp\/v2\/make_brand?post=34716"},{"taxonomy":"make_year","embeddable":true,"href":"https:\/\/com.rst-steel.eu\/sv\/wp-json\/wp\/v2\/make_year?post=34716"},{"taxonomy":"pwb-brand","embeddable":true,"href":"https:\/\/com.rst-steel.eu\/sv\/wp-json\/wp\/v2\/pwb-brand?post=34716"},{"taxonomy":"product_brand","embeddable":true,"href":"https:\/\/com.rst-steel.eu\/sv\/wp-json\/wp\/v2\/product_brand?post=34716"},{"taxonomy":"product_cat","embeddable":true,"href":"https:\/\/com.rst-steel.eu\/sv\/wp-json\/wp\/v2\/product_cat?post=34716"},{"taxonomy":"product_tag","embeddable":true,"href":"https:\/\/com.rst-steel.eu\/sv\/wp-json\/wp\/v2\/product_tag?post=34716"}],"curies":[{"name":"wp","href":"https:\/\/api.w.org\/{rel}","templated":true}]}}