{"id":122823,"date":"2026-03-12T14:33:48","date_gmt":"2026-03-12T11:33:48","guid":{"rendered":"https:\/\/rst-steel.com\/product\/ozz-rw2-peruutus-varoitusvalo_pr_96159\/"},"modified":"2026-03-16T09:20:41","modified_gmt":"2026-03-16T06:20:41","slug":"ozz-rw2-reverse-warning-light_pr_96159","status":"publish","type":"product","link":"https:\/\/com.rst-steel.eu\/sv\/produkt\/ozz-rw2-reverse-warning-light_pr_96159\/","title":{"rendered":"OZZ RW2 Reverse\/Warning Light"},"content":{"rendered":"<p><span style=\"font-weight: bold;\">OZZ RW2 Reverse\/Warning Light<\/span><\/p>\n<p>Slim LED light featuring a reverse light and an amber warning light. The integrated warning function includes both day and night modes, adapting to different lighting conditions without compromising performance. It can also be synchronized with up to eight units.<\/p>\n<ul>\n<li><\/li>\n<\/ul>\n<p><span style=\"font-weight: bold;\">Tekniska specifikationer<\/span><\/p>\n<ul>\n<li>Operating voltage: 10\u201330 V<\/li>\n<li>Power: 16 W<\/li>\n<li>Warning light: Double flash<\/li>\n<li>IP rating: IP68 \/ IP69K<\/li>\n<li>Cable and connector: 1000 mm (800 + 200) DT2 cable, 2 loose wires<\/li>\n<li>Approvals: ECE R148, R65 Class 1 &amp; 2, R10<\/li>\n<li>E-approved<\/li>\n<li>Warranty: 3 years<\/li>\n<li><\/li>\n<\/ul>\n<p><span style=\"font-weight: bold;\">Dimensioner:<\/span><\/p>\n<ul>\n<li>Height: 21.5 mm<\/li>\n<li>Width: 111 mm<\/li>\n<li>Depth: 45 mm<\/li>\n<\/ul>","protected":false},"excerpt":{"rendered":"<p>OZZ RW2 \u2013 slim reverse and warning light, bright and versatile.<\/p>","protected":false},"featured_media":122818,"comment_status":"open","ping_status":"closed","template":"","meta":{"_improvement_type_select":"improve_an_existing","_thumb_yes_seoaic":false,"_frame_yes_seoaic":false,"seoaic_generate_description":"","seoaic_improve_instructions_prompt":"","seoaic_rollback_content_improvement":"","seoaic_idea_thumbnail_generator":"","thumbnail_generated":false,"thumbnail_generate_prompt":"","seoaic_article_description":""},"make_fuel_type":[],"make_model":[],"make_brand":[],"make_year":[],"pwb-brand":[8337],"product_brand":[],"product_cat":[8232,8231,6195],"product_tag":[8498,8495],"class_list":{"0":"post-122823","1":"product","2":"type-product","3":"status-publish","4":"has-post-thumbnail","6":"pwb-brand-brand_ozz","7":"product_cat-led-tail-lights","8":"product_cat-tail-lights","9":"product_cat-lamps","10":"product_tag-auxiliary-light","11":"product_tag-ozz","13":"first","14":"onbackorder","15":"taxable","16":"shipping-taxable","17":"purchasable","18":"product-type-simple"},"yoast_head":"<!-- This site is optimized with the Yoast SEO plugin v25.7 - https:\/\/yoast.com\/wordpress\/plugins\/seo\/ -->\n<title>OZZ RW2 Reverse\/Warning Light - RST-Steel<\/title>\n<meta name=\"description\" content=\"OZZ RW2 Reverse\/Warning Light \u2013 bright and durable LED vehicle light. Enhances visibility and safety when reversing or signaling, easy to install.\" \/>\n<meta name=\"robots\" content=\"index, follow, max-snippet:-1, max-image-preview:large, max-video-preview:-1\" \/>\n<link rel=\"canonical\" href=\"https:\/\/com.rst-steel.eu\/sv\/produkt\/ozz-rw2-reverse-warning-light_pr_96159\/\" \/>\n<meta property=\"og:locale\" content=\"sv_SE\" \/>\n<meta property=\"og:type\" content=\"article\" \/>\n<meta property=\"og:title\" content=\"OZZ RW2 Reverse\/Warning Light - RST-Steel\" \/>\n<meta property=\"og:description\" content=\"OZZ RW2 Reverse\/Warning Light \u2013 bright and durable LED vehicle light. Enhances visibility and safety when reversing or signaling, easy to install.\" \/>\n<meta property=\"og:url\" content=\"https:\/\/com.rst-steel.eu\/sv\/produkt\/ozz-rw2-reverse-warning-light_pr_96159\/\" \/>\n<meta property=\"og:site_name\" content=\"RST-Steel\" \/>\n<meta property=\"article:publisher\" content=\"https:\/\/www.facebook.com\/rststeel\" \/>\n<meta property=\"article:modified_time\" content=\"2026-03-16T06:20:41+00:00\" \/>\n<meta property=\"og:image\" content=\"https:\/\/com.rst-steel.eu\/wp-content\/uploads\/2026\/03\/504842f7c925c98d21e2cfaff00b88aa69b1f933_88506_a.jpg\" \/>\n\t<meta property=\"og:image:width\" content=\"700\" \/>\n\t<meta property=\"og:image:height\" content=\"525\" \/>\n\t<meta property=\"og:image:type\" content=\"image\/jpeg\" \/>\n<meta name=\"twitter:card\" content=\"summary_large_image\" \/>\n<meta name=\"twitter:label1\" content=\"Ber\u00e4knad l\u00e4stid\" \/>\n\t<meta name=\"twitter:data1\" content=\"1 minut\" \/>\n<script type=\"application\/ld+json\" class=\"yoast-schema-graph\">{\"@context\":\"https:\/\/schema.org\",\"@graph\":[{\"@type\":\"WebPage\",\"@id\":\"https:\/\/com.rst-steel.eu\/product\/ozz-rw2-reverse-warning-light_pr_96159\/\",\"url\":\"https:\/\/com.rst-steel.eu\/product\/ozz-rw2-reverse-warning-light_pr_96159\/\",\"name\":\"OZZ RW2 Reverse\/Warning Light - RST-Steel\",\"isPartOf\":{\"@id\":\"https:\/\/com.rst-steel.eu\/#website\"},\"primaryImageOfPage\":{\"@id\":\"https:\/\/com.rst-steel.eu\/product\/ozz-rw2-reverse-warning-light_pr_96159\/#primaryimage\"},\"image\":{\"@id\":\"https:\/\/com.rst-steel.eu\/product\/ozz-rw2-reverse-warning-light_pr_96159\/#primaryimage\"},\"thumbnailUrl\":\"https:\/\/com.rst-steel.eu\/wp-content\/uploads\/2026\/03\/504842f7c925c98d21e2cfaff00b88aa69b1f933_88506_a.jpg\",\"datePublished\":\"2026-03-12T11:33:48+00:00\",\"dateModified\":\"2026-03-16T06:20:41+00:00\",\"description\":\"OZZ RW2 Reverse\/Warning Light \u2013 bright and durable LED vehicle light. Enhances visibility and safety when reversing or signaling, easy to install.\",\"breadcrumb\":{\"@id\":\"https:\/\/com.rst-steel.eu\/product\/ozz-rw2-reverse-warning-light_pr_96159\/#breadcrumb\"},\"inLanguage\":\"sv-SE\",\"potentialAction\":[{\"@type\":\"ReadAction\",\"target\":[\"https:\/\/com.rst-steel.eu\/product\/ozz-rw2-reverse-warning-light_pr_96159\/\"]}]},{\"@type\":\"ImageObject\",\"inLanguage\":\"sv-SE\",\"@id\":\"https:\/\/com.rst-steel.eu\/product\/ozz-rw2-reverse-warning-light_pr_96159\/#primaryimage\",\"url\":\"https:\/\/com.rst-steel.eu\/wp-content\/uploads\/2026\/03\/504842f7c925c98d21e2cfaff00b88aa69b1f933_88506_a.jpg\",\"contentUrl\":\"https:\/\/com.rst-steel.eu\/wp-content\/uploads\/2026\/03\/504842f7c925c98d21e2cfaff00b88aa69b1f933_88506_a.jpg\",\"width\":700,\"height\":525,\"caption\":\"OZZ RW2 Reverse\/Warning Light\"},{\"@type\":\"BreadcrumbList\",\"@id\":\"https:\/\/com.rst-steel.eu\/product\/ozz-rw2-reverse-warning-light_pr_96159\/#breadcrumb\",\"itemListElement\":[{\"@type\":\"ListItem\",\"position\":1,\"name\":\"Home\",\"item\":\"https:\/\/com.rst-steel.eu\/\"},{\"@type\":\"ListItem\",\"position\":2,\"name\":\"RST-Steel Shop\",\"item\":\"https:\/\/com.rst-steel.eu\/shop\/\"},{\"@type\":\"ListItem\",\"position\":3,\"name\":\"OZZ RW2 Reverse\/Warning Light\"}]},{\"@type\":\"WebSite\",\"@id\":\"https:\/\/com.rst-steel.eu\/#website\",\"url\":\"https:\/\/com.rst-steel.eu\/\",\"name\":\"RST-Steel.com\",\"description\":\"Finnish quality steel, for quality-conscious drivers\",\"publisher\":{\"@id\":\"https:\/\/com.rst-steel.eu\/#organization\"},\"alternateName\":\"Safe and stylish RST-Steel quality\",\"potentialAction\":[{\"@type\":\"SearchAction\",\"target\":{\"@type\":\"EntryPoint\",\"urlTemplate\":\"https:\/\/com.rst-steel.eu\/?s={search_term_string}\"},\"query-input\":{\"@type\":\"PropertyValueSpecification\",\"valueRequired\":true,\"valueName\":\"search_term_string\"}}],\"inLanguage\":\"sv-SE\"},{\"@type\":\"Organization\",\"@id\":\"https:\/\/com.rst-steel.eu\/#organization\",\"name\":\"RST-Steel Oy\",\"url\":\"https:\/\/com.rst-steel.eu\/\",\"logo\":{\"@type\":\"ImageObject\",\"inLanguage\":\"sv-SE\",\"@id\":\"https:\/\/com.rst-steel.eu\/#\/schema\/logo\/image\/\",\"url\":\"https:\/\/com.rst-steel.eu\/wp-content\/uploads\/2023\/04\/cropped-Rst-logo-valkoinen-teksti-3.png\",\"contentUrl\":\"https:\/\/com.rst-steel.eu\/wp-content\/uploads\/2023\/04\/cropped-Rst-logo-valkoinen-teksti-3.png\",\"width\":512,\"height\":115,\"caption\":\"RST-Steel Oy\"},\"image\":{\"@id\":\"https:\/\/com.rst-steel.eu\/#\/schema\/logo\/image\/\"},\"sameAs\":[\"https:\/\/www.facebook.com\/rststeel\",\"https:\/\/www.instagram.com\/rststeeloy\/\"]}]}<\/script>\n<!-- \/ Yoast SEO plugin. -->","yoast_head_json":{"title":"OZZ RW2 Reverse\/Warning Light - RST-Steel","description":"OZZ RW2 Reverse\/Warning Light \u2013 bright and durable LED vehicle light. Enhances visibility and safety when reversing or signaling, easy to install.","robots":{"index":"index","follow":"follow","max-snippet":"max-snippet:-1","max-image-preview":"max-image-preview:large","max-video-preview":"max-video-preview:-1"},"canonical":"https:\/\/com.rst-steel.eu\/sv\/produkt\/ozz-rw2-reverse-warning-light_pr_96159\/","og_locale":"sv_SE","og_type":"article","og_title":"OZZ RW2 Reverse\/Warning Light - RST-Steel","og_description":"OZZ RW2 Reverse\/Warning Light \u2013 bright and durable LED vehicle light. Enhances visibility and safety when reversing or signaling, easy to install.","og_url":"https:\/\/com.rst-steel.eu\/sv\/produkt\/ozz-rw2-reverse-warning-light_pr_96159\/","og_site_name":"RST-Steel","article_publisher":"https:\/\/www.facebook.com\/rststeel","article_modified_time":"2026-03-16T06:20:41+00:00","og_image":[{"width":700,"height":525,"url":"https:\/\/com.rst-steel.eu\/wp-content\/uploads\/2026\/03\/504842f7c925c98d21e2cfaff00b88aa69b1f933_88506_a.jpg","type":"image\/jpeg"}],"twitter_card":"summary_large_image","twitter_misc":{"Ber\u00e4knad l\u00e4stid":"1 minut"},"schema":{"@context":"https:\/\/schema.org","@graph":[{"@type":"WebPage","@id":"https:\/\/com.rst-steel.eu\/product\/ozz-rw2-reverse-warning-light_pr_96159\/","url":"https:\/\/com.rst-steel.eu\/product\/ozz-rw2-reverse-warning-light_pr_96159\/","name":"OZZ RW2 Reverse\/Warning Light - RST-Steel","isPartOf":{"@id":"https:\/\/com.rst-steel.eu\/#website"},"primaryImageOfPage":{"@id":"https:\/\/com.rst-steel.eu\/product\/ozz-rw2-reverse-warning-light_pr_96159\/#primaryimage"},"image":{"@id":"https:\/\/com.rst-steel.eu\/product\/ozz-rw2-reverse-warning-light_pr_96159\/#primaryimage"},"thumbnailUrl":"https:\/\/com.rst-steel.eu\/wp-content\/uploads\/2026\/03\/504842f7c925c98d21e2cfaff00b88aa69b1f933_88506_a.jpg","datePublished":"2026-03-12T11:33:48+00:00","dateModified":"2026-03-16T06:20:41+00:00","description":"OZZ RW2 Reverse\/Warning Light \u2013 bright and durable LED vehicle light. Enhances visibility and safety when reversing or signaling, easy to install.","breadcrumb":{"@id":"https:\/\/com.rst-steel.eu\/product\/ozz-rw2-reverse-warning-light_pr_96159\/#breadcrumb"},"inLanguage":"sv-SE","potentialAction":[{"@type":"ReadAction","target":["https:\/\/com.rst-steel.eu\/product\/ozz-rw2-reverse-warning-light_pr_96159\/"]}]},{"@type":"ImageObject","inLanguage":"sv-SE","@id":"https:\/\/com.rst-steel.eu\/product\/ozz-rw2-reverse-warning-light_pr_96159\/#primaryimage","url":"https:\/\/com.rst-steel.eu\/wp-content\/uploads\/2026\/03\/504842f7c925c98d21e2cfaff00b88aa69b1f933_88506_a.jpg","contentUrl":"https:\/\/com.rst-steel.eu\/wp-content\/uploads\/2026\/03\/504842f7c925c98d21e2cfaff00b88aa69b1f933_88506_a.jpg","width":700,"height":525,"caption":"OZZ RW2 Reverse\/Warning Light"},{"@type":"BreadcrumbList","@id":"https:\/\/com.rst-steel.eu\/product\/ozz-rw2-reverse-warning-light_pr_96159\/#breadcrumb","itemListElement":[{"@type":"ListItem","position":1,"name":"Home","item":"https:\/\/com.rst-steel.eu\/"},{"@type":"ListItem","position":2,"name":"RST-Steel Shop","item":"https:\/\/com.rst-steel.eu\/shop\/"},{"@type":"ListItem","position":3,"name":"OZZ RW2 Reverse\/Warning Light"}]},{"@type":"WebSite","@id":"https:\/\/com.rst-steel.eu\/#website","url":"https:\/\/com.rst-steel.eu\/","name":"RST-Stahl.com","description":"Finskt kvalitetsst\u00e5l, f\u00f6r kvalitetsmedvetna f\u00f6rare","publisher":{"@id":"https:\/\/com.rst-steel.eu\/#organization"},"alternateName":"Safe and stylish RST-Steel quality","potentialAction":[{"@type":"SearchAction","target":{"@type":"EntryPoint","urlTemplate":"https:\/\/com.rst-steel.eu\/?s={search_term_string}"},"query-input":{"@type":"PropertyValueSpecification","valueRequired":true,"valueName":"search_term_string"}}],"inLanguage":"sv-SE"},{"@type":"Organization","@id":"https:\/\/com.rst-steel.eu\/#organization","name":"RST-Steel Oy","url":"https:\/\/com.rst-steel.eu\/","logo":{"@type":"ImageObject","inLanguage":"sv-SE","@id":"https:\/\/com.rst-steel.eu\/#\/schema\/logo\/image\/","url":"https:\/\/com.rst-steel.eu\/wp-content\/uploads\/2023\/04\/cropped-Rst-logo-valkoinen-teksti-3.png","contentUrl":"https:\/\/com.rst-steel.eu\/wp-content\/uploads\/2023\/04\/cropped-Rst-logo-valkoinen-teksti-3.png","width":512,"height":115,"caption":"RST-Steel Oy"},"image":{"@id":"https:\/\/com.rst-steel.eu\/#\/schema\/logo\/image\/"},"sameAs":["https:\/\/www.facebook.com\/rststeel","https:\/\/www.instagram.com\/rststeeloy\/"]}]}},"brands":[{"id":8337,"name":"OZZ","slug":"brand_ozz"}],"_links":{"self":[{"href":"https:\/\/com.rst-steel.eu\/sv\/wp-json\/wp\/v2\/product\/122823","targetHints":{"allow":["GET"]}}],"collection":[{"href":"https:\/\/com.rst-steel.eu\/sv\/wp-json\/wp\/v2\/product"}],"about":[{"href":"https:\/\/com.rst-steel.eu\/sv\/wp-json\/wp\/v2\/types\/product"}],"replies":[{"embeddable":true,"href":"https:\/\/com.rst-steel.eu\/sv\/wp-json\/wp\/v2\/comments?post=122823"}],"version-history":[{"count":0,"href":"https:\/\/com.rst-steel.eu\/sv\/wp-json\/wp\/v2\/product\/122823\/revisions"}],"wp:featuredmedia":[{"embeddable":true,"href":"https:\/\/com.rst-steel.eu\/sv\/wp-json\/wp\/v2\/media\/122818"}],"wp:attachment":[{"href":"https:\/\/com.rst-steel.eu\/sv\/wp-json\/wp\/v2\/media?parent=122823"}],"wp:term":[{"taxonomy":"make_fuel_type","embeddable":true,"href":"https:\/\/com.rst-steel.eu\/sv\/wp-json\/wp\/v2\/make_fuel_type?post=122823"},{"taxonomy":"make_model","embeddable":true,"href":"https:\/\/com.rst-steel.eu\/sv\/wp-json\/wp\/v2\/make_model?post=122823"},{"taxonomy":"make_brand","embeddable":true,"href":"https:\/\/com.rst-steel.eu\/sv\/wp-json\/wp\/v2\/make_brand?post=122823"},{"taxonomy":"make_year","embeddable":true,"href":"https:\/\/com.rst-steel.eu\/sv\/wp-json\/wp\/v2\/make_year?post=122823"},{"taxonomy":"pwb-brand","embeddable":true,"href":"https:\/\/com.rst-steel.eu\/sv\/wp-json\/wp\/v2\/pwb-brand?post=122823"},{"taxonomy":"product_brand","embeddable":true,"href":"https:\/\/com.rst-steel.eu\/sv\/wp-json\/wp\/v2\/product_brand?post=122823"},{"taxonomy":"product_cat","embeddable":true,"href":"https:\/\/com.rst-steel.eu\/sv\/wp-json\/wp\/v2\/product_cat?post=122823"},{"taxonomy":"product_tag","embeddable":true,"href":"https:\/\/com.rst-steel.eu\/sv\/wp-json\/wp\/v2\/product_tag?post=122823"}],"curies":[{"name":"wp","href":"https:\/\/api.w.org\/{rel}","templated":true}]}}