{"id":122806,"date":"2026-03-12T14:32:48","date_gmt":"2026-03-12T11:32:48","guid":{"rendered":"https:\/\/rst-steel.com\/product\/auxiliary-light-ozz-square-3%e2%80%b3_prm_79510\/"},"modified":"2026-03-16T09:20:44","modified_gmt":"2026-03-16T06:20:44","slug":"auxiliary-light-ozz-square-3%e2%80%b3_prm_79510","status":"publish","type":"product","link":"https:\/\/com.rst-steel.eu\/sv\/produkt\/auxiliary-light-ozz-square-3%e2%80%b3_prm_79510\/","title":{"rendered":"Auxiliary Light OZZ Square 3\u2033"},"content":{"rendered":"<p><span style=\"font-weight: bold;\">Auxiliary Light OZZ Square 3\u2033<\/span><\/p>\n<p>Auxiliary Light OZZ Square 3\u2033 designed to deliver top performance in a compact size, the SQR 3\u2019\u2019 features a dynamic start-up position light in both white and amber, adding a premium visual signature to any vehicle.<\/p>\n<p>Despite its small size, it produces an impressive 3500 lumens with a bright and comfortable 5000 K color temperature for optimal visibility. In boost mode, the light reaches 1 lux at 375 meters \u2014 proving that performance is not limited by size.<\/p>\n<ul>\n<li><\/li>\n<\/ul>\n<p><span style=\"font-weight: bold;\">Tekniska specifikationer<\/span><\/p>\n<ul>\n<li>Operating voltage: 10\u201332 V<\/li>\n<li>Actual power 12 V: 50 W<\/li>\n<li>Actual power 24 V: 46.6 W<\/li>\n<li>Measured luminous flux: 3500 lm<\/li>\n<li>Light output: 1 lux @ 375 m<\/li>\n<li>Color temperature: 5000 K<\/li>\n<li>IP rating: IP68 \/ IP69K<\/li>\n<li>Connector and cable: 4-pin DT cable, 1000 mm<\/li>\n<li>Referensnummer: 25<\/li>\n<li>Approvals: ECE R149 (R112), R148, R10<\/li>\n<li><\/li>\n<\/ul>\n<p><span style=\"font-weight: bold;\">Dimensioner:<\/span><\/p>\n<ul>\n<li>Height: 115.8 mm<\/li>\n<li>Width: 97 mm<\/li>\n<li>Depth: 50 mm<\/li>\n<\/ul>","protected":false},"excerpt":{"rendered":"<div>High-Performance OZZ Auxiliary Light!<\/div>\n<div><\/div>","protected":false},"featured_media":122802,"comment_status":"open","ping_status":"closed","template":"","meta":{"_improvement_type_select":"improve_an_existing","_thumb_yes_seoaic":false,"_frame_yes_seoaic":false,"seoaic_generate_description":"","seoaic_improve_instructions_prompt":"","seoaic_rollback_content_improvement":"","seoaic_idea_thumbnail_generator":"","thumbnail_generated":false,"thumbnail_generate_prompt":"","seoaic_article_description":""},"make_fuel_type":[],"make_model":[],"make_brand":[],"make_year":[],"pwb-brand":[8337],"product_brand":[],"product_cat":[8223,6195,6209],"product_tag":[8498,8495],"class_list":{"0":"post-122806","1":"product","2":"type-product","3":"status-publish","4":"has-post-thumbnail","6":"pwb-brand-brand_ozz","7":"product_cat-rstozz","8":"product_cat-lamps","9":"product_cat-auxiliary-lights","10":"product_tag-auxiliary-light","11":"product_tag-ozz","13":"first","14":"onbackorder","15":"taxable","16":"shipping-taxable","17":"purchasable","18":"product-type-variable"},"yoast_head":"<!-- This site is optimized with the Yoast SEO plugin v25.7 - https:\/\/yoast.com\/wordpress\/plugins\/seo\/ -->\n<title>Auxiliary Light OZZ Square 3\u2033 - RST-Steel<\/title>\n<meta name=\"description\" content=\"Auxiliary Light OZZ Square 3\u2033 \u2013 compact and powerful LED vehicle light. Bright beam improves visibility in dark conditions, durable design, easy to install.\" \/>\n<meta name=\"robots\" content=\"index, follow, max-snippet:-1, max-image-preview:large, max-video-preview:-1\" \/>\n<link rel=\"canonical\" href=\"https:\/\/com.rst-steel.eu\/sv\/produkt\/auxiliary-light-ozz-square-3\u2033_prm_79510\/\" \/>\n<meta property=\"og:locale\" content=\"sv_SE\" \/>\n<meta property=\"og:type\" content=\"article\" \/>\n<meta property=\"og:title\" content=\"Auxiliary Light OZZ Square 3\u2033 - RST-Steel\" \/>\n<meta property=\"og:description\" content=\"Auxiliary Light OZZ Square 3\u2033 \u2013 compact and powerful LED vehicle light. Bright beam improves visibility in dark conditions, durable design, easy to install.\" \/>\n<meta property=\"og:url\" content=\"https:\/\/com.rst-steel.eu\/sv\/produkt\/auxiliary-light-ozz-square-3\u2033_prm_79510\/\" \/>\n<meta property=\"og:site_name\" content=\"RST-Steel\" \/>\n<meta property=\"article:publisher\" content=\"https:\/\/www.facebook.com\/rststeel\" \/>\n<meta property=\"article:modified_time\" content=\"2026-03-16T06:20:44+00:00\" \/>\n<meta property=\"og:image\" content=\"https:\/\/com.rst-steel.eu\/wp-content\/uploads\/2026\/03\/83fc26aa796933f7b7347290094b2777be4c9614_88119_a.jpg\" \/>\n\t<meta property=\"og:image:width\" content=\"700\" \/>\n\t<meta property=\"og:image:height\" content=\"525\" \/>\n\t<meta property=\"og:image:type\" content=\"image\/jpeg\" \/>\n<meta name=\"twitter:card\" content=\"summary_large_image\" \/>\n<meta name=\"twitter:label1\" content=\"Ber\u00e4knad l\u00e4stid\" \/>\n\t<meta name=\"twitter:data1\" content=\"1 minut\" \/>\n<script type=\"application\/ld+json\" class=\"yoast-schema-graph\">{\"@context\":\"https:\/\/schema.org\",\"@graph\":[{\"@type\":\"WebPage\",\"@id\":\"https:\/\/com.rst-steel.eu\/product\/auxiliary-light-ozz-square-3%e2%80%b3_prm_79510\/\",\"url\":\"https:\/\/com.rst-steel.eu\/product\/auxiliary-light-ozz-square-3%e2%80%b3_prm_79510\/\",\"name\":\"Auxiliary Light OZZ Square 3\u2033 - RST-Steel\",\"isPartOf\":{\"@id\":\"https:\/\/com.rst-steel.eu\/#website\"},\"primaryImageOfPage\":{\"@id\":\"https:\/\/com.rst-steel.eu\/product\/auxiliary-light-ozz-square-3%e2%80%b3_prm_79510\/#primaryimage\"},\"image\":{\"@id\":\"https:\/\/com.rst-steel.eu\/product\/auxiliary-light-ozz-square-3%e2%80%b3_prm_79510\/#primaryimage\"},\"thumbnailUrl\":\"https:\/\/com.rst-steel.eu\/wp-content\/uploads\/2026\/03\/83fc26aa796933f7b7347290094b2777be4c9614_88119_a.jpg\",\"datePublished\":\"2026-03-12T11:32:48+00:00\",\"dateModified\":\"2026-03-16T06:20:44+00:00\",\"description\":\"Auxiliary Light OZZ Square 3\u2033 \u2013 compact and powerful LED vehicle light. Bright beam improves visibility in dark conditions, durable design, easy to install.\",\"breadcrumb\":{\"@id\":\"https:\/\/com.rst-steel.eu\/product\/auxiliary-light-ozz-square-3%e2%80%b3_prm_79510\/#breadcrumb\"},\"inLanguage\":\"sv-SE\",\"potentialAction\":[{\"@type\":\"ReadAction\",\"target\":[\"https:\/\/com.rst-steel.eu\/product\/auxiliary-light-ozz-square-3%e2%80%b3_prm_79510\/\"]}]},{\"@type\":\"ImageObject\",\"inLanguage\":\"sv-SE\",\"@id\":\"https:\/\/com.rst-steel.eu\/product\/auxiliary-light-ozz-square-3%e2%80%b3_prm_79510\/#primaryimage\",\"url\":\"https:\/\/com.rst-steel.eu\/wp-content\/uploads\/2026\/03\/83fc26aa796933f7b7347290094b2777be4c9614_88119_a.jpg\",\"contentUrl\":\"https:\/\/com.rst-steel.eu\/wp-content\/uploads\/2026\/03\/83fc26aa796933f7b7347290094b2777be4c9614_88119_a.jpg\",\"width\":700,\"height\":525,\"caption\":\"Auxiliary Light OZZ Square 3\u2033\"},{\"@type\":\"BreadcrumbList\",\"@id\":\"https:\/\/com.rst-steel.eu\/product\/auxiliary-light-ozz-square-3%e2%80%b3_prm_79510\/#breadcrumb\",\"itemListElement\":[{\"@type\":\"ListItem\",\"position\":1,\"name\":\"Home\",\"item\":\"https:\/\/com.rst-steel.eu\/\"},{\"@type\":\"ListItem\",\"position\":2,\"name\":\"RST-Steel Shop\",\"item\":\"https:\/\/com.rst-steel.eu\/shop\/\"},{\"@type\":\"ListItem\",\"position\":3,\"name\":\"Auxiliary Light OZZ Square 3\u2033\"}]},{\"@type\":\"WebSite\",\"@id\":\"https:\/\/com.rst-steel.eu\/#website\",\"url\":\"https:\/\/com.rst-steel.eu\/\",\"name\":\"RST-Steel.com\",\"description\":\"Finnish quality steel, for quality-conscious drivers\",\"publisher\":{\"@id\":\"https:\/\/com.rst-steel.eu\/#organization\"},\"alternateName\":\"Safe and stylish RST-Steel quality\",\"potentialAction\":[{\"@type\":\"SearchAction\",\"target\":{\"@type\":\"EntryPoint\",\"urlTemplate\":\"https:\/\/com.rst-steel.eu\/?s={search_term_string}\"},\"query-input\":{\"@type\":\"PropertyValueSpecification\",\"valueRequired\":true,\"valueName\":\"search_term_string\"}}],\"inLanguage\":\"sv-SE\"},{\"@type\":\"Organization\",\"@id\":\"https:\/\/com.rst-steel.eu\/#organization\",\"name\":\"RST-Steel Oy\",\"url\":\"https:\/\/com.rst-steel.eu\/\",\"logo\":{\"@type\":\"ImageObject\",\"inLanguage\":\"sv-SE\",\"@id\":\"https:\/\/com.rst-steel.eu\/#\/schema\/logo\/image\/\",\"url\":\"https:\/\/com.rst-steel.eu\/wp-content\/uploads\/2023\/04\/cropped-Rst-logo-valkoinen-teksti-3.png\",\"contentUrl\":\"https:\/\/com.rst-steel.eu\/wp-content\/uploads\/2023\/04\/cropped-Rst-logo-valkoinen-teksti-3.png\",\"width\":512,\"height\":115,\"caption\":\"RST-Steel Oy\"},\"image\":{\"@id\":\"https:\/\/com.rst-steel.eu\/#\/schema\/logo\/image\/\"},\"sameAs\":[\"https:\/\/www.facebook.com\/rststeel\",\"https:\/\/www.instagram.com\/rststeeloy\/\"]}]}<\/script>\n<!-- \/ Yoast SEO plugin. -->","yoast_head_json":{"title":"Auxiliary Light OZZ Square 3\u2033 - RST-Steel","description":"Auxiliary Light OZZ Square 3\u2033 \u2013 compact and powerful LED vehicle light. Bright beam improves visibility in dark conditions, durable design, easy to install.","robots":{"index":"index","follow":"follow","max-snippet":"max-snippet:-1","max-image-preview":"max-image-preview:large","max-video-preview":"max-video-preview:-1"},"canonical":"https:\/\/com.rst-steel.eu\/sv\/produkt\/auxiliary-light-ozz-square-3\u2033_prm_79510\/","og_locale":"sv_SE","og_type":"article","og_title":"Auxiliary Light OZZ Square 3\u2033 - RST-Steel","og_description":"Auxiliary Light OZZ Square 3\u2033 \u2013 compact and powerful LED vehicle light. Bright beam improves visibility in dark conditions, durable design, easy to install.","og_url":"https:\/\/com.rst-steel.eu\/sv\/produkt\/auxiliary-light-ozz-square-3\u2033_prm_79510\/","og_site_name":"RST-Steel","article_publisher":"https:\/\/www.facebook.com\/rststeel","article_modified_time":"2026-03-16T06:20:44+00:00","og_image":[{"width":700,"height":525,"url":"https:\/\/com.rst-steel.eu\/wp-content\/uploads\/2026\/03\/83fc26aa796933f7b7347290094b2777be4c9614_88119_a.jpg","type":"image\/jpeg"}],"twitter_card":"summary_large_image","twitter_misc":{"Ber\u00e4knad l\u00e4stid":"1 minut"},"schema":{"@context":"https:\/\/schema.org","@graph":[{"@type":"WebPage","@id":"https:\/\/com.rst-steel.eu\/product\/auxiliary-light-ozz-square-3%e2%80%b3_prm_79510\/","url":"https:\/\/com.rst-steel.eu\/product\/auxiliary-light-ozz-square-3%e2%80%b3_prm_79510\/","name":"Auxiliary Light OZZ Square 3\u2033 - RST-Steel","isPartOf":{"@id":"https:\/\/com.rst-steel.eu\/#website"},"primaryImageOfPage":{"@id":"https:\/\/com.rst-steel.eu\/product\/auxiliary-light-ozz-square-3%e2%80%b3_prm_79510\/#primaryimage"},"image":{"@id":"https:\/\/com.rst-steel.eu\/product\/auxiliary-light-ozz-square-3%e2%80%b3_prm_79510\/#primaryimage"},"thumbnailUrl":"https:\/\/com.rst-steel.eu\/wp-content\/uploads\/2026\/03\/83fc26aa796933f7b7347290094b2777be4c9614_88119_a.jpg","datePublished":"2026-03-12T11:32:48+00:00","dateModified":"2026-03-16T06:20:44+00:00","description":"Auxiliary Light OZZ Square 3\u2033 \u2013 compact and powerful LED vehicle light. Bright beam improves visibility in dark conditions, durable design, easy to install.","breadcrumb":{"@id":"https:\/\/com.rst-steel.eu\/product\/auxiliary-light-ozz-square-3%e2%80%b3_prm_79510\/#breadcrumb"},"inLanguage":"sv-SE","potentialAction":[{"@type":"ReadAction","target":["https:\/\/com.rst-steel.eu\/product\/auxiliary-light-ozz-square-3%e2%80%b3_prm_79510\/"]}]},{"@type":"ImageObject","inLanguage":"sv-SE","@id":"https:\/\/com.rst-steel.eu\/product\/auxiliary-light-ozz-square-3%e2%80%b3_prm_79510\/#primaryimage","url":"https:\/\/com.rst-steel.eu\/wp-content\/uploads\/2026\/03\/83fc26aa796933f7b7347290094b2777be4c9614_88119_a.jpg","contentUrl":"https:\/\/com.rst-steel.eu\/wp-content\/uploads\/2026\/03\/83fc26aa796933f7b7347290094b2777be4c9614_88119_a.jpg","width":700,"height":525,"caption":"Auxiliary Light OZZ Square 3\u2033"},{"@type":"BreadcrumbList","@id":"https:\/\/com.rst-steel.eu\/product\/auxiliary-light-ozz-square-3%e2%80%b3_prm_79510\/#breadcrumb","itemListElement":[{"@type":"ListItem","position":1,"name":"Home","item":"https:\/\/com.rst-steel.eu\/"},{"@type":"ListItem","position":2,"name":"RST-Steel Shop","item":"https:\/\/com.rst-steel.eu\/shop\/"},{"@type":"ListItem","position":3,"name":"Auxiliary Light OZZ Square 3\u2033"}]},{"@type":"WebSite","@id":"https:\/\/com.rst-steel.eu\/#website","url":"https:\/\/com.rst-steel.eu\/","name":"RST-Stahl.com","description":"Finskt kvalitetsst\u00e5l, f\u00f6r kvalitetsmedvetna f\u00f6rare","publisher":{"@id":"https:\/\/com.rst-steel.eu\/#organization"},"alternateName":"Safe and stylish RST-Steel quality","potentialAction":[{"@type":"SearchAction","target":{"@type":"EntryPoint","urlTemplate":"https:\/\/com.rst-steel.eu\/?s={search_term_string}"},"query-input":{"@type":"PropertyValueSpecification","valueRequired":true,"valueName":"search_term_string"}}],"inLanguage":"sv-SE"},{"@type":"Organization","@id":"https:\/\/com.rst-steel.eu\/#organization","name":"RST-Steel Oy","url":"https:\/\/com.rst-steel.eu\/","logo":{"@type":"ImageObject","inLanguage":"sv-SE","@id":"https:\/\/com.rst-steel.eu\/#\/schema\/logo\/image\/","url":"https:\/\/com.rst-steel.eu\/wp-content\/uploads\/2023\/04\/cropped-Rst-logo-valkoinen-teksti-3.png","contentUrl":"https:\/\/com.rst-steel.eu\/wp-content\/uploads\/2023\/04\/cropped-Rst-logo-valkoinen-teksti-3.png","width":512,"height":115,"caption":"RST-Steel Oy"},"image":{"@id":"https:\/\/com.rst-steel.eu\/#\/schema\/logo\/image\/"},"sameAs":["https:\/\/www.facebook.com\/rststeel","https:\/\/www.instagram.com\/rststeeloy\/"]}]}},"brands":[{"id":8337,"name":"OZZ","slug":"brand_ozz"}],"_links":{"self":[{"href":"https:\/\/com.rst-steel.eu\/sv\/wp-json\/wp\/v2\/product\/122806","targetHints":{"allow":["GET"]}}],"collection":[{"href":"https:\/\/com.rst-steel.eu\/sv\/wp-json\/wp\/v2\/product"}],"about":[{"href":"https:\/\/com.rst-steel.eu\/sv\/wp-json\/wp\/v2\/types\/product"}],"replies":[{"embeddable":true,"href":"https:\/\/com.rst-steel.eu\/sv\/wp-json\/wp\/v2\/comments?post=122806"}],"version-history":[{"count":0,"href":"https:\/\/com.rst-steel.eu\/sv\/wp-json\/wp\/v2\/product\/122806\/revisions"}],"wp:featuredmedia":[{"embeddable":true,"href":"https:\/\/com.rst-steel.eu\/sv\/wp-json\/wp\/v2\/media\/122802"}],"wp:attachment":[{"href":"https:\/\/com.rst-steel.eu\/sv\/wp-json\/wp\/v2\/media?parent=122806"}],"wp:term":[{"taxonomy":"make_fuel_type","embeddable":true,"href":"https:\/\/com.rst-steel.eu\/sv\/wp-json\/wp\/v2\/make_fuel_type?post=122806"},{"taxonomy":"make_model","embeddable":true,"href":"https:\/\/com.rst-steel.eu\/sv\/wp-json\/wp\/v2\/make_model?post=122806"},{"taxonomy":"make_brand","embeddable":true,"href":"https:\/\/com.rst-steel.eu\/sv\/wp-json\/wp\/v2\/make_brand?post=122806"},{"taxonomy":"make_year","embeddable":true,"href":"https:\/\/com.rst-steel.eu\/sv\/wp-json\/wp\/v2\/make_year?post=122806"},{"taxonomy":"pwb-brand","embeddable":true,"href":"https:\/\/com.rst-steel.eu\/sv\/wp-json\/wp\/v2\/pwb-brand?post=122806"},{"taxonomy":"product_brand","embeddable":true,"href":"https:\/\/com.rst-steel.eu\/sv\/wp-json\/wp\/v2\/product_brand?post=122806"},{"taxonomy":"product_cat","embeddable":true,"href":"https:\/\/com.rst-steel.eu\/sv\/wp-json\/wp\/v2\/product_cat?post=122806"},{"taxonomy":"product_tag","embeddable":true,"href":"https:\/\/com.rst-steel.eu\/sv\/wp-json\/wp\/v2\/product_tag?post=122806"}],"curies":[{"name":"wp","href":"https:\/\/api.w.org\/{rel}","templated":true}]}}