{"id":122604,"date":"2026-02-25T10:58:19","date_gmt":"2026-02-25T07:58:19","guid":{"rendered":"https:\/\/rst-steel.com\/product\/rear-bar-volvo-ecr145f-2025-_prm_76742\/"},"modified":"2026-03-19T09:47:37","modified_gmt":"2026-03-19T06:47:37","slug":"counterweight-bar-volvo-ecr145f-2025-_prm_76742","status":"publish","type":"product","link":"https:\/\/com.rst-steel.eu\/sv\/produkt\/counterweight-bar-volvo-ecr145f-2025-_prm_76742\/","title":{"rendered":"Counterweight Bar Volvo ECR145F 2025-"},"content":{"rendered":"<p><strong>Counterweight Bar Volvo ECR145F 2025-<\/strong><\/p>\n<ul>\n<li><\/li>\n<\/ul>\n<p>RST-Steel\u2019s counterweight bars are high-quality products made of stainless steel.<\/p>\n<p>The counterweight bars can be equipped with work lights and position lights, which improve your visibility in traffic, and at the same time increase safety for yourself and others in traffic.<\/p>\n<ul>\n<li><\/li>\n<\/ul>\n<p><span style=\"font-weight: bold;\">Teknisk information:<\/span><\/p>\n<ul>\n<li>F\u00e4rg: Polerat rostfritt st\u00e5l eller pulverlackerat med RAL-f\u00e4rger<\/li>\n<li>R\u00f6rdiameter: 60 mm<\/li>\n<li><\/li>\n<\/ul>\n<p><span style=\"font-weight: bold;\">Leveransinneh\u00e5ll:<\/span><\/p>\n<ul>\n<li>Counterweight bar<\/li>\n<li>Monteringsf\u00e4sten som beh\u00f6vs f\u00f6r installation<\/li>\n<li>Instruktioner f\u00f6r installation<\/li>\n<\/ul>","protected":false},"excerpt":{"rendered":"<p>H\u00f6g kvalitet!<\/p>","protected":false},"featured_media":122602,"comment_status":"open","ping_status":"closed","template":"","meta":{"_improvement_type_select":"improve_an_existing","_thumb_yes_seoaic":false,"_frame_yes_seoaic":false,"seoaic_generate_description":"","seoaic_improve_instructions_prompt":"","seoaic_rollback_content_improvement":"","seoaic_idea_thumbnail_generator":"","thumbnail_generated":false,"thumbnail_generate_prompt":"","seoaic_article_description":""},"make_fuel_type":[],"make_model":[6627],"make_brand":[6533],"make_year":[6465],"pwb-brand":[8334],"product_brand":[],"product_cat":[6057,6069,7283],"product_tag":[8485,8484,8483],"class_list":{"0":"post-122604","1":"product","2":"type-product","3":"status-publish","4":"has-post-thumbnail","6":"make_model-volvo-excavators","7":"make_brand-volvo-workmachines","8":"make_year-workmachines","9":"pwb-brand-brand_rststeel","10":"product_cat-lightbars","11":"product_cat-rearbars-for-excavators","12":"product_cat-volvo-vr-kkp","13":"product_tag-motviktsbage","14":"product_tag-volvo-motviktsbage","15":"product_tag-volvo-rear-bar","16":"product_shipping_class-lightbars","18":"first","19":"onbackorder","20":"taxable","21":"shipping-taxable","22":"purchasable","23":"product-type-variable"},"yoast_head":"<!-- This site is optimized with the Yoast SEO plugin v25.7 - https:\/\/yoast.com\/wordpress\/plugins\/seo\/ -->\n<title>Counterweight Bar Volvo ECR145F 2025- RST-Steel<\/title>\n<meta name=\"description\" content=\"Counterweight bar for Volvo ECR145F 2025-. Durable stainless steel, stylish design, enhances visibility and allows secure light mounting.\" \/>\n<meta name=\"robots\" content=\"index, follow, max-snippet:-1, max-image-preview:large, max-video-preview:-1\" \/>\n<link rel=\"canonical\" href=\"https:\/\/com.rst-steel.eu\/sv\/produkt\/counterweight-bar-volvo-ecr145f-2025-_prm_76742\/\" \/>\n<meta property=\"og:locale\" content=\"sv_SE\" \/>\n<meta property=\"og:type\" content=\"article\" \/>\n<meta property=\"og:title\" content=\"Counterweight Bar Volvo ECR145F 2025- RST-Steel\" \/>\n<meta property=\"og:description\" content=\"Counterweight bar for Volvo ECR145F 2025-. Durable stainless steel, stylish design, enhances visibility and allows secure light mounting.\" \/>\n<meta property=\"og:url\" content=\"https:\/\/com.rst-steel.eu\/sv\/produkt\/counterweight-bar-volvo-ecr145f-2025-_prm_76742\/\" \/>\n<meta property=\"og:site_name\" content=\"RST-Steel\" \/>\n<meta property=\"article:publisher\" content=\"https:\/\/www.facebook.com\/rststeel\" \/>\n<meta property=\"article:modified_time\" content=\"2026-03-19T06:47:37+00:00\" \/>\n<meta property=\"og:image\" content=\"https:\/\/com.rst-steel.eu\/wp-content\/uploads\/2026\/02\/280ef4dd3da458b79f7a4e518ac6087a10c2434f_95967.jpg\" \/>\n\t<meta property=\"og:image:width\" content=\"1920\" \/>\n\t<meta property=\"og:image:height\" content=\"1484\" \/>\n\t<meta property=\"og:image:type\" content=\"image\/jpeg\" \/>\n<meta name=\"twitter:card\" content=\"summary_large_image\" \/>\n<meta name=\"twitter:label1\" content=\"Ber\u00e4knad l\u00e4stid\" \/>\n\t<meta name=\"twitter:data1\" content=\"1 minut\" \/>\n<script type=\"application\/ld+json\" class=\"yoast-schema-graph\">{\"@context\":\"https:\/\/schema.org\",\"@graph\":[{\"@type\":\"WebPage\",\"@id\":\"https:\/\/com.rst-steel.eu\/product\/counterweight-bar-volvo-ecr145f-2025-_prm_76742\/\",\"url\":\"https:\/\/com.rst-steel.eu\/product\/counterweight-bar-volvo-ecr145f-2025-_prm_76742\/\",\"name\":\"Counterweight Bar Volvo ECR145F 2025- RST-Steel\",\"isPartOf\":{\"@id\":\"https:\/\/com.rst-steel.eu\/#website\"},\"primaryImageOfPage\":{\"@id\":\"https:\/\/com.rst-steel.eu\/product\/counterweight-bar-volvo-ecr145f-2025-_prm_76742\/#primaryimage\"},\"image\":{\"@id\":\"https:\/\/com.rst-steel.eu\/product\/counterweight-bar-volvo-ecr145f-2025-_prm_76742\/#primaryimage\"},\"thumbnailUrl\":\"https:\/\/com.rst-steel.eu\/wp-content\/uploads\/2026\/02\/280ef4dd3da458b79f7a4e518ac6087a10c2434f_95967.jpg\",\"datePublished\":\"2026-02-25T07:58:19+00:00\",\"dateModified\":\"2026-03-19T06:47:37+00:00\",\"description\":\"Counterweight bar for Volvo ECR145F 2025-. Durable stainless steel, stylish design, enhances visibility and allows secure light mounting.\",\"breadcrumb\":{\"@id\":\"https:\/\/com.rst-steel.eu\/product\/counterweight-bar-volvo-ecr145f-2025-_prm_76742\/#breadcrumb\"},\"inLanguage\":\"sv-SE\",\"potentialAction\":[{\"@type\":\"ReadAction\",\"target\":[\"https:\/\/com.rst-steel.eu\/product\/counterweight-bar-volvo-ecr145f-2025-_prm_76742\/\"]}]},{\"@type\":\"ImageObject\",\"inLanguage\":\"sv-SE\",\"@id\":\"https:\/\/com.rst-steel.eu\/product\/counterweight-bar-volvo-ecr145f-2025-_prm_76742\/#primaryimage\",\"url\":\"https:\/\/com.rst-steel.eu\/wp-content\/uploads\/2026\/02\/280ef4dd3da458b79f7a4e518ac6087a10c2434f_95967.jpg\",\"contentUrl\":\"https:\/\/com.rst-steel.eu\/wp-content\/uploads\/2026\/02\/280ef4dd3da458b79f7a4e518ac6087a10c2434f_95967.jpg\",\"width\":1920,\"height\":1484,\"caption\":\"Counterweight Bar Volvo ECR145F 2025-\"},{\"@type\":\"BreadcrumbList\",\"@id\":\"https:\/\/com.rst-steel.eu\/product\/counterweight-bar-volvo-ecr145f-2025-_prm_76742\/#breadcrumb\",\"itemListElement\":[{\"@type\":\"ListItem\",\"position\":1,\"name\":\"Home\",\"item\":\"https:\/\/com.rst-steel.eu\/\"},{\"@type\":\"ListItem\",\"position\":2,\"name\":\"RST-Steel Shop\",\"item\":\"https:\/\/com.rst-steel.eu\/shop\/\"},{\"@type\":\"ListItem\",\"position\":3,\"name\":\"Counterweight Bar Volvo ECR145F 2025-\"}]},{\"@type\":\"WebSite\",\"@id\":\"https:\/\/com.rst-steel.eu\/#website\",\"url\":\"https:\/\/com.rst-steel.eu\/\",\"name\":\"RST-Steel.com\",\"description\":\"Finnish quality steel, for quality-conscious drivers\",\"publisher\":{\"@id\":\"https:\/\/com.rst-steel.eu\/#organization\"},\"alternateName\":\"Safe and stylish RST-Steel quality\",\"potentialAction\":[{\"@type\":\"SearchAction\",\"target\":{\"@type\":\"EntryPoint\",\"urlTemplate\":\"https:\/\/com.rst-steel.eu\/?s={search_term_string}\"},\"query-input\":{\"@type\":\"PropertyValueSpecification\",\"valueRequired\":true,\"valueName\":\"search_term_string\"}}],\"inLanguage\":\"sv-SE\"},{\"@type\":\"Organization\",\"@id\":\"https:\/\/com.rst-steel.eu\/#organization\",\"name\":\"RST-Steel Oy\",\"url\":\"https:\/\/com.rst-steel.eu\/\",\"logo\":{\"@type\":\"ImageObject\",\"inLanguage\":\"sv-SE\",\"@id\":\"https:\/\/com.rst-steel.eu\/#\/schema\/logo\/image\/\",\"url\":\"https:\/\/com.rst-steel.eu\/wp-content\/uploads\/2023\/04\/cropped-Rst-logo-valkoinen-teksti-3.png\",\"contentUrl\":\"https:\/\/com.rst-steel.eu\/wp-content\/uploads\/2023\/04\/cropped-Rst-logo-valkoinen-teksti-3.png\",\"width\":512,\"height\":115,\"caption\":\"RST-Steel Oy\"},\"image\":{\"@id\":\"https:\/\/com.rst-steel.eu\/#\/schema\/logo\/image\/\"},\"sameAs\":[\"https:\/\/www.facebook.com\/rststeel\",\"https:\/\/www.instagram.com\/rststeeloy\/\"]}]}<\/script>\n<!-- \/ Yoast SEO plugin. -->","yoast_head_json":{"title":"Counterweight Bar Volvo ECR145F 2025- RST-Steel","description":"Counterweight bar for Volvo ECR145F 2025-. Durable stainless steel, stylish design, enhances visibility and allows secure light mounting.","robots":{"index":"index","follow":"follow","max-snippet":"max-snippet:-1","max-image-preview":"max-image-preview:large","max-video-preview":"max-video-preview:-1"},"canonical":"https:\/\/com.rst-steel.eu\/sv\/produkt\/counterweight-bar-volvo-ecr145f-2025-_prm_76742\/","og_locale":"sv_SE","og_type":"article","og_title":"Counterweight Bar Volvo ECR145F 2025- RST-Steel","og_description":"Counterweight bar for Volvo ECR145F 2025-. Durable stainless steel, stylish design, enhances visibility and allows secure light mounting.","og_url":"https:\/\/com.rst-steel.eu\/sv\/produkt\/counterweight-bar-volvo-ecr145f-2025-_prm_76742\/","og_site_name":"RST-Steel","article_publisher":"https:\/\/www.facebook.com\/rststeel","article_modified_time":"2026-03-19T06:47:37+00:00","og_image":[{"width":1920,"height":1484,"url":"https:\/\/com.rst-steel.eu\/wp-content\/uploads\/2026\/02\/280ef4dd3da458b79f7a4e518ac6087a10c2434f_95967.jpg","type":"image\/jpeg"}],"twitter_card":"summary_large_image","twitter_misc":{"Ber\u00e4knad l\u00e4stid":"1 minut"},"schema":{"@context":"https:\/\/schema.org","@graph":[{"@type":"WebPage","@id":"https:\/\/com.rst-steel.eu\/product\/counterweight-bar-volvo-ecr145f-2025-_prm_76742\/","url":"https:\/\/com.rst-steel.eu\/product\/counterweight-bar-volvo-ecr145f-2025-_prm_76742\/","name":"Counterweight Bar Volvo ECR145F 2025- RST-Steel","isPartOf":{"@id":"https:\/\/com.rst-steel.eu\/#website"},"primaryImageOfPage":{"@id":"https:\/\/com.rst-steel.eu\/product\/counterweight-bar-volvo-ecr145f-2025-_prm_76742\/#primaryimage"},"image":{"@id":"https:\/\/com.rst-steel.eu\/product\/counterweight-bar-volvo-ecr145f-2025-_prm_76742\/#primaryimage"},"thumbnailUrl":"https:\/\/com.rst-steel.eu\/wp-content\/uploads\/2026\/02\/280ef4dd3da458b79f7a4e518ac6087a10c2434f_95967.jpg","datePublished":"2026-02-25T07:58:19+00:00","dateModified":"2026-03-19T06:47:37+00:00","description":"Counterweight bar for Volvo ECR145F 2025-. Durable stainless steel, stylish design, enhances visibility and allows secure light mounting.","breadcrumb":{"@id":"https:\/\/com.rst-steel.eu\/product\/counterweight-bar-volvo-ecr145f-2025-_prm_76742\/#breadcrumb"},"inLanguage":"sv-SE","potentialAction":[{"@type":"ReadAction","target":["https:\/\/com.rst-steel.eu\/product\/counterweight-bar-volvo-ecr145f-2025-_prm_76742\/"]}]},{"@type":"ImageObject","inLanguage":"sv-SE","@id":"https:\/\/com.rst-steel.eu\/product\/counterweight-bar-volvo-ecr145f-2025-_prm_76742\/#primaryimage","url":"https:\/\/com.rst-steel.eu\/wp-content\/uploads\/2026\/02\/280ef4dd3da458b79f7a4e518ac6087a10c2434f_95967.jpg","contentUrl":"https:\/\/com.rst-steel.eu\/wp-content\/uploads\/2026\/02\/280ef4dd3da458b79f7a4e518ac6087a10c2434f_95967.jpg","width":1920,"height":1484,"caption":"Counterweight Bar Volvo ECR145F 2025-"},{"@type":"BreadcrumbList","@id":"https:\/\/com.rst-steel.eu\/product\/counterweight-bar-volvo-ecr145f-2025-_prm_76742\/#breadcrumb","itemListElement":[{"@type":"ListItem","position":1,"name":"Home","item":"https:\/\/com.rst-steel.eu\/"},{"@type":"ListItem","position":2,"name":"RST-Steel Shop","item":"https:\/\/com.rst-steel.eu\/shop\/"},{"@type":"ListItem","position":3,"name":"Counterweight Bar Volvo ECR145F 2025-"}]},{"@type":"WebSite","@id":"https:\/\/com.rst-steel.eu\/#website","url":"https:\/\/com.rst-steel.eu\/","name":"RST-Stahl.com","description":"Finskt kvalitetsst\u00e5l, f\u00f6r kvalitetsmedvetna f\u00f6rare","publisher":{"@id":"https:\/\/com.rst-steel.eu\/#organization"},"alternateName":"Safe and stylish RST-Steel quality","potentialAction":[{"@type":"SearchAction","target":{"@type":"EntryPoint","urlTemplate":"https:\/\/com.rst-steel.eu\/?s={search_term_string}"},"query-input":{"@type":"PropertyValueSpecification","valueRequired":true,"valueName":"search_term_string"}}],"inLanguage":"sv-SE"},{"@type":"Organization","@id":"https:\/\/com.rst-steel.eu\/#organization","name":"RST-Steel Oy","url":"https:\/\/com.rst-steel.eu\/","logo":{"@type":"ImageObject","inLanguage":"sv-SE","@id":"https:\/\/com.rst-steel.eu\/#\/schema\/logo\/image\/","url":"https:\/\/com.rst-steel.eu\/wp-content\/uploads\/2023\/04\/cropped-Rst-logo-valkoinen-teksti-3.png","contentUrl":"https:\/\/com.rst-steel.eu\/wp-content\/uploads\/2023\/04\/cropped-Rst-logo-valkoinen-teksti-3.png","width":512,"height":115,"caption":"RST-Steel Oy"},"image":{"@id":"https:\/\/com.rst-steel.eu\/#\/schema\/logo\/image\/"},"sameAs":["https:\/\/www.facebook.com\/rststeel","https:\/\/www.instagram.com\/rststeeloy\/"]}]}},"brands":[{"id":8334,"name":"RST-Steel","slug":"brand_rststeel"}],"_links":{"self":[{"href":"https:\/\/com.rst-steel.eu\/sv\/wp-json\/wp\/v2\/product\/122604","targetHints":{"allow":["GET"]}}],"collection":[{"href":"https:\/\/com.rst-steel.eu\/sv\/wp-json\/wp\/v2\/product"}],"about":[{"href":"https:\/\/com.rst-steel.eu\/sv\/wp-json\/wp\/v2\/types\/product"}],"replies":[{"embeddable":true,"href":"https:\/\/com.rst-steel.eu\/sv\/wp-json\/wp\/v2\/comments?post=122604"}],"version-history":[{"count":0,"href":"https:\/\/com.rst-steel.eu\/sv\/wp-json\/wp\/v2\/product\/122604\/revisions"}],"wp:featuredmedia":[{"embeddable":true,"href":"https:\/\/com.rst-steel.eu\/sv\/wp-json\/wp\/v2\/media\/122602"}],"wp:attachment":[{"href":"https:\/\/com.rst-steel.eu\/sv\/wp-json\/wp\/v2\/media?parent=122604"}],"wp:term":[{"taxonomy":"make_fuel_type","embeddable":true,"href":"https:\/\/com.rst-steel.eu\/sv\/wp-json\/wp\/v2\/make_fuel_type?post=122604"},{"taxonomy":"make_model","embeddable":true,"href":"https:\/\/com.rst-steel.eu\/sv\/wp-json\/wp\/v2\/make_model?post=122604"},{"taxonomy":"make_brand","embeddable":true,"href":"https:\/\/com.rst-steel.eu\/sv\/wp-json\/wp\/v2\/make_brand?post=122604"},{"taxonomy":"make_year","embeddable":true,"href":"https:\/\/com.rst-steel.eu\/sv\/wp-json\/wp\/v2\/make_year?post=122604"},{"taxonomy":"pwb-brand","embeddable":true,"href":"https:\/\/com.rst-steel.eu\/sv\/wp-json\/wp\/v2\/pwb-brand?post=122604"},{"taxonomy":"product_brand","embeddable":true,"href":"https:\/\/com.rst-steel.eu\/sv\/wp-json\/wp\/v2\/product_brand?post=122604"},{"taxonomy":"product_cat","embeddable":true,"href":"https:\/\/com.rst-steel.eu\/sv\/wp-json\/wp\/v2\/product_cat?post=122604"},{"taxonomy":"product_tag","embeddable":true,"href":"https:\/\/com.rst-steel.eu\/sv\/wp-json\/wp\/v2\/product_tag?post=122604"}],"curies":[{"name":"wp","href":"https:\/\/api.w.org\/{rel}","templated":true}]}}