{"id":122573,"date":"2026-02-25T10:53:26","date_gmt":"2026-02-25T07:53:26","guid":{"rendered":"https:\/\/rst-steel.com\/product\/rear-bar-volvo-ecr145el-2016-2024_prm_69185\/"},"modified":"2026-03-19T09:48:22","modified_gmt":"2026-03-19T06:48:22","slug":"rear-bar-volvo-ecr145el-2016-2024_prm_69185","status":"publish","type":"product","link":"https:\/\/com.rst-steel.eu\/sv\/produkt\/rear-bar-volvo-ecr145el-2016-2024_prm_69185\/","title":{"rendered":"Counterweight Bar Volvo ECR145EL 2016-2024"},"content":{"rendered":"<p><strong>Counterweight Bar Volvo ECR145EL 2016-2024<\/strong><\/p>\n<ul>\n<li><span style=\"font-weight: bold;\">\u00a0<\/span><\/li>\n<\/ul>\n<p data-start=\"81\" data-end=\"255\">RST-Steel counterweight bars are high-quality Key Flag products made from stainless steel. The light bar is a stylish accessory that allows you to mount lights easily and securely.<\/p>\n<ul>\n<li><\/li>\n<\/ul>\n<p data-start=\"257\" data-end=\"288\"><strong data-start=\"257\" data-end=\"286\">Tekniska specifikationer<\/strong><\/p>\n<ul data-start=\"289\" data-end=\"448\">\n<li data-start=\"289\" data-end=\"365\">\n<p data-start=\"291\" data-end=\"365\">F\u00e4rg: Spegelpolerat rostfritt st\u00e5l eller m\u00e5lat i standard RAL-f\u00e4rger<\/p>\n<\/li>\n<li data-start=\"366\" data-end=\"390\">\n<p data-start=\"368\" data-end=\"390\">R\u00f6rdiameter: 60 mm<\/p>\n<\/li>\n<li data-start=\"391\" data-end=\"410\">\n<p data-start=\"393\" data-end=\"410\">Enkel att installera<\/p>\n<\/li>\n<li data-start=\"411\" data-end=\"448\">\n<p data-start=\"413\" data-end=\"448\">Bracket included for 1 work light<\/p>\n<\/li>\n<\/ul>\n<ul data-start=\"289\" data-end=\"448\">\n<li data-start=\"411\" data-end=\"448\"><\/li>\n<\/ul>\n<p data-start=\"450\" data-end=\"473\"><strong data-start=\"450\" data-end=\"471\">Paketet inneh\u00e5ller:<\/strong><\/p>\n<ul data-start=\"474\" data-end=\"563\">\n<li data-start=\"474\" data-end=\"502\">\n<p data-start=\"476\" data-end=\"502\">Model-specific counter weight bar bar<\/p>\n<\/li>\n<li data-start=\"503\" data-end=\"533\">\n<p data-start=\"505\" data-end=\"533\">N\u00f6dv\u00e4ndigt monteringsmaterial<\/p>\n<\/li>\n<li data-start=\"534\" data-end=\"563\">\n<p data-start=\"536\" data-end=\"563\">Instruktioner f\u00f6r installation<\/p>\n<\/li>\n<\/ul>\n<ul data-start=\"474\" data-end=\"563\">\n<li data-start=\"534\" data-end=\"563\"><\/li>\n<\/ul>\n<p data-start=\"565\" data-end=\"622\" data-is-last-node=\"\" data-is-only-node=\"\"><span style=\"font-weight: bold;\">Installationsservice finns ocks\u00e5 tillg\u00e4nglig fr\u00e5n oss vid behov.<\/span><\/p>","protected":false},"excerpt":{"rendered":"<p>Flera olika modeller finns tillg\u00e4ngliga<\/p>","protected":false},"featured_media":122571,"comment_status":"open","ping_status":"closed","template":"","meta":{"_improvement_type_select":"improve_an_existing","_thumb_yes_seoaic":false,"_frame_yes_seoaic":false,"seoaic_generate_description":"","seoaic_improve_instructions_prompt":"","seoaic_rollback_content_improvement":"","seoaic_idea_thumbnail_generator":"","thumbnail_generated":false,"thumbnail_generate_prompt":"","seoaic_article_description":""},"make_fuel_type":[],"make_model":[6627],"make_brand":[6533],"make_year":[6465],"pwb-brand":[8334],"product_brand":[],"product_cat":[6057,6069,7283],"product_tag":[8485,8484,8483],"class_list":{"0":"post-122573","1":"product","2":"type-product","3":"status-publish","4":"has-post-thumbnail","6":"make_model-volvo-excavators","7":"make_brand-volvo-workmachines","8":"make_year-workmachines","9":"pwb-brand-brand_rststeel","10":"product_cat-lightbars","11":"product_cat-rearbars-for-excavators","12":"product_cat-volvo-vr-kkp","13":"product_tag-motviktsbage","14":"product_tag-volvo-motviktsbage","15":"product_tag-volvo-rear-bar","16":"product_shipping_class-lightbars","18":"first","19":"onbackorder","20":"taxable","21":"shipping-taxable","22":"purchasable","23":"product-type-variable"},"yoast_head":"<!-- This site is optimized with the Yoast SEO plugin v25.7 - https:\/\/yoast.com\/wordpress\/plugins\/seo\/ -->\n<title>Counterweight Bar Volvo ECR145EL 2016-2024 - RST-Steel<\/title>\n<meta name=\"description\" content=\"Counterweight Bar Volvo ECR145EL 2016-2024. Durable stainless steel, stylish design, enhances visibility and allows secure light mounting.\" \/>\n<meta name=\"robots\" content=\"index, follow, max-snippet:-1, max-image-preview:large, max-video-preview:-1\" \/>\n<link rel=\"canonical\" href=\"https:\/\/com.rst-steel.eu\/sv\/produkt\/rear-bar-volvo-ecr145el-2016-2024_prm_69185\/\" \/>\n<meta property=\"og:locale\" content=\"sv_SE\" \/>\n<meta property=\"og:type\" content=\"article\" \/>\n<meta property=\"og:title\" content=\"Counterweight Bar Volvo ECR145EL 2016-2024 - RST-Steel\" \/>\n<meta property=\"og:description\" content=\"Counterweight Bar Volvo ECR145EL 2016-2024. Durable stainless steel, stylish design, enhances visibility and allows secure light mounting.\" \/>\n<meta property=\"og:url\" content=\"https:\/\/com.rst-steel.eu\/sv\/produkt\/rear-bar-volvo-ecr145el-2016-2024_prm_69185\/\" \/>\n<meta property=\"og:site_name\" content=\"RST-Steel\" \/>\n<meta property=\"article:publisher\" content=\"https:\/\/www.facebook.com\/rststeel\" \/>\n<meta property=\"article:modified_time\" content=\"2026-03-19T06:48:22+00:00\" \/>\n<meta property=\"og:image\" content=\"https:\/\/com.rst-steel.eu\/wp-content\/uploads\/2026\/02\/9deb1d5bbe2023e1f1816303ae10e20a1a41027a_82665.jpg\" \/>\n\t<meta property=\"og:image:width\" content=\"1920\" \/>\n\t<meta property=\"og:image:height\" content=\"1080\" \/>\n\t<meta property=\"og:image:type\" content=\"image\/jpeg\" \/>\n<meta name=\"twitter:card\" content=\"summary_large_image\" \/>\n<meta name=\"twitter:label1\" content=\"Ber\u00e4knad l\u00e4stid\" \/>\n\t<meta name=\"twitter:data1\" content=\"1 minut\" \/>\n<script type=\"application\/ld+json\" class=\"yoast-schema-graph\">{\"@context\":\"https:\/\/schema.org\",\"@graph\":[{\"@type\":\"WebPage\",\"@id\":\"https:\/\/com.rst-steel.eu\/sv\/produkt\/rear-bar-volvo-ecr145el-2016-2024_prm_69185\/\",\"url\":\"https:\/\/com.rst-steel.eu\/sv\/produkt\/rear-bar-volvo-ecr145el-2016-2024_prm_69185\/\",\"name\":\"Counterweight Bar Volvo ECR145EL 2016-2024 - RST-Steel\",\"isPartOf\":{\"@id\":\"https:\/\/com.rst-steel.eu\/#website\"},\"primaryImageOfPage\":{\"@id\":\"https:\/\/com.rst-steel.eu\/sv\/produkt\/rear-bar-volvo-ecr145el-2016-2024_prm_69185\/#primaryimage\"},\"image\":{\"@id\":\"https:\/\/com.rst-steel.eu\/sv\/produkt\/rear-bar-volvo-ecr145el-2016-2024_prm_69185\/#primaryimage\"},\"thumbnailUrl\":\"https:\/\/com.rst-steel.eu\/wp-content\/uploads\/2026\/02\/9deb1d5bbe2023e1f1816303ae10e20a1a41027a_82665.jpg\",\"datePublished\":\"2026-02-25T07:53:26+00:00\",\"dateModified\":\"2026-03-19T06:48:22+00:00\",\"description\":\"Counterweight Bar Volvo ECR145EL 2016-2024. Durable stainless steel, stylish design, enhances visibility and allows secure light mounting.\",\"breadcrumb\":{\"@id\":\"https:\/\/com.rst-steel.eu\/sv\/produkt\/rear-bar-volvo-ecr145el-2016-2024_prm_69185\/#breadcrumb\"},\"inLanguage\":\"sv-SE\",\"potentialAction\":[{\"@type\":\"ReadAction\",\"target\":[\"https:\/\/com.rst-steel.eu\/sv\/produkt\/rear-bar-volvo-ecr145el-2016-2024_prm_69185\/\"]}]},{\"@type\":\"ImageObject\",\"inLanguage\":\"sv-SE\",\"@id\":\"https:\/\/com.rst-steel.eu\/sv\/produkt\/rear-bar-volvo-ecr145el-2016-2024_prm_69185\/#primaryimage\",\"url\":\"https:\/\/com.rst-steel.eu\/wp-content\/uploads\/2026\/02\/9deb1d5bbe2023e1f1816303ae10e20a1a41027a_82665.jpg\",\"contentUrl\":\"https:\/\/com.rst-steel.eu\/wp-content\/uploads\/2026\/02\/9deb1d5bbe2023e1f1816303ae10e20a1a41027a_82665.jpg\",\"width\":1920,\"height\":1080,\"caption\":\"Counterweight Bar Volvo ECR145EL 2016-2024\"},{\"@type\":\"BreadcrumbList\",\"@id\":\"https:\/\/com.rst-steel.eu\/sv\/produkt\/rear-bar-volvo-ecr145el-2016-2024_prm_69185\/#breadcrumb\",\"itemListElement\":[{\"@type\":\"ListItem\",\"position\":1,\"name\":\"Home\",\"item\":\"https:\/\/com.rst-steel.eu\/\"},{\"@type\":\"ListItem\",\"position\":2,\"name\":\"RST-Steel Shop\",\"item\":\"https:\/\/com.rst-steel.eu\/shop\/\"},{\"@type\":\"ListItem\",\"position\":3,\"name\":\"Counterweight Bar Volvo ECR145EL 2016-2024\"}]},{\"@type\":\"WebSite\",\"@id\":\"https:\/\/com.rst-steel.eu\/#website\",\"url\":\"https:\/\/com.rst-steel.eu\/\",\"name\":\"RST-Steel.com\",\"description\":\"Finnish quality steel, for quality-conscious drivers\",\"publisher\":{\"@id\":\"https:\/\/com.rst-steel.eu\/#organization\"},\"alternateName\":\"Safe and stylish RST-Steel quality\",\"potentialAction\":[{\"@type\":\"SearchAction\",\"target\":{\"@type\":\"EntryPoint\",\"urlTemplate\":\"https:\/\/com.rst-steel.eu\/?s={search_term_string}\"},\"query-input\":{\"@type\":\"PropertyValueSpecification\",\"valueRequired\":true,\"valueName\":\"search_term_string\"}}],\"inLanguage\":\"sv-SE\"},{\"@type\":\"Organization\",\"@id\":\"https:\/\/com.rst-steel.eu\/#organization\",\"name\":\"RST-Steel Oy\",\"url\":\"https:\/\/com.rst-steel.eu\/\",\"logo\":{\"@type\":\"ImageObject\",\"inLanguage\":\"sv-SE\",\"@id\":\"https:\/\/com.rst-steel.eu\/#\/schema\/logo\/image\/\",\"url\":\"https:\/\/com.rst-steel.eu\/wp-content\/uploads\/2023\/04\/cropped-Rst-logo-valkoinen-teksti-3.png\",\"contentUrl\":\"https:\/\/com.rst-steel.eu\/wp-content\/uploads\/2023\/04\/cropped-Rst-logo-valkoinen-teksti-3.png\",\"width\":512,\"height\":115,\"caption\":\"RST-Steel Oy\"},\"image\":{\"@id\":\"https:\/\/com.rst-steel.eu\/#\/schema\/logo\/image\/\"},\"sameAs\":[\"https:\/\/www.facebook.com\/rststeel\",\"https:\/\/www.instagram.com\/rststeeloy\/\"]}]}<\/script>\n<!-- \/ Yoast SEO plugin. -->","yoast_head_json":{"title":"Counterweight Bar Volvo ECR145EL 2016-2024 - RST-Steel","description":"Counterweight Bar Volvo ECR145EL 2016-2024. Durable stainless steel, stylish design, enhances visibility and allows secure light mounting.","robots":{"index":"index","follow":"follow","max-snippet":"max-snippet:-1","max-image-preview":"max-image-preview:large","max-video-preview":"max-video-preview:-1"},"canonical":"https:\/\/com.rst-steel.eu\/sv\/produkt\/rear-bar-volvo-ecr145el-2016-2024_prm_69185\/","og_locale":"sv_SE","og_type":"article","og_title":"Counterweight Bar Volvo ECR145EL 2016-2024 - RST-Steel","og_description":"Counterweight Bar Volvo ECR145EL 2016-2024. Durable stainless steel, stylish design, enhances visibility and allows secure light mounting.","og_url":"https:\/\/com.rst-steel.eu\/sv\/produkt\/rear-bar-volvo-ecr145el-2016-2024_prm_69185\/","og_site_name":"RST-Steel","article_publisher":"https:\/\/www.facebook.com\/rststeel","article_modified_time":"2026-03-19T06:48:22+00:00","og_image":[{"width":1920,"height":1080,"url":"https:\/\/com.rst-steel.eu\/wp-content\/uploads\/2026\/02\/9deb1d5bbe2023e1f1816303ae10e20a1a41027a_82665.jpg","type":"image\/jpeg"}],"twitter_card":"summary_large_image","twitter_misc":{"Ber\u00e4knad l\u00e4stid":"1 minut"},"schema":{"@context":"https:\/\/schema.org","@graph":[{"@type":"WebPage","@id":"https:\/\/com.rst-steel.eu\/sv\/produkt\/rear-bar-volvo-ecr145el-2016-2024_prm_69185\/","url":"https:\/\/com.rst-steel.eu\/sv\/produkt\/rear-bar-volvo-ecr145el-2016-2024_prm_69185\/","name":"Counterweight Bar Volvo ECR145EL 2016-2024 - RST-Steel","isPartOf":{"@id":"https:\/\/com.rst-steel.eu\/#website"},"primaryImageOfPage":{"@id":"https:\/\/com.rst-steel.eu\/sv\/produkt\/rear-bar-volvo-ecr145el-2016-2024_prm_69185\/#primaryimage"},"image":{"@id":"https:\/\/com.rst-steel.eu\/sv\/produkt\/rear-bar-volvo-ecr145el-2016-2024_prm_69185\/#primaryimage"},"thumbnailUrl":"https:\/\/com.rst-steel.eu\/wp-content\/uploads\/2026\/02\/9deb1d5bbe2023e1f1816303ae10e20a1a41027a_82665.jpg","datePublished":"2026-02-25T07:53:26+00:00","dateModified":"2026-03-19T06:48:22+00:00","description":"Counterweight Bar Volvo ECR145EL 2016-2024. Durable stainless steel, stylish design, enhances visibility and allows secure light mounting.","breadcrumb":{"@id":"https:\/\/com.rst-steel.eu\/sv\/produkt\/rear-bar-volvo-ecr145el-2016-2024_prm_69185\/#breadcrumb"},"inLanguage":"sv-SE","potentialAction":[{"@type":"ReadAction","target":["https:\/\/com.rst-steel.eu\/sv\/produkt\/rear-bar-volvo-ecr145el-2016-2024_prm_69185\/"]}]},{"@type":"ImageObject","inLanguage":"sv-SE","@id":"https:\/\/com.rst-steel.eu\/sv\/produkt\/rear-bar-volvo-ecr145el-2016-2024_prm_69185\/#primaryimage","url":"https:\/\/com.rst-steel.eu\/wp-content\/uploads\/2026\/02\/9deb1d5bbe2023e1f1816303ae10e20a1a41027a_82665.jpg","contentUrl":"https:\/\/com.rst-steel.eu\/wp-content\/uploads\/2026\/02\/9deb1d5bbe2023e1f1816303ae10e20a1a41027a_82665.jpg","width":1920,"height":1080,"caption":"Counterweight Bar Volvo ECR145EL 2016-2024"},{"@type":"BreadcrumbList","@id":"https:\/\/com.rst-steel.eu\/sv\/produkt\/rear-bar-volvo-ecr145el-2016-2024_prm_69185\/#breadcrumb","itemListElement":[{"@type":"ListItem","position":1,"name":"Home","item":"https:\/\/com.rst-steel.eu\/"},{"@type":"ListItem","position":2,"name":"RST-Steel Shop","item":"https:\/\/com.rst-steel.eu\/shop\/"},{"@type":"ListItem","position":3,"name":"Counterweight Bar Volvo ECR145EL 2016-2024"}]},{"@type":"WebSite","@id":"https:\/\/com.rst-steel.eu\/#website","url":"https:\/\/com.rst-steel.eu\/","name":"RST-Stahl.com","description":"Finskt kvalitetsst\u00e5l, f\u00f6r kvalitetsmedvetna f\u00f6rare","publisher":{"@id":"https:\/\/com.rst-steel.eu\/#organization"},"alternateName":"Safe and stylish RST-Steel quality","potentialAction":[{"@type":"SearchAction","target":{"@type":"EntryPoint","urlTemplate":"https:\/\/com.rst-steel.eu\/?s={search_term_string}"},"query-input":{"@type":"PropertyValueSpecification","valueRequired":true,"valueName":"search_term_string"}}],"inLanguage":"sv-SE"},{"@type":"Organization","@id":"https:\/\/com.rst-steel.eu\/#organization","name":"RST-Steel Oy","url":"https:\/\/com.rst-steel.eu\/","logo":{"@type":"ImageObject","inLanguage":"sv-SE","@id":"https:\/\/com.rst-steel.eu\/#\/schema\/logo\/image\/","url":"https:\/\/com.rst-steel.eu\/wp-content\/uploads\/2023\/04\/cropped-Rst-logo-valkoinen-teksti-3.png","contentUrl":"https:\/\/com.rst-steel.eu\/wp-content\/uploads\/2023\/04\/cropped-Rst-logo-valkoinen-teksti-3.png","width":512,"height":115,"caption":"RST-Steel Oy"},"image":{"@id":"https:\/\/com.rst-steel.eu\/#\/schema\/logo\/image\/"},"sameAs":["https:\/\/www.facebook.com\/rststeel","https:\/\/www.instagram.com\/rststeeloy\/"]}]}},"brands":[{"id":8334,"name":"RST-Steel","slug":"brand_rststeel"}],"_links":{"self":[{"href":"https:\/\/com.rst-steel.eu\/sv\/wp-json\/wp\/v2\/product\/122573","targetHints":{"allow":["GET"]}}],"collection":[{"href":"https:\/\/com.rst-steel.eu\/sv\/wp-json\/wp\/v2\/product"}],"about":[{"href":"https:\/\/com.rst-steel.eu\/sv\/wp-json\/wp\/v2\/types\/product"}],"replies":[{"embeddable":true,"href":"https:\/\/com.rst-steel.eu\/sv\/wp-json\/wp\/v2\/comments?post=122573"}],"version-history":[{"count":0,"href":"https:\/\/com.rst-steel.eu\/sv\/wp-json\/wp\/v2\/product\/122573\/revisions"}],"wp:featuredmedia":[{"embeddable":true,"href":"https:\/\/com.rst-steel.eu\/sv\/wp-json\/wp\/v2\/media\/122571"}],"wp:attachment":[{"href":"https:\/\/com.rst-steel.eu\/sv\/wp-json\/wp\/v2\/media?parent=122573"}],"wp:term":[{"taxonomy":"make_fuel_type","embeddable":true,"href":"https:\/\/com.rst-steel.eu\/sv\/wp-json\/wp\/v2\/make_fuel_type?post=122573"},{"taxonomy":"make_model","embeddable":true,"href":"https:\/\/com.rst-steel.eu\/sv\/wp-json\/wp\/v2\/make_model?post=122573"},{"taxonomy":"make_brand","embeddable":true,"href":"https:\/\/com.rst-steel.eu\/sv\/wp-json\/wp\/v2\/make_brand?post=122573"},{"taxonomy":"make_year","embeddable":true,"href":"https:\/\/com.rst-steel.eu\/sv\/wp-json\/wp\/v2\/make_year?post=122573"},{"taxonomy":"pwb-brand","embeddable":true,"href":"https:\/\/com.rst-steel.eu\/sv\/wp-json\/wp\/v2\/pwb-brand?post=122573"},{"taxonomy":"product_brand","embeddable":true,"href":"https:\/\/com.rst-steel.eu\/sv\/wp-json\/wp\/v2\/product_brand?post=122573"},{"taxonomy":"product_cat","embeddable":true,"href":"https:\/\/com.rst-steel.eu\/sv\/wp-json\/wp\/v2\/product_cat?post=122573"},{"taxonomy":"product_tag","embeddable":true,"href":"https:\/\/com.rst-steel.eu\/sv\/wp-json\/wp\/v2\/product_tag?post=122573"}],"curies":[{"name":"wp","href":"https:\/\/api.w.org\/{rel}","templated":true}]}}