{"id":122497,"date":"2026-02-25T10:34:58","date_gmt":"2026-02-25T07:34:58","guid":{"rendered":"https:\/\/rst-steel.com\/product\/rear-bar-volvo-ec250el-2016-2020_prm_69560\/"},"modified":"2026-03-19T09:52:54","modified_gmt":"2026-03-19T06:52:54","slug":"counterweight-bar-volvo-ec250el-2016-2020_prm_69560","status":"publish","type":"product","link":"https:\/\/com.rst-steel.eu\/sv\/produkt\/counterweight-bar-volvo-ec250el-2016-2020_prm_69560\/","title":{"rendered":"Counterweight Bar Volvo EC250EL, 2016-2020"},"content":{"rendered":"<p><strong>Counterweight Bar Volvo EC250EL, 2016-2020<\/strong><\/p>\n<ul>\n<li><span style=\"font-weight: bold;\">\u00a0<\/span><\/li>\n<\/ul>\n<div class=\"pointer-events-none h-px w-px absolute bottom-0\" aria-hidden=\"true\" data-edge=\"true\"><\/div>\n<div class=\"flex flex-col text-sm pb-25\">\n<article class=\"text-token-text-primary w-full focus:outline-none [--shadow-height:45px] has-data-writing-block:pointer-events-none has-data-writing-block:-mt-(--shadow-height) has-data-writing-block:pt-(--shadow-height) [&amp;:has([data-writing-block])&gt;*]:pointer-events-auto scroll-mt-[calc(var(--header-height)+min(200px,max(70px,20svh)))]\" dir=\"auto\" data-turn-id=\"request-WEB:e10694bf-1d60-4d57-bf9e-56bb4132427c-117\" data-testid=\"conversation-turn-236\" data-scroll-anchor=\"true\" data-turn=\"assistant\">\n<div class=\"text-base my-auto mx-auto pb-10 [--thread-content-margin:--spacing(4)] @w-sm\/main:[--thread-content-margin:--spacing(6)] @w-lg\/main:[--thread-content-margin:--spacing(16)] px-(--thread-content-margin)\">\n<div class=\"[--thread-content-max-width:40rem] @w-lg\/main:[--thread-content-max-width:48rem] mx-auto max-w-(--thread-content-max-width) flex-1 group\/turn-messages focus-visible:outline-hidden relative flex w-full min-w-0 flex-col agent-turn\">\n<div class=\"flex max-w-full flex-col grow\">\n<div class=\"min-h-8 text-message relative flex w-full flex-col items-end gap-2 text-start break-words whitespace-normal [.text-message+&amp;]:mt-1\" dir=\"auto\" data-message-author-role=\"assistant\" data-message-id=\"0ffbc2d3-be68-41bc-8f26-517825b89061\" data-message-model-slug=\"gpt-5-mini\">\n<div class=\"flex w-full flex-col gap-1 empty:hidden first:pt-[1px]\">\n<div class=\"markdown prose dark:prose-invert w-full wrap-break-word dark markdown-new-styling\">\n<p data-start=\"80\" data-end=\"407\">RST-Steel counterweight bars are high-quality Key Flag products made from stainless steel.<br data-start=\"162\" data-end=\"165\" \/>The counterweight bar is a stylish accessory that allows you to mount lights easily and securely. It can also be equipped with marker lights to further improve visibility in traffic. The light bar can be ordered in a color of the customer\u2019s choice.<\/p>\n<ul>\n<li><\/li>\n<\/ul>\n<p data-start=\"409\" data-end=\"440\"><strong data-start=\"409\" data-end=\"438\">Tekniska specifikationer<\/strong><\/p>\n<ul data-start=\"441\" data-end=\"617\">\n<li data-start=\"441\" data-end=\"517\">\n<p data-start=\"443\" data-end=\"517\">F\u00e4rg: Spegelpolerat rostfritt st\u00e5l eller m\u00e5lat i standard RAL-f\u00e4rger<\/p>\n<\/li>\n<li data-start=\"518\" data-end=\"542\">\n<p data-start=\"520\" data-end=\"542\">r\u00f6rdiameter: 76mm<\/p>\n<\/li>\n<li data-start=\"543\" data-end=\"569\">\n<p data-start=\"545\" data-end=\"569\">Tv\u00e5delad konstruktion<\/p>\n<\/li>\n<li data-start=\"570\" data-end=\"589\">\n<p data-start=\"572\" data-end=\"589\">Enkel att installera<\/p>\n<\/li>\n<li data-start=\"590\" data-end=\"617\">\n<p data-start=\"592\" data-end=\"617\">6 svetsade lampf\u00e4sten<\/p>\n<\/li>\n<\/ul>\n<ul data-start=\"441\" data-end=\"617\">\n<li data-start=\"590\" data-end=\"617\"><\/li>\n<\/ul>\n<p data-start=\"619\" data-end=\"642\"><strong data-start=\"619\" data-end=\"640\">Paketet inneh\u00e5ller:<\/strong><\/p>\n<ul data-start=\"643\" data-end=\"732\">\n<li data-start=\"643\" data-end=\"671\">\n<p data-start=\"645\" data-end=\"671\">Counterweight bar Volvo EC250EL<\/p>\n<\/li>\n<li data-start=\"672\" data-end=\"702\">\n<p data-start=\"674\" data-end=\"702\">N\u00f6dv\u00e4ndigt monteringsmaterial<\/p>\n<\/li>\n<li data-start=\"703\" data-end=\"732\">\n<p data-start=\"705\" data-end=\"732\">Instruktioner f\u00f6r installation<\/p>\n<\/li>\n<\/ul>\n<ul data-start=\"643\" data-end=\"732\">\n<li data-start=\"703\" data-end=\"732\"><\/li>\n<\/ul>\n<p data-start=\"734\" data-end=\"791\" data-is-last-node=\"\" data-is-only-node=\"\"><span style=\"font-weight: bold;\">Monteringsservice finns ocks\u00e5 tillg\u00e4nglig hos oss vid behov!<\/span><\/p>\n<\/div>\n<\/div>\n<\/div>\n<\/div>\n<div class=\"mt-3 w-full empty:hidden\">\n<div class=\"text-center\"><\/div>\n<\/div>\n<\/div>\n<\/div>\n<\/article>\n<\/div>","protected":false},"excerpt":{"rendered":"<p>Flera olika modeller finns tillg\u00e4ngliga<\/p>","protected":false},"featured_media":122496,"comment_status":"open","ping_status":"closed","template":"","meta":{"_improvement_type_select":"improve_an_existing","_thumb_yes_seoaic":false,"_frame_yes_seoaic":false,"seoaic_generate_description":"","seoaic_improve_instructions_prompt":"","seoaic_rollback_content_improvement":"","seoaic_idea_thumbnail_generator":"","thumbnail_generated":false,"thumbnail_generate_prompt":"","seoaic_article_description":""},"make_fuel_type":[],"make_model":[6627],"make_brand":[6533],"make_year":[6465],"pwb-brand":[8334],"product_brand":[],"product_cat":[6057,6069,7283],"product_tag":[8485,8484,8483],"class_list":{"0":"post-122497","1":"product","2":"type-product","3":"status-publish","4":"has-post-thumbnail","6":"make_model-volvo-excavators","7":"make_brand-volvo-workmachines","8":"make_year-workmachines","9":"pwb-brand-brand_rststeel","10":"product_cat-lightbars","11":"product_cat-rearbars-for-excavators","12":"product_cat-volvo-vr-kkp","13":"product_tag-motviktsbage","14":"product_tag-volvo-motviktsbage","15":"product_tag-volvo-rear-bar","16":"product_shipping_class-lightbars","18":"first","19":"onbackorder","20":"taxable","21":"shipping-taxable","22":"purchasable","23":"product-type-variable"},"yoast_head":"<!-- This site is optimized with the Yoast SEO plugin v25.7 - https:\/\/yoast.com\/wordpress\/plugins\/seo\/ -->\n<title>Counterweight Bar Volvo EC250EL, 2016-2020 - RST-Steel<\/title>\n<meta name=\"description\" content=\"Counterweight Bar Volvo EC250EL, 2016-2020. Stainless steel, durable, easy to install, enhances safety and allows secure light mounting.\" \/>\n<meta name=\"robots\" content=\"index, follow, max-snippet:-1, max-image-preview:large, max-video-preview:-1\" \/>\n<link rel=\"canonical\" href=\"https:\/\/com.rst-steel.eu\/sv\/produkt\/counterweight-bar-volvo-ec250el-2016-2020_prm_69560\/\" \/>\n<meta property=\"og:locale\" content=\"sv_SE\" \/>\n<meta property=\"og:type\" content=\"article\" \/>\n<meta property=\"og:title\" content=\"Counterweight Bar Volvo EC250EL, 2016-2020 - RST-Steel\" \/>\n<meta property=\"og:description\" content=\"Counterweight Bar Volvo EC250EL, 2016-2020. Stainless steel, durable, easy to install, enhances safety and allows secure light mounting.\" \/>\n<meta property=\"og:url\" content=\"https:\/\/com.rst-steel.eu\/sv\/produkt\/counterweight-bar-volvo-ec250el-2016-2020_prm_69560\/\" \/>\n<meta property=\"og:site_name\" content=\"RST-Steel\" \/>\n<meta property=\"article:publisher\" content=\"https:\/\/www.facebook.com\/rststeel\" \/>\n<meta property=\"article:modified_time\" content=\"2026-03-19T06:52:54+00:00\" \/>\n<meta property=\"og:image\" content=\"https:\/\/com.rst-steel.eu\/wp-content\/uploads\/2026\/02\/4caeb1c27cee339d92eab492727212dbb3f9a603_TVO207.jpg\" \/>\n\t<meta property=\"og:image:width\" content=\"1280\" \/>\n\t<meta property=\"og:image:height\" content=\"853\" \/>\n\t<meta property=\"og:image:type\" content=\"image\/jpeg\" \/>\n<meta name=\"twitter:card\" content=\"summary_large_image\" \/>\n<meta name=\"twitter:label1\" content=\"Ber\u00e4knad l\u00e4stid\" \/>\n\t<meta name=\"twitter:data1\" content=\"1 minut\" \/>\n<script type=\"application\/ld+json\" class=\"yoast-schema-graph\">{\"@context\":\"https:\/\/schema.org\",\"@graph\":[{\"@type\":\"WebPage\",\"@id\":\"https:\/\/com.rst-steel.eu\/product\/counterweight-bar-volvo-ec250el-2016-2020_prm_69560\/\",\"url\":\"https:\/\/com.rst-steel.eu\/product\/counterweight-bar-volvo-ec250el-2016-2020_prm_69560\/\",\"name\":\"Counterweight Bar Volvo EC250EL, 2016-2020 - RST-Steel\",\"isPartOf\":{\"@id\":\"https:\/\/com.rst-steel.eu\/#website\"},\"primaryImageOfPage\":{\"@id\":\"https:\/\/com.rst-steel.eu\/product\/counterweight-bar-volvo-ec250el-2016-2020_prm_69560\/#primaryimage\"},\"image\":{\"@id\":\"https:\/\/com.rst-steel.eu\/product\/counterweight-bar-volvo-ec250el-2016-2020_prm_69560\/#primaryimage\"},\"thumbnailUrl\":\"https:\/\/com.rst-steel.eu\/wp-content\/uploads\/2026\/02\/4caeb1c27cee339d92eab492727212dbb3f9a603_TVO207.jpg\",\"datePublished\":\"2026-02-25T07:34:58+00:00\",\"dateModified\":\"2026-03-19T06:52:54+00:00\",\"description\":\"Counterweight Bar Volvo EC250EL, 2016-2020. Stainless steel, durable, easy to install, enhances safety and allows secure light mounting.\",\"breadcrumb\":{\"@id\":\"https:\/\/com.rst-steel.eu\/product\/counterweight-bar-volvo-ec250el-2016-2020_prm_69560\/#breadcrumb\"},\"inLanguage\":\"sv-SE\",\"potentialAction\":[{\"@type\":\"ReadAction\",\"target\":[\"https:\/\/com.rst-steel.eu\/product\/counterweight-bar-volvo-ec250el-2016-2020_prm_69560\/\"]}]},{\"@type\":\"ImageObject\",\"inLanguage\":\"sv-SE\",\"@id\":\"https:\/\/com.rst-steel.eu\/product\/counterweight-bar-volvo-ec250el-2016-2020_prm_69560\/#primaryimage\",\"url\":\"https:\/\/com.rst-steel.eu\/wp-content\/uploads\/2026\/02\/4caeb1c27cee339d92eab492727212dbb3f9a603_TVO207.jpg\",\"contentUrl\":\"https:\/\/com.rst-steel.eu\/wp-content\/uploads\/2026\/02\/4caeb1c27cee339d92eab492727212dbb3f9a603_TVO207.jpg\",\"width\":1280,\"height\":853,\"caption\":\"Counterweight Bar Volvo EC250EL, 2016-2020\"},{\"@type\":\"BreadcrumbList\",\"@id\":\"https:\/\/com.rst-steel.eu\/product\/counterweight-bar-volvo-ec250el-2016-2020_prm_69560\/#breadcrumb\",\"itemListElement\":[{\"@type\":\"ListItem\",\"position\":1,\"name\":\"Home\",\"item\":\"https:\/\/com.rst-steel.eu\/\"},{\"@type\":\"ListItem\",\"position\":2,\"name\":\"RST-Steel Shop\",\"item\":\"https:\/\/com.rst-steel.eu\/shop\/\"},{\"@type\":\"ListItem\",\"position\":3,\"name\":\"Counterweight Bar Volvo EC250EL, 2016-2020\"}]},{\"@type\":\"WebSite\",\"@id\":\"https:\/\/com.rst-steel.eu\/#website\",\"url\":\"https:\/\/com.rst-steel.eu\/\",\"name\":\"RST-Steel.com\",\"description\":\"Finnish quality steel, for quality-conscious drivers\",\"publisher\":{\"@id\":\"https:\/\/com.rst-steel.eu\/#organization\"},\"alternateName\":\"Safe and stylish RST-Steel quality\",\"potentialAction\":[{\"@type\":\"SearchAction\",\"target\":{\"@type\":\"EntryPoint\",\"urlTemplate\":\"https:\/\/com.rst-steel.eu\/?s={search_term_string}\"},\"query-input\":{\"@type\":\"PropertyValueSpecification\",\"valueRequired\":true,\"valueName\":\"search_term_string\"}}],\"inLanguage\":\"sv-SE\"},{\"@type\":\"Organization\",\"@id\":\"https:\/\/com.rst-steel.eu\/#organization\",\"name\":\"RST-Steel Oy\",\"url\":\"https:\/\/com.rst-steel.eu\/\",\"logo\":{\"@type\":\"ImageObject\",\"inLanguage\":\"sv-SE\",\"@id\":\"https:\/\/com.rst-steel.eu\/#\/schema\/logo\/image\/\",\"url\":\"https:\/\/com.rst-steel.eu\/wp-content\/uploads\/2023\/04\/cropped-Rst-logo-valkoinen-teksti-3.png\",\"contentUrl\":\"https:\/\/com.rst-steel.eu\/wp-content\/uploads\/2023\/04\/cropped-Rst-logo-valkoinen-teksti-3.png\",\"width\":512,\"height\":115,\"caption\":\"RST-Steel Oy\"},\"image\":{\"@id\":\"https:\/\/com.rst-steel.eu\/#\/schema\/logo\/image\/\"},\"sameAs\":[\"https:\/\/www.facebook.com\/rststeel\",\"https:\/\/www.instagram.com\/rststeeloy\/\"]}]}<\/script>\n<!-- \/ Yoast SEO plugin. -->","yoast_head_json":{"title":"Counterweight Bar Volvo EC250EL, 2016-2020 - RST-Steel","description":"Counterweight Bar Volvo EC250EL, 2016-2020. Stainless steel, durable, easy to install, enhances safety and allows secure light mounting.","robots":{"index":"index","follow":"follow","max-snippet":"max-snippet:-1","max-image-preview":"max-image-preview:large","max-video-preview":"max-video-preview:-1"},"canonical":"https:\/\/com.rst-steel.eu\/sv\/produkt\/counterweight-bar-volvo-ec250el-2016-2020_prm_69560\/","og_locale":"sv_SE","og_type":"article","og_title":"Counterweight Bar Volvo EC250EL, 2016-2020 - RST-Steel","og_description":"Counterweight Bar Volvo EC250EL, 2016-2020. Stainless steel, durable, easy to install, enhances safety and allows secure light mounting.","og_url":"https:\/\/com.rst-steel.eu\/sv\/produkt\/counterweight-bar-volvo-ec250el-2016-2020_prm_69560\/","og_site_name":"RST-Steel","article_publisher":"https:\/\/www.facebook.com\/rststeel","article_modified_time":"2026-03-19T06:52:54+00:00","og_image":[{"width":1280,"height":853,"url":"https:\/\/com.rst-steel.eu\/wp-content\/uploads\/2026\/02\/4caeb1c27cee339d92eab492727212dbb3f9a603_TVO207.jpg","type":"image\/jpeg"}],"twitter_card":"summary_large_image","twitter_misc":{"Ber\u00e4knad l\u00e4stid":"1 minut"},"schema":{"@context":"https:\/\/schema.org","@graph":[{"@type":"WebPage","@id":"https:\/\/com.rst-steel.eu\/product\/counterweight-bar-volvo-ec250el-2016-2020_prm_69560\/","url":"https:\/\/com.rst-steel.eu\/product\/counterweight-bar-volvo-ec250el-2016-2020_prm_69560\/","name":"Counterweight Bar Volvo EC250EL, 2016-2020 - RST-Steel","isPartOf":{"@id":"https:\/\/com.rst-steel.eu\/#website"},"primaryImageOfPage":{"@id":"https:\/\/com.rst-steel.eu\/product\/counterweight-bar-volvo-ec250el-2016-2020_prm_69560\/#primaryimage"},"image":{"@id":"https:\/\/com.rst-steel.eu\/product\/counterweight-bar-volvo-ec250el-2016-2020_prm_69560\/#primaryimage"},"thumbnailUrl":"https:\/\/com.rst-steel.eu\/wp-content\/uploads\/2026\/02\/4caeb1c27cee339d92eab492727212dbb3f9a603_TVO207.jpg","datePublished":"2026-02-25T07:34:58+00:00","dateModified":"2026-03-19T06:52:54+00:00","description":"Counterweight Bar Volvo EC250EL, 2016-2020. Stainless steel, durable, easy to install, enhances safety and allows secure light mounting.","breadcrumb":{"@id":"https:\/\/com.rst-steel.eu\/product\/counterweight-bar-volvo-ec250el-2016-2020_prm_69560\/#breadcrumb"},"inLanguage":"sv-SE","potentialAction":[{"@type":"ReadAction","target":["https:\/\/com.rst-steel.eu\/product\/counterweight-bar-volvo-ec250el-2016-2020_prm_69560\/"]}]},{"@type":"ImageObject","inLanguage":"sv-SE","@id":"https:\/\/com.rst-steel.eu\/product\/counterweight-bar-volvo-ec250el-2016-2020_prm_69560\/#primaryimage","url":"https:\/\/com.rst-steel.eu\/wp-content\/uploads\/2026\/02\/4caeb1c27cee339d92eab492727212dbb3f9a603_TVO207.jpg","contentUrl":"https:\/\/com.rst-steel.eu\/wp-content\/uploads\/2026\/02\/4caeb1c27cee339d92eab492727212dbb3f9a603_TVO207.jpg","width":1280,"height":853,"caption":"Counterweight Bar Volvo EC250EL, 2016-2020"},{"@type":"BreadcrumbList","@id":"https:\/\/com.rst-steel.eu\/product\/counterweight-bar-volvo-ec250el-2016-2020_prm_69560\/#breadcrumb","itemListElement":[{"@type":"ListItem","position":1,"name":"Home","item":"https:\/\/com.rst-steel.eu\/"},{"@type":"ListItem","position":2,"name":"RST-Steel Shop","item":"https:\/\/com.rst-steel.eu\/shop\/"},{"@type":"ListItem","position":3,"name":"Counterweight Bar Volvo EC250EL, 2016-2020"}]},{"@type":"WebSite","@id":"https:\/\/com.rst-steel.eu\/#website","url":"https:\/\/com.rst-steel.eu\/","name":"RST-Stahl.com","description":"Finskt kvalitetsst\u00e5l, f\u00f6r kvalitetsmedvetna f\u00f6rare","publisher":{"@id":"https:\/\/com.rst-steel.eu\/#organization"},"alternateName":"Safe and stylish RST-Steel quality","potentialAction":[{"@type":"SearchAction","target":{"@type":"EntryPoint","urlTemplate":"https:\/\/com.rst-steel.eu\/?s={search_term_string}"},"query-input":{"@type":"PropertyValueSpecification","valueRequired":true,"valueName":"search_term_string"}}],"inLanguage":"sv-SE"},{"@type":"Organization","@id":"https:\/\/com.rst-steel.eu\/#organization","name":"RST-Steel Oy","url":"https:\/\/com.rst-steel.eu\/","logo":{"@type":"ImageObject","inLanguage":"sv-SE","@id":"https:\/\/com.rst-steel.eu\/#\/schema\/logo\/image\/","url":"https:\/\/com.rst-steel.eu\/wp-content\/uploads\/2023\/04\/cropped-Rst-logo-valkoinen-teksti-3.png","contentUrl":"https:\/\/com.rst-steel.eu\/wp-content\/uploads\/2023\/04\/cropped-Rst-logo-valkoinen-teksti-3.png","width":512,"height":115,"caption":"RST-Steel Oy"},"image":{"@id":"https:\/\/com.rst-steel.eu\/#\/schema\/logo\/image\/"},"sameAs":["https:\/\/www.facebook.com\/rststeel","https:\/\/www.instagram.com\/rststeeloy\/"]}]}},"brands":[{"id":8334,"name":"RST-Steel","slug":"brand_rststeel"}],"_links":{"self":[{"href":"https:\/\/com.rst-steel.eu\/sv\/wp-json\/wp\/v2\/product\/122497","targetHints":{"allow":["GET"]}}],"collection":[{"href":"https:\/\/com.rst-steel.eu\/sv\/wp-json\/wp\/v2\/product"}],"about":[{"href":"https:\/\/com.rst-steel.eu\/sv\/wp-json\/wp\/v2\/types\/product"}],"replies":[{"embeddable":true,"href":"https:\/\/com.rst-steel.eu\/sv\/wp-json\/wp\/v2\/comments?post=122497"}],"version-history":[{"count":0,"href":"https:\/\/com.rst-steel.eu\/sv\/wp-json\/wp\/v2\/product\/122497\/revisions"}],"wp:featuredmedia":[{"embeddable":true,"href":"https:\/\/com.rst-steel.eu\/sv\/wp-json\/wp\/v2\/media\/122496"}],"wp:attachment":[{"href":"https:\/\/com.rst-steel.eu\/sv\/wp-json\/wp\/v2\/media?parent=122497"}],"wp:term":[{"taxonomy":"make_fuel_type","embeddable":true,"href":"https:\/\/com.rst-steel.eu\/sv\/wp-json\/wp\/v2\/make_fuel_type?post=122497"},{"taxonomy":"make_model","embeddable":true,"href":"https:\/\/com.rst-steel.eu\/sv\/wp-json\/wp\/v2\/make_model?post=122497"},{"taxonomy":"make_brand","embeddable":true,"href":"https:\/\/com.rst-steel.eu\/sv\/wp-json\/wp\/v2\/make_brand?post=122497"},{"taxonomy":"make_year","embeddable":true,"href":"https:\/\/com.rst-steel.eu\/sv\/wp-json\/wp\/v2\/make_year?post=122497"},{"taxonomy":"pwb-brand","embeddable":true,"href":"https:\/\/com.rst-steel.eu\/sv\/wp-json\/wp\/v2\/pwb-brand?post=122497"},{"taxonomy":"product_brand","embeddable":true,"href":"https:\/\/com.rst-steel.eu\/sv\/wp-json\/wp\/v2\/product_brand?post=122497"},{"taxonomy":"product_cat","embeddable":true,"href":"https:\/\/com.rst-steel.eu\/sv\/wp-json\/wp\/v2\/product_cat?post=122497"},{"taxonomy":"product_tag","embeddable":true,"href":"https:\/\/com.rst-steel.eu\/sv\/wp-json\/wp\/v2\/product_tag?post=122497"}],"curies":[{"name":"wp","href":"https:\/\/api.w.org\/{rel}","templated":true}]}}