{"id":122391,"date":"2026-02-24T10:03:30","date_gmt":"2026-02-24T07:03:30","guid":{"rendered":"https:\/\/rst-steel.com\/product\/rear-bar-kubota-u56-5-kx60-5_prm_65602\/"},"modified":"2026-03-19T09:56:36","modified_gmt":"2026-03-19T06:56:36","slug":"counterweight-bar-kubota-u56-5-kx60-5_prm_65602","status":"publish","type":"product","link":"https:\/\/com.rst-steel.eu\/sv\/produkt\/counterweight-bar-kubota-u56-5-kx60-5_prm_65602\/","title":{"rendered":"Counterweight Bar Kubota U56-5 \/ KX60-5"},"content":{"rendered":"<p><strong>Counterweight Bar Kubota U56-5 \/ KX60-5<\/strong><\/p>\n<p>RST-Steel counterweight bars are high-quality Key Flag products made from stainless steel in Finland.<br \/>\nThe counterweight bar is a stylish accessory that allows you to mount lights easily and securely.<br \/>\nIt is available with marker lights, marker lights with strobe lights, or without lights.<\/p>\n<p><span style=\"font-weight: bold;\">Tekniska specifikationer<\/span><\/p>\n<ul>\n<li>F\u00e4rg: Polerat rostfritt st\u00e5l<\/li>\n<li>R\u00f6rdiameter: 60 mm<\/li>\n<li><\/li>\n<\/ul>\n<p><span style=\"font-weight: bold;\">Paketet inneh\u00e5ller:<\/span><\/p>\n<ul>\n<li>Model-specific counter weight bar<\/li>\n<li>N\u00f6dv\u00e4ndigt monteringsmaterial<\/li>\n<li>Instruktioner f\u00f6r installation<\/li>\n<li><\/li>\n<\/ul>\n<p><span style=\"font-weight: bold;\">Monteringsservice finns ocks\u00e5 tillg\u00e4nglig hos oss vid behov!<\/span><\/p>","protected":false},"excerpt":{"rendered":"<p>Motviktsb\u00e5ge finns med positionsljus, med positionsljus och varningsblinkande ljus, eller utan lampor!<\/p>","protected":false},"featured_media":122388,"comment_status":"open","ping_status":"closed","template":"","meta":{"_improvement_type_select":"improve_an_existing","_thumb_yes_seoaic":false,"_frame_yes_seoaic":false,"seoaic_generate_description":"","seoaic_improve_instructions_prompt":"","seoaic_rollback_content_improvement":"","seoaic_idea_thumbnail_generator":"","thumbnail_generated":false,"thumbnail_generate_prompt":"","seoaic_article_description":""},"make_fuel_type":[],"make_model":[],"make_brand":[],"make_year":[6465],"pwb-brand":[8334],"product_brand":[],"product_cat":[8076,6057,6069],"product_tag":[],"class_list":{"0":"post-122391","1":"product","2":"type-product","3":"status-publish","4":"has-post-thumbnail","6":"make_year-workmachines","7":"pwb-brand-brand_rststeel","8":"product_cat-kubota-vr-kkp","9":"product_cat-lightbars","10":"product_cat-rearbars-for-excavators","11":"product_shipping_class-lightbars","13":"first","14":"onbackorder","15":"taxable","16":"shipping-taxable","17":"purchasable","18":"product-type-variable"},"yoast_head":"<!-- This site is optimized with the Yoast SEO plugin v25.7 - https:\/\/yoast.com\/wordpress\/plugins\/seo\/ -->\n<title>Counterweight Bar Kubota U56-5 \/ KX60-5 - RST-Steel<\/title>\n<meta name=\"description\" content=\"Counterweight Bar Kubota U56-5 \/ KX60-5, durable stainless steel, easy to install, available with or without marker and strobe lights.\" \/>\n<meta name=\"robots\" content=\"index, follow, max-snippet:-1, max-image-preview:large, max-video-preview:-1\" \/>\n<link rel=\"canonical\" href=\"https:\/\/com.rst-steel.eu\/sv\/produkt\/counterweight-bar-kubota-u56-5-kx60-5_prm_65602\/\" \/>\n<meta property=\"og:locale\" content=\"sv_SE\" \/>\n<meta property=\"og:type\" content=\"article\" \/>\n<meta property=\"og:title\" content=\"Counterweight Bar Kubota U56-5 \/ KX60-5 - RST-Steel\" \/>\n<meta property=\"og:description\" content=\"Counterweight Bar Kubota U56-5 \/ KX60-5, durable stainless steel, easy to install, available with or without marker and strobe lights.\" \/>\n<meta property=\"og:url\" content=\"https:\/\/com.rst-steel.eu\/sv\/produkt\/counterweight-bar-kubota-u56-5-kx60-5_prm_65602\/\" \/>\n<meta property=\"og:site_name\" content=\"RST-Steel\" \/>\n<meta property=\"article:publisher\" content=\"https:\/\/www.facebook.com\/rststeel\" \/>\n<meta property=\"article:modified_time\" content=\"2026-03-19T06:56:36+00:00\" \/>\n<meta property=\"og:image\" content=\"https:\/\/com.rst-steel.eu\/wp-content\/uploads\/2026\/02\/fa7281f7cca42c701028d04c7bad5eb76538e329_ValotelinePunttiinKubotaU56_5KX60_5_TKU201A_0ae910841822a2455023eb73b36ed3c0_1.jpg\" \/>\n\t<meta property=\"og:image:width\" content=\"1280\" \/>\n\t<meta property=\"og:image:height\" content=\"1024\" \/>\n\t<meta property=\"og:image:type\" content=\"image\/jpeg\" \/>\n<meta name=\"twitter:card\" content=\"summary_large_image\" \/>\n<meta name=\"twitter:label1\" content=\"Ber\u00e4knad l\u00e4stid\" \/>\n\t<meta name=\"twitter:data1\" content=\"1 minut\" \/>\n<script type=\"application\/ld+json\" class=\"yoast-schema-graph\">{\"@context\":\"https:\/\/schema.org\",\"@graph\":[{\"@type\":\"WebPage\",\"@id\":\"https:\/\/com.rst-steel.eu\/product\/counterweight-bar-kubota-u56-5-kx60-5_prm_65602\/\",\"url\":\"https:\/\/com.rst-steel.eu\/product\/counterweight-bar-kubota-u56-5-kx60-5_prm_65602\/\",\"name\":\"Counterweight Bar Kubota U56-5 \/ KX60-5 - RST-Steel\",\"isPartOf\":{\"@id\":\"https:\/\/com.rst-steel.eu\/#website\"},\"primaryImageOfPage\":{\"@id\":\"https:\/\/com.rst-steel.eu\/product\/counterweight-bar-kubota-u56-5-kx60-5_prm_65602\/#primaryimage\"},\"image\":{\"@id\":\"https:\/\/com.rst-steel.eu\/product\/counterweight-bar-kubota-u56-5-kx60-5_prm_65602\/#primaryimage\"},\"thumbnailUrl\":\"https:\/\/com.rst-steel.eu\/wp-content\/uploads\/2026\/02\/fa7281f7cca42c701028d04c7bad5eb76538e329_ValotelinePunttiinKubotaU56_5KX60_5_TKU201A_0ae910841822a2455023eb73b36ed3c0_1.jpg\",\"datePublished\":\"2026-02-24T07:03:30+00:00\",\"dateModified\":\"2026-03-19T06:56:36+00:00\",\"description\":\"Counterweight Bar Kubota U56-5 \/ KX60-5, durable stainless steel, easy to install, available with or without marker and strobe lights.\",\"breadcrumb\":{\"@id\":\"https:\/\/com.rst-steel.eu\/product\/counterweight-bar-kubota-u56-5-kx60-5_prm_65602\/#breadcrumb\"},\"inLanguage\":\"sv-SE\",\"potentialAction\":[{\"@type\":\"ReadAction\",\"target\":[\"https:\/\/com.rst-steel.eu\/product\/counterweight-bar-kubota-u56-5-kx60-5_prm_65602\/\"]}]},{\"@type\":\"ImageObject\",\"inLanguage\":\"sv-SE\",\"@id\":\"https:\/\/com.rst-steel.eu\/product\/counterweight-bar-kubota-u56-5-kx60-5_prm_65602\/#primaryimage\",\"url\":\"https:\/\/com.rst-steel.eu\/wp-content\/uploads\/2026\/02\/fa7281f7cca42c701028d04c7bad5eb76538e329_ValotelinePunttiinKubotaU56_5KX60_5_TKU201A_0ae910841822a2455023eb73b36ed3c0_1.jpg\",\"contentUrl\":\"https:\/\/com.rst-steel.eu\/wp-content\/uploads\/2026\/02\/fa7281f7cca42c701028d04c7bad5eb76538e329_ValotelinePunttiinKubotaU56_5KX60_5_TKU201A_0ae910841822a2455023eb73b36ed3c0_1.jpg\",\"width\":1280,\"height\":1024,\"caption\":\"Counterweight Bar Kubota U56-5 \/ KX60-5\"},{\"@type\":\"BreadcrumbList\",\"@id\":\"https:\/\/com.rst-steel.eu\/product\/counterweight-bar-kubota-u56-5-kx60-5_prm_65602\/#breadcrumb\",\"itemListElement\":[{\"@type\":\"ListItem\",\"position\":1,\"name\":\"Home\",\"item\":\"https:\/\/com.rst-steel.eu\/\"},{\"@type\":\"ListItem\",\"position\":2,\"name\":\"RST-Steel Shop\",\"item\":\"https:\/\/com.rst-steel.eu\/shop\/\"},{\"@type\":\"ListItem\",\"position\":3,\"name\":\"Counterweight Bar Kubota U56-5 \/ KX60-5\"}]},{\"@type\":\"WebSite\",\"@id\":\"https:\/\/com.rst-steel.eu\/#website\",\"url\":\"https:\/\/com.rst-steel.eu\/\",\"name\":\"RST-Steel.com\",\"description\":\"Finnish quality steel, for quality-conscious drivers\",\"publisher\":{\"@id\":\"https:\/\/com.rst-steel.eu\/#organization\"},\"alternateName\":\"Safe and stylish RST-Steel quality\",\"potentialAction\":[{\"@type\":\"SearchAction\",\"target\":{\"@type\":\"EntryPoint\",\"urlTemplate\":\"https:\/\/com.rst-steel.eu\/?s={search_term_string}\"},\"query-input\":{\"@type\":\"PropertyValueSpecification\",\"valueRequired\":true,\"valueName\":\"search_term_string\"}}],\"inLanguage\":\"sv-SE\"},{\"@type\":\"Organization\",\"@id\":\"https:\/\/com.rst-steel.eu\/#organization\",\"name\":\"RST-Steel Oy\",\"url\":\"https:\/\/com.rst-steel.eu\/\",\"logo\":{\"@type\":\"ImageObject\",\"inLanguage\":\"sv-SE\",\"@id\":\"https:\/\/com.rst-steel.eu\/#\/schema\/logo\/image\/\",\"url\":\"https:\/\/com.rst-steel.eu\/wp-content\/uploads\/2023\/04\/cropped-Rst-logo-valkoinen-teksti-3.png\",\"contentUrl\":\"https:\/\/com.rst-steel.eu\/wp-content\/uploads\/2023\/04\/cropped-Rst-logo-valkoinen-teksti-3.png\",\"width\":512,\"height\":115,\"caption\":\"RST-Steel Oy\"},\"image\":{\"@id\":\"https:\/\/com.rst-steel.eu\/#\/schema\/logo\/image\/\"},\"sameAs\":[\"https:\/\/www.facebook.com\/rststeel\",\"https:\/\/www.instagram.com\/rststeeloy\/\"]}]}<\/script>\n<!-- \/ Yoast SEO plugin. -->","yoast_head_json":{"title":"Counterweight Bar Kubota U56-5 \/ KX60-5 - RST-Steel","description":"Counterweight Bar Kubota U56-5 \/ KX60-5, durable stainless steel, easy to install, available with or without marker and strobe lights.","robots":{"index":"index","follow":"follow","max-snippet":"max-snippet:-1","max-image-preview":"max-image-preview:large","max-video-preview":"max-video-preview:-1"},"canonical":"https:\/\/com.rst-steel.eu\/sv\/produkt\/counterweight-bar-kubota-u56-5-kx60-5_prm_65602\/","og_locale":"sv_SE","og_type":"article","og_title":"Counterweight Bar Kubota U56-5 \/ KX60-5 - RST-Steel","og_description":"Counterweight Bar Kubota U56-5 \/ KX60-5, durable stainless steel, easy to install, available with or without marker and strobe lights.","og_url":"https:\/\/com.rst-steel.eu\/sv\/produkt\/counterweight-bar-kubota-u56-5-kx60-5_prm_65602\/","og_site_name":"RST-Steel","article_publisher":"https:\/\/www.facebook.com\/rststeel","article_modified_time":"2026-03-19T06:56:36+00:00","og_image":[{"width":1280,"height":1024,"url":"https:\/\/com.rst-steel.eu\/wp-content\/uploads\/2026\/02\/fa7281f7cca42c701028d04c7bad5eb76538e329_ValotelinePunttiinKubotaU56_5KX60_5_TKU201A_0ae910841822a2455023eb73b36ed3c0_1.jpg","type":"image\/jpeg"}],"twitter_card":"summary_large_image","twitter_misc":{"Ber\u00e4knad l\u00e4stid":"1 minut"},"schema":{"@context":"https:\/\/schema.org","@graph":[{"@type":"WebPage","@id":"https:\/\/com.rst-steel.eu\/product\/counterweight-bar-kubota-u56-5-kx60-5_prm_65602\/","url":"https:\/\/com.rst-steel.eu\/product\/counterweight-bar-kubota-u56-5-kx60-5_prm_65602\/","name":"Counterweight Bar Kubota U56-5 \/ KX60-5 - RST-Steel","isPartOf":{"@id":"https:\/\/com.rst-steel.eu\/#website"},"primaryImageOfPage":{"@id":"https:\/\/com.rst-steel.eu\/product\/counterweight-bar-kubota-u56-5-kx60-5_prm_65602\/#primaryimage"},"image":{"@id":"https:\/\/com.rst-steel.eu\/product\/counterweight-bar-kubota-u56-5-kx60-5_prm_65602\/#primaryimage"},"thumbnailUrl":"https:\/\/com.rst-steel.eu\/wp-content\/uploads\/2026\/02\/fa7281f7cca42c701028d04c7bad5eb76538e329_ValotelinePunttiinKubotaU56_5KX60_5_TKU201A_0ae910841822a2455023eb73b36ed3c0_1.jpg","datePublished":"2026-02-24T07:03:30+00:00","dateModified":"2026-03-19T06:56:36+00:00","description":"Counterweight Bar Kubota U56-5 \/ KX60-5, durable stainless steel, easy to install, available with or without marker and strobe lights.","breadcrumb":{"@id":"https:\/\/com.rst-steel.eu\/product\/counterweight-bar-kubota-u56-5-kx60-5_prm_65602\/#breadcrumb"},"inLanguage":"sv-SE","potentialAction":[{"@type":"ReadAction","target":["https:\/\/com.rst-steel.eu\/product\/counterweight-bar-kubota-u56-5-kx60-5_prm_65602\/"]}]},{"@type":"ImageObject","inLanguage":"sv-SE","@id":"https:\/\/com.rst-steel.eu\/product\/counterweight-bar-kubota-u56-5-kx60-5_prm_65602\/#primaryimage","url":"https:\/\/com.rst-steel.eu\/wp-content\/uploads\/2026\/02\/fa7281f7cca42c701028d04c7bad5eb76538e329_ValotelinePunttiinKubotaU56_5KX60_5_TKU201A_0ae910841822a2455023eb73b36ed3c0_1.jpg","contentUrl":"https:\/\/com.rst-steel.eu\/wp-content\/uploads\/2026\/02\/fa7281f7cca42c701028d04c7bad5eb76538e329_ValotelinePunttiinKubotaU56_5KX60_5_TKU201A_0ae910841822a2455023eb73b36ed3c0_1.jpg","width":1280,"height":1024,"caption":"Counterweight Bar Kubota U56-5 \/ KX60-5"},{"@type":"BreadcrumbList","@id":"https:\/\/com.rst-steel.eu\/product\/counterweight-bar-kubota-u56-5-kx60-5_prm_65602\/#breadcrumb","itemListElement":[{"@type":"ListItem","position":1,"name":"Home","item":"https:\/\/com.rst-steel.eu\/"},{"@type":"ListItem","position":2,"name":"RST-Steel Shop","item":"https:\/\/com.rst-steel.eu\/shop\/"},{"@type":"ListItem","position":3,"name":"Counterweight Bar Kubota U56-5 \/ KX60-5"}]},{"@type":"WebSite","@id":"https:\/\/com.rst-steel.eu\/#website","url":"https:\/\/com.rst-steel.eu\/","name":"RST-Stahl.com","description":"Finskt kvalitetsst\u00e5l, f\u00f6r kvalitetsmedvetna f\u00f6rare","publisher":{"@id":"https:\/\/com.rst-steel.eu\/#organization"},"alternateName":"Safe and stylish RST-Steel quality","potentialAction":[{"@type":"SearchAction","target":{"@type":"EntryPoint","urlTemplate":"https:\/\/com.rst-steel.eu\/?s={search_term_string}"},"query-input":{"@type":"PropertyValueSpecification","valueRequired":true,"valueName":"search_term_string"}}],"inLanguage":"sv-SE"},{"@type":"Organization","@id":"https:\/\/com.rst-steel.eu\/#organization","name":"RST-Steel Oy","url":"https:\/\/com.rst-steel.eu\/","logo":{"@type":"ImageObject","inLanguage":"sv-SE","@id":"https:\/\/com.rst-steel.eu\/#\/schema\/logo\/image\/","url":"https:\/\/com.rst-steel.eu\/wp-content\/uploads\/2023\/04\/cropped-Rst-logo-valkoinen-teksti-3.png","contentUrl":"https:\/\/com.rst-steel.eu\/wp-content\/uploads\/2023\/04\/cropped-Rst-logo-valkoinen-teksti-3.png","width":512,"height":115,"caption":"RST-Steel Oy"},"image":{"@id":"https:\/\/com.rst-steel.eu\/#\/schema\/logo\/image\/"},"sameAs":["https:\/\/www.facebook.com\/rststeel","https:\/\/www.instagram.com\/rststeeloy\/"]}]}},"brands":[{"id":8334,"name":"RST-Steel","slug":"brand_rststeel"}],"_links":{"self":[{"href":"https:\/\/com.rst-steel.eu\/sv\/wp-json\/wp\/v2\/product\/122391","targetHints":{"allow":["GET"]}}],"collection":[{"href":"https:\/\/com.rst-steel.eu\/sv\/wp-json\/wp\/v2\/product"}],"about":[{"href":"https:\/\/com.rst-steel.eu\/sv\/wp-json\/wp\/v2\/types\/product"}],"replies":[{"embeddable":true,"href":"https:\/\/com.rst-steel.eu\/sv\/wp-json\/wp\/v2\/comments?post=122391"}],"version-history":[{"count":0,"href":"https:\/\/com.rst-steel.eu\/sv\/wp-json\/wp\/v2\/product\/122391\/revisions"}],"wp:featuredmedia":[{"embeddable":true,"href":"https:\/\/com.rst-steel.eu\/sv\/wp-json\/wp\/v2\/media\/122388"}],"wp:attachment":[{"href":"https:\/\/com.rst-steel.eu\/sv\/wp-json\/wp\/v2\/media?parent=122391"}],"wp:term":[{"taxonomy":"make_fuel_type","embeddable":true,"href":"https:\/\/com.rst-steel.eu\/sv\/wp-json\/wp\/v2\/make_fuel_type?post=122391"},{"taxonomy":"make_model","embeddable":true,"href":"https:\/\/com.rst-steel.eu\/sv\/wp-json\/wp\/v2\/make_model?post=122391"},{"taxonomy":"make_brand","embeddable":true,"href":"https:\/\/com.rst-steel.eu\/sv\/wp-json\/wp\/v2\/make_brand?post=122391"},{"taxonomy":"make_year","embeddable":true,"href":"https:\/\/com.rst-steel.eu\/sv\/wp-json\/wp\/v2\/make_year?post=122391"},{"taxonomy":"pwb-brand","embeddable":true,"href":"https:\/\/com.rst-steel.eu\/sv\/wp-json\/wp\/v2\/pwb-brand?post=122391"},{"taxonomy":"product_brand","embeddable":true,"href":"https:\/\/com.rst-steel.eu\/sv\/wp-json\/wp\/v2\/product_brand?post=122391"},{"taxonomy":"product_cat","embeddable":true,"href":"https:\/\/com.rst-steel.eu\/sv\/wp-json\/wp\/v2\/product_cat?post=122391"},{"taxonomy":"product_tag","embeddable":true,"href":"https:\/\/com.rst-steel.eu\/sv\/wp-json\/wp\/v2\/product_tag?post=122391"}],"curies":[{"name":"wp","href":"https:\/\/api.w.org\/{rel}","templated":true}]}}