{"id":121982,"date":"2026-02-20T09:27:22","date_gmt":"2026-02-20T06:27:22","guid":{"rendered":"https:\/\/rst-steel.com\/product\/rear-bar-hitachi-zx225usrlc-7-o60mm_prm_75823\/"},"modified":"2026-03-19T09:43:54","modified_gmt":"2026-03-19T06:43:54","slug":"counterweight-bar-hitachi-zx225usrlc-7-o60mm_prm_75823","status":"publish","type":"product","link":"https:\/\/com.rst-steel.eu\/sv\/produkt\/counterweight-bar-hitachi-zx225usrlc-7-o60mm_prm_75823\/","title":{"rendered":"Counterweight Bar Hitachi ZX225USRLC-7"},"content":{"rendered":"<p data-start=\"0\" data-end=\"53\"><strong>Counterweight Bar Hitachi ZX225USRLC-7<\/strong><\/p>\n<p data-start=\"55\" data-end=\"167\">RST-Steel counterweight bars are premium Key Flag products, manufactured in Finland from high-quality stainless steel.<\/p>\n<p data-start=\"169\" data-end=\"466\">This stylish counterweight bar completes the look of your machine while providing practical functionality \u2013 it can be equipped with marker lights and strobe lights, improving your visibility both in traffic and on the worksite. The light bar wraps around the entire rear counterweight for full coverage.<\/p>\n<ul>\n<li><\/li>\n<\/ul>\n<h3 data-start=\"473\" data-end=\"500\">Varf\u00f6r v\u00e4lja RST-Steel?<\/h3>\n<ul>\n<li><strong data-start=\"501\" data-end=\"517\">Tillf\u00f6rlitlighet:<\/strong> M\u00e5nga \u00e5rs erfarenhet och expertis s\u00e4kerst\u00e4ller v\u00e5ra produkters h\u00f6ga kvalitet och h\u00e5llbarhet.<\/li>\n<li><strong data-start=\"610\" data-end=\"636\">Kundn\u00f6jdhet:<\/strong> Tusentals n\u00f6jda kunder v\u00e4rlden \u00f6ver litar p\u00e5 RST-Steels produkter.<\/li>\n<li><\/li>\n<\/ul>\n<h3 data-start=\"714\" data-end=\"745\">Tekniska specifikationer<\/h3>\n<ul data-start=\"746\" data-end=\"911\">\n<li data-start=\"746\" data-end=\"826\">\n<p data-start=\"748\" data-end=\"826\"><strong data-start=\"748\" data-end=\"758\">F\u00e4rg:<\/strong> Spegelpolerat rostfritt st\u00e5l eller m\u00e5lat i standard RAL-f\u00e4rger<\/p>\n<\/li>\n<li data-start=\"827\" data-end=\"855\">\n<p data-start=\"829\" data-end=\"855\"><strong data-start=\"829\" data-end=\"847\">R\u00f6rets diameter:<\/strong> 60 mm<\/p>\n<\/li>\n<li data-start=\"856\" data-end=\"911\">\n<p data-start=\"858\" data-end=\"911\"><strong data-start=\"858\" data-end=\"871\">Valfri:<\/strong> Utskrivbara arbetsljusf\u00e4sten: 4 st<\/p>\n<\/li>\n<li><\/li>\n<\/ul>\n<h3 data-start=\"918\" data-end=\"941\">Paketet inneh\u00e5ller:<\/h3>\n<ul data-start=\"942\" data-end=\"1031\" data-is-last-node=\"\" data-is-only-node=\"\">\n<li data-start=\"942\" data-end=\"955\">\n<p data-start=\"944\" data-end=\"955\">Counterweight bar<\/p>\n<\/li>\n<li data-start=\"956\" data-end=\"1003\">\n<p data-start=\"958\" data-end=\"1003\">Monteringsf\u00e4sten som kr\u00e4vs f\u00f6r installation<\/p>\n<\/li>\n<li data-start=\"1004\" data-end=\"1031\" data-is-last-node=\"\">\n<p data-start=\"1006\" data-end=\"1031\" data-is-last-node=\"\">Instruktioner f\u00f6r installation<\/p>\n<\/li>\n<\/ul>","protected":false},"excerpt":{"rendered":"<p>Byggd f\u00f6r att h\u00e5lla i m\u00e5nga \u00e5r<\/p>","protected":false},"featured_media":121981,"comment_status":"open","ping_status":"closed","template":"","meta":{"_improvement_type_select":"improve_an_existing","_thumb_yes_seoaic":false,"_frame_yes_seoaic":false,"seoaic_generate_description":"","seoaic_improve_instructions_prompt":"","seoaic_rollback_content_improvement":"","seoaic_idea_thumbnail_generator":"","thumbnail_generated":false,"thumbnail_generate_prompt":"","seoaic_article_description":""},"make_fuel_type":[],"make_model":[],"make_brand":[6535],"make_year":[6465],"pwb-brand":[8334],"product_brand":[],"product_cat":[8074,6057,6069],"product_tag":[],"class_list":{"0":"post-121982","1":"product","2":"type-product","3":"status-publish","4":"has-post-thumbnail","6":"make_brand-hitachiexcavator","7":"make_year-workmachines","8":"pwb-brand-brand_rststeel","9":"product_cat-hitachi-vr-kkp","10":"product_cat-lightbars","11":"product_cat-rearbars-for-excavators","12":"product_shipping_class-lightbars","14":"first","15":"onbackorder","16":"taxable","17":"shipping-taxable","18":"purchasable","19":"product-type-variable"},"yoast_head":"<!-- This site is optimized with the Yoast SEO plugin v25.7 - https:\/\/yoast.com\/wordpress\/plugins\/seo\/ -->\n<title>Counterweight Bar Hitachi ZX225USRLC-7 - RST-Steel<\/title>\n<meta name=\"description\" content=\"Heavy-duty Counterweight Bar Hitachi ZX225USRLC-7. Stainless steel construction ensures maximum protection, durability, and a professional finish.\" \/>\n<meta name=\"robots\" content=\"index, follow, max-snippet:-1, max-image-preview:large, max-video-preview:-1\" \/>\n<link rel=\"canonical\" href=\"https:\/\/com.rst-steel.eu\/sv\/produkt\/counterweight-bar-hitachi-zx225usrlc-7-o60mm_prm_75823\/\" \/>\n<meta property=\"og:locale\" content=\"sv_SE\" \/>\n<meta property=\"og:type\" content=\"article\" \/>\n<meta property=\"og:title\" content=\"Counterweight Bar Hitachi ZX225USRLC-7 - RST-Steel\" \/>\n<meta property=\"og:description\" content=\"Heavy-duty Counterweight Bar Hitachi ZX225USRLC-7. Stainless steel construction ensures maximum protection, durability, and a professional finish.\" \/>\n<meta property=\"og:url\" content=\"https:\/\/com.rst-steel.eu\/sv\/produkt\/counterweight-bar-hitachi-zx225usrlc-7-o60mm_prm_75823\/\" \/>\n<meta property=\"og:site_name\" content=\"RST-Steel\" \/>\n<meta property=\"article:publisher\" content=\"https:\/\/www.facebook.com\/rststeel\" \/>\n<meta property=\"article:modified_time\" content=\"2026-03-19T06:43:54+00:00\" \/>\n<meta property=\"og:image\" content=\"https:\/\/com.rst-steel.eu\/wp-content\/uploads\/2026\/02\/8516db4087ed464495ea34bd90eb0e2d7af6406b_THI224C_Tuotekuva_Kone.jpg\" \/>\n\t<meta property=\"og:image:width\" content=\"1920\" \/>\n\t<meta property=\"og:image:height\" content=\"1484\" \/>\n\t<meta property=\"og:image:type\" content=\"image\/jpeg\" \/>\n<meta name=\"twitter:card\" content=\"summary_large_image\" \/>\n<meta name=\"twitter:label1\" content=\"Ber\u00e4knad l\u00e4stid\" \/>\n\t<meta name=\"twitter:data1\" content=\"1 minut\" \/>\n<script type=\"application\/ld+json\" class=\"yoast-schema-graph\">{\"@context\":\"https:\/\/schema.org\",\"@graph\":[{\"@type\":\"WebPage\",\"@id\":\"https:\/\/com.rst-steel.eu\/sv\/produkt\/counterweight-bar-hitachi-zx225usrlc-7-o60mm_prm_75823\/\",\"url\":\"https:\/\/com.rst-steel.eu\/sv\/produkt\/counterweight-bar-hitachi-zx225usrlc-7-o60mm_prm_75823\/\",\"name\":\"Counterweight Bar Hitachi ZX225USRLC-7 - RST-Steel\",\"isPartOf\":{\"@id\":\"https:\/\/com.rst-steel.eu\/#website\"},\"primaryImageOfPage\":{\"@id\":\"https:\/\/com.rst-steel.eu\/sv\/produkt\/counterweight-bar-hitachi-zx225usrlc-7-o60mm_prm_75823\/#primaryimage\"},\"image\":{\"@id\":\"https:\/\/com.rst-steel.eu\/sv\/produkt\/counterweight-bar-hitachi-zx225usrlc-7-o60mm_prm_75823\/#primaryimage\"},\"thumbnailUrl\":\"https:\/\/com.rst-steel.eu\/wp-content\/uploads\/2026\/02\/8516db4087ed464495ea34bd90eb0e2d7af6406b_THI224C_Tuotekuva_Kone.jpg\",\"datePublished\":\"2026-02-20T06:27:22+00:00\",\"dateModified\":\"2026-03-19T06:43:54+00:00\",\"description\":\"Heavy-duty Counterweight Bar Hitachi ZX225USRLC-7. Stainless steel construction ensures maximum protection, durability, and a professional finish.\",\"breadcrumb\":{\"@id\":\"https:\/\/com.rst-steel.eu\/sv\/produkt\/counterweight-bar-hitachi-zx225usrlc-7-o60mm_prm_75823\/#breadcrumb\"},\"inLanguage\":\"sv-SE\",\"potentialAction\":[{\"@type\":\"ReadAction\",\"target\":[\"https:\/\/com.rst-steel.eu\/sv\/produkt\/counterweight-bar-hitachi-zx225usrlc-7-o60mm_prm_75823\/\"]}]},{\"@type\":\"ImageObject\",\"inLanguage\":\"sv-SE\",\"@id\":\"https:\/\/com.rst-steel.eu\/sv\/produkt\/counterweight-bar-hitachi-zx225usrlc-7-o60mm_prm_75823\/#primaryimage\",\"url\":\"https:\/\/com.rst-steel.eu\/wp-content\/uploads\/2026\/02\/8516db4087ed464495ea34bd90eb0e2d7af6406b_THI224C_Tuotekuva_Kone.jpg\",\"contentUrl\":\"https:\/\/com.rst-steel.eu\/wp-content\/uploads\/2026\/02\/8516db4087ed464495ea34bd90eb0e2d7af6406b_THI224C_Tuotekuva_Kone.jpg\",\"width\":1920,\"height\":1484,\"caption\":\"Counterweight Bar Hitachi ZX225USRLC-7\"},{\"@type\":\"BreadcrumbList\",\"@id\":\"https:\/\/com.rst-steel.eu\/sv\/produkt\/counterweight-bar-hitachi-zx225usrlc-7-o60mm_prm_75823\/#breadcrumb\",\"itemListElement\":[{\"@type\":\"ListItem\",\"position\":1,\"name\":\"Home\",\"item\":\"https:\/\/com.rst-steel.eu\/\"},{\"@type\":\"ListItem\",\"position\":2,\"name\":\"RST-Steel Shop\",\"item\":\"https:\/\/com.rst-steel.eu\/shop\/\"},{\"@type\":\"ListItem\",\"position\":3,\"name\":\"Counterweight Bar Hitachi ZX225USRLC-7\"}]},{\"@type\":\"WebSite\",\"@id\":\"https:\/\/com.rst-steel.eu\/#website\",\"url\":\"https:\/\/com.rst-steel.eu\/\",\"name\":\"RST-Steel.com\",\"description\":\"Finnish quality steel, for quality-conscious drivers\",\"publisher\":{\"@id\":\"https:\/\/com.rst-steel.eu\/#organization\"},\"alternateName\":\"Safe and stylish RST-Steel quality\",\"potentialAction\":[{\"@type\":\"SearchAction\",\"target\":{\"@type\":\"EntryPoint\",\"urlTemplate\":\"https:\/\/com.rst-steel.eu\/?s={search_term_string}\"},\"query-input\":{\"@type\":\"PropertyValueSpecification\",\"valueRequired\":true,\"valueName\":\"search_term_string\"}}],\"inLanguage\":\"sv-SE\"},{\"@type\":\"Organization\",\"@id\":\"https:\/\/com.rst-steel.eu\/#organization\",\"name\":\"RST-Steel Oy\",\"url\":\"https:\/\/com.rst-steel.eu\/\",\"logo\":{\"@type\":\"ImageObject\",\"inLanguage\":\"sv-SE\",\"@id\":\"https:\/\/com.rst-steel.eu\/#\/schema\/logo\/image\/\",\"url\":\"https:\/\/com.rst-steel.eu\/wp-content\/uploads\/2023\/04\/cropped-Rst-logo-valkoinen-teksti-3.png\",\"contentUrl\":\"https:\/\/com.rst-steel.eu\/wp-content\/uploads\/2023\/04\/cropped-Rst-logo-valkoinen-teksti-3.png\",\"width\":512,\"height\":115,\"caption\":\"RST-Steel Oy\"},\"image\":{\"@id\":\"https:\/\/com.rst-steel.eu\/#\/schema\/logo\/image\/\"},\"sameAs\":[\"https:\/\/www.facebook.com\/rststeel\",\"https:\/\/www.instagram.com\/rststeeloy\/\"]}]}<\/script>\n<!-- \/ Yoast SEO plugin. -->","yoast_head_json":{"title":"Counterweight Bar Hitachi ZX225USRLC-7 - RST-Steel","description":"Heavy-duty Counterweight Bar Hitachi ZX225USRLC-7. Stainless steel construction ensures maximum protection, durability, and a professional finish.","robots":{"index":"index","follow":"follow","max-snippet":"max-snippet:-1","max-image-preview":"max-image-preview:large","max-video-preview":"max-video-preview:-1"},"canonical":"https:\/\/com.rst-steel.eu\/sv\/produkt\/counterweight-bar-hitachi-zx225usrlc-7-o60mm_prm_75823\/","og_locale":"sv_SE","og_type":"article","og_title":"Counterweight Bar Hitachi ZX225USRLC-7 - RST-Steel","og_description":"Heavy-duty Counterweight Bar Hitachi ZX225USRLC-7. Stainless steel construction ensures maximum protection, durability, and a professional finish.","og_url":"https:\/\/com.rst-steel.eu\/sv\/produkt\/counterweight-bar-hitachi-zx225usrlc-7-o60mm_prm_75823\/","og_site_name":"RST-Steel","article_publisher":"https:\/\/www.facebook.com\/rststeel","article_modified_time":"2026-03-19T06:43:54+00:00","og_image":[{"width":1920,"height":1484,"url":"https:\/\/com.rst-steel.eu\/wp-content\/uploads\/2026\/02\/8516db4087ed464495ea34bd90eb0e2d7af6406b_THI224C_Tuotekuva_Kone.jpg","type":"image\/jpeg"}],"twitter_card":"summary_large_image","twitter_misc":{"Ber\u00e4knad l\u00e4stid":"1 minut"},"schema":{"@context":"https:\/\/schema.org","@graph":[{"@type":"WebPage","@id":"https:\/\/com.rst-steel.eu\/sv\/produkt\/counterweight-bar-hitachi-zx225usrlc-7-o60mm_prm_75823\/","url":"https:\/\/com.rst-steel.eu\/sv\/produkt\/counterweight-bar-hitachi-zx225usrlc-7-o60mm_prm_75823\/","name":"Counterweight Bar Hitachi ZX225USRLC-7 - RST-Steel","isPartOf":{"@id":"https:\/\/com.rst-steel.eu\/#website"},"primaryImageOfPage":{"@id":"https:\/\/com.rst-steel.eu\/sv\/produkt\/counterweight-bar-hitachi-zx225usrlc-7-o60mm_prm_75823\/#primaryimage"},"image":{"@id":"https:\/\/com.rst-steel.eu\/sv\/produkt\/counterweight-bar-hitachi-zx225usrlc-7-o60mm_prm_75823\/#primaryimage"},"thumbnailUrl":"https:\/\/com.rst-steel.eu\/wp-content\/uploads\/2026\/02\/8516db4087ed464495ea34bd90eb0e2d7af6406b_THI224C_Tuotekuva_Kone.jpg","datePublished":"2026-02-20T06:27:22+00:00","dateModified":"2026-03-19T06:43:54+00:00","description":"Heavy-duty Counterweight Bar Hitachi ZX225USRLC-7. Stainless steel construction ensures maximum protection, durability, and a professional finish.","breadcrumb":{"@id":"https:\/\/com.rst-steel.eu\/sv\/produkt\/counterweight-bar-hitachi-zx225usrlc-7-o60mm_prm_75823\/#breadcrumb"},"inLanguage":"sv-SE","potentialAction":[{"@type":"ReadAction","target":["https:\/\/com.rst-steel.eu\/sv\/produkt\/counterweight-bar-hitachi-zx225usrlc-7-o60mm_prm_75823\/"]}]},{"@type":"ImageObject","inLanguage":"sv-SE","@id":"https:\/\/com.rst-steel.eu\/sv\/produkt\/counterweight-bar-hitachi-zx225usrlc-7-o60mm_prm_75823\/#primaryimage","url":"https:\/\/com.rst-steel.eu\/wp-content\/uploads\/2026\/02\/8516db4087ed464495ea34bd90eb0e2d7af6406b_THI224C_Tuotekuva_Kone.jpg","contentUrl":"https:\/\/com.rst-steel.eu\/wp-content\/uploads\/2026\/02\/8516db4087ed464495ea34bd90eb0e2d7af6406b_THI224C_Tuotekuva_Kone.jpg","width":1920,"height":1484,"caption":"Counterweight Bar Hitachi ZX225USRLC-7"},{"@type":"BreadcrumbList","@id":"https:\/\/com.rst-steel.eu\/sv\/produkt\/counterweight-bar-hitachi-zx225usrlc-7-o60mm_prm_75823\/#breadcrumb","itemListElement":[{"@type":"ListItem","position":1,"name":"Home","item":"https:\/\/com.rst-steel.eu\/"},{"@type":"ListItem","position":2,"name":"RST-Steel Shop","item":"https:\/\/com.rst-steel.eu\/shop\/"},{"@type":"ListItem","position":3,"name":"Counterweight Bar Hitachi ZX225USRLC-7"}]},{"@type":"WebSite","@id":"https:\/\/com.rst-steel.eu\/#website","url":"https:\/\/com.rst-steel.eu\/","name":"RST-Stahl.com","description":"Finskt kvalitetsst\u00e5l, f\u00f6r kvalitetsmedvetna f\u00f6rare","publisher":{"@id":"https:\/\/com.rst-steel.eu\/#organization"},"alternateName":"Safe and stylish RST-Steel quality","potentialAction":[{"@type":"SearchAction","target":{"@type":"EntryPoint","urlTemplate":"https:\/\/com.rst-steel.eu\/?s={search_term_string}"},"query-input":{"@type":"PropertyValueSpecification","valueRequired":true,"valueName":"search_term_string"}}],"inLanguage":"sv-SE"},{"@type":"Organization","@id":"https:\/\/com.rst-steel.eu\/#organization","name":"RST-Steel Oy","url":"https:\/\/com.rst-steel.eu\/","logo":{"@type":"ImageObject","inLanguage":"sv-SE","@id":"https:\/\/com.rst-steel.eu\/#\/schema\/logo\/image\/","url":"https:\/\/com.rst-steel.eu\/wp-content\/uploads\/2023\/04\/cropped-Rst-logo-valkoinen-teksti-3.png","contentUrl":"https:\/\/com.rst-steel.eu\/wp-content\/uploads\/2023\/04\/cropped-Rst-logo-valkoinen-teksti-3.png","width":512,"height":115,"caption":"RST-Steel Oy"},"image":{"@id":"https:\/\/com.rst-steel.eu\/#\/schema\/logo\/image\/"},"sameAs":["https:\/\/www.facebook.com\/rststeel","https:\/\/www.instagram.com\/rststeeloy\/"]}]}},"brands":[{"id":8334,"name":"RST-Steel","slug":"brand_rststeel"}],"_links":{"self":[{"href":"https:\/\/com.rst-steel.eu\/sv\/wp-json\/wp\/v2\/product\/121982","targetHints":{"allow":["GET"]}}],"collection":[{"href":"https:\/\/com.rst-steel.eu\/sv\/wp-json\/wp\/v2\/product"}],"about":[{"href":"https:\/\/com.rst-steel.eu\/sv\/wp-json\/wp\/v2\/types\/product"}],"replies":[{"embeddable":true,"href":"https:\/\/com.rst-steel.eu\/sv\/wp-json\/wp\/v2\/comments?post=121982"}],"version-history":[{"count":0,"href":"https:\/\/com.rst-steel.eu\/sv\/wp-json\/wp\/v2\/product\/121982\/revisions"}],"wp:featuredmedia":[{"embeddable":true,"href":"https:\/\/com.rst-steel.eu\/sv\/wp-json\/wp\/v2\/media\/121981"}],"wp:attachment":[{"href":"https:\/\/com.rst-steel.eu\/sv\/wp-json\/wp\/v2\/media?parent=121982"}],"wp:term":[{"taxonomy":"make_fuel_type","embeddable":true,"href":"https:\/\/com.rst-steel.eu\/sv\/wp-json\/wp\/v2\/make_fuel_type?post=121982"},{"taxonomy":"make_model","embeddable":true,"href":"https:\/\/com.rst-steel.eu\/sv\/wp-json\/wp\/v2\/make_model?post=121982"},{"taxonomy":"make_brand","embeddable":true,"href":"https:\/\/com.rst-steel.eu\/sv\/wp-json\/wp\/v2\/make_brand?post=121982"},{"taxonomy":"make_year","embeddable":true,"href":"https:\/\/com.rst-steel.eu\/sv\/wp-json\/wp\/v2\/make_year?post=121982"},{"taxonomy":"pwb-brand","embeddable":true,"href":"https:\/\/com.rst-steel.eu\/sv\/wp-json\/wp\/v2\/pwb-brand?post=121982"},{"taxonomy":"product_brand","embeddable":true,"href":"https:\/\/com.rst-steel.eu\/sv\/wp-json\/wp\/v2\/product_brand?post=121982"},{"taxonomy":"product_cat","embeddable":true,"href":"https:\/\/com.rst-steel.eu\/sv\/wp-json\/wp\/v2\/product_cat?post=121982"},{"taxonomy":"product_tag","embeddable":true,"href":"https:\/\/com.rst-steel.eu\/sv\/wp-json\/wp\/v2\/product_tag?post=121982"}],"curies":[{"name":"wp","href":"https:\/\/api.w.org\/{rel}","templated":true}]}}