{"id":121862,"date":"2026-02-19T11:29:17","date_gmt":"2026-02-19T08:29:17","guid":{"rendered":"https:\/\/rst-steel.com\/product\/rear-bar-doosan-dx300lc-dx380lc-7_prm_17517\/"},"modified":"2026-03-19T10:28:12","modified_gmt":"2026-03-19T07:28:12","slug":"counterweight-bar-doosan-dx300lc-dx380lc-7_prm_17517","status":"publish","type":"product","link":"https:\/\/com.rst-steel.eu\/sv\/produkt\/counterweight-bar-doosan-dx300lc-dx380lc-7_prm_17517\/","title":{"rendered":"Counterweight Bar Doosan DX300LC- \/ DX380LC-7"},"content":{"rendered":"<p data-start=\"0\" data-end=\"52\"><strong data-start=\"0\" data-end=\"50\">Counterweight Bar Doosan DX300LC- \/ DX380LC-7<\/strong><\/p>\n<p data-start=\"54\" data-end=\"80\"><strong data-start=\"54\" data-end=\"78\">Kompatibla maskiner:<\/strong><\/p>\n<ul data-start=\"81\" data-end=\"108\">\n<li data-start=\"81\" data-end=\"94\">\n<p data-start=\"83\" data-end=\"94\">DX300LC-7<\/p>\n<\/li>\n<\/ul>\n<ul data-start=\"81\" data-end=\"108\">\n<li data-start=\"81\" data-end=\"94\">\n<p data-start=\"83\" data-end=\"94\">DX350LC-7<\/p>\n<\/li>\n<\/ul>\n<ul data-start=\"81\" data-end=\"108\">\n<li data-start=\"81\" data-end=\"94\">DX380LC-7<\/li>\n<li data-start=\"81\" data-end=\"94\"><\/li>\n<\/ul>\n<p data-start=\"110\" data-end=\"353\">RST-Steels motviktsb\u00e5gar \u00e4r h\u00f6gkvalitativa Key Flag-produkter tillverkade i rostfritt st\u00e5l. Denna stiliga motviktsb\u00e5ge g\u00f6r det enkelt och s\u00e4kert att montera lampor. Den kan \u00e4ven utrustas med positionslampor, vilket ytterligare f\u00f6rb\u00e4ttrar synligheten i trafiken.<\/p>\n<ul>\n<li><\/li>\n<\/ul>\n<p data-start=\"355\" data-end=\"474\" class=\"translation-block\">Obs: Kompatibel endast med maskiner som har pl\u00e5tskyddet som visas p\u00e5 bilden ovanf\u00f6r motvikten.<\/p>\n<p data-start=\"476\" data-end=\"571\">V\u00e4lj \u00f6nskad modell fr\u00e5n menyn och gl\u00f6m inte att kolla v\u00e5r rekommenderade sektion!<\/p>\n<ul>\n<li><\/li>\n<\/ul>\n<h3 data-start=\"578\" data-end=\"609\">Tekniska specifikationer<\/h3>\n<ul data-start=\"610\" data-end=\"743\">\n<li data-start=\"610\" data-end=\"690\">\n<p data-start=\"612\" data-end=\"690\"><strong data-start=\"612\" data-end=\"622\">F\u00e4rg:<\/strong> Spegelpolerat rostfritt st\u00e5l eller m\u00e5lat i standard RAL-f\u00e4rger<\/p>\n<\/li>\n<li data-start=\"691\" data-end=\"719\">\n<p data-start=\"693\" data-end=\"719\"><strong data-start=\"693\" data-end=\"711\">R\u00f6rets diameter:<\/strong> 76 mm<\/p>\n<\/li>\n<li data-start=\"720\" data-end=\"743\">\n<p data-start=\"722\" data-end=\"743\"><strong data-start=\"722\" data-end=\"741\">Enkel att installera<\/strong><\/p>\n<\/li>\n<li><\/li>\n<\/ul>\n<h3 data-start=\"750\" data-end=\"773\">Paketet inneh\u00e5ller:<\/h3>\n<ul data-start=\"774\" data-end=\"914\">\n<li data-start=\"774\" data-end=\"802\">\n<p data-start=\"776\" data-end=\"802\">Model-specific counterweight bar<\/p>\n<\/li>\n<li data-start=\"803\" data-end=\"850\">\n<p data-start=\"805\" data-end=\"850\">Monteringsf\u00e4sten som kr\u00e4vs f\u00f6r installation<\/p>\n<\/li>\n<li data-start=\"851\" data-end=\"880\">\n<p data-start=\"853\" data-end=\"880\">Instruktioner f\u00f6r installation<\/p>\n<\/li>\n<li data-start=\"881\" data-end=\"914\">\n<p data-start=\"883\" data-end=\"914\">Brackets for 2 work lights<\/p>\n<\/li>\n<\/ul>\n<p data-start=\"916\" data-end=\"970\" data-is-last-node=\"\" data-is-only-node=\"\"><span style=\"font-weight: bold;\">Installationstj\u00e4nster finns \u00e4ven tillg\u00e4ngliga p\u00e5 beg\u00e4ran.<\/span><\/p>","protected":false},"excerpt":{"rendered":"<p>Byggd f\u00f6r att h\u00e5lla i m\u00e5nga \u00e5r<\/p>","protected":false},"featured_media":121859,"comment_status":"open","ping_status":"closed","template":"","meta":{"_improvement_type_select":"improve_an_existing","_thumb_yes_seoaic":false,"_frame_yes_seoaic":false,"seoaic_generate_description":"","seoaic_improve_instructions_prompt":"","seoaic_rollback_content_improvement":"","seoaic_idea_thumbnail_generator":"","thumbnail_generated":false,"thumbnail_generate_prompt":"","seoaic_article_description":""},"make_fuel_type":[],"make_model":[6630],"make_brand":[6467],"make_year":[6465],"pwb-brand":[8334],"product_brand":[],"product_cat":[6057,6069,7282],"product_tag":[],"class_list":{"0":"post-121862","1":"product","2":"type-product","3":"status-publish","4":"has-post-thumbnail","6":"make_model-doosan-develon-excavator","7":"make_brand-doosan","8":"make_year-workmachines","9":"pwb-brand-brand_rststeel","10":"product_cat-lightbars","11":"product_cat-rearbars-for-excavators","12":"product_cat-doosan-vr-kkp","13":"product_shipping_class-lightbars","15":"first","16":"onbackorder","17":"taxable","18":"shipping-taxable","19":"purchasable","20":"product-type-variable"},"yoast_head":"<!-- This site is optimized with the Yoast SEO plugin v25.7 - https:\/\/yoast.com\/wordpress\/plugins\/seo\/ -->\n<title>Counterweight Bar Doosan DX300LC- \/ DX380LC-7 - RST-Steel<\/title>\n<meta name=\"description\" content=\"Counterweight Bar Doosan DX300LC- \/ DX380LC-7 \u2013 high-quality stainless steel, easy light installation, stylish design, improves visibility and safety.\" \/>\n<meta name=\"robots\" content=\"index, follow, max-snippet:-1, max-image-preview:large, max-video-preview:-1\" \/>\n<link rel=\"canonical\" href=\"https:\/\/com.rst-steel.eu\/sv\/produkt\/counterweight-bar-doosan-dx300lc-dx380lc-7_prm_17517\/\" \/>\n<meta property=\"og:locale\" content=\"sv_SE\" \/>\n<meta property=\"og:type\" content=\"article\" \/>\n<meta property=\"og:title\" content=\"Counterweight Bar Doosan DX300LC- \/ DX380LC-7 - RST-Steel\" \/>\n<meta property=\"og:description\" content=\"Counterweight Bar Doosan DX300LC- \/ DX380LC-7 \u2013 high-quality stainless steel, easy light installation, stylish design, improves visibility and safety.\" \/>\n<meta property=\"og:url\" content=\"https:\/\/com.rst-steel.eu\/sv\/produkt\/counterweight-bar-doosan-dx300lc-dx380lc-7_prm_17517\/\" \/>\n<meta property=\"og:site_name\" content=\"RST-Steel\" \/>\n<meta property=\"article:publisher\" content=\"https:\/\/www.facebook.com\/rststeel\" \/>\n<meta property=\"article:modified_time\" content=\"2026-03-19T07:28:12+00:00\" \/>\n<meta property=\"og:image\" content=\"https:\/\/com.rst-steel.eu\/wp-content\/uploads\/2026\/02\/385072a300eeb977d0bcfb608087ec4e757d8c60_TDO203D_1.jpg\" \/>\n\t<meta property=\"og:image:width\" content=\"1280\" \/>\n\t<meta property=\"og:image:height\" content=\"720\" \/>\n\t<meta property=\"og:image:type\" content=\"image\/jpeg\" \/>\n<meta name=\"twitter:card\" content=\"summary_large_image\" \/>\n<meta name=\"twitter:label1\" content=\"Ber\u00e4knad l\u00e4stid\" \/>\n\t<meta name=\"twitter:data1\" content=\"1 minut\" \/>\n<script type=\"application\/ld+json\" class=\"yoast-schema-graph\">{\"@context\":\"https:\/\/schema.org\",\"@graph\":[{\"@type\":\"WebPage\",\"@id\":\"https:\/\/com.rst-steel.eu\/nb\/produkt\/counterweight-bar-doosan-dx300lc-dx380lc-7_prm_17517\/\",\"url\":\"https:\/\/com.rst-steel.eu\/nb\/produkt\/counterweight-bar-doosan-dx300lc-dx380lc-7_prm_17517\/\",\"name\":\"Counterweight Bar Doosan DX300LC- \/ DX380LC-7 - RST-Steel\",\"isPartOf\":{\"@id\":\"https:\/\/com.rst-steel.eu\/#website\"},\"primaryImageOfPage\":{\"@id\":\"https:\/\/com.rst-steel.eu\/nb\/produkt\/counterweight-bar-doosan-dx300lc-dx380lc-7_prm_17517\/#primaryimage\"},\"image\":{\"@id\":\"https:\/\/com.rst-steel.eu\/nb\/produkt\/counterweight-bar-doosan-dx300lc-dx380lc-7_prm_17517\/#primaryimage\"},\"thumbnailUrl\":\"https:\/\/com.rst-steel.eu\/wp-content\/uploads\/2026\/02\/385072a300eeb977d0bcfb608087ec4e757d8c60_TDO203D_1.jpg\",\"datePublished\":\"2026-02-19T08:29:17+00:00\",\"dateModified\":\"2026-03-19T07:28:12+00:00\",\"description\":\"Counterweight Bar Doosan DX300LC- \/ DX380LC-7 \u2013 high-quality stainless steel, easy light installation, stylish design, improves visibility and safety.\",\"breadcrumb\":{\"@id\":\"https:\/\/com.rst-steel.eu\/nb\/produkt\/counterweight-bar-doosan-dx300lc-dx380lc-7_prm_17517\/#breadcrumb\"},\"inLanguage\":\"sv-SE\",\"potentialAction\":[{\"@type\":\"ReadAction\",\"target\":[\"https:\/\/com.rst-steel.eu\/nb\/produkt\/counterweight-bar-doosan-dx300lc-dx380lc-7_prm_17517\/\"]}]},{\"@type\":\"ImageObject\",\"inLanguage\":\"sv-SE\",\"@id\":\"https:\/\/com.rst-steel.eu\/nb\/produkt\/counterweight-bar-doosan-dx300lc-dx380lc-7_prm_17517\/#primaryimage\",\"url\":\"https:\/\/com.rst-steel.eu\/wp-content\/uploads\/2026\/02\/385072a300eeb977d0bcfb608087ec4e757d8c60_TDO203D_1.jpg\",\"contentUrl\":\"https:\/\/com.rst-steel.eu\/wp-content\/uploads\/2026\/02\/385072a300eeb977d0bcfb608087ec4e757d8c60_TDO203D_1.jpg\",\"width\":1280,\"height\":720,\"caption\":\"Counterweight Bar Doosan DX300LC- \/ DX380LC-7\"},{\"@type\":\"BreadcrumbList\",\"@id\":\"https:\/\/com.rst-steel.eu\/nb\/produkt\/counterweight-bar-doosan-dx300lc-dx380lc-7_prm_17517\/#breadcrumb\",\"itemListElement\":[{\"@type\":\"ListItem\",\"position\":1,\"name\":\"Home\",\"item\":\"https:\/\/com.rst-steel.eu\/\"},{\"@type\":\"ListItem\",\"position\":2,\"name\":\"RST-Steel Shop\",\"item\":\"https:\/\/com.rst-steel.eu\/shop\/\"},{\"@type\":\"ListItem\",\"position\":3,\"name\":\"Counterweight Bar Doosan DX300LC- \/ DX380LC-7\"}]},{\"@type\":\"WebSite\",\"@id\":\"https:\/\/com.rst-steel.eu\/#website\",\"url\":\"https:\/\/com.rst-steel.eu\/\",\"name\":\"RST-Steel.com\",\"description\":\"Finnish quality steel, for quality-conscious drivers\",\"publisher\":{\"@id\":\"https:\/\/com.rst-steel.eu\/#organization\"},\"alternateName\":\"Safe and stylish RST-Steel quality\",\"potentialAction\":[{\"@type\":\"SearchAction\",\"target\":{\"@type\":\"EntryPoint\",\"urlTemplate\":\"https:\/\/com.rst-steel.eu\/?s={search_term_string}\"},\"query-input\":{\"@type\":\"PropertyValueSpecification\",\"valueRequired\":true,\"valueName\":\"search_term_string\"}}],\"inLanguage\":\"sv-SE\"},{\"@type\":\"Organization\",\"@id\":\"https:\/\/com.rst-steel.eu\/#organization\",\"name\":\"RST-Steel Oy\",\"url\":\"https:\/\/com.rst-steel.eu\/\",\"logo\":{\"@type\":\"ImageObject\",\"inLanguage\":\"sv-SE\",\"@id\":\"https:\/\/com.rst-steel.eu\/#\/schema\/logo\/image\/\",\"url\":\"https:\/\/com.rst-steel.eu\/wp-content\/uploads\/2023\/04\/cropped-Rst-logo-valkoinen-teksti-3.png\",\"contentUrl\":\"https:\/\/com.rst-steel.eu\/wp-content\/uploads\/2023\/04\/cropped-Rst-logo-valkoinen-teksti-3.png\",\"width\":512,\"height\":115,\"caption\":\"RST-Steel Oy\"},\"image\":{\"@id\":\"https:\/\/com.rst-steel.eu\/#\/schema\/logo\/image\/\"},\"sameAs\":[\"https:\/\/www.facebook.com\/rststeel\",\"https:\/\/www.instagram.com\/rststeeloy\/\"]}]}<\/script>\n<!-- \/ Yoast SEO plugin. -->","yoast_head_json":{"title":"Counterweight Bar Doosan DX300LC- \/ DX380LC-7 - RST-Steel","description":"Counterweight Bar Doosan DX300LC- \/ DX380LC-7 \u2013 high-quality stainless steel, easy light installation, stylish design, improves visibility and safety.","robots":{"index":"index","follow":"follow","max-snippet":"max-snippet:-1","max-image-preview":"max-image-preview:large","max-video-preview":"max-video-preview:-1"},"canonical":"https:\/\/com.rst-steel.eu\/sv\/produkt\/counterweight-bar-doosan-dx300lc-dx380lc-7_prm_17517\/","og_locale":"sv_SE","og_type":"article","og_title":"Counterweight Bar Doosan DX300LC- \/ DX380LC-7 - RST-Steel","og_description":"Counterweight Bar Doosan DX300LC- \/ DX380LC-7 \u2013 high-quality stainless steel, easy light installation, stylish design, improves visibility and safety.","og_url":"https:\/\/com.rst-steel.eu\/sv\/produkt\/counterweight-bar-doosan-dx300lc-dx380lc-7_prm_17517\/","og_site_name":"RST-Steel","article_publisher":"https:\/\/www.facebook.com\/rststeel","article_modified_time":"2026-03-19T07:28:12+00:00","og_image":[{"width":1280,"height":720,"url":"https:\/\/com.rst-steel.eu\/wp-content\/uploads\/2026\/02\/385072a300eeb977d0bcfb608087ec4e757d8c60_TDO203D_1.jpg","type":"image\/jpeg"}],"twitter_card":"summary_large_image","twitter_misc":{"Ber\u00e4knad l\u00e4stid":"1 minut"},"schema":{"@context":"https:\/\/schema.org","@graph":[{"@type":"WebPage","@id":"https:\/\/com.rst-steel.eu\/nb\/produkt\/counterweight-bar-doosan-dx300lc-dx380lc-7_prm_17517\/","url":"https:\/\/com.rst-steel.eu\/nb\/produkt\/counterweight-bar-doosan-dx300lc-dx380lc-7_prm_17517\/","name":"Counterweight Bar Doosan DX300LC- \/ DX380LC-7 - RST-Steel","isPartOf":{"@id":"https:\/\/com.rst-steel.eu\/#website"},"primaryImageOfPage":{"@id":"https:\/\/com.rst-steel.eu\/nb\/produkt\/counterweight-bar-doosan-dx300lc-dx380lc-7_prm_17517\/#primaryimage"},"image":{"@id":"https:\/\/com.rst-steel.eu\/nb\/produkt\/counterweight-bar-doosan-dx300lc-dx380lc-7_prm_17517\/#primaryimage"},"thumbnailUrl":"https:\/\/com.rst-steel.eu\/wp-content\/uploads\/2026\/02\/385072a300eeb977d0bcfb608087ec4e757d8c60_TDO203D_1.jpg","datePublished":"2026-02-19T08:29:17+00:00","dateModified":"2026-03-19T07:28:12+00:00","description":"Counterweight Bar Doosan DX300LC- \/ DX380LC-7 \u2013 high-quality stainless steel, easy light installation, stylish design, improves visibility and safety.","breadcrumb":{"@id":"https:\/\/com.rst-steel.eu\/nb\/produkt\/counterweight-bar-doosan-dx300lc-dx380lc-7_prm_17517\/#breadcrumb"},"inLanguage":"sv-SE","potentialAction":[{"@type":"ReadAction","target":["https:\/\/com.rst-steel.eu\/nb\/produkt\/counterweight-bar-doosan-dx300lc-dx380lc-7_prm_17517\/"]}]},{"@type":"ImageObject","inLanguage":"sv-SE","@id":"https:\/\/com.rst-steel.eu\/nb\/produkt\/counterweight-bar-doosan-dx300lc-dx380lc-7_prm_17517\/#primaryimage","url":"https:\/\/com.rst-steel.eu\/wp-content\/uploads\/2026\/02\/385072a300eeb977d0bcfb608087ec4e757d8c60_TDO203D_1.jpg","contentUrl":"https:\/\/com.rst-steel.eu\/wp-content\/uploads\/2026\/02\/385072a300eeb977d0bcfb608087ec4e757d8c60_TDO203D_1.jpg","width":1280,"height":720,"caption":"Counterweight Bar Doosan DX300LC- \/ DX380LC-7"},{"@type":"BreadcrumbList","@id":"https:\/\/com.rst-steel.eu\/nb\/produkt\/counterweight-bar-doosan-dx300lc-dx380lc-7_prm_17517\/#breadcrumb","itemListElement":[{"@type":"ListItem","position":1,"name":"Home","item":"https:\/\/com.rst-steel.eu\/"},{"@type":"ListItem","position":2,"name":"RST-Steel Shop","item":"https:\/\/com.rst-steel.eu\/shop\/"},{"@type":"ListItem","position":3,"name":"Counterweight Bar Doosan DX300LC- \/ DX380LC-7"}]},{"@type":"WebSite","@id":"https:\/\/com.rst-steel.eu\/#website","url":"https:\/\/com.rst-steel.eu\/","name":"RST-Stahl.com","description":"Finskt kvalitetsst\u00e5l, f\u00f6r kvalitetsmedvetna f\u00f6rare","publisher":{"@id":"https:\/\/com.rst-steel.eu\/#organization"},"alternateName":"Safe and stylish RST-Steel quality","potentialAction":[{"@type":"SearchAction","target":{"@type":"EntryPoint","urlTemplate":"https:\/\/com.rst-steel.eu\/?s={search_term_string}"},"query-input":{"@type":"PropertyValueSpecification","valueRequired":true,"valueName":"search_term_string"}}],"inLanguage":"sv-SE"},{"@type":"Organization","@id":"https:\/\/com.rst-steel.eu\/#organization","name":"RST-Steel Oy","url":"https:\/\/com.rst-steel.eu\/","logo":{"@type":"ImageObject","inLanguage":"sv-SE","@id":"https:\/\/com.rst-steel.eu\/#\/schema\/logo\/image\/","url":"https:\/\/com.rst-steel.eu\/wp-content\/uploads\/2023\/04\/cropped-Rst-logo-valkoinen-teksti-3.png","contentUrl":"https:\/\/com.rst-steel.eu\/wp-content\/uploads\/2023\/04\/cropped-Rst-logo-valkoinen-teksti-3.png","width":512,"height":115,"caption":"RST-Steel Oy"},"image":{"@id":"https:\/\/com.rst-steel.eu\/#\/schema\/logo\/image\/"},"sameAs":["https:\/\/www.facebook.com\/rststeel","https:\/\/www.instagram.com\/rststeeloy\/"]}]}},"brands":[{"id":8334,"name":"RST-Steel","slug":"brand_rststeel"}],"_links":{"self":[{"href":"https:\/\/com.rst-steel.eu\/sv\/wp-json\/wp\/v2\/product\/121862","targetHints":{"allow":["GET"]}}],"collection":[{"href":"https:\/\/com.rst-steel.eu\/sv\/wp-json\/wp\/v2\/product"}],"about":[{"href":"https:\/\/com.rst-steel.eu\/sv\/wp-json\/wp\/v2\/types\/product"}],"replies":[{"embeddable":true,"href":"https:\/\/com.rst-steel.eu\/sv\/wp-json\/wp\/v2\/comments?post=121862"}],"version-history":[{"count":0,"href":"https:\/\/com.rst-steel.eu\/sv\/wp-json\/wp\/v2\/product\/121862\/revisions"}],"wp:featuredmedia":[{"embeddable":true,"href":"https:\/\/com.rst-steel.eu\/sv\/wp-json\/wp\/v2\/media\/121859"}],"wp:attachment":[{"href":"https:\/\/com.rst-steel.eu\/sv\/wp-json\/wp\/v2\/media?parent=121862"}],"wp:term":[{"taxonomy":"make_fuel_type","embeddable":true,"href":"https:\/\/com.rst-steel.eu\/sv\/wp-json\/wp\/v2\/make_fuel_type?post=121862"},{"taxonomy":"make_model","embeddable":true,"href":"https:\/\/com.rst-steel.eu\/sv\/wp-json\/wp\/v2\/make_model?post=121862"},{"taxonomy":"make_brand","embeddable":true,"href":"https:\/\/com.rst-steel.eu\/sv\/wp-json\/wp\/v2\/make_brand?post=121862"},{"taxonomy":"make_year","embeddable":true,"href":"https:\/\/com.rst-steel.eu\/sv\/wp-json\/wp\/v2\/make_year?post=121862"},{"taxonomy":"pwb-brand","embeddable":true,"href":"https:\/\/com.rst-steel.eu\/sv\/wp-json\/wp\/v2\/pwb-brand?post=121862"},{"taxonomy":"product_brand","embeddable":true,"href":"https:\/\/com.rst-steel.eu\/sv\/wp-json\/wp\/v2\/product_brand?post=121862"},{"taxonomy":"product_cat","embeddable":true,"href":"https:\/\/com.rst-steel.eu\/sv\/wp-json\/wp\/v2\/product_cat?post=121862"},{"taxonomy":"product_tag","embeddable":true,"href":"https:\/\/com.rst-steel.eu\/sv\/wp-json\/wp\/v2\/product_tag?post=121862"}],"curies":[{"name":"wp","href":"https:\/\/api.w.org\/{rel}","templated":true}]}}