{"id":121422,"date":"2026-02-13T11:27:36","date_gmt":"2026-02-13T08:27:36","guid":{"rendered":"https:\/\/rst-steel.com\/product\/scania-nextgen-g-p-karjapuskuri-freeway-v79-legalpro_prm_79374\/"},"modified":"2026-03-16T09:20:28","modified_gmt":"2026-03-16T06:20:28","slug":"scania-nextgen-g-p-karjapuskuri-freeway-v79-legalpro_prm_79374","status":"publish","type":"product","link":"https:\/\/com.rst-steel.eu\/sv\/produkt\/scania-nextgen-g-p-karjapuskuri-freeway-v79-legalpro_prm_79374\/","title":{"rendered":"Scania NextGen G\/P Bullbar Freeway V79 (LegalPro)"},"content":{"rendered":"<p>Scania NextGen G\/P Bullbar Freeway V79 (LegalPro)<\/p>\n<ul>\n<li><\/li>\n<\/ul>\n<p><strong>This bullbar have received official road approval and may be used legally in all EU countries as well as Norway.<\/strong><\/p>\n<ul>\n<li><\/li>\n<\/ul>\n<p>Egenskaper:<\/p>\n<ul>\n<li>Compatibility:\u00a0Perfect fit for Scania NextGen G\/P Freeway V79, Suitable for small and medium-sized bumpers<\/li>\n<li><strong>Towability:<\/strong>\u00a0Genom att enkelt placera b\u00e5gen i servicel\u00e4ge kan fordonets originaldragkrok snabbt monteras med hj\u00e4lp av v\u00e5r specialanpassade adapter.<\/li>\n<li>Durability:\u00a0Manufactured from high-quality stainless steel designed to withstand even the toughest conditions.<\/li>\n<li>Easy installation:\u00a0Supplied with installation instructions and mounting hardware, allowing you to install the bumper yourself if desired.<\/li>\n<li><strong>Stilren design:<\/strong>\u00a0Ger din lastbil ett modernt och dynamiskt utseende. Den slanka designen i polerad eller m\u00e5lad st\u00e5lyta f\u00e5r din lastbil att sticka ut och se imponerande ut.<\/li>\n<li><strong>Maximalt skydd:<\/strong>\u00a0The bull bar provides effective protection for the front of your vehicle, safeguarding it from collisions and damage. This reduces the risk of repairs and keeps your truck performing at its best for years to come.<\/li>\n<li><strong>Kompatibel med ACC, AEB, Lane Keeping Assist osv.<\/strong><\/li>\n<li><\/li>\n<\/ul>\n<p>Vad betyder ett v\u00e4g-godk\u00e4nt bullbar?<\/p>\n<p>Ett v\u00e4g-godk\u00e4nt bullbar betyder att produkten \u00e4r fullt godk\u00e4nd f\u00f6r v\u00e4gbruk i Europa och Norge, och att den kan sitta kvar p\u00e5 fordonet vid periodiska besiktningar.<\/p>\n<p>RST-Steel bull bars are premium-quality products manufactured in Finland from stainless steel and carrying the Key Flag Symbol.<\/p>\n<p>The bull bar protects the front of the vehicle in potential collision situations. It gives the truck a bold and stylish appearance, attracts attention, and may even spark \u201csteel fever,\u201d helping you and your company stand out in a positive way.<\/p>\n<p>Vehicle front grille can be opened and cabin tilted with the bull bar in place.<\/p>\n<p>The bull bar can be equipped with auxiliary lights and marker lights to improve visibility in traffic, while increasing safety for both you and other road users.<\/p>\n<ul>\n<li><\/li>\n<\/ul>\n<p><strong>The bull bar is designed for quick and easy removal, making maintenance fast and efficient.<\/strong><\/p>\n<ul>\n<li><\/li>\n<\/ul>\n<p><strong>Varf\u00f6r v\u00e4lja RST-Steel?<\/strong><\/p>\n<ul>\n<li><strong>Tillverkad i Finland<\/strong>\u00a0Alla v\u00e5ra produkter tillverkas i v\u00e5r egen produktionsanl\u00e4ggning i Nivala, Finland.<\/li>\n<li><strong>Tillf\u00f6rlitlighet:<\/strong>\u00a0M\u00e5nga \u00e5rs erfarenhet och expertis s\u00e4kerst\u00e4ller v\u00e5ra produkters h\u00f6ga kvalitet och h\u00e5llbarhet.<\/li>\n<li><strong>Kundn\u00f6jdhet:<\/strong>\u00a0Tusentals n\u00f6jda kunder v\u00e4rlden \u00f6ver litar p\u00e5 RST-Steels produkter.<\/li>\n<li><\/li>\n<\/ul>\n<p><strong>Teknisk information:<\/strong><\/p>\n<ul>\n<li><strong>F\u00e4rg:<\/strong>\u00a0Polished stainless steel or Powdercoated with RAL colors<\/li>\n<li><strong>Net:<\/strong>\u00a0On the front side of bullbar<\/li>\n<li><strong>Pipes diameters:<\/strong>\u00a060 mm<\/li>\n<li><strong>Pipes material:<\/strong>\u00a0AISI 304<\/li>\n<li><strong>Lamp holders:<\/strong>\u00a06pcs welded lamp holders for 9&#8221; round lamps, or for example 2x 40cm Lightbars or 1x 80cm Lightbar<\/li>\n<li><strong>Wiring kit holder:<\/strong>\u00a0Behind the vertical beam is holder for the RST-Steel&#8217;s wiring kit<\/li>\n<li><strong>Wiring kit connector holder:\u00a0<\/strong>Welded holder in bracket for wiring kit connector.<\/li>\n<li><strong>Weight:<\/strong>\u00a070kg<\/li>\n<li><strong>Warranty:<\/strong>\u00a01 year<\/li>\n<li><\/li>\n<\/ul>\n<p><a href=\"https:\/\/www.youtube.com\/watch?v=G2FVajPh-pM\">VIDEO F\u00d6R INSTALLATION AV BULLBAR-KABELSATS FINNS H\u00c4R!<\/a><\/p>\n<p><strong>Leveransinneh\u00e5ll:<\/strong><\/p>\n<ul>\n<li>Frontskydd<\/li>\n<li>Monteringsf\u00e4sten som beh\u00f6vs f\u00f6r installation<\/li>\n<li>Instruktioner f\u00f6r installation<\/li>\n<li><\/li>\n<\/ul>\n<p><strong>Installationstid:<\/strong><\/p>\n<ul>\n<li>\u00a060min without the electrical connections<\/li>\n<\/ul>","protected":false},"excerpt":{"rendered":"<p><span style=\"font-weight: bold;\">Skydda din lastbil p\u00e5 b\u00e4sta m\u00f6jliga s\u00e4tt!<\/span><\/p>","protected":false},"featured_media":121437,"comment_status":"open","ping_status":"closed","template":"","meta":{"_improvement_type_select":"improve_an_existing","_thumb_yes_seoaic":false,"_frame_yes_seoaic":false,"seoaic_generate_description":"","seoaic_improve_instructions_prompt":"","seoaic_rollback_content_improvement":"","seoaic_idea_thumbnail_generator":"","thumbnail_generated":false,"thumbnail_generate_prompt":"","seoaic_article_description":""},"make_fuel_type":[],"make_model":[5614,5608],"make_brand":[3744],"make_year":[3748],"pwb-brand":[],"product_brand":[],"product_cat":[6280,7157],"product_tag":[8487,6683,8488,8494],"class_list":{"0":"post-121422","1":"product","2":"type-product","3":"status-publish","4":"has-post-thumbnail","6":"make_model-nextgen-g-2017","7":"make_model-nextgen-p-2017","8":"make_brand-scania","9":"make_year-trucks","10":"product_cat-bullbars","11":"product_cat-scania-ka-kk","12":"product_tag-bullbar-freeway","13":"product_tag-frontskydd","14":"product_tag-scania","15":"product_tag-scania-nextgen","16":"product_shipping_class-bullbars","18":"first","19":"onbackorder","20":"taxable","21":"shipping-taxable","22":"purchasable","23":"product-type-variable"},"yoast_head":"<!-- This site is optimized with the Yoast SEO plugin v25.7 - https:\/\/yoast.com\/wordpress\/plugins\/seo\/ -->\n<title>Scania NextGen G\/P Bullbar Freeway V79 (LegalPro) - RST-Steel<\/title>\n<meta name=\"description\" content=\"Premium bullbar for Scania NextGen G\/P trucks. LegalPro Freeway V79 offers style, front protection and a perfect fit for daily road use and durability.\" \/>\n<meta name=\"robots\" content=\"index, follow, max-snippet:-1, max-image-preview:large, max-video-preview:-1\" \/>\n<link rel=\"canonical\" href=\"https:\/\/com.rst-steel.eu\/sv\/produkt\/scania-nextgen-g-p-karjapuskuri-freeway-v79-legalpro_prm_79374\/\" \/>\n<meta property=\"og:locale\" content=\"sv_SE\" \/>\n<meta property=\"og:type\" content=\"article\" \/>\n<meta property=\"og:title\" content=\"Scania NextGen G\/P Bullbar Freeway V79 (LegalPro) - RST-Steel\" \/>\n<meta property=\"og:description\" content=\"Premium bullbar for Scania NextGen G\/P trucks. LegalPro Freeway V79 offers style, front protection and a perfect fit for daily road use and durability.\" \/>\n<meta property=\"og:url\" content=\"https:\/\/com.rst-steel.eu\/sv\/produkt\/scania-nextgen-g-p-karjapuskuri-freeway-v79-legalpro_prm_79374\/\" \/>\n<meta property=\"og:site_name\" content=\"RST-Steel\" \/>\n<meta property=\"article:publisher\" content=\"https:\/\/www.facebook.com\/rststeel\" \/>\n<meta property=\"article:modified_time\" content=\"2026-03-16T06:20:28+00:00\" \/>\n<meta property=\"og:image\" content=\"https:\/\/com.rst-steel.eu\/wp-content\/uploads\/2026\/02\/SC0179-1024x1024.jpg\" \/>\n\t<meta property=\"og:image:width\" content=\"1024\" \/>\n\t<meta property=\"og:image:height\" content=\"1024\" \/>\n\t<meta property=\"og:image:type\" content=\"image\/jpeg\" \/>\n<meta name=\"twitter:card\" content=\"summary_large_image\" \/>\n<meta name=\"twitter:label1\" content=\"Ber\u00e4knad l\u00e4stid\" \/>\n\t<meta name=\"twitter:data1\" content=\"3 minuter\" \/>\n<script type=\"application\/ld+json\" class=\"yoast-schema-graph\">{\"@context\":\"https:\/\/schema.org\",\"@graph\":[{\"@type\":\"WebPage\",\"@id\":\"https:\/\/com.rst-steel.eu\/nb\/produkt\/scania-nextgen-g-p-karjapuskuri-freeway-v79-legalpro_prm_79374\/\",\"url\":\"https:\/\/com.rst-steel.eu\/nb\/produkt\/scania-nextgen-g-p-karjapuskuri-freeway-v79-legalpro_prm_79374\/\",\"name\":\"Scania NextGen G\/P Bullbar Freeway V79 (LegalPro) - RST-Steel\",\"isPartOf\":{\"@id\":\"https:\/\/com.rst-steel.eu\/#website\"},\"primaryImageOfPage\":{\"@id\":\"https:\/\/com.rst-steel.eu\/nb\/produkt\/scania-nextgen-g-p-karjapuskuri-freeway-v79-legalpro_prm_79374\/#primaryimage\"},\"image\":{\"@id\":\"https:\/\/com.rst-steel.eu\/nb\/produkt\/scania-nextgen-g-p-karjapuskuri-freeway-v79-legalpro_prm_79374\/#primaryimage\"},\"thumbnailUrl\":\"https:\/\/com.rst-steel.eu\/wp-content\/uploads\/2026\/02\/SC0179.jpg\",\"datePublished\":\"2026-02-13T08:27:36+00:00\",\"dateModified\":\"2026-03-16T06:20:28+00:00\",\"description\":\"Premium bullbar for Scania NextGen G\/P trucks. LegalPro Freeway V79 offers style, front protection and a perfect fit for daily road use and durability.\",\"breadcrumb\":{\"@id\":\"https:\/\/com.rst-steel.eu\/nb\/produkt\/scania-nextgen-g-p-karjapuskuri-freeway-v79-legalpro_prm_79374\/#breadcrumb\"},\"inLanguage\":\"sv-SE\",\"potentialAction\":[{\"@type\":\"ReadAction\",\"target\":[\"https:\/\/com.rst-steel.eu\/nb\/produkt\/scania-nextgen-g-p-karjapuskuri-freeway-v79-legalpro_prm_79374\/\"]}]},{\"@type\":\"ImageObject\",\"inLanguage\":\"sv-SE\",\"@id\":\"https:\/\/com.rst-steel.eu\/nb\/produkt\/scania-nextgen-g-p-karjapuskuri-freeway-v79-legalpro_prm_79374\/#primaryimage\",\"url\":\"https:\/\/com.rst-steel.eu\/wp-content\/uploads\/2026\/02\/SC0179.jpg\",\"contentUrl\":\"https:\/\/com.rst-steel.eu\/wp-content\/uploads\/2026\/02\/SC0179.jpg\",\"width\":2048,\"height\":2048},{\"@type\":\"BreadcrumbList\",\"@id\":\"https:\/\/com.rst-steel.eu\/nb\/produkt\/scania-nextgen-g-p-karjapuskuri-freeway-v79-legalpro_prm_79374\/#breadcrumb\",\"itemListElement\":[{\"@type\":\"ListItem\",\"position\":1,\"name\":\"Home\",\"item\":\"https:\/\/com.rst-steel.eu\/\"},{\"@type\":\"ListItem\",\"position\":2,\"name\":\"RST-Steel Shop\",\"item\":\"https:\/\/com.rst-steel.eu\/shop\/\"},{\"@type\":\"ListItem\",\"position\":3,\"name\":\"Scania NextGen G\/P Bullbar Freeway V79 (LegalPro)\"}]},{\"@type\":\"WebSite\",\"@id\":\"https:\/\/com.rst-steel.eu\/#website\",\"url\":\"https:\/\/com.rst-steel.eu\/\",\"name\":\"RST-Steel.com\",\"description\":\"Finnish quality steel, for quality-conscious drivers\",\"publisher\":{\"@id\":\"https:\/\/com.rst-steel.eu\/#organization\"},\"alternateName\":\"Safe and stylish RST-Steel quality\",\"potentialAction\":[{\"@type\":\"SearchAction\",\"target\":{\"@type\":\"EntryPoint\",\"urlTemplate\":\"https:\/\/com.rst-steel.eu\/?s={search_term_string}\"},\"query-input\":{\"@type\":\"PropertyValueSpecification\",\"valueRequired\":true,\"valueName\":\"search_term_string\"}}],\"inLanguage\":\"sv-SE\"},{\"@type\":\"Organization\",\"@id\":\"https:\/\/com.rst-steel.eu\/#organization\",\"name\":\"RST-Steel Oy\",\"url\":\"https:\/\/com.rst-steel.eu\/\",\"logo\":{\"@type\":\"ImageObject\",\"inLanguage\":\"sv-SE\",\"@id\":\"https:\/\/com.rst-steel.eu\/#\/schema\/logo\/image\/\",\"url\":\"https:\/\/com.rst-steel.eu\/wp-content\/uploads\/2023\/04\/cropped-Rst-logo-valkoinen-teksti-3.png\",\"contentUrl\":\"https:\/\/com.rst-steel.eu\/wp-content\/uploads\/2023\/04\/cropped-Rst-logo-valkoinen-teksti-3.png\",\"width\":512,\"height\":115,\"caption\":\"RST-Steel Oy\"},\"image\":{\"@id\":\"https:\/\/com.rst-steel.eu\/#\/schema\/logo\/image\/\"},\"sameAs\":[\"https:\/\/www.facebook.com\/rststeel\",\"https:\/\/www.instagram.com\/rststeeloy\/\"]}]}<\/script>\n<!-- \/ Yoast SEO plugin. -->","yoast_head_json":{"title":"Scania NextGen G\/P Bullbar Freeway V79 (LegalPro) - RST-Steel","description":"Premium bullbar for Scania NextGen G\/P trucks. LegalPro Freeway V79 offers style, front protection and a perfect fit for daily road use and durability.","robots":{"index":"index","follow":"follow","max-snippet":"max-snippet:-1","max-image-preview":"max-image-preview:large","max-video-preview":"max-video-preview:-1"},"canonical":"https:\/\/com.rst-steel.eu\/sv\/produkt\/scania-nextgen-g-p-karjapuskuri-freeway-v79-legalpro_prm_79374\/","og_locale":"sv_SE","og_type":"article","og_title":"Scania NextGen G\/P Bullbar Freeway V79 (LegalPro) - RST-Steel","og_description":"Premium bullbar for Scania NextGen G\/P trucks. LegalPro Freeway V79 offers style, front protection and a perfect fit for daily road use and durability.","og_url":"https:\/\/com.rst-steel.eu\/sv\/produkt\/scania-nextgen-g-p-karjapuskuri-freeway-v79-legalpro_prm_79374\/","og_site_name":"RST-Steel","article_publisher":"https:\/\/www.facebook.com\/rststeel","article_modified_time":"2026-03-16T06:20:28+00:00","og_image":[{"width":1024,"height":1024,"url":"https:\/\/com.rst-steel.eu\/wp-content\/uploads\/2026\/02\/SC0179-1024x1024.jpg","type":"image\/jpeg"}],"twitter_card":"summary_large_image","twitter_misc":{"Ber\u00e4knad l\u00e4stid":"3 minuter"},"schema":{"@context":"https:\/\/schema.org","@graph":[{"@type":"WebPage","@id":"https:\/\/com.rst-steel.eu\/nb\/produkt\/scania-nextgen-g-p-karjapuskuri-freeway-v79-legalpro_prm_79374\/","url":"https:\/\/com.rst-steel.eu\/nb\/produkt\/scania-nextgen-g-p-karjapuskuri-freeway-v79-legalpro_prm_79374\/","name":"Scania NextGen G\/P Bullbar Freeway V79 (LegalPro) - RST-Steel","isPartOf":{"@id":"https:\/\/com.rst-steel.eu\/#website"},"primaryImageOfPage":{"@id":"https:\/\/com.rst-steel.eu\/nb\/produkt\/scania-nextgen-g-p-karjapuskuri-freeway-v79-legalpro_prm_79374\/#primaryimage"},"image":{"@id":"https:\/\/com.rst-steel.eu\/nb\/produkt\/scania-nextgen-g-p-karjapuskuri-freeway-v79-legalpro_prm_79374\/#primaryimage"},"thumbnailUrl":"https:\/\/com.rst-steel.eu\/wp-content\/uploads\/2026\/02\/SC0179.jpg","datePublished":"2026-02-13T08:27:36+00:00","dateModified":"2026-03-16T06:20:28+00:00","description":"Premium bullbar for Scania NextGen G\/P trucks. LegalPro Freeway V79 offers style, front protection and a perfect fit for daily road use and durability.","breadcrumb":{"@id":"https:\/\/com.rst-steel.eu\/nb\/produkt\/scania-nextgen-g-p-karjapuskuri-freeway-v79-legalpro_prm_79374\/#breadcrumb"},"inLanguage":"sv-SE","potentialAction":[{"@type":"ReadAction","target":["https:\/\/com.rst-steel.eu\/nb\/produkt\/scania-nextgen-g-p-karjapuskuri-freeway-v79-legalpro_prm_79374\/"]}]},{"@type":"ImageObject","inLanguage":"sv-SE","@id":"https:\/\/com.rst-steel.eu\/nb\/produkt\/scania-nextgen-g-p-karjapuskuri-freeway-v79-legalpro_prm_79374\/#primaryimage","url":"https:\/\/com.rst-steel.eu\/wp-content\/uploads\/2026\/02\/SC0179.jpg","contentUrl":"https:\/\/com.rst-steel.eu\/wp-content\/uploads\/2026\/02\/SC0179.jpg","width":2048,"height":2048},{"@type":"BreadcrumbList","@id":"https:\/\/com.rst-steel.eu\/nb\/produkt\/scania-nextgen-g-p-karjapuskuri-freeway-v79-legalpro_prm_79374\/#breadcrumb","itemListElement":[{"@type":"ListItem","position":1,"name":"Home","item":"https:\/\/com.rst-steel.eu\/"},{"@type":"ListItem","position":2,"name":"RST-Steel Shop","item":"https:\/\/com.rst-steel.eu\/shop\/"},{"@type":"ListItem","position":3,"name":"Scania NextGen G\/P Bullbar Freeway V79 (LegalPro)"}]},{"@type":"WebSite","@id":"https:\/\/com.rst-steel.eu\/#website","url":"https:\/\/com.rst-steel.eu\/","name":"RST-Stahl.com","description":"Finskt kvalitetsst\u00e5l, f\u00f6r kvalitetsmedvetna f\u00f6rare","publisher":{"@id":"https:\/\/com.rst-steel.eu\/#organization"},"alternateName":"Safe and stylish RST-Steel quality","potentialAction":[{"@type":"SearchAction","target":{"@type":"EntryPoint","urlTemplate":"https:\/\/com.rst-steel.eu\/?s={search_term_string}"},"query-input":{"@type":"PropertyValueSpecification","valueRequired":true,"valueName":"search_term_string"}}],"inLanguage":"sv-SE"},{"@type":"Organization","@id":"https:\/\/com.rst-steel.eu\/#organization","name":"RST-Steel Oy","url":"https:\/\/com.rst-steel.eu\/","logo":{"@type":"ImageObject","inLanguage":"sv-SE","@id":"https:\/\/com.rst-steel.eu\/#\/schema\/logo\/image\/","url":"https:\/\/com.rst-steel.eu\/wp-content\/uploads\/2023\/04\/cropped-Rst-logo-valkoinen-teksti-3.png","contentUrl":"https:\/\/com.rst-steel.eu\/wp-content\/uploads\/2023\/04\/cropped-Rst-logo-valkoinen-teksti-3.png","width":512,"height":115,"caption":"RST-Steel Oy"},"image":{"@id":"https:\/\/com.rst-steel.eu\/#\/schema\/logo\/image\/"},"sameAs":["https:\/\/www.facebook.com\/rststeel","https:\/\/www.instagram.com\/rststeeloy\/"]}]}},"brands":[],"_links":{"self":[{"href":"https:\/\/com.rst-steel.eu\/sv\/wp-json\/wp\/v2\/product\/121422","targetHints":{"allow":["GET"]}}],"collection":[{"href":"https:\/\/com.rst-steel.eu\/sv\/wp-json\/wp\/v2\/product"}],"about":[{"href":"https:\/\/com.rst-steel.eu\/sv\/wp-json\/wp\/v2\/types\/product"}],"replies":[{"embeddable":true,"href":"https:\/\/com.rst-steel.eu\/sv\/wp-json\/wp\/v2\/comments?post=121422"}],"version-history":[{"count":0,"href":"https:\/\/com.rst-steel.eu\/sv\/wp-json\/wp\/v2\/product\/121422\/revisions"}],"wp:featuredmedia":[{"embeddable":true,"href":"https:\/\/com.rst-steel.eu\/sv\/wp-json\/wp\/v2\/media\/121437"}],"wp:attachment":[{"href":"https:\/\/com.rst-steel.eu\/sv\/wp-json\/wp\/v2\/media?parent=121422"}],"wp:term":[{"taxonomy":"make_fuel_type","embeddable":true,"href":"https:\/\/com.rst-steel.eu\/sv\/wp-json\/wp\/v2\/make_fuel_type?post=121422"},{"taxonomy":"make_model","embeddable":true,"href":"https:\/\/com.rst-steel.eu\/sv\/wp-json\/wp\/v2\/make_model?post=121422"},{"taxonomy":"make_brand","embeddable":true,"href":"https:\/\/com.rst-steel.eu\/sv\/wp-json\/wp\/v2\/make_brand?post=121422"},{"taxonomy":"make_year","embeddable":true,"href":"https:\/\/com.rst-steel.eu\/sv\/wp-json\/wp\/v2\/make_year?post=121422"},{"taxonomy":"pwb-brand","embeddable":true,"href":"https:\/\/com.rst-steel.eu\/sv\/wp-json\/wp\/v2\/pwb-brand?post=121422"},{"taxonomy":"product_brand","embeddable":true,"href":"https:\/\/com.rst-steel.eu\/sv\/wp-json\/wp\/v2\/product_brand?post=121422"},{"taxonomy":"product_cat","embeddable":true,"href":"https:\/\/com.rst-steel.eu\/sv\/wp-json\/wp\/v2\/product_cat?post=121422"},{"taxonomy":"product_tag","embeddable":true,"href":"https:\/\/com.rst-steel.eu\/sv\/wp-json\/wp\/v2\/product_tag?post=121422"}],"curies":[{"name":"wp","href":"https:\/\/api.w.org\/{rel}","templated":true}]}}