{"id":120986,"date":"2026-02-11T09:40:49","date_gmt":"2026-02-11T06:40:49","guid":{"rendered":"https:\/\/rst-steel.com\/product\/wiring-kit-for-bull-bar-universal-4x250w-including-options-for-position-light-and-warning-light_pr_85176\/"},"modified":"2026-03-16T09:18:02","modified_gmt":"2026-03-16T06:18:02","slug":"wiring-kit-for-bull-bar-universal-4x250w-including-options-for-position-light-and-warning-light_pr_85176","status":"publish","type":"product","link":"https:\/\/com.rst-steel.eu\/sv\/produkt\/wiring-kit-for-bull-bar-universal-4x250w-including-options-for-position-light-and-warning-light_pr_85176\/","title":{"rendered":"Wiring kit for bull bar, universal (4x250W, including options for position light and warning light)"},"content":{"rendered":"<p data-start=\"0\" data-end=\"58\"><strong data-start=\"0\" data-end=\"58\">Wiring Harness for Bull Bar \u2013 Universal Model (4x250W)<\/strong><\/p>\n<p data-start=\"60\" data-end=\"224\">This universal wiring harness for a bull bar is designed specifically for installing auxiliary lights. The harness is suitable for up to four 250W auxiliary lights.<\/p>\n<p data-start=\"226\" data-end=\"239\"><strong data-start=\"226\" data-end=\"239\">Egenskaper:<\/strong><\/p>\n<ul data-start=\"241\" data-end=\"592\">\n<li data-start=\"241\" data-end=\"313\">\n<p data-start=\"243\" data-end=\"313\"><strong data-start=\"243\" data-end=\"276\">No connectors \u2013 direct wires:<\/strong>\u00a0Makes installation quick and easy.<\/p>\n<\/li>\n<li data-start=\"314\" data-end=\"500\">\n<p data-start=\"316\" data-end=\"500\"><strong data-start=\"316\" data-end=\"353\">Beacon and parking light outputs:<\/strong>\u00a0The harness includes ready-made outputs for both a beacon and parking lights, enabling the installation of auxiliary lights with these features.<\/p>\n<\/li>\n<li data-start=\"501\" data-end=\"592\">\n<p data-start=\"503\" data-end=\"592\"><strong data-start=\"503\" data-end=\"541\">Power capacity up to 50A \/ 4x250W:<\/strong>\u00a0Suitable for up to four 250-watt auxiliary lights.<\/p>\n<\/li>\n<li><\/li>\n<\/ul>\n<p><a href=\"https:\/\/www.youtube.com\/watch?v=G2FVajPh-pM\">Installation Instruction video!<\/a><\/p>\n<p>Remember to also order a power supply cable for the bull bar! The supply cable ensures optimal power delivery so you can use the lights at full capacity. Plug &amp; Play connection to the wiring harness.<\/p>","protected":false},"excerpt":{"rendered":"<p>Suitable for up to four 250W auxiliary lights!<\/p>","protected":false},"featured_media":120985,"comment_status":"open","ping_status":"closed","template":"","meta":{"_improvement_type_select":"improve_an_existing","_thumb_yes_seoaic":false,"_frame_yes_seoaic":false,"seoaic_generate_description":"","seoaic_improve_instructions_prompt":"","seoaic_rollback_content_improvement":"","seoaic_idea_thumbnail_generator":"","thumbnail_generated":false,"thumbnail_generate_prompt":"","seoaic_article_description":""},"make_fuel_type":[],"make_model":[],"make_brand":[],"make_year":[],"pwb-brand":[],"product_brand":[],"product_cat":[8248,6195,6242],"product_tag":[],"class_list":{"0":"post-120986","1":"product","2":"type-product","3":"status-publish","4":"has-post-thumbnail","6":"product_cat-wire-kits-and-cables","7":"product_cat-lamps","8":"product_cat-mounting-accessories","10":"first","11":"instock","12":"taxable","13":"shipping-taxable","14":"purchasable","15":"product-type-simple"},"yoast_head":"<!-- This site is optimized with the Yoast SEO plugin v25.7 - https:\/\/yoast.com\/wordpress\/plugins\/seo\/ -->\n<title>Wiring kit for bull bar, universal (4x250W, including options for position light and warning light) - RST-Steel<\/title>\n<meta name=\"description\" content=\"Universal wiring kit for bull bar, supports up to 4x250W lights with options for position and warning lights. Durable, easy to install, complete harness.\" \/>\n<meta name=\"robots\" content=\"index, follow, max-snippet:-1, max-image-preview:large, max-video-preview:-1\" \/>\n<link rel=\"canonical\" href=\"https:\/\/com.rst-steel.eu\/sv\/produkt\/wiring-kit-for-bull-bar-universal-4x250w-including-options-for-position-light-and-warning-light_pr_85176\/\" \/>\n<meta property=\"og:locale\" content=\"sv_SE\" \/>\n<meta property=\"og:type\" content=\"article\" \/>\n<meta property=\"og:title\" content=\"Wiring kit for bull bar, universal (4x250W, including options for position light and warning light) - RST-Steel\" \/>\n<meta property=\"og:description\" content=\"Universal wiring kit for bull bar, supports up to 4x250W lights with options for position and warning lights. Durable, easy to install, complete harness.\" \/>\n<meta property=\"og:url\" content=\"https:\/\/com.rst-steel.eu\/sv\/produkt\/wiring-kit-for-bull-bar-universal-4x250w-including-options-for-position-light-and-warning-light_pr_85176\/\" \/>\n<meta property=\"og:site_name\" content=\"RST-Steel\" \/>\n<meta property=\"article:publisher\" content=\"https:\/\/www.facebook.com\/rststeel\" \/>\n<meta property=\"article:modified_time\" content=\"2026-03-16T06:18:02+00:00\" \/>\n<meta property=\"og:image\" content=\"https:\/\/com.rst-steel.eu\/wp-content\/uploads\/2026\/02\/3abe7c9e88fc71ec0c8d4de1ee905318b618262f_9a6d710d_e9f3_4ce5_b850_ea2ad10c95a1_removebg_preview.jpg\" \/>\n\t<meta property=\"og:image:width\" content=\"433\" \/>\n\t<meta property=\"og:image:height\" content=\"577\" \/>\n\t<meta property=\"og:image:type\" content=\"image\/jpeg\" \/>\n<meta name=\"twitter:card\" content=\"summary_large_image\" \/>\n<meta name=\"twitter:label1\" content=\"Ber\u00e4knad l\u00e4stid\" \/>\n\t<meta name=\"twitter:data1\" content=\"1 minut\" \/>\n<script type=\"application\/ld+json\" class=\"yoast-schema-graph\">{\"@context\":\"https:\/\/schema.org\",\"@graph\":[{\"@type\":\"WebPage\",\"@id\":\"https:\/\/com.rst-steel.eu\/nb\/produkt\/wiring-kit-for-bull-bar-universal-4x250w-including-options-for-position-light-and-warning-light_pr_85176\/\",\"url\":\"https:\/\/com.rst-steel.eu\/nb\/produkt\/wiring-kit-for-bull-bar-universal-4x250w-including-options-for-position-light-and-warning-light_pr_85176\/\",\"name\":\"Wiring kit for bull bar, universal (4x250W, including options for position light and warning light) - RST-Steel\",\"isPartOf\":{\"@id\":\"https:\/\/com.rst-steel.eu\/#website\"},\"primaryImageOfPage\":{\"@id\":\"https:\/\/com.rst-steel.eu\/nb\/produkt\/wiring-kit-for-bull-bar-universal-4x250w-including-options-for-position-light-and-warning-light_pr_85176\/#primaryimage\"},\"image\":{\"@id\":\"https:\/\/com.rst-steel.eu\/nb\/produkt\/wiring-kit-for-bull-bar-universal-4x250w-including-options-for-position-light-and-warning-light_pr_85176\/#primaryimage\"},\"thumbnailUrl\":\"https:\/\/com.rst-steel.eu\/wp-content\/uploads\/2026\/02\/3abe7c9e88fc71ec0c8d4de1ee905318b618262f_9a6d710d_e9f3_4ce5_b850_ea2ad10c95a1_removebg_preview.jpg\",\"datePublished\":\"2026-02-11T06:40:49+00:00\",\"dateModified\":\"2026-03-16T06:18:02+00:00\",\"description\":\"Universal wiring kit for bull bar, supports up to 4x250W lights with options for position and warning lights. Durable, easy to install, complete harness.\",\"breadcrumb\":{\"@id\":\"https:\/\/com.rst-steel.eu\/nb\/produkt\/wiring-kit-for-bull-bar-universal-4x250w-including-options-for-position-light-and-warning-light_pr_85176\/#breadcrumb\"},\"inLanguage\":\"sv-SE\",\"potentialAction\":[{\"@type\":\"ReadAction\",\"target\":[\"https:\/\/com.rst-steel.eu\/nb\/produkt\/wiring-kit-for-bull-bar-universal-4x250w-including-options-for-position-light-and-warning-light_pr_85176\/\"]}]},{\"@type\":\"ImageObject\",\"inLanguage\":\"sv-SE\",\"@id\":\"https:\/\/com.rst-steel.eu\/nb\/produkt\/wiring-kit-for-bull-bar-universal-4x250w-including-options-for-position-light-and-warning-light_pr_85176\/#primaryimage\",\"url\":\"https:\/\/com.rst-steel.eu\/wp-content\/uploads\/2026\/02\/3abe7c9e88fc71ec0c8d4de1ee905318b618262f_9a6d710d_e9f3_4ce5_b850_ea2ad10c95a1_removebg_preview.jpg\",\"contentUrl\":\"https:\/\/com.rst-steel.eu\/wp-content\/uploads\/2026\/02\/3abe7c9e88fc71ec0c8d4de1ee905318b618262f_9a6d710d_e9f3_4ce5_b850_ea2ad10c95a1_removebg_preview.jpg\",\"width\":433,\"height\":577,\"caption\":\"Wiring kit for bull bar, universal (4x250W, including options for position light and warning light)\"},{\"@type\":\"BreadcrumbList\",\"@id\":\"https:\/\/com.rst-steel.eu\/nb\/produkt\/wiring-kit-for-bull-bar-universal-4x250w-including-options-for-position-light-and-warning-light_pr_85176\/#breadcrumb\",\"itemListElement\":[{\"@type\":\"ListItem\",\"position\":1,\"name\":\"Home\",\"item\":\"https:\/\/com.rst-steel.eu\/\"},{\"@type\":\"ListItem\",\"position\":2,\"name\":\"RST-Steel Shop\",\"item\":\"https:\/\/com.rst-steel.eu\/shop\/\"},{\"@type\":\"ListItem\",\"position\":3,\"name\":\"Wiring kit for bull bar, universal (4x250W, including options for position light and warning light)\"}]},{\"@type\":\"WebSite\",\"@id\":\"https:\/\/com.rst-steel.eu\/#website\",\"url\":\"https:\/\/com.rst-steel.eu\/\",\"name\":\"RST-Steel.com\",\"description\":\"Finnish quality steel, for quality-conscious drivers\",\"publisher\":{\"@id\":\"https:\/\/com.rst-steel.eu\/#organization\"},\"alternateName\":\"Safe and stylish RST-Steel quality\",\"potentialAction\":[{\"@type\":\"SearchAction\",\"target\":{\"@type\":\"EntryPoint\",\"urlTemplate\":\"https:\/\/com.rst-steel.eu\/?s={search_term_string}\"},\"query-input\":{\"@type\":\"PropertyValueSpecification\",\"valueRequired\":true,\"valueName\":\"search_term_string\"}}],\"inLanguage\":\"sv-SE\"},{\"@type\":\"Organization\",\"@id\":\"https:\/\/com.rst-steel.eu\/#organization\",\"name\":\"RST-Steel Oy\",\"url\":\"https:\/\/com.rst-steel.eu\/\",\"logo\":{\"@type\":\"ImageObject\",\"inLanguage\":\"sv-SE\",\"@id\":\"https:\/\/com.rst-steel.eu\/#\/schema\/logo\/image\/\",\"url\":\"https:\/\/com.rst-steel.eu\/wp-content\/uploads\/2023\/04\/cropped-Rst-logo-valkoinen-teksti-3.png\",\"contentUrl\":\"https:\/\/com.rst-steel.eu\/wp-content\/uploads\/2023\/04\/cropped-Rst-logo-valkoinen-teksti-3.png\",\"width\":512,\"height\":115,\"caption\":\"RST-Steel Oy\"},\"image\":{\"@id\":\"https:\/\/com.rst-steel.eu\/#\/schema\/logo\/image\/\"},\"sameAs\":[\"https:\/\/www.facebook.com\/rststeel\",\"https:\/\/www.instagram.com\/rststeeloy\/\"]}]}<\/script>\n<!-- \/ Yoast SEO plugin. -->","yoast_head_json":{"title":"Wiring kit for bull bar, universal (4x250W, including options for position light and warning light) - RST-Steel","description":"Universal wiring kit for bull bar, supports up to 4x250W lights with options for position and warning lights. Durable, easy to install, complete harness.","robots":{"index":"index","follow":"follow","max-snippet":"max-snippet:-1","max-image-preview":"max-image-preview:large","max-video-preview":"max-video-preview:-1"},"canonical":"https:\/\/com.rst-steel.eu\/sv\/produkt\/wiring-kit-for-bull-bar-universal-4x250w-including-options-for-position-light-and-warning-light_pr_85176\/","og_locale":"sv_SE","og_type":"article","og_title":"Wiring kit for bull bar, universal (4x250W, including options for position light and warning light) - RST-Steel","og_description":"Universal wiring kit for bull bar, supports up to 4x250W lights with options for position and warning lights. Durable, easy to install, complete harness.","og_url":"https:\/\/com.rst-steel.eu\/sv\/produkt\/wiring-kit-for-bull-bar-universal-4x250w-including-options-for-position-light-and-warning-light_pr_85176\/","og_site_name":"RST-Steel","article_publisher":"https:\/\/www.facebook.com\/rststeel","article_modified_time":"2026-03-16T06:18:02+00:00","og_image":[{"width":433,"height":577,"url":"https:\/\/com.rst-steel.eu\/wp-content\/uploads\/2026\/02\/3abe7c9e88fc71ec0c8d4de1ee905318b618262f_9a6d710d_e9f3_4ce5_b850_ea2ad10c95a1_removebg_preview.jpg","type":"image\/jpeg"}],"twitter_card":"summary_large_image","twitter_misc":{"Ber\u00e4knad l\u00e4stid":"1 minut"},"schema":{"@context":"https:\/\/schema.org","@graph":[{"@type":"WebPage","@id":"https:\/\/com.rst-steel.eu\/nb\/produkt\/wiring-kit-for-bull-bar-universal-4x250w-including-options-for-position-light-and-warning-light_pr_85176\/","url":"https:\/\/com.rst-steel.eu\/nb\/produkt\/wiring-kit-for-bull-bar-universal-4x250w-including-options-for-position-light-and-warning-light_pr_85176\/","name":"Wiring kit for bull bar, universal (4x250W, including options for position light and warning light) - RST-Steel","isPartOf":{"@id":"https:\/\/com.rst-steel.eu\/#website"},"primaryImageOfPage":{"@id":"https:\/\/com.rst-steel.eu\/nb\/produkt\/wiring-kit-for-bull-bar-universal-4x250w-including-options-for-position-light-and-warning-light_pr_85176\/#primaryimage"},"image":{"@id":"https:\/\/com.rst-steel.eu\/nb\/produkt\/wiring-kit-for-bull-bar-universal-4x250w-including-options-for-position-light-and-warning-light_pr_85176\/#primaryimage"},"thumbnailUrl":"https:\/\/com.rst-steel.eu\/wp-content\/uploads\/2026\/02\/3abe7c9e88fc71ec0c8d4de1ee905318b618262f_9a6d710d_e9f3_4ce5_b850_ea2ad10c95a1_removebg_preview.jpg","datePublished":"2026-02-11T06:40:49+00:00","dateModified":"2026-03-16T06:18:02+00:00","description":"Universal wiring kit for bull bar, supports up to 4x250W lights with options for position and warning lights. Durable, easy to install, complete harness.","breadcrumb":{"@id":"https:\/\/com.rst-steel.eu\/nb\/produkt\/wiring-kit-for-bull-bar-universal-4x250w-including-options-for-position-light-and-warning-light_pr_85176\/#breadcrumb"},"inLanguage":"sv-SE","potentialAction":[{"@type":"ReadAction","target":["https:\/\/com.rst-steel.eu\/nb\/produkt\/wiring-kit-for-bull-bar-universal-4x250w-including-options-for-position-light-and-warning-light_pr_85176\/"]}]},{"@type":"ImageObject","inLanguage":"sv-SE","@id":"https:\/\/com.rst-steel.eu\/nb\/produkt\/wiring-kit-for-bull-bar-universal-4x250w-including-options-for-position-light-and-warning-light_pr_85176\/#primaryimage","url":"https:\/\/com.rst-steel.eu\/wp-content\/uploads\/2026\/02\/3abe7c9e88fc71ec0c8d4de1ee905318b618262f_9a6d710d_e9f3_4ce5_b850_ea2ad10c95a1_removebg_preview.jpg","contentUrl":"https:\/\/com.rst-steel.eu\/wp-content\/uploads\/2026\/02\/3abe7c9e88fc71ec0c8d4de1ee905318b618262f_9a6d710d_e9f3_4ce5_b850_ea2ad10c95a1_removebg_preview.jpg","width":433,"height":577,"caption":"Wiring kit for bull bar, universal (4x250W, including options for position light and warning light)"},{"@type":"BreadcrumbList","@id":"https:\/\/com.rst-steel.eu\/nb\/produkt\/wiring-kit-for-bull-bar-universal-4x250w-including-options-for-position-light-and-warning-light_pr_85176\/#breadcrumb","itemListElement":[{"@type":"ListItem","position":1,"name":"Home","item":"https:\/\/com.rst-steel.eu\/"},{"@type":"ListItem","position":2,"name":"RST-Steel Shop","item":"https:\/\/com.rst-steel.eu\/shop\/"},{"@type":"ListItem","position":3,"name":"Wiring kit for bull bar, universal (4x250W, including options for position light and warning light)"}]},{"@type":"WebSite","@id":"https:\/\/com.rst-steel.eu\/#website","url":"https:\/\/com.rst-steel.eu\/","name":"RST-Stahl.com","description":"Finskt kvalitetsst\u00e5l, f\u00f6r kvalitetsmedvetna f\u00f6rare","publisher":{"@id":"https:\/\/com.rst-steel.eu\/#organization"},"alternateName":"Safe and stylish RST-Steel quality","potentialAction":[{"@type":"SearchAction","target":{"@type":"EntryPoint","urlTemplate":"https:\/\/com.rst-steel.eu\/?s={search_term_string}"},"query-input":{"@type":"PropertyValueSpecification","valueRequired":true,"valueName":"search_term_string"}}],"inLanguage":"sv-SE"},{"@type":"Organization","@id":"https:\/\/com.rst-steel.eu\/#organization","name":"RST-Steel Oy","url":"https:\/\/com.rst-steel.eu\/","logo":{"@type":"ImageObject","inLanguage":"sv-SE","@id":"https:\/\/com.rst-steel.eu\/#\/schema\/logo\/image\/","url":"https:\/\/com.rst-steel.eu\/wp-content\/uploads\/2023\/04\/cropped-Rst-logo-valkoinen-teksti-3.png","contentUrl":"https:\/\/com.rst-steel.eu\/wp-content\/uploads\/2023\/04\/cropped-Rst-logo-valkoinen-teksti-3.png","width":512,"height":115,"caption":"RST-Steel Oy"},"image":{"@id":"https:\/\/com.rst-steel.eu\/#\/schema\/logo\/image\/"},"sameAs":["https:\/\/www.facebook.com\/rststeel","https:\/\/www.instagram.com\/rststeeloy\/"]}]}},"brands":[],"_links":{"self":[{"href":"https:\/\/com.rst-steel.eu\/sv\/wp-json\/wp\/v2\/product\/120986","targetHints":{"allow":["GET"]}}],"collection":[{"href":"https:\/\/com.rst-steel.eu\/sv\/wp-json\/wp\/v2\/product"}],"about":[{"href":"https:\/\/com.rst-steel.eu\/sv\/wp-json\/wp\/v2\/types\/product"}],"replies":[{"embeddable":true,"href":"https:\/\/com.rst-steel.eu\/sv\/wp-json\/wp\/v2\/comments?post=120986"}],"version-history":[{"count":0,"href":"https:\/\/com.rst-steel.eu\/sv\/wp-json\/wp\/v2\/product\/120986\/revisions"}],"wp:featuredmedia":[{"embeddable":true,"href":"https:\/\/com.rst-steel.eu\/sv\/wp-json\/wp\/v2\/media\/120985"}],"wp:attachment":[{"href":"https:\/\/com.rst-steel.eu\/sv\/wp-json\/wp\/v2\/media?parent=120986"}],"wp:term":[{"taxonomy":"make_fuel_type","embeddable":true,"href":"https:\/\/com.rst-steel.eu\/sv\/wp-json\/wp\/v2\/make_fuel_type?post=120986"},{"taxonomy":"make_model","embeddable":true,"href":"https:\/\/com.rst-steel.eu\/sv\/wp-json\/wp\/v2\/make_model?post=120986"},{"taxonomy":"make_brand","embeddable":true,"href":"https:\/\/com.rst-steel.eu\/sv\/wp-json\/wp\/v2\/make_brand?post=120986"},{"taxonomy":"make_year","embeddable":true,"href":"https:\/\/com.rst-steel.eu\/sv\/wp-json\/wp\/v2\/make_year?post=120986"},{"taxonomy":"pwb-brand","embeddable":true,"href":"https:\/\/com.rst-steel.eu\/sv\/wp-json\/wp\/v2\/pwb-brand?post=120986"},{"taxonomy":"product_brand","embeddable":true,"href":"https:\/\/com.rst-steel.eu\/sv\/wp-json\/wp\/v2\/product_brand?post=120986"},{"taxonomy":"product_cat","embeddable":true,"href":"https:\/\/com.rst-steel.eu\/sv\/wp-json\/wp\/v2\/product_cat?post=120986"},{"taxonomy":"product_tag","embeddable":true,"href":"https:\/\/com.rst-steel.eu\/sv\/wp-json\/wp\/v2\/product_tag?post=120986"}],"curies":[{"name":"wp","href":"https:\/\/api.w.org\/{rel}","templated":true}]}}