{"id":120694,"date":"2026-01-29T10:34:13","date_gmt":"2026-01-29T07:34:13","guid":{"rendered":"https:\/\/rst-steel.com\/product\/scania-nextgen-r-s-bullbar-freeway-v67-legalpro_prm_72277\/"},"modified":"2026-03-16T09:20:28","modified_gmt":"2026-03-16T06:20:28","slug":"scania-nextgen-r-s-bullbar-freeway-v67-legalpro_prm_72277","status":"publish","type":"product","link":"https:\/\/com.rst-steel.eu\/sv\/produkt\/scania-nextgen-r-s-bullbar-freeway-v67-legalpro_prm_72277\/","title":{"rendered":"Scania NextGen R\/S Bullbar Freeway V67 (LegalPro)"},"content":{"rendered":"<div><span style=\"font-weight: bold;\">Funktioner<\/span><\/div>\n<ul>\n<li><span style=\"font-weight: bold;\">Kompatibilitet:<\/span> Fits Scania NextGen R\/S Freeway V67 models with a large or medium bumper.\u00a0Not recommended for small bumpers<\/li>\n<li><span style=\"font-weight: bold;\">H\u00e5llbarhet: <\/span>Tillverkad av h\u00f6gkvalitativt rostfritt st\u00e5l som \u00e4r utformat f\u00f6r att t\u00e5la \u00e4ven de tuffaste f\u00f6rh\u00e5llandena.<\/li>\n<li><span style=\"font-weight: bold;\">Enkel installation: <\/span>Includes installation instructions and mounting hardware, allowing you to install the bullbar yourself.<\/li>\n<li>Stylish appearance: This bull bar gives your vehicle a modern and dynamic look. Its sleek design and polished or painted steel finish make your truck stand out on the road.<\/li>\n<li><span style=\"font-weight: bold;\">Maximum protection:<\/span> The bull bar provides effective protection for the front of your vehicle, helping to prevent damage in collisions. This reduces the risk of costly repairs and keeps your truck in better condition for longer.<\/li>\n<li><\/li>\n<\/ul>\n<div><span style=\"font-weight: bold;\">Obs! I- och J-modellerna \u00e4r godk\u00e4nda f\u00f6r anv\u00e4ndning i hela Europa och i m\u00e5nga andra l\u00e4nder, s\u00e5som Norge!<\/span><\/div>\n<ul>\n<li><span style=\"font-weight: bold;\">Swedish Transport Agency TSFS 2017:10<\/span><\/li>\n<li><span style=\"font-weight: bold;\">EU Directive 92\/114\/EEC<\/span><\/li>\n<li><span style=\"font-weight: bold;\">ECE Regulation No. 61<\/span><\/li>\n<li><\/li>\n<\/ul>\n<div>Based on this, Bull Bars have received official road traffic approval and can be legally used in all EU countries as well as in Norway. What does a road traffic-approved BullBar mean? A road traffic-approved BullBar means that the product is fully approved for road traffic use in Europe and Norway, and they can be installed on the vehicle even during inspection.<\/div>\n<ul>\n<li><\/li>\n<\/ul>\n<div>RST-Steel\u2019s bull bars are<span style=\"font-weight: bold;\"> premium Finnish-made<\/span> products crafted from stainless steel.<\/div>\n<div>A bull bar protects the front of the truck in potential collision situations. It gives your vehicle a robust and stylish appearance, turns heads, and can spark admiration\u2014helping you and your company stand out.<\/div>\n<div>The bullbar can be equipped with auxiliary lights and position lights to improve visibility in traffic, adding safety for both you and others on the road.<\/div>\n<ul>\n<li><\/li>\n<\/ul>\n<div><span style=\"font-weight: bold;\">The bull bar is designed for quick and easy removal, for example during maintenance work.<\/span><\/div>\n<ul>\n<li><\/li>\n<\/ul>\n<div><span style=\"font-weight: bold;\">Varf\u00f6r v\u00e4lja RST-Steel?<\/span><\/div>\n<div><span style=\"font-weight: bold;\">Tillverkad i Finland<\/span> Every RST-Steel product is made in our own factory in Nivala.<\/div>\n<div><span style=\"font-weight: bold;\">Tillf\u00f6rlitlighet:<\/span> M\u00e5nga \u00e5rs erfarenhet och expertis s\u00e4kerst\u00e4ller v\u00e5ra produkters h\u00f6ga kvalitet och h\u00e5llbarhet.<\/div>\n<div><span style=\"font-weight: bold;\">Kundn\u00f6jdhet:<\/span> Tusentals n\u00f6jda kunder \u00f6ver hela v\u00e4rlden litar p\u00e5 RST-Steel-produkter.<\/div>\n<ul>\n<li><\/li>\n<\/ul>\n<div><span style=\"font-weight: bold;\">Tekniska specifikationer<\/span><\/div>\n<ul>\n<li><span style=\"font-weight: bold;\">F\u00e4rg:<\/span> Spegelpolerat rostfritt st\u00e5l eller pulverlackerat med RAL-f\u00e4rger<\/li>\n<li><span style=\"font-weight: bold;\">R\u00f6rets diameter: <\/span>60 mm<\/li>\n<li><\/li>\n<\/ul>\n<p><span style=\"font-weight: bold;\"><a href=\"https:\/\/www.youtube.com\/watch?v=G2FVajPh-pM\">VIDEO F\u00d6R INSTALLATION AV BULLBAR-KABELSATS FINNS H\u00c4R!<\/a><\/span><\/p>\n<div><span style=\"font-weight: bold;\">Delivery Contents<\/span><\/div>\n<ul>\n<li>Frontskydd<\/li>\n<li>Monteringsf\u00e4sten som kr\u00e4vs f\u00f6r installation<\/li>\n<li>Instruktioner f\u00f6r installation<\/li>\n<\/ul>","protected":false},"excerpt":{"rendered":"<p><span style=\"font-family: Inter, sans-serif; font-size: 14px; font-weight: bold;\">LegalPro model!<\/span><\/p>","protected":false},"featured_media":121445,"comment_status":"open","ping_status":"closed","template":"","meta":{"_improvement_type_select":"improve_an_existing","_thumb_yes_seoaic":false,"_frame_yes_seoaic":false,"seoaic_generate_description":"","seoaic_improve_instructions_prompt":"","seoaic_rollback_content_improvement":"","seoaic_idea_thumbnail_generator":"","thumbnail_generated":false,"thumbnail_generate_prompt":"","seoaic_article_description":""},"make_fuel_type":[],"make_model":[5620,5623],"make_brand":[3744],"make_year":[3748],"pwb-brand":[],"product_brand":[],"product_cat":[6280,7157],"product_tag":[8487,6683,8488,8494],"class_list":{"0":"post-120694","1":"product","2":"type-product","3":"status-publish","4":"has-post-thumbnail","6":"make_model-nextgen-r-2017","7":"make_model-nextgen-s-2017","8":"make_brand-scania","9":"make_year-trucks","10":"product_cat-bullbars","11":"product_cat-scania-ka-kk","12":"product_tag-bullbar-freeway","13":"product_tag-frontskydd","14":"product_tag-scania","15":"product_tag-scania-nextgen","16":"product_shipping_class-bullbars","18":"first","19":"onbackorder","20":"taxable","21":"shipping-taxable","22":"purchasable","23":"product-type-variable"},"yoast_head":"<!-- This site is optimized with the Yoast SEO plugin v25.7 - https:\/\/yoast.com\/wordpress\/plugins\/seo\/ -->\n<title>Scania NextGen R\/S Bullbar Freeway V67 (LegalPro) - RST-Steel<\/title>\n<meta name=\"description\" content=\"Scania NextGen R\/S Bullbar Freeway V67 (LegalPro) \u2013 robust and road-legal bullbar offering premium protection and a sleek factory-style fit.\" \/>\n<meta name=\"robots\" content=\"index, follow, max-snippet:-1, max-image-preview:large, max-video-preview:-1\" \/>\n<link rel=\"canonical\" href=\"https:\/\/com.rst-steel.eu\/sv\/produkt\/scania-nextgen-r-s-bullbar-freeway-v67-legalpro_prm_72277\/\" \/>\n<meta property=\"og:locale\" content=\"sv_SE\" \/>\n<meta property=\"og:type\" content=\"article\" \/>\n<meta property=\"og:title\" content=\"Scania NextGen R\/S Bullbar Freeway V67 (LegalPro) - RST-Steel\" \/>\n<meta property=\"og:description\" content=\"Scania NextGen R\/S Bullbar Freeway V67 (LegalPro) \u2013 robust and road-legal bullbar offering premium protection and a sleek factory-style fit.\" \/>\n<meta property=\"og:url\" content=\"https:\/\/com.rst-steel.eu\/sv\/produkt\/scania-nextgen-r-s-bullbar-freeway-v67-legalpro_prm_72277\/\" \/>\n<meta property=\"og:site_name\" content=\"RST-Steel\" \/>\n<meta property=\"article:publisher\" content=\"https:\/\/www.facebook.com\/rststeel\" \/>\n<meta property=\"article:modified_time\" content=\"2026-03-16T06:20:28+00:00\" \/>\n<meta property=\"og:image\" content=\"https:\/\/com.rst-steel.eu\/wp-content\/uploads\/2026\/01\/ee6864f3-4288-4946-8eaf-b815682552eb.jpg\" \/>\n\t<meta property=\"og:image:width\" content=\"1600\" \/>\n\t<meta property=\"og:image:height\" content=\"1200\" \/>\n\t<meta property=\"og:image:type\" content=\"image\/jpeg\" \/>\n<meta name=\"twitter:card\" content=\"summary_large_image\" \/>\n<meta name=\"twitter:label1\" content=\"Ber\u00e4knad l\u00e4stid\" \/>\n\t<meta name=\"twitter:data1\" content=\"2 minuter\" \/>\n<script type=\"application\/ld+json\" class=\"yoast-schema-graph\">{\"@context\":\"https:\/\/schema.org\",\"@graph\":[{\"@type\":\"WebPage\",\"@id\":\"https:\/\/com.rst-steel.eu\/nb\/produkt\/scania-nextgen-r-s-bullbar-freeway-v67-legalpro_prm_72277\/\",\"url\":\"https:\/\/com.rst-steel.eu\/nb\/produkt\/scania-nextgen-r-s-bullbar-freeway-v67-legalpro_prm_72277\/\",\"name\":\"Scania NextGen R\/S Bullbar Freeway V67 (LegalPro) - RST-Steel\",\"isPartOf\":{\"@id\":\"https:\/\/com.rst-steel.eu\/#website\"},\"primaryImageOfPage\":{\"@id\":\"https:\/\/com.rst-steel.eu\/nb\/produkt\/scania-nextgen-r-s-bullbar-freeway-v67-legalpro_prm_72277\/#primaryimage\"},\"image\":{\"@id\":\"https:\/\/com.rst-steel.eu\/nb\/produkt\/scania-nextgen-r-s-bullbar-freeway-v67-legalpro_prm_72277\/#primaryimage\"},\"thumbnailUrl\":\"https:\/\/com.rst-steel.eu\/wp-content\/uploads\/2026\/01\/ee6864f3-4288-4946-8eaf-b815682552eb.jpg\",\"datePublished\":\"2026-01-29T07:34:13+00:00\",\"dateModified\":\"2026-03-16T06:20:28+00:00\",\"description\":\"Scania NextGen R\/S Bullbar Freeway V67 (LegalPro) \u2013 robust and road-legal bullbar offering premium protection and a sleek factory-style fit.\",\"breadcrumb\":{\"@id\":\"https:\/\/com.rst-steel.eu\/nb\/produkt\/scania-nextgen-r-s-bullbar-freeway-v67-legalpro_prm_72277\/#breadcrumb\"},\"inLanguage\":\"sv-SE\",\"potentialAction\":[{\"@type\":\"ReadAction\",\"target\":[\"https:\/\/com.rst-steel.eu\/nb\/produkt\/scania-nextgen-r-s-bullbar-freeway-v67-legalpro_prm_72277\/\"]}]},{\"@type\":\"ImageObject\",\"inLanguage\":\"sv-SE\",\"@id\":\"https:\/\/com.rst-steel.eu\/nb\/produkt\/scania-nextgen-r-s-bullbar-freeway-v67-legalpro_prm_72277\/#primaryimage\",\"url\":\"https:\/\/com.rst-steel.eu\/wp-content\/uploads\/2026\/01\/ee6864f3-4288-4946-8eaf-b815682552eb.jpg\",\"contentUrl\":\"https:\/\/com.rst-steel.eu\/wp-content\/uploads\/2026\/01\/ee6864f3-4288-4946-8eaf-b815682552eb.jpg\",\"width\":1600,\"height\":1200,\"caption\":\"Scania NextGen R\/S Bullbar Freeway V67 (LegalPro)\"},{\"@type\":\"BreadcrumbList\",\"@id\":\"https:\/\/com.rst-steel.eu\/nb\/produkt\/scania-nextgen-r-s-bullbar-freeway-v67-legalpro_prm_72277\/#breadcrumb\",\"itemListElement\":[{\"@type\":\"ListItem\",\"position\":1,\"name\":\"Home\",\"item\":\"https:\/\/com.rst-steel.eu\/\"},{\"@type\":\"ListItem\",\"position\":2,\"name\":\"RST-Steel Shop\",\"item\":\"https:\/\/com.rst-steel.eu\/shop\/\"},{\"@type\":\"ListItem\",\"position\":3,\"name\":\"Scania NextGen R\/S Bullbar Freeway V67 (LegalPro)\"}]},{\"@type\":\"WebSite\",\"@id\":\"https:\/\/com.rst-steel.eu\/#website\",\"url\":\"https:\/\/com.rst-steel.eu\/\",\"name\":\"RST-Steel.com\",\"description\":\"Finnish quality steel, for quality-conscious drivers\",\"publisher\":{\"@id\":\"https:\/\/com.rst-steel.eu\/#organization\"},\"alternateName\":\"Safe and stylish RST-Steel quality\",\"potentialAction\":[{\"@type\":\"SearchAction\",\"target\":{\"@type\":\"EntryPoint\",\"urlTemplate\":\"https:\/\/com.rst-steel.eu\/?s={search_term_string}\"},\"query-input\":{\"@type\":\"PropertyValueSpecification\",\"valueRequired\":true,\"valueName\":\"search_term_string\"}}],\"inLanguage\":\"sv-SE\"},{\"@type\":\"Organization\",\"@id\":\"https:\/\/com.rst-steel.eu\/#organization\",\"name\":\"RST-Steel Oy\",\"url\":\"https:\/\/com.rst-steel.eu\/\",\"logo\":{\"@type\":\"ImageObject\",\"inLanguage\":\"sv-SE\",\"@id\":\"https:\/\/com.rst-steel.eu\/#\/schema\/logo\/image\/\",\"url\":\"https:\/\/com.rst-steel.eu\/wp-content\/uploads\/2023\/04\/cropped-Rst-logo-valkoinen-teksti-3.png\",\"contentUrl\":\"https:\/\/com.rst-steel.eu\/wp-content\/uploads\/2023\/04\/cropped-Rst-logo-valkoinen-teksti-3.png\",\"width\":512,\"height\":115,\"caption\":\"RST-Steel Oy\"},\"image\":{\"@id\":\"https:\/\/com.rst-steel.eu\/#\/schema\/logo\/image\/\"},\"sameAs\":[\"https:\/\/www.facebook.com\/rststeel\",\"https:\/\/www.instagram.com\/rststeeloy\/\"]}]}<\/script>\n<!-- \/ Yoast SEO plugin. -->","yoast_head_json":{"title":"Scania NextGen R\/S Bullbar Freeway V67 (LegalPro) - RST-Steel","description":"Scania NextGen R\/S Bullbar Freeway V67 (LegalPro) \u2013 robust and road-legal bullbar offering premium protection and a sleek factory-style fit.","robots":{"index":"index","follow":"follow","max-snippet":"max-snippet:-1","max-image-preview":"max-image-preview:large","max-video-preview":"max-video-preview:-1"},"canonical":"https:\/\/com.rst-steel.eu\/sv\/produkt\/scania-nextgen-r-s-bullbar-freeway-v67-legalpro_prm_72277\/","og_locale":"sv_SE","og_type":"article","og_title":"Scania NextGen R\/S Bullbar Freeway V67 (LegalPro) - RST-Steel","og_description":"Scania NextGen R\/S Bullbar Freeway V67 (LegalPro) \u2013 robust and road-legal bullbar offering premium protection and a sleek factory-style fit.","og_url":"https:\/\/com.rst-steel.eu\/sv\/produkt\/scania-nextgen-r-s-bullbar-freeway-v67-legalpro_prm_72277\/","og_site_name":"RST-Steel","article_publisher":"https:\/\/www.facebook.com\/rststeel","article_modified_time":"2026-03-16T06:20:28+00:00","og_image":[{"width":1600,"height":1200,"url":"https:\/\/com.rst-steel.eu\/wp-content\/uploads\/2026\/01\/ee6864f3-4288-4946-8eaf-b815682552eb.jpg","type":"image\/jpeg"}],"twitter_card":"summary_large_image","twitter_misc":{"Ber\u00e4knad l\u00e4stid":"2 minuter"},"schema":{"@context":"https:\/\/schema.org","@graph":[{"@type":"WebPage","@id":"https:\/\/com.rst-steel.eu\/nb\/produkt\/scania-nextgen-r-s-bullbar-freeway-v67-legalpro_prm_72277\/","url":"https:\/\/com.rst-steel.eu\/nb\/produkt\/scania-nextgen-r-s-bullbar-freeway-v67-legalpro_prm_72277\/","name":"Scania NextGen R\/S Bullbar Freeway V67 (LegalPro) - RST-Steel","isPartOf":{"@id":"https:\/\/com.rst-steel.eu\/#website"},"primaryImageOfPage":{"@id":"https:\/\/com.rst-steel.eu\/nb\/produkt\/scania-nextgen-r-s-bullbar-freeway-v67-legalpro_prm_72277\/#primaryimage"},"image":{"@id":"https:\/\/com.rst-steel.eu\/nb\/produkt\/scania-nextgen-r-s-bullbar-freeway-v67-legalpro_prm_72277\/#primaryimage"},"thumbnailUrl":"https:\/\/com.rst-steel.eu\/wp-content\/uploads\/2026\/01\/ee6864f3-4288-4946-8eaf-b815682552eb.jpg","datePublished":"2026-01-29T07:34:13+00:00","dateModified":"2026-03-16T06:20:28+00:00","description":"Scania NextGen R\/S Bullbar Freeway V67 (LegalPro) \u2013 robust and road-legal bullbar offering premium protection and a sleek factory-style fit.","breadcrumb":{"@id":"https:\/\/com.rst-steel.eu\/nb\/produkt\/scania-nextgen-r-s-bullbar-freeway-v67-legalpro_prm_72277\/#breadcrumb"},"inLanguage":"sv-SE","potentialAction":[{"@type":"ReadAction","target":["https:\/\/com.rst-steel.eu\/nb\/produkt\/scania-nextgen-r-s-bullbar-freeway-v67-legalpro_prm_72277\/"]}]},{"@type":"ImageObject","inLanguage":"sv-SE","@id":"https:\/\/com.rst-steel.eu\/nb\/produkt\/scania-nextgen-r-s-bullbar-freeway-v67-legalpro_prm_72277\/#primaryimage","url":"https:\/\/com.rst-steel.eu\/wp-content\/uploads\/2026\/01\/ee6864f3-4288-4946-8eaf-b815682552eb.jpg","contentUrl":"https:\/\/com.rst-steel.eu\/wp-content\/uploads\/2026\/01\/ee6864f3-4288-4946-8eaf-b815682552eb.jpg","width":1600,"height":1200,"caption":"Scania NextGen R\/S Bullbar Freeway V67 (LegalPro)"},{"@type":"BreadcrumbList","@id":"https:\/\/com.rst-steel.eu\/nb\/produkt\/scania-nextgen-r-s-bullbar-freeway-v67-legalpro_prm_72277\/#breadcrumb","itemListElement":[{"@type":"ListItem","position":1,"name":"Home","item":"https:\/\/com.rst-steel.eu\/"},{"@type":"ListItem","position":2,"name":"RST-Steel Shop","item":"https:\/\/com.rst-steel.eu\/shop\/"},{"@type":"ListItem","position":3,"name":"Scania NextGen R\/S Bullbar Freeway V67 (LegalPro)"}]},{"@type":"WebSite","@id":"https:\/\/com.rst-steel.eu\/#website","url":"https:\/\/com.rst-steel.eu\/","name":"RST-Stahl.com","description":"Finskt kvalitetsst\u00e5l, f\u00f6r kvalitetsmedvetna f\u00f6rare","publisher":{"@id":"https:\/\/com.rst-steel.eu\/#organization"},"alternateName":"Safe and stylish RST-Steel quality","potentialAction":[{"@type":"SearchAction","target":{"@type":"EntryPoint","urlTemplate":"https:\/\/com.rst-steel.eu\/?s={search_term_string}"},"query-input":{"@type":"PropertyValueSpecification","valueRequired":true,"valueName":"search_term_string"}}],"inLanguage":"sv-SE"},{"@type":"Organization","@id":"https:\/\/com.rst-steel.eu\/#organization","name":"RST-Steel Oy","url":"https:\/\/com.rst-steel.eu\/","logo":{"@type":"ImageObject","inLanguage":"sv-SE","@id":"https:\/\/com.rst-steel.eu\/#\/schema\/logo\/image\/","url":"https:\/\/com.rst-steel.eu\/wp-content\/uploads\/2023\/04\/cropped-Rst-logo-valkoinen-teksti-3.png","contentUrl":"https:\/\/com.rst-steel.eu\/wp-content\/uploads\/2023\/04\/cropped-Rst-logo-valkoinen-teksti-3.png","width":512,"height":115,"caption":"RST-Steel Oy"},"image":{"@id":"https:\/\/com.rst-steel.eu\/#\/schema\/logo\/image\/"},"sameAs":["https:\/\/www.facebook.com\/rststeel","https:\/\/www.instagram.com\/rststeeloy\/"]}]}},"brands":[],"_links":{"self":[{"href":"https:\/\/com.rst-steel.eu\/sv\/wp-json\/wp\/v2\/product\/120694","targetHints":{"allow":["GET"]}}],"collection":[{"href":"https:\/\/com.rst-steel.eu\/sv\/wp-json\/wp\/v2\/product"}],"about":[{"href":"https:\/\/com.rst-steel.eu\/sv\/wp-json\/wp\/v2\/types\/product"}],"replies":[{"embeddable":true,"href":"https:\/\/com.rst-steel.eu\/sv\/wp-json\/wp\/v2\/comments?post=120694"}],"version-history":[{"count":0,"href":"https:\/\/com.rst-steel.eu\/sv\/wp-json\/wp\/v2\/product\/120694\/revisions"}],"wp:featuredmedia":[{"embeddable":true,"href":"https:\/\/com.rst-steel.eu\/sv\/wp-json\/wp\/v2\/media\/121445"}],"wp:attachment":[{"href":"https:\/\/com.rst-steel.eu\/sv\/wp-json\/wp\/v2\/media?parent=120694"}],"wp:term":[{"taxonomy":"make_fuel_type","embeddable":true,"href":"https:\/\/com.rst-steel.eu\/sv\/wp-json\/wp\/v2\/make_fuel_type?post=120694"},{"taxonomy":"make_model","embeddable":true,"href":"https:\/\/com.rst-steel.eu\/sv\/wp-json\/wp\/v2\/make_model?post=120694"},{"taxonomy":"make_brand","embeddable":true,"href":"https:\/\/com.rst-steel.eu\/sv\/wp-json\/wp\/v2\/make_brand?post=120694"},{"taxonomy":"make_year","embeddable":true,"href":"https:\/\/com.rst-steel.eu\/sv\/wp-json\/wp\/v2\/make_year?post=120694"},{"taxonomy":"pwb-brand","embeddable":true,"href":"https:\/\/com.rst-steel.eu\/sv\/wp-json\/wp\/v2\/pwb-brand?post=120694"},{"taxonomy":"product_brand","embeddable":true,"href":"https:\/\/com.rst-steel.eu\/sv\/wp-json\/wp\/v2\/product_brand?post=120694"},{"taxonomy":"product_cat","embeddable":true,"href":"https:\/\/com.rst-steel.eu\/sv\/wp-json\/wp\/v2\/product_cat?post=120694"},{"taxonomy":"product_tag","embeddable":true,"href":"https:\/\/com.rst-steel.eu\/sv\/wp-json\/wp\/v2\/product_tag?post=120694"}],"curies":[{"name":"wp","href":"https:\/\/api.w.org\/{rel}","templated":true}]}}