{"id":119960,"date":"2025-12-04T10:10:47","date_gmt":"2025-12-04T07:10:47","guid":{"rendered":"https:\/\/rst-steel.com\/product\/front-bar-multibar-v06-scania-nextgen-_prm_10183\/"},"modified":"2026-03-16T09:16:38","modified_gmt":"2026-03-16T06:16:38","slug":"front-bar-multibar-v06-scania-nextgen-_prm_10183","status":"publish","type":"product","link":"https:\/\/com.rst-steel.eu\/sv\/produkt\/front-bar-multibar-v06-scania-nextgen-_prm_10183\/","title":{"rendered":"Front Bar Multibar V06 Scania NextGen"},"content":{"rendered":"<p><strong>Front Bar Multibar V06 Scania NextGen<\/strong><\/p>\n<ul>\n<li><\/li>\n<\/ul>\n<p>The front bars can be equipped with auxiliary lights and position lights, which improve your visibility in traffic, and at the same time increase safety for yourself and others in traffic.<\/p>\n<ul>\n<li><\/li>\n<\/ul>\n<p>&nbsp;<\/p>\n<p><span style=\"font-weight: bold;\">Egenskaper:<\/span><\/p>\n<ul>\n<li>Compatibility: Designed for Scania NextGen 2017- models, ensuring quick and effortless installation.<\/li>\n<li>Material: Tillverkad av slitstarkt rostfritt st\u00e5l, vilket garanterar l\u00e5ng livsl\u00e4ngd och utm\u00e4rkt v\u00e4derbest\u00e4ndighet.<\/li>\n<li>Snygg design: Polerad eller m\u00e5lad yta och elegant design f\u00f6rb\u00e4ttrar utseendet p\u00e5 din lastbil.<\/li>\n<li>Light Installation: Thanks to the welded auxiliary light brackets, you can easily mount several additional lights onto the front bar.<\/li>\n<li>S\u00e4kerhet: F\u00f6rb\u00e4ttrar sikten i m\u00f6rker och under sv\u00e5ra k\u00f6rf\u00f6rh\u00e5llanden, vilket \u00f6kar s\u00e4kerheten f\u00f6r b\u00e5de f\u00f6raren och andra trafikanter.<\/li>\n<li><\/li>\n<\/ul>\n<p>&nbsp;<\/p>\n<p><span style=\"font-weight: bold;\">The front bar fits 2 \u00d7 40 cm light bars. (Lazer Triple-R 1000)<br \/>\n<\/span><\/p>\n<ul>\n<li><\/li>\n<\/ul>\n<p>&nbsp;<\/p>\n<p><span style=\"font-weight: bold;\">Varf\u00f6r v\u00e4lja RST-Steel?<\/span><\/p>\n<ul>\n<li><span style=\"font-weight: bold;\">Tillverkade i Finland<\/span>: All our products are manufactured in our own production facility in Nivala, Finland.<\/li>\n<li><span style=\"font-weight: bold;\">P\u00e5litlighet<\/span>: M\u00e5nga \u00e5rs erfarenhet och expertis s\u00e4kerst\u00e4ller den h\u00f6ga kvaliteten och h\u00e5llbarheten hos v\u00e5ra produkter.<\/li>\n<li><span style=\"font-weight: bold;\">Kundn\u00f6jdhet:<\/span>\u00a0Tusentals n\u00f6jda kunder v\u00e4rlden \u00f6ver litar p\u00e5 RST-Steels produkter.<\/li>\n<li><\/li>\n<\/ul>\n<p>&nbsp;<\/p>\n<p><span style=\"font-weight: bold;\">Teknisk information:<\/span><\/p>\n<ul>\n<li>F\u00e4rg: Polerat rostfritt st\u00e5l eller pulverlackerat med RAL-f\u00e4rger<\/li>\n<li>R\u00f6rdiameter: 60 mm<\/li>\n<li>Welded light brackets (4pcs)<\/li>\n<li><\/li>\n<\/ul>\n<p>&nbsp;<\/p>\n<p><span style=\"font-weight: bold;\">Leveransinneh\u00e5ll:<\/span><\/p>\n<ul>\n<li>Front bar Multibar V06<\/li>\n<li>Monteringsf\u00e4sten som beh\u00f6vs f\u00f6r installation<\/li>\n<li>Instruktioner f\u00f6r installation<\/li>\n<\/ul>","protected":false},"excerpt":{"rendered":"<p><span style=\"font-weight: bold;\">Flera modellalternativ tillg\u00e4ngliga!<\/span><\/p>","protected":false},"featured_media":119958,"comment_status":"open","ping_status":"closed","template":"","meta":{"_improvement_type_select":"improve_an_existing","_thumb_yes_seoaic":false,"_frame_yes_seoaic":false,"seoaic_generate_description":"","seoaic_improve_instructions_prompt":"","seoaic_rollback_content_improvement":"","seoaic_idea_thumbnail_generator":"","thumbnail_generated":false,"thumbnail_generate_prompt":"","seoaic_article_description":""},"make_fuel_type":[],"make_model":[5614,2529,5608,5620,5623],"make_brand":[3744],"make_year":[3748],"pwb-brand":[8334],"product_brand":[],"product_cat":[6057,6059,7173],"product_tag":[8488,8494],"class_list":{"0":"post-119960","1":"product","2":"type-product","3":"status-publish","4":"has-post-thumbnail","6":"make_engine-daycab-low-cg","7":"make_engine-daycab-low-cp","8":"make_engine-daycab-low-cr","9":"make_engine-daycab-normal-cg","10":"make_engine-daycab-normal-cp","11":"make_engine-daycab-normal-cr","12":"make_engine-sleepercab-highline-cg","13":"make_engine-sleepercab-high-cp","14":"make_engine-sleepercab-highline-cr","15":"make_engine-sleepercab-highline-cs","16":"make_engine-sleepercab-low-cg","17":"make_engine-sleepercab-low-cl-2","18":"make_engine-scng-sleeper-cab-low-cp20l","19":"make_engine-sleepercab-low-cr","20":"make_engine-sleepercab-normal-cg","21":"make_engine-sleepercab-normal-cl","22":"make_engine-sleepercab-normal-cp","23":"make_engine-sleepercab-normal-cr","24":"make_engine-sleepercab-normal-cs","25":"make_model-nextgen-g-2017","26":"make_model-nextgen-2017","27":"make_model-nextgen-p-2017","28":"make_model-nextgen-r-2017","29":"make_model-nextgen-s-2017","30":"make_brand-scania","31":"make_year-trucks","32":"pwb-brand-brand_rststeel","33":"product_cat-lightbars","34":"product_cat-frontbars-for-trucks","35":"product_cat-scania-ka-li","36":"product_tag-scania","37":"product_tag-scania-nextgen","38":"product_shipping_class-lightbars","40":"first","41":"instock","42":"taxable","43":"shipping-taxable","44":"purchasable","45":"product-type-variable"},"yoast_head":"<!-- This site is optimized with the Yoast SEO plugin v25.7 - https:\/\/yoast.com\/wordpress\/plugins\/seo\/ -->\n<title>Front Bar Multibar V06 Scania NextGen - RST-Steel<\/title>\n<meta name=\"description\" content=\"High-quality Multibar model Front Bar V06 for Scania NextGen 2017- trucks. Made from stainless steel, guaranteeing long service life!\" \/>\n<meta name=\"robots\" content=\"index, follow, max-snippet:-1, max-image-preview:large, max-video-preview:-1\" \/>\n<link rel=\"canonical\" href=\"https:\/\/com.rst-steel.eu\/sv\/produkt\/front-bar-multibar-v06-scania-nextgen-_prm_10183\/\" \/>\n<meta property=\"og:locale\" content=\"sv_SE\" \/>\n<meta property=\"og:type\" content=\"article\" \/>\n<meta property=\"og:title\" content=\"Front Bar Multibar V06 Scania NextGen - RST-Steel\" \/>\n<meta property=\"og:description\" content=\"High-quality Multibar model Front Bar V06 for Scania NextGen 2017- trucks. Made from stainless steel, guaranteeing long service life!\" \/>\n<meta property=\"og:url\" content=\"https:\/\/com.rst-steel.eu\/sv\/produkt\/front-bar-multibar-v06-scania-nextgen-_prm_10183\/\" \/>\n<meta property=\"og:site_name\" content=\"RST-Steel\" \/>\n<meta property=\"article:publisher\" content=\"https:\/\/www.facebook.com\/rststeel\" \/>\n<meta property=\"article:modified_time\" content=\"2026-03-16T06:16:38+00:00\" \/>\n<meta property=\"og:image\" content=\"https:\/\/com.rst-steel.eu\/wp-content\/uploads\/2025\/12\/f8c557180a8f8cb74300df83acf40230be7102d2_Kuljetus_pietarila_1-scaled.jpg\" \/>\n\t<meta property=\"og:image:width\" content=\"2560\" \/>\n\t<meta property=\"og:image:height\" content=\"1915\" \/>\n\t<meta property=\"og:image:type\" content=\"image\/jpeg\" \/>\n<meta name=\"twitter:card\" content=\"summary_large_image\" \/>\n<meta name=\"twitter:label1\" content=\"Ber\u00e4knad l\u00e4stid\" \/>\n\t<meta name=\"twitter:data1\" content=\"2 minuter\" \/>\n<script type=\"application\/ld+json\" class=\"yoast-schema-graph\">{\"@context\":\"https:\/\/schema.org\",\"@graph\":[{\"@type\":\"WebPage\",\"@id\":\"https:\/\/com.rst-steel.eu\/nb\/produkt\/front-bar-multibar-v06-scania-nextgen-_prm_10183\/\",\"url\":\"https:\/\/com.rst-steel.eu\/nb\/produkt\/front-bar-multibar-v06-scania-nextgen-_prm_10183\/\",\"name\":\"Front Bar Multibar V06 Scania NextGen - RST-Steel\",\"isPartOf\":{\"@id\":\"https:\/\/com.rst-steel.eu\/#website\"},\"primaryImageOfPage\":{\"@id\":\"https:\/\/com.rst-steel.eu\/nb\/produkt\/front-bar-multibar-v06-scania-nextgen-_prm_10183\/#primaryimage\"},\"image\":{\"@id\":\"https:\/\/com.rst-steel.eu\/nb\/produkt\/front-bar-multibar-v06-scania-nextgen-_prm_10183\/#primaryimage\"},\"thumbnailUrl\":\"https:\/\/com.rst-steel.eu\/wp-content\/uploads\/2025\/12\/f8c557180a8f8cb74300df83acf40230be7102d2_Kuljetus_pietarila_1-scaled.jpg\",\"datePublished\":\"2025-12-04T07:10:47+00:00\",\"dateModified\":\"2026-03-16T06:16:38+00:00\",\"description\":\"High-quality Multibar model Front Bar V06 for Scania NextGen 2017- trucks. Made from stainless steel, guaranteeing long service life!\",\"breadcrumb\":{\"@id\":\"https:\/\/com.rst-steel.eu\/nb\/produkt\/front-bar-multibar-v06-scania-nextgen-_prm_10183\/#breadcrumb\"},\"inLanguage\":\"sv-SE\",\"potentialAction\":[{\"@type\":\"ReadAction\",\"target\":[\"https:\/\/com.rst-steel.eu\/nb\/produkt\/front-bar-multibar-v06-scania-nextgen-_prm_10183\/\"]}]},{\"@type\":\"ImageObject\",\"inLanguage\":\"sv-SE\",\"@id\":\"https:\/\/com.rst-steel.eu\/nb\/produkt\/front-bar-multibar-v06-scania-nextgen-_prm_10183\/#primaryimage\",\"url\":\"https:\/\/com.rst-steel.eu\/wp-content\/uploads\/2025\/12\/f8c557180a8f8cb74300df83acf40230be7102d2_Kuljetus_pietarila_1-scaled.jpg\",\"contentUrl\":\"https:\/\/com.rst-steel.eu\/wp-content\/uploads\/2025\/12\/f8c557180a8f8cb74300df83acf40230be7102d2_Kuljetus_pietarila_1-scaled.jpg\",\"width\":2560,\"height\":1915,\"caption\":\"Front Bar Multibar V06 Scania NextGen\"},{\"@type\":\"BreadcrumbList\",\"@id\":\"https:\/\/com.rst-steel.eu\/nb\/produkt\/front-bar-multibar-v06-scania-nextgen-_prm_10183\/#breadcrumb\",\"itemListElement\":[{\"@type\":\"ListItem\",\"position\":1,\"name\":\"Home\",\"item\":\"https:\/\/com.rst-steel.eu\/\"},{\"@type\":\"ListItem\",\"position\":2,\"name\":\"RST-Steel Shop\",\"item\":\"https:\/\/com.rst-steel.eu\/shop\/\"},{\"@type\":\"ListItem\",\"position\":3,\"name\":\"Front Bar Multibar V06 Scania NextGen\"}]},{\"@type\":\"WebSite\",\"@id\":\"https:\/\/com.rst-steel.eu\/#website\",\"url\":\"https:\/\/com.rst-steel.eu\/\",\"name\":\"RST-Steel.com\",\"description\":\"Finnish quality steel, for quality-conscious drivers\",\"publisher\":{\"@id\":\"https:\/\/com.rst-steel.eu\/#organization\"},\"alternateName\":\"Safe and stylish RST-Steel quality\",\"potentialAction\":[{\"@type\":\"SearchAction\",\"target\":{\"@type\":\"EntryPoint\",\"urlTemplate\":\"https:\/\/com.rst-steel.eu\/?s={search_term_string}\"},\"query-input\":{\"@type\":\"PropertyValueSpecification\",\"valueRequired\":true,\"valueName\":\"search_term_string\"}}],\"inLanguage\":\"sv-SE\"},{\"@type\":\"Organization\",\"@id\":\"https:\/\/com.rst-steel.eu\/#organization\",\"name\":\"RST-Steel Oy\",\"url\":\"https:\/\/com.rst-steel.eu\/\",\"logo\":{\"@type\":\"ImageObject\",\"inLanguage\":\"sv-SE\",\"@id\":\"https:\/\/com.rst-steel.eu\/#\/schema\/logo\/image\/\",\"url\":\"https:\/\/com.rst-steel.eu\/wp-content\/uploads\/2023\/04\/cropped-Rst-logo-valkoinen-teksti-3.png\",\"contentUrl\":\"https:\/\/com.rst-steel.eu\/wp-content\/uploads\/2023\/04\/cropped-Rst-logo-valkoinen-teksti-3.png\",\"width\":512,\"height\":115,\"caption\":\"RST-Steel Oy\"},\"image\":{\"@id\":\"https:\/\/com.rst-steel.eu\/#\/schema\/logo\/image\/\"},\"sameAs\":[\"https:\/\/www.facebook.com\/rststeel\",\"https:\/\/www.instagram.com\/rststeeloy\/\"]}]}<\/script>\n<!-- \/ Yoast SEO plugin. -->","yoast_head_json":{"title":"Front Bar Multibar V06 Scania NextGen - RST-Steel","description":"High-quality Multibar model Front Bar V06 for Scania NextGen 2017- trucks. Made from stainless steel, guaranteeing long service life!","robots":{"index":"index","follow":"follow","max-snippet":"max-snippet:-1","max-image-preview":"max-image-preview:large","max-video-preview":"max-video-preview:-1"},"canonical":"https:\/\/com.rst-steel.eu\/sv\/produkt\/front-bar-multibar-v06-scania-nextgen-_prm_10183\/","og_locale":"sv_SE","og_type":"article","og_title":"Front Bar Multibar V06 Scania NextGen - RST-Steel","og_description":"High-quality Multibar model Front Bar V06 for Scania NextGen 2017- trucks. Made from stainless steel, guaranteeing long service life!","og_url":"https:\/\/com.rst-steel.eu\/sv\/produkt\/front-bar-multibar-v06-scania-nextgen-_prm_10183\/","og_site_name":"RST-Steel","article_publisher":"https:\/\/www.facebook.com\/rststeel","article_modified_time":"2026-03-16T06:16:38+00:00","og_image":[{"width":2560,"height":1915,"url":"https:\/\/com.rst-steel.eu\/wp-content\/uploads\/2025\/12\/f8c557180a8f8cb74300df83acf40230be7102d2_Kuljetus_pietarila_1-scaled.jpg","type":"image\/jpeg"}],"twitter_card":"summary_large_image","twitter_misc":{"Ber\u00e4knad l\u00e4stid":"2 minuter"},"schema":{"@context":"https:\/\/schema.org","@graph":[{"@type":"WebPage","@id":"https:\/\/com.rst-steel.eu\/nb\/produkt\/front-bar-multibar-v06-scania-nextgen-_prm_10183\/","url":"https:\/\/com.rst-steel.eu\/nb\/produkt\/front-bar-multibar-v06-scania-nextgen-_prm_10183\/","name":"Front Bar Multibar V06 Scania NextGen - RST-Steel","isPartOf":{"@id":"https:\/\/com.rst-steel.eu\/#website"},"primaryImageOfPage":{"@id":"https:\/\/com.rst-steel.eu\/nb\/produkt\/front-bar-multibar-v06-scania-nextgen-_prm_10183\/#primaryimage"},"image":{"@id":"https:\/\/com.rst-steel.eu\/nb\/produkt\/front-bar-multibar-v06-scania-nextgen-_prm_10183\/#primaryimage"},"thumbnailUrl":"https:\/\/com.rst-steel.eu\/wp-content\/uploads\/2025\/12\/f8c557180a8f8cb74300df83acf40230be7102d2_Kuljetus_pietarila_1-scaled.jpg","datePublished":"2025-12-04T07:10:47+00:00","dateModified":"2026-03-16T06:16:38+00:00","description":"High-quality Multibar model Front Bar V06 for Scania NextGen 2017- trucks. Made from stainless steel, guaranteeing long service life!","breadcrumb":{"@id":"https:\/\/com.rst-steel.eu\/nb\/produkt\/front-bar-multibar-v06-scania-nextgen-_prm_10183\/#breadcrumb"},"inLanguage":"sv-SE","potentialAction":[{"@type":"ReadAction","target":["https:\/\/com.rst-steel.eu\/nb\/produkt\/front-bar-multibar-v06-scania-nextgen-_prm_10183\/"]}]},{"@type":"ImageObject","inLanguage":"sv-SE","@id":"https:\/\/com.rst-steel.eu\/nb\/produkt\/front-bar-multibar-v06-scania-nextgen-_prm_10183\/#primaryimage","url":"https:\/\/com.rst-steel.eu\/wp-content\/uploads\/2025\/12\/f8c557180a8f8cb74300df83acf40230be7102d2_Kuljetus_pietarila_1-scaled.jpg","contentUrl":"https:\/\/com.rst-steel.eu\/wp-content\/uploads\/2025\/12\/f8c557180a8f8cb74300df83acf40230be7102d2_Kuljetus_pietarila_1-scaled.jpg","width":2560,"height":1915,"caption":"Front Bar Multibar V06 Scania NextGen"},{"@type":"BreadcrumbList","@id":"https:\/\/com.rst-steel.eu\/nb\/produkt\/front-bar-multibar-v06-scania-nextgen-_prm_10183\/#breadcrumb","itemListElement":[{"@type":"ListItem","position":1,"name":"Home","item":"https:\/\/com.rst-steel.eu\/"},{"@type":"ListItem","position":2,"name":"RST-Steel Shop","item":"https:\/\/com.rst-steel.eu\/shop\/"},{"@type":"ListItem","position":3,"name":"Front Bar Multibar V06 Scania NextGen"}]},{"@type":"WebSite","@id":"https:\/\/com.rst-steel.eu\/#website","url":"https:\/\/com.rst-steel.eu\/","name":"RST-Stahl.com","description":"Finskt kvalitetsst\u00e5l, f\u00f6r kvalitetsmedvetna f\u00f6rare","publisher":{"@id":"https:\/\/com.rst-steel.eu\/#organization"},"alternateName":"Safe and stylish RST-Steel quality","potentialAction":[{"@type":"SearchAction","target":{"@type":"EntryPoint","urlTemplate":"https:\/\/com.rst-steel.eu\/?s={search_term_string}"},"query-input":{"@type":"PropertyValueSpecification","valueRequired":true,"valueName":"search_term_string"}}],"inLanguage":"sv-SE"},{"@type":"Organization","@id":"https:\/\/com.rst-steel.eu\/#organization","name":"RST-Steel Oy","url":"https:\/\/com.rst-steel.eu\/","logo":{"@type":"ImageObject","inLanguage":"sv-SE","@id":"https:\/\/com.rst-steel.eu\/#\/schema\/logo\/image\/","url":"https:\/\/com.rst-steel.eu\/wp-content\/uploads\/2023\/04\/cropped-Rst-logo-valkoinen-teksti-3.png","contentUrl":"https:\/\/com.rst-steel.eu\/wp-content\/uploads\/2023\/04\/cropped-Rst-logo-valkoinen-teksti-3.png","width":512,"height":115,"caption":"RST-Steel Oy"},"image":{"@id":"https:\/\/com.rst-steel.eu\/#\/schema\/logo\/image\/"},"sameAs":["https:\/\/www.facebook.com\/rststeel","https:\/\/www.instagram.com\/rststeeloy\/"]}]}},"brands":[{"id":8334,"name":"RST-Steel","slug":"brand_rststeel"}],"_links":{"self":[{"href":"https:\/\/com.rst-steel.eu\/sv\/wp-json\/wp\/v2\/product\/119960","targetHints":{"allow":["GET"]}}],"collection":[{"href":"https:\/\/com.rst-steel.eu\/sv\/wp-json\/wp\/v2\/product"}],"about":[{"href":"https:\/\/com.rst-steel.eu\/sv\/wp-json\/wp\/v2\/types\/product"}],"replies":[{"embeddable":true,"href":"https:\/\/com.rst-steel.eu\/sv\/wp-json\/wp\/v2\/comments?post=119960"}],"version-history":[{"count":0,"href":"https:\/\/com.rst-steel.eu\/sv\/wp-json\/wp\/v2\/product\/119960\/revisions"}],"wp:featuredmedia":[{"embeddable":true,"href":"https:\/\/com.rst-steel.eu\/sv\/wp-json\/wp\/v2\/media\/119958"}],"wp:attachment":[{"href":"https:\/\/com.rst-steel.eu\/sv\/wp-json\/wp\/v2\/media?parent=119960"}],"wp:term":[{"taxonomy":"make_fuel_type","embeddable":true,"href":"https:\/\/com.rst-steel.eu\/sv\/wp-json\/wp\/v2\/make_fuel_type?post=119960"},{"taxonomy":"make_model","embeddable":true,"href":"https:\/\/com.rst-steel.eu\/sv\/wp-json\/wp\/v2\/make_model?post=119960"},{"taxonomy":"make_brand","embeddable":true,"href":"https:\/\/com.rst-steel.eu\/sv\/wp-json\/wp\/v2\/make_brand?post=119960"},{"taxonomy":"make_year","embeddable":true,"href":"https:\/\/com.rst-steel.eu\/sv\/wp-json\/wp\/v2\/make_year?post=119960"},{"taxonomy":"pwb-brand","embeddable":true,"href":"https:\/\/com.rst-steel.eu\/sv\/wp-json\/wp\/v2\/pwb-brand?post=119960"},{"taxonomy":"product_brand","embeddable":true,"href":"https:\/\/com.rst-steel.eu\/sv\/wp-json\/wp\/v2\/product_brand?post=119960"},{"taxonomy":"product_cat","embeddable":true,"href":"https:\/\/com.rst-steel.eu\/sv\/wp-json\/wp\/v2\/product_cat?post=119960"},{"taxonomy":"product_tag","embeddable":true,"href":"https:\/\/com.rst-steel.eu\/sv\/wp-json\/wp\/v2\/product_tag?post=119960"}],"curies":[{"name":"wp","href":"https:\/\/api.w.org\/{rel}","templated":true}]}}