{"id":119932,"date":"2025-12-03T17:03:00","date_gmt":"2025-12-03T14:03:00","guid":{"rendered":"https:\/\/rst-steel.com\/product\/front-spoiler-bar-lowline-v12-scania-2005-2016_prm_65998\/"},"modified":"2026-03-16T09:13:40","modified_gmt":"2026-03-16T06:13:40","slug":"front-spoiler-bar-lowline-v12-scania-2005-2016_prm_65998","status":"publish","type":"product","link":"https:\/\/com.rst-steel.eu\/sv\/produkt\/front-spoiler-bar-lowline-v12-scania-2005-2016_prm_65998\/","title":{"rendered":"Front Spoiler Bar Lowline V12 Scania 2005-2016"},"content":{"rendered":"<p><strong>Front Spoiler Bar Lowline V12 Scania 2005-2016<\/strong><\/p>\n<ul>\n<li><\/li>\n<\/ul>\n<p>Front spoiler bar is a stylish accessory to protect the front bumper of your car. Hitting curbs, speed bumps or snow clods on the road can cause damage to the front of the car. Repairing the damage can be expensive and time-consuming. By preparing for these dangers, the journey continues with a safe mind and the business is secured in these respects.<\/p>\n<p>This front spoiler bar feature a 60 mm diameter, combined with a hand-finished design, ensuring durability for years rather than just a single season.<\/p>\n<p>I produkten ing\u00e5r en monteringssats i rostfritt st\u00e5l som \u00e4r s\u00e4rskilt anpassad f\u00f6r din bil, tillsammans med enkla installationsanvisningar.<\/p>\n<p><span style=\"font-weight: bold;\">Quick and easy installation!<\/span><\/p>\n<ul>\n<li><span style=\"font-weight: bold;\">\u00a0<\/span><\/li>\n<\/ul>\n<p><span style=\"font-weight: bold;\">Egenskaper:<\/span><\/p>\n<ul>\n<li>Compatibility: Fits Scania 2005-2016 models.<\/li>\n<\/ul>\n<ul>\n<li>H\u00e5llbarhet: Tillverkad av h\u00f6gkvalitativt rostfritt st\u00e5l som klarar de tuffaste f\u00f6rh\u00e5llanden.<\/li>\n<li>Easy Installation: Includes installation instructions and necessary hardware, ensuring you can install the front spoiler bars yourself.<\/li>\n<li>Snyggt utseende: Den h\u00e4r frontspoilern ger din lastbil ett modernt och dynamiskt utseende. Dess eleganta design och polerade eller pulverlackerade st\u00e5lfinish g\u00f6r att din lastbil sticker ut och ser imponerande ut.<\/li>\n<li>Maximalt skydd: Skyddar den fr\u00e4mre st\u00f6tf\u00e5ngaren fr\u00e5n bucklor, repor och andra skador, vilket f\u00f6rl\u00e4nger bilens livsl\u00e4ngd.<\/li>\n<li><\/li>\n<\/ul>\n<p><span style=\"font-weight: bold;\">Varf\u00f6r v\u00e4lja RST-Steel?<\/span><\/p>\n<ul>\n<li><span style=\"font-weight: bold;\">Tillverkad i Finland<\/span>\u00a0Alla v\u00e5ra produkter tillverkas i v\u00e5r egen produktionsanl\u00e4ggning i Nivala, Finland.<\/li>\n<li><span style=\"font-weight: bold;\">P\u00e5litlighet<\/span>: M\u00e5nga \u00e5rs erfarenhet och expertis s\u00e4kerst\u00e4ller den h\u00f6ga kvaliteten och h\u00e5llbarheten hos v\u00e5ra produkter.<\/li>\n<li><span style=\"font-weight: bold;\">Kundtillfredsst\u00e4llelse<\/span>: Tusentals n\u00f6jda kunder \u00f6ver hela v\u00e4rlden litar p\u00e5 RST-Steel-produkter.<\/li>\n<li><\/li>\n<\/ul>\n<p><span style=\"font-weight: bold;\">Teknisk information:<\/span><\/p>\n<ul>\n<li>F\u00e4rg: Polerat rostfritt st\u00e5l eller pulverlackerad med RAL-f\u00e4rger<\/li>\n<li>R\u00f6rdiameter: 60 mm<\/li>\n<li><\/li>\n<\/ul>\n<p><span style=\"font-weight: bold;\">Leveransinneh\u00e5ll:<\/span><\/p>\n<ul>\n<li>Frontb\u00e5ge<\/li>\n<li>Monteringsf\u00e4sten som beh\u00f6vs f\u00f6r installation<\/li>\n<li>Instruktioner f\u00f6r installation<\/li>\n<\/ul>","protected":false},"excerpt":{"rendered":"<p><span style=\"font-weight: bold;\">Available for both large and small bumpers!<\/span><\/p>","protected":false},"featured_media":26260,"comment_status":"open","ping_status":"closed","template":"","meta":{"_improvement_type_select":"improve_an_existing","_thumb_yes_seoaic":false,"_frame_yes_seoaic":false,"seoaic_generate_description":"","seoaic_improve_instructions_prompt":"","seoaic_rollback_content_improvement":"","seoaic_idea_thumbnail_generator":"","thumbnail_generated":false,"thumbnail_generate_prompt":"","seoaic_article_description":""},"make_fuel_type":[],"make_model":[5293,6872],"make_brand":[3744],"make_year":[3748],"pwb-brand":[8334],"product_brand":[],"product_cat":[6092,6093,7291],"product_tag":[8488],"class_list":{"0":"post-119932","1":"product","2":"type-product","3":"status-publish","4":"has-post-thumbnail","6":"make_engine-highline","7":"make_engine-scr-low-cab","8":"make_engine-normalcab","9":"make_model-scania-2005-2016","10":"make_model-scania-streamline","11":"make_brand-scania","12":"make_year-trucks","13":"pwb-brand-brand_rststeel","14":"product_cat-front-spoiler-bars","15":"product_cat-front-spoiler-bars-for-trucks","16":"product_cat-scania-ep-ka","17":"product_tag-scania","18":"product_shipping_class-lightbars","20":"first","21":"instock","22":"taxable","23":"shipping-taxable","24":"purchasable","25":"product-type-variable"},"yoast_head":"<!-- This site is optimized with the Yoast SEO plugin v25.7 - https:\/\/yoast.com\/wordpress\/plugins\/seo\/ -->\n<title>Front Spoiler Bar Lowline V12 Scania 2005-2016 - RST-Steel<\/title>\n<meta name=\"description\" content=\"High-quality Lowline model Front Spoiler Bar V12 for Scania 2005-2016 trucks. Made from stainless steel, capable of withstanding the toughest conditions.\" \/>\n<meta name=\"robots\" content=\"index, follow, max-snippet:-1, max-image-preview:large, max-video-preview:-1\" \/>\n<link rel=\"canonical\" href=\"https:\/\/com.rst-steel.eu\/sv\/produkt\/front-spoiler-bar-lowline-v12-scania-2005-2016_prm_65998\/\" \/>\n<meta property=\"og:locale\" content=\"sv_SE\" \/>\n<meta property=\"og:type\" content=\"article\" \/>\n<meta property=\"og:title\" content=\"Front Spoiler Bar Lowline V12 Scania 2005-2016 - RST-Steel\" \/>\n<meta property=\"og:description\" content=\"High-quality Lowline model Front Spoiler Bar V12 for Scania 2005-2016 trucks. Made from stainless steel, capable of withstanding the toughest conditions.\" \/>\n<meta property=\"og:url\" content=\"https:\/\/com.rst-steel.eu\/sv\/produkt\/front-spoiler-bar-lowline-v12-scania-2005-2016_prm_65998\/\" \/>\n<meta property=\"og:site_name\" content=\"RST-Steel\" \/>\n<meta property=\"article:publisher\" content=\"https:\/\/www.facebook.com\/rststeel\" \/>\n<meta property=\"article:modified_time\" content=\"2026-03-16T06:13:40+00:00\" \/>\n<meta property=\"og:image\" content=\"https:\/\/com.rst-steel.eu\/wp-content\/uploads\/2022\/12\/8bf079aa3713271f02816400700fd21a5762e3ea_100193.jpg\" \/>\n\t<meta property=\"og:image:width\" content=\"1888\" \/>\n\t<meta property=\"og:image:height\" content=\"985\" \/>\n\t<meta property=\"og:image:type\" content=\"image\/jpeg\" \/>\n<meta name=\"twitter:card\" content=\"summary_large_image\" \/>\n<meta name=\"twitter:label1\" content=\"Ber\u00e4knad l\u00e4stid\" \/>\n\t<meta name=\"twitter:data1\" content=\"2 minuter\" \/>\n<script type=\"application\/ld+json\" class=\"yoast-schema-graph\">{\"@context\":\"https:\/\/schema.org\",\"@graph\":[{\"@type\":\"WebPage\",\"@id\":\"https:\/\/com.rst-steel.eu\/nb\/produkt\/front-spoiler-bar-lowline-v12-scania-2005-2016_prm_65998\/\",\"url\":\"https:\/\/com.rst-steel.eu\/nb\/produkt\/front-spoiler-bar-lowline-v12-scania-2005-2016_prm_65998\/\",\"name\":\"Front Spoiler Bar Lowline V12 Scania 2005-2016 - RST-Steel\",\"isPartOf\":{\"@id\":\"https:\/\/com.rst-steel.eu\/#website\"},\"primaryImageOfPage\":{\"@id\":\"https:\/\/com.rst-steel.eu\/nb\/produkt\/front-spoiler-bar-lowline-v12-scania-2005-2016_prm_65998\/#primaryimage\"},\"image\":{\"@id\":\"https:\/\/com.rst-steel.eu\/nb\/produkt\/front-spoiler-bar-lowline-v12-scania-2005-2016_prm_65998\/#primaryimage\"},\"thumbnailUrl\":\"https:\/\/com.rst-steel.eu\/wp-content\/uploads\/2022\/12\/8bf079aa3713271f02816400700fd21a5762e3ea_100193.jpg\",\"datePublished\":\"2025-12-03T14:03:00+00:00\",\"dateModified\":\"2026-03-16T06:13:40+00:00\",\"description\":\"High-quality Lowline model Front Spoiler Bar V12 for Scania 2005-2016 trucks. Made from stainless steel, capable of withstanding the toughest conditions.\",\"breadcrumb\":{\"@id\":\"https:\/\/com.rst-steel.eu\/nb\/produkt\/front-spoiler-bar-lowline-v12-scania-2005-2016_prm_65998\/#breadcrumb\"},\"inLanguage\":\"sv-SE\",\"potentialAction\":[{\"@type\":\"ReadAction\",\"target\":[\"https:\/\/com.rst-steel.eu\/nb\/produkt\/front-spoiler-bar-lowline-v12-scania-2005-2016_prm_65998\/\"]}]},{\"@type\":\"ImageObject\",\"inLanguage\":\"sv-SE\",\"@id\":\"https:\/\/com.rst-steel.eu\/nb\/produkt\/front-spoiler-bar-lowline-v12-scania-2005-2016_prm_65998\/#primaryimage\",\"url\":\"https:\/\/com.rst-steel.eu\/wp-content\/uploads\/2022\/12\/8bf079aa3713271f02816400700fd21a5762e3ea_100193.jpg\",\"contentUrl\":\"https:\/\/com.rst-steel.eu\/wp-content\/uploads\/2022\/12\/8bf079aa3713271f02816400700fd21a5762e3ea_100193.jpg\",\"width\":1888,\"height\":985,\"caption\":\"Front Spoiler Bar Lowline V12 Scania 2005-2016\"},{\"@type\":\"BreadcrumbList\",\"@id\":\"https:\/\/com.rst-steel.eu\/nb\/produkt\/front-spoiler-bar-lowline-v12-scania-2005-2016_prm_65998\/#breadcrumb\",\"itemListElement\":[{\"@type\":\"ListItem\",\"position\":1,\"name\":\"Home\",\"item\":\"https:\/\/com.rst-steel.eu\/\"},{\"@type\":\"ListItem\",\"position\":2,\"name\":\"RST-Steel Shop\",\"item\":\"https:\/\/com.rst-steel.eu\/shop\/\"},{\"@type\":\"ListItem\",\"position\":3,\"name\":\"Front Spoiler Bar Lowline V12 Scania 2005-2016\"}]},{\"@type\":\"WebSite\",\"@id\":\"https:\/\/com.rst-steel.eu\/#website\",\"url\":\"https:\/\/com.rst-steel.eu\/\",\"name\":\"RST-Steel.com\",\"description\":\"Finnish quality steel, for quality-conscious drivers\",\"publisher\":{\"@id\":\"https:\/\/com.rst-steel.eu\/#organization\"},\"alternateName\":\"Safe and stylish RST-Steel quality\",\"potentialAction\":[{\"@type\":\"SearchAction\",\"target\":{\"@type\":\"EntryPoint\",\"urlTemplate\":\"https:\/\/com.rst-steel.eu\/?s={search_term_string}\"},\"query-input\":{\"@type\":\"PropertyValueSpecification\",\"valueRequired\":true,\"valueName\":\"search_term_string\"}}],\"inLanguage\":\"sv-SE\"},{\"@type\":\"Organization\",\"@id\":\"https:\/\/com.rst-steel.eu\/#organization\",\"name\":\"RST-Steel Oy\",\"url\":\"https:\/\/com.rst-steel.eu\/\",\"logo\":{\"@type\":\"ImageObject\",\"inLanguage\":\"sv-SE\",\"@id\":\"https:\/\/com.rst-steel.eu\/#\/schema\/logo\/image\/\",\"url\":\"https:\/\/com.rst-steel.eu\/wp-content\/uploads\/2023\/04\/cropped-Rst-logo-valkoinen-teksti-3.png\",\"contentUrl\":\"https:\/\/com.rst-steel.eu\/wp-content\/uploads\/2023\/04\/cropped-Rst-logo-valkoinen-teksti-3.png\",\"width\":512,\"height\":115,\"caption\":\"RST-Steel Oy\"},\"image\":{\"@id\":\"https:\/\/com.rst-steel.eu\/#\/schema\/logo\/image\/\"},\"sameAs\":[\"https:\/\/www.facebook.com\/rststeel\",\"https:\/\/www.instagram.com\/rststeeloy\/\"]}]}<\/script>\n<!-- \/ Yoast SEO plugin. -->","yoast_head_json":{"title":"Front Spoiler Bar Lowline V12 Scania 2005-2016 - RST-Steel","description":"High-quality Lowline model Front Spoiler Bar V12 for Scania 2005-2016 trucks. Made from stainless steel, capable of withstanding the toughest conditions.","robots":{"index":"index","follow":"follow","max-snippet":"max-snippet:-1","max-image-preview":"max-image-preview:large","max-video-preview":"max-video-preview:-1"},"canonical":"https:\/\/com.rst-steel.eu\/sv\/produkt\/front-spoiler-bar-lowline-v12-scania-2005-2016_prm_65998\/","og_locale":"sv_SE","og_type":"article","og_title":"Front Spoiler Bar Lowline V12 Scania 2005-2016 - RST-Steel","og_description":"High-quality Lowline model Front Spoiler Bar V12 for Scania 2005-2016 trucks. Made from stainless steel, capable of withstanding the toughest conditions.","og_url":"https:\/\/com.rst-steel.eu\/sv\/produkt\/front-spoiler-bar-lowline-v12-scania-2005-2016_prm_65998\/","og_site_name":"RST-Steel","article_publisher":"https:\/\/www.facebook.com\/rststeel","article_modified_time":"2026-03-16T06:13:40+00:00","og_image":[{"width":1888,"height":985,"url":"https:\/\/com.rst-steel.eu\/wp-content\/uploads\/2022\/12\/8bf079aa3713271f02816400700fd21a5762e3ea_100193.jpg","type":"image\/jpeg"}],"twitter_card":"summary_large_image","twitter_misc":{"Ber\u00e4knad l\u00e4stid":"2 minuter"},"schema":{"@context":"https:\/\/schema.org","@graph":[{"@type":"WebPage","@id":"https:\/\/com.rst-steel.eu\/nb\/produkt\/front-spoiler-bar-lowline-v12-scania-2005-2016_prm_65998\/","url":"https:\/\/com.rst-steel.eu\/nb\/produkt\/front-spoiler-bar-lowline-v12-scania-2005-2016_prm_65998\/","name":"Front Spoiler Bar Lowline V12 Scania 2005-2016 - RST-Steel","isPartOf":{"@id":"https:\/\/com.rst-steel.eu\/#website"},"primaryImageOfPage":{"@id":"https:\/\/com.rst-steel.eu\/nb\/produkt\/front-spoiler-bar-lowline-v12-scania-2005-2016_prm_65998\/#primaryimage"},"image":{"@id":"https:\/\/com.rst-steel.eu\/nb\/produkt\/front-spoiler-bar-lowline-v12-scania-2005-2016_prm_65998\/#primaryimage"},"thumbnailUrl":"https:\/\/com.rst-steel.eu\/wp-content\/uploads\/2022\/12\/8bf079aa3713271f02816400700fd21a5762e3ea_100193.jpg","datePublished":"2025-12-03T14:03:00+00:00","dateModified":"2026-03-16T06:13:40+00:00","description":"High-quality Lowline model Front Spoiler Bar V12 for Scania 2005-2016 trucks. Made from stainless steel, capable of withstanding the toughest conditions.","breadcrumb":{"@id":"https:\/\/com.rst-steel.eu\/nb\/produkt\/front-spoiler-bar-lowline-v12-scania-2005-2016_prm_65998\/#breadcrumb"},"inLanguage":"sv-SE","potentialAction":[{"@type":"ReadAction","target":["https:\/\/com.rst-steel.eu\/nb\/produkt\/front-spoiler-bar-lowline-v12-scania-2005-2016_prm_65998\/"]}]},{"@type":"ImageObject","inLanguage":"sv-SE","@id":"https:\/\/com.rst-steel.eu\/nb\/produkt\/front-spoiler-bar-lowline-v12-scania-2005-2016_prm_65998\/#primaryimage","url":"https:\/\/com.rst-steel.eu\/wp-content\/uploads\/2022\/12\/8bf079aa3713271f02816400700fd21a5762e3ea_100193.jpg","contentUrl":"https:\/\/com.rst-steel.eu\/wp-content\/uploads\/2022\/12\/8bf079aa3713271f02816400700fd21a5762e3ea_100193.jpg","width":1888,"height":985,"caption":"Front Spoiler Bar Lowline V12 Scania 2005-2016"},{"@type":"BreadcrumbList","@id":"https:\/\/com.rst-steel.eu\/nb\/produkt\/front-spoiler-bar-lowline-v12-scania-2005-2016_prm_65998\/#breadcrumb","itemListElement":[{"@type":"ListItem","position":1,"name":"Home","item":"https:\/\/com.rst-steel.eu\/"},{"@type":"ListItem","position":2,"name":"RST-Steel Shop","item":"https:\/\/com.rst-steel.eu\/shop\/"},{"@type":"ListItem","position":3,"name":"Front Spoiler Bar Lowline V12 Scania 2005-2016"}]},{"@type":"WebSite","@id":"https:\/\/com.rst-steel.eu\/#website","url":"https:\/\/com.rst-steel.eu\/","name":"RST-Stahl.com","description":"Finskt kvalitetsst\u00e5l, f\u00f6r kvalitetsmedvetna f\u00f6rare","publisher":{"@id":"https:\/\/com.rst-steel.eu\/#organization"},"alternateName":"Safe and stylish RST-Steel quality","potentialAction":[{"@type":"SearchAction","target":{"@type":"EntryPoint","urlTemplate":"https:\/\/com.rst-steel.eu\/?s={search_term_string}"},"query-input":{"@type":"PropertyValueSpecification","valueRequired":true,"valueName":"search_term_string"}}],"inLanguage":"sv-SE"},{"@type":"Organization","@id":"https:\/\/com.rst-steel.eu\/#organization","name":"RST-Steel Oy","url":"https:\/\/com.rst-steel.eu\/","logo":{"@type":"ImageObject","inLanguage":"sv-SE","@id":"https:\/\/com.rst-steel.eu\/#\/schema\/logo\/image\/","url":"https:\/\/com.rst-steel.eu\/wp-content\/uploads\/2023\/04\/cropped-Rst-logo-valkoinen-teksti-3.png","contentUrl":"https:\/\/com.rst-steel.eu\/wp-content\/uploads\/2023\/04\/cropped-Rst-logo-valkoinen-teksti-3.png","width":512,"height":115,"caption":"RST-Steel Oy"},"image":{"@id":"https:\/\/com.rst-steel.eu\/#\/schema\/logo\/image\/"},"sameAs":["https:\/\/www.facebook.com\/rststeel","https:\/\/www.instagram.com\/rststeeloy\/"]}]}},"brands":[{"id":8334,"name":"RST-Steel","slug":"brand_rststeel"}],"_links":{"self":[{"href":"https:\/\/com.rst-steel.eu\/sv\/wp-json\/wp\/v2\/product\/119932","targetHints":{"allow":["GET"]}}],"collection":[{"href":"https:\/\/com.rst-steel.eu\/sv\/wp-json\/wp\/v2\/product"}],"about":[{"href":"https:\/\/com.rst-steel.eu\/sv\/wp-json\/wp\/v2\/types\/product"}],"replies":[{"embeddable":true,"href":"https:\/\/com.rst-steel.eu\/sv\/wp-json\/wp\/v2\/comments?post=119932"}],"version-history":[{"count":0,"href":"https:\/\/com.rst-steel.eu\/sv\/wp-json\/wp\/v2\/product\/119932\/revisions"}],"wp:featuredmedia":[{"embeddable":true,"href":"https:\/\/com.rst-steel.eu\/sv\/wp-json\/wp\/v2\/media\/26260"}],"wp:attachment":[{"href":"https:\/\/com.rst-steel.eu\/sv\/wp-json\/wp\/v2\/media?parent=119932"}],"wp:term":[{"taxonomy":"make_fuel_type","embeddable":true,"href":"https:\/\/com.rst-steel.eu\/sv\/wp-json\/wp\/v2\/make_fuel_type?post=119932"},{"taxonomy":"make_model","embeddable":true,"href":"https:\/\/com.rst-steel.eu\/sv\/wp-json\/wp\/v2\/make_model?post=119932"},{"taxonomy":"make_brand","embeddable":true,"href":"https:\/\/com.rst-steel.eu\/sv\/wp-json\/wp\/v2\/make_brand?post=119932"},{"taxonomy":"make_year","embeddable":true,"href":"https:\/\/com.rst-steel.eu\/sv\/wp-json\/wp\/v2\/make_year?post=119932"},{"taxonomy":"pwb-brand","embeddable":true,"href":"https:\/\/com.rst-steel.eu\/sv\/wp-json\/wp\/v2\/pwb-brand?post=119932"},{"taxonomy":"product_brand","embeddable":true,"href":"https:\/\/com.rst-steel.eu\/sv\/wp-json\/wp\/v2\/product_brand?post=119932"},{"taxonomy":"product_cat","embeddable":true,"href":"https:\/\/com.rst-steel.eu\/sv\/wp-json\/wp\/v2\/product_cat?post=119932"},{"taxonomy":"product_tag","embeddable":true,"href":"https:\/\/com.rst-steel.eu\/sv\/wp-json\/wp\/v2\/product_tag?post=119932"}],"curies":[{"name":"wp","href":"https:\/\/api.w.org\/{rel}","templated":true}]}}